{"id":11962,"date":"2023-01-18T21:01:44","date_gmt":"2023-01-18T19:01:44","guid":{"rendered":"https:\/\/mmvilla.com\/manu-mykonos-villa-book-online\/"},"modified":"2026-02-03T05:03:09","modified_gmt":"2026-02-03T03:03:09","slug":"manu-mykonos-villa-online-buchen","status":"publish","type":"page","link":"https:\/\/mmvilla.com\/de\/manu-mykonos-villa-online-buchen\/","title":{"rendered":"Manu Mykonos Villa online buchen"},"content":{"rendered":"<p>[vc_row full_width=&#8221;stretch_row_content&#8221; gap=&#8221;&#8221; parallax=&#8221;content-moving&#8221; parallax_speed_bg=&#8221;&#8221; text_color=&#8221;#ffffff&#8221; css=&#8221;.vc_custom_1750145898553{padding-top: 0px !important;padding-bottom: 0px !important;}&#8221;][vc_column][vc_raw_html]JTNDJTIxLS0lMjBFbGZzaWdodCUyMEFubm91bmNlbWVudCUyMEJhciUyMCU3QyUyMEJFU1QlMjBSQVRFJTIwR1VBUkFOVEVFRCUyMC0tJTNFJTBBJTNDc2NyaXB0JTIwc3JjJTNEJTIyaHR0cHMlM0ElMkYlMkZzdGF0aWMuZWxmc2lnaHQuY29tJTJGcGxhdGZvcm0lMkZwbGF0Zm9ybS5qcyUyMiUyMGFzeW5jJTNFJTNDJTJGc2NyaXB0JTNFJTBBJTNDZGl2JTIwY2xhc3MlM0QlMjJlbGZzaWdodC1hcHAtOGFkZWNhZWYtN2ZiYi00MDgyLWFkNDgtNmI4MTFhNTE4Y2Q4JTIyJTIwZGF0YS1lbGZzaWdodC1hcHAtbGF6eSUzRSUzQyUyRmRpdiUzRQ==[\/vc_raw_html][\/vc_column][\/vc_row][vc_row full_width=&#8221;stretch_row_content&#8221; gap=&#8221;&#8221; parallax=&#8221;content-moving&#8221; parallax_speed_bg=&#8221;&#8221; text_color=&#8221;#ffffff&#8221; css=&#8221;.vc_custom_1760085370911{padding-right: 50px !important;padding-left: 50px !important;background-image: url(https:\/\/mmvilla.com\/wp-content\/uploads\/2025\/10\/mykonos-Manu-Villa.jpg?id=14755) !important;background-position: center;background-repeat: no-repeat !important;background-size: cover !important;}&#8221;][vc_column][vc_empty_space height=&#8221;20px&#8221; height2=&#8221;0px&#8221;][vc_empty_space height=&#8221;20px&#8221; height2=&#8221;0px&#8221;]<div class=\"heading-with-separator text-left id_169d4d33c64e771108619824   \"><div class=\"header-content\">\n\t\t\t<p class=\"h-subheading\"><\/p>\n\t\t\t<h4 class=\"heading  \" style=\"color: #000000; letter-spacing: 0px; \">ONLINE-RESERVIERUNGEN \u2013 SICHERN SIE SICH IHREN AUFENTHALT IM MAJESTIC MANU MYKONOS VILLA<\/h4><\/div><\/div><div class=\"custom-styles\" data-styles=\".id_169d4d33c64e771108619824 .heading-decorator-1:before, .id_169d4d33c64e771108619824 .heading-decorator-1:after { border-color: #000000}\"><\/div><div class=\"heading-with-separator text-left id_169d4d33c64edd1624764929  vc_custom_1760267299791  \"><div class=\"header-content\">\n\t\t\t<p class=\"h-subheading\"><\/p>\n\t\t\t<h5 class=\"heading  \" style=\"color: #000000; letter-spacing: 0px; \">Buchen Sie Ihr exklusives Villenerlebnis direkt \u00fcber unser offizielles Buchungssystem. Bei einer Direktbuchung profitieren Sie von den besten garantierten Preisen und einem pers\u00f6nlichen Service f\u00fcr einen unvergesslichen Aufenthalt.<\/h5><\/div><\/div><div class=\"custom-styles\" data-styles=\".id_169d4d33c64edd1624764929 .heading-decorator-1:before, .id_169d4d33c64edd1624764929 .heading-decorator-1:after { border-color: #000000}\"><\/div><div class=\"heading-with-separator text-left id_169d4d33c64f061859637771  vc_custom_1760267330154  \"><div class=\"header-content\">\n\t\t\t<p class=\"h-subheading\"><\/p>\n\t\t\t<h6 class=\"heading  heading-decorator-1\" style=\"color: #000000; letter-spacing: 0px; \">Unser Verf\u00fcgbarkeitskalender wird in Echtzeit aktualisiert \u2013 w\u00e4hlen Sie einfach Ihre Reisedaten und entscheiden Sie sich f\u00fcr Ihre bevorzugte Suite oder die gesamte Villa. Genie\u00dfen Sie anschlie\u00dfend den unvergleichlichen Komfort und die Privatsph\u00e4re, die das Erlebnis im Majestic Manu Mykonos auszeichnen. F\u00fcr Unterst\u00fctzung oder besondere W\u00fcnsche steht Ihnen unser engagiertes Team jederzeit gerne zur Verf\u00fcgung. Kontaktieren Sie uns jederzeit \u2013 wir freuen uns darauf, Ihren Aufenthalt auf Mykonos zu einem ganz besonderen Erlebnis zu machen.<\/h6><\/div><\/div><div class=\"custom-styles\" data-styles=\".id_169d4d33c64f061859637771 .heading-decorator-1:before, .id_169d4d33c64f061859637771 .heading-decorator-1:after { border-color: #000000}\"><\/div>[vc_empty_space height=&#8221;20px&#8221;][vc_raw_html]JTNDZGl2JTIwaWQlM0QlMjJhcGFydG1lbnRJZnJhbWVBbGwlMjIlM0UlMEElM0NzY3JpcHQlMjB0eXBlJTNEJTIydGV4dCUyRmphdmFzY3JpcHQlMjIlMjBzcmMlM0QlMjJodHRwcyUzQSUyRiUyRmxvZ2luLnNtb29idS5jb20lMkZqcyUyRlNldHRpbmdzJTJGQm9va2luZ1Rvb2xJZnJhbWUuanMlMjIlM0UlM0MlMkZzY3JpcHQlM0UlMEElM0NzY3JpcHQlM0VCb29raW5nVG9vbElmcmFtZS5pbml0aWFsaXplJTI4JTdCJTIydXJsJTIyJTNBJTIwJTIyaHR0cHMlM0ElMkYlMkZsb2dpbi5zbW9vYnUuY29tJTJGZW4lMkZib29raW5nLXRvb2wlMkZpZnJhbWUlMkYxMTIxOTA4JTIyJTJDJTIwJTIyYmFzZVVybCUyMiUzQSUyMCUyMmh0dHBzJTNBJTJGJTJGbG9naW4uc21vb2J1LmNvbSUyMiUyQyUyMCUyMnRhcmdldCUyMiUzQSUyMCUyMiUyM2FwYXJ0bWVudElmcmFtZUFsbCUyMiU3RCUyOSUzQyUyRnNjcmlwdCUzRSUwQSUzQyUyRmRpdiUzRSUwQQ==[\/vc_raw_html]<div class=\"heading-with-separator text-left id_169d4d33c64f251741966372  vc_custom_1760260336115  \"><div class=\"header-content\">\n\t\t\t<h5 class=\"h-subheading\"><\/h5>\n\t\t\t<h6 class=\"heading  \" style=\"color: #000000; letter-spacing: 0px; \">Zu Ihrer Bequemlichkeit sind die folgenden Daten nur zur Ansicht. Bitte beachten Sie, dass rot markierte Daten nicht buchbar sind. F\u00fcr direkte Buchung und Preisabfrage nutzen Sie bitte die obenstehende Buchungssuchmaschine.<\/h6><\/div><\/div><div class=\"custom-styles\" data-styles=\".id_169d4d33c64f251741966372 .heading-decorator-1:before, .id_169d4d33c64f251741966372 .heading-decorator-1:after { border-color: #000000}\"><\/div>[vc_empty_space height=&#8221;20px&#8221;][\/vc_column][\/vc_row][vc_row full_width=&#8221;stretch_row_content&#8221; gap=&#8221;&#8221; css=&#8221;.vc_custom_1760085405334{padding-right: 5px !important;padding-bottom: 40px !important;padding-left: 5px !important;}&#8221;][vc_column css=&#8221;.vc_custom_1759225630702{padding-right: 50px !important;padding-left: 50px !important;}&#8221;][vc_empty_space height=&#8221;20px&#8221;][vc_empty_space height=&#8221;20px&#8221;][vc_row_inner equal_height=&#8221;yes&#8221; css=&#8221;.vc_custom_1759225642601{padding-top: 0px !important;padding-bottom: 0px !important;}&#8221;][vc_column_inner width=&#8221;2\/3&#8243;]<div class=\"heading-with-separator text-left id_169d4d33c64f591035236559  vc_custom_1760631751275  \"><div class=\"header-content\">\n\t\t\t<p class=\"h-subheading\"><\/p>\n\t\t\t<h5 class=\"heading  \" style=\"color: #000000; letter-spacing: 0px; \">Luxusvilla Manu Mykonos<br \/>\n6 Schlafzimmer | 7 Badezimmer | bis zu 14 G\u00e4ste<\/h5><\/div><\/div><div class=\"custom-styles\" data-styles=\".id_169d4d33c64f591035236559 .heading-decorator-1:before, .id_169d4d33c64f591035236559 .heading-decorator-1:after { border-color: }\"><\/div><div class=\"btn-wrapper text-left id_169d4d33c64f7e2065600563   icon-left \" ><a href=\"https:\/\/mmvilla.com\/de\/manu-mykonos-the-entire-villa-2\/\" target='_blank' class=\"btn btn-lg btn-dark btn-solid\" data-btn-text=\"ERLEBT DAS MANU VILLA\">ERLEBT DAS MANU VILLA<\/a><\/div>[vc_raw_html]JTNDZGl2JTIwaWQlM0QlMjJzbW9vYnVBcGFydG1lbnQyNTM4MTEzZW4lMjIlMjBjbGFzcyUzRCUyMmNhbGVuZGFyV2lkZ2V0JTIyJTNFJTIwJTNDZGl2JTIwY2xhc3MlM0QlMjJjYWxlbmRhckNvbnRlbnQlMjIlMjBkYXRhLWxvYWQtY2FsZW5kYXItdXJsJTNEJTIyaHR0cHMlM0ElMkYlMkZsb2dpbi5zbW9vYnUuY29tJTJGZW4lMkZjb2NrcGl0JTJGd2lkZ2V0JTJGc2luZ2xlLWNhbGVuZGFyJTJGMjUzODExMyUyMiUyMGRhdGEtdmVyaWZpY2F0aW9uJTNEJTIyMzJlOGQxNzU4OGE4MzYzNjE5ODgzNjI0OTNmNDY2OGNiMzlkYTdiYTc5Mzc3N2IwYTBjZmI2MDlkNzcyNDY0YyUyMiUyMGRhdGEtYmFzZVVybCUzRCUyMmh0dHBzJTNBJTJGJTJGbG9naW4uc21vb2J1LmNvbSUyMiUyMGRhdGEtZGlzYWJsZS1jc3MlM0QlMjJmYWxzZSUyMiUyMCUzRSUzQyUyRmRpdiUzRSUyMCUzQ3NjcmlwdCUyMHR5cGUlM0QlMjJ0ZXh0JTJGamF2YXNjcmlwdCUyMiUyMHNyYyUzRCUyMmh0dHBzJTNBJTJGJTJGbG9naW4uc21vb2J1LmNvbSUyRmpzJTJGQXBhcnRtZW50JTJGQ2FsZW5kYXJXaWRnZXQuanMlMjIlM0UlM0MlMkZzY3JpcHQlM0UlM0MlMkZkaXYlM0U=[\/vc_raw_html][\/vc_column_inner][vc_column_inner width=&#8221;1\/3&#8243;][\/vc_column_inner][\/vc_row_inner][\/vc_column][\/vc_row]<\/p>","protected":false},"excerpt":{"rendered":"<p>[vc_row full_width=&#8221;stretch_row_content&#8221; gap=&#8221;&#8221; parallax=&#8221;content-moving&#8221; parallax_speed_bg=&#8221;&#8221; text_color=&#8221;#ffffff&#8221; css=&#8221;.vc_custom_1750145898553{padding-top: 0px !important;padding-bottom: 0px !important;}&#8221;][vc_column][vc_raw_html]JTNDJTIxLS0lMjBFbGZzaWdodCUyMEFubm91bmNlbWVudCUyMEJhciUyMCU3QyUyMEJFU1QlMjBSQVRFJTIwR1VBUkFOVEVFRCUyMC0tJTNFJTBBJTNDc2NyaXB0JTIwc3JjJTNEJTIyaHR0cHMlM0ElMkYlMkZzdGF0aWMuZWxmc2lnaHQuY29tJTJGcGxhdGZvcm0lMkZwbGF0Zm9ybS5qcyUyMiUyMGFzeW5jJTNFJTNDJTJGc2NyaXB0JTNFJTBBJTNDZGl2JTIwY2xhc3MlM0QlMjJlbGZzaWdodC1hcHAtOGFkZWNhZWYtN2ZiYi00MDgyLWFkNDgtNmI4MTFhNTE4Y2Q4JTIyJTIwZGF0YS1lbGZzaWdodC1hcHAtbGF6eSUzRSUzQyUyRmRpdiUzRQ==[\/vc_raw_html][\/vc_column][\/vc_row][vc_row full_width=&#8221;stretch_row_content&#8221; gap=&#8221;&#8221; parallax=&#8221;content-moving&#8221; parallax_speed_bg=&#8221;&#8221; text_color=&#8221;#ffffff&#8221; css=&#8221;.vc_custom_1760085370911{padding-right: 50px !important;padding-left: 50px !important;background-image: url(https:\/\/mmvilla.com\/wp-content\/uploads\/2025\/10\/mykonos-Manu-Villa.jpg?id=14755) !important;background-position: center;background-repeat: no-repeat !important;background-size: cover !important;}&#8221;][vc_column][vc_empty_space height=&#8221;20px&#8221; height2=&#8221;0px&#8221;][vc_empty_space height=&#8221;20px&#8221; height2=&#8221;0px&#8221;][vc_empty_space height=&#8221;20px&#8221;][vc_raw_html]JTNDZGl2JTIwaWQlM0QlMjJhcGFydG1lbnRJZnJhbWVBbGwlMjIlM0UlMEElM0NzY3JpcHQlMjB0eXBlJTNEJTIydGV4dCUyRmphdmFzY3JpcHQlMjIlMjBzcmMlM0QlMjJodHRwcyUzQSUyRiUyRmxvZ2luLnNtb29idS5jb20lMkZqcyUyRlNldHRpbmdzJTJGQm9va2luZ1Rvb2xJZnJhbWUuanMlMjIlM0UlM0MlMkZzY3JpcHQlM0UlMEElM0NzY3JpcHQlM0VCb29raW5nVG9vbElmcmFtZS5pbml0aWFsaXplJTI4JTdCJTIydXJsJTIyJTNBJTIwJTIyaHR0cHMlM0ElMkYlMkZsb2dpbi5zbW9vYnUuY29tJTJGZW4lMkZib29raW5nLXRvb2wlMkZpZnJhbWUlMkYxMTIxOTA4JTIyJTJDJTIwJTIyYmFzZVVybCUyMiUzQSUyMCUyMmh0dHBzJTNBJTJGJTJGbG9naW4uc21vb2J1LmNvbSUyMiUyQyUyMCUyMnRhcmdldCUyMiUzQSUyMCUyMiUyM2FwYXJ0bWVudElmcmFtZUFsbCUyMiU3RCUyOSUzQyUyRnNjcmlwdCUzRSUwQSUzQyUyRmRpdiUzRSUwQQ==[\/vc_raw_html][vc_empty_space height=&#8221;20px&#8221;][\/vc_column][\/vc_row][vc_row full_width=&#8221;stretch_row_content&#8221; gap=&#8221;&#8221; css=&#8221;.vc_custom_1760085405334{padding-right: 5px !important;padding-bottom: 40px !important;padding-left: 5px !important;}&#8221;][vc_column css=&#8221;.vc_custom_1759225630702{padding-right: 50px !important;padding-left: 50px !important;}&#8221;][vc_empty_space height=&#8221;20px&#8221;][vc_empty_space height=&#8221;20px&#8221;][vc_row_inner equal_height=&#8221;yes&#8221; css=&#8221;.vc_custom_1759225642601{padding-top: 0px !important;padding-bottom: 0px[&#8230;] <a href=\"https:\/\/mmvilla.com\/de\/manu-mykonos-villa-online-buchen\/\" class=\"more-link\">Continue reading<\/a><\/p>\n","protected":false},"author":2,"featured_media":0,"parent":0,"menu_order":0,"comment_status":"closed","ping_status":"closed","template":"","meta":{"footnotes":""},"class_list":["post-11962","page","type-page","status-publish","hentry"],"yoast_head":"<!-- This site is optimized with the Yoast SEO Premium plugin v23.5 (Yoast SEO v25.7) - https:\/\/yoast.com\/wordpress\/plugins\/seo\/ -->\n<title>Mykonos Manu Villa \u2013 Online buchen &amp; sofort sichern<\/title>\n<meta name=\"description\" content=\"Buchen Sie Ihre Manu-Luxusvilla in Mykonos online \u2013 Verf\u00fcgbarkeit pr\u00fcfen, sofort sichern &amp; unvergesslichen Aufenthalt erleben\" \/>\n<meta name=\"robots\" content=\"index, follow, max-snippet:-1, max-image-preview:large, max-video-preview:-1\" \/>\n<link rel=\"canonical\" href=\"https:\/\/mmvilla.com\/de\/manu-mykonos-villa-online-buchen\/\" \/>\n<meta property=\"og:locale\" content=\"de_DE\" \/>\n<meta property=\"og:type\" content=\"article\" \/>\n<meta property=\"og:title\" content=\"Manu Mykonos Villa online buchen\" \/>\n<meta property=\"og:description\" content=\"Buchen Sie Ihre Manu-Luxusvilla in Mykonos online \u2013 Verf\u00fcgbarkeit pr\u00fcfen, sofort sichern &amp; unvergesslichen Aufenthalt erleben\" \/>\n<meta property=\"og:url\" content=\"https:\/\/mmvilla.com\/de\/manu-mykonos-villa-online-buchen\/\" \/>\n<meta property=\"og:site_name\" content=\"Majestic Manu Mykonos \u2013 Private Villa, Premium Suites &amp; More\" \/>\n<meta property=\"article:publisher\" content=\"https:\/\/www.facebook.com\/p\/Quality-Brand-Villas-100039678235957\/\" \/>\n<meta property=\"article:modified_time\" content=\"2026-02-03T03:03:09+00:00\" \/>\n<meta name=\"twitter:card\" content=\"summary_large_image\" \/>\n<meta name=\"twitter:label1\" content=\"Gesch\u00e4tzte Lesezeit\" \/>\n\t<meta name=\"twitter:data1\" content=\"2\u00a0Minuten\" \/>\n<script type=\"application\/ld+json\" class=\"yoast-schema-graph\">{\"@context\":\"https:\/\/schema.org\",\"@graph\":[{\"@type\":\"WebPage\",\"@id\":\"https:\/\/mmvilla.com\/de\/manu-mykonos-villa-online-buchen\/\",\"url\":\"https:\/\/mmvilla.com\/de\/manu-mykonos-villa-online-buchen\/\",\"name\":\"Mykonos Manu Villa \u2013 Online buchen & sofort sichern\",\"isPartOf\":{\"@id\":\"https:\/\/mmvilla.com\/#website\"},\"datePublished\":\"2023-01-18T19:01:44+00:00\",\"dateModified\":\"2026-02-03T03:03:09+00:00\",\"description\":\"Buchen Sie Ihre Manu-Luxusvilla in Mykonos online \u2013 Verf\u00fcgbarkeit pr\u00fcfen, sofort sichern & unvergesslichen Aufenthalt erleben\",\"breadcrumb\":{\"@id\":\"https:\/\/mmvilla.com\/de\/manu-mykonos-villa-online-buchen\/#breadcrumb\"},\"inLanguage\":\"de\",\"potentialAction\":[{\"@type\":\"ReadAction\",\"target\":[\"https:\/\/mmvilla.com\/de\/manu-mykonos-villa-online-buchen\/\"]}]},{\"@type\":\"BreadcrumbList\",\"@id\":\"https:\/\/mmvilla.com\/de\/manu-mykonos-villa-online-buchen\/#breadcrumb\",\"itemListElement\":[{\"@type\":\"ListItem\",\"position\":1,\"name\":\"Home\",\"item\":\"https:\/\/mmvilla.com\/de\/\"},{\"@type\":\"ListItem\",\"position\":2,\"name\":\"Manu Mykonos Villa online buchen\"}]},{\"@type\":\"WebSite\",\"@id\":\"https:\/\/mmvilla.com\/#website\",\"url\":\"https:\/\/mmvilla.com\/\",\"name\":\"Manu Mykonos Villa\",\"description\":\"Mykonos Luxury Living, Perfected by Majestic Manu\",\"publisher\":{\"@id\":\"https:\/\/mmvilla.com\/#organization\"},\"alternateName\":\"MMVILLA\",\"potentialAction\":[{\"@type\":\"SearchAction\",\"target\":{\"@type\":\"EntryPoint\",\"urlTemplate\":\"https:\/\/mmvilla.com\/?s={search_term_string}\"},\"query-input\":{\"@type\":\"PropertyValueSpecification\",\"valueRequired\":true,\"valueName\":\"search_term_string\"}}],\"inLanguage\":\"de\"},{\"@type\":\"Organization\",\"@id\":\"https:\/\/mmvilla.com\/#organization\",\"name\":\"QB Villas\",\"url\":\"https:\/\/mmvilla.com\/\",\"logo\":{\"@type\":\"ImageObject\",\"inLanguage\":\"de\",\"@id\":\"https:\/\/mmvilla.com\/#\/schema\/logo\/image\/\",\"url\":\"https:\/\/mmvilla.com\/wp-content\/uploads\/2018\/12\/QUALITY-BRAND-LOGO-KEM-QBVILLAS.png\",\"contentUrl\":\"https:\/\/mmvilla.com\/wp-content\/uploads\/2018\/12\/QUALITY-BRAND-LOGO-KEM-QBVILLAS.png\",\"width\":487,\"height\":500,\"caption\":\"QB Villas\"},\"image\":{\"@id\":\"https:\/\/mmvilla.com\/#\/schema\/logo\/image\/\"},\"sameAs\":[\"https:\/\/www.facebook.com\/p\/Quality-Brand-Villas-100039678235957\/\",\"https:\/\/www.instagram.com\/qualitybrandvillas\/\",\"https:\/\/www.linkedin.com\/company\/quality-brand-villas\"]}]}<\/script>\n<!-- \/ Yoast SEO Premium plugin. -->","yoast_head_json":{"title":"Mykonos Manu Villa \u2013 Online buchen & sofort sichern","description":"Buchen Sie Ihre Manu-Luxusvilla in Mykonos online \u2013 Verf\u00fcgbarkeit pr\u00fcfen, sofort sichern & unvergesslichen Aufenthalt erleben","robots":{"index":"index","follow":"follow","max-snippet":"max-snippet:-1","max-image-preview":"max-image-preview:large","max-video-preview":"max-video-preview:-1"},"canonical":"https:\/\/mmvilla.com\/de\/manu-mykonos-villa-online-buchen\/","og_locale":"de_DE","og_type":"article","og_title":"Manu Mykonos Villa online buchen","og_description":"Buchen Sie Ihre Manu-Luxusvilla in Mykonos online \u2013 Verf\u00fcgbarkeit pr\u00fcfen, sofort sichern & unvergesslichen Aufenthalt erleben","og_url":"https:\/\/mmvilla.com\/de\/manu-mykonos-villa-online-buchen\/","og_site_name":"Majestic Manu Mykonos \u2013 Private Villa, Premium Suites &amp; More","article_publisher":"https:\/\/www.facebook.com\/p\/Quality-Brand-Villas-100039678235957\/","article_modified_time":"2026-02-03T03:03:09+00:00","twitter_card":"summary_large_image","twitter_misc":{"Gesch\u00e4tzte Lesezeit":"2\u00a0Minuten"},"schema":{"@context":"https:\/\/schema.org","@graph":[{"@type":"WebPage","@id":"https:\/\/mmvilla.com\/de\/manu-mykonos-villa-online-buchen\/","url":"https:\/\/mmvilla.com\/de\/manu-mykonos-villa-online-buchen\/","name":"Mykonos Manu Villa \u2013 Online buchen & sofort sichern","isPartOf":{"@id":"https:\/\/mmvilla.com\/#website"},"datePublished":"2023-01-18T19:01:44+00:00","dateModified":"2026-02-03T03:03:09+00:00","description":"Buchen Sie Ihre Manu-Luxusvilla in Mykonos online \u2013 Verf\u00fcgbarkeit pr\u00fcfen, sofort sichern & unvergesslichen Aufenthalt erleben","breadcrumb":{"@id":"https:\/\/mmvilla.com\/de\/manu-mykonos-villa-online-buchen\/#breadcrumb"},"inLanguage":"de","potentialAction":[{"@type":"ReadAction","target":["https:\/\/mmvilla.com\/de\/manu-mykonos-villa-online-buchen\/"]}]},{"@type":"BreadcrumbList","@id":"https:\/\/mmvilla.com\/de\/manu-mykonos-villa-online-buchen\/#breadcrumb","itemListElement":[{"@type":"ListItem","position":1,"name":"Home","item":"https:\/\/mmvilla.com\/de\/"},{"@type":"ListItem","position":2,"name":"Manu Mykonos Villa online buchen"}]},{"@type":"WebSite","@id":"https:\/\/mmvilla.com\/#website","url":"https:\/\/mmvilla.com\/","name":"Manu Mykonos Villa","description":"Mykonos Luxury Living, Perfected by Majestic Manu","publisher":{"@id":"https:\/\/mmvilla.com\/#organization"},"alternateName":"MMVILLA","potentialAction":[{"@type":"SearchAction","target":{"@type":"EntryPoint","urlTemplate":"https:\/\/mmvilla.com\/?s={search_term_string}"},"query-input":{"@type":"PropertyValueSpecification","valueRequired":true,"valueName":"search_term_string"}}],"inLanguage":"de"},{"@type":"Organization","@id":"https:\/\/mmvilla.com\/#organization","name":"QB Villas","url":"https:\/\/mmvilla.com\/","logo":{"@type":"ImageObject","inLanguage":"de","@id":"https:\/\/mmvilla.com\/#\/schema\/logo\/image\/","url":"https:\/\/mmvilla.com\/wp-content\/uploads\/2018\/12\/QUALITY-BRAND-LOGO-KEM-QBVILLAS.png","contentUrl":"https:\/\/mmvilla.com\/wp-content\/uploads\/2018\/12\/QUALITY-BRAND-LOGO-KEM-QBVILLAS.png","width":487,"height":500,"caption":"QB Villas"},"image":{"@id":"https:\/\/mmvilla.com\/#\/schema\/logo\/image\/"},"sameAs":["https:\/\/www.facebook.com\/p\/Quality-Brand-Villas-100039678235957\/","https:\/\/www.instagram.com\/qualitybrandvillas\/","https:\/\/www.linkedin.com\/company\/quality-brand-villas"]}]}},"_links":{"self":[{"href":"https:\/\/mmvilla.com\/de\/wp-json\/wp\/v2\/pages\/11962","targetHints":{"allow":["GET"]}}],"collection":[{"href":"https:\/\/mmvilla.com\/de\/wp-json\/wp\/v2\/pages"}],"about":[{"href":"https:\/\/mmvilla.com\/de\/wp-json\/wp\/v2\/types\/page"}],"author":[{"embeddable":true,"href":"https:\/\/mmvilla.com\/de\/wp-json\/wp\/v2\/users\/2"}],"replies":[{"embeddable":true,"href":"https:\/\/mmvilla.com\/de\/wp-json\/wp\/v2\/comments?post=11962"}],"version-history":[{"count":15,"href":"https:\/\/mmvilla.com\/de\/wp-json\/wp\/v2\/pages\/11962\/revisions"}],"predecessor-version":[{"id":15399,"href":"https:\/\/mmvilla.com\/de\/wp-json\/wp\/v2\/pages\/11962\/revisions\/15399"}],"wp:attachment":[{"href":"https:\/\/mmvilla.com\/de\/wp-json\/wp\/v2\/media?parent=11962"}],"curies":[{"name":"wp","href":"https:\/\/api.w.org\/{rel}","templated":true}]}}