{"id":11984,"date":"2025-06-06T15:13:36","date_gmt":"2025-06-06T12:13:36","guid":{"rendered":"https:\/\/mmvilla.com\/manu-mykonos-villa-services-2\/"},"modified":"2025-10-03T10:28:18","modified_gmt":"2025-10-03T07:28:18","slug":"manu-mykonos-villenservices","status":"publish","type":"page","link":"https:\/\/mmvilla.com\/de\/manu-mykonos-villenservices\/","title":{"rendered":"MANU MYKONOS VILLA Services"},"content":{"rendered":"<p>[vc_row full_width=&#8221;stretch_row_content&#8221; gap=&#8221;&#8221; parallax=&#8221;content-moving&#8221; parallax_image=&#8221;3603&#8243; overlay_color=&#8221;rgba(0,0,0,0.5)&#8221; text_color=&#8221;#ffffff&#8221; css=&#8221;.vc_custom_1759476122523{padding-top: 180px !important;padding-bottom: 180px !important;}&#8221;][vc_column]<div class=\"heading-with-separator text-center id_169d4ce9fa90441580841195   \"><div class=\"header-content\">\n\t\t\t<p class=\"h-subheading\">Manu Mykonos On-Demand-Services<\/p>\n\t\t\t<h1 class=\"heading  heading-decorator-4\" style=\"color: #ffffff; letter-spacing: 0px; \">Genie\u00dfen Sie Mykonos in vollen Z\u00fcgen<br \/>\n5-Sterne-Service &amp; luxuri\u00f6se Locations f\u00fcr das ultimative Inselerlebnis<\/h1><\/div><\/div><div class=\"custom-styles\" data-styles=\".id_169d4ce9fa90441580841195 .heading-decorator-1:before, .id_169d4ce9fa90441580841195 .heading-decorator-1:after { border-color: #ffffff}\"><\/div>[\/vc_column][\/vc_row][vc_row full_width=&#8221;stretch_row_content&#8221; gap=&#8221;&#8221; equal_height=&#8221;yes&#8221; content_placement=&#8221;middle&#8221; overlay_color=&#8221;rgba(255,255,255,0.71)&#8221; css=&#8221;.vc_custom_1759476265726{background-position: center !important;background-repeat: no-repeat !important;background-size: cover !important;}&#8221;][vc_column width=&#8221;2\/3&#8243;][vc_empty_space height=&#8221;64px&#8221; height2=&#8221;32px&#8221;]<div class=\"heading-with-separator text-left id_169d4ce9fa90921145172441  vc_custom_1759476219723  \"><div class=\"header-content\">\n\t\t\t<p class=\"h-subheading\"><\/p>\n\t\t\t<h2 class=\"heading  heading-decorator-1\" style=\"; letter-spacing: 0px; \">Genie\u00dfen Sie luxuri\u00f6se Privilegien<\/h2><\/div><\/div><div class=\"custom-styles\" data-styles=\".id_169d4ce9fa90921145172441 .heading-decorator-1:before, .id_169d4ce9fa90921145172441 .heading-decorator-1:after { border-color: #000000}\"><\/div>[vc_column_text css=&#8221;.vc_custom_1759476236056{padding-left: 10px !important;}&#8221;]<\/p>\n<p data-start=\"0\" data-end=\"342\">Unsere oberste Priorit\u00e4t ist es, sicherzustellen, dass jeder Aufenthalt in der <strong data-start=\"79\" data-end=\"101\">Manu Mykonos Villa<\/strong> nicht nur reibungslos und entspannend, sondern wirklich unvergesslich ist. Ob wir Ihre Bed\u00fcrfnisse erf\u00fcllen oder Ihre W\u00fcnsche \u2013 wir bieten au\u00dfergew\u00f6hnliche Villa-Services im Stil eines Luxushotels, die jeden Moment Ihres Urlaubs bereichern.<\/p>\n<p data-start=\"344\" data-end=\"760\" data-is-last-node=\"\" data-is-only-node=\"\">Unsere <strong data-start=\"351\" data-end=\"375\">Signature Collection<\/strong> an <strong data-start=\"379\" data-end=\"420\">5-Sterne-Services &amp; -Annehmlichkeiten<\/strong> \u2013 in exklusiver Zusammenarbeit mit <strong data-start=\"456\" data-end=\"480\">Quality Brand Villas<\/strong> \u2013 spiegelt unser Engagement f\u00fcr ma\u00dfgeschneiderte Gastfreundschaft wider. Kein Wunsch ist zu gro\u00df oder zu klein. Mit Professionalit\u00e4t, einer l\u00f6sungsorientierten Haltung und Leidenschaft f\u00fcr Exzellenz sorgen wir daf\u00fcr, dass Ihr Aufenthalt auf Mykonos zu etwas ganz Besonderem wird.<\/p>\n<p>[\/vc_column_text][vc_empty_space height2=&#8221;0px&#8221;][\/vc_column][vc_column width=&#8221;1\/3&#8243;][\/vc_column][\/vc_row][vc_row full_width=&#8221;stretch_row_content&#8221; gap=&#8221;&#8221; equal_height=&#8221;yes&#8221;][vc_column parallax_image=&#8221;3037&#8243; width=&#8221;1\/3&#8243; css=&#8221;.vc_custom_1759476324248{margin-top: 15px !important;margin-bottom: 15px !important;padding-top: 40px !important;padding-right: 40px !important;padding-bottom: 40px !important;padding-left: 40px !important;background-position: center !important;background-repeat: no-repeat !important;background-size: cover !important;}&#8221;][vc_empty_space height=&#8221;192px&#8221;]<div class=\"btn-wrapper text-center id_169d4ce9fa90c51411337499   icon-left \" ><a href=\"https:\/\/mmvilla.com\/de\/manu-mykonos-villa-privaten-kochservice\/\" target='_blank' class=\"btn btn-md btn-accent btn-solid\" data-btn-text=\"Mehr erfahren: Chef-Services &amp; Catering\">Mehr erfahren: Chef-Services &amp; Catering<\/a><\/div>[\/vc_column][vc_column parallax_image=&#8221;2864&#8243; width=&#8221;1\/3&#8243; css=&#8221;.vc_custom_1759476349340{margin-top: 15px !important;margin-bottom: 15px !important;padding-top: 40px !important;padding-right: 40px !important;padding-bottom: 40px !important;padding-left: 40px !important;}&#8221;][vc_empty_space height=&#8221;192px&#8221;]<div class=\"btn-wrapper text-center id_169d4ce9fa913b1440915876   icon-left \" ><a href=\"https:\/\/mmvilla.com\/de\/manu-mykonos-villa-hochzeit-honeymoon\/\" target='_blank' class=\"btn btn-md btn-accent btn-solid\" data-btn-text=\"Mehr erfahren: Hochzeiten &amp; besondere Anl\u00e4sse\">Mehr erfahren: Hochzeiten &amp; besondere Anl\u00e4sse<\/a><\/div>[\/vc_column][vc_column parallax_image=&#8221;3102&#8243; width=&#8221;1\/3&#8243; css=&#8221;.vc_custom_1759476388581{margin-top: 15px !important;margin-bottom: 15px !important;padding-top: 40px !important;padding-right: 40px !important;padding-bottom: 40px !important;padding-left: 40px !important;}&#8221;][vc_empty_space height=&#8221;192px&#8221;]<div class=\"btn-wrapper text-center id_169d4ce9fa916e406956795   icon-left \" ><a href=\"https:\/\/mmvilla.com\/de\/manu-mykonos-villa-yachts-jets-chauffeure-autos\/\" target='_blank' class=\"btn btn-md btn-accent btn-solid\" data-btn-text=\"Mehr erfahren: Mietwagen &amp; Yachting\">Mehr erfahren: Mietwagen &amp; Yachting<\/a><\/div>[\/vc_column][\/vc_row][vc_row full_width=&#8221;stretch_row_content&#8221; gap=&#8221;&#8221; equal_height=&#8221;yes&#8221;][vc_column width=&#8221;2\/3&#8243;][vc_empty_space height=&#8221;64px&#8221; height2=&#8221;32px&#8221;]<div class=\"heading-with-separator text-left id_169d4ce9fa919f1736522716  vc_custom_1759476469531  \"><div class=\"header-content\">\n\t\t\t<p class=\"h-subheading\"><\/p>\n\t\t\t<h3 class=\"heading  heading-decorator-1\" style=\"; letter-spacing: 0px; \">Au\u00dfergew\u00f6hnliche Services \u2013 unbegrenzte M\u00f6glichkeiten<\/h3><\/div><\/div><div class=\"custom-styles\" data-styles=\".id_169d4ce9fa919f1736522716 .heading-decorator-1:before, .id_169d4ce9fa919f1736522716 .heading-decorator-1:after { border-color: #000000}\"><\/div>[vc_column_text css=&#8221;.vc_custom_1759476489862{padding-left: 10px !important;}&#8221;]<\/p>\n<p data-start=\"0\" data-end=\"677\">Die <strong data-start=\"4\" data-end=\"33\">Manu Mykonos Luxury Villa<\/strong> ist darauf ausgelegt, jeden Wunsch anspruchsvoller Reisender zu erf\u00fcllen. Ein umfangreiches Angebot an <strong data-start=\"137\" data-end=\"182\">ma\u00dfgeschneiderten Boutique-Villa-Services<\/strong> macht Ihren Aufenthalt m\u00fchelos und rundum luxuri\u00f6s. Erleben Sie <strong data-start=\"247\" data-end=\"297\">personalisierten Concierge-Service auf Mykonos<\/strong>, genie\u00dfen Sie <strong data-start=\"312\" data-end=\"364\">Gourmetk\u00fcche mit Ihrem privaten Mykonos-Chefkoch<\/strong>, entspannen Sie bei <strong data-start=\"385\" data-end=\"421\">regenerierenden Spa-Behandlungen<\/strong> und vielem mehr \u2013 alles individuell auf Ihre W\u00fcnsche abgestimmt. Unser engagiertes Team k\u00fcmmert sich um jedes Detail, von Reservierungen und Transfers bis hin zu besonderen Anliegen, damit Sie die Insel vollkommen entspannt und stilvoll genie\u00dfen k\u00f6nnen.<\/p>\n<h3 data-start=\"679\" data-end=\"709\">Concierge &amp; VIP Services<\/h3>\n<p data-start=\"710\" data-end=\"1056\">Unser <strong data-start=\"716\" data-end=\"742\">24\/7-Concierge-Service<\/strong> \u00fcbernimmt alles f\u00fcr Sie. Ob private <strong data-start=\"779\" data-end=\"797\">Yacht-Ausfl\u00fcge<\/strong>, <strong data-start=\"799\" data-end=\"828\">VIP-Dinner-Reservierungen<\/strong> oder <strong data-start=\"834\" data-end=\"859\">gef\u00fchrte Insel-Touren<\/strong> \u2013 wir organisieren exklusive lokale Erlebnisse ganz nach Ihren Vorstellungen. Freuen Sie sich auf einen echten <strong data-start=\"971\" data-end=\"994\">Boutique-Aufenthalt<\/strong> mit White-Glove-Service und VIP-Erlebnis in jeder Hinsicht.<\/p>\n<h3 data-start=\"1058\" data-end=\"1088\">Privater Chef &amp; Catering<\/h3>\n<p data-start=\"1089\" data-end=\"1503\">Lassen Sie sich mit <strong data-start=\"1109\" data-end=\"1126\">Gourmet-Men\u00fcs<\/strong> verw\u00f6hnen, die von Ihrem <strong data-start=\"1152\" data-end=\"1191\">pers\u00f6nlichen Privatkoch auf Mykonos<\/strong> zubereitet werden. Ob Fr\u00fchst\u00fcck, Lunch oder ein festliches Dinner \u2013 professionelle K\u00f6che kreieren <strong data-start=\"1290\" data-end=\"1320\">individuelle Mehrgangmen\u00fcs<\/strong>, von griechischen Spezialit\u00e4ten bis zu internationaler K\u00fcche. F\u00fcr <strong data-start=\"1387\" data-end=\"1427\">besondere Anl\u00e4sse oder intime Feiern<\/strong> arrangieren wir gerne komplettes Catering oder exklusive In-Villa-Dinner.<\/p>\n<h3 data-start=\"1505\" data-end=\"1525\">Spa &amp; Wellness<\/h3>\n<p data-start=\"1526\" data-end=\"1931\">Genie\u00dfen Sie <strong data-start=\"1539\" data-end=\"1569\">luxuri\u00f6se Spa-Behandlungen<\/strong> direkt in Ihrer Villa. Unsere Spa-Services umfassen <strong data-start=\"1622\" data-end=\"1685\">Tiefengewebs-Massagen, Gesichtsbehandlungen, K\u00f6rperpeelings<\/strong> und ganzt\u00e4gige Spa-Pakete \u2013 durchgef\u00fchrt von erfahrenen Therapeuten. Erleben Sie <strong data-start=\"1767\" data-end=\"1813\">Aromatherapie, Sauna- oder Hammam-Sessions<\/strong> und weitere Wellness-Treatments in v\u00f6lliger Privatsph\u00e4re \u2013 ein echtes <strong data-start=\"1884\" data-end=\"1907\">Mykonos-Spa-Retreat<\/strong> direkt vor Ihrer T\u00fcr.<\/p>\n<h3 data-start=\"1933\" data-end=\"1960\">Transport &amp; Transfers<\/h3>\n<p data-start=\"1961\" data-end=\"2341\">Entdecken Sie die Insel ganz unkompliziert mit unserem <strong data-start=\"2016\" data-end=\"2051\">Mietwagen- und Chauffeurservice<\/strong>. Wir bieten <strong data-start=\"2064\" data-end=\"2107\">Luxusmietwagen und Limousinen-Transfers<\/strong> an, inklusive Abholung am Flughafen oder direkt an der Villa. Egal, ob Sie selbst fahren oder sich chauffieren lassen m\u00f6chten \u2013 wir organisieren alles, von <strong data-start=\"2264\" data-end=\"2286\">Flughafentransfers<\/strong> bis hin zu <strong data-start=\"2298\" data-end=\"2338\">romantischen Sonnenuntergangs-Touren<\/strong>.<\/p>\n<h3 data-start=\"2343\" data-end=\"2382\">Villa-Services &amp; Annehmlichkeiten<\/h3>\n<p data-start=\"2383\" data-end=\"2855\">Freuen Sie sich auf <strong data-start=\"2403\" data-end=\"2465\">24\/7-Villa-Personal und erstklassigen Housekeeping-Service<\/strong>. Dazu geh\u00f6ren <strong data-start=\"2480\" data-end=\"2549\">t\u00e4gliche Reinigung, W\u00e4sche- und B\u00fcgelservice, chemische Reinigung<\/strong> sowie auf Wunsch <strong data-start=\"2567\" data-end=\"2641\">Post- und Kurierdienst, Arzt auf Abruf oder private Sicherheitsdienste<\/strong>. Extras wie <strong data-start=\"2654\" data-end=\"2684\">frische Blumenarrangements<\/strong>, <strong data-start=\"2686\" data-end=\"2717\">Event- oder Ticketbuchungen<\/strong> und <strong data-start=\"2722\" data-end=\"2752\">individuelle Sonderw\u00fcnsche<\/strong> runden das Angebot ab, sodass Sie sich voll und ganz auf Ihre Auszeit im Luxus konzentrieren k\u00f6nnen.<\/p>\n<h6 data-start=\"2857\" data-end=\"3072\">Jeder Service wird mit <strong data-start=\"2880\" data-end=\"2934\">pers\u00f6nlicher Aufmerksamkeit und luxuri\u00f6sen Details<\/strong> umgesetzt \u2013 dem Markenzeichen unserer Boutique-Villa auf Mykonos \u2013 und garantiert ein <strong data-start=\"3021\" data-end=\"3071\">unvergessliches, erstklassiges Urlaubserlebnis<\/strong>.<\/h6>\n<p>[\/vc_column_text][vc_empty_space height2=&#8221;0px&#8221;][\/vc_column][vc_column width=&#8221;1\/3&#8243;][\/vc_column][\/vc_row]<\/p>","protected":false},"excerpt":{"rendered":"<p>[vc_row full_width=&#8221;stretch_row_content&#8221; gap=&#8221;&#8221; parallax=&#8221;content-moving&#8221; parallax_image=&#8221;3603&#8243; overlay_color=&#8221;rgba(0,0,0,0.5)&#8221; text_color=&#8221;#ffffff&#8221; css=&#8221;.vc_custom_1759476122523{padding-top: 180px !important;padding-bottom: 180px !important;}&#8221;][vc_column][\/vc_column][\/vc_row][vc_row full_width=&#8221;stretch_row_content&#8221; gap=&#8221;&#8221; equal_height=&#8221;yes&#8221; content_placement=&#8221;middle&#8221; overlay_color=&#8221;rgba(255,255,255,0.71)&#8221; css=&#8221;.vc_custom_1759476265726{background-position: center !important;background-repeat: no-repeat !important;background-size: cover !important;}&#8221;][vc_column width=&#8221;2\/3&#8243;][vc_empty_space height=&#8221;64px&#8221; height2=&#8221;32px&#8221;][vc_column_text css=&#8221;.vc_custom_1759476236056{padding-left: 10px !important;}&#8221;] Unsere oberste Priorit\u00e4t ist es, sicherzustellen, dass jeder Aufenthalt in der Manu Mykonos Villa nicht nur reibungslos und entspannend, sondern wirklich unvergesslich ist. Ob wir[&#8230;] <a href=\"https:\/\/mmvilla.com\/de\/manu-mykonos-villenservices\/\" class=\"more-link\">Continue reading<\/a><\/p>\n","protected":false},"author":2,"featured_media":0,"parent":0,"menu_order":0,"comment_status":"closed","ping_status":"closed","template":"","meta":{"footnotes":""},"class_list":["post-11984","page","type-page","status-publish","hentry"],"yoast_head":"<!-- This site is optimized with the Yoast SEO Premium plugin v23.5 (Yoast SEO v25.7) - https:\/\/yoast.com\/wordpress\/plugins\/seo\/ -->\n<title>Mykonos Villa Services \u2013 Luxus &amp; Concierge<\/title>\n<meta name=\"description\" content=\"Exklusive Villenservices in Mykonos: Concierge, privater Koch, Transfers &amp; mehr \u2013 individuell &amp; luxuri\u00f6s auf Ihre W\u00fcnsche abgestimmt\" \/>\n<meta name=\"robots\" content=\"index, follow, max-snippet:-1, max-image-preview:large, max-video-preview:-1\" \/>\n<link rel=\"canonical\" href=\"https:\/\/mmvilla.com\/de\/manu-mykonos-villenservices\/\" \/>\n<meta property=\"og:locale\" content=\"de_DE\" \/>\n<meta property=\"og:type\" content=\"article\" \/>\n<meta property=\"og:title\" content=\"MANU MYKONOS VILLA Services\" \/>\n<meta property=\"og:description\" content=\"Exklusive Villenservices in Mykonos: Concierge, privater Koch, Transfers &amp; mehr \u2013 individuell &amp; luxuri\u00f6s auf Ihre W\u00fcnsche abgestimmt\" \/>\n<meta property=\"og:url\" content=\"https:\/\/mmvilla.com\/de\/manu-mykonos-villenservices\/\" \/>\n<meta property=\"og:site_name\" content=\"Majestic Manu Mykonos \u2013 Private Villa, Premium Suites &amp; More\" \/>\n<meta property=\"article:publisher\" content=\"https:\/\/www.facebook.com\/p\/Quality-Brand-Villas-100039678235957\/\" \/>\n<meta property=\"article:modified_time\" content=\"2025-10-03T07:28:18+00:00\" \/>\n<meta name=\"twitter:card\" content=\"summary_large_image\" \/>\n<meta name=\"twitter:label1\" content=\"Gesch\u00e4tzte Lesezeit\" \/>\n\t<meta name=\"twitter:data1\" content=\"3\u00a0Minuten\" \/>\n<script type=\"application\/ld+json\" class=\"yoast-schema-graph\">{\"@context\":\"https:\/\/schema.org\",\"@graph\":[{\"@type\":\"WebPage\",\"@id\":\"https:\/\/mmvilla.com\/de\/manu-mykonos-villenservices\/\",\"url\":\"https:\/\/mmvilla.com\/de\/manu-mykonos-villenservices\/\",\"name\":\"Mykonos Villa Services \u2013 Luxus & Concierge\",\"isPartOf\":{\"@id\":\"https:\/\/mmvilla.com\/#website\"},\"datePublished\":\"2025-06-06T12:13:36+00:00\",\"dateModified\":\"2025-10-03T07:28:18+00:00\",\"description\":\"Exklusive Villenservices in Mykonos: Concierge, privater Koch, Transfers & mehr \u2013 individuell & luxuri\u00f6s auf Ihre W\u00fcnsche abgestimmt\",\"breadcrumb\":{\"@id\":\"https:\/\/mmvilla.com\/de\/manu-mykonos-villenservices\/#breadcrumb\"},\"inLanguage\":\"de\",\"potentialAction\":[{\"@type\":\"ReadAction\",\"target\":[\"https:\/\/mmvilla.com\/de\/manu-mykonos-villenservices\/\"]}]},{\"@type\":\"BreadcrumbList\",\"@id\":\"https:\/\/mmvilla.com\/de\/manu-mykonos-villenservices\/#breadcrumb\",\"itemListElement\":[{\"@type\":\"ListItem\",\"position\":1,\"name\":\"Home\",\"item\":\"https:\/\/mmvilla.com\/de\/\"},{\"@type\":\"ListItem\",\"position\":2,\"name\":\"MANU MYKONOS VILLA Services\"}]},{\"@type\":\"WebSite\",\"@id\":\"https:\/\/mmvilla.com\/#website\",\"url\":\"https:\/\/mmvilla.com\/\",\"name\":\"Manu Mykonos Villa\",\"description\":\"Mykonos Luxury Living, Perfected by Majestic Manu\",\"publisher\":{\"@id\":\"https:\/\/mmvilla.com\/#organization\"},\"alternateName\":\"MMVILLA\",\"potentialAction\":[{\"@type\":\"SearchAction\",\"target\":{\"@type\":\"EntryPoint\",\"urlTemplate\":\"https:\/\/mmvilla.com\/?s={search_term_string}\"},\"query-input\":{\"@type\":\"PropertyValueSpecification\",\"valueRequired\":true,\"valueName\":\"search_term_string\"}}],\"inLanguage\":\"de\"},{\"@type\":\"Organization\",\"@id\":\"https:\/\/mmvilla.com\/#organization\",\"name\":\"QB Villas\",\"url\":\"https:\/\/mmvilla.com\/\",\"logo\":{\"@type\":\"ImageObject\",\"inLanguage\":\"de\",\"@id\":\"https:\/\/mmvilla.com\/#\/schema\/logo\/image\/\",\"url\":\"https:\/\/mmvilla.com\/wp-content\/uploads\/2018\/12\/QUALITY-BRAND-LOGO-KEM-QBVILLAS.png\",\"contentUrl\":\"https:\/\/mmvilla.com\/wp-content\/uploads\/2018\/12\/QUALITY-BRAND-LOGO-KEM-QBVILLAS.png\",\"width\":487,\"height\":500,\"caption\":\"QB Villas\"},\"image\":{\"@id\":\"https:\/\/mmvilla.com\/#\/schema\/logo\/image\/\"},\"sameAs\":[\"https:\/\/www.facebook.com\/p\/Quality-Brand-Villas-100039678235957\/\",\"https:\/\/www.instagram.com\/qualitybrandvillas\/\",\"https:\/\/www.linkedin.com\/company\/quality-brand-villas\"]}]}<\/script>\n<!-- \/ Yoast SEO Premium plugin. -->","yoast_head_json":{"title":"Mykonos Villa Services \u2013 Luxus & Concierge","description":"Exklusive Villenservices in Mykonos: Concierge, privater Koch, Transfers & mehr \u2013 individuell & luxuri\u00f6s auf Ihre W\u00fcnsche abgestimmt","robots":{"index":"index","follow":"follow","max-snippet":"max-snippet:-1","max-image-preview":"max-image-preview:large","max-video-preview":"max-video-preview:-1"},"canonical":"https:\/\/mmvilla.com\/de\/manu-mykonos-villenservices\/","og_locale":"de_DE","og_type":"article","og_title":"MANU MYKONOS VILLA Services","og_description":"Exklusive Villenservices in Mykonos: Concierge, privater Koch, Transfers & mehr \u2013 individuell & luxuri\u00f6s auf Ihre W\u00fcnsche abgestimmt","og_url":"https:\/\/mmvilla.com\/de\/manu-mykonos-villenservices\/","og_site_name":"Majestic Manu Mykonos \u2013 Private Villa, Premium Suites &amp; More","article_publisher":"https:\/\/www.facebook.com\/p\/Quality-Brand-Villas-100039678235957\/","article_modified_time":"2025-10-03T07:28:18+00:00","twitter_card":"summary_large_image","twitter_misc":{"Gesch\u00e4tzte Lesezeit":"3\u00a0Minuten"},"schema":{"@context":"https:\/\/schema.org","@graph":[{"@type":"WebPage","@id":"https:\/\/mmvilla.com\/de\/manu-mykonos-villenservices\/","url":"https:\/\/mmvilla.com\/de\/manu-mykonos-villenservices\/","name":"Mykonos Villa Services \u2013 Luxus & Concierge","isPartOf":{"@id":"https:\/\/mmvilla.com\/#website"},"datePublished":"2025-06-06T12:13:36+00:00","dateModified":"2025-10-03T07:28:18+00:00","description":"Exklusive Villenservices in Mykonos: Concierge, privater Koch, Transfers & mehr \u2013 individuell & luxuri\u00f6s auf Ihre W\u00fcnsche abgestimmt","breadcrumb":{"@id":"https:\/\/mmvilla.com\/de\/manu-mykonos-villenservices\/#breadcrumb"},"inLanguage":"de","potentialAction":[{"@type":"ReadAction","target":["https:\/\/mmvilla.com\/de\/manu-mykonos-villenservices\/"]}]},{"@type":"BreadcrumbList","@id":"https:\/\/mmvilla.com\/de\/manu-mykonos-villenservices\/#breadcrumb","itemListElement":[{"@type":"ListItem","position":1,"name":"Home","item":"https:\/\/mmvilla.com\/de\/"},{"@type":"ListItem","position":2,"name":"MANU MYKONOS VILLA Services"}]},{"@type":"WebSite","@id":"https:\/\/mmvilla.com\/#website","url":"https:\/\/mmvilla.com\/","name":"Manu Mykonos Villa","description":"Mykonos Luxury Living, Perfected by Majestic Manu","publisher":{"@id":"https:\/\/mmvilla.com\/#organization"},"alternateName":"MMVILLA","potentialAction":[{"@type":"SearchAction","target":{"@type":"EntryPoint","urlTemplate":"https:\/\/mmvilla.com\/?s={search_term_string}"},"query-input":{"@type":"PropertyValueSpecification","valueRequired":true,"valueName":"search_term_string"}}],"inLanguage":"de"},{"@type":"Organization","@id":"https:\/\/mmvilla.com\/#organization","name":"QB Villas","url":"https:\/\/mmvilla.com\/","logo":{"@type":"ImageObject","inLanguage":"de","@id":"https:\/\/mmvilla.com\/#\/schema\/logo\/image\/","url":"https:\/\/mmvilla.com\/wp-content\/uploads\/2018\/12\/QUALITY-BRAND-LOGO-KEM-QBVILLAS.png","contentUrl":"https:\/\/mmvilla.com\/wp-content\/uploads\/2018\/12\/QUALITY-BRAND-LOGO-KEM-QBVILLAS.png","width":487,"height":500,"caption":"QB Villas"},"image":{"@id":"https:\/\/mmvilla.com\/#\/schema\/logo\/image\/"},"sameAs":["https:\/\/www.facebook.com\/p\/Quality-Brand-Villas-100039678235957\/","https:\/\/www.instagram.com\/qualitybrandvillas\/","https:\/\/www.linkedin.com\/company\/quality-brand-villas"]}]}},"_links":{"self":[{"href":"https:\/\/mmvilla.com\/de\/wp-json\/wp\/v2\/pages\/11984","targetHints":{"allow":["GET"]}}],"collection":[{"href":"https:\/\/mmvilla.com\/de\/wp-json\/wp\/v2\/pages"}],"about":[{"href":"https:\/\/mmvilla.com\/de\/wp-json\/wp\/v2\/types\/page"}],"author":[{"embeddable":true,"href":"https:\/\/mmvilla.com\/de\/wp-json\/wp\/v2\/users\/2"}],"replies":[{"embeddable":true,"href":"https:\/\/mmvilla.com\/de\/wp-json\/wp\/v2\/comments?post=11984"}],"version-history":[{"count":8,"href":"https:\/\/mmvilla.com\/de\/wp-json\/wp\/v2\/pages\/11984\/revisions"}],"predecessor-version":[{"id":13615,"href":"https:\/\/mmvilla.com\/de\/wp-json\/wp\/v2\/pages\/11984\/revisions\/13615"}],"wp:attachment":[{"href":"https:\/\/mmvilla.com\/de\/wp-json\/wp\/v2\/media?parent=11984"}],"curies":[{"name":"wp","href":"https:\/\/api.w.org\/{rel}","templated":true}]}}