{"id":11985,"date":"2024-10-21T21:00:29","date_gmt":"2024-10-21T18:00:29","guid":{"rendered":"https:\/\/mmvilla.com\/manu-mykonos-villa-chef-service\/"},"modified":"2025-10-03T20:59:23","modified_gmt":"2025-10-03T17:59:23","slug":"manu-mykonos-villa-privaten-kochservice","status":"publish","type":"page","link":"https:\/\/mmvilla.com\/de\/manu-mykonos-villa-privaten-kochservice\/","title":{"rendered":"MANU MYKONOS VILLA chef service"},"content":{"rendered":"<p>[vc_row full_width=&#8221;stretch_row&#8221; gap=&#8221;&#8221; content_placement=&#8221;top&#8221; parallax=&#8221;content-moving&#8221; parallax_image=&#8221;3027&#8243; overlay_color=&#8221;rgba(0,0,0,0.6)&#8221; text_color=&#8221;#ffffff&#8221; css=&#8221;.vc_custom_1729536645979{padding-top: 240px !important;padding-bottom: 240px !important;}&#8221;][vc_column width=&#8221;1\/4&#8243;][\/vc_column][vc_column width=&#8221;3\/4&#8243;]<div class=\"heading-with-separator text-center id_169d4da23e7fa41779727181   \"><div class=\"header-content\">\n\t\t\t<p class=\"h-subheading\">FOLGEN SIE DEM NEUESTEN URLAUBSTREND<\/p>\n\t\t\t<h2 class=\"heading  heading-decorator-4\" style=\"; letter-spacing: 0px; \">Privater chef-service &amp; catering<\/h2><\/div><\/div><div class=\"custom-styles\" data-styles=\".id_169d4da23e7fa41779727181 .heading-decorator-1:before, .id_169d4da23e7fa41779727181 .heading-decorator-1:after { border-color: }\"><\/div>[\/vc_column][\/vc_row][vc_row full_width=&#8221;stretch_row_content&#8221; gap=&#8221;&#8221; parallax_image=&#8221;8266&#8243; css=&#8221;.vc_custom_1729536757775{padding-top: 80px !important;padding-bottom: 80px !important;}&#8221;][vc_column width=&#8221;1\/12&#8243;][\/vc_column][vc_column width=&#8221;1\/3&#8243;][vc_column_text]<\/p>\n<h5>IN ZUSAMMENARBEIT MIT QUALITY BRAND VILLAS<\/h5>\n<p>[\/vc_column_text][vc_single_image image=&#8221;8966&#8243; img_size=&#8221;150 x 150&#8243; onclick=&#8221;custom_link&#8221; img_link_target=&#8221;_blank&#8221; link=&#8221;http:\/\/qbvillas.com&#8221;][\/vc_column][vc_column width=&#8221;1\/12&#8243;][\/vc_column][vc_column width=&#8221;1\/2&#8243;][vc_column_text]<\/p>\n<h5>INHOUSE PRIVATKOCH &amp; SERVICEPERSONAL<\/h5>\n<p>[\/vc_column_text][vc_column_text]<strong>FOLGEN SIE DEM NEUESTEN URLAUBSTREND<\/strong><\/p>\n<p>Cocktail- und Getr\u00e4nkeservice, lokale und internationale K\u00fcche, Mittagessen am Pool, Spezialtorten, Catering-Pakete inklusive Fr\u00fchst\u00fcck, Mittag- und Abendessen sowie Inhouse-Kochkurse und Kochvorf\u00fchrungen.[\/vc_column_text][\/vc_column][\/vc_row][vc_row full_width=&#8221;stretch_row_content_no_spaces&#8221; gap=&#8221;&#8221; equal_height=&#8221;yes&#8221; content_placement=&#8221;middle&#8221; parallax_image=&#8221;8296&#8243; css=&#8221;.vc_custom_1729529859940{padding-top: 0px !important;padding-bottom: 0px !important;}&#8221;][vc_column parallax_image=&#8221;8266&#8243; width=&#8221;1\/3&#8243; css=&#8221;.vc_custom_1729533743331{background-color: #f5f5f5 !important;}&#8221; el_class=&#8221;z-index-up&#8221;][vc_empty_space height=&#8221;120px&#8221; height2=&#8221;0&#8243; css=&#8221;.vc_custom_1545314682944{padding-right: 40px !important;padding-left: 40px !important;}&#8221;]<div class=\"heading-with-separator text-center id_169d4da23e7ffa1429640955  vc_custom_1759514193767  offset-right-lg\"><div class=\"header-content\">\n\t\t\t<p class=\"h-subheading\"><\/p>\n\t\t\t<h3 class=\"heading  heading-decorator-1\" style=\"; letter-spacing: 0px; \">NUR KOMFORT, KEINE REINIGUNG NACHHER<\/h3><\/div><\/div><div class=\"custom-styles\" data-styles=\".id_169d4da23e7ffa1429640955 .heading-decorator-1:before, .id_169d4da23e7ffa1429640955 .heading-decorator-1:after { border-color: #000000}\"><\/div>[vc_single_image image=&#8221;13703&#8243; img_size=&#8221;705 x 321&#8243; alignment=&#8221;center&#8221; el_class=&#8221;vc_hidden-md vc_hidden-lg&#8221;][vc_column_text css=&#8221;.vc_custom_1759514235524{padding-right: 40px !important;padding-bottom: 60px !important;padding-left: 40px !important;background-color: #ffffff !important;}&#8221; el_class=&#8221;offset-right-lg&#8221;]<\/p>\n<h6>EINE G\u00d6TTLICHE ERFAHRUNG MIT IHREM PRIVATKOCH<\/h6>\n<p>Der Koch gestaltet das Men\u00fc gemeinsam mit Ihnen und unterst\u00fctzt Sie mit Ideen und Empfehlungen.<br data-start=\"143\" data-end=\"146\" \/>Ob <strong data-start=\"149\" data-end=\"172\">Familien-Grillabend<\/strong>, <strong data-start=\"174\" data-end=\"195\">Champagner-Brunch<\/strong> oder <strong data-start=\"201\" data-end=\"216\">Sushi-Party<\/strong> \u2013 unser Team sorgt daf\u00fcr, dass alles <strong data-start=\"254\" data-end=\"292\">\u00fcber jede Erwartung hinaus perfekt<\/strong> wird.[\/vc_column_text][vc_empty_space height=&#8221;120px&#8221; height2=&#8221;0&#8243;][\/vc_column][vc_column parallax=&#8221;content-moving&#8221; parallax_image=&#8221;3070&#8243; width=&#8221;2\/3&#8243; css=&#8221;.vc_custom_1729533048510{background-position: center !important;background-repeat: no-repeat !important;background-size: cover !important;}&#8221; el_class=&#8221;vc_hidden-xs vc_hidden-sm&#8221;][\/vc_column][\/vc_row][vc_row full_width=&#8221;stretch_row_content_no_spaces&#8221; gap=&#8221;&#8221; equal_height=&#8221;yes&#8221; content_placement=&#8221;middle&#8221;][vc_column parallax=&#8221;content-moving&#8221; parallax_image=&#8221;3027&#8243; width=&#8221;2\/3&#8243; css=&#8221;.vc_custom_1729533547222{background-position: center !important;background-repeat: no-repeat !important;background-size: cover !important;}&#8221; el_class=&#8221;vc_hidden-xs vc_hidden-sm&#8221;][\/vc_column][vc_column parallax_image=&#8221;8266&#8243; width=&#8221;1\/3&#8243; css=&#8221;.vc_custom_1729533764586{background-color: #f5f5f5 !important;}&#8221;][vc_empty_space height=&#8221;120px&#8221; height2=&#8221;0&#8243; css=&#8221;.vc_custom_1545314682944{padding-right: 40px !important;padding-left: 40px !important;}&#8221;]<div class=\"heading-with-separator text-center id_169d4da23e802f1799801127  vc_custom_1759514262774  offset-left-lg\"><div class=\"header-content\">\n\t\t\t<p class=\"h-subheading\"><\/p>\n\t\t\t<h3 class=\"heading  heading-decorator-1\" style=\"; letter-spacing: 0px; \">PRIVATE FEIERN &amp; EVENTS<\/h3><\/div><\/div><div class=\"custom-styles\" data-styles=\".id_169d4da23e802f1799801127 .heading-decorator-1:before, .id_169d4da23e802f1799801127 .heading-decorator-1:after { border-color: #000000}\"><\/div>[vc_single_image image=&#8221;13688&#8243; img_size=&#8221;705 x 321&#8243; alignment=&#8221;center&#8221; el_class=&#8221;vc_hidden-md vc_hidden-lg&#8221;][vc_column_text css=&#8221;.vc_custom_1759514288256{padding-right: 40px !important;padding-bottom: 60px !important;padding-left: 40px !important;background-color: #ffffff !important;}&#8221; el_class=&#8221;offset-left-lg&#8221;]<\/p>\n<h6>ERLEBEN SIE PERSONALISIERTE CHEF-SERVICES<\/h6>\n<p>Personalisierte Torten \u2013 Villendekoration \u2013 Tischdekoration \u2013 Gek\u00fchlter Champagner, der bereits auf Sie wartet.<br data-start=\"155\" data-end=\"158\" \/>Der Koch erstellt das Men\u00fc gemeinsam mit Ihnen und bietet Inspiration sowie fachkundige Beratung. Wir k\u00fcmmern uns um jedes Detail Ihres Urlaubs, damit er <strong data-start=\"312\" data-end=\"339\">angenehm und stressfrei<\/strong> verl\u00e4uft. Genie\u00dfen Sie <strong data-start=\"363\" data-end=\"409\">Komfort und ma\u00dfgeschneiderte Chef-Services<\/strong> in der Privatsph\u00e4re Ihrer Villa.[\/vc_column_text][vc_empty_space height=&#8221;120px&#8221; height2=&#8221;0&#8243;][\/vc_column][\/vc_row][vc_row full_width=&#8221;stretch_row_content_no_spaces&#8221; gap=&#8221;&#8221; equal_height=&#8221;yes&#8221; content_placement=&#8221;middle&#8221;][vc_column parallax_image=&#8221;8266&#8243; width=&#8221;1\/3&#8243; css=&#8221;.vc_custom_1729533784537{background-color: #f5f5f5 !important;}&#8221; el_class=&#8221;z-index-up&#8221;][vc_empty_space height=&#8221;120px&#8221; height2=&#8221;0&#8243; css=&#8221;.vc_custom_1545314682944{padding-right: 40px !important;padding-left: 40px !important;}&#8221;]<div class=\"heading-with-separator text-center id_169d4da23e80601263392979  vc_custom_1759514316718  offset-right-lg\"><div class=\"header-content\">\n\t\t\t<p class=\"h-subheading\"><\/p>\n\t\t\t<h3 class=\"heading  heading-decorator-1\" style=\"; letter-spacing: 0px; \">5-STERNE-URLAUB<br \/>\n&amp; CATERING VOR ORT!<\/h3><\/div><\/div><div class=\"custom-styles\" data-styles=\".id_169d4da23e80601263392979 .heading-decorator-1:before, .id_169d4da23e80601263392979 .heading-decorator-1:after { border-color: #000000}\"><\/div>[vc_single_image image=&#8221;13695&#8243; img_size=&#8221;705 x 321&#8243; alignment=&#8221;center&#8221; el_class=&#8221;vc_hidden-md vc_hidden-lg&#8221;][vc_column_text css=&#8221;.vc_custom_1759514353272{padding-right: 40px !important;padding-bottom: 60px !important;padding-left: 40px !important;background-color: #ffffff !important;}&#8221; el_class=&#8221;offset-right-lg&#8221;]<\/p>\n<h6>EINFACH, MASSGESCHNEIDERT AUF IHRE W\u00dcNSCHE<\/h6>\n<p>Wir arbeiten mit einer Vielzahl von Caterern zusammen, die sich auf <strong data-start=\"113\" data-end=\"143\">frische, k\u00f6stliche Speisen<\/strong> und <strong data-start=\"148\" data-end=\"177\">kosteneffizienten Service<\/strong> spezialisieren.<br data-start=\"193\" data-end=\"196\" \/>W\u00e4hlen Sie aus unseren <strong data-start=\"219\" data-end=\"235\">festen Men\u00fcs<\/strong> oder gestalten Sie Ihr Men\u00fc ganz nach Wunsch \u2013 <strong data-start=\"283\" data-end=\"318\">elegant, leger oder extravagant<\/strong>.[\/vc_column_text][vc_empty_space height=&#8221;120px&#8221; height2=&#8221;0&#8243;][\/vc_column][vc_column parallax=&#8221;content-moving&#8221; parallax_image=&#8221;3028&#8243; width=&#8221;2\/3&#8243; css=&#8221;.vc_custom_1729533586213{background-position: center !important;background-repeat: no-repeat !important;background-size: cover !important;}&#8221; el_class=&#8221;vc_hidden-xs vc_hidden-sm&#8221;][\/vc_column][\/vc_row]<\/p>","protected":false},"excerpt":{"rendered":"<p>[vc_row full_width=&#8221;stretch_row&#8221; gap=&#8221;&#8221; content_placement=&#8221;top&#8221; parallax=&#8221;content-moving&#8221; parallax_image=&#8221;3027&#8243; overlay_color=&#8221;rgba(0,0,0,0.6)&#8221; text_color=&#8221;#ffffff&#8221; css=&#8221;.vc_custom_1729536645979{padding-top: 240px !important;padding-bottom: 240px !important;}&#8221;][vc_column width=&#8221;1\/4&#8243;][\/vc_column][vc_column width=&#8221;3\/4&#8243;][\/vc_column][\/vc_row][vc_row full_width=&#8221;stretch_row_content&#8221; gap=&#8221;&#8221; parallax_image=&#8221;8266&#8243; css=&#8221;.vc_custom_1729536757775{padding-top: 80px !important;padding-bottom: 80px !important;}&#8221;][vc_column width=&#8221;1\/12&#8243;][\/vc_column][vc_column width=&#8221;1\/3&#8243;][vc_column_text] IN ZUSAMMENARBEIT MIT QUALITY BRAND VILLAS [\/vc_column_text][vc_single_image image=&#8221;8966&#8243; img_size=&#8221;150 x 150&#8243; onclick=&#8221;custom_link&#8221; img_link_target=&#8221;_blank&#8221; link=&#8221;http:\/\/qbvillas.com&#8221;][\/vc_column][vc_column width=&#8221;1\/12&#8243;][\/vc_column][vc_column width=&#8221;1\/2&#8243;][vc_column_text] INHOUSE PRIVATKOCH &amp; SERVICEPERSONAL [\/vc_column_text][vc_column_text]FOLGEN SIE DEM NEUESTEN URLAUBSTREND Cocktail- und Getr\u00e4nkeservice, lokale und[&#8230;] <a href=\"https:\/\/mmvilla.com\/de\/manu-mykonos-villa-privaten-kochservice\/\" class=\"more-link\">Continue reading<\/a><\/p>\n","protected":false},"author":2,"featured_media":0,"parent":0,"menu_order":0,"comment_status":"closed","ping_status":"closed","template":"","meta":{"footnotes":""},"class_list":["post-11985","page","type-page","status-publish","hentry"],"yoast_head":"<!-- This site is optimized with the Yoast SEO Premium plugin v23.5 (Yoast SEO v25.7) - https:\/\/yoast.com\/wordpress\/plugins\/seo\/ -->\n<title>Mykonos Villa Chef Service \u2013 Gourmet &amp; Privat<\/title>\n<meta name=\"description\" content=\"Erleben Sie privaten Kochservice in Ihrer Villa Mykonos \u2013 ma\u00dfgeschneiderte Men\u00fcs, frische Zutaten &amp; exklusiver Komfort vor Ort\" \/>\n<meta name=\"robots\" content=\"index, follow, max-snippet:-1, max-image-preview:large, max-video-preview:-1\" \/>\n<link rel=\"canonical\" href=\"https:\/\/mmvilla.com\/de\/manu-mykonos-villa-privaten-kochservice\/\" \/>\n<meta property=\"og:locale\" content=\"de_DE\" \/>\n<meta property=\"og:type\" content=\"article\" \/>\n<meta property=\"og:title\" content=\"MANU MYKONOS VILLA chef service\" \/>\n<meta property=\"og:description\" content=\"Erleben Sie privaten Kochservice in Ihrer Villa Mykonos \u2013 ma\u00dfgeschneiderte Men\u00fcs, frische Zutaten &amp; exklusiver Komfort vor Ort\" \/>\n<meta property=\"og:url\" content=\"https:\/\/mmvilla.com\/de\/manu-mykonos-villa-privaten-kochservice\/\" \/>\n<meta property=\"og:site_name\" content=\"Majestic Manu Mykonos \u2013 Private Villa, Premium Suites &amp; More\" \/>\n<meta property=\"article:publisher\" content=\"https:\/\/www.facebook.com\/p\/Quality-Brand-Villas-100039678235957\/\" \/>\n<meta property=\"article:modified_time\" content=\"2025-10-03T17:59:23+00:00\" \/>\n<meta name=\"twitter:card\" content=\"summary_large_image\" \/>\n<meta name=\"twitter:label1\" content=\"Gesch\u00e4tzte Lesezeit\" \/>\n\t<meta name=\"twitter:data1\" content=\"2\u00a0Minuten\" \/>\n<script type=\"application\/ld+json\" class=\"yoast-schema-graph\">{\"@context\":\"https:\/\/schema.org\",\"@graph\":[{\"@type\":\"WebPage\",\"@id\":\"https:\/\/mmvilla.com\/de\/manu-mykonos-villa-privaten-kochservice\/\",\"url\":\"https:\/\/mmvilla.com\/de\/manu-mykonos-villa-privaten-kochservice\/\",\"name\":\"Mykonos Villa Chef Service \u2013 Gourmet & Privat\",\"isPartOf\":{\"@id\":\"https:\/\/mmvilla.com\/#website\"},\"datePublished\":\"2024-10-21T18:00:29+00:00\",\"dateModified\":\"2025-10-03T17:59:23+00:00\",\"description\":\"Erleben Sie privaten Kochservice in Ihrer Villa Mykonos \u2013 ma\u00dfgeschneiderte Men\u00fcs, frische Zutaten & exklusiver Komfort vor Ort\",\"breadcrumb\":{\"@id\":\"https:\/\/mmvilla.com\/de\/manu-mykonos-villa-privaten-kochservice\/#breadcrumb\"},\"inLanguage\":\"de\",\"potentialAction\":[{\"@type\":\"ReadAction\",\"target\":[\"https:\/\/mmvilla.com\/de\/manu-mykonos-villa-privaten-kochservice\/\"]}]},{\"@type\":\"BreadcrumbList\",\"@id\":\"https:\/\/mmvilla.com\/de\/manu-mykonos-villa-privaten-kochservice\/#breadcrumb\",\"itemListElement\":[{\"@type\":\"ListItem\",\"position\":1,\"name\":\"Home\",\"item\":\"https:\/\/mmvilla.com\/de\/\"},{\"@type\":\"ListItem\",\"position\":2,\"name\":\"MANU MYKONOS VILLA chef service\"}]},{\"@type\":\"WebSite\",\"@id\":\"https:\/\/mmvilla.com\/#website\",\"url\":\"https:\/\/mmvilla.com\/\",\"name\":\"Manu Mykonos Villa\",\"description\":\"Mykonos Luxury Living, Perfected by Majestic Manu\",\"publisher\":{\"@id\":\"https:\/\/mmvilla.com\/#organization\"},\"alternateName\":\"MMVILLA\",\"potentialAction\":[{\"@type\":\"SearchAction\",\"target\":{\"@type\":\"EntryPoint\",\"urlTemplate\":\"https:\/\/mmvilla.com\/?s={search_term_string}\"},\"query-input\":{\"@type\":\"PropertyValueSpecification\",\"valueRequired\":true,\"valueName\":\"search_term_string\"}}],\"inLanguage\":\"de\"},{\"@type\":\"Organization\",\"@id\":\"https:\/\/mmvilla.com\/#organization\",\"name\":\"QB Villas\",\"url\":\"https:\/\/mmvilla.com\/\",\"logo\":{\"@type\":\"ImageObject\",\"inLanguage\":\"de\",\"@id\":\"https:\/\/mmvilla.com\/#\/schema\/logo\/image\/\",\"url\":\"https:\/\/mmvilla.com\/wp-content\/uploads\/2018\/12\/QUALITY-BRAND-LOGO-KEM-QBVILLAS.png\",\"contentUrl\":\"https:\/\/mmvilla.com\/wp-content\/uploads\/2018\/12\/QUALITY-BRAND-LOGO-KEM-QBVILLAS.png\",\"width\":487,\"height\":500,\"caption\":\"QB Villas\"},\"image\":{\"@id\":\"https:\/\/mmvilla.com\/#\/schema\/logo\/image\/\"},\"sameAs\":[\"https:\/\/www.facebook.com\/p\/Quality-Brand-Villas-100039678235957\/\",\"https:\/\/www.instagram.com\/qualitybrandvillas\/\",\"https:\/\/www.linkedin.com\/company\/quality-brand-villas\"]}]}<\/script>\n<!-- \/ Yoast SEO Premium plugin. -->","yoast_head_json":{"title":"Mykonos Villa Chef Service \u2013 Gourmet & Privat","description":"Erleben Sie privaten Kochservice in Ihrer Villa Mykonos \u2013 ma\u00dfgeschneiderte Men\u00fcs, frische Zutaten & exklusiver Komfort vor Ort","robots":{"index":"index","follow":"follow","max-snippet":"max-snippet:-1","max-image-preview":"max-image-preview:large","max-video-preview":"max-video-preview:-1"},"canonical":"https:\/\/mmvilla.com\/de\/manu-mykonos-villa-privaten-kochservice\/","og_locale":"de_DE","og_type":"article","og_title":"MANU MYKONOS VILLA chef service","og_description":"Erleben Sie privaten Kochservice in Ihrer Villa Mykonos \u2013 ma\u00dfgeschneiderte Men\u00fcs, frische Zutaten & exklusiver Komfort vor Ort","og_url":"https:\/\/mmvilla.com\/de\/manu-mykonos-villa-privaten-kochservice\/","og_site_name":"Majestic Manu Mykonos \u2013 Private Villa, Premium Suites &amp; More","article_publisher":"https:\/\/www.facebook.com\/p\/Quality-Brand-Villas-100039678235957\/","article_modified_time":"2025-10-03T17:59:23+00:00","twitter_card":"summary_large_image","twitter_misc":{"Gesch\u00e4tzte Lesezeit":"2\u00a0Minuten"},"schema":{"@context":"https:\/\/schema.org","@graph":[{"@type":"WebPage","@id":"https:\/\/mmvilla.com\/de\/manu-mykonos-villa-privaten-kochservice\/","url":"https:\/\/mmvilla.com\/de\/manu-mykonos-villa-privaten-kochservice\/","name":"Mykonos Villa Chef Service \u2013 Gourmet & Privat","isPartOf":{"@id":"https:\/\/mmvilla.com\/#website"},"datePublished":"2024-10-21T18:00:29+00:00","dateModified":"2025-10-03T17:59:23+00:00","description":"Erleben Sie privaten Kochservice in Ihrer Villa Mykonos \u2013 ma\u00dfgeschneiderte Men\u00fcs, frische Zutaten & exklusiver Komfort vor Ort","breadcrumb":{"@id":"https:\/\/mmvilla.com\/de\/manu-mykonos-villa-privaten-kochservice\/#breadcrumb"},"inLanguage":"de","potentialAction":[{"@type":"ReadAction","target":["https:\/\/mmvilla.com\/de\/manu-mykonos-villa-privaten-kochservice\/"]}]},{"@type":"BreadcrumbList","@id":"https:\/\/mmvilla.com\/de\/manu-mykonos-villa-privaten-kochservice\/#breadcrumb","itemListElement":[{"@type":"ListItem","position":1,"name":"Home","item":"https:\/\/mmvilla.com\/de\/"},{"@type":"ListItem","position":2,"name":"MANU MYKONOS VILLA chef service"}]},{"@type":"WebSite","@id":"https:\/\/mmvilla.com\/#website","url":"https:\/\/mmvilla.com\/","name":"Manu Mykonos Villa","description":"Mykonos Luxury Living, Perfected by Majestic Manu","publisher":{"@id":"https:\/\/mmvilla.com\/#organization"},"alternateName":"MMVILLA","potentialAction":[{"@type":"SearchAction","target":{"@type":"EntryPoint","urlTemplate":"https:\/\/mmvilla.com\/?s={search_term_string}"},"query-input":{"@type":"PropertyValueSpecification","valueRequired":true,"valueName":"search_term_string"}}],"inLanguage":"de"},{"@type":"Organization","@id":"https:\/\/mmvilla.com\/#organization","name":"QB Villas","url":"https:\/\/mmvilla.com\/","logo":{"@type":"ImageObject","inLanguage":"de","@id":"https:\/\/mmvilla.com\/#\/schema\/logo\/image\/","url":"https:\/\/mmvilla.com\/wp-content\/uploads\/2018\/12\/QUALITY-BRAND-LOGO-KEM-QBVILLAS.png","contentUrl":"https:\/\/mmvilla.com\/wp-content\/uploads\/2018\/12\/QUALITY-BRAND-LOGO-KEM-QBVILLAS.png","width":487,"height":500,"caption":"QB Villas"},"image":{"@id":"https:\/\/mmvilla.com\/#\/schema\/logo\/image\/"},"sameAs":["https:\/\/www.facebook.com\/p\/Quality-Brand-Villas-100039678235957\/","https:\/\/www.instagram.com\/qualitybrandvillas\/","https:\/\/www.linkedin.com\/company\/quality-brand-villas"]}]}},"_links":{"self":[{"href":"https:\/\/mmvilla.com\/de\/wp-json\/wp\/v2\/pages\/11985","targetHints":{"allow":["GET"]}}],"collection":[{"href":"https:\/\/mmvilla.com\/de\/wp-json\/wp\/v2\/pages"}],"about":[{"href":"https:\/\/mmvilla.com\/de\/wp-json\/wp\/v2\/types\/page"}],"author":[{"embeddable":true,"href":"https:\/\/mmvilla.com\/de\/wp-json\/wp\/v2\/users\/2"}],"replies":[{"embeddable":true,"href":"https:\/\/mmvilla.com\/de\/wp-json\/wp\/v2\/comments?post=11985"}],"version-history":[{"count":6,"href":"https:\/\/mmvilla.com\/de\/wp-json\/wp\/v2\/pages\/11985\/revisions"}],"predecessor-version":[{"id":13732,"href":"https:\/\/mmvilla.com\/de\/wp-json\/wp\/v2\/pages\/11985\/revisions\/13732"}],"wp:attachment":[{"href":"https:\/\/mmvilla.com\/de\/wp-json\/wp\/v2\/media?parent=11985"}],"curies":[{"name":"wp","href":"https:\/\/api.w.org\/{rel}","templated":true}]}}