{"id":11988,"date":"2018-12-20T12:29:33","date_gmt":"2018-12-20T12:29:33","guid":{"rendered":"https:\/\/mmvilla.com\/manu-mykonos-villa-yachts-jets-chauffeurs-cars\/"},"modified":"2025-10-03T22:42:10","modified_gmt":"2025-10-03T19:42:10","slug":"manu-mykonos-villa-yachts-jets-chauffeure-autos","status":"publish","type":"page","link":"https:\/\/mmvilla.com\/de\/manu-mykonos-villa-yachts-jets-chauffeure-autos\/","title":{"rendered":"MANU MYKONOS VILLA YACHTS &#038; JETS, CHAUFFEURS &#038; CARS"},"content":{"rendered":"<p>[vc_row full_width=&#8221;stretch_row_content&#8221; gap=&#8221;&#8221; parallax_image=&#8221;3100&#8243; overlay_color=&#8221;rgba(0,0,0,0.6)&#8221; text_color=&#8221;#ffffff&#8221; css=&#8221;.vc_custom_1729535882715{padding-top: 240px !important;padding-bottom: 240px !important;}&#8221;][vc_column width=&#8221;1\/4&#8243;][\/vc_column][vc_column width=&#8221;3\/4&#8243;]<div class=\"heading-with-separator text-center id_169d4da42ecf651831900159   \"><div class=\"header-content\">\n\t\t\t<p class=\"h-subheading\">Luxus ohne Kompromisse<\/p>\n\t\t\t<h2 class=\"heading  heading-decorator-4\" style=\"; letter-spacing: 0px; \">YACHTS &amp; JETS, CHAUFFEURE &amp; AUTOS<\/h2><\/div><\/div><div class=\"custom-styles\" data-styles=\".id_169d4da42ecf651831900159 .heading-decorator-1:before, .id_169d4da42ecf651831900159 .heading-decorator-1:after { border-color: }\"><\/div>[\/vc_column][\/vc_row][vc_row full_width=&#8221;stretch_row_content&#8221; gap=&#8221;&#8221; parallax_image=&#8221;9016&#8243; css=&#8221;.vc_custom_1729667949779{padding-top: 80px !important;padding-bottom: 80px !important;}&#8221;][vc_column width=&#8221;1\/12&#8243;][\/vc_column][vc_column width=&#8221;1\/3&#8243;][vc_column_text]<\/p>\n<h5><strong>IN ZUSAMMENARBEIT MIT QUALITY BRAND VILLAS<\/strong><\/h5>\n<p>[\/vc_column_text][vc_single_image image=&#8221;8966&#8243; img_size=&#8221;150 x 150&#8243; onclick=&#8221;custom_link&#8221; img_link_target=&#8221;_blank&#8221; link=&#8221;http:\/\/qbvillas.com&#8221;][\/vc_column][vc_column width=&#8221;1\/12&#8243;][\/vc_column][vc_column width=&#8221;1\/2&#8243;][vc_column_text]<\/p>\n<h5><strong>IM HERZEN VON ALLEM, WAS WIR TUN, STEHT \u201eLUXUS OHNE KOMPROMISSE\u201c<\/strong><\/h5>\n<p data-start=\"0\" data-end=\"244\">Um Ihr Urlaubserlebnis zu optimieren und zu bereichern, erf\u00fcllen wir Ihre h\u00f6chsten Anspr\u00fcche mit einer <strong data-start=\"170\" data-end=\"241\">gro\u00dfen Auswahl an au\u00dfergew\u00f6hnlichen privaten Transportm\u00f6glichkeiten<\/strong>.<\/p>\n<p data-start=\"246\" data-end=\"448\" data-is-last-node=\"\" data-is-only-node=\"\">Von <strong data-start=\"250\" data-end=\"266\">Luxusyachten<\/strong> und <strong data-start=\"271\" data-end=\"293\">Privatjet-Chartern<\/strong> bis hin zu <strong data-start=\"305\" data-end=\"318\">Mietwagen<\/strong>, <strong data-start=\"320\" data-end=\"348\">pers\u00f6nlichen Chauffeuren<\/strong> und <strong data-start=\"353\" data-end=\"386\">exklusiven Limousinenservices<\/strong> \u2013 wir bieten Ihnen <strong data-start=\"406\" data-end=\"447\">Luxus und Service auf h\u00f6chstem Niveau<\/strong>.<\/p>\n<p>[\/vc_column_text][\/vc_column][\/vc_row][vc_row full_width=&#8221;stretch_row_content_no_spaces&#8221; gap=&#8221;&#8221; equal_height=&#8221;yes&#8221; content_placement=&#8221;middle&#8221; css=&#8221;.vc_custom_1661963609592{padding-top: 0px !important;padding-bottom: 0px !important;}&#8221;][vc_column parallax_image=&#8221;9016&#8243; width=&#8221;1\/3&#8243; css=&#8221;.vc_custom_1729667933920{background-color: #f5f5f5 !important;}&#8221; el_class=&#8221;z-index-up&#8221;][vc_empty_space height=&#8221;120px&#8221; height2=&#8221;0&#8243; css=&#8221;.vc_custom_1545314682944{padding-right: 40px !important;padding-left: 40px !important;}&#8221;]<div class=\"heading-with-separator text-center id_169d4da42ecfc2205688746  vc_custom_1758652780363  offset-right-lg\"><div class=\"header-content\">\n\t\t\t<p class=\"h-subheading\">GROSSE AUSWAHL AN AUTOS<\/p>\n\t\t\t<h3 class=\"heading  heading-decorator-1\" style=\"; letter-spacing: 0px; \">Holen Sie sich das Auto, das Sie sich w\u00fcnschen<\/h3><\/div><\/div><div class=\"custom-styles\" data-styles=\".id_169d4da42ecfc2205688746 .heading-decorator-1:before, .id_169d4da42ecfc2205688746 .heading-decorator-1:after { border-color: #000000}\"><\/div>[vc_single_image image=&#8221;7804&#8243; img_size=&#8221;full&#8221; alignment=&#8221;center&#8221; el_class=&#8221;vc_hidden-md vc_hidden-lg&#8221; css=&#8221;.vc_custom_1711651438693{margin-bottom: 0px !important;}&#8221;][vc_column_text css=&#8221;.vc_custom_1758652820789{margin-bottom: 0px !important;padding-right: 60px !important;padding-bottom: 60px !important;padding-left: 60px !important;background-color: #ffffff !important;}&#8221; el_class=&#8221;offset-right-lg&#8221;]<\/p>\n<p data-start=\"0\" data-end=\"95\">Eine <strong data-start=\"5\" data-end=\"57\">gro\u00dfe Auswahl an Automodellen, Gr\u00f6\u00dfen und Farben<\/strong> steht unseren G\u00e4sten zur Verf\u00fcgung.<\/p>\n<p data-start=\"97\" data-end=\"222\" data-is-last-node=\"\" data-is-only-node=\"\">Unsere G\u00e4ste k\u00f6nnen <strong data-start=\"117\" data-end=\"149\">das Auto ihrer Wahl anfragen<\/strong>, und wir k\u00fcmmern uns um die <strong data-start=\"178\" data-end=\"221\">Lieferung direkt an den gew\u00fcnschten Ort<\/strong>.<\/p>\n<p>[\/vc_column_text][vc_empty_space height=&#8221;120px&#8221; height2=&#8221;0&#8243;][\/vc_column][vc_column parallax=&#8221;content-moving&#8221; parallax_image=&#8221;4780&#8243; width=&#8221;2\/3&#8243; css=&#8221;.vc_custom_1636662198947{background-position: center !important;background-repeat: no-repeat !important;background-size: cover !important;}&#8221; el_class=&#8221;vc_hidden-xs vc_hidden-sm&#8221;][\/vc_column][\/vc_row][vc_row full_width=&#8221;stretch_row_content_no_spaces&#8221; gap=&#8221;&#8221; equal_height=&#8221;yes&#8221; content_placement=&#8221;middle&#8221;][vc_column parallax=&#8221;content-moving&#8221; parallax_image=&#8221;3103&#8243; width=&#8221;2\/3&#8243; css=&#8221;.vc_custom_1632297241140{background-position: center !important;background-repeat: no-repeat !important;background-size: cover !important;}&#8221; el_class=&#8221;vc_hidden-xs vc_hidden-sm&#8221;][\/vc_column][vc_column parallax_image=&#8221;9016&#8243; width=&#8221;1\/3&#8243; css=&#8221;.vc_custom_1729667965409{background-color: #f5f5f5 !important;}&#8221;][vc_empty_space height=&#8221;120px&#8221; height2=&#8221;0&#8243; css=&#8221;.vc_custom_1545314682944{padding-right: 40px !important;padding-left: 40px !important;}&#8221;]<div class=\"heading-with-separator text-center id_169d4da42ed0041820091175  vc_custom_1758652923107  offset-left-lg\"><div class=\"header-content\">\n\t\t\t<p class=\"h-subheading\">SIE M\u00dcSSEN SICH NUR ZUR\u00dcCKLEHNEN<\/p>\n\t\t\t<h3 class=\"heading  heading-decorator-1\" style=\"; letter-spacing: 0px; \">Entspannen Sie sich und genie\u00dfen Sie die Fahrt<\/h3><\/div><\/div><div class=\"custom-styles\" data-styles=\".id_169d4da42ed0041820091175 .heading-decorator-1:before, .id_169d4da42ed0041820091175 .heading-decorator-1:after { border-color: #000000}\"><\/div>[vc_single_image image=&#8221;7807&#8243; img_size=&#8221;full&#8221; alignment=&#8221;center&#8221; el_class=&#8221;vc_hidden-md vc_hidden-lg&#8221; css=&#8221;.vc_custom_1711651521670{margin-bottom: 0px !important;}&#8221;][vc_column_text css=&#8221;.vc_custom_1758652972278{margin-bottom: 0px !important;padding-right: 60px !important;padding-bottom: 60px !important;padding-left: 60px !important;background-color: #ffffff !important;}&#8221; el_class=&#8221;offset-left-lg&#8221;]<\/p>\n<p data-start=\"0\" data-end=\"165\">Eine <strong data-start=\"5\" data-end=\"89\">exklusive Auswahl an neuesten Modellen und komfortabel ausgestatteten Fahrzeugen<\/strong>, darunter <strong data-start=\"100\" data-end=\"162\">Sportwagen, SUVs, Cabrios, Crossover, Hybride und Minivans<\/strong>.<\/p>\n<p data-start=\"167\" data-end=\"275\" data-is-last-node=\"\" data-is-only-node=\"\">Alles, was Sie tun m\u00fcssen, ist uns mitzuteilen, <strong data-start=\"215\" data-end=\"240\">worauf Sie Lust haben<\/strong> \u2013 <strong data-start=\"243\" data-end=\"274\">wir k\u00fcmmern uns um den Rest<\/strong>!<\/p>\n<p>[\/vc_column_text][vc_empty_space height=&#8221;120px&#8221; height2=&#8221;0&#8243;][\/vc_column][\/vc_row][vc_row full_width=&#8221;stretch_row_content_no_spaces&#8221; gap=&#8221;&#8221; equal_height=&#8221;yes&#8221; content_placement=&#8221;middle&#8221;][vc_column parallax_image=&#8221;9016&#8243; width=&#8221;1\/3&#8243; css=&#8221;.vc_custom_1729667986462{background-color: #f5f5f5 !important;}&#8221; el_class=&#8221;z-index-up&#8221;][vc_empty_space height=&#8221;120px&#8221; height2=&#8221;0&#8243; css=&#8221;.vc_custom_1545314682944{padding-right: 40px !important;padding-left: 40px !important;}&#8221;]<div class=\"heading-with-separator text-center id_169d4da42ed03966678664  vc_custom_1758653044275  offset-right-lg\"><div class=\"header-content\">\n\t\t\t<p class=\"h-subheading\">STILVOLL URLAUBEN<\/p>\n\t\t\t<h3 class=\"heading  heading-decorator-1\" style=\"; letter-spacing: 0px; \">Ein luxuri\u00f6ses Meereserlebnis<\/h3><\/div><\/div><div class=\"custom-styles\" data-styles=\".id_169d4da42ed03966678664 .heading-decorator-1:before, .id_169d4da42ed03966678664 .heading-decorator-1:after { border-color: #000000}\"><\/div>[vc_single_image image=&#8221;7810&#8243; img_size=&#8221;full&#8221; alignment=&#8221;center&#8221; el_class=&#8221;vc_hidden-md vc_hidden-lg&#8221; css=&#8221;.vc_custom_1711651614771{margin-bottom: 0px !important;}&#8221;][vc_column_text css=&#8221;.vc_custom_1758653084129{margin-bottom: 0px !important;padding-right: 60px !important;padding-bottom: 60px !important;padding-left: 60px !important;background-color: #ffffff !important;}&#8221; el_class=&#8221;offset-right-lg&#8221;]<\/p>\n<p data-start=\"0\" data-end=\"97\">Mit vielen Inseln nur wenige Stunden entfernt sind Ihre <strong data-start=\"56\" data-end=\"94\">Kreuzfahrtm\u00f6glichkeiten grenzenlos<\/strong>.<\/p>\n<p data-start=\"99\" data-end=\"357\" data-is-last-node=\"\" data-is-only-node=\"\">Egal, ob Sie eine <strong data-start=\"117\" data-end=\"164\">halbt\u00e4gige oder ganzt\u00e4gige Vergn\u00fcgungsfahrt<\/strong>, einen <strong data-start=\"172\" data-end=\"216\">mehrt\u00e4gigen Yachtcharter zum Inselh\u00fcpfen<\/strong> oder eine <strong data-start=\"227\" data-end=\"266\">atemberaubende schwimmende Location<\/strong> w\u00fcnschen \u2013 wir lassen Sie im Handumdrehen den <strong data-start=\"313\" data-end=\"347\">bet\u00f6renden Duft der Meeresluft<\/strong> genie\u00dfen.<\/p>\n<p>[\/vc_column_text][vc_empty_space height=&#8221;120px&#8221; height2=&#8221;0&#8243;][\/vc_column][vc_column parallax=&#8221;content-moving&#8221; parallax_image=&#8221;3105&#8243; width=&#8221;2\/3&#8243; css=&#8221;.vc_custom_1632298342858{background-position: center !important;background-repeat: no-repeat !important;background-size: cover !important;}&#8221; el_class=&#8221;vc_hidden-xs vc_hidden-sm&#8221;][\/vc_column][\/vc_row][vc_row full_width=&#8221;stretch_row_content_no_spaces&#8221; gap=&#8221;&#8221; equal_height=&#8221;yes&#8221; content_placement=&#8221;middle&#8221; css=&#8221;.vc_custom_1729668095257{margin-top: 0px !important;margin-bottom: 0px !important;padding-top: 0px !important;padding-bottom: 0px !important;}&#8221;][vc_column parallax=&#8221;content-moving&#8221; parallax_image=&#8221;3108&#8243; width=&#8221;2\/3&#8243; css=&#8221;.vc_custom_1632298646136{background-position: center !important;background-repeat: no-repeat !important;background-size: cover !important;}&#8221; el_class=&#8221;vc_hidden-xs vc_hidden-sm&#8221;][\/vc_column][vc_column parallax_image=&#8221;9016&#8243; width=&#8221;1\/3&#8243; css=&#8221;.vc_custom_1729668084746{background-color: #f5f5f5 !important;}&#8221;][vc_empty_space height=&#8221;120px&#8221; height2=&#8221;0&#8243; css=&#8221;.vc_custom_1545314682944{padding-right: 40px !important;padding-left: 40px !important;}&#8221;][vc_single_image image=&#8221;7814&#8243; img_size=&#8221;full&#8221; alignment=&#8221;center&#8221; el_class=&#8221;vc_hidden-md vc_hidden-lg&#8221; css=&#8221;.vc_custom_1711651774138{margin-bottom: 0px !important;}&#8221;]<div class=\"heading-with-separator text-center id_169d4da42ed07e1961613833  vc_custom_1758653159931  offset-left-lg\"><div class=\"header-content\">\n\t\t\t<p class=\"h-subheading\">DIE PERFEKTE MISCHUNG AUS LEISTUNG UND GESCHWINDIGKEIT<\/p>\n\t\t\t<h3 class=\"heading  heading-decorator-1\" style=\"; letter-spacing: 0px; \">Eine beeindruckende Sammlung<\/h3><\/div><\/div><div class=\"custom-styles\" data-styles=\".id_169d4da42ed07e1961613833 .heading-decorator-1:before, .id_169d4da42ed07e1961613833 .heading-decorator-1:after { border-color: #000000}\"><\/div>[vc_column_text css=&#8221;.vc_custom_1758653201799{margin-bottom: 0px !important;padding-right: 60px !important;padding-bottom: 60px !important;padding-left: 60px !important;background-color: #ffffff !important;}&#8221; el_class=&#8221;offset-left-lg&#8221;]<\/p>\n<p data-start=\"0\" data-end=\"132\">Luxuri\u00f6s, privat, komfortabel, stressfrei \u2013 und vor allem mit der Gewissheit, dass Sie stets <strong data-start=\"93\" data-end=\"129\">entspannt und erfrischt ankommen<\/strong>.<\/p>\n<p data-start=\"134\" data-end=\"361\" data-is-last-node=\"\" data-is-only-node=\"\">In Kombination mit unserem <strong data-start=\"161\" data-end=\"199\">personalisierten In-Flight-Service<\/strong> und dem <strong data-start=\"208\" data-end=\"242\">kostenlosen Limousinentransfer<\/strong> von und zum Flughafen wird das <strong data-start=\"274\" data-end=\"302\">Chartern eines Luxusjets<\/strong> zum <strong data-start=\"307\" data-end=\"360\">ultimativen, nahtlosen Door-to-Door-Reiseerlebnis<\/strong>.<\/p>\n<p>[\/vc_column_text][vc_empty_space height=&#8221;120px&#8221; height2=&#8221;0&#8243;][\/vc_column][\/vc_row]<\/p>","protected":false},"excerpt":{"rendered":"<p>[vc_row full_width=&#8221;stretch_row_content&#8221; gap=&#8221;&#8221; parallax_image=&#8221;3100&#8243; overlay_color=&#8221;rgba(0,0,0,0.6)&#8221; text_color=&#8221;#ffffff&#8221; css=&#8221;.vc_custom_1729535882715{padding-top: 240px !important;padding-bottom: 240px !important;}&#8221;][vc_column width=&#8221;1\/4&#8243;][\/vc_column][vc_column width=&#8221;3\/4&#8243;][\/vc_column][\/vc_row][vc_row full_width=&#8221;stretch_row_content&#8221; gap=&#8221;&#8221; parallax_image=&#8221;9016&#8243; css=&#8221;.vc_custom_1729667949779{padding-top: 80px !important;padding-bottom: 80px !important;}&#8221;][vc_column width=&#8221;1\/12&#8243;][\/vc_column][vc_column width=&#8221;1\/3&#8243;][vc_column_text] IN ZUSAMMENARBEIT MIT QUALITY BRAND VILLAS [\/vc_column_text][vc_single_image image=&#8221;8966&#8243; img_size=&#8221;150 x 150&#8243; onclick=&#8221;custom_link&#8221; img_link_target=&#8221;_blank&#8221; link=&#8221;http:\/\/qbvillas.com&#8221;][\/vc_column][vc_column width=&#8221;1\/12&#8243;][\/vc_column][vc_column width=&#8221;1\/2&#8243;][vc_column_text] IM HERZEN VON ALLEM, WAS WIR TUN, STEHT \u201eLUXUS OHNE KOMPROMISSE\u201c Um Ihr Urlaubserlebnis zu optimieren[&#8230;] <a href=\"https:\/\/mmvilla.com\/de\/manu-mykonos-villa-yachts-jets-chauffeure-autos\/\" class=\"more-link\">Continue reading<\/a><\/p>\n","protected":false},"author":1,"featured_media":0,"parent":0,"menu_order":0,"comment_status":"closed","ping_status":"closed","template":"","meta":{"footnotes":""},"class_list":["post-11988","page","type-page","status-publish","hentry"],"yoast_head":"<!-- This site is optimized with the Yoast SEO Premium plugin v23.5 (Yoast SEO v25.7) - https:\/\/yoast.com\/wordpress\/plugins\/seo\/ -->\n<title>Manu Mykonos Villa \u2013 Yachten, Jets &amp; Chauffeur Service<\/title>\n<meta name=\"description\" content=\"Exklusive Yachten, Privatjets &amp; Chauffeur-Service von Ihrer Manu Villa Mykonos \u2013 luxuri\u00f6se Mobilit\u00e4t &amp; Transfers f\u00fcr Ihren Traumaufenthalt\" \/>\n<meta name=\"robots\" content=\"index, follow, max-snippet:-1, max-image-preview:large, max-video-preview:-1\" \/>\n<link rel=\"canonical\" href=\"https:\/\/mmvilla.com\/de\/manu-mykonos-villa-yachts-jets-chauffeure-autos\/\" \/>\n<meta property=\"og:locale\" content=\"de_DE\" \/>\n<meta property=\"og:type\" content=\"article\" \/>\n<meta property=\"og:title\" content=\"MANU MYKONOS VILLA YACHTS &amp; JETS, CHAUFFEURS &amp; CARS\" \/>\n<meta property=\"og:description\" content=\"Exklusive Yachten, Privatjets &amp; Chauffeur-Service von Ihrer Manu Villa Mykonos \u2013 luxuri\u00f6se Mobilit\u00e4t &amp; Transfers f\u00fcr Ihren Traumaufenthalt\" \/>\n<meta property=\"og:url\" content=\"https:\/\/mmvilla.com\/de\/manu-mykonos-villa-yachts-jets-chauffeure-autos\/\" \/>\n<meta property=\"og:site_name\" content=\"Majestic Manu Mykonos \u2013 Private Villa, Premium Suites &amp; More\" \/>\n<meta property=\"article:publisher\" content=\"https:\/\/www.facebook.com\/p\/Quality-Brand-Villas-100039678235957\/\" \/>\n<meta property=\"article:modified_time\" content=\"2025-10-03T19:42:10+00:00\" \/>\n<meta name=\"twitter:card\" content=\"summary_large_image\" \/>\n<meta name=\"twitter:label1\" content=\"Gesch\u00e4tzte Lesezeit\" \/>\n\t<meta name=\"twitter:data1\" content=\"3\u00a0Minuten\" \/>\n<script type=\"application\/ld+json\" class=\"yoast-schema-graph\">{\"@context\":\"https:\/\/schema.org\",\"@graph\":[{\"@type\":\"WebPage\",\"@id\":\"https:\/\/mmvilla.com\/de\/manu-mykonos-villa-yachts-jets-chauffeure-autos\/\",\"url\":\"https:\/\/mmvilla.com\/de\/manu-mykonos-villa-yachts-jets-chauffeure-autos\/\",\"name\":\"Manu Mykonos Villa \u2013 Yachten, Jets & Chauffeur Service\",\"isPartOf\":{\"@id\":\"https:\/\/mmvilla.com\/#website\"},\"datePublished\":\"2018-12-20T12:29:33+00:00\",\"dateModified\":\"2025-10-03T19:42:10+00:00\",\"description\":\"Exklusive Yachten, Privatjets & Chauffeur-Service von Ihrer Manu Villa Mykonos \u2013 luxuri\u00f6se Mobilit\u00e4t & Transfers f\u00fcr Ihren Traumaufenthalt\",\"breadcrumb\":{\"@id\":\"https:\/\/mmvilla.com\/de\/manu-mykonos-villa-yachts-jets-chauffeure-autos\/#breadcrumb\"},\"inLanguage\":\"de\",\"potentialAction\":[{\"@type\":\"ReadAction\",\"target\":[\"https:\/\/mmvilla.com\/de\/manu-mykonos-villa-yachts-jets-chauffeure-autos\/\"]}]},{\"@type\":\"BreadcrumbList\",\"@id\":\"https:\/\/mmvilla.com\/de\/manu-mykonos-villa-yachts-jets-chauffeure-autos\/#breadcrumb\",\"itemListElement\":[{\"@type\":\"ListItem\",\"position\":1,\"name\":\"Home\",\"item\":\"https:\/\/mmvilla.com\/de\/\"},{\"@type\":\"ListItem\",\"position\":2,\"name\":\"MANU MYKONOS VILLA YACHTS &#038; JETS, CHAUFFEURS &#038; CARS\"}]},{\"@type\":\"WebSite\",\"@id\":\"https:\/\/mmvilla.com\/#website\",\"url\":\"https:\/\/mmvilla.com\/\",\"name\":\"Manu Mykonos Villa\",\"description\":\"Mykonos Luxury Living, Perfected by Majestic Manu\",\"publisher\":{\"@id\":\"https:\/\/mmvilla.com\/#organization\"},\"alternateName\":\"MMVILLA\",\"potentialAction\":[{\"@type\":\"SearchAction\",\"target\":{\"@type\":\"EntryPoint\",\"urlTemplate\":\"https:\/\/mmvilla.com\/?s={search_term_string}\"},\"query-input\":{\"@type\":\"PropertyValueSpecification\",\"valueRequired\":true,\"valueName\":\"search_term_string\"}}],\"inLanguage\":\"de\"},{\"@type\":\"Organization\",\"@id\":\"https:\/\/mmvilla.com\/#organization\",\"name\":\"QB Villas\",\"url\":\"https:\/\/mmvilla.com\/\",\"logo\":{\"@type\":\"ImageObject\",\"inLanguage\":\"de\",\"@id\":\"https:\/\/mmvilla.com\/#\/schema\/logo\/image\/\",\"url\":\"https:\/\/mmvilla.com\/wp-content\/uploads\/2018\/12\/QUALITY-BRAND-LOGO-KEM-QBVILLAS.png\",\"contentUrl\":\"https:\/\/mmvilla.com\/wp-content\/uploads\/2018\/12\/QUALITY-BRAND-LOGO-KEM-QBVILLAS.png\",\"width\":487,\"height\":500,\"caption\":\"QB Villas\"},\"image\":{\"@id\":\"https:\/\/mmvilla.com\/#\/schema\/logo\/image\/\"},\"sameAs\":[\"https:\/\/www.facebook.com\/p\/Quality-Brand-Villas-100039678235957\/\",\"https:\/\/www.instagram.com\/qualitybrandvillas\/\",\"https:\/\/www.linkedin.com\/company\/quality-brand-villas\"]}]}<\/script>\n<!-- \/ Yoast SEO Premium plugin. -->","yoast_head_json":{"title":"Manu Mykonos Villa \u2013 Yachten, Jets & Chauffeur Service","description":"Exklusive Yachten, Privatjets & Chauffeur-Service von Ihrer Manu Villa Mykonos \u2013 luxuri\u00f6se Mobilit\u00e4t & Transfers f\u00fcr Ihren Traumaufenthalt","robots":{"index":"index","follow":"follow","max-snippet":"max-snippet:-1","max-image-preview":"max-image-preview:large","max-video-preview":"max-video-preview:-1"},"canonical":"https:\/\/mmvilla.com\/de\/manu-mykonos-villa-yachts-jets-chauffeure-autos\/","og_locale":"de_DE","og_type":"article","og_title":"MANU MYKONOS VILLA YACHTS & JETS, CHAUFFEURS & CARS","og_description":"Exklusive Yachten, Privatjets & Chauffeur-Service von Ihrer Manu Villa Mykonos \u2013 luxuri\u00f6se Mobilit\u00e4t & Transfers f\u00fcr Ihren Traumaufenthalt","og_url":"https:\/\/mmvilla.com\/de\/manu-mykonos-villa-yachts-jets-chauffeure-autos\/","og_site_name":"Majestic Manu Mykonos \u2013 Private Villa, Premium Suites &amp; More","article_publisher":"https:\/\/www.facebook.com\/p\/Quality-Brand-Villas-100039678235957\/","article_modified_time":"2025-10-03T19:42:10+00:00","twitter_card":"summary_large_image","twitter_misc":{"Gesch\u00e4tzte Lesezeit":"3\u00a0Minuten"},"schema":{"@context":"https:\/\/schema.org","@graph":[{"@type":"WebPage","@id":"https:\/\/mmvilla.com\/de\/manu-mykonos-villa-yachts-jets-chauffeure-autos\/","url":"https:\/\/mmvilla.com\/de\/manu-mykonos-villa-yachts-jets-chauffeure-autos\/","name":"Manu Mykonos Villa \u2013 Yachten, Jets & Chauffeur Service","isPartOf":{"@id":"https:\/\/mmvilla.com\/#website"},"datePublished":"2018-12-20T12:29:33+00:00","dateModified":"2025-10-03T19:42:10+00:00","description":"Exklusive Yachten, Privatjets & Chauffeur-Service von Ihrer Manu Villa Mykonos \u2013 luxuri\u00f6se Mobilit\u00e4t & Transfers f\u00fcr Ihren Traumaufenthalt","breadcrumb":{"@id":"https:\/\/mmvilla.com\/de\/manu-mykonos-villa-yachts-jets-chauffeure-autos\/#breadcrumb"},"inLanguage":"de","potentialAction":[{"@type":"ReadAction","target":["https:\/\/mmvilla.com\/de\/manu-mykonos-villa-yachts-jets-chauffeure-autos\/"]}]},{"@type":"BreadcrumbList","@id":"https:\/\/mmvilla.com\/de\/manu-mykonos-villa-yachts-jets-chauffeure-autos\/#breadcrumb","itemListElement":[{"@type":"ListItem","position":1,"name":"Home","item":"https:\/\/mmvilla.com\/de\/"},{"@type":"ListItem","position":2,"name":"MANU MYKONOS VILLA YACHTS &#038; JETS, CHAUFFEURS &#038; CARS"}]},{"@type":"WebSite","@id":"https:\/\/mmvilla.com\/#website","url":"https:\/\/mmvilla.com\/","name":"Manu Mykonos Villa","description":"Mykonos Luxury Living, Perfected by Majestic Manu","publisher":{"@id":"https:\/\/mmvilla.com\/#organization"},"alternateName":"MMVILLA","potentialAction":[{"@type":"SearchAction","target":{"@type":"EntryPoint","urlTemplate":"https:\/\/mmvilla.com\/?s={search_term_string}"},"query-input":{"@type":"PropertyValueSpecification","valueRequired":true,"valueName":"search_term_string"}}],"inLanguage":"de"},{"@type":"Organization","@id":"https:\/\/mmvilla.com\/#organization","name":"QB Villas","url":"https:\/\/mmvilla.com\/","logo":{"@type":"ImageObject","inLanguage":"de","@id":"https:\/\/mmvilla.com\/#\/schema\/logo\/image\/","url":"https:\/\/mmvilla.com\/wp-content\/uploads\/2018\/12\/QUALITY-BRAND-LOGO-KEM-QBVILLAS.png","contentUrl":"https:\/\/mmvilla.com\/wp-content\/uploads\/2018\/12\/QUALITY-BRAND-LOGO-KEM-QBVILLAS.png","width":487,"height":500,"caption":"QB Villas"},"image":{"@id":"https:\/\/mmvilla.com\/#\/schema\/logo\/image\/"},"sameAs":["https:\/\/www.facebook.com\/p\/Quality-Brand-Villas-100039678235957\/","https:\/\/www.instagram.com\/qualitybrandvillas\/","https:\/\/www.linkedin.com\/company\/quality-brand-villas"]}]}},"_links":{"self":[{"href":"https:\/\/mmvilla.com\/de\/wp-json\/wp\/v2\/pages\/11988","targetHints":{"allow":["GET"]}}],"collection":[{"href":"https:\/\/mmvilla.com\/de\/wp-json\/wp\/v2\/pages"}],"about":[{"href":"https:\/\/mmvilla.com\/de\/wp-json\/wp\/v2\/types\/page"}],"author":[{"embeddable":true,"href":"https:\/\/mmvilla.com\/de\/wp-json\/wp\/v2\/users\/1"}],"replies":[{"embeddable":true,"href":"https:\/\/mmvilla.com\/de\/wp-json\/wp\/v2\/comments?post=11988"}],"version-history":[{"count":5,"href":"https:\/\/mmvilla.com\/de\/wp-json\/wp\/v2\/pages\/11988\/revisions"}],"predecessor-version":[{"id":13786,"href":"https:\/\/mmvilla.com\/de\/wp-json\/wp\/v2\/pages\/11988\/revisions\/13786"}],"wp:attachment":[{"href":"https:\/\/mmvilla.com\/de\/wp-json\/wp\/v2\/media?parent=11988"}],"curies":[{"name":"wp","href":"https:\/\/api.w.org\/{rel}","templated":true}]}}