{"id":11992,"date":"2024-09-24T09:32:53","date_gmt":"2024-09-24T06:32:53","guid":{"rendered":"https:\/\/mmvilla.com\/manu-mykonos-villa-offers\/"},"modified":"2025-10-10T20:38:07","modified_gmt":"2025-10-10T17:38:07","slug":"manu-mykonos-villa-angebote","status":"publish","type":"page","link":"https:\/\/mmvilla.com\/de\/manu-mykonos-villa-angebote\/","title":{"rendered":"MANU MYKONOS VILLA Offers"},"content":{"rendered":"<p>[vc_row full_width=&#8221;stretch_row_content&#8221; gap=&#8221;&#8221; parallax_image=&#8221;8754&#8243; overlay_color=&#8221;rgba(0,0,0,0.5)&#8221; text_color=&#8221;#ffffff&#8221; css=&#8221;.vc_custom_1759534813855{padding-top: 120px !important;padding-bottom: 120px !important;}&#8221;][vc_column]<div class=\"heading-with-separator text-center id_169d4d31f10c7a1881437357   \"><div class=\"header-content\">\n\t\t\t<p class=\"h-subheading\"><\/p>\n\t\t\t<h1 class=\"heading  heading-decorator-1\" style=\"; letter-spacing: 0px; \">Majestic Manu Mykonos Villa<br \/>\nSaison-Spezialangebote<\/h1><\/div><\/div><div class=\"custom-styles\" data-styles=\".id_169d4d31f10c7a1881437357 .heading-decorator-1:before, .id_169d4d31f10c7a1881437357 .heading-decorator-1:after { border-color: }\"><\/div>[\/vc_column][\/vc_row][vc_row full_width=&#8221;stretch_row_content_no_spaces&#8221; gap=&#8221;&#8221; css=&#8221;.vc_custom_1759574393557{background-image: url(https:\/\/mmvilla.com\/wp-content\/uploads\/2025\/10\/8-Mykonos-island-experiences-Quality-Brand-Villas-32.jpg?id=13825) !important;background-position: center !important;background-repeat: no-repeat !important;background-size: cover !important;}&#8221;][vc_column]<div class=\"rokka-carousel-container id_169d4d31f10d20739424677   carousel-fullwidth \" data-aos=\"\" data-aos-delay=\"0\">\n\t\t\t<div class=\"rokka-carousel swiper-container \" data-autoplay=\"4000\" data-arrows=\"false\" data-slide-loop=\"true\" data-slides=\"1\">\n\t\t\t\t<div class=\"swiper-wrapper\">[vc_row_inner equal_height=&#8221;yes&#8221; content_placement=&#8221;middle&#8221;][vc_column_inner width=&#8221;2\/12&#8243; overlay_color=&#8221;#23201f&#8221;][\/vc_column_inner][vc_column_inner width=&#8221;8\/12&#8243; text_color=&#8221;#ffffff&#8221; css=&#8221;.vc_custom_1759570141957{padding-top: 120px !important;padding-right: 60px !important;padding-bottom: 120px !important;padding-left: 60px !important;}&#8221;]<div class=\"heading-with-separator text-left id_169d4d31f10e071924828679  vc_custom_1759570377013  \"><div class=\"header-content\">\n\t\t\t<p class=\"h-subheading\">SPEZIALANGEBOT #1 \u2013 MANU MYKONOS VILLA<\/p>\n\t\t\t<h2 class=\"heading  heading-decorator-1\" style=\"; letter-spacing: 0px; \">Fr\u00fch buchen &amp; sparen<\/h2><\/div><\/div><div class=\"custom-styles\" data-styles=\".id_169d4d31f10e071924828679 .heading-decorator-1:before, .id_169d4d31f10e071924828679 .heading-decorator-1:after { border-color: }\"><\/div>[vc_column_text]<\/p>\n<h4 class=\"vc_custom_heading\"><strong data-start=\"0\" data-end=\"44\" data-is-only-node=\"\">SUMMER HEAT DEAL \u201310%<\/strong><\/h4>\n<h5 class=\"vc_custom_heading\">Buchen Sie fr\u00fcher als alle anderen und sichern Sie sich <strong data-start=\"248\" data-end=\"262\">10% Rabatt<\/strong> auf alle Aufenthalte der Saison. G\u00fcltig f\u00fcr Buchungen vom 1. September bis 31. M\u00e4rz.<\/h5>\n<p>[\/vc_column_text]<div class=\"btn-wrapper text-left id_169d4d31f10e45416048288   icon-left \" ><a href=\"https:\/\/mmvilla.com\/de\/manu-mykonos-villa-online-buchen\/\" target='_blank' class=\"btn btn-lg btn-light btn-outline\" data-btn-text=\"Buchen Sie Ihren Aufenthalt\">Buchen Sie Ihren Aufenthalt<\/a><\/div>[\/vc_column_inner][vc_column_inner width=&#8221;2\/12&#8243; overlay_color=&#8221;#23201f&#8221;][\/vc_column_inner][\/vc_row_inner][vc_row_inner equal_height=&#8221;yes&#8221; content_placement=&#8221;middle&#8221;][vc_column_inner width=&#8221;2\/12&#8243; overlay_color=&#8221;#23201f&#8221;][\/vc_column_inner][vc_column_inner width=&#8221;8\/12&#8243; text_color=&#8221;#ffffff&#8221; css=&#8221;.vc_custom_1759570199094{padding-top: 120px !important;padding-right: 60px !important;padding-bottom: 120px !important;padding-left: 60px !important;}&#8221;]<div class=\"heading-with-separator text-left id_169d4d31f10ed71870564997  vc_custom_1759570489678  \"><div class=\"header-content\">\n\t\t\t<p class=\"h-subheading\">SPEZIALANGEBOT #2 \u2013 MANU MYKONOS VILLA<\/p>\n\t\t\t<h2 class=\"heading  heading-decorator-1\" style=\"; letter-spacing: 0px; \">1 Nacht gratis f\u00fcr Ihren Urlaub<\/h2><\/div><\/div><div class=\"custom-styles\" data-styles=\".id_169d4d31f10ed71870564997 .heading-decorator-1:before, .id_169d4d31f10ed71870564997 .heading-decorator-1:after { border-color: #ffffff}\"><\/div>[vc_column_text]<\/p>\n<h4><strong data-start=\"0\" data-end=\"33\" data-is-only-node=\"\">LUXURY FOR LESS \u2013 7 N\u00c4CHTE ZUM PREIS VON 6<\/strong><\/h4>\n<h5>Buchen Sie Ihren Sommerurlaub f\u00fcr mindestens 6 N\u00e4chte und genie\u00dfen Sie <strong data-start=\"559\" data-end=\"592\">1 zus\u00e4tzliche Nacht kostenlos<\/strong>!<\/h5>\n<p>[\/vc_column_text]<div class=\"btn-wrapper text-left id_169d4d31f10f121447744583   icon-left \" ><a href=\"https:\/\/mmvilla.com\/de\/manu-mykonos-villa-online-buchen\/\" target='_blank' class=\"btn btn-lg btn-light btn-outline\" data-btn-text=\"Buchen Sie Ihren Aufenthalt\">Buchen Sie Ihren Aufenthalt<\/a><\/div>[\/vc_column_inner][vc_column_inner width=&#8221;2\/12&#8243; overlay_color=&#8221;#23201f&#8221;][\/vc_column_inner][\/vc_row_inner][vc_row_inner equal_height=&#8221;yes&#8221; content_placement=&#8221;middle&#8221;][vc_column_inner width=&#8221;2\/12&#8243; overlay_color=&#8221;#23201f&#8221;][\/vc_column_inner][vc_column_inner width=&#8221;8\/12&#8243; text_color=&#8221;#ffffff&#8221; css=&#8221;.vc_custom_1759570269458{padding-top: 120px !important;padding-right: 60px !important;padding-bottom: 120px !important;padding-left: 60px !important;}&#8221;]<div class=\"heading-with-separator text-left id_169d4d31f10f641126568841  vc_custom_1759570596809  \"><div class=\"header-content\">\n\t\t\t<p class=\"h-subheading\">SPEZIALANGEBOT #3 \u2013 MANU MYKONOS VILLA<\/p>\n\t\t\t<h2 class=\"heading  heading-decorator-1\" style=\"; letter-spacing: 0px; \">September Sommerangebot<\/h2><\/div><\/div><div class=\"custom-styles\" data-styles=\".id_169d4d31f10f641126568841 .heading-decorator-1:before, .id_169d4d31f10f641126568841 .heading-decorator-1:after { border-color: }\"><\/div>[vc_column_text]<\/p>\n<h4><strong data-start=\"0\" data-end=\"15\" data-is-only-node=\"\">SAISONANGEBOT: -10% PRIVILEG AUF ALLE HERBSTAUFENTHALTE<\/strong><\/h4>\n<h5>Genie\u00dfen Sie einen herbstlichen Kurzurlaub auf Mykonos mit <strong data-start=\"798\" data-end=\"823\">exklusiven 10% Rabatt<\/strong> \u2013 g\u00fcltig f\u00fcr Aufenthalte vom 15. September bis 31. Oktober.<\/h5>\n<p>[\/vc_column_text]<div class=\"btn-wrapper text-left id_169d4d31f10f94418041973   icon-left \" ><a href=\"https:\/\/mmvilla.com\/de\/manu-mykonos-villa-online-buchen\/\" target='_blank' class=\"btn btn-lg btn-light btn-outline\" data-btn-text=\"Buchen Sie Ihren Aufenthalt\">Buchen Sie Ihren Aufenthalt<\/a><\/div>[\/vc_column_inner][vc_column_inner width=&#8221;2\/12&#8243; overlay_color=&#8221;#23201f&#8221;][\/vc_column_inner][\/vc_row_inner]<\/div><\/div><\/div><div class=\"custom-styles\" data-styles=\".id_169d4d31f10d20739424677 .swiper-pagination-bullet { background-color: ; color:  } .id_169d4d31f10d20739424677 .rokka-carousel-pagination .swiper-pagination-bullet.swiper-pagination-bullet-active { background-color: } .id_169d4d31f10d20739424677 .rokka-carousel-pagination .swiper-pagination-bullet.swiper-pagination-bullet-active { border-color: }\"><\/div>[\/vc_column][\/vc_row]<\/p>","protected":false},"excerpt":{"rendered":"<p>[vc_row full_width=&#8221;stretch_row_content&#8221; gap=&#8221;&#8221; parallax_image=&#8221;8754&#8243; overlay_color=&#8221;rgba(0,0,0,0.5)&#8221; text_color=&#8221;#ffffff&#8221; css=&#8221;.vc_custom_1759534813855{padding-top: 120px !important;padding-bottom: 120px !important;}&#8221;][vc_column][\/vc_column][\/vc_row][vc_row full_width=&#8221;stretch_row_content_no_spaces&#8221; gap=&#8221;&#8221; css=&#8221;.vc_custom_1759574393557{background-image: url(https:\/\/mmvilla.com\/wp-content\/uploads\/2025\/10\/8-Mykonos-island-experiences-Quality-Brand-Villas-32.jpg?id=13825) !important;background-position: center !important;background-repeat: no-repeat !important;background-size: cover !important;}&#8221;][vc_column][\/vc_column][\/vc_row]<\/p>\n","protected":false},"author":6,"featured_media":0,"parent":0,"menu_order":0,"comment_status":"closed","ping_status":"closed","template":"","meta":{"footnotes":""},"class_list":["post-11992","page","type-page","status-publish","hentry"],"yoast_head":"<!-- This site is optimized with the Yoast SEO Premium plugin v23.5 (Yoast SEO v25.7) - https:\/\/yoast.com\/wordpress\/plugins\/seo\/ -->\n<title>Mykonos Villa Angebote \u2013 exklusive Sonderaktionen<\/title>\n<meta name=\"description\" content=\"Entdecken Sie exklusive Angebote &amp; Special Deals f\u00fcr unsere Luxusvillen in Mykonos \u2013 sparen Sie bei Ihrem Traumaufenthalt\" \/>\n<meta name=\"robots\" content=\"index, follow, max-snippet:-1, max-image-preview:large, max-video-preview:-1\" \/>\n<link rel=\"canonical\" href=\"https:\/\/mmvilla.com\/de\/manu-mykonos-villa-angebote\/\" \/>\n<meta property=\"og:locale\" content=\"de_DE\" \/>\n<meta property=\"og:type\" content=\"article\" \/>\n<meta property=\"og:title\" content=\"MANU MYKONOS VILLA Offers\" \/>\n<meta property=\"og:description\" content=\"Entdecken Sie exklusive Angebote &amp; Special Deals f\u00fcr unsere Luxusvillen in Mykonos \u2013 sparen Sie bei Ihrem Traumaufenthalt\" \/>\n<meta property=\"og:url\" content=\"https:\/\/mmvilla.com\/de\/manu-mykonos-villa-angebote\/\" \/>\n<meta property=\"og:site_name\" content=\"Majestic Manu Mykonos \u2013 Private Villa, Premium Suites &amp; More\" \/>\n<meta property=\"article:publisher\" content=\"https:\/\/www.facebook.com\/p\/Quality-Brand-Villas-100039678235957\/\" \/>\n<meta property=\"article:modified_time\" content=\"2025-10-10T17:38:07+00:00\" \/>\n<meta name=\"twitter:card\" content=\"summary_large_image\" \/>\n<meta name=\"twitter:label1\" content=\"Gesch\u00e4tzte Lesezeit\" \/>\n\t<meta name=\"twitter:data1\" content=\"2\u00a0Minuten\" \/>\n<script type=\"application\/ld+json\" class=\"yoast-schema-graph\">{\"@context\":\"https:\/\/schema.org\",\"@graph\":[{\"@type\":\"WebPage\",\"@id\":\"https:\/\/mmvilla.com\/de\/manu-mykonos-villa-angebote\/\",\"url\":\"https:\/\/mmvilla.com\/de\/manu-mykonos-villa-angebote\/\",\"name\":\"Mykonos Villa Angebote \u2013 exklusive Sonderaktionen\",\"isPartOf\":{\"@id\":\"https:\/\/mmvilla.com\/#website\"},\"datePublished\":\"2024-09-24T06:32:53+00:00\",\"dateModified\":\"2025-10-10T17:38:07+00:00\",\"description\":\"Entdecken Sie exklusive Angebote & Special Deals f\u00fcr unsere Luxusvillen in Mykonos \u2013 sparen Sie bei Ihrem Traumaufenthalt\",\"breadcrumb\":{\"@id\":\"https:\/\/mmvilla.com\/de\/manu-mykonos-villa-angebote\/#breadcrumb\"},\"inLanguage\":\"de\",\"potentialAction\":[{\"@type\":\"ReadAction\",\"target\":[\"https:\/\/mmvilla.com\/de\/manu-mykonos-villa-angebote\/\"]}]},{\"@type\":\"BreadcrumbList\",\"@id\":\"https:\/\/mmvilla.com\/de\/manu-mykonos-villa-angebote\/#breadcrumb\",\"itemListElement\":[{\"@type\":\"ListItem\",\"position\":1,\"name\":\"Home\",\"item\":\"https:\/\/mmvilla.com\/de\/\"},{\"@type\":\"ListItem\",\"position\":2,\"name\":\"MANU MYKONOS VILLA Offers\"}]},{\"@type\":\"WebSite\",\"@id\":\"https:\/\/mmvilla.com\/#website\",\"url\":\"https:\/\/mmvilla.com\/\",\"name\":\"Manu Mykonos Villa\",\"description\":\"Mykonos Luxury Living, Perfected by Majestic Manu\",\"publisher\":{\"@id\":\"https:\/\/mmvilla.com\/#organization\"},\"alternateName\":\"MMVILLA\",\"potentialAction\":[{\"@type\":\"SearchAction\",\"target\":{\"@type\":\"EntryPoint\",\"urlTemplate\":\"https:\/\/mmvilla.com\/?s={search_term_string}\"},\"query-input\":{\"@type\":\"PropertyValueSpecification\",\"valueRequired\":true,\"valueName\":\"search_term_string\"}}],\"inLanguage\":\"de\"},{\"@type\":\"Organization\",\"@id\":\"https:\/\/mmvilla.com\/#organization\",\"name\":\"QB Villas\",\"url\":\"https:\/\/mmvilla.com\/\",\"logo\":{\"@type\":\"ImageObject\",\"inLanguage\":\"de\",\"@id\":\"https:\/\/mmvilla.com\/#\/schema\/logo\/image\/\",\"url\":\"https:\/\/mmvilla.com\/wp-content\/uploads\/2018\/12\/QUALITY-BRAND-LOGO-KEM-QBVILLAS.png\",\"contentUrl\":\"https:\/\/mmvilla.com\/wp-content\/uploads\/2018\/12\/QUALITY-BRAND-LOGO-KEM-QBVILLAS.png\",\"width\":487,\"height\":500,\"caption\":\"QB Villas\"},\"image\":{\"@id\":\"https:\/\/mmvilla.com\/#\/schema\/logo\/image\/\"},\"sameAs\":[\"https:\/\/www.facebook.com\/p\/Quality-Brand-Villas-100039678235957\/\",\"https:\/\/www.instagram.com\/qualitybrandvillas\/\",\"https:\/\/www.linkedin.com\/company\/quality-brand-villas\"]}]}<\/script>\n<!-- \/ Yoast SEO Premium plugin. -->","yoast_head_json":{"title":"Mykonos Villa Angebote \u2013 exklusive Sonderaktionen","description":"Entdecken Sie exklusive Angebote & Special Deals f\u00fcr unsere Luxusvillen in Mykonos \u2013 sparen Sie bei Ihrem Traumaufenthalt","robots":{"index":"index","follow":"follow","max-snippet":"max-snippet:-1","max-image-preview":"max-image-preview:large","max-video-preview":"max-video-preview:-1"},"canonical":"https:\/\/mmvilla.com\/de\/manu-mykonos-villa-angebote\/","og_locale":"de_DE","og_type":"article","og_title":"MANU MYKONOS VILLA Offers","og_description":"Entdecken Sie exklusive Angebote & Special Deals f\u00fcr unsere Luxusvillen in Mykonos \u2013 sparen Sie bei Ihrem Traumaufenthalt","og_url":"https:\/\/mmvilla.com\/de\/manu-mykonos-villa-angebote\/","og_site_name":"Majestic Manu Mykonos \u2013 Private Villa, Premium Suites &amp; More","article_publisher":"https:\/\/www.facebook.com\/p\/Quality-Brand-Villas-100039678235957\/","article_modified_time":"2025-10-10T17:38:07+00:00","twitter_card":"summary_large_image","twitter_misc":{"Gesch\u00e4tzte Lesezeit":"2\u00a0Minuten"},"schema":{"@context":"https:\/\/schema.org","@graph":[{"@type":"WebPage","@id":"https:\/\/mmvilla.com\/de\/manu-mykonos-villa-angebote\/","url":"https:\/\/mmvilla.com\/de\/manu-mykonos-villa-angebote\/","name":"Mykonos Villa Angebote \u2013 exklusive Sonderaktionen","isPartOf":{"@id":"https:\/\/mmvilla.com\/#website"},"datePublished":"2024-09-24T06:32:53+00:00","dateModified":"2025-10-10T17:38:07+00:00","description":"Entdecken Sie exklusive Angebote & Special Deals f\u00fcr unsere Luxusvillen in Mykonos \u2013 sparen Sie bei Ihrem Traumaufenthalt","breadcrumb":{"@id":"https:\/\/mmvilla.com\/de\/manu-mykonos-villa-angebote\/#breadcrumb"},"inLanguage":"de","potentialAction":[{"@type":"ReadAction","target":["https:\/\/mmvilla.com\/de\/manu-mykonos-villa-angebote\/"]}]},{"@type":"BreadcrumbList","@id":"https:\/\/mmvilla.com\/de\/manu-mykonos-villa-angebote\/#breadcrumb","itemListElement":[{"@type":"ListItem","position":1,"name":"Home","item":"https:\/\/mmvilla.com\/de\/"},{"@type":"ListItem","position":2,"name":"MANU MYKONOS VILLA Offers"}]},{"@type":"WebSite","@id":"https:\/\/mmvilla.com\/#website","url":"https:\/\/mmvilla.com\/","name":"Manu Mykonos Villa","description":"Mykonos Luxury Living, Perfected by Majestic Manu","publisher":{"@id":"https:\/\/mmvilla.com\/#organization"},"alternateName":"MMVILLA","potentialAction":[{"@type":"SearchAction","target":{"@type":"EntryPoint","urlTemplate":"https:\/\/mmvilla.com\/?s={search_term_string}"},"query-input":{"@type":"PropertyValueSpecification","valueRequired":true,"valueName":"search_term_string"}}],"inLanguage":"de"},{"@type":"Organization","@id":"https:\/\/mmvilla.com\/#organization","name":"QB Villas","url":"https:\/\/mmvilla.com\/","logo":{"@type":"ImageObject","inLanguage":"de","@id":"https:\/\/mmvilla.com\/#\/schema\/logo\/image\/","url":"https:\/\/mmvilla.com\/wp-content\/uploads\/2018\/12\/QUALITY-BRAND-LOGO-KEM-QBVILLAS.png","contentUrl":"https:\/\/mmvilla.com\/wp-content\/uploads\/2018\/12\/QUALITY-BRAND-LOGO-KEM-QBVILLAS.png","width":487,"height":500,"caption":"QB Villas"},"image":{"@id":"https:\/\/mmvilla.com\/#\/schema\/logo\/image\/"},"sameAs":["https:\/\/www.facebook.com\/p\/Quality-Brand-Villas-100039678235957\/","https:\/\/www.instagram.com\/qualitybrandvillas\/","https:\/\/www.linkedin.com\/company\/quality-brand-villas"]}]}},"_links":{"self":[{"href":"https:\/\/mmvilla.com\/de\/wp-json\/wp\/v2\/pages\/11992","targetHints":{"allow":["GET"]}}],"collection":[{"href":"https:\/\/mmvilla.com\/de\/wp-json\/wp\/v2\/pages"}],"about":[{"href":"https:\/\/mmvilla.com\/de\/wp-json\/wp\/v2\/types\/page"}],"author":[{"embeddable":true,"href":"https:\/\/mmvilla.com\/de\/wp-json\/wp\/v2\/users\/6"}],"replies":[{"embeddable":true,"href":"https:\/\/mmvilla.com\/de\/wp-json\/wp\/v2\/comments?post=11992"}],"version-history":[{"count":16,"href":"https:\/\/mmvilla.com\/de\/wp-json\/wp\/v2\/pages\/11992\/revisions"}],"predecessor-version":[{"id":14906,"href":"https:\/\/mmvilla.com\/de\/wp-json\/wp\/v2\/pages\/11992\/revisions\/14906"}],"wp:attachment":[{"href":"https:\/\/mmvilla.com\/de\/wp-json\/wp\/v2\/media?parent=11992"}],"curies":[{"name":"wp","href":"https:\/\/api.w.org\/{rel}","templated":true}]}}