{"id":11994,"date":"2021-11-18T09:49:16","date_gmt":"2021-11-18T07:49:16","guid":{"rendered":"https:\/\/mmvilla.com\/useful-information\/"},"modified":"2025-10-04T14:53:23","modified_gmt":"2025-10-04T11:53:23","slug":"nuetzliche-informationen","status":"publish","type":"page","link":"https:\/\/mmvilla.com\/de\/nuetzliche-informationen\/","title":{"rendered":"Manu Mykonos Useful Information"},"content":{"rendered":"<p>[vc_row full_width=&#8221;stretch_row_content&#8221; gap=&#8221;&#8221; parallax=&#8221;content-moving&#8221; overlay_color=&#8221;rgba(33,33,33,0.4)&#8221; text_color=&#8221;#ffffff&#8221; css=&#8221;.vc_custom_1759578701401{padding-top: 120px !important;padding-bottom: 120px !important;background-image: url(https:\/\/mmvilla.com\/wp-content\/uploads\/2025\/10\/Mykonos-town-Quality-Brand-Villas-14.jpg?id=13818) !important;background-position: center;background-repeat: no-repeat !important;background-size: cover !important;}&#8221;][vc_column][vc_column_text css_animation=&#8221;fadeInUp&#8221;]<\/p>\n<h2>N\u00fctzliche Informationen<\/h2>\n<p>[\/vc_column_text][\/vc_column][\/vc_row][vc_row full_width=&#8221;stretch_row_content&#8221; gap=&#8221;&#8221; parallax=&#8221;content-moving&#8221; text_color=&#8221;#ffffff&#8221; css=&#8221;.vc_custom_1757781336605{padding-top: 40px !important;padding-bottom: 40px !important;background-position: center;background-repeat: no-repeat !important;background-size: cover !important;}&#8221;][vc_column width=&#8221;1\/3&#8243;][vc_toggle title=&#8221;Anreise &amp; Transfers&#8221; custom_font_container=&#8221;tag:h5|text_align:left|color:%23000000&#8243; custom_use_theme_fonts=&#8221;yes&#8221; use_custom_heading=&#8221;true&#8221;]<span style=\"color: #000000;\">Der <strong data-start=\"4\" data-end=\"43\">Mykonos International Airport (JMK)<\/strong> liegt nur etwa <strong data-start=\"59\" data-end=\"100\">10 Fahrminuten von der Villa entfernt<\/strong>.<\/span><br data-start=\"101\" data-end=\"104\" \/><span style=\"color: #000000;\">Auf Wunsch organisieren wir <strong data-start=\"132\" data-end=\"189\">private Transfers mit Luxusfahrzeugen oder Limousinen<\/strong><\/span><br data-start=\"189\" data-end=\"192\" \/><span style=\"color: #000000;\">sowie einen <strong data-start=\"204\" data-end=\"264\">Chauffeurservice f\u00fcr die gesamte Dauer Ihres Aufenthalts<\/strong>.<\/span>[\/vc_toggle][vc_toggle title=&#8221;check-in &amp; check-out&#8221; custom_font_container=&#8221;tag:h5|text_align:left|color:%23000000&#8243; custom_use_theme_fonts=&#8221;yes&#8221; use_custom_heading=&#8221;true&#8221;]<\/p>\n<p data-start=\"0\" data-end=\"67\"><span style=\"color: #000000;\"><strong data-start=\"0\" data-end=\"13\">Check-in:<\/strong> ab <strong data-start=\"17\" data-end=\"30\" data-is-only-node=\"\">15:00 Uhr<\/strong><\/span><br data-start=\"30\" data-end=\"33\" \/><span style=\"color: #000000;\"><strong data-start=\"33\" data-end=\"47\">Check-out:<\/strong> bis <strong data-start=\"52\" data-end=\"65\">11:00 Uhr<\/strong><\/span><\/p>\n<p data-start=\"69\" data-end=\"188\" data-is-last-node=\"\" data-is-only-node=\"\"><span style=\"color: #000000;\">Ein <strong data-start=\"73\" data-end=\"92\">fr\u00fcher Check-in<\/strong> oder <strong data-start=\"98\" data-end=\"118\">sp\u00e4ter Check-out<\/strong> kann <strong data-start=\"124\" data-end=\"139\">auf Anfrage<\/strong> und je nach <strong data-start=\"152\" data-end=\"169\">Verf\u00fcgbarkeit<\/strong> arrangiert werden.<\/span><\/p>\n<p>[\/vc_toggle][vc_toggle title=&#8221;Stornierungen &amp; \u00c4nderungen&#8221; custom_font_container=&#8221;tag:h5|text_align:left|color:%23000000&#8243; custom_use_theme_fonts=&#8221;yes&#8221; use_custom_heading=&#8221;true&#8221;]<span style=\"color: #000000;\">Die <strong data-start=\"4\" data-end=\"31\">Stornierungsbedingungen<\/strong> variieren je nach <strong data-start=\"50\" data-end=\"71\">gew\u00e4hltem Angebot<\/strong>.<\/span><br data-start=\"72\" data-end=\"75\" \/><span style=\"color: #000000;\">F\u00fcr <strong data-start=\"79\" data-end=\"105\">aktuelle Informationen<\/strong> wenden Sie sich bitte an unser <strong data-start=\"137\" data-end=\"158\">Reservierungsteam<\/strong><\/span><br data-start=\"158\" data-end=\"161\" \/><span style=\"color: #000000;\">oder entnehmen Sie die Details Ihrer <strong data-start=\"198\" data-end=\"221\">Buchungsbest\u00e4tigung<\/strong>.<\/span>[\/vc_toggle][\/vc_column][vc_column width=&#8221;1\/3&#8243;][vc_toggle title=&#8221;Zahlungen &amp; W\u00e4hrung&#8221; custom_font_container=&#8221;tag:h5|text_align:left|color:%23000000&#8243; custom_use_theme_fonts=&#8221;yes&#8221; use_custom_heading=&#8221;true&#8221;]<span style=\"color: #000000;\">Wir akzeptieren <strong data-start=\"16\" data-end=\"62\">alle g\u00e4ngigen internationalen Kreditkarten<\/strong><\/span><br data-start=\"62\" data-end=\"65\" \/><span style=\"color: #000000;\">(<strong data-start=\"66\" data-end=\"104\">Visa, MasterCard, American Express<\/strong>) sowie <strong data-start=\"112\" data-end=\"133\">Bank\u00fcberweisungen<\/strong>.<\/span><br data-start=\"134\" data-end=\"137\" \/><span style=\"color: #000000;\">Die offizielle W\u00e4hrung ist der <strong data-start=\"168\" data-end=\"180\">Euro (\u20ac)<\/strong>.<\/span>[\/vc_toggle][vc_toggle title=&#8221;WLAN &amp; Strom&#8221; custom_font_container=&#8221;tag:h5|text_align:left|color:%23000000&#8243; custom_use_theme_fonts=&#8221;yes&#8221; use_custom_heading=&#8221;true&#8221;]<span style=\"color: #000000;\">Die Villa bietet <strong data-start=\"17\" data-end=\"47\">kostenloses Highspeed-WLAN<\/strong>.<\/span><br data-start=\"48\" data-end=\"51\" \/><span style=\"color: #000000;\">Der <strong data-start=\"55\" data-end=\"73\">Stromanschluss<\/strong> betr\u00e4gt <strong data-start=\"82\" data-end=\"94\">220 Volt<\/strong> und verwendet <strong data-start=\"109\" data-end=\"153\">Steckdosen des Typs C und F (europ\u00e4isch)<\/strong>.<\/span>[\/vc_toggle][vc_toggle title=&#8221;Klima &amp; Kleidung&#8221; custom_font_container=&#8221;tag:h5|text_align:left|color:%23000000&#8243; custom_use_theme_fonts=&#8221;yes&#8221; use_custom_heading=&#8221;true&#8221;]<span style=\"color: #000000;\">Mykonos genie\u00dft ein <strong data-start=\"20\" data-end=\"42\">mediterranes Klima<\/strong> mit <strong data-start=\"47\" data-end=\"76\">hei\u00dfen, trockenen Sommern<\/strong>.<\/span><br data-start=\"77\" data-end=\"80\" \/><span style=\"color: #000000;\">Wir empfehlen <strong data-start=\"94\" data-end=\"114\">leichte Kleidung<\/strong>, <strong data-start=\"116\" data-end=\"132\">Sonnenschutz<\/strong> und eine <strong data-start=\"142\" data-end=\"159\">leichte Jacke<\/strong> f\u00fcr <strong data-start=\"164\" data-end=\"182\">windige Abende<\/strong>.<\/span>[\/vc_toggle][\/vc_column][vc_column width=&#8221;1\/3&#8243;][vc_toggle title=&#8221;Entfernungen &amp; Nahegelegene Services&#8221; custom_font_container=&#8221;tag:h5|text_align:left|color:%23000000&#8243; custom_use_theme_fonts=&#8221;yes&#8221; use_custom_heading=&#8221;true&#8221;]<span style=\"color: #000000;\"><strong data-start=\"0\" data-end=\"20\" data-is-only-node=\"\">Agia Anna Beach:<\/strong> 150 m<\/span><br data-start=\"26\" data-end=\"29\" \/><span style=\"color: #000000;\"><strong data-start=\"29\" data-end=\"44\">Supermarkt:<\/strong> 5 Minuten Fahrt<\/span><br data-start=\"60\" data-end=\"63\" \/><span style=\"color: #000000;\"><strong data-start=\"63\" data-end=\"77\">Minimarkt:<\/strong> 200 m<\/span><br data-start=\"83\" data-end=\"86\" \/><span style=\"color: #000000;\"><strong data-start=\"86\" data-end=\"105\">Autovermietung:<\/strong> 200 m<\/span><br data-start=\"111\" data-end=\"114\" \/><span style=\"color: #000000;\"><strong data-start=\"114\" data-end=\"137\">Restaurants &amp; Bars:<\/strong> nur wenige Minuten zu Fu\u00df oder mit dem Auto<\/span>[\/vc_toggle][vc_toggle title=&#8221;Gesundheit &amp; Sicherheit&#8221; custom_font_container=&#8221;tag:h5|text_align:left|color:%23000000&#8243; custom_use_theme_fonts=&#8221;yes&#8221; use_custom_heading=&#8221;true&#8221;]<span style=\"color: #000000;\">Eine <strong data-start=\"5\" data-end=\"17\">Apotheke<\/strong> und ein <strong data-start=\"26\" data-end=\"51\">medizinisches Zentrum<\/strong> befinden sich in <strong data-start=\"69\" data-end=\"92\">10 Minuten Fahrzeit<\/strong>.<\/span><br data-start=\"93\" data-end=\"96\" \/><span style=\"color: #000000;\"><strong data-start=\"96\" data-end=\"118\">Nationaler Notruf:<\/strong> <strong data-start=\"119\" data-end=\"126\">112<\/strong><\/span><br data-start=\"126\" data-end=\"129\" \/><span style=\"color: #000000;\">Auf Wunsch organisieren wir gern einen <strong data-start=\"168\" data-end=\"202\">bereitschafts\u00e4rztlichen Dienst<\/strong> oder einen <strong data-start=\"214\" data-end=\"245\">privaten Sicherheitsservice<\/strong>.<\/span>[\/vc_toggle][vc_toggle title=&#8221;Kulturelle Tipps&#8221; custom_font_container=&#8221;tag:h5|text_align:left|color:%23000000&#8243; custom_use_theme_fonts=&#8221;yes&#8221; use_custom_heading=&#8221;true&#8221;]<span style=\"color: #000000;\">Die Insel ist bekannt f\u00fcr ihre <strong data-start=\"31\" data-end=\"61\">herzliche Gastfreundschaft<\/strong>.<\/span><br data-start=\"62\" data-end=\"65\" \/><span style=\"color: #000000;\">Ein <strong data-start=\"69\" data-end=\"93\">Trinkgeld von 5\u201310 %<\/strong> f\u00fcr ausgezeichneten Service ist <strong data-start=\"126\" data-end=\"136\">\u00fcblich<\/strong>.<\/span><br data-start=\"137\" data-end=\"140\" \/><span style=\"color: #000000;\"><strong data-start=\"140\" data-end=\"164\">Respektvoller Umgang<\/strong> mit Str\u00e4nden und \u00f6ffentlichen Pl\u00e4tzen wird <strong data-start=\"208\" data-end=\"226\">sehr gesch\u00e4tzt<\/strong>.<\/span>[\/vc_toggle][\/vc_column][\/vc_row][vc_row full_width=&#8221;stretch_row_content&#8221; gap=&#8221;&#8221; content_placement=&#8221;middle&#8221; parallax=&#8221;content-moving&#8221; parallax_speed_bg=&#8221;0&#8243; text_color=&#8221;#ffffff&#8221; css=&#8221;.vc_custom_1757781304916{padding-top: 0px !important;padding-bottom: 0px !important;}&#8221;][vc_column][vc_raw_html]JTNDJTIxLS0lMjBFbGZzaWdodCUyMEdvb2dsZSUyME1hcHMlMjAlN0MlMjBVbnRpdGxlZCUyMEdvb2dsZSUyME1hcHMlMjAtLSUzRSUwQSUzQ3NjcmlwdCUyMHNyYyUzRCUyMmh0dHBzJTNBJTJGJTJGc3RhdGljLmVsZnNpZ2h0LmNvbSUyRnBsYXRmb3JtJTJGcGxhdGZvcm0uanMlMjIlMjBhc3luYyUzRSUzQyUyRnNjcmlwdCUzRSUwQSUzQ2RpdiUyMGNsYXNzJTNEJTIyZWxmc2lnaHQtYXBwLTQwNjY2NjljLTJhODEtNDgxZi05MjVjLWU3OTcyZmUzZjM1MCUyMiUyMGRhdGEtZWxmc2lnaHQtYXBwLWxhenklM0UlM0MlMkZkaXYlM0U=[\/vc_raw_html][\/vc_column][\/vc_row][vc_row gap=&#8221;&#8221; css=&#8221;.vc_custom_1740658197208{padding-top: 0px !important;}&#8221;][vc_column][vc_raw_html]JTNDc2NyaXB0JTIwc3JjJTNEJTIyaHR0cHMlM0ElMkYlMkZzdGF0aWMuZWxmc2lnaHQuY29tJTJGcGxhdGZvcm0lMkZwbGF0Zm9ybS5qcyUyMiUyMGRhdGEtdXNlLXNlcnZpY2UtY29yZSUyMGRlZmVyJTNFJTNDJTJGc2NyaXB0JTNFJTBBJTNDZGl2JTIwY2xhc3MlM0QlMjJlbGZzaWdodC1hcHAtNzY2ZjQ3MWUtMGEyZC00YTA2LTk1MWUtMGYxYTQxZmRjZDhlJTIyJTIwZGF0YS1lbGZzaWdodC1hcHAtbGF6eSUzRSUzQyUyRmRpdiUzRQ==[\/vc_raw_html][\/vc_column][\/vc_row]<\/p>","protected":false},"excerpt":{"rendered":"<p>[vc_row full_width=&#8221;stretch_row_content&#8221; gap=&#8221;&#8221; parallax=&#8221;content-moving&#8221; overlay_color=&#8221;rgba(33,33,33,0.4)&#8221; text_color=&#8221;#ffffff&#8221; css=&#8221;.vc_custom_1759578701401{padding-top: 120px !important;padding-bottom: 120px !important;background-image: url(https:\/\/mmvilla.com\/wp-content\/uploads\/2025\/10\/Mykonos-town-Quality-Brand-Villas-14.jpg?id=13818) !important;background-position: center;background-repeat: no-repeat !important;background-size: cover !important;}&#8221;][vc_column][vc_column_text css_animation=&#8221;fadeInUp&#8221;] N\u00fctzliche Informationen [\/vc_column_text][\/vc_column][\/vc_row][vc_row full_width=&#8221;stretch_row_content&#8221; gap=&#8221;&#8221; parallax=&#8221;content-moving&#8221; text_color=&#8221;#ffffff&#8221; css=&#8221;.vc_custom_1757781336605{padding-top: 40px !important;padding-bottom: 40px !important;background-position: center;background-repeat: no-repeat !important;background-size: cover !important;}&#8221;][vc_column width=&#8221;1\/3&#8243;][vc_toggle title=&#8221;Anreise &amp; Transfers&#8221; custom_font_container=&#8221;tag:h5|text_align:left|color:%23000000&#8243; custom_use_theme_fonts=&#8221;yes&#8221; use_custom_heading=&#8221;true&#8221;]Der Mykonos International Airport (JMK) liegt nur etwa 10 Fahrminuten von der Villa[&#8230;] <a href=\"https:\/\/mmvilla.com\/de\/nuetzliche-informationen\/\" class=\"more-link\">Continue reading<\/a><\/p>\n","protected":false},"author":6,"featured_media":0,"parent":0,"menu_order":0,"comment_status":"closed","ping_status":"closed","template":"","meta":{"footnotes":""},"class_list":["post-11994","page","type-page","status-publish","hentry"],"yoast_head":"<!-- This site is optimized with the Yoast SEO Premium plugin v23.5 (Yoast SEO v25.7) - https:\/\/yoast.com\/wordpress\/plugins\/seo\/ -->\n<title>Manu Mykonos Villa \u2013 n\u00fctzliche Informationen &amp; Tipps<\/title>\n<meta name=\"description\" content=\"Wichtige Informationen &amp; Tipps f\u00fcr Ihren Mykonos-Manu-Villaaufenthalt: Anreise, Klima, Inselguide &amp; mehr. Infos &amp; Tipps\" \/>\n<meta name=\"robots\" content=\"index, follow, max-snippet:-1, max-image-preview:large, max-video-preview:-1\" \/>\n<link rel=\"canonical\" href=\"https:\/\/mmvilla.com\/de\/nuetzliche-informationen\/\" \/>\n<meta property=\"og:locale\" content=\"de_DE\" \/>\n<meta property=\"og:type\" content=\"article\" \/>\n<meta property=\"og:title\" content=\"Manu Mykonos Useful Information\" \/>\n<meta property=\"og:description\" content=\"Wichtige Informationen &amp; Tipps f\u00fcr Ihren Mykonos-Manu-Villaaufenthalt: Anreise, Klima, Inselguide &amp; mehr. Infos &amp; Tipps\" \/>\n<meta property=\"og:url\" content=\"https:\/\/mmvilla.com\/de\/nuetzliche-informationen\/\" \/>\n<meta property=\"og:site_name\" content=\"Majestic Manu Mykonos \u2013 Private Villa, Premium Suites &amp; More\" \/>\n<meta property=\"article:publisher\" content=\"https:\/\/www.facebook.com\/p\/Quality-Brand-Villas-100039678235957\/\" \/>\n<meta property=\"article:modified_time\" content=\"2025-10-04T11:53:23+00:00\" \/>\n<meta name=\"twitter:card\" content=\"summary_large_image\" \/>\n<meta name=\"twitter:label1\" content=\"Gesch\u00e4tzte Lesezeit\" \/>\n\t<meta name=\"twitter:data1\" content=\"2\u00a0Minuten\" \/>\n<script type=\"application\/ld+json\" class=\"yoast-schema-graph\">{\"@context\":\"https:\/\/schema.org\",\"@graph\":[{\"@type\":\"WebPage\",\"@id\":\"https:\/\/mmvilla.com\/de\/nuetzliche-informationen\/\",\"url\":\"https:\/\/mmvilla.com\/de\/nuetzliche-informationen\/\",\"name\":\"Manu Mykonos Villa \u2013 n\u00fctzliche Informationen & Tipps\",\"isPartOf\":{\"@id\":\"https:\/\/mmvilla.com\/#website\"},\"datePublished\":\"2021-11-18T07:49:16+00:00\",\"dateModified\":\"2025-10-04T11:53:23+00:00\",\"description\":\"Wichtige Informationen & Tipps f\u00fcr Ihren Mykonos-Manu-Villaaufenthalt: Anreise, Klima, Inselguide & mehr. Infos & Tipps\",\"breadcrumb\":{\"@id\":\"https:\/\/mmvilla.com\/de\/nuetzliche-informationen\/#breadcrumb\"},\"inLanguage\":\"de\",\"potentialAction\":[{\"@type\":\"ReadAction\",\"target\":[\"https:\/\/mmvilla.com\/de\/nuetzliche-informationen\/\"]}]},{\"@type\":\"BreadcrumbList\",\"@id\":\"https:\/\/mmvilla.com\/de\/nuetzliche-informationen\/#breadcrumb\",\"itemListElement\":[{\"@type\":\"ListItem\",\"position\":1,\"name\":\"Home\",\"item\":\"https:\/\/mmvilla.com\/de\/\"},{\"@type\":\"ListItem\",\"position\":2,\"name\":\"Manu Mykonos Useful Information\"}]},{\"@type\":\"WebSite\",\"@id\":\"https:\/\/mmvilla.com\/#website\",\"url\":\"https:\/\/mmvilla.com\/\",\"name\":\"Manu Mykonos Villa\",\"description\":\"Mykonos Luxury Living, Perfected by Majestic Manu\",\"publisher\":{\"@id\":\"https:\/\/mmvilla.com\/#organization\"},\"alternateName\":\"MMVILLA\",\"potentialAction\":[{\"@type\":\"SearchAction\",\"target\":{\"@type\":\"EntryPoint\",\"urlTemplate\":\"https:\/\/mmvilla.com\/?s={search_term_string}\"},\"query-input\":{\"@type\":\"PropertyValueSpecification\",\"valueRequired\":true,\"valueName\":\"search_term_string\"}}],\"inLanguage\":\"de\"},{\"@type\":\"Organization\",\"@id\":\"https:\/\/mmvilla.com\/#organization\",\"name\":\"QB Villas\",\"url\":\"https:\/\/mmvilla.com\/\",\"logo\":{\"@type\":\"ImageObject\",\"inLanguage\":\"de\",\"@id\":\"https:\/\/mmvilla.com\/#\/schema\/logo\/image\/\",\"url\":\"https:\/\/mmvilla.com\/wp-content\/uploads\/2018\/12\/QUALITY-BRAND-LOGO-KEM-QBVILLAS.png\",\"contentUrl\":\"https:\/\/mmvilla.com\/wp-content\/uploads\/2018\/12\/QUALITY-BRAND-LOGO-KEM-QBVILLAS.png\",\"width\":487,\"height\":500,\"caption\":\"QB Villas\"},\"image\":{\"@id\":\"https:\/\/mmvilla.com\/#\/schema\/logo\/image\/\"},\"sameAs\":[\"https:\/\/www.facebook.com\/p\/Quality-Brand-Villas-100039678235957\/\",\"https:\/\/www.instagram.com\/qualitybrandvillas\/\",\"https:\/\/www.linkedin.com\/company\/quality-brand-villas\"]}]}<\/script>\n<!-- \/ Yoast SEO Premium plugin. -->","yoast_head_json":{"title":"Manu Mykonos Villa \u2013 n\u00fctzliche Informationen & Tipps","description":"Wichtige Informationen & Tipps f\u00fcr Ihren Mykonos-Manu-Villaaufenthalt: Anreise, Klima, Inselguide & mehr. Infos & Tipps","robots":{"index":"index","follow":"follow","max-snippet":"max-snippet:-1","max-image-preview":"max-image-preview:large","max-video-preview":"max-video-preview:-1"},"canonical":"https:\/\/mmvilla.com\/de\/nuetzliche-informationen\/","og_locale":"de_DE","og_type":"article","og_title":"Manu Mykonos Useful Information","og_description":"Wichtige Informationen & Tipps f\u00fcr Ihren Mykonos-Manu-Villaaufenthalt: Anreise, Klima, Inselguide & mehr. Infos & Tipps","og_url":"https:\/\/mmvilla.com\/de\/nuetzliche-informationen\/","og_site_name":"Majestic Manu Mykonos \u2013 Private Villa, Premium Suites &amp; More","article_publisher":"https:\/\/www.facebook.com\/p\/Quality-Brand-Villas-100039678235957\/","article_modified_time":"2025-10-04T11:53:23+00:00","twitter_card":"summary_large_image","twitter_misc":{"Gesch\u00e4tzte Lesezeit":"2\u00a0Minuten"},"schema":{"@context":"https:\/\/schema.org","@graph":[{"@type":"WebPage","@id":"https:\/\/mmvilla.com\/de\/nuetzliche-informationen\/","url":"https:\/\/mmvilla.com\/de\/nuetzliche-informationen\/","name":"Manu Mykonos Villa \u2013 n\u00fctzliche Informationen & Tipps","isPartOf":{"@id":"https:\/\/mmvilla.com\/#website"},"datePublished":"2021-11-18T07:49:16+00:00","dateModified":"2025-10-04T11:53:23+00:00","description":"Wichtige Informationen & Tipps f\u00fcr Ihren Mykonos-Manu-Villaaufenthalt: Anreise, Klima, Inselguide & mehr. Infos & Tipps","breadcrumb":{"@id":"https:\/\/mmvilla.com\/de\/nuetzliche-informationen\/#breadcrumb"},"inLanguage":"de","potentialAction":[{"@type":"ReadAction","target":["https:\/\/mmvilla.com\/de\/nuetzliche-informationen\/"]}]},{"@type":"BreadcrumbList","@id":"https:\/\/mmvilla.com\/de\/nuetzliche-informationen\/#breadcrumb","itemListElement":[{"@type":"ListItem","position":1,"name":"Home","item":"https:\/\/mmvilla.com\/de\/"},{"@type":"ListItem","position":2,"name":"Manu Mykonos Useful Information"}]},{"@type":"WebSite","@id":"https:\/\/mmvilla.com\/#website","url":"https:\/\/mmvilla.com\/","name":"Manu Mykonos Villa","description":"Mykonos Luxury Living, Perfected by Majestic Manu","publisher":{"@id":"https:\/\/mmvilla.com\/#organization"},"alternateName":"MMVILLA","potentialAction":[{"@type":"SearchAction","target":{"@type":"EntryPoint","urlTemplate":"https:\/\/mmvilla.com\/?s={search_term_string}"},"query-input":{"@type":"PropertyValueSpecification","valueRequired":true,"valueName":"search_term_string"}}],"inLanguage":"de"},{"@type":"Organization","@id":"https:\/\/mmvilla.com\/#organization","name":"QB Villas","url":"https:\/\/mmvilla.com\/","logo":{"@type":"ImageObject","inLanguage":"de","@id":"https:\/\/mmvilla.com\/#\/schema\/logo\/image\/","url":"https:\/\/mmvilla.com\/wp-content\/uploads\/2018\/12\/QUALITY-BRAND-LOGO-KEM-QBVILLAS.png","contentUrl":"https:\/\/mmvilla.com\/wp-content\/uploads\/2018\/12\/QUALITY-BRAND-LOGO-KEM-QBVILLAS.png","width":487,"height":500,"caption":"QB Villas"},"image":{"@id":"https:\/\/mmvilla.com\/#\/schema\/logo\/image\/"},"sameAs":["https:\/\/www.facebook.com\/p\/Quality-Brand-Villas-100039678235957\/","https:\/\/www.instagram.com\/qualitybrandvillas\/","https:\/\/www.linkedin.com\/company\/quality-brand-villas"]}]}},"_links":{"self":[{"href":"https:\/\/mmvilla.com\/de\/wp-json\/wp\/v2\/pages\/11994","targetHints":{"allow":["GET"]}}],"collection":[{"href":"https:\/\/mmvilla.com\/de\/wp-json\/wp\/v2\/pages"}],"about":[{"href":"https:\/\/mmvilla.com\/de\/wp-json\/wp\/v2\/types\/page"}],"author":[{"embeddable":true,"href":"https:\/\/mmvilla.com\/de\/wp-json\/wp\/v2\/users\/6"}],"replies":[{"embeddable":true,"href":"https:\/\/mmvilla.com\/de\/wp-json\/wp\/v2\/comments?post=11994"}],"version-history":[{"count":5,"href":"https:\/\/mmvilla.com\/de\/wp-json\/wp\/v2\/pages\/11994\/revisions"}],"predecessor-version":[{"id":13905,"href":"https:\/\/mmvilla.com\/de\/wp-json\/wp\/v2\/pages\/11994\/revisions\/13905"}],"wp:attachment":[{"href":"https:\/\/mmvilla.com\/de\/wp-json\/wp\/v2\/media?parent=11994"}],"curies":[{"name":"wp","href":"https:\/\/api.w.org\/{rel}","templated":true}]}}