{"id":12000,"date":"2023-11-06T09:14:49","date_gmt":"2023-11-06T07:14:49","guid":{"rendered":"https:\/\/mmvilla.com\/manu-mykonos-villa-privacy-policy\/"},"modified":"2025-09-25T05:47:34","modified_gmt":"2025-09-25T02:47:34","slug":"manu-mykonos-villa-datenschutzrichtlinie","status":"publish","type":"page","link":"https:\/\/mmvilla.com\/de\/manu-mykonos-villa-datenschutzrichtlinie\/","title":{"rendered":"MANU MYKONOS VILLA Privacy Policy"},"content":{"rendered":"<p>[vc_row][vc_column][vc_empty_space height=&#8221;164px&#8221;][\/vc_column][\/vc_row][vc_row][vc_column][vc_column_text]<\/p>\n<h3 data-start=\"93\" data-end=\"117\">Datenschutzrichtlinie<\/h3>\n<h4 data-start=\"119\" data-end=\"179\">Informationen \u00fcber unser Unternehmen und unsere Websites<\/h4>\n<p data-start=\"180\" data-end=\"256\">Diese Website <strong data-start=\"194\" data-end=\"213\"><a class=\"decorated-link\" href=\"http:\/\/www.mmvilla.com\" target=\"_new\" rel=\"noopener\" data-start=\"196\" data-end=\"211\">www.mmvilla.com<\/a><\/strong> ist Eigentum der <strong data-start=\"231\" data-end=\"253\">Luxury Resorts Ltd<\/strong>.<\/p>\n<p data-start=\"258\" data-end=\"572\">Diese Datenschutzrichtlinie informiert Sie \u00fcber unsere Verfahren zum <strong data-start=\"327\" data-end=\"361\">Schutz personenbezogener Daten<\/strong>, \u00fcber Ihre Wahlm\u00f6glichkeiten in Bezug auf die Erhebung Ihrer Online-Daten, deren Verwendung sowie \u00fcber Ihre Rechte, wenn Ihre Nutzung der Website der <strong data-start=\"512\" data-end=\"560\">Datenschutz-Grundverordnung (DSGVO) 2016\/679<\/strong> unterliegt.<\/p>\n<p data-start=\"574\" data-end=\"927\">Wir empfehlen, diese Datenschutzrichtlinie <strong data-start=\"617\" data-end=\"669\">sorgf\u00e4ltig zu lesen und regelm\u00e4\u00dfig zu \u00fcberpr\u00fcfen<\/strong>, um \u00fcber etwaige Aktualisierungen informiert zu bleiben.<br data-start=\"726\" data-end=\"729\" \/>Wir k\u00f6nnen diese Richtlinie jederzeit \u00e4ndern, indem wir die neuen Bedingungen auf dieser Website ver\u00f6ffentlichen. \u00c4nderungen treten zu dem angegebenen Datum in Kraft, sofern nicht anders festgelegt.<\/p>\n<hr data-start=\"929\" data-end=\"932\" \/>\n<h4 data-start=\"934\" data-end=\"982\">Geltungsbereich dieser Datenschutzrichtlinie<\/h4>\n<p data-start=\"983\" data-end=\"1151\">Diese Richtlinie gilt f\u00fcr <strong data-start=\"1009\" data-end=\"1059\">alle Websites und Domains unseres Unternehmens<\/strong>, einschlie\u00dflich l\u00e4nderspezifischer oder regionaler Seiten (gemeinsam die <strong data-start=\"1133\" data-end=\"1147\">\u201eWebsites\u201c<\/strong>).<\/p>\n<p data-start=\"1153\" data-end=\"1559\">Unsere Websites k\u00f6nnen <strong data-start=\"1176\" data-end=\"1205\">Links zu Websites Dritter<\/strong> enthalten, die Ihnen als Service und zur Information zur Verf\u00fcgung gestellt werden.<br data-start=\"1289\" data-end=\"1292\" \/>Wenn Sie diese Links nutzen, verlassen Sie unsere Websites.<br data-start=\"1351\" data-end=\"1354\" \/>Wir haben <strong data-start=\"1364\" data-end=\"1441\">keine Kontrolle \u00fcber diese externen Seiten und deren Datenschutzpraktiken<\/strong> und \u00fcbernehmen daher <strong data-start=\"1463\" data-end=\"1558\">keine Verantwortung f\u00fcr deren Inhalte oder f\u00fcr den Umgang mit Ihren personenbezogenen Daten<\/strong>.<\/p>\n<hr data-start=\"1561\" data-end=\"1564\" \/>\n<h4 data-start=\"1566\" data-end=\"1621\">Arten von erhobenen Informationen und deren Nutzung<\/h4>\n<p data-start=\"1622\" data-end=\"1766\">Unter <strong data-start=\"1628\" data-end=\"1657\">\u201epersonenbezogenen Daten\u201c<\/strong> versteht man alle Informationen, die eine Person identifizieren.<br data-start=\"1722\" data-end=\"1725\" \/>Wir erheben Daten auf verschiedene Weise:<\/p>\n<ul data-start=\"1768\" data-end=\"2089\">\n<li data-start=\"1768\" data-end=\"1872\">\n<p data-start=\"1770\" data-end=\"1872\"><strong data-start=\"1770\" data-end=\"1795\">Bei der Registrierung<\/strong> (Name, Adresse, Telefonnummer, E-Mail-Adresse, Benutzername und Passwort).<\/p>\n<\/li>\n<li data-start=\"1873\" data-end=\"1998\">\n<p data-start=\"1875\" data-end=\"1998\"><strong data-start=\"1875\" data-end=\"1933\">Bei der Bestellung von Produkten oder Dienstleistungen<\/strong> (Kontaktdaten und Finanzinformationen wie Kreditkartennummer).<\/p>\n<\/li>\n<li data-start=\"1999\" data-end=\"2089\">\n<p data-start=\"2001\" data-end=\"2089\"><strong data-start=\"2001\" data-end=\"2042\">Automatisch erfasste technische Daten<\/strong> (Browsertyp, IP-Adresse, Betriebssystem usw.).<\/p>\n<\/li>\n<\/ul>\n<p data-start=\"2091\" data-end=\"2121\">Wir verwenden diese Daten, um:<\/p>\n<ul data-start=\"2123\" data-end=\"2499\">\n<li data-start=\"2123\" data-end=\"2198\">\n<p data-start=\"2125\" data-end=\"2198\"><strong data-start=\"2125\" data-end=\"2195\">Ihr Konto zu verwalten und unsere Dienstleistungen bereitzustellen<\/strong>,<\/p>\n<\/li>\n<li data-start=\"2199\" data-end=\"2322\">\n<p data-start=\"2201\" data-end=\"2322\"><strong data-start=\"2201\" data-end=\"2245\">Bestellungen und Zahlungen zu bearbeiten<\/strong> (Zahlungsdaten werden nur f\u00fcr Abrechnung und Betrugspr\u00e4vention verwendet),<\/p>\n<\/li>\n<li data-start=\"2323\" data-end=\"2411\">\n<p data-start=\"2325\" data-end=\"2411\">Ihnen \u2013 nach vorheriger Zustimmung \u2013 <strong data-start=\"2362\" data-end=\"2408\">Angebote oder Werbeinformationen zu senden<\/strong>,<\/p>\n<\/li>\n<li data-start=\"2412\" data-end=\"2499\">\n<p data-start=\"2414\" data-end=\"2499\">die <strong data-start=\"2418\" data-end=\"2456\">Nutzung der Website zu analysieren<\/strong>, um unsere Dienstleistungen zu verbessern.<\/p>\n<\/li>\n<\/ul>\n<p data-start=\"2501\" data-end=\"2669\">Wir k\u00f6nnen personenbezogene Daten <strong data-start=\"2535\" data-end=\"2549\">offenlegen<\/strong>, wenn dies gesetzlich vorgeschrieben ist (z. B. durch Gerichtsbeschluss) oder um unsere Rechte und Systeme zu sch\u00fctzen.<\/p>\n<hr data-start=\"2671\" data-end=\"2674\" \/>\n<h4 data-start=\"2676\" data-end=\"2693\">Kommunikation<\/h4>\n<p data-start=\"2694\" data-end=\"2728\">Nach der Registrierung k\u00f6nnen wir:<\/p>\n<ul data-start=\"2730\" data-end=\"2974\">\n<li data-start=\"2730\" data-end=\"2776\">\n<p data-start=\"2732\" data-end=\"2776\">Ihnen eine <strong data-start=\"2743\" data-end=\"2764\">Begr\u00fc\u00dfungs-E-Mail<\/strong> zusenden,<\/p>\n<\/li>\n<li data-start=\"2777\" data-end=\"2830\">\n<p data-start=\"2779\" data-end=\"2830\"><strong data-start=\"2779\" data-end=\"2827\">Anfragen beantworten und Ihr Konto verwalten<\/strong>,<\/p>\n<\/li>\n<li data-start=\"2831\" data-end=\"2974\">\n<p data-start=\"2833\" data-end=\"2974\">Ihnen <strong data-start=\"2839\" data-end=\"2919\">Informationen zu Produkten, Dienstleistungen, Sonderaktionen oder Newsletter<\/strong> zusenden (sofern Sie dem nicht widersprochen haben).<\/p>\n<\/li>\n<\/ul>\n<p data-start=\"2976\" data-end=\"3095\">Sie k\u00f6nnen den <strong data-start=\"2991\" data-end=\"3044\">Erhalt solcher Mitteilungen jederzeit abbestellen<\/strong>, indem Sie den Anweisungen in jeder E-Mail folgen.<\/p>\n<hr data-start=\"3097\" data-end=\"3100\" \/>\n<h4 data-start=\"3102\" data-end=\"3172\">Weitergabe von Informationen und internationale Daten\u00fcbertragungen<\/h4>\n<p data-start=\"3173\" data-end=\"3493\">Wir arbeiten mit <strong data-start=\"3190\" data-end=\"3245\">externen Dienstleistern und verbundenen Unternehmen<\/strong> zusammen, um Dienstleistungen bereitzustellen.<br data-start=\"3292\" data-end=\"3295\" \/>Ihre Daten k\u00f6nnen <strong data-start=\"3313\" data-end=\"3351\">in andere L\u00e4nder \u00fcbertragen werden<\/strong> (einschlie\u00dflich L\u00e4nder <strong data-start=\"3375\" data-end=\"3423\">au\u00dferhalb des EWR und Kanadas, z. B. die USA<\/strong>) zu Zwecken der Speicherung, internen Verwaltung oder Konsolidierung.<\/p>\n<p data-start=\"3495\" data-end=\"3710\">Wir verlangen von allen Empf\u00e4ngern, dass sie <strong data-start=\"3540\" data-end=\"3569\">hohe Sicherheitsstandards<\/strong> zum Schutz Ihrer Daten einhalten, weisen jedoch darauf hin, dass Ihre Daten den <strong data-start=\"3650\" data-end=\"3690\">lokalen Gesetzen des Empf\u00e4ngerlandes<\/strong> unterliegen k\u00f6nnen.<\/p>\n<hr data-start=\"3712\" data-end=\"3715\" \/>\n<h4 data-start=\"3717\" data-end=\"3742\">Kommentare und Medien<\/h4>\n<p data-start=\"3743\" data-end=\"3909\">Wenn Sie <strong data-start=\"3752\" data-end=\"3784\">einen Kommentar hinterlassen<\/strong>, erfassen wir die im Formular angegebenen Daten, Ihre <strong data-start=\"3839\" data-end=\"3853\">IP-Adresse<\/strong> und <strong data-start=\"3858\" data-end=\"3883\">Browser-Informationen<\/strong>, um Spam zu verhindern.<\/p>\n<p data-start=\"3911\" data-end=\"4089\">Ihr <strong data-start=\"3915\" data-end=\"3947\">Profilbild (falls vorhanden)<\/strong> wird zusammen mit Ihrem Kommentar <strong data-start=\"3982\" data-end=\"4006\">\u00f6ffentlich angezeigt<\/strong>.<br data-start=\"4007\" data-end=\"4010\" \/>Kommentare und zugeh\u00f6rige Metadaten werden <strong data-start=\"4053\" data-end=\"4088\">zeitlich unbegrenzt gespeichert<\/strong>.<\/p>\n<p data-start=\"4091\" data-end=\"4227\">Bitte <strong data-start=\"4097\" data-end=\"4169\">vermeiden Sie das Hochladen von Bildern mit Standortdaten (EXIF-GPS)<\/strong>, da andere Besucher diese Informationen auslesen k\u00f6nnten.<\/p>\n<hr data-start=\"4229\" data-end=\"4232\" \/>\n<h4 data-start=\"4234\" data-end=\"4273\">Cookies und andere digitale Tracker<\/h4>\n<p data-start=\"4274\" data-end=\"4330\">Wir verwenden <strong data-start=\"4288\" data-end=\"4325\">Cookies und \u00e4hnliche Technologien<\/strong>, um:<\/p>\n<ul data-start=\"4332\" data-end=\"4524\">\n<li data-start=\"4332\" data-end=\"4401\">\n<p data-start=\"4334\" data-end=\"4401\"><strong data-start=\"4334\" data-end=\"4398\">Benutzer zu identifizieren und die Navigation zu erleichtern<\/strong>,<\/p>\n<\/li>\n<li data-start=\"4402\" data-end=\"4478\">\n<p data-start=\"4404\" data-end=\"4478\"><strong data-start=\"4404\" data-end=\"4437\">Ihre Pr\u00e4ferenzen zu speichern<\/strong> (z. B. Anmeldedaten, Anzeigeoptionen),<\/p>\n<\/li>\n<li data-start=\"4479\" data-end=\"4524\">\n<p data-start=\"4481\" data-end=\"4524\">die <strong data-start=\"4485\" data-end=\"4523\">Nutzung der Website zu analysieren<\/strong>.<\/p>\n<\/li>\n<\/ul>\n<p data-start=\"4526\" data-end=\"4700\">Sie k\u00f6nnen Cookies in den <strong data-start=\"4552\" data-end=\"4597\">Einstellungen Ihres Browsers deaktivieren<\/strong>; einige Funktionen der Website stehen dann jedoch m\u00f6glicherweise nicht mehr vollst\u00e4ndig zur Verf\u00fcgung.<\/p>\n<hr data-start=\"4702\" data-end=\"4705\" \/>\n<h4 data-start=\"4707\" data-end=\"4752\">Eingebettete Inhalte von anderen Websites<\/h4>\n<p data-start=\"4753\" data-end=\"5015\">Artikel auf unseren Websites k\u00f6nnen <strong data-start=\"4789\" data-end=\"4813\">eingebettete Inhalte<\/strong> enthalten (z. B. Videos, Bilder, Artikel).<br data-start=\"4856\" data-end=\"4859\" \/>Diese externen Inhalte k\u00f6nnen <strong data-start=\"4889\" data-end=\"4958\">Daten sammeln, Cookies verwenden und Ihre Interaktionen verfolgen<\/strong>, als ob Sie die jeweilige Website direkt besucht h\u00e4tten.<\/p>\n<hr data-start=\"5017\" data-end=\"5020\" \/>\n<h4 data-start=\"5022\" data-end=\"5055\">Datenschutz f\u00fcr Minderj\u00e4hrige<\/h4>\n<p data-start=\"5056\" data-end=\"5164\">Wir <strong data-start=\"5060\" data-end=\"5123\">erheben nicht wissentlich Daten von Kindern unter 13 Jahren<\/strong> und richten unsere Dienste nicht an sie.<\/p>\n<hr data-start=\"5166\" data-end=\"5169\" \/>\n<h4 data-start=\"5171\" data-end=\"5186\">Ihre Rechte<\/h4>\n<p data-start=\"5187\" data-end=\"5269\">Gem\u00e4\u00df der <strong data-start=\"5197\" data-end=\"5206\">DSGVO<\/strong> und anderen geltenden Datenschutzgesetzen haben Sie das Recht:<\/p>\n<ul data-start=\"5271\" data-end=\"5621\">\n<li data-start=\"5271\" data-end=\"5346\">\n<p data-start=\"5273\" data-end=\"5346\"><strong data-start=\"5273\" data-end=\"5343\">eine Kopie Ihrer gespeicherten personenbezogenen Daten anzufordern<\/strong>,<\/p>\n<\/li>\n<li data-start=\"5347\" data-end=\"5443\">\n<p data-start=\"5349\" data-end=\"5443\">die <strong data-start=\"5353\" data-end=\"5415\">Berichtigung, L\u00f6schung oder Einschr\u00e4nkung der Verarbeitung<\/strong> Ihrer Daten zu verlangen,<\/p>\n<\/li>\n<li data-start=\"5444\" data-end=\"5534\">\n<p data-start=\"5446\" data-end=\"5534\">der <strong data-start=\"5450\" data-end=\"5493\">Verwendung Ihrer Daten zu widersprechen<\/strong>, insbesondere zu <strong data-start=\"5511\" data-end=\"5531\">Marketingzwecken<\/strong>,<\/p>\n<\/li>\n<li data-start=\"5535\" data-end=\"5621\">\n<p data-start=\"5537\" data-end=\"5621\">die <strong data-start=\"5541\" data-end=\"5572\">\u00dcbertragbarkeit Ihrer Daten<\/strong> zu einem anderen Verantwortlichen zu beantragen.<\/p>\n<\/li>\n<\/ul>\n<p data-start=\"5623\" data-end=\"5840\">Diese Rechte k\u00f6nnen durch <strong data-start=\"5649\" data-end=\"5722\">gesetzliche Aufbewahrungspflichten oder den Schutz der Rechte Dritter<\/strong> eingeschr\u00e4nkt sein.<br data-start=\"5742\" data-end=\"5745\" \/>Im Streitfall k\u00f6nnen Sie eine <strong data-start=\"5775\" data-end=\"5828\">Beschwerde bei der zust\u00e4ndigen Datenschutzbeh\u00f6rde<\/strong> einreichen.<\/p>\n<hr data-start=\"5842\" data-end=\"5845\" \/>\n<h4 data-start=\"5847\" data-end=\"5866\">Datensicherheit<\/h4>\n<p data-start=\"5867\" data-end=\"6224\">Wir wenden <strong data-start=\"5878\" data-end=\"5913\">anerkannte Sicherheitsstandards<\/strong> an, um Ihre Daten sowohl bei der \u00dcbertragung (z. B. <strong data-start=\"5966\" data-end=\"5989\">SSL-Verschl\u00fcsselung<\/strong>) als auch bei der Speicherung zu sch\u00fctzen.<br data-start=\"6032\" data-end=\"6035\" \/>Wir bewahren Ihre Daten <strong data-start=\"6059\" data-end=\"6190\">so lange auf, wie es f\u00fcr die Bereitstellung unserer Dienstleistungen oder zur Erf\u00fcllung gesetzlicher Pflichten erforderlich ist<\/strong> (z. B. 10 Jahre f\u00fcr Finanzdaten).<\/p>\n<hr data-start=\"6226\" data-end=\"6229\" \/>\n<h4 data-start=\"6231\" data-end=\"6260\">Unternehmens\u00fcbertragungen<\/h4>\n<p data-start=\"6261\" data-end=\"6425\">Im Falle einer <strong data-start=\"6276\" data-end=\"6337\">Fusion, \u00dcbernahme oder eines Verkaufs von Verm\u00f6genswerten<\/strong> k\u00f6nnen Ihre personenbezogenen Daten <strong data-start=\"6374\" data-end=\"6424\">zusammen mit dem Unternehmen \u00fcbertragen werden<\/strong>.<\/p>\n<hr data-start=\"6427\" data-end=\"6430\" \/>\n<h4 data-start=\"6432\" data-end=\"6467\">Allgemeine Gesch\u00e4ftsbedingungen<\/h4>\n<p data-start=\"6468\" data-end=\"6661\">Jeder Besuch unserer Websites unterliegt dieser <strong data-start=\"6516\" data-end=\"6541\">Datenschutzrichtlinie<\/strong> und unseren <strong data-start=\"6554\" data-end=\"6583\">Buchungsbedingungen (AGB)<\/strong>, die <strong data-start=\"6589\" data-end=\"6650\">Haftungsbeschr\u00e4nkungen und Regelungen zur Streitbeilegung<\/strong> enthalten.<\/p>\n<hr data-start=\"6663\" data-end=\"6666\" \/>\n<h4 data-start=\"6668\" data-end=\"6679\">Kontakt<\/h4>\n<p data-start=\"6680\" data-end=\"6750\">F\u00fcr Fragen zu Ihren personenbezogenen Daten erreichen Sie uns unter:<\/p>\n<p data-start=\"6752\" data-end=\"6821\"><strong data-start=\"6752\" data-end=\"6774\">Luxury Resorts Ltd<\/strong><br data-start=\"6774\" data-end=\"6777\" \/>\ud83d\udce7 <a class=\"decorated-link cursor-pointer\" rel=\"noopener\" data-start=\"6780\" data-end=\"6799\">contact@mmvilla.com<\/a><br data-start=\"6799\" data-end=\"6802\" \/>\ud83d\udcde +30 2108986000<\/p>\n<h3><span style=\"font-size: 16px;\">[\/vc_column_text][\/vc_column][\/vc_row][vc_row][vc_column][vc_empty_space height=&#8221;64px&#8221;][\/vc_column][\/vc_row]<\/span><\/h3>","protected":false},"excerpt":{"rendered":"<p>[vc_row][vc_column][vc_empty_space height=&#8221;164px&#8221;][\/vc_column][\/vc_row][vc_row][vc_column][vc_column_text] Datenschutzrichtlinie Informationen \u00fcber unser Unternehmen und unsere Websites Diese Website www.mmvilla.com ist Eigentum der Luxury Resorts Ltd. Diese Datenschutzrichtlinie informiert Sie \u00fcber unsere Verfahren zum Schutz personenbezogener Daten, \u00fcber Ihre Wahlm\u00f6glichkeiten in Bezug auf die Erhebung Ihrer Online-Daten, deren Verwendung sowie \u00fcber Ihre Rechte, wenn Ihre Nutzung der Website der Datenschutz-Grundverordnung (DSGVO) 2016\/679[&#8230;] <a href=\"https:\/\/mmvilla.com\/de\/manu-mykonos-villa-datenschutzrichtlinie\/\" class=\"more-link\">Continue reading<\/a><\/p>\n","protected":false},"author":6,"featured_media":0,"parent":0,"menu_order":0,"comment_status":"closed","ping_status":"closed","template":"","meta":{"footnotes":""},"class_list":["post-12000","page","type-page","status-publish","hentry"],"yoast_head":"<!-- This site is optimized with the Yoast SEO Premium plugin v23.5 (Yoast SEO v25.7) - https:\/\/yoast.com\/wordpress\/plugins\/seo\/ -->\n<title>Datenschutzrichtlinie Manu Mykonos Villa<\/title>\n<meta name=\"description\" content=\"Information zur Erhebung, Nutzung &amp; Schutz personenbezogener Daten auf der Manu Mykonos Villa Website gem\u00e4\u00df DSGVO und Ihren Rechten\" \/>\n<meta name=\"robots\" content=\"index, follow, max-snippet:-1, max-image-preview:large, max-video-preview:-1\" \/>\n<link rel=\"canonical\" href=\"https:\/\/mmvilla.com\/de\/manu-mykonos-villa-datenschutzrichtlinie\/\" \/>\n<meta property=\"og:locale\" content=\"de_DE\" \/>\n<meta property=\"og:type\" content=\"article\" \/>\n<meta property=\"og:title\" content=\"MANU MYKONOS VILLA Privacy Policy\" \/>\n<meta property=\"og:description\" content=\"Information zur Erhebung, Nutzung &amp; Schutz personenbezogener Daten auf der Manu Mykonos Villa Website gem\u00e4\u00df DSGVO und Ihren Rechten\" \/>\n<meta property=\"og:url\" content=\"https:\/\/mmvilla.com\/de\/manu-mykonos-villa-datenschutzrichtlinie\/\" \/>\n<meta property=\"og:site_name\" content=\"Majestic Manu Mykonos \u2013 Private Villa, Premium Suites &amp; More\" \/>\n<meta property=\"article:publisher\" content=\"https:\/\/www.facebook.com\/p\/Quality-Brand-Villas-100039678235957\/\" \/>\n<meta property=\"article:modified_time\" content=\"2025-09-25T02:47:34+00:00\" \/>\n<meta name=\"twitter:card\" content=\"summary_large_image\" \/>\n<meta name=\"twitter:label1\" content=\"Gesch\u00e4tzte Lesezeit\" \/>\n\t<meta name=\"twitter:data1\" content=\"4\u00a0Minuten\" \/>\n<script type=\"application\/ld+json\" class=\"yoast-schema-graph\">{\"@context\":\"https:\/\/schema.org\",\"@graph\":[{\"@type\":\"WebPage\",\"@id\":\"https:\/\/mmvilla.com\/de\/manu-mykonos-villa-datenschutzrichtlinie\/\",\"url\":\"https:\/\/mmvilla.com\/de\/manu-mykonos-villa-datenschutzrichtlinie\/\",\"name\":\"Datenschutzrichtlinie Manu Mykonos Villa\",\"isPartOf\":{\"@id\":\"https:\/\/mmvilla.com\/#website\"},\"datePublished\":\"2023-11-06T07:14:49+00:00\",\"dateModified\":\"2025-09-25T02:47:34+00:00\",\"description\":\"Information zur Erhebung, Nutzung & Schutz personenbezogener Daten auf der Manu Mykonos Villa Website gem\u00e4\u00df DSGVO und Ihren Rechten\",\"breadcrumb\":{\"@id\":\"https:\/\/mmvilla.com\/de\/manu-mykonos-villa-datenschutzrichtlinie\/#breadcrumb\"},\"inLanguage\":\"de\",\"potentialAction\":[{\"@type\":\"ReadAction\",\"target\":[\"https:\/\/mmvilla.com\/de\/manu-mykonos-villa-datenschutzrichtlinie\/\"]}]},{\"@type\":\"BreadcrumbList\",\"@id\":\"https:\/\/mmvilla.com\/de\/manu-mykonos-villa-datenschutzrichtlinie\/#breadcrumb\",\"itemListElement\":[{\"@type\":\"ListItem\",\"position\":1,\"name\":\"Home\",\"item\":\"https:\/\/mmvilla.com\/de\/\"},{\"@type\":\"ListItem\",\"position\":2,\"name\":\"MANU MYKONOS VILLA Privacy Policy\"}]},{\"@type\":\"WebSite\",\"@id\":\"https:\/\/mmvilla.com\/#website\",\"url\":\"https:\/\/mmvilla.com\/\",\"name\":\"Manu Mykonos Villa\",\"description\":\"Mykonos Luxury Living, Perfected by Majestic Manu\",\"publisher\":{\"@id\":\"https:\/\/mmvilla.com\/#organization\"},\"alternateName\":\"MMVILLA\",\"potentialAction\":[{\"@type\":\"SearchAction\",\"target\":{\"@type\":\"EntryPoint\",\"urlTemplate\":\"https:\/\/mmvilla.com\/?s={search_term_string}\"},\"query-input\":{\"@type\":\"PropertyValueSpecification\",\"valueRequired\":true,\"valueName\":\"search_term_string\"}}],\"inLanguage\":\"de\"},{\"@type\":\"Organization\",\"@id\":\"https:\/\/mmvilla.com\/#organization\",\"name\":\"QB Villas\",\"url\":\"https:\/\/mmvilla.com\/\",\"logo\":{\"@type\":\"ImageObject\",\"inLanguage\":\"de\",\"@id\":\"https:\/\/mmvilla.com\/#\/schema\/logo\/image\/\",\"url\":\"https:\/\/mmvilla.com\/wp-content\/uploads\/2018\/12\/QUALITY-BRAND-LOGO-KEM-QBVILLAS.png\",\"contentUrl\":\"https:\/\/mmvilla.com\/wp-content\/uploads\/2018\/12\/QUALITY-BRAND-LOGO-KEM-QBVILLAS.png\",\"width\":487,\"height\":500,\"caption\":\"QB Villas\"},\"image\":{\"@id\":\"https:\/\/mmvilla.com\/#\/schema\/logo\/image\/\"},\"sameAs\":[\"https:\/\/www.facebook.com\/p\/Quality-Brand-Villas-100039678235957\/\",\"https:\/\/www.instagram.com\/qualitybrandvillas\/\",\"https:\/\/www.linkedin.com\/company\/quality-brand-villas\"]}]}<\/script>\n<!-- \/ Yoast SEO Premium plugin. -->","yoast_head_json":{"title":"Datenschutzrichtlinie Manu Mykonos Villa","description":"Information zur Erhebung, Nutzung & Schutz personenbezogener Daten auf der Manu Mykonos Villa Website gem\u00e4\u00df DSGVO und Ihren Rechten","robots":{"index":"index","follow":"follow","max-snippet":"max-snippet:-1","max-image-preview":"max-image-preview:large","max-video-preview":"max-video-preview:-1"},"canonical":"https:\/\/mmvilla.com\/de\/manu-mykonos-villa-datenschutzrichtlinie\/","og_locale":"de_DE","og_type":"article","og_title":"MANU MYKONOS VILLA Privacy Policy","og_description":"Information zur Erhebung, Nutzung & Schutz personenbezogener Daten auf der Manu Mykonos Villa Website gem\u00e4\u00df DSGVO und Ihren Rechten","og_url":"https:\/\/mmvilla.com\/de\/manu-mykonos-villa-datenschutzrichtlinie\/","og_site_name":"Majestic Manu Mykonos \u2013 Private Villa, Premium Suites &amp; More","article_publisher":"https:\/\/www.facebook.com\/p\/Quality-Brand-Villas-100039678235957\/","article_modified_time":"2025-09-25T02:47:34+00:00","twitter_card":"summary_large_image","twitter_misc":{"Gesch\u00e4tzte Lesezeit":"4\u00a0Minuten"},"schema":{"@context":"https:\/\/schema.org","@graph":[{"@type":"WebPage","@id":"https:\/\/mmvilla.com\/de\/manu-mykonos-villa-datenschutzrichtlinie\/","url":"https:\/\/mmvilla.com\/de\/manu-mykonos-villa-datenschutzrichtlinie\/","name":"Datenschutzrichtlinie Manu Mykonos Villa","isPartOf":{"@id":"https:\/\/mmvilla.com\/#website"},"datePublished":"2023-11-06T07:14:49+00:00","dateModified":"2025-09-25T02:47:34+00:00","description":"Information zur Erhebung, Nutzung & Schutz personenbezogener Daten auf der Manu Mykonos Villa Website gem\u00e4\u00df DSGVO und Ihren Rechten","breadcrumb":{"@id":"https:\/\/mmvilla.com\/de\/manu-mykonos-villa-datenschutzrichtlinie\/#breadcrumb"},"inLanguage":"de","potentialAction":[{"@type":"ReadAction","target":["https:\/\/mmvilla.com\/de\/manu-mykonos-villa-datenschutzrichtlinie\/"]}]},{"@type":"BreadcrumbList","@id":"https:\/\/mmvilla.com\/de\/manu-mykonos-villa-datenschutzrichtlinie\/#breadcrumb","itemListElement":[{"@type":"ListItem","position":1,"name":"Home","item":"https:\/\/mmvilla.com\/de\/"},{"@type":"ListItem","position":2,"name":"MANU MYKONOS VILLA Privacy Policy"}]},{"@type":"WebSite","@id":"https:\/\/mmvilla.com\/#website","url":"https:\/\/mmvilla.com\/","name":"Manu Mykonos Villa","description":"Mykonos Luxury Living, Perfected by Majestic Manu","publisher":{"@id":"https:\/\/mmvilla.com\/#organization"},"alternateName":"MMVILLA","potentialAction":[{"@type":"SearchAction","target":{"@type":"EntryPoint","urlTemplate":"https:\/\/mmvilla.com\/?s={search_term_string}"},"query-input":{"@type":"PropertyValueSpecification","valueRequired":true,"valueName":"search_term_string"}}],"inLanguage":"de"},{"@type":"Organization","@id":"https:\/\/mmvilla.com\/#organization","name":"QB Villas","url":"https:\/\/mmvilla.com\/","logo":{"@type":"ImageObject","inLanguage":"de","@id":"https:\/\/mmvilla.com\/#\/schema\/logo\/image\/","url":"https:\/\/mmvilla.com\/wp-content\/uploads\/2018\/12\/QUALITY-BRAND-LOGO-KEM-QBVILLAS.png","contentUrl":"https:\/\/mmvilla.com\/wp-content\/uploads\/2018\/12\/QUALITY-BRAND-LOGO-KEM-QBVILLAS.png","width":487,"height":500,"caption":"QB Villas"},"image":{"@id":"https:\/\/mmvilla.com\/#\/schema\/logo\/image\/"},"sameAs":["https:\/\/www.facebook.com\/p\/Quality-Brand-Villas-100039678235957\/","https:\/\/www.instagram.com\/qualitybrandvillas\/","https:\/\/www.linkedin.com\/company\/quality-brand-villas"]}]}},"_links":{"self":[{"href":"https:\/\/mmvilla.com\/de\/wp-json\/wp\/v2\/pages\/12000","targetHints":{"allow":["GET"]}}],"collection":[{"href":"https:\/\/mmvilla.com\/de\/wp-json\/wp\/v2\/pages"}],"about":[{"href":"https:\/\/mmvilla.com\/de\/wp-json\/wp\/v2\/types\/page"}],"author":[{"embeddable":true,"href":"https:\/\/mmvilla.com\/de\/wp-json\/wp\/v2\/users\/6"}],"replies":[{"embeddable":true,"href":"https:\/\/mmvilla.com\/de\/wp-json\/wp\/v2\/comments?post=12000"}],"version-history":[{"count":4,"href":"https:\/\/mmvilla.com\/de\/wp-json\/wp\/v2\/pages\/12000\/revisions"}],"predecessor-version":[{"id":12489,"href":"https:\/\/mmvilla.com\/de\/wp-json\/wp\/v2\/pages\/12000\/revisions\/12489"}],"wp:attachment":[{"href":"https:\/\/mmvilla.com\/de\/wp-json\/wp\/v2\/media?parent=12000"}],"curies":[{"name":"wp","href":"https:\/\/api.w.org\/{rel}","templated":true}]}}