{"id":10621,"date":"2025-05-03T02:25:39","date_gmt":"2025-05-02T23:25:39","guid":{"rendered":"https:\/\/mmvilla.com\/manu-mykonos-villa-home\/"},"modified":"2026-02-03T06:02:18","modified_gmt":"2026-02-03T04:02:18","slug":"manu-mykonos-villa-home","status":"publish","type":"page","link":"https:\/\/mmvilla.com\/es\/","title":{"rendered":"MANU MYKONOS VILLA"},"content":{"rendered":"<p>[vc_row full_width=&#8221;stretch_row&#8221; gap=&#8221;&#8221; parallax=&#8221;content-moving&#8221; parallax_image=&#8221;8607&#8243; parallax_speed_bg=&#8221;0,5&#8243; overlay_color=&#8221;rgba(0,0,0,0.5)&#8221; text_color=&#8221;#ffffff&#8221; css=&#8221;.vc_custom_1770086990899{padding-top: 220px !important;padding-bottom: 140px !important;}&#8221;][vc_column]<div class=\"heading-with-separator text-center id_169eb817840f841974647176  vc_custom_1759771264701  \"><div class=\"header-content\">\n\t\t\t<p class=\"h-subheading\">Villa Certificada con Sello de Calidad<\/p>\n\t\t\t<h2 class=\"heading  \" style=\"; letter-spacing: 0px; \"><i><\/i> Majestic Manu Mykonos \u2013 Exclusiva Villa de Lujo con Piscina y Vistas al Mar<\/h2><\/div><\/div><div class=\"custom-styles\" data-styles=\".id_169eb817840f841974647176 .heading-decorator-1:before, .id_169eb817840f841974647176 .heading-decorator-1:after { border-color: #ffffff}\"><\/div>[vc_empty_space]<div class=\"btn-wrapper text-center id_169eb817840ffd771719226   icon-left \" ><a href=\"https:\/\/mmvilla.com\/es\/manu-mykonos-villa-reservar-en-linea\/\"  class=\"btn btn-lg btn-light btn-outline\" data-btn-text=\"RESERVAR EN LINEA\">RESERVAR EN LINEA<\/a><\/div>[vc_empty_space][\/vc_column][\/vc_row][vc_row full_width=&#8221;stretch_row&#8221; gap=&#8221;&#8221; parallax_image=&#8221;8597&#8243; text_color=&#8221;#ffffff&#8221; css=&#8221;.vc_custom_1750097231566{padding-top: 120px !important;padding-bottom: 120px !important;}&#8221;][vc_column width=&#8221;1\/3&#8243; css=&#8221;.vc_custom_1746226634923{background-color: rgba(175,156,78,0.4) !important;*background-color: rgb(175,156,78) !important;}&#8221;][vc_empty_space][vc_empty_space]<div class=\"heading-with-separator text-left id_169eb81784107b806241517  vc_custom_1759771277505  \"><div class=\"header-content\">\n\t\t\t<p class=\"h-subheading\">Un Para\u00edso Secreto en Mykonos<\/p>\n\t\t\t<h5 class=\"heading  heading-decorator-1\" style=\"; letter-spacing: 0px; \"><i><\/i> Sin duda Brillante, Incre\u00edble sin comparaci\u00f3n<\/h5><\/div><\/div><div class=\"custom-styles\" data-styles=\".id_169eb81784107b806241517 .heading-decorator-1:before, .id_169eb81784107b806241517 .heading-decorator-1:after { border-color: #ffffff}\"><\/div>[vc_empty_space height=&#8221;40px&#8221;]<div class=\"heading-with-separator text-left id_169eb8178410a2215285265  vc_custom_1755796687907  \"><div class=\"header-content\">\n\t\t\t<p class=\"h-subheading\"><\/p>\n\t\t\t<h6 class=\"heading  \" style=\"; letter-spacing: 0px; \"><i><\/i> SIN DUDA BRILLANTE, INCRE\u00cdBLE SIN COMPARACI\u00d3N<\/h6><\/div><\/div><div class=\"custom-styles\" data-styles=\".id_169eb8178410a2215285265 .heading-decorator-1:before, .id_169eb8178410a2215285265 .heading-decorator-1:after { border-color: #ffffff}\"><\/div><div class=\"heading-with-separator text-left id_169eb8178410c31661411459  vc_custom_1755796757864  \"><div class=\"header-content\">\n\t\t\t<p class=\"h-subheading\"><\/p>\n\t\t\t<h6 class=\"heading  \" style=\"; letter-spacing: 0px; \"><i><\/i> Ubicada a solo 150 m de la playa de Agia Anna, Majestic Manu Mykonos ofrece vistas panor\u00e1micas y estancias de lujo en una de las zonas m\u00e1s pintorescas de Mykonos<\/h6><\/div><\/div><div class=\"custom-styles\" data-styles=\".id_169eb8178410c31661411459 .heading-decorator-1:before, .id_169eb8178410c31661411459 .heading-decorator-1:after { border-color: #ffffff}\"><\/div>[vc_empty_space][vc_empty_space][\/vc_column][vc_column width=&#8221;2\/3&#8243;][\/vc_column][\/vc_row][vc_row full_width=&#8221;stretch_row&#8221; gap=&#8221;&#8221; parallax_image=&#8221;10306&#8243; text_color=&#8221;#ffffff&#8221; css=&#8221;.vc_custom_1750098182591{padding-top: 120px !important;padding-bottom: 120px !important;}&#8221;][vc_column width=&#8221;2\/3&#8243;][\/vc_column][vc_column width=&#8221;1\/3&#8243; css=&#8221;.vc_custom_1746226979866{background-color: rgba(175,156,78,0.2) !important;*background-color: rgb(175,156,78) !important;}&#8221;][vc_empty_space][vc_empty_space]<div class=\"heading-with-separator text-left id_169eb8178410df2039826570  vc_custom_1759771287516  \"><div class=\"header-content\">\n\t\t\t<p class=\"h-subheading\">Villa de Descanso con Ubicaci\u00f3n Exclusiva<\/p>\n\t\t\t<h5 class=\"heading  heading-decorator-1\" style=\"; letter-spacing: 0px; \"><i><\/i> Disfrute de atardeceres inolvidables y d\u00e9jese llevar por la calma<\/h5><\/div><\/div><div class=\"custom-styles\" data-styles=\".id_169eb8178410df2039826570 .heading-decorator-1:before, .id_169eb8178410df2039826570 .heading-decorator-1:after { border-color: #ffffff}\"><\/div>[vc_empty_space height=&#8221;40px&#8221;]<div class=\"heading-with-separator text-left id_169eb8178410fa87549314  vc_custom_1755797113313  \"><div class=\"header-content\">\n\t\t\t<p class=\"h-subheading\"><\/p>\n\t\t\t<h6 class=\"heading  \" style=\"; letter-spacing: 0px; \"><i><\/i> DESCUBRA CUATRO PLAYAS A SOLO UNOS PASOS<\/h6><\/div><\/div><div class=\"custom-styles\" data-styles=\".id_169eb8178410fa87549314 .heading-decorator-1:before, .id_169eb8178410fa87549314 .heading-decorator-1:after { border-color: #ffffff}\"><\/div><div class=\"heading-with-separator text-left id_169eb817841114603694498  vc_custom_1755797205497  \"><div class=\"header-content\">\n\t\t\t<p class=\"h-subheading\"><\/p>\n\t\t\t<h6 class=\"heading  \" style=\"; letter-spacing: 0px; \"><i><\/i> Majestic Manu Mykonos Retreat Villa combina un escenario \u00fanico, vistas al mar sin igual y un toque rom\u00e1ntico en un lugar exclusivo, ideal para quienes desean vivir momentos de lujo y recuerdos eternos<\/h6><\/div><\/div><div class=\"custom-styles\" data-styles=\".id_169eb817841114603694498 .heading-decorator-1:before, .id_169eb817841114603694498 .heading-decorator-1:after { border-color: #ffffff}\"><\/div>[vc_empty_space][vc_empty_space][\/vc_column][\/vc_row][vc_row full_width=&#8221;stretch_row&#8221; gap=&#8221;&#8221; parallax_image=&#8221;8615&#8243; text_color=&#8221;#ffffff&#8221; css=&#8221;.vc_custom_1746227228043{padding-top: 120px !important;padding-bottom: 120px !important;}&#8221;][vc_column width=&#8221;1\/3&#8243; css=&#8221;.vc_custom_1746226281985{background-color: rgba(175,156,78,0.18) !important;*background-color: rgb(175,156,78) !important;}&#8221;][vc_empty_space][vc_empty_space]<div class=\"heading-with-separator text-left id_169eb81784112c2089831417  vc_custom_1759771296421  \"><div class=\"header-content\">\n\t\t\t<p class=\"h-subheading\"><\/p>\n\t\t\t<h5 class=\"heading  heading-decorator-1\" style=\"; letter-spacing: 0px; \"><i><\/i> Experimente el Arte, los Sabores, el Misterio y la Dicha desde su Habitaci\u00f3n en Mykonos<\/h5><\/div><\/div><div class=\"custom-styles\" data-styles=\".id_169eb81784112c2089831417 .heading-decorator-1:before, .id_169eb81784112c2089831417 .heading-decorator-1:after { border-color: #ffffff}\"><\/div>[vc_empty_space height=&#8221;40px&#8221;]<div class=\"heading-with-separator text-left id_169eb817841144516091881  vc_custom_1755802549754  \"><div class=\"header-content\">\n\t\t\t<p class=\"h-subheading\"><\/p>\n\t\t\t<h6 class=\"heading  \" style=\"; letter-spacing: 0px; \"><i><\/i> INSPIRADOS EN LA ESENCIA DE LA HOSPITALIDAD AUT\u00c9NTICA<\/h6><\/div><\/div><div class=\"custom-styles\" data-styles=\".id_169eb817841144516091881 .heading-decorator-1:before, .id_169eb817841144516091881 .heading-decorator-1:after { border-color: #ffffff}\"><\/div><div class=\"heading-with-separator text-left id_169eb81784115d512777570  vc_custom_1755802638485  \"><div class=\"header-content\">\n\t\t\t<p class=\"h-subheading\"><\/p>\n\t\t\t<h6 class=\"heading  \" style=\"; letter-spacing: 0px; \"><i><\/i> Dormitorios Elegantes en Mykonos con Vistas al Egeo<br \/>\nDisfrute de un ambiente sereno y sofisticado, con camas de lujo, dise\u00f1o armonioso y vistas incomparables al mar \u2014 el equilibrio perfecto entre lujo natural y confort contempor\u00e1neo<\/h6><\/div><\/div><div class=\"custom-styles\" data-styles=\".id_169eb81784115d512777570 .heading-decorator-1:before, .id_169eb81784115d512777570 .heading-decorator-1:after { border-color: #ffffff}\"><\/div>[vc_empty_space][vc_empty_space][\/vc_column][vc_column width=&#8221;2\/3&#8243;][\/vc_column][\/vc_row][vc_row full_width=&#8221;stretch_row&#8221; gap=&#8221;&#8221; parallax_image=&#8221;9134&#8243; text_color=&#8221;#ffffff&#8221; css=&#8221;.vc_custom_1746227220564{padding-top: 120px !important;padding-bottom: 120px !important;}&#8221;][vc_column width=&#8221;2\/3&#8243;][\/vc_column][vc_column width=&#8221;1\/3&#8243; css=&#8221;.vc_custom_1746227255750{background-color: rgba(175,156,78,0.34) !important;*background-color: rgb(175,156,78) !important;}&#8221;][vc_empty_space][vc_empty_space]<div class=\"heading-with-separator text-left id_169eb8178411761925426564  vc_custom_1759771322336  \"><div class=\"header-content\">\n\t\t\t<p class=\"h-subheading\">Disfrute de la perfecta fusi\u00f3n entre la elegancia contempor\u00e1nea y la aut\u00e9ntica hospitalidad griega<\/p>\n\t\t\t<h5 class=\"heading  heading-decorator-1\" style=\"; letter-spacing: 0px; \"><i><\/i> En la isla m\u00e1gica de Mykonos, viva una escapada inolvidable en Majestic Manu Mykonos Retreat Villa<\/h5><\/div><\/div><div class=\"custom-styles\" data-styles=\".id_169eb8178411761925426564 .heading-decorator-1:before, .id_169eb8178411761925426564 .heading-decorator-1:after { border-color: #ffffff}\"><\/div>[vc_empty_space height=&#8221;40px&#8221;]<div class=\"heading-with-separator text-left id_169eb817841192148630697  vc_custom_1755803029230  \"><div class=\"header-content\">\n\t\t\t<p class=\"h-subheading\"><\/p>\n\t\t\t<h6 class=\"heading  \" style=\"; letter-spacing: 0px; \"><i><\/i> INSPIRACI\u00d3N NACIDA DEL ORGULLO DE LA HOSPITALIDAD GENUINA<\/h6><\/div><\/div><div class=\"custom-styles\" data-styles=\".id_169eb817841192148630697 .heading-decorator-1:before, .id_169eb817841192148630697 .heading-decorator-1:after { border-color: #ffffff}\"><\/div><div class=\"heading-with-separator text-left id_169eb8178411ac1211015963  vc_custom_1757874276022  \"><div class=\"header-content\">\n\t\t\t<p class=\"h-subheading\"><\/p>\n\t\t\t<h6 class=\"heading  \" style=\"; letter-spacing: 0px; \"><i><\/i> Buenas vibras y panoramas sin fin del mar Egeo en Manu Mykonos Villa<\/h6><\/div><\/div><div class=\"custom-styles\" data-styles=\".id_169eb8178411ac1211015963 .heading-decorator-1:before, .id_169eb8178411ac1211015963 .heading-decorator-1:after { border-color: #ffffff}\"><\/div>[vc_empty_space][vc_empty_space][\/vc_column][\/vc_row][vc_row full_width=&#8221;stretch_row_content&#8221; gap=&#8221;&#8221; equal_height=&#8221;yes&#8221; parallax_image=&#8221;12275&#8243; text_color=&#8221;#ffffff&#8221; css=&#8221;.vc_custom_1759031954028{padding-top: 80px !important;padding-bottom: 80px !important;}&#8221;][vc_column width=&#8221;2\/12&#8243;][\/vc_column][vc_column width=&#8221;8\/12&#8243;]<div class=\"heading-with-separator text-center id_169eb8178411c3336597418   \"><div class=\"header-content\">\n\t\t\t<p class=\"h-subheading\"><\/p>\n\t\t\t<h3 class=\"heading  heading-decorator-1\" style=\"color: #000000; letter-spacing: 0px; \">TU ESCAPADA A MYKONOS, A TU MANERA<\/h3><\/div><\/div><div class=\"custom-styles\" data-styles=\".id_169eb8178411c3336597418 .heading-decorator-1:before, .id_169eb8178411c3336597418 .heading-decorator-1:after { border-color: #000000}\"><\/div>[vc_empty_space height=&#8221;10px&#8221;]<div class=\"heading-with-separator text-center id_169eb8178411da532557015  vc_custom_1759771343284  \"><div class=\"header-content\">\n\t\t\t<p class=\"h-subheading\"><\/p>\n\t\t\t<h5 class=\"heading  \" style=\"color: #000000; letter-spacing: 0px; \"><i><\/i>Majestic Manu Mykonos Villa<br \/>\nDonde la elegancia cicl\u00e1dica se encuentra con la serenidad moderna<\/h5><\/div><\/div><div class=\"custom-styles\" data-styles=\".id_169eb8178411da532557015 .heading-decorator-1:before, .id_169eb8178411da532557015 .heading-decorator-1:after { border-color: #000000}\"><\/div><div class=\"heading-with-separator text-center id_169eb8178411f12059084434  vc_custom_1759771361763  \"><div class=\"header-content\">\n\t\t\t<p class=\"h-subheading\"><\/p>\n\t\t\t<h6 class=\"heading  \" style=\"color: #000000; letter-spacing: 0px; \"><i><\/i>Ubicada a pocos pasos de las playas m\u00e1s hermosas de la isla, Majestic Manu Mykonos Villa ofrece una tranquila fusi\u00f3n de la arquitectura cicl\u00e1dica m\u00e1s ic\u00f3nica con un estilo contempor\u00e1neo refinado.<\/h6><\/div><\/div><div class=\"custom-styles\" data-styles=\".id_169eb8178411f12059084434 .heading-decorator-1:before, .id_169eb8178411f12059084434 .heading-decorator-1:after { border-color: #000000}\"><\/div><div class=\"heading-with-separator text-center id_169eb817841208130645113   \"><div class=\"header-content\">\n\t\t\t<p class=\"h-subheading\"><\/p>\n\t\t\t<h5 class=\"heading  \" style=\"color: #000000; letter-spacing: 0px; \">Elige entre lujosas suites, encantadores bungalows o la villa completa\u2014cada espacio dise\u00f1ado para brindarte privacidad, serenidad y una sofisticaci\u00f3n sin esfuerzo.<\/h5><\/div><\/div><div class=\"custom-styles\" data-styles=\".id_169eb817841208130645113 .heading-decorator-1:before, .id_169eb817841208130645113 .heading-decorator-1:after { border-color: }\"><\/div>[vc_empty_space height=&#8221;20px&#8221;]<div class=\"btn-wrapper text-center id_169eb81784121f558515907   icon-left \" ><a href=\"https:\/\/mmvilla.com\/es\/manu-mykonos-estancia\/\"  class=\"btn btn-lg btn-dark btn-solid\" data-btn-text=\"Alojamiento\">Alojamiento<\/a><\/div>[\/vc_column][vc_column width=&#8221;2\/12&#8243;][\/vc_column][\/vc_row]<\/p>","protected":false},"excerpt":{"rendered":"<p>[vc_row full_width=&#8221;stretch_row&#8221; gap=&#8221;&#8221; parallax=&#8221;content-moving&#8221; parallax_image=&#8221;8607&#8243; parallax_speed_bg=&#8221;0,5&#8243; overlay_color=&#8221;rgba(0,0,0,0.5)&#8221; text_color=&#8221;#ffffff&#8221; css=&#8221;.vc_custom_1770086990899{padding-top: 220px !important;padding-bottom: 140px !important;}&#8221;][vc_column][vc_empty_space][vc_empty_space][\/vc_column][\/vc_row][vc_row full_width=&#8221;stretch_row&#8221; gap=&#8221;&#8221; parallax_image=&#8221;8597&#8243; text_color=&#8221;#ffffff&#8221; css=&#8221;.vc_custom_1750097231566{padding-top: 120px !important;padding-bottom: 120px !important;}&#8221;][vc_column width=&#8221;1\/3&#8243; css=&#8221;.vc_custom_1746226634923{background-color: rgba(175,156,78,0.4) !important;*background-color: rgb(175,156,78) !important;}&#8221;][vc_empty_space][vc_empty_space][vc_empty_space height=&#8221;40px&#8221;][vc_empty_space][vc_empty_space][\/vc_column][vc_column width=&#8221;2\/3&#8243;][\/vc_column][\/vc_row][vc_row full_width=&#8221;stretch_row&#8221; gap=&#8221;&#8221; parallax_image=&#8221;10306&#8243; text_color=&#8221;#ffffff&#8221; css=&#8221;.vc_custom_1750098182591{padding-top: 120px !important;padding-bottom: 120px !important;}&#8221;][vc_column width=&#8221;2\/3&#8243;][\/vc_column][vc_column width=&#8221;1\/3&#8243; css=&#8221;.vc_custom_1746226979866{background-color: rgba(175,156,78,0.2) !important;*background-color: rgb(175,156,78) !important;}&#8221;][vc_empty_space][vc_empty_space][vc_empty_space height=&#8221;40px&#8221;][vc_empty_space][vc_empty_space][\/vc_column][\/vc_row][vc_row full_width=&#8221;stretch_row&#8221; gap=&#8221;&#8221; parallax_image=&#8221;8615&#8243; text_color=&#8221;#ffffff&#8221; css=&#8221;.vc_custom_1746227228043{padding-top: 120px !important;padding-bottom: 120px[&#8230;] <a href=\"https:\/\/mmvilla.com\/es\/\" class=\"more-link\">Continue reading<\/a><\/p>\n","protected":false},"author":2,"featured_media":0,"parent":0,"menu_order":0,"comment_status":"closed","ping_status":"closed","template":"","meta":{"footnotes":""},"class_list":["post-10621","page","type-page","status-publish","hentry"],"yoast_head":"<!-- This site is optimized with the Yoast SEO Premium plugin v23.5 (Yoast SEO v25.7) - https:\/\/yoast.com\/wordpress\/plugins\/seo\/ -->\n<title>Villa cerca de la playa en Mykonos | Majestic Manu Villa Mykonos<\/title>\n<meta name=\"description\" content=\"Majestic Manu Mykonos: Villa privada con piscina privada, vistas al mar Egeo y servicios premium. Al lado de la playa de Agia Anna.\" \/>\n<meta name=\"robots\" content=\"index, follow, max-snippet:-1, max-image-preview:large, max-video-preview:-1\" \/>\n<link rel=\"canonical\" href=\"https:\/\/mmvilla.com\/es\/\" \/>\n<meta property=\"og:locale\" content=\"es_ES\" \/>\n<meta property=\"og:type\" content=\"article\" \/>\n<meta property=\"og:title\" content=\"MANU MYKONOS VILLA\" \/>\n<meta property=\"og:description\" content=\"Majestic Manu Mykonos: Villa privada con piscina privada, vistas al mar Egeo y servicios premium. Al lado de la playa de Agia Anna.\" \/>\n<meta property=\"og:url\" content=\"https:\/\/mmvilla.com\/es\/\" \/>\n<meta property=\"og:site_name\" content=\"Majestic Manu Mykonos \u2013 Private Villa, Premium Suites &amp; More\" \/>\n<meta property=\"article:publisher\" content=\"https:\/\/www.facebook.com\/p\/Quality-Brand-Villas-100039678235957\/\" \/>\n<meta property=\"article:modified_time\" content=\"2026-02-03T04:02:18+00:00\" \/>\n<meta name=\"twitter:card\" content=\"summary_large_image\" \/>\n<meta name=\"twitter:label1\" content=\"Tiempo de lectura\" \/>\n\t<meta name=\"twitter:data1\" content=\"3 minutos\" \/>\n<script type=\"application\/ld+json\" class=\"yoast-schema-graph\">{\"@context\":\"https:\/\/schema.org\",\"@graph\":[{\"@type\":\"WebPage\",\"@id\":\"https:\/\/mmvilla.com\/es\/\",\"url\":\"https:\/\/mmvilla.com\/es\/\",\"name\":\"Villa cerca de la playa en Mykonos | Majestic Manu Villa Mykonos\",\"isPartOf\":{\"@id\":\"https:\/\/mmvilla.com\/#website\"},\"datePublished\":\"2025-05-02T23:25:39+00:00\",\"dateModified\":\"2026-02-03T04:02:18+00:00\",\"description\":\"Majestic Manu Mykonos: Villa privada con piscina privada, vistas al mar Egeo y servicios premium. Al lado de la playa de Agia Anna.\",\"breadcrumb\":{\"@id\":\"https:\/\/mmvilla.com\/es\/#breadcrumb\"},\"inLanguage\":\"es\",\"potentialAction\":[{\"@type\":\"ReadAction\",\"target\":[\"https:\/\/mmvilla.com\/es\/\"]}]},{\"@type\":\"BreadcrumbList\",\"@id\":\"https:\/\/mmvilla.com\/es\/#breadcrumb\",\"itemListElement\":[{\"@type\":\"ListItem\",\"position\":1,\"name\":\"Home\",\"item\":\"https:\/\/mmvilla.com\/es\/\"},{\"@type\":\"ListItem\",\"position\":2,\"name\":\"MANU MYKONOS VILLA\"}]},{\"@type\":\"WebSite\",\"@id\":\"https:\/\/mmvilla.com\/#website\",\"url\":\"https:\/\/mmvilla.com\/\",\"name\":\"Manu Mykonos Villa\",\"description\":\"Mykonos Luxury Living, Perfected by Majestic Manu\",\"publisher\":{\"@id\":\"https:\/\/mmvilla.com\/#organization\"},\"alternateName\":\"MMVILLA\",\"potentialAction\":[{\"@type\":\"SearchAction\",\"target\":{\"@type\":\"EntryPoint\",\"urlTemplate\":\"https:\/\/mmvilla.com\/?s={search_term_string}\"},\"query-input\":{\"@type\":\"PropertyValueSpecification\",\"valueRequired\":true,\"valueName\":\"search_term_string\"}}],\"inLanguage\":\"es\"},{\"@type\":\"Organization\",\"@id\":\"https:\/\/mmvilla.com\/#organization\",\"name\":\"QB Villas\",\"url\":\"https:\/\/mmvilla.com\/\",\"logo\":{\"@type\":\"ImageObject\",\"inLanguage\":\"es\",\"@id\":\"https:\/\/mmvilla.com\/#\/schema\/logo\/image\/\",\"url\":\"https:\/\/mmvilla.com\/wp-content\/uploads\/2018\/12\/QUALITY-BRAND-LOGO-KEM-QBVILLAS.png\",\"contentUrl\":\"https:\/\/mmvilla.com\/wp-content\/uploads\/2018\/12\/QUALITY-BRAND-LOGO-KEM-QBVILLAS.png\",\"width\":487,\"height\":500,\"caption\":\"QB Villas\"},\"image\":{\"@id\":\"https:\/\/mmvilla.com\/#\/schema\/logo\/image\/\"},\"sameAs\":[\"https:\/\/www.facebook.com\/p\/Quality-Brand-Villas-100039678235957\/\",\"https:\/\/www.instagram.com\/qualitybrandvillas\/\",\"https:\/\/www.linkedin.com\/company\/quality-brand-villas\"]}]}<\/script>\n<!-- \/ Yoast SEO Premium plugin. -->","yoast_head_json":{"title":"Villa cerca de la playa en Mykonos | Majestic Manu Villa Mykonos","description":"Majestic Manu Mykonos: Villa privada con piscina privada, vistas al mar Egeo y servicios premium. Al lado de la playa de Agia Anna.","robots":{"index":"index","follow":"follow","max-snippet":"max-snippet:-1","max-image-preview":"max-image-preview:large","max-video-preview":"max-video-preview:-1"},"canonical":"https:\/\/mmvilla.com\/es\/","og_locale":"es_ES","og_type":"article","og_title":"MANU MYKONOS VILLA","og_description":"Majestic Manu Mykonos: Villa privada con piscina privada, vistas al mar Egeo y servicios premium. Al lado de la playa de Agia Anna.","og_url":"https:\/\/mmvilla.com\/es\/","og_site_name":"Majestic Manu Mykonos \u2013 Private Villa, Premium Suites &amp; More","article_publisher":"https:\/\/www.facebook.com\/p\/Quality-Brand-Villas-100039678235957\/","article_modified_time":"2026-02-03T04:02:18+00:00","twitter_card":"summary_large_image","twitter_misc":{"Tiempo de lectura":"3 minutos"},"schema":{"@context":"https:\/\/schema.org","@graph":[{"@type":"WebPage","@id":"https:\/\/mmvilla.com\/es\/","url":"https:\/\/mmvilla.com\/es\/","name":"Villa cerca de la playa en Mykonos | Majestic Manu Villa Mykonos","isPartOf":{"@id":"https:\/\/mmvilla.com\/#website"},"datePublished":"2025-05-02T23:25:39+00:00","dateModified":"2026-02-03T04:02:18+00:00","description":"Majestic Manu Mykonos: Villa privada con piscina privada, vistas al mar Egeo y servicios premium. Al lado de la playa de Agia Anna.","breadcrumb":{"@id":"https:\/\/mmvilla.com\/es\/#breadcrumb"},"inLanguage":"es","potentialAction":[{"@type":"ReadAction","target":["https:\/\/mmvilla.com\/es\/"]}]},{"@type":"BreadcrumbList","@id":"https:\/\/mmvilla.com\/es\/#breadcrumb","itemListElement":[{"@type":"ListItem","position":1,"name":"Home","item":"https:\/\/mmvilla.com\/es\/"},{"@type":"ListItem","position":2,"name":"MANU MYKONOS VILLA"}]},{"@type":"WebSite","@id":"https:\/\/mmvilla.com\/#website","url":"https:\/\/mmvilla.com\/","name":"Manu Mykonos Villa","description":"Mykonos Luxury Living, Perfected by Majestic Manu","publisher":{"@id":"https:\/\/mmvilla.com\/#organization"},"alternateName":"MMVILLA","potentialAction":[{"@type":"SearchAction","target":{"@type":"EntryPoint","urlTemplate":"https:\/\/mmvilla.com\/?s={search_term_string}"},"query-input":{"@type":"PropertyValueSpecification","valueRequired":true,"valueName":"search_term_string"}}],"inLanguage":"es"},{"@type":"Organization","@id":"https:\/\/mmvilla.com\/#organization","name":"QB Villas","url":"https:\/\/mmvilla.com\/","logo":{"@type":"ImageObject","inLanguage":"es","@id":"https:\/\/mmvilla.com\/#\/schema\/logo\/image\/","url":"https:\/\/mmvilla.com\/wp-content\/uploads\/2018\/12\/QUALITY-BRAND-LOGO-KEM-QBVILLAS.png","contentUrl":"https:\/\/mmvilla.com\/wp-content\/uploads\/2018\/12\/QUALITY-BRAND-LOGO-KEM-QBVILLAS.png","width":487,"height":500,"caption":"QB Villas"},"image":{"@id":"https:\/\/mmvilla.com\/#\/schema\/logo\/image\/"},"sameAs":["https:\/\/www.facebook.com\/p\/Quality-Brand-Villas-100039678235957\/","https:\/\/www.instagram.com\/qualitybrandvillas\/","https:\/\/www.linkedin.com\/company\/quality-brand-villas"]}]}},"_links":{"self":[{"href":"https:\/\/mmvilla.com\/es\/wp-json\/wp\/v2\/pages\/10621","targetHints":{"allow":["GET"]}}],"collection":[{"href":"https:\/\/mmvilla.com\/es\/wp-json\/wp\/v2\/pages"}],"about":[{"href":"https:\/\/mmvilla.com\/es\/wp-json\/wp\/v2\/types\/page"}],"author":[{"embeddable":true,"href":"https:\/\/mmvilla.com\/es\/wp-json\/wp\/v2\/users\/2"}],"replies":[{"embeddable":true,"href":"https:\/\/mmvilla.com\/es\/wp-json\/wp\/v2\/comments?post=10621"}],"version-history":[{"count":14,"href":"https:\/\/mmvilla.com\/es\/wp-json\/wp\/v2\/pages\/10621\/revisions"}],"predecessor-version":[{"id":15513,"href":"https:\/\/mmvilla.com\/es\/wp-json\/wp\/v2\/pages\/10621\/revisions\/15513"}],"wp:attachment":[{"href":"https:\/\/mmvilla.com\/es\/wp-json\/wp\/v2\/media?parent=10621"}],"curies":[{"name":"wp","href":"https:\/\/api.w.org\/{rel}","templated":true}]}}