{"id":10723,"date":"2024-10-12T20:32:27","date_gmt":"2024-10-12T17:32:27","guid":{"rendered":"https:\/\/mmvilla.com\/manu-mykonos-villa-pad-bungalow\/"},"modified":"2025-10-13T07:42:32","modified_gmt":"2025-10-13T04:42:32","slug":"manu-mykonos-villa-pad-bungalow","status":"publish","type":"page","link":"https:\/\/mmvilla.com\/es\/manu-mykonos-villa-pad-bungalow\/","title":{"rendered":"MANU MYKONOS VILLA Pad Bungalow"},"content":{"rendered":"<p>[vc_row full_width=&#8221;stretch_row&#8221; gap=&#8221;&#8221; full_height=&#8221;yes&#8221; equal_height=&#8221;yes&#8221; parallax=&#8221;content-moving&#8221; parallax_image=&#8221;8514&#8243; overlay_color=&#8221;rgba(33,33,33,0.4)&#8221; text_color=&#8221;#ffffff&#8221; css=&#8221;.vc_custom_1758874408139{padding-top: 180px !important;padding-bottom: 180px !important;}&#8221;][vc_column width=&#8221;1\/2&#8243;][vc_column_text css_animation=&#8221;fadeInUp&#8221;]<\/p>\n<h1><em>Magn\u00edficamente Exclusivo: el Bungalow Executive Pad<\/em><\/h1>\n<h4>Un retiro amplio y sofisticadamente dise\u00f1ado para recibir hasta 3 hu\u00e9spedes.<\/h4>\n<h3>MEJOR PRECIO GARANTIZADO<\/h3>\n<h4><a href=\"https:\/\/mmvilla.com\/es\/manu-mykonos-villa-reservar-en-linea\/\" target=\"_blank\" rel=\"noopener\"><strong data-start=\"225\" data-end=\"280\">Reserva hoy tu estancia de ensue\u00f1o!<\/strong><\/a><\/h4>\n<p>[\/vc_column_text][\/vc_column][vc_column width=&#8221;1\/2&#8243;][vc_empty_space height=&#8221;84px&#8221;][\/vc_column][\/vc_row][vc_row full_width=&#8221;stretch_row_content&#8221; gap=&#8221;&#8221; equal_height=&#8221;yes&#8221; content_placement=&#8221;top&#8221; parallax=&#8221;content-moving&#8221; css=&#8221;.vc_custom_1759232238068{padding-top: 60px !important;padding-bottom: 60px !important;}&#8221;][vc_column parallax_image=&#8221;2821&#8243; width=&#8221;1\/2&#8243; overlay_color=&#8221;rgba(255,255,255,0.9)&#8221; css=&#8221;.vc_custom_1759316771246{padding-top: 32px !important;padding-right: 100px !important;padding-left: 100px !important;}&#8221;][vc_row_inner][vc_column_inner]<div class=\"heading-with-separator text-left id_169d4da728223e259949667   wpb_animate_when_almost_visible wpb_fadeInUp fadeInUp \"><div class=\"header-content\">\n\t\t\t<p class=\"h-subheading\">Sea view with accommodation for up to 3 guests. The bungalow features 1 bedroom and 1 bathroom, covering a total size of 50 m\u00b2 (538 square feet), including an interior living space of 25 m\u00b2. Ideal for a comfortable and stylish stay in Mykonos.<\/p>\n\t\t\t<h2 class=\"heading  heading-decorator-1\" style=\"; letter-spacing: 0px; \">Executive Pad Bungalow: Magnificencia Absoluta<br \/>\n<em>al Mejor Precio<\/em><\/h2><\/div><\/div><div class=\"custom-styles\" data-styles=\".id_169d4da728223e259949667 .heading-decorator-1:before, .id_169d4da728223e259949667 .heading-decorator-1:after { border-color: #000000}\"><\/div>[vc_empty_space height=&#8221;20px&#8221;]<div class=\"heading-with-separator text-left id_169d4da72822ae1288687116   wpb_animate_when_almost_visible wpb_fadeInUp fadeInUp \"><div class=\"header-content\">\n\t\t\t<p class=\"h-subheading\"><\/p>\n\t\t\t<h4 class=\"heading  \" style=\"; letter-spacing: 0px; \">Bungalow Executive Pad \u2013 Espacioso Refugio con Vistas al Mar en Mykonos<\/h4><\/div><\/div><div class=\"custom-styles\" data-styles=\".id_169d4da72822ae1288687116 .heading-decorator-1:before, .id_169d4da72822ae1288687116 .heading-decorator-1:after { border-color: #000000}\"><\/div>[vc_column_text css_animation=&#8221;fadeInUp&#8221;]<\/p>\n<div class=\"wpb_text_column wpb_content_element wpb_animate_when_almost_visible wpb_fadeInUp fadeInUp wpb_start_animation animated\">\n<div class=\"wpb_wrapper\">\n<h6 data-start=\"250\" data-end=\"640\">El <strong data-start=\"253\" data-end=\"279\">Bungalow Executive Pad<\/strong> ofrece un refugio amplio y cuidadosamente dise\u00f1ado para hasta 3 hu\u00e9spedes. Su dormitorio principal cuenta con una cama king size que puede convertirse f\u00e1cilmente en dos camas individuales, asegurando un descanso adaptado a tus preferencias. El bungalow tambi\u00e9n incluye un gran sof\u00e1, una kitchenette totalmente equipada y un ba\u00f1o privado para mayor comodidad.<\/h6>\n<h6 data-start=\"642\" data-end=\"959\">Los hu\u00e9spedes pueden relajarse en la soleada terraza privada mientras disfrutan de impresionantes vistas a la playa cercana. Este bungalow combina a la perfecci\u00f3n comodidad y belleza costera serena, convirti\u00e9ndolo en la opci\u00f3n ideal para quienes buscan una estancia tranquila cerca de las famosas playas de Mykonos.<\/h6>\n<hr data-start=\"961\" data-end=\"964\" \/>\n<h4 data-start=\"966\" data-end=\"1026\"><strong data-start=\"970\" data-end=\"1024\">Colchones \u2013 Para un Sue\u00f1o Verdaderamente Reparador<\/strong><\/h4>\n<p data-start=\"1027\" data-end=\"1336\">Para tus noches m\u00e1s descansadas, utilizamos \u00fanicamente colchones de la m\u00e1s alta calidad, elaborados con materiales 100% naturales. Seleccionados y fabricados con cuidado y experiencia, estos colchones garantizan un descanso \u00fanico y confortable, complementando a la perfecci\u00f3n tu estancia de lujo en Mykonos.<\/p>\n<hr data-start=\"1338\" data-end=\"1341\" \/>\n<h4 data-start=\"1343\" data-end=\"1415\"><strong data-start=\"1347\" data-end=\"1413\">Kitchenette \u2013 Totalmente Equipada para tu Comodidad en Mykonos<\/strong><\/h4>\n<p data-start=\"1416\" data-end=\"1885\">El bungalow dispone de una kitchenette totalmente equipada con todo lo esencial para preparar comidas ligeras y de conveniencia: fregadero, encimera, refrigerador compacto, vitrocer\u00e1mica, microondas, tostadora, gabinetes, campana extractora y un completo set de utensilios y cuberter\u00eda. Una opci\u00f3n perfecta para quienes buscan independencia en su alojamiento de lujo en Mykonos, con la flexibilidad de preparar desde desayunos sencillos hasta aperitivos al atardecer.<\/p>\n<hr data-start=\"1887\" data-end=\"1890\" \/>\n<h4 data-start=\"1892\" data-end=\"1947\"><strong data-start=\"1896\" data-end=\"1945\">NESPRESSO \u2013 La Mejor Forma de Comenzar el D\u00eda<\/strong><\/h4>\n<p data-start=\"1948\" data-end=\"2376\">Empieza la ma\u00f1ana en Mykonos con el inconfundible aroma del caf\u00e9 reci\u00e9n preparado. Cada suite de lujo incluye una m\u00e1quina Nespresso y un hervidor el\u00e9ctrico, para que disfrutes caf\u00e9 premium o infusiones en cualquier momento de tu estancia. Ya sea con un espresso al amanecer en tu terraza privada o con un t\u00e9 relajante al final del d\u00eda, esta estaci\u00f3n de caf\u00e9 y t\u00e9 en la habitaci\u00f3n a\u00f1ade confort y exclusividad a tu experiencia.<\/p>\n<hr data-start=\"2378\" data-end=\"2381\" \/>\n<h4 data-start=\"2383\" data-end=\"2445\"><strong data-start=\"2387\" data-end=\"2443\">AMAZON PRIME &amp; NETFLIX \u2013 Entretenimiento sin L\u00edmites<\/strong><\/h4>\n<p data-start=\"2446\" data-end=\"2750\">Tu suite est\u00e1 equipada con un Smart TV con aplicaciones integradas de Amazon Prime y Netflix, lo que te permite acceder a tus series y pel\u00edculas favoritas en cualquier momento. Ya sea despu\u00e9s de un d\u00eda en la playa o en una acogedora noche dentro del bungalow, tu entretenimiento siempre est\u00e1 a un clic.<\/p>\n<hr data-start=\"2752\" data-end=\"2755\" \/>\n<h4 data-start=\"2757\" data-end=\"2831\"><strong data-start=\"2761\" data-end=\"2829\">Instalaciones &amp; Amenidades \u2013 Confort, Estilo y Vistas de Mykonos<\/strong><\/h4>\n<p data-start=\"2832\" data-end=\"3019\">Esta elegante suite con vista al mar, libre de humo, ofrece un espacioso ba\u00f1o de dise\u00f1o y un balc\u00f3n privado con mobiliario exterior refinado, perfecto para disfrutar del sol de Mykonos.<\/p>\n<p data-start=\"3021\" data-end=\"3050\"><strong>En el interior encontrar\u00e1s:<\/strong><\/p>\n<ul data-start=\"3051\" data-end=\"3466\">\n<li data-start=\"3051\" data-end=\"3138\">\n<p data-start=\"3053\" data-end=\"3138\"><strong>TV SMART-LED FHD de 43\u2019\u2019 con m\u00e1s de 100 canales satelitales, Amazon Prime y Netflix<\/strong><\/p>\n<\/li>\n<li data-start=\"3139\" data-end=\"3166\">\n<p data-start=\"3141\" data-end=\"3166\"><strong>Wi-Fi de alta velocidad<\/strong><\/p>\n<\/li>\n<li data-start=\"3167\" data-end=\"3195\">\n<p data-start=\"3169\" data-end=\"3195\"><strong>Bocina Bluetooth premium<\/strong><\/p>\n<\/li>\n<li data-start=\"3196\" data-end=\"3241\">\n<p data-start=\"3198\" data-end=\"3241\"><strong>Aire acondicionado con control individual<\/strong><\/p>\n<\/li>\n<li data-start=\"3242\" data-end=\"3276\">\n<p data-start=\"3244\" data-end=\"3276\"><strong>Espejo de maquillaje iluminado<\/strong><\/p>\n<\/li>\n<li data-start=\"3277\" data-end=\"3318\">\n<p data-start=\"3279\" data-end=\"3318\"><strong>Secadora de cabello y b\u00e1scula digital<\/strong><\/p>\n<\/li>\n<li data-start=\"3319\" data-end=\"3347\">\n<p data-start=\"3321\" data-end=\"3347\"><strong>Caja fuerte de seguridad<\/strong><\/p>\n<\/li>\n<li data-start=\"3348\" data-end=\"3407\">\n<p data-start=\"3350\" data-end=\"3407\"><strong>Ropa de cama de algod\u00f3n de lujo, albornoces y pantuflas<\/strong><\/p>\n<\/li>\n<li data-start=\"3408\" data-end=\"3466\">\n<p data-start=\"3410\" data-end=\"3466\"><strong>Amenities de ba\u00f1o premium cuidadosamente seleccionados<\/strong><\/p>\n<\/li>\n<\/ul>\n<h5 data-start=\"3468\" data-end=\"3556\"><strong>Todo dise\u00f1ado para elevar tu experiencia y envolverte en el aut\u00e9ntico lujo de Mykonos.<\/strong><\/h5>\n<\/div>\n<\/div>\n<p>[\/vc_column_text][\/vc_column_inner][\/vc_row_inner][\/vc_column][vc_column css_animation=&#8221;none&#8221; width=&#8221;1\/2&#8243;][vc_empty_space]<div class=\"rokka-gallery rokka-gallery-element\"><div class=\"rokka-gallery-masonry rokka-grid rokka-2-col   animate-text\" data-ismasonry=\"0\" data-imgbg=\"1\"><article class=\"grid-sizer\"><\/article><article class=\"gutter-sizer\"><\/article><article class=\"w1-h1\"><div class=\"layer\"><div class=\"img-bg\" data-depth=\"0.50\" style=\"background-image: url(https:\/\/mmvilla.com\/wp-content\/uploads\/2024\/10\/Manu-Sea-Sun-Villa-Mykonos-129-2.jpg) \" ><\/div><\/div>\n\t\t\t\t\t\t<div class=\"rokka-gallery-item open-lightbox_images\"><a class=\"gallery-link\" href=\"https:\/\/mmvilla.com\/wp-content\/uploads\/2024\/10\/Manu-Sea-Sun-Villa-Mykonos-129-2.jpg\" data-size=\"640x454\"><\/a><div class=\"image-wrapper\"><span class=\"gallery-img \" style=\"background-image: url(https:\/\/mmvilla.com\/wp-content\/uploads\/2024\/10\/Manu-Sea-Sun-Villa-Mykonos-129-2.jpg);\"><\/span><\/div><\/div><\/article><article class=\"w1-h1\"><div class=\"layer\"><div class=\"img-bg\" data-depth=\"0.50\" style=\"background-image: url(https:\/\/mmvilla.com\/wp-content\/uploads\/2024\/10\/Manu-Sea-Sun-Villa-Mykonos-131.jpg) \" ><\/div><\/div>\n\t\t\t\t\t\t<div class=\"rokka-gallery-item open-lightbox_images\"><a class=\"gallery-link\" href=\"https:\/\/mmvilla.com\/wp-content\/uploads\/2024\/10\/Manu-Sea-Sun-Villa-Mykonos-131.jpg\" data-size=\"640x454\"><\/a><div class=\"image-wrapper\"><span class=\"gallery-img \" style=\"background-image: url(https:\/\/mmvilla.com\/wp-content\/uploads\/2024\/10\/Manu-Sea-Sun-Villa-Mykonos-131.jpg);\"><\/span><\/div><\/div><\/article><article class=\"w1-h1\"><div class=\"layer\"><div class=\"img-bg\" data-depth=\"0.50\" style=\"background-image: url(https:\/\/mmvilla.com\/wp-content\/uploads\/2024\/10\/3-Manu-Sea-Sun-Villa-Mykonos-Pad-Bungalow-6-1600x1061.jpg) \" ><\/div><\/div>\n\t\t\t\t\t\t<div class=\"rokka-gallery-item open-lightbox_images\"><a class=\"gallery-link\" href=\"https:\/\/mmvilla.com\/wp-content\/uploads\/2024\/10\/3-Manu-Sea-Sun-Villa-Mykonos-Pad-Bungalow-6-scaled.jpg\" data-size=\"640x424\"><\/a><div class=\"image-wrapper\"><span class=\"gallery-img \" style=\"background-image: url(https:\/\/mmvilla.com\/wp-content\/uploads\/2024\/10\/3-Manu-Sea-Sun-Villa-Mykonos-Pad-Bungalow-6-1600x1061.jpg);\"><\/span><\/div><\/div><\/article><article class=\"w1-h1\"><div class=\"layer\"><div class=\"img-bg\" data-depth=\"0.50\" style=\"background-image: url(https:\/\/mmvilla.com\/wp-content\/uploads\/2024\/10\/5-Manu-Sea-Sun-Villa-Mykonos-Pad-Bungalow-3-1600x900.png) \" ><\/div><\/div>\n\t\t\t\t\t\t<div class=\"rokka-gallery-item open-lightbox_images\"><a class=\"gallery-link\" href=\"https:\/\/mmvilla.com\/wp-content\/uploads\/2024\/10\/5-Manu-Sea-Sun-Villa-Mykonos-Pad-Bungalow-3.png\" data-size=\"640x360\"><\/a><div class=\"image-wrapper\"><span class=\"gallery-img \" style=\"background-image: url(https:\/\/mmvilla.com\/wp-content\/uploads\/2024\/10\/5-Manu-Sea-Sun-Villa-Mykonos-Pad-Bungalow-3-1600x900.png);\"><\/span><\/div><\/div><\/article><article class=\"w1-h1\"><div class=\"layer\"><div class=\"img-bg\" data-depth=\"0.50\" style=\"background-image: url(https:\/\/mmvilla.com\/wp-content\/uploads\/2025\/05\/Elite-Sea-View-Grand-Bungalow-.jpg) \" ><\/div><\/div>\n\t\t\t\t\t\t<div class=\"rokka-gallery-item open-lightbox_images\"><a class=\"gallery-link\" href=\"https:\/\/mmvilla.com\/wp-content\/uploads\/2025\/05\/Elite-Sea-View-Grand-Bungalow-.jpg\" data-size=\"640x640\"><\/a><div class=\"image-wrapper\"><span class=\"gallery-img \" style=\"background-image: url(https:\/\/mmvilla.com\/wp-content\/uploads\/2025\/05\/Elite-Sea-View-Grand-Bungalow-.jpg);\"><\/span><\/div><\/div><\/article><article class=\"w1-h1\"><div class=\"layer\"><div class=\"img-bg\" data-depth=\"0.50\" style=\"background-image: url(https:\/\/mmvilla.com\/wp-content\/uploads\/2024\/10\/4-Manu-Sea-Sun-Villa-Mykonos-Pad-Bungalow-5-1600x1067.jpg) \" ><\/div><\/div>\n\t\t\t\t\t\t<div class=\"rokka-gallery-item open-lightbox_images\"><a class=\"gallery-link\" href=\"https:\/\/mmvilla.com\/wp-content\/uploads\/2024\/10\/4-Manu-Sea-Sun-Villa-Mykonos-Pad-Bungalow-5-scaled.jpg\" data-size=\"640x427\"><\/a><div class=\"image-wrapper\"><span class=\"gallery-img \" style=\"background-image: url(https:\/\/mmvilla.com\/wp-content\/uploads\/2024\/10\/4-Manu-Sea-Sun-Villa-Mykonos-Pad-Bungalow-5-1600x1067.jpg);\"><\/span><\/div><\/div><\/article><article class=\"w1-h1\"><div class=\"layer\"><div class=\"img-bg\" data-depth=\"0.50\" style=\"background-image: url(https:\/\/mmvilla.com\/wp-content\/uploads\/2024\/10\/6-Manu-Sea-Sun-Villa-Mykonos-Pad-Bungalow-2-1600x1135.jpg) \" ><\/div><\/div>\n\t\t\t\t\t\t<div class=\"rokka-gallery-item open-lightbox_images\"><a class=\"gallery-link\" href=\"https:\/\/mmvilla.com\/wp-content\/uploads\/2024\/10\/6-Manu-Sea-Sun-Villa-Mykonos-Pad-Bungalow-2-scaled.jpg\" data-size=\"640x454\"><\/a><div class=\"image-wrapper\"><span class=\"gallery-img \" style=\"background-image: url(https:\/\/mmvilla.com\/wp-content\/uploads\/2024\/10\/6-Manu-Sea-Sun-Villa-Mykonos-Pad-Bungalow-2-1600x1135.jpg);\"><\/span><\/div><\/div><\/article><article class=\"w1-h1\"><div class=\"layer\"><div class=\"img-bg\" data-depth=\"0.50\" style=\"background-image: url(https:\/\/mmvilla.com\/wp-content\/uploads\/2025\/09\/LOGO-MANU-TRANSPARENT.png) \" ><\/div><\/div>\n\t\t\t\t\t\t<div class=\"rokka-gallery-item open-lightbox_images\"><a class=\"gallery-link\" href=\"https:\/\/mmvilla.com\/wp-content\/uploads\/2025\/09\/LOGO-MANU-TRANSPARENT.png\" data-size=\"410x410\"><\/a><div class=\"image-wrapper\"><span class=\"gallery-img \" style=\"background-image: url(https:\/\/mmvilla.com\/wp-content\/uploads\/2025\/09\/LOGO-MANU-TRANSPARENT.png);\"><\/span><\/div><\/div><\/article><\/div><\/div>[vc_empty_space]<div class=\"heading-with-separator text-left id_169d4da728466e376618748   \"><div class=\"header-content\">\n\t\t\t<p class=\"h-subheading\"><\/p>\n\t\t\t<h5 class=\"heading  \" style=\"color: #000000; letter-spacing: 0px; \">Mykonos. Dise\u00f1ada para Ti.<br \/>\nVive un mundo de elegancia y confort, donde cada detalle est\u00e1 cuidadosamente pensado para ti.<\/h5><\/div><\/div><div class=\"custom-styles\" data-styles=\".id_169d4da728466e376618748 .heading-decorator-1:before, .id_169d4da728466e376618748 .heading-decorator-1:after { border-color: #000000}\"><\/div><div class=\"heading-with-separator text-left id_169d4da72846a7468047278   \"><div class=\"header-content\">\n\t\t\t<p class=\"h-subheading\"><\/p>\n\t\t\t<h6 class=\"heading  \" style=\"color: #000000; letter-spacing: 0px; \">M\u00e1s que una estancia, es una experiencia \u00fanica para viajeros que valoran la autenticidad, la comodidad y el estilo. Cada elemento refleja el car\u00e1cter especial de Mykonos, ofreciendo momentos fluidos, inspiradores e inolvidables.<\/h6><\/div><\/div><div class=\"custom-styles\" data-styles=\".id_169d4da72846a7468047278 .heading-decorator-1:before, .id_169d4da72846a7468047278 .heading-decorator-1:after { border-color: #000000}\"><\/div><div class=\"heading-with-separator text-left id_169d4da72846da1999722841   \"><div class=\"header-content\">\n\t\t\t<p class=\"h-subheading\"><\/p>\n\t\t\t<h5 class=\"heading  \" style=\"color: #000000; letter-spacing: 0px; \">Con servicios personalizados, toques refinados y recuerdos que perduran, tus vacaciones en Mykonos ser\u00e1n siempre tan \u00fanicas como t\u00fa.<\/h5><\/div><\/div><div class=\"custom-styles\" data-styles=\".id_169d4da72846da1999722841 .heading-decorator-1:before, .id_169d4da72846da1999722841 .heading-decorator-1:after { border-color: #000000}\"><\/div>[vc_empty_space height=&#8221;20px&#8221;]<div class=\"btn-wrapper text-left id_169d4da72847111725073390   icon-left \" ><a href=\"https:\/\/mmvilla.com\/es\/manu-mykonos-villa-reservar-en-linea\/%20\" target='_blank' class=\"btn btn-lg btn-dark btn-solid\" data-btn-text=\"RESERVAR EN L\u00cdNEA\">RESERVAR EN L\u00cdNEA<\/a><\/div>[\/vc_column][\/vc_row]<\/p>","protected":false},"excerpt":{"rendered":"<p>[vc_row full_width=&#8221;stretch_row&#8221; gap=&#8221;&#8221; full_height=&#8221;yes&#8221; equal_height=&#8221;yes&#8221; parallax=&#8221;content-moving&#8221; parallax_image=&#8221;8514&#8243; overlay_color=&#8221;rgba(33,33,33,0.4)&#8221; text_color=&#8221;#ffffff&#8221; css=&#8221;.vc_custom_1758874408139{padding-top: 180px !important;padding-bottom: 180px !important;}&#8221;][vc_column width=&#8221;1\/2&#8243;][vc_column_text css_animation=&#8221;fadeInUp&#8221;] Magn\u00edficamente Exclusivo: el Bungalow Executive Pad Un retiro amplio y sofisticadamente dise\u00f1ado para recibir hasta 3 hu\u00e9spedes. MEJOR PRECIO GARANTIZADO Reserva hoy tu estancia de ensue\u00f1o! [\/vc_column_text][\/vc_column][vc_column width=&#8221;1\/2&#8243;][vc_empty_space height=&#8221;84px&#8221;][\/vc_column][\/vc_row][vc_row full_width=&#8221;stretch_row_content&#8221; gap=&#8221;&#8221; equal_height=&#8221;yes&#8221; content_placement=&#8221;top&#8221; parallax=&#8221;content-moving&#8221; css=&#8221;.vc_custom_1759232238068{padding-top: 60px !important;padding-bottom: 60px !important;}&#8221;][vc_column[&#8230;] <a href=\"https:\/\/mmvilla.com\/es\/manu-mykonos-villa-pad-bungalow\/\" class=\"more-link\">Continue reading<\/a><\/p>\n","protected":false},"author":2,"featured_media":0,"parent":0,"menu_order":0,"comment_status":"closed","ping_status":"closed","template":"","meta":{"footnotes":""},"class_list":["post-10723","page","type-page","status-publish","hentry"],"yoast_head":"<!-- This site is optimized with the Yoast SEO Premium plugin v23.5 (Yoast SEO v25.7) - https:\/\/yoast.com\/wordpress\/plugins\/seo\/ -->\n<title>Bungalow Executive Pad en Mykonos \u2013 Refugio Espacioso<\/title>\n<meta name=\"description\" content=\"Descubre el Bungalow Executive Pad en Mykonos: alojamiento de lujo para 3 hu\u00e9spedes con terraza privada, kitchenette y vistas al mar.\" \/>\n<meta name=\"robots\" content=\"index, follow, max-snippet:-1, max-image-preview:large, max-video-preview:-1\" \/>\n<link rel=\"canonical\" href=\"https:\/\/mmvilla.com\/es\/manu-mykonos-villa-pad-bungalow\/\" \/>\n<meta property=\"og:locale\" content=\"es_ES\" \/>\n<meta property=\"og:type\" content=\"article\" \/>\n<meta property=\"og:title\" content=\"MANU MYKONOS VILLA Pad Bungalow\" \/>\n<meta property=\"og:description\" content=\"Descubre el Bungalow Executive Pad en Mykonos: alojamiento de lujo para 3 hu\u00e9spedes con terraza privada, kitchenette y vistas al mar.\" \/>\n<meta property=\"og:url\" content=\"https:\/\/mmvilla.com\/es\/manu-mykonos-villa-pad-bungalow\/\" \/>\n<meta property=\"og:site_name\" content=\"Majestic Manu Mykonos \u2013 Private Villa, Premium Suites &amp; More\" \/>\n<meta property=\"article:publisher\" content=\"https:\/\/www.facebook.com\/p\/Quality-Brand-Villas-100039678235957\/\" \/>\n<meta property=\"article:modified_time\" content=\"2025-10-13T04:42:32+00:00\" \/>\n<meta name=\"twitter:card\" content=\"summary_large_image\" \/>\n<meta name=\"twitter:label1\" content=\"Tiempo de lectura\" \/>\n\t<meta name=\"twitter:data1\" content=\"4 minutos\" \/>\n<script type=\"application\/ld+json\" class=\"yoast-schema-graph\">{\"@context\":\"https:\/\/schema.org\",\"@graph\":[{\"@type\":\"WebPage\",\"@id\":\"https:\/\/mmvilla.com\/es\/manu-mykonos-villa-pad-bungalow\/\",\"url\":\"https:\/\/mmvilla.com\/es\/manu-mykonos-villa-pad-bungalow\/\",\"name\":\"Bungalow Executive Pad en Mykonos \u2013 Refugio Espacioso\",\"isPartOf\":{\"@id\":\"https:\/\/mmvilla.com\/#website\"},\"datePublished\":\"2024-10-12T17:32:27+00:00\",\"dateModified\":\"2025-10-13T04:42:32+00:00\",\"description\":\"Descubre el Bungalow Executive Pad en Mykonos: alojamiento de lujo para 3 hu\u00e9spedes con terraza privada, kitchenette y vistas al mar.\",\"breadcrumb\":{\"@id\":\"https:\/\/mmvilla.com\/es\/manu-mykonos-villa-pad-bungalow\/#breadcrumb\"},\"inLanguage\":\"es\",\"potentialAction\":[{\"@type\":\"ReadAction\",\"target\":[\"https:\/\/mmvilla.com\/es\/manu-mykonos-villa-pad-bungalow\/\"]}]},{\"@type\":\"BreadcrumbList\",\"@id\":\"https:\/\/mmvilla.com\/es\/manu-mykonos-villa-pad-bungalow\/#breadcrumb\",\"itemListElement\":[{\"@type\":\"ListItem\",\"position\":1,\"name\":\"Home\",\"item\":\"https:\/\/mmvilla.com\/es\/\"},{\"@type\":\"ListItem\",\"position\":2,\"name\":\"MANU MYKONOS VILLA Pad Bungalow\"}]},{\"@type\":\"WebSite\",\"@id\":\"https:\/\/mmvilla.com\/#website\",\"url\":\"https:\/\/mmvilla.com\/\",\"name\":\"Manu Mykonos Villa\",\"description\":\"Mykonos Luxury Living, Perfected by Majestic Manu\",\"publisher\":{\"@id\":\"https:\/\/mmvilla.com\/#organization\"},\"alternateName\":\"MMVILLA\",\"potentialAction\":[{\"@type\":\"SearchAction\",\"target\":{\"@type\":\"EntryPoint\",\"urlTemplate\":\"https:\/\/mmvilla.com\/?s={search_term_string}\"},\"query-input\":{\"@type\":\"PropertyValueSpecification\",\"valueRequired\":true,\"valueName\":\"search_term_string\"}}],\"inLanguage\":\"es\"},{\"@type\":\"Organization\",\"@id\":\"https:\/\/mmvilla.com\/#organization\",\"name\":\"QB Villas\",\"url\":\"https:\/\/mmvilla.com\/\",\"logo\":{\"@type\":\"ImageObject\",\"inLanguage\":\"es\",\"@id\":\"https:\/\/mmvilla.com\/#\/schema\/logo\/image\/\",\"url\":\"https:\/\/mmvilla.com\/wp-content\/uploads\/2018\/12\/QUALITY-BRAND-LOGO-KEM-QBVILLAS.png\",\"contentUrl\":\"https:\/\/mmvilla.com\/wp-content\/uploads\/2018\/12\/QUALITY-BRAND-LOGO-KEM-QBVILLAS.png\",\"width\":487,\"height\":500,\"caption\":\"QB Villas\"},\"image\":{\"@id\":\"https:\/\/mmvilla.com\/#\/schema\/logo\/image\/\"},\"sameAs\":[\"https:\/\/www.facebook.com\/p\/Quality-Brand-Villas-100039678235957\/\",\"https:\/\/www.instagram.com\/qualitybrandvillas\/\",\"https:\/\/www.linkedin.com\/company\/quality-brand-villas\"]}]}<\/script>\n<!-- \/ Yoast SEO Premium plugin. -->","yoast_head_json":{"title":"Bungalow Executive Pad en Mykonos \u2013 Refugio Espacioso","description":"Descubre el Bungalow Executive Pad en Mykonos: alojamiento de lujo para 3 hu\u00e9spedes con terraza privada, kitchenette y vistas al mar.","robots":{"index":"index","follow":"follow","max-snippet":"max-snippet:-1","max-image-preview":"max-image-preview:large","max-video-preview":"max-video-preview:-1"},"canonical":"https:\/\/mmvilla.com\/es\/manu-mykonos-villa-pad-bungalow\/","og_locale":"es_ES","og_type":"article","og_title":"MANU MYKONOS VILLA Pad Bungalow","og_description":"Descubre el Bungalow Executive Pad en Mykonos: alojamiento de lujo para 3 hu\u00e9spedes con terraza privada, kitchenette y vistas al mar.","og_url":"https:\/\/mmvilla.com\/es\/manu-mykonos-villa-pad-bungalow\/","og_site_name":"Majestic Manu Mykonos \u2013 Private Villa, Premium Suites &amp; More","article_publisher":"https:\/\/www.facebook.com\/p\/Quality-Brand-Villas-100039678235957\/","article_modified_time":"2025-10-13T04:42:32+00:00","twitter_card":"summary_large_image","twitter_misc":{"Tiempo de lectura":"4 minutos"},"schema":{"@context":"https:\/\/schema.org","@graph":[{"@type":"WebPage","@id":"https:\/\/mmvilla.com\/es\/manu-mykonos-villa-pad-bungalow\/","url":"https:\/\/mmvilla.com\/es\/manu-mykonos-villa-pad-bungalow\/","name":"Bungalow Executive Pad en Mykonos \u2013 Refugio Espacioso","isPartOf":{"@id":"https:\/\/mmvilla.com\/#website"},"datePublished":"2024-10-12T17:32:27+00:00","dateModified":"2025-10-13T04:42:32+00:00","description":"Descubre el Bungalow Executive Pad en Mykonos: alojamiento de lujo para 3 hu\u00e9spedes con terraza privada, kitchenette y vistas al mar.","breadcrumb":{"@id":"https:\/\/mmvilla.com\/es\/manu-mykonos-villa-pad-bungalow\/#breadcrumb"},"inLanguage":"es","potentialAction":[{"@type":"ReadAction","target":["https:\/\/mmvilla.com\/es\/manu-mykonos-villa-pad-bungalow\/"]}]},{"@type":"BreadcrumbList","@id":"https:\/\/mmvilla.com\/es\/manu-mykonos-villa-pad-bungalow\/#breadcrumb","itemListElement":[{"@type":"ListItem","position":1,"name":"Home","item":"https:\/\/mmvilla.com\/es\/"},{"@type":"ListItem","position":2,"name":"MANU MYKONOS VILLA Pad Bungalow"}]},{"@type":"WebSite","@id":"https:\/\/mmvilla.com\/#website","url":"https:\/\/mmvilla.com\/","name":"Manu Mykonos Villa","description":"Mykonos Luxury Living, Perfected by Majestic Manu","publisher":{"@id":"https:\/\/mmvilla.com\/#organization"},"alternateName":"MMVILLA","potentialAction":[{"@type":"SearchAction","target":{"@type":"EntryPoint","urlTemplate":"https:\/\/mmvilla.com\/?s={search_term_string}"},"query-input":{"@type":"PropertyValueSpecification","valueRequired":true,"valueName":"search_term_string"}}],"inLanguage":"es"},{"@type":"Organization","@id":"https:\/\/mmvilla.com\/#organization","name":"QB Villas","url":"https:\/\/mmvilla.com\/","logo":{"@type":"ImageObject","inLanguage":"es","@id":"https:\/\/mmvilla.com\/#\/schema\/logo\/image\/","url":"https:\/\/mmvilla.com\/wp-content\/uploads\/2018\/12\/QUALITY-BRAND-LOGO-KEM-QBVILLAS.png","contentUrl":"https:\/\/mmvilla.com\/wp-content\/uploads\/2018\/12\/QUALITY-BRAND-LOGO-KEM-QBVILLAS.png","width":487,"height":500,"caption":"QB Villas"},"image":{"@id":"https:\/\/mmvilla.com\/#\/schema\/logo\/image\/"},"sameAs":["https:\/\/www.facebook.com\/p\/Quality-Brand-Villas-100039678235957\/","https:\/\/www.instagram.com\/qualitybrandvillas\/","https:\/\/www.linkedin.com\/company\/quality-brand-villas"]}]}},"_links":{"self":[{"href":"https:\/\/mmvilla.com\/es\/wp-json\/wp\/v2\/pages\/10723","targetHints":{"allow":["GET"]}}],"collection":[{"href":"https:\/\/mmvilla.com\/es\/wp-json\/wp\/v2\/pages"}],"about":[{"href":"https:\/\/mmvilla.com\/es\/wp-json\/wp\/v2\/types\/page"}],"author":[{"embeddable":true,"href":"https:\/\/mmvilla.com\/es\/wp-json\/wp\/v2\/users\/2"}],"replies":[{"embeddable":true,"href":"https:\/\/mmvilla.com\/es\/wp-json\/wp\/v2\/comments?post=10723"}],"version-history":[{"count":12,"href":"https:\/\/mmvilla.com\/es\/wp-json\/wp\/v2\/pages\/10723\/revisions"}],"predecessor-version":[{"id":15186,"href":"https:\/\/mmvilla.com\/es\/wp-json\/wp\/v2\/pages\/10723\/revisions\/15186"}],"wp:attachment":[{"href":"https:\/\/mmvilla.com\/es\/wp-json\/wp\/v2\/media?parent=10723"}],"curies":[{"name":"wp","href":"https:\/\/api.w.org\/{rel}","templated":true}]}}