{"id":10725,"date":"2024-10-12T21:27:16","date_gmt":"2024-10-12T18:27:16","guid":{"rendered":"https:\/\/mmvilla.com\/manu-mykonos-villa-nook-bungalow\/"},"modified":"2025-10-13T07:47:18","modified_gmt":"2025-10-13T04:47:18","slug":"manu-mykonos-villa-nook-bungalow","status":"publish","type":"page","link":"https:\/\/mmvilla.com\/es\/manu-mykonos-villa-nook-bungalow\/","title":{"rendered":"MANU MYKONOS VILLA Nook Bungalow"},"content":{"rendered":"<p>[vc_row full_width=&#8221;stretch_row&#8221; gap=&#8221;&#8221; full_height=&#8221;yes&#8221; equal_height=&#8221;yes&#8221; parallax=&#8221;content-moving&#8221; parallax_image=&#8221;8524&#8243; overlay_color=&#8221;rgba(33,33,33,0.4)&#8221; text_color=&#8221;#ffffff&#8221; css=&#8221;.vc_custom_1758870616792{padding-top: 180px !important;padding-bottom: 180px !important;}&#8221;][vc_column width=&#8221;1\/2&#8243;][vc_column_text css_animation=&#8221;fadeInUp&#8221;]<\/p>\n<h1><em>Momentos Inolvidables en el Bungalow Splendid Nook<\/em><\/h1>\n<h4>Una elecci\u00f3n perfecta para quienes valoran el equilibrio entre comodidad y sofisticaci\u00f3n<\/h4>\n<h3>MEJOR PRECIO GARANTIZADO<\/h3>\n<h4><a href=\"https:\/\/mmvilla.com\/es\/manu-mykonos-villa-reservar-en-linea\/\" target=\"_blank\" rel=\"noopener\"><strong data-start=\"225\" data-end=\"280\">Reserva hoy tu estancia de ensue\u00f1o!<\/strong><\/a><\/h4>\n<p>[\/vc_column_text][\/vc_column][vc_column width=&#8221;1\/2&#8243;][vc_empty_space height=&#8221;84px&#8221;][\/vc_column][\/vc_row][vc_row full_width=&#8221;stretch_row_content&#8221; gap=&#8221;&#8221; equal_height=&#8221;yes&#8221; content_placement=&#8221;top&#8221; parallax=&#8221;content-moving&#8221; css=&#8221;.vc_custom_1759829642275{padding-top: 32px !important;padding-bottom: 32px !important;}&#8221;][vc_column parallax_image=&#8221;2821&#8243; width=&#8221;1\/2&#8243; overlay_color=&#8221;rgba(255,255,255,0.9)&#8221; css=&#8221;.vc_custom_1759321709054{padding-top: 32px !important;padding-right: 100px !important;padding-left: 100px !important;}&#8221;][vc_row_inner][vc_column_inner]<div class=\"heading-with-separator text-left id_169d4daad4b7ad1106496574   wpb_animate_when_almost_visible wpb_fadeInUp fadeInUp \"><div class=\"header-content\">\n\t\t\t<p class=\"h-subheading\">Vista al mar y a la piscina | Capacidad: hasta 2 hu\u00e9spedes<br \/>\nDormitorios: 1 | Ba\u00f1os: 1 | Superficie total: 40 m\u00b2 (430 pies\u00b2) | Interiores: 20 m\u00b2<\/p>\n\t\t\t<h2 class=\"heading  heading-decorator-1\" style=\"; letter-spacing: 0px; \">Bungalow Splendid Nook: experiencias \u00fanicas<br \/>\n<em>al mejor precio<em><\/h2><\/div><\/div><div class=\"custom-styles\" data-styles=\".id_169d4daad4b7ad1106496574 .heading-decorator-1:before, .id_169d4daad4b7ad1106496574 .heading-decorator-1:after { border-color: #000000}\"><\/div><div class=\"heading-with-separator text-left id_169d4daad4b7fe1986062190   wpb_animate_when_almost_visible wpb_fadeInUp fadeInUp \"><div class=\"header-content\">\n\t\t\t<p class=\"h-subheading\"><\/p>\n\t\t\t<h4 class=\"heading  \" style=\"; letter-spacing: 0px; \">Bungalow Splendid Nook \u2013 Confort y Encanto junto al Mar<\/h4><\/div><\/div><div class=\"custom-styles\" data-styles=\".id_169d4daad4b7fe1986062190 .heading-decorator-1:before, .id_169d4daad4b7fe1986062190 .heading-decorator-1:after { border-color: #000000}\"><\/div>[vc_column_text css_animation=&#8221;fadeInUp&#8221;]<\/em><\/em><\/p>\n<h6 data-start=\"249\" data-end=\"520\">El <strong data-start=\"252\" data-end=\"278\">Bungalow Splendid Nook<\/strong> es una excelente elecci\u00f3n para hasta 2 hu\u00e9spedes que buscan una combinaci\u00f3n perfecta de confort con un toque de indulgencia. Este bungalow incluye una cama king size y un ba\u00f1o privado, ofreciendo todo lo esencial para una estancia de lujo.<\/h6>\n<h6 data-start=\"522\" data-end=\"782\">El dise\u00f1o inteligente del espacio maximiza la entrada de luz natural, creando un ambiente luminoso y acogedor. Desde el balc\u00f3n amueblado podr\u00e1s disfrutar de magn\u00edficas vistas a la piscina y al mar, perfectas para relajarte y empaparte de la atm\u00f3sfera serena.<\/h6>\n<hr data-start=\"784\" data-end=\"787\" \/>\n<h5 data-start=\"789\" data-end=\"834\"><strong data-start=\"793\" data-end=\"832\">Colchones \u2013 Para un Sue\u00f1o Reparador<\/strong><\/h5>\n<h6 data-start=\"835\" data-end=\"1084\">Para tu descanso nocturno, insistimos en utilizar \u00fanicamente colchones de la m\u00e1s alta calidad, elaborados con materiales 100% naturales. Seleccionados con cuidado y experiencia, garantizan una experiencia de sue\u00f1o \u00fanica y profundamente reparadora.<\/h6>\n<hr data-start=\"1086\" data-end=\"1089\" \/>\n<h5 data-start=\"1091\" data-end=\"1149\"><strong data-start=\"1095\" data-end=\"1147\">Kitchenette \u2013 Todo lo Esencial para tu Comodidad<\/strong><\/h5>\n<h6 data-start=\"1150\" data-end=\"1440\">El bungalow dispone de una kitchenette equipada con los elementos b\u00e1sicos para cocinar y preparar comidas:<br data-start=\"1256\" data-end=\"1259\" \/><strong data-start=\"1259\" data-end=\"1438\">Fregadero | Encimera | Refrigerador compacto | Vitrocer\u00e1mica | Microondas | Tostadora | Muebles de almacenaje | Extractor | Utensilios y cuberter\u00eda | Electrodom\u00e9sticos b\u00e1sicos<\/strong><\/h6>\n<hr data-start=\"1442\" data-end=\"1445\" \/>\n<h5 data-start=\"1447\" data-end=\"1502\"><strong data-start=\"1451\" data-end=\"1500\">NESPRESSO \u2013 La Mejor Forma de Comenzar el D\u00eda<\/strong><\/h5>\n<h6 data-start=\"1503\" data-end=\"1717\">Nada como una taza de caf\u00e9 perfecta para empezar la ma\u00f1ana. Tu suite cuenta con una m\u00e1quina Nespresso y un hervidor de agua, para que disfrutes en cualquier momento de las mejores variedades de caf\u00e9 o infusiones.<\/h6>\n<hr data-start=\"1719\" data-end=\"1722\" \/>\n<h5 data-start=\"1724\" data-end=\"1782\"><strong data-start=\"1728\" data-end=\"1780\">AMAZON &amp; NETFLIX \u2013 Entretenimiento Personalizado<\/strong><\/h5>\n<h6 data-start=\"1783\" data-end=\"2010\">Rel\u00e1jate con tus series y pel\u00edculas favoritas gracias a Amazon Prime y Netflix, disponibles en tu Smart TV con aplicaciones integradas. Una experiencia de entretenimiento premium para disfrutar desde la comodidad de tu suite.<\/h6>\n<hr data-start=\"2012\" data-end=\"2015\" \/>\n<h5 data-start=\"2017\" data-end=\"2077\"><strong data-start=\"2021\" data-end=\"2075\">Instalaciones &amp; Amenities \u2013 Lujo, Estilo y Confort<\/strong><\/h5>\n<ul data-start=\"2078\" data-end=\"2589\">\n<li data-start=\"2078\" data-end=\"2094\">\n<h6 data-start=\"2080\" data-end=\"2094\"><strong>Vista al mar<\/strong><\/h6>\n<\/li>\n<li data-start=\"2095\" data-end=\"2123\">\n<h6 data-start=\"2097\" data-end=\"2123\"><strong>Habitaci\u00f3n libre de humo<\/strong><\/h6>\n<\/li>\n<li data-start=\"2124\" data-end=\"2149\">\n<h6 data-start=\"2126\" data-end=\"2149\"><strong>Ba\u00f1o amplio de dise\u00f1o<\/strong><\/h6>\n<\/li>\n<li data-start=\"2150\" data-end=\"2192\">\n<h6 data-start=\"2152\" data-end=\"2192\"><strong>Balc\u00f3n privado con mobiliario exterior<\/strong><\/h6>\n<\/li>\n<li data-start=\"2193\" data-end=\"2275\">\n<h6 data-start=\"2195\" data-end=\"2275\"><strong>TV SMART-LED FHD de 43\u2019\u2019 con m\u00e1s de 100 canales satelitales + Amazon &amp; Netflix<\/strong><\/h6>\n<\/li>\n<li data-start=\"2276\" data-end=\"2296\">\n<h6 data-start=\"2278\" data-end=\"2296\"><strong>Bocina Bluetooth<\/strong><\/h6>\n<\/li>\n<li data-start=\"2297\" data-end=\"2333\">\n<h6 data-start=\"2299\" data-end=\"2333\"><strong>Wi-Fi de alta velocidad gratuito<\/strong><\/h6>\n<\/li>\n<li data-start=\"2334\" data-end=\"2379\">\n<h6 data-start=\"2336\" data-end=\"2379\"><strong>Aire acondicionado con control individual<\/strong><\/h6>\n<\/li>\n<li data-start=\"2380\" data-end=\"2414\">\n<h6 data-start=\"2382\" data-end=\"2414\"><strong>Espejo de maquillaje iluminado<\/strong><\/h6>\n<\/li>\n<li data-start=\"2415\" data-end=\"2455\">\n<h6 data-start=\"2417\" data-end=\"2455\"><strong>Secador de cabello y b\u00e1scula digital<\/strong><\/h6>\n<\/li>\n<li data-start=\"2456\" data-end=\"2484\">\n<h6 data-start=\"2458\" data-end=\"2484\"><strong>Caja fuerte de seguridad<\/strong><\/h6>\n<\/li>\n<li data-start=\"2485\" data-end=\"2520\">\n<h6 data-start=\"2487\" data-end=\"2520\"><strong>Ropa de cama de algod\u00f3n de lujo<\/strong><\/h6>\n<\/li>\n<li data-start=\"2521\" data-end=\"2555\">\n<h6 data-start=\"2523\" data-end=\"2555\"><strong>Albornoces y pantuflas premium<\/strong><\/h6>\n<\/li>\n<li data-start=\"2556\" data-end=\"2589\">\n<h6 data-start=\"2558\" data-end=\"2589\"><strong>Amenidades de ba\u00f1o exclusivas<\/strong><\/h6>\n<\/li>\n<\/ul>\n<h5 data-start=\"2591\" data-end=\"2693\"><strong>Todo cuidadosamente pensado para ofrecerte una experiencia inolvidable de lujo y confort en Mykonos.<\/strong><\/h5>\n<p>[\/vc_column_text][\/vc_column_inner][\/vc_row_inner][\/vc_column][vc_column css_animation=&#8221;none&#8221; width=&#8221;1\/2&#8243;][vc_empty_space]<div class=\"rokka-gallery rokka-gallery-element\"><div class=\"rokka-gallery-masonry rokka-grid rokka-2-col   animate-text\" data-ismasonry=\"0\" data-imgbg=\"1\"><article class=\"grid-sizer\"><\/article><article class=\"gutter-sizer\"><\/article><article class=\"w1-h1\"><div class=\"layer\"><div class=\"img-bg\" data-depth=\"0.50\" style=\"background-image: url(https:\/\/mmvilla.com\/wp-content\/uploads\/2024\/10\/Manu-Sea-Sun-Villa-Mykonos-124-1.jpg) \" ><\/div><\/div>\n\t\t\t\t\t\t<div class=\"rokka-gallery-item open-lightbox_images\"><a class=\"gallery-link\" href=\"https:\/\/mmvilla.com\/wp-content\/uploads\/2024\/10\/Manu-Sea-Sun-Villa-Mykonos-124-1.jpg\" data-size=\"640x454\"><\/a><div class=\"image-wrapper\"><span class=\"gallery-img \" style=\"background-image: url(https:\/\/mmvilla.com\/wp-content\/uploads\/2024\/10\/Manu-Sea-Sun-Villa-Mykonos-124-1.jpg);\"><\/span><\/div><\/div><\/article><article class=\"w1-h1\"><div class=\"layer\"><div class=\"img-bg\" data-depth=\"0.50\" style=\"background-image: url(https:\/\/mmvilla.com\/wp-content\/uploads\/2024\/10\/Manu-Sea-Sun-Villa-Mykonos-125-1.jpg) \" ><\/div><\/div>\n\t\t\t\t\t\t<div class=\"rokka-gallery-item open-lightbox_images\"><a class=\"gallery-link\" href=\"https:\/\/mmvilla.com\/wp-content\/uploads\/2024\/10\/Manu-Sea-Sun-Villa-Mykonos-125-1.jpg\" data-size=\"640x454\"><\/a><div class=\"image-wrapper\"><span class=\"gallery-img \" style=\"background-image: url(https:\/\/mmvilla.com\/wp-content\/uploads\/2024\/10\/Manu-Sea-Sun-Villa-Mykonos-125-1.jpg);\"><\/span><\/div><\/div><\/article><article class=\"w1-h1\"><div class=\"layer\"><div class=\"img-bg\" data-depth=\"0.50\" style=\"background-image: url(https:\/\/mmvilla.com\/wp-content\/uploads\/2024\/10\/Manu-Sea-Sun-Villa-Mykonos-126.jpg) \" ><\/div><\/div>\n\t\t\t\t\t\t<div class=\"rokka-gallery-item open-lightbox_images\"><a class=\"gallery-link\" href=\"https:\/\/mmvilla.com\/wp-content\/uploads\/2024\/10\/Manu-Sea-Sun-Villa-Mykonos-126.jpg\" data-size=\"640x454\"><\/a><div class=\"image-wrapper\"><span class=\"gallery-img \" style=\"background-image: url(https:\/\/mmvilla.com\/wp-content\/uploads\/2024\/10\/Manu-Sea-Sun-Villa-Mykonos-126.jpg);\"><\/span><\/div><\/div><\/article><article class=\"w1-h1\"><div class=\"layer\"><div class=\"img-bg\" data-depth=\"0.50\" style=\"background-image: url(https:\/\/mmvilla.com\/wp-content\/uploads\/2024\/10\/1-Manu-Sea-Sun-Villa-Mykonos-Nook-Bungalow-3-1600x1062.jpg) \" ><\/div><\/div>\n\t\t\t\t\t\t<div class=\"rokka-gallery-item open-lightbox_images\"><a class=\"gallery-link\" href=\"https:\/\/mmvilla.com\/wp-content\/uploads\/2024\/10\/1-Manu-Sea-Sun-Villa-Mykonos-Nook-Bungalow-3-scaled.jpg\" data-size=\"640x425\"><\/a><div class=\"image-wrapper\"><span class=\"gallery-img \" style=\"background-image: url(https:\/\/mmvilla.com\/wp-content\/uploads\/2024\/10\/1-Manu-Sea-Sun-Villa-Mykonos-Nook-Bungalow-3-1600x1062.jpg);\"><\/span><\/div><\/div><\/article><article class=\"w1-h1\"><div class=\"layer\"><div class=\"img-bg\" data-depth=\"0.50\" style=\"background-image: url(https:\/\/mmvilla.com\/wp-content\/uploads\/2024\/10\/5-Manu-Sea-Sun-Villa-Mykonos-Nook-Bungalow-2-1600x900.jpg) \" ><\/div><\/div>\n\t\t\t\t\t\t<div class=\"rokka-gallery-item open-lightbox_images\"><a class=\"gallery-link\" href=\"https:\/\/mmvilla.com\/wp-content\/uploads\/2024\/10\/5-Manu-Sea-Sun-Villa-Mykonos-Nook-Bungalow-2-scaled.jpg\" data-size=\"640x360\"><\/a><div class=\"image-wrapper\"><span class=\"gallery-img \" style=\"background-image: url(https:\/\/mmvilla.com\/wp-content\/uploads\/2024\/10\/5-Manu-Sea-Sun-Villa-Mykonos-Nook-Bungalow-2-1600x900.jpg);\"><\/span><\/div><\/div><\/article><article class=\"w1-h1\"><div class=\"layer\"><div class=\"img-bg\" data-depth=\"0.50\" style=\"background-image: url(https:\/\/mmvilla.com\/wp-content\/uploads\/2024\/10\/2-Manu-Sea-Sun-Villa-Mykonos-Nook-Bungalow-4-1600x1067.jpg) \" ><\/div><\/div>\n\t\t\t\t\t\t<div class=\"rokka-gallery-item open-lightbox_images\"><a class=\"gallery-link\" href=\"https:\/\/mmvilla.com\/wp-content\/uploads\/2024\/10\/2-Manu-Sea-Sun-Villa-Mykonos-Nook-Bungalow-4-scaled.jpg\" data-size=\"640x427\"><\/a><div class=\"image-wrapper\"><span class=\"gallery-img \" style=\"background-image: url(https:\/\/mmvilla.com\/wp-content\/uploads\/2024\/10\/2-Manu-Sea-Sun-Villa-Mykonos-Nook-Bungalow-4-1600x1067.jpg);\"><\/span><\/div><\/div><\/article><article class=\"w1-h1\"><div class=\"layer\"><div class=\"img-bg\" data-depth=\"0.50\" style=\"background-image: url(https:\/\/mmvilla.com\/wp-content\/uploads\/2024\/10\/2-Manu-Sea-Sun-Villa-Mykonos-Pool-14-1600x900.jpg) \" ><\/div><\/div>\n\t\t\t\t\t\t<div class=\"rokka-gallery-item open-lightbox_images\"><a class=\"gallery-link\" href=\"https:\/\/mmvilla.com\/wp-content\/uploads\/2024\/10\/2-Manu-Sea-Sun-Villa-Mykonos-Pool-14-scaled.jpg\" data-size=\"640x360\"><\/a><div class=\"image-wrapper\"><span class=\"gallery-img \" style=\"background-image: url(https:\/\/mmvilla.com\/wp-content\/uploads\/2024\/10\/2-Manu-Sea-Sun-Villa-Mykonos-Pool-14-1600x900.jpg);\"><\/span><\/div><\/div><\/article><article class=\"w1-h1\"><div class=\"layer\"><div class=\"img-bg\" data-depth=\"0.50\" style=\"background-image: url(https:\/\/mmvilla.com\/wp-content\/uploads\/2025\/09\/LOGO-MANU-TRANSPARENT-8.png) \" ><\/div><\/div>\n\t\t\t\t\t\t<div class=\"rokka-gallery-item open-lightbox_images\"><a class=\"gallery-link\" href=\"https:\/\/mmvilla.com\/wp-content\/uploads\/2025\/09\/LOGO-MANU-TRANSPARENT-8.png\" data-size=\"410x410\"><\/a><div class=\"image-wrapper\"><span class=\"gallery-img \" style=\"background-image: url(https:\/\/mmvilla.com\/wp-content\/uploads\/2025\/09\/LOGO-MANU-TRANSPARENT-8.png);\"><\/span><\/div><\/div><\/article><\/div><\/div>[vc_empty_space height=&#8221;20px&#8221;]<div class=\"heading-with-separator text-left id_169d4daad4ce371564315929   \"><div class=\"header-content\">\n\t\t\t<p class=\"h-subheading\"><\/p>\n\t\t\t<h5 class=\"heading  \" style=\"color: #000000; letter-spacing: 0px; \">Mykonos. Una experiencia hecha para Ti.<br \/>\nSum\u00e9rgete en un mundo de estilo y serenidad, donde cada detalle ha sido cuidadosamente pensado para reflejar tus deseos.<\/h5><\/div><\/div><div class=\"custom-styles\" data-styles=\".id_169d4daad4ce371564315929 .heading-decorator-1:before, .id_169d4daad4ce371564315929 .heading-decorator-1:after { border-color: #000000}\"><\/div><div class=\"heading-with-separator text-left id_169d4daad4ce5c2146906398   \"><div class=\"header-content\">\n\t\t\t<p class=\"h-subheading\"><\/p>\n\t\t\t<h6 class=\"heading  \" style=\"color: #000000; letter-spacing: 0px; \">M\u00e1s que una estancia, es una experiencia \u00fanica para viajeros que valoran la autenticidad, la comodidad y la elegancia. Cada elemento refleja la esencia de Mykonos, creando una atm\u00f3sfera fluida, inspiradora e inolvidable.<\/h6><\/div><\/div><div class=\"custom-styles\" data-styles=\".id_169d4daad4ce5c2146906398 .heading-decorator-1:before, .id_169d4daad4ce5c2146906398 .heading-decorator-1:after { border-color: #000000}\"><\/div><div class=\"heading-with-separator text-left id_169d4daad4ce76197349015   \"><div class=\"header-content\">\n\t\t\t<p class=\"h-subheading\"><\/p>\n\t\t\t<h5 class=\"heading  \" style=\"color: #000000; letter-spacing: 0px; \">Con servicios personalizados, detalles refinados y recuerdos que perduran, tus vacaciones en Mykonos ser\u00e1n siempre tan \u00fanicas como t\u00fa.<\/h5><\/div><\/div><div class=\"custom-styles\" data-styles=\".id_169d4daad4ce76197349015 .heading-decorator-1:before, .id_169d4daad4ce76197349015 .heading-decorator-1:after { border-color: #000000}\"><\/div><div class=\"btn-wrapper text-left id_169d4daad4ce991118708144   icon-left \" ><a href=\"https:\/\/mmvilla.com\/es\/manu-mykonos-villa-reservar-en-linea\/%20\" target='_blank' class=\"btn btn-lg btn-dark btn-solid\" data-btn-text=\"RESERVAR EN L\u00cdNEA\">RESERVAR EN L\u00cdNEA<\/a><\/div>[\/vc_column][\/vc_row]<\/p>","protected":false},"excerpt":{"rendered":"<p>[vc_row full_width=&#8221;stretch_row&#8221; gap=&#8221;&#8221; full_height=&#8221;yes&#8221; equal_height=&#8221;yes&#8221; parallax=&#8221;content-moving&#8221; parallax_image=&#8221;8524&#8243; overlay_color=&#8221;rgba(33,33,33,0.4)&#8221; text_color=&#8221;#ffffff&#8221; css=&#8221;.vc_custom_1758870616792{padding-top: 180px !important;padding-bottom: 180px !important;}&#8221;][vc_column width=&#8221;1\/2&#8243;][vc_column_text css_animation=&#8221;fadeInUp&#8221;] Momentos Inolvidables en el Bungalow Splendid Nook Una elecci\u00f3n perfecta para quienes valoran el equilibrio entre comodidad y sofisticaci\u00f3n MEJOR PRECIO GARANTIZADO Reserva hoy tu estancia de ensue\u00f1o! [\/vc_column_text][\/vc_column][vc_column width=&#8221;1\/2&#8243;][vc_empty_space height=&#8221;84px&#8221;][\/vc_column][\/vc_row][vc_row full_width=&#8221;stretch_row_content&#8221; gap=&#8221;&#8221; equal_height=&#8221;yes&#8221; content_placement=&#8221;top&#8221; parallax=&#8221;content-moving&#8221; css=&#8221;.vc_custom_1759829642275{padding-top: 32px !important;padding-bottom:[&#8230;] <a href=\"https:\/\/mmvilla.com\/es\/manu-mykonos-villa-nook-bungalow\/\" class=\"more-link\">Continue reading<\/a><\/p>\n","protected":false},"author":2,"featured_media":0,"parent":0,"menu_order":0,"comment_status":"closed","ping_status":"closed","template":"","meta":{"footnotes":""},"class_list":["post-10725","page","type-page","status-publish","hentry"],"yoast_head":"<!-- This site is optimized with the Yoast SEO Premium plugin v23.5 (Yoast SEO v25.7) - https:\/\/yoast.com\/wordpress\/plugins\/seo\/ -->\n<title>Splendid Nook Bungalow en Mykonos \u2013 Confort y Vista al Mar<\/title>\n<meta name=\"description\" content=\"El Splendid Nook Bungalow ofrece alojamiento de lujo para 2 hu\u00e9spedes con cama king size, balc\u00f3n privado, vistas al mar y piscina\" \/>\n<meta name=\"robots\" content=\"index, follow, max-snippet:-1, max-image-preview:large, max-video-preview:-1\" \/>\n<link rel=\"canonical\" href=\"https:\/\/mmvilla.com\/es\/manu-mykonos-villa-nook-bungalow\/\" \/>\n<meta property=\"og:locale\" content=\"es_ES\" \/>\n<meta property=\"og:type\" content=\"article\" \/>\n<meta property=\"og:title\" content=\"MANU MYKONOS VILLA Nook Bungalow\" \/>\n<meta property=\"og:description\" content=\"El Splendid Nook Bungalow ofrece alojamiento de lujo para 2 hu\u00e9spedes con cama king size, balc\u00f3n privado, vistas al mar y piscina\" \/>\n<meta property=\"og:url\" content=\"https:\/\/mmvilla.com\/es\/manu-mykonos-villa-nook-bungalow\/\" \/>\n<meta property=\"og:site_name\" content=\"Majestic Manu Mykonos \u2013 Private Villa, Premium Suites &amp; More\" \/>\n<meta property=\"article:publisher\" content=\"https:\/\/www.facebook.com\/p\/Quality-Brand-Villas-100039678235957\/\" \/>\n<meta property=\"article:modified_time\" content=\"2025-10-13T04:47:18+00:00\" \/>\n<meta name=\"twitter:card\" content=\"summary_large_image\" \/>\n<meta name=\"twitter:label1\" content=\"Tiempo de lectura\" \/>\n\t<meta name=\"twitter:data1\" content=\"3 minutos\" \/>\n<script type=\"application\/ld+json\" class=\"yoast-schema-graph\">{\"@context\":\"https:\/\/schema.org\",\"@graph\":[{\"@type\":\"WebPage\",\"@id\":\"https:\/\/mmvilla.com\/es\/manu-mykonos-villa-nook-bungalow\/\",\"url\":\"https:\/\/mmvilla.com\/es\/manu-mykonos-villa-nook-bungalow\/\",\"name\":\"Splendid Nook Bungalow en Mykonos \u2013 Confort y Vista al Mar\",\"isPartOf\":{\"@id\":\"https:\/\/mmvilla.com\/#website\"},\"datePublished\":\"2024-10-12T18:27:16+00:00\",\"dateModified\":\"2025-10-13T04:47:18+00:00\",\"description\":\"El Splendid Nook Bungalow ofrece alojamiento de lujo para 2 hu\u00e9spedes con cama king size, balc\u00f3n privado, vistas al mar y piscina\",\"breadcrumb\":{\"@id\":\"https:\/\/mmvilla.com\/es\/manu-mykonos-villa-nook-bungalow\/#breadcrumb\"},\"inLanguage\":\"es\",\"potentialAction\":[{\"@type\":\"ReadAction\",\"target\":[\"https:\/\/mmvilla.com\/es\/manu-mykonos-villa-nook-bungalow\/\"]}]},{\"@type\":\"BreadcrumbList\",\"@id\":\"https:\/\/mmvilla.com\/es\/manu-mykonos-villa-nook-bungalow\/#breadcrumb\",\"itemListElement\":[{\"@type\":\"ListItem\",\"position\":1,\"name\":\"Home\",\"item\":\"https:\/\/mmvilla.com\/es\/\"},{\"@type\":\"ListItem\",\"position\":2,\"name\":\"MANU MYKONOS VILLA Nook Bungalow\"}]},{\"@type\":\"WebSite\",\"@id\":\"https:\/\/mmvilla.com\/#website\",\"url\":\"https:\/\/mmvilla.com\/\",\"name\":\"Manu Mykonos Villa\",\"description\":\"Mykonos Luxury Living, Perfected by Majestic Manu\",\"publisher\":{\"@id\":\"https:\/\/mmvilla.com\/#organization\"},\"alternateName\":\"MMVILLA\",\"potentialAction\":[{\"@type\":\"SearchAction\",\"target\":{\"@type\":\"EntryPoint\",\"urlTemplate\":\"https:\/\/mmvilla.com\/?s={search_term_string}\"},\"query-input\":{\"@type\":\"PropertyValueSpecification\",\"valueRequired\":true,\"valueName\":\"search_term_string\"}}],\"inLanguage\":\"es\"},{\"@type\":\"Organization\",\"@id\":\"https:\/\/mmvilla.com\/#organization\",\"name\":\"QB Villas\",\"url\":\"https:\/\/mmvilla.com\/\",\"logo\":{\"@type\":\"ImageObject\",\"inLanguage\":\"es\",\"@id\":\"https:\/\/mmvilla.com\/#\/schema\/logo\/image\/\",\"url\":\"https:\/\/mmvilla.com\/wp-content\/uploads\/2018\/12\/QUALITY-BRAND-LOGO-KEM-QBVILLAS.png\",\"contentUrl\":\"https:\/\/mmvilla.com\/wp-content\/uploads\/2018\/12\/QUALITY-BRAND-LOGO-KEM-QBVILLAS.png\",\"width\":487,\"height\":500,\"caption\":\"QB Villas\"},\"image\":{\"@id\":\"https:\/\/mmvilla.com\/#\/schema\/logo\/image\/\"},\"sameAs\":[\"https:\/\/www.facebook.com\/p\/Quality-Brand-Villas-100039678235957\/\",\"https:\/\/www.instagram.com\/qualitybrandvillas\/\",\"https:\/\/www.linkedin.com\/company\/quality-brand-villas\"]}]}<\/script>\n<!-- \/ Yoast SEO Premium plugin. -->","yoast_head_json":{"title":"Splendid Nook Bungalow en Mykonos \u2013 Confort y Vista al Mar","description":"El Splendid Nook Bungalow ofrece alojamiento de lujo para 2 hu\u00e9spedes con cama king size, balc\u00f3n privado, vistas al mar y piscina","robots":{"index":"index","follow":"follow","max-snippet":"max-snippet:-1","max-image-preview":"max-image-preview:large","max-video-preview":"max-video-preview:-1"},"canonical":"https:\/\/mmvilla.com\/es\/manu-mykonos-villa-nook-bungalow\/","og_locale":"es_ES","og_type":"article","og_title":"MANU MYKONOS VILLA Nook Bungalow","og_description":"El Splendid Nook Bungalow ofrece alojamiento de lujo para 2 hu\u00e9spedes con cama king size, balc\u00f3n privado, vistas al mar y piscina","og_url":"https:\/\/mmvilla.com\/es\/manu-mykonos-villa-nook-bungalow\/","og_site_name":"Majestic Manu Mykonos \u2013 Private Villa, Premium Suites &amp; More","article_publisher":"https:\/\/www.facebook.com\/p\/Quality-Brand-Villas-100039678235957\/","article_modified_time":"2025-10-13T04:47:18+00:00","twitter_card":"summary_large_image","twitter_misc":{"Tiempo de lectura":"3 minutos"},"schema":{"@context":"https:\/\/schema.org","@graph":[{"@type":"WebPage","@id":"https:\/\/mmvilla.com\/es\/manu-mykonos-villa-nook-bungalow\/","url":"https:\/\/mmvilla.com\/es\/manu-mykonos-villa-nook-bungalow\/","name":"Splendid Nook Bungalow en Mykonos \u2013 Confort y Vista al Mar","isPartOf":{"@id":"https:\/\/mmvilla.com\/#website"},"datePublished":"2024-10-12T18:27:16+00:00","dateModified":"2025-10-13T04:47:18+00:00","description":"El Splendid Nook Bungalow ofrece alojamiento de lujo para 2 hu\u00e9spedes con cama king size, balc\u00f3n privado, vistas al mar y piscina","breadcrumb":{"@id":"https:\/\/mmvilla.com\/es\/manu-mykonos-villa-nook-bungalow\/#breadcrumb"},"inLanguage":"es","potentialAction":[{"@type":"ReadAction","target":["https:\/\/mmvilla.com\/es\/manu-mykonos-villa-nook-bungalow\/"]}]},{"@type":"BreadcrumbList","@id":"https:\/\/mmvilla.com\/es\/manu-mykonos-villa-nook-bungalow\/#breadcrumb","itemListElement":[{"@type":"ListItem","position":1,"name":"Home","item":"https:\/\/mmvilla.com\/es\/"},{"@type":"ListItem","position":2,"name":"MANU MYKONOS VILLA Nook Bungalow"}]},{"@type":"WebSite","@id":"https:\/\/mmvilla.com\/#website","url":"https:\/\/mmvilla.com\/","name":"Manu Mykonos Villa","description":"Mykonos Luxury Living, Perfected by Majestic Manu","publisher":{"@id":"https:\/\/mmvilla.com\/#organization"},"alternateName":"MMVILLA","potentialAction":[{"@type":"SearchAction","target":{"@type":"EntryPoint","urlTemplate":"https:\/\/mmvilla.com\/?s={search_term_string}"},"query-input":{"@type":"PropertyValueSpecification","valueRequired":true,"valueName":"search_term_string"}}],"inLanguage":"es"},{"@type":"Organization","@id":"https:\/\/mmvilla.com\/#organization","name":"QB Villas","url":"https:\/\/mmvilla.com\/","logo":{"@type":"ImageObject","inLanguage":"es","@id":"https:\/\/mmvilla.com\/#\/schema\/logo\/image\/","url":"https:\/\/mmvilla.com\/wp-content\/uploads\/2018\/12\/QUALITY-BRAND-LOGO-KEM-QBVILLAS.png","contentUrl":"https:\/\/mmvilla.com\/wp-content\/uploads\/2018\/12\/QUALITY-BRAND-LOGO-KEM-QBVILLAS.png","width":487,"height":500,"caption":"QB Villas"},"image":{"@id":"https:\/\/mmvilla.com\/#\/schema\/logo\/image\/"},"sameAs":["https:\/\/www.facebook.com\/p\/Quality-Brand-Villas-100039678235957\/","https:\/\/www.instagram.com\/qualitybrandvillas\/","https:\/\/www.linkedin.com\/company\/quality-brand-villas"]}]}},"_links":{"self":[{"href":"https:\/\/mmvilla.com\/es\/wp-json\/wp\/v2\/pages\/10725","targetHints":{"allow":["GET"]}}],"collection":[{"href":"https:\/\/mmvilla.com\/es\/wp-json\/wp\/v2\/pages"}],"about":[{"href":"https:\/\/mmvilla.com\/es\/wp-json\/wp\/v2\/types\/page"}],"author":[{"embeddable":true,"href":"https:\/\/mmvilla.com\/es\/wp-json\/wp\/v2\/users\/2"}],"replies":[{"embeddable":true,"href":"https:\/\/mmvilla.com\/es\/wp-json\/wp\/v2\/comments?post=10725"}],"version-history":[{"count":14,"href":"https:\/\/mmvilla.com\/es\/wp-json\/wp\/v2\/pages\/10725\/revisions"}],"predecessor-version":[{"id":15187,"href":"https:\/\/mmvilla.com\/es\/wp-json\/wp\/v2\/pages\/10725\/revisions\/15187"}],"wp:attachment":[{"href":"https:\/\/mmvilla.com\/es\/wp-json\/wp\/v2\/media?parent=10725"}],"curies":[{"name":"wp","href":"https:\/\/api.w.org\/{rel}","templated":true}]}}