{"id":10729,"date":"2025-05-28T14:43:36","date_gmt":"2025-05-28T11:43:36","guid":{"rendered":"https:\/\/mmvilla.com\/manu-mykonos-villa-vive-suite-2\/"},"modified":"2025-10-13T07:51:34","modified_gmt":"2025-10-13T04:51:34","slug":"manu-mykonos-villa-vive-suite-de-lujo","status":"publish","type":"page","link":"https:\/\/mmvilla.com\/es\/manu-mykonos-villa-vive-suite-de-lujo\/","title":{"rendered":"MANU MYKONOS VILLA Vive suite"},"content":{"rendered":"<p>[vc_row full_width=&#8221;stretch_row&#8221; gap=&#8221;&#8221; full_height=&#8221;yes&#8221; equal_height=&#8221;yes&#8221; parallax=&#8221;content-moving&#8221; parallax_image=&#8221;8547&#8243; overlay_color=&#8221;rgba(33,33,33,0.4)&#8221; text_color=&#8221;#ffffff&#8221; css=&#8221;.vc_custom_1758870925035{padding-top: 180px !important;padding-bottom: 180px !important;}&#8221;][vc_column width=&#8221;1\/2&#8243;][vc_column_text css_animation=&#8221;fadeInUp&#8221;]<\/p>\n<h1><em>Suite Deluxe Vive \u2013 Un Refugio de Serenidad y Lujo en Mykonos<\/em><\/h1>\n<h4>Interiores impecables y un ambiente exterior refrescante se combinan para brindar un refugio de lujo ideal para hasta 3 hu\u00e9spedes<\/h4>\n<h3>MEJOR PRECIO GARANTIZADO<\/h3>\n<h4><a href=\"https:\/\/mmvilla.com\/es\/manu-mykonos-villa-reservar-en-linea\/\" target=\"_blank\" rel=\"noopener\"><strong data-start=\"225\" data-end=\"280\">\u00a1Reserva hoy tu estancia de ensue\u00f1o!<\/strong><\/a><\/h4>\n<p>[\/vc_column_text][\/vc_column][vc_column width=&#8221;1\/2&#8243;][vc_empty_space height=&#8221;84px&#8221;][\/vc_column][\/vc_row][vc_row full_width=&#8221;stretch_row_content&#8221; gap=&#8221;&#8221; equal_height=&#8221;yes&#8221; content_placement=&#8221;top&#8221; parallax=&#8221;content-moving&#8221; css=&#8221;.vc_custom_1759840196425{padding-top: 32px !important;padding-bottom: 32px !important;}&#8221;][vc_column parallax_image=&#8221;2821&#8243; width=&#8221;1\/2&#8243; overlay_color=&#8221;rgba(255,255,255,0.9)&#8221; css=&#8221;.vc_custom_1759303139340{padding-top: 32px !important;padding-right: 100px !important;padding-left: 100px !important;}&#8221;][vc_row_inner][vc_column_inner]<div class=\"heading-with-separator text-left id_169d4da66709cb635080703   wpb_animate_when_almost_visible wpb_fadeInUp fadeInUp \"><div class=\"header-content\">\n\t\t\t<p class=\"h-subheading\">Vista al mar y a la piscina | Capacidad: hasta 3 hu\u00e9spedes<br \/>\nDormitorios: 1 | Ba\u00f1os: 1 | Sala de estar | Superficie total: 90 m\u00b2 (968 pies\u00b2) | Interiores: 40 m\u00b2<\/p>\n\t\t\t<h2 class=\"heading  heading-decorator-1\" style=\"; letter-spacing: 0px; \">Suite Deluxe Vive Ideal Serenity \u2013 Lujo y serenidad<br \/>\n<em>al mejor precio<em><\/h2><\/div><\/div><div class=\"custom-styles\" data-styles=\".id_169d4da66709cb635080703 .heading-decorator-1:before, .id_169d4da66709cb635080703 .heading-decorator-1:after { border-color: #000000}\"><\/div><div class=\"heading-with-separator text-left id_169d4da6670a3c407325428   wpb_animate_when_almost_visible wpb_fadeInUp fadeInUp \"><div class=\"header-content\">\n\t\t\t<p class=\"h-subheading\"><\/p>\n\t\t\t<h4 class=\"heading  \" style=\"color: #000000; letter-spacing: 0px; \">Suite Deluxe Vive \u2013 Una Escapada Refinada en Mykonos<\/h4><\/div><\/div><div class=\"custom-styles\" data-styles=\".id_169d4da6670a3c407325428 .heading-decorator-1:before, .id_169d4da6670a3c407325428 .heading-decorator-1:after { border-color: #000000}\"><\/div>[vc_column_text css_animation=&#8221;fadeInUp&#8221;]<\/em><\/em><\/p>\n<h6 data-start=\"241\" data-end=\"559\">Experimenta el verdadero estilo de vida isle\u00f1o en la <strong data-start=\"294\" data-end=\"315\">Suite Deluxe Vive<\/strong>, un santuario sereno dise\u00f1ado para hasta 3 hu\u00e9spedes.<\/h6>\n<h6 data-start=\"241\" data-end=\"559\">Esta suite, elegantemente equipada, cuenta con una cama king size, un acogedor sal\u00f3n con sof\u00e1 y un elegante ba\u00f1o de planta abierta que combina el confort moderno con el encanto cicl\u00e1dico.<\/h6>\n<h6 data-start=\"561\" data-end=\"905\">Desde el momento en que entras, los interiores sofisticados fluyen de manera natural hacia la soleada terraza exterior, donde las vistas a la piscina invitan a la relajaci\u00f3n.<\/h6>\n<h6 data-start=\"561\" data-end=\"905\">Ya sea disfrutando un caf\u00e9 por la ma\u00f1ana o una copa al atardecer, la terraza amueblada ofrece el escenario perfecto para sumergirse en la belleza tranquila de Mykonos.<\/h6>\n<h6 data-start=\"907\" data-end=\"1065\">Ideal para parejas o peque\u00f1os grupos, la <strong data-start=\"948\" data-end=\"969\">Suite Deluxe Vive<\/strong> promete privacidad, comodidad y estilo \u2014 a pocos pasos de las playas m\u00e1s ic\u00f3nicas de la isla.<\/h6>\n<hr data-start=\"1067\" data-end=\"1070\" \/>\n<h5 data-start=\"1072\" data-end=\"1122\"><strong data-start=\"1076\" data-end=\"1120\">Colchones \u2013 Tu Mejor Descanso en Mykonos<\/strong><\/h5>\n<p data-start=\"1123\" data-end=\"1446\">Para un sue\u00f1o reparador, ofrecemos exclusivamente colchones <strong data-start=\"1183\" data-end=\"1195\">COCO-MAT<\/strong> de primera calidad, elaborados a mano con materiales 100% naturales.<\/p>\n<p data-start=\"1123\" data-end=\"1446\">Dise\u00f1ados con cuidado y experiencia, brindan soporte excepcional y transpirabilidad, garantizando una experiencia de descanso \u00fanica que complementa tu estancia de lujo en la isla.<\/p>\n<hr data-start=\"1448\" data-end=\"1451\" \/>\n<h5 data-start=\"1453\" data-end=\"1543\"><strong data-start=\"1457\" data-end=\"1541\">NESPRESSO &amp; Estaci\u00f3n de T\u00e9 \u2013 Disfruta de Infusiones Premium en Cualquier Momento<\/strong><\/h5>\n<p data-start=\"1544\" data-end=\"1829\">Comienza el d\u00eda con el aroma inconfundible de un caf\u00e9 premium.<\/p>\n<p data-start=\"1544\" data-end=\"1829\">Cada suite cuenta con una m\u00e1quina Nespresso y un hervidor, para que disfrutes en cualquier momento de caf\u00e9s de calidad gourmet y una selecci\u00f3n de t\u00e9s, ya sea en una ma\u00f1ana tranquila en la terraza o en una noche relajada.<\/p>\n<hr data-start=\"1831\" data-end=\"1834\" \/>\n<h5 data-start=\"1836\" data-end=\"1898\"><strong data-start=\"1840\" data-end=\"1896\">AMAZON PRIME &amp; NETFLIX \u2013 Entretenimiento a tu Medida<\/strong><\/h5>\n<p data-start=\"1899\" data-end=\"2174\">Rel\u00e1jate con tus pel\u00edculas y series favoritas gracias a Amazon Prime Video y Netflix, disponibles en tu Smart TV con aplicaciones integradas.<\/p>\n<p data-start=\"1899\" data-end=\"2174\">Una experiencia de entretenimiento personalizada, perfecta tanto para una noche acogedora como para un d\u00eda de descanso en la suite.<\/p>\n<hr data-start=\"2176\" data-end=\"2179\" \/>\n<h5 data-start=\"2181\" data-end=\"2261\"><strong data-start=\"2185\" data-end=\"2259\">Instalaciones &amp; Amenities \u2013 Todo lo que Necesitas con Elegancia Isle\u00f1a<\/strong><\/h5>\n<ul data-start=\"2262\" data-end=\"2808\">\n<li data-start=\"2262\" data-end=\"2305\">\n<p data-start=\"2264\" data-end=\"2305\"><strong>Suite con vista al mar y terraza privada<\/strong><\/p>\n<\/li>\n<li data-start=\"2306\" data-end=\"2335\">\n<p data-start=\"2308\" data-end=\"2335\"><strong>Interiores libres de humo<\/strong><\/p>\n<\/li>\n<li data-start=\"2336\" data-end=\"2372\">\n<p data-start=\"2338\" data-end=\"2372\"><strong>Ba\u00f1o de dise\u00f1o amplio y elegante<\/strong><\/p>\n<\/li>\n<li data-start=\"2373\" data-end=\"2420\">\n<p data-start=\"2375\" data-end=\"2420\"><strong>Smart TV de 43\u2019\u2019 con Amazon Prime &amp; Netflix<\/strong><\/p>\n<\/li>\n<li data-start=\"2421\" data-end=\"2457\">\n<p data-start=\"2423\" data-end=\"2457\"><strong>Wi-Fi de alta velocidad gratuito<\/strong><\/p>\n<\/li>\n<li data-start=\"2458\" data-end=\"2486\">\n<p data-start=\"2460\" data-end=\"2486\"><strong>Bocina Bluetooth premium<\/strong><\/p>\n<\/li>\n<li data-start=\"2487\" data-end=\"2532\">\n<p data-start=\"2489\" data-end=\"2532\"><strong>Aire acondicionado con control individual<\/strong><\/p>\n<\/li>\n<li data-start=\"2533\" data-end=\"2567\">\n<p data-start=\"2535\" data-end=\"2567\"><strong>Espejo de maquillaje iluminado<\/strong><\/p>\n<\/li>\n<li data-start=\"2568\" data-end=\"2608\">\n<p data-start=\"2570\" data-end=\"2608\"><strong>Secador de cabello y b\u00e1scula digital<\/strong><\/p>\n<\/li>\n<li data-start=\"2609\" data-end=\"2637\">\n<p data-start=\"2611\" data-end=\"2637\"><strong>Caja fuerte de seguridad<\/strong><\/p>\n<\/li>\n<li data-start=\"2638\" data-end=\"2673\">\n<p data-start=\"2640\" data-end=\"2673\"><strong>Ropa de cama de algod\u00f3n de lujo<\/strong><\/p>\n<\/li>\n<li data-start=\"2674\" data-end=\"2707\">\n<p data-start=\"2676\" data-end=\"2707\"><strong>Albornoces y pantuflas suaves<\/strong><\/p>\n<\/li>\n<li data-start=\"2708\" data-end=\"2738\">\n<p data-start=\"2710\" data-end=\"2738\"><strong>Amenidades de ba\u00f1o premium<\/strong><\/p>\n<\/li>\n<li data-start=\"2739\" data-end=\"2808\">\n<p data-start=\"2741\" data-end=\"2808\"><strong>Mobiliario exterior elegante para relajarse o cenar al aire libre<\/strong><\/p>\n<\/li>\n<\/ul>\n<h5 data-start=\"2810\" data-end=\"2920\"><strong>Todo cuidadosamente seleccionado para envolverte en una experiencia de lujo, confort y serenidad en Mykonos.<\/strong><\/h5>\n<p>[\/vc_column_text][\/vc_column_inner][\/vc_row_inner][\/vc_column][vc_column css_animation=&#8221;none&#8221; width=&#8221;1\/2&#8243;][vc_empty_space]<div class=\"rokka-gallery rokka-gallery-element\"><div class=\"rokka-gallery-masonry rokka-grid rokka-2-col   animate-text\" data-ismasonry=\"0\" data-imgbg=\"1\"><article class=\"grid-sizer\"><\/article><article class=\"gutter-sizer\"><\/article><article class=\"w1-h1\"><div class=\"layer\"><div class=\"img-bg\" data-depth=\"0.50\" style=\"background-image: url(https:\/\/mmvilla.com\/wp-content\/uploads\/2024\/10\/Manu-Sea-Sun-Villa-Mykonos-109-2.jpg) \" ><\/div><\/div>\n\t\t\t\t\t\t<div class=\"rokka-gallery-item open-lightbox_images\"><a class=\"gallery-link\" href=\"https:\/\/mmvilla.com\/wp-content\/uploads\/2024\/10\/Manu-Sea-Sun-Villa-Mykonos-109-2.jpg\" data-size=\"640x454\"><\/a><div class=\"image-wrapper\"><span class=\"gallery-img \" style=\"background-image: url(https:\/\/mmvilla.com\/wp-content\/uploads\/2024\/10\/Manu-Sea-Sun-Villa-Mykonos-109-2.jpg);\"><\/span><\/div><\/div><\/article><article class=\"w1-h1\"><div class=\"layer\"><div class=\"img-bg\" data-depth=\"0.50\" style=\"background-image: url(https:\/\/mmvilla.com\/wp-content\/uploads\/2024\/10\/Manu-Sea-Sun-Villa-Mykonos-110.jpg) \" ><\/div><\/div>\n\t\t\t\t\t\t<div class=\"rokka-gallery-item open-lightbox_images\"><a class=\"gallery-link\" href=\"https:\/\/mmvilla.com\/wp-content\/uploads\/2024\/10\/Manu-Sea-Sun-Villa-Mykonos-110.jpg\" data-size=\"640x454\"><\/a><div class=\"image-wrapper\"><span class=\"gallery-img \" style=\"background-image: url(https:\/\/mmvilla.com\/wp-content\/uploads\/2024\/10\/Manu-Sea-Sun-Villa-Mykonos-110.jpg);\"><\/span><\/div><\/div><\/article><article class=\"w1-h1\"><div class=\"layer\"><div class=\"img-bg\" data-depth=\"0.50\" style=\"background-image: url(https:\/\/mmvilla.com\/wp-content\/uploads\/2024\/10\/Manu-Sea-Sun-Villa-Mykonos-111.jpg) \" ><\/div><\/div>\n\t\t\t\t\t\t<div class=\"rokka-gallery-item open-lightbox_images\"><a class=\"gallery-link\" href=\"https:\/\/mmvilla.com\/wp-content\/uploads\/2024\/10\/Manu-Sea-Sun-Villa-Mykonos-111.jpg\" data-size=\"640x454\"><\/a><div class=\"image-wrapper\"><span class=\"gallery-img \" style=\"background-image: url(https:\/\/mmvilla.com\/wp-content\/uploads\/2024\/10\/Manu-Sea-Sun-Villa-Mykonos-111.jpg);\"><\/span><\/div><\/div><\/article><article class=\"w1-h1\"><div class=\"layer\"><div class=\"img-bg\" data-depth=\"0.50\" style=\"background-image: url(https:\/\/mmvilla.com\/wp-content\/uploads\/2024\/10\/Manu-Sea-Sun-Villa-Mykonos-144.jpg) \" ><\/div><\/div>\n\t\t\t\t\t\t<div class=\"rokka-gallery-item open-lightbox_images\"><a class=\"gallery-link\" href=\"https:\/\/mmvilla.com\/wp-content\/uploads\/2024\/10\/Manu-Sea-Sun-Villa-Mykonos-144.jpg\" data-size=\"640x422\"><\/a><div class=\"image-wrapper\"><span class=\"gallery-img \" style=\"background-image: url(https:\/\/mmvilla.com\/wp-content\/uploads\/2024\/10\/Manu-Sea-Sun-Villa-Mykonos-144.jpg);\"><\/span><\/div><\/div><\/article><article class=\"w1-h1\"><div class=\"layer\"><div class=\"img-bg\" data-depth=\"0.50\" style=\"background-image: url(https:\/\/mmvilla.com\/wp-content\/uploads\/2024\/10\/7-Manu-Sea-Sun-Villa-Mykonos-Vive-Suite-3-1600x1068.jpg) \" ><\/div><\/div>\n\t\t\t\t\t\t<div class=\"rokka-gallery-item open-lightbox_images\"><a class=\"gallery-link\" href=\"https:\/\/mmvilla.com\/wp-content\/uploads\/2024\/10\/7-Manu-Sea-Sun-Villa-Mykonos-Vive-Suite-3-scaled.jpg\" data-size=\"640x427\"><\/a><div class=\"image-wrapper\"><span class=\"gallery-img \" style=\"background-image: url(https:\/\/mmvilla.com\/wp-content\/uploads\/2024\/10\/7-Manu-Sea-Sun-Villa-Mykonos-Vive-Suite-3-1600x1068.jpg);\"><\/span><\/div><\/div><\/article><article class=\"w1-h1\"><div class=\"layer\"><div class=\"img-bg\" data-depth=\"0.50\" style=\"background-image: url(https:\/\/mmvilla.com\/wp-content\/uploads\/2025\/05\/HOUSE-VILLA-2BR-3BA.jpg) \" ><\/div><\/div>\n\t\t\t\t\t\t<div class=\"rokka-gallery-item open-lightbox_images\"><a class=\"gallery-link\" href=\"https:\/\/mmvilla.com\/wp-content\/uploads\/2025\/05\/HOUSE-VILLA-2BR-3BA.jpg\" data-size=\"640x640\"><\/a><div class=\"image-wrapper\"><span class=\"gallery-img \" style=\"background-image: url(https:\/\/mmvilla.com\/wp-content\/uploads\/2025\/05\/HOUSE-VILLA-2BR-3BA.jpg);\"><\/span><\/div><\/div><\/article><article class=\"w1-h1\"><div class=\"layer\"><div class=\"img-bg\" data-depth=\"0.50\" style=\"background-image: url(https:\/\/mmvilla.com\/wp-content\/uploads\/2025\/09\/LOGO-MANU-TRANSPARENT-8.png) \" ><\/div><\/div>\n\t\t\t\t\t\t<div class=\"rokka-gallery-item open-lightbox_images\"><a class=\"gallery-link\" href=\"https:\/\/mmvilla.com\/wp-content\/uploads\/2025\/09\/LOGO-MANU-TRANSPARENT-8.png\" data-size=\"410x410\"><\/a><div class=\"image-wrapper\"><span class=\"gallery-img \" style=\"background-image: url(https:\/\/mmvilla.com\/wp-content\/uploads\/2025\/09\/LOGO-MANU-TRANSPARENT-8.png);\"><\/span><\/div><\/div><\/article><\/div><\/div>[vc_empty_space]<div class=\"heading-with-separator text-left id_169d4da6671cd8150863389   \"><div class=\"header-content\">\n\t\t\t<p class=\"h-subheading\"><\/p>\n\t\t\t<h5 class=\"heading  \" style=\"color: #000000; letter-spacing: 0px; \">Mykonos. A Tu Manera.<br \/>\nAd\u00e9ntrate en un mundo de comodidad y elegancia, donde cada detalle est\u00e1 dise\u00f1ado pensando en ti.<\/h5><\/div><\/div><div class=\"custom-styles\" data-styles=\".id_169d4da6671cd8150863389 .heading-decorator-1:before, .id_169d4da6671cd8150863389 .heading-decorator-1:after { border-color: #000000}\"><\/div><div class=\"heading-with-separator text-left id_169d4da6671cff1724395832   \"><div class=\"header-content\">\n\t\t\t<p class=\"h-subheading\"><\/p>\n\t\t\t<h6 class=\"heading  \" style=\"color: #000000; letter-spacing: 0px; \">Descubre una experiencia vacacional exclusiva creada para quienes buscan algo m\u00e1s que un simple lugar donde alojarse. Cada elemento est\u00e1 cuidadosamente seleccionado para combinar estilo, autenticidad y armon\u00eda, haciendo que tu estancia en Mykonos sea verdaderamente inolvidable.<\/h6><\/div><\/div><div class=\"custom-styles\" data-styles=\".id_169d4da6671cff1724395832 .heading-decorator-1:before, .id_169d4da6671cff1724395832 .heading-decorator-1:after { border-color: #000000}\"><\/div><div class=\"heading-with-separator text-left id_169d4da6671d1a710322326   \"><div class=\"header-content\">\n\t\t\t<p class=\"h-subheading\"><\/p>\n\t\t\t<h5 class=\"heading  \" style=\"color: #000000; letter-spacing: 0px; \">Con escenarios impresionantes, detalles personalizados y momentos \u00fanicos, unas vacaciones en Mykonos siempre deber\u00edan sentirse como una experiencia personal.<\/h5><\/div><\/div><div class=\"custom-styles\" data-styles=\".id_169d4da6671d1a710322326 .heading-decorator-1:before, .id_169d4da6671d1a710322326 .heading-decorator-1:after { border-color: #000000}\"><\/div><div class=\"btn-wrapper text-left id_169d4da6671d451962487465   icon-left \" ><a href=\"https:\/\/mmvilla.com\/es\/manu-mykonos-villa-reservar-en-linea\/%20\" target='_blank' class=\"btn btn-lg btn-dark btn-solid\" data-btn-text=\"RESERVAR EN L\u00cdNEA\">RESERVAR EN L\u00cdNEA<\/a><\/div>[\/vc_column][\/vc_row]<\/p>","protected":false},"excerpt":{"rendered":"<p>[vc_row full_width=&#8221;stretch_row&#8221; gap=&#8221;&#8221; full_height=&#8221;yes&#8221; equal_height=&#8221;yes&#8221; parallax=&#8221;content-moving&#8221; parallax_image=&#8221;8547&#8243; overlay_color=&#8221;rgba(33,33,33,0.4)&#8221; text_color=&#8221;#ffffff&#8221; css=&#8221;.vc_custom_1758870925035{padding-top: 180px !important;padding-bottom: 180px !important;}&#8221;][vc_column width=&#8221;1\/2&#8243;][vc_column_text css_animation=&#8221;fadeInUp&#8221;] Suite Deluxe Vive \u2013 Un Refugio de Serenidad y Lujo en Mykonos Interiores impecables y un ambiente exterior refrescante se combinan para brindar un refugio de lujo ideal para hasta 3 hu\u00e9spedes MEJOR PRECIO GARANTIZADO \u00a1Reserva hoy tu estancia[&#8230;] <a href=\"https:\/\/mmvilla.com\/es\/manu-mykonos-villa-vive-suite-de-lujo\/\" class=\"more-link\">Continue reading<\/a><\/p>\n","protected":false},"author":2,"featured_media":0,"parent":0,"menu_order":0,"comment_status":"closed","ping_status":"closed","template":"","meta":{"footnotes":""},"class_list":["post-10729","page","type-page","status-publish","hentry"],"yoast_head":"<!-- This site is optimized with the Yoast SEO Premium plugin v23.5 (Yoast SEO v25.7) - https:\/\/yoast.com\/wordpress\/plugins\/seo\/ -->\n<title>Suite Vive en Mykonos \u2013 Escapada de Lujo con Vista al Mar<\/title>\n<meta name=\"description\" content=\"Descubre la Suite Vive en Mykonos: alojamiento de lujo, con cama king size, terraza privada, piscina y vistas espectaculares.\" \/>\n<meta name=\"robots\" content=\"index, follow, max-snippet:-1, max-image-preview:large, max-video-preview:-1\" \/>\n<link rel=\"canonical\" href=\"https:\/\/mmvilla.com\/es\/manu-mykonos-villa-vive-suite-de-lujo\/\" \/>\n<meta property=\"og:locale\" content=\"es_ES\" \/>\n<meta property=\"og:type\" content=\"article\" \/>\n<meta property=\"og:title\" content=\"MANU MYKONOS VILLA Vive suite\" \/>\n<meta property=\"og:description\" content=\"Descubre la Suite Vive en Mykonos: alojamiento de lujo, con cama king size, terraza privada, piscina y vistas espectaculares.\" \/>\n<meta property=\"og:url\" content=\"https:\/\/mmvilla.com\/es\/manu-mykonos-villa-vive-suite-de-lujo\/\" \/>\n<meta property=\"og:site_name\" content=\"Majestic Manu Mykonos \u2013 Private Villa, Premium Suites &amp; More\" \/>\n<meta property=\"article:publisher\" content=\"https:\/\/www.facebook.com\/p\/Quality-Brand-Villas-100039678235957\/\" \/>\n<meta property=\"article:modified_time\" content=\"2025-10-13T04:51:34+00:00\" \/>\n<meta name=\"twitter:card\" content=\"summary_large_image\" \/>\n<meta name=\"twitter:label1\" content=\"Tiempo de lectura\" \/>\n\t<meta name=\"twitter:data1\" content=\"3 minutos\" \/>\n<script type=\"application\/ld+json\" class=\"yoast-schema-graph\">{\"@context\":\"https:\/\/schema.org\",\"@graph\":[{\"@type\":\"WebPage\",\"@id\":\"https:\/\/mmvilla.com\/es\/manu-mykonos-villa-vive-suite-de-lujo\/\",\"url\":\"https:\/\/mmvilla.com\/es\/manu-mykonos-villa-vive-suite-de-lujo\/\",\"name\":\"Suite Vive en Mykonos \u2013 Escapada de Lujo con Vista al Mar\",\"isPartOf\":{\"@id\":\"https:\/\/mmvilla.com\/#website\"},\"datePublished\":\"2025-05-28T11:43:36+00:00\",\"dateModified\":\"2025-10-13T04:51:34+00:00\",\"description\":\"Descubre la Suite Vive en Mykonos: alojamiento de lujo, con cama king size, terraza privada, piscina y vistas espectaculares.\",\"breadcrumb\":{\"@id\":\"https:\/\/mmvilla.com\/es\/manu-mykonos-villa-vive-suite-de-lujo\/#breadcrumb\"},\"inLanguage\":\"es\",\"potentialAction\":[{\"@type\":\"ReadAction\",\"target\":[\"https:\/\/mmvilla.com\/es\/manu-mykonos-villa-vive-suite-de-lujo\/\"]}]},{\"@type\":\"BreadcrumbList\",\"@id\":\"https:\/\/mmvilla.com\/es\/manu-mykonos-villa-vive-suite-de-lujo\/#breadcrumb\",\"itemListElement\":[{\"@type\":\"ListItem\",\"position\":1,\"name\":\"Home\",\"item\":\"https:\/\/mmvilla.com\/es\/\"},{\"@type\":\"ListItem\",\"position\":2,\"name\":\"MANU MYKONOS VILLA Vive suite\"}]},{\"@type\":\"WebSite\",\"@id\":\"https:\/\/mmvilla.com\/#website\",\"url\":\"https:\/\/mmvilla.com\/\",\"name\":\"Manu Mykonos Villa\",\"description\":\"Mykonos Luxury Living, Perfected by Majestic Manu\",\"publisher\":{\"@id\":\"https:\/\/mmvilla.com\/#organization\"},\"alternateName\":\"MMVILLA\",\"potentialAction\":[{\"@type\":\"SearchAction\",\"target\":{\"@type\":\"EntryPoint\",\"urlTemplate\":\"https:\/\/mmvilla.com\/?s={search_term_string}\"},\"query-input\":{\"@type\":\"PropertyValueSpecification\",\"valueRequired\":true,\"valueName\":\"search_term_string\"}}],\"inLanguage\":\"es\"},{\"@type\":\"Organization\",\"@id\":\"https:\/\/mmvilla.com\/#organization\",\"name\":\"QB Villas\",\"url\":\"https:\/\/mmvilla.com\/\",\"logo\":{\"@type\":\"ImageObject\",\"inLanguage\":\"es\",\"@id\":\"https:\/\/mmvilla.com\/#\/schema\/logo\/image\/\",\"url\":\"https:\/\/mmvilla.com\/wp-content\/uploads\/2018\/12\/QUALITY-BRAND-LOGO-KEM-QBVILLAS.png\",\"contentUrl\":\"https:\/\/mmvilla.com\/wp-content\/uploads\/2018\/12\/QUALITY-BRAND-LOGO-KEM-QBVILLAS.png\",\"width\":487,\"height\":500,\"caption\":\"QB Villas\"},\"image\":{\"@id\":\"https:\/\/mmvilla.com\/#\/schema\/logo\/image\/\"},\"sameAs\":[\"https:\/\/www.facebook.com\/p\/Quality-Brand-Villas-100039678235957\/\",\"https:\/\/www.instagram.com\/qualitybrandvillas\/\",\"https:\/\/www.linkedin.com\/company\/quality-brand-villas\"]}]}<\/script>\n<!-- \/ Yoast SEO Premium plugin. -->","yoast_head_json":{"title":"Suite Vive en Mykonos \u2013 Escapada de Lujo con Vista al Mar","description":"Descubre la Suite Vive en Mykonos: alojamiento de lujo, con cama king size, terraza privada, piscina y vistas espectaculares.","robots":{"index":"index","follow":"follow","max-snippet":"max-snippet:-1","max-image-preview":"max-image-preview:large","max-video-preview":"max-video-preview:-1"},"canonical":"https:\/\/mmvilla.com\/es\/manu-mykonos-villa-vive-suite-de-lujo\/","og_locale":"es_ES","og_type":"article","og_title":"MANU MYKONOS VILLA Vive suite","og_description":"Descubre la Suite Vive en Mykonos: alojamiento de lujo, con cama king size, terraza privada, piscina y vistas espectaculares.","og_url":"https:\/\/mmvilla.com\/es\/manu-mykonos-villa-vive-suite-de-lujo\/","og_site_name":"Majestic Manu Mykonos \u2013 Private Villa, Premium Suites &amp; More","article_publisher":"https:\/\/www.facebook.com\/p\/Quality-Brand-Villas-100039678235957\/","article_modified_time":"2025-10-13T04:51:34+00:00","twitter_card":"summary_large_image","twitter_misc":{"Tiempo de lectura":"3 minutos"},"schema":{"@context":"https:\/\/schema.org","@graph":[{"@type":"WebPage","@id":"https:\/\/mmvilla.com\/es\/manu-mykonos-villa-vive-suite-de-lujo\/","url":"https:\/\/mmvilla.com\/es\/manu-mykonos-villa-vive-suite-de-lujo\/","name":"Suite Vive en Mykonos \u2013 Escapada de Lujo con Vista al Mar","isPartOf":{"@id":"https:\/\/mmvilla.com\/#website"},"datePublished":"2025-05-28T11:43:36+00:00","dateModified":"2025-10-13T04:51:34+00:00","description":"Descubre la Suite Vive en Mykonos: alojamiento de lujo, con cama king size, terraza privada, piscina y vistas espectaculares.","breadcrumb":{"@id":"https:\/\/mmvilla.com\/es\/manu-mykonos-villa-vive-suite-de-lujo\/#breadcrumb"},"inLanguage":"es","potentialAction":[{"@type":"ReadAction","target":["https:\/\/mmvilla.com\/es\/manu-mykonos-villa-vive-suite-de-lujo\/"]}]},{"@type":"BreadcrumbList","@id":"https:\/\/mmvilla.com\/es\/manu-mykonos-villa-vive-suite-de-lujo\/#breadcrumb","itemListElement":[{"@type":"ListItem","position":1,"name":"Home","item":"https:\/\/mmvilla.com\/es\/"},{"@type":"ListItem","position":2,"name":"MANU MYKONOS VILLA Vive suite"}]},{"@type":"WebSite","@id":"https:\/\/mmvilla.com\/#website","url":"https:\/\/mmvilla.com\/","name":"Manu Mykonos Villa","description":"Mykonos Luxury Living, Perfected by Majestic Manu","publisher":{"@id":"https:\/\/mmvilla.com\/#organization"},"alternateName":"MMVILLA","potentialAction":[{"@type":"SearchAction","target":{"@type":"EntryPoint","urlTemplate":"https:\/\/mmvilla.com\/?s={search_term_string}"},"query-input":{"@type":"PropertyValueSpecification","valueRequired":true,"valueName":"search_term_string"}}],"inLanguage":"es"},{"@type":"Organization","@id":"https:\/\/mmvilla.com\/#organization","name":"QB Villas","url":"https:\/\/mmvilla.com\/","logo":{"@type":"ImageObject","inLanguage":"es","@id":"https:\/\/mmvilla.com\/#\/schema\/logo\/image\/","url":"https:\/\/mmvilla.com\/wp-content\/uploads\/2018\/12\/QUALITY-BRAND-LOGO-KEM-QBVILLAS.png","contentUrl":"https:\/\/mmvilla.com\/wp-content\/uploads\/2018\/12\/QUALITY-BRAND-LOGO-KEM-QBVILLAS.png","width":487,"height":500,"caption":"QB Villas"},"image":{"@id":"https:\/\/mmvilla.com\/#\/schema\/logo\/image\/"},"sameAs":["https:\/\/www.facebook.com\/p\/Quality-Brand-Villas-100039678235957\/","https:\/\/www.instagram.com\/qualitybrandvillas\/","https:\/\/www.linkedin.com\/company\/quality-brand-villas"]}]}},"_links":{"self":[{"href":"https:\/\/mmvilla.com\/es\/wp-json\/wp\/v2\/pages\/10729","targetHints":{"allow":["GET"]}}],"collection":[{"href":"https:\/\/mmvilla.com\/es\/wp-json\/wp\/v2\/pages"}],"about":[{"href":"https:\/\/mmvilla.com\/es\/wp-json\/wp\/v2\/types\/page"}],"author":[{"embeddable":true,"href":"https:\/\/mmvilla.com\/es\/wp-json\/wp\/v2\/users\/2"}],"replies":[{"embeddable":true,"href":"https:\/\/mmvilla.com\/es\/wp-json\/wp\/v2\/comments?post=10729"}],"version-history":[{"count":12,"href":"https:\/\/mmvilla.com\/es\/wp-json\/wp\/v2\/pages\/10729\/revisions"}],"predecessor-version":[{"id":15190,"href":"https:\/\/mmvilla.com\/es\/wp-json\/wp\/v2\/pages\/10729\/revisions\/15190"}],"wp:attachment":[{"href":"https:\/\/mmvilla.com\/es\/wp-json\/wp\/v2\/media?parent=10729"}],"curies":[{"name":"wp","href":"https:\/\/api.w.org\/{rel}","templated":true}]}}