{"id":10730,"date":"2024-10-12T23:39:17","date_gmt":"2024-10-12T20:39:17","guid":{"rendered":"https:\/\/mmvilla.com\/manu-mykonos-villa-oasis-suite\/"},"modified":"2025-10-13T07:53:27","modified_gmt":"2025-10-13T04:53:27","slug":"manu-mykonos-villa-oasis-suite","status":"publish","type":"page","link":"https:\/\/mmvilla.com\/es\/manu-mykonos-villa-oasis-suite\/","title":{"rendered":"MANU MYKONOS VILLA Oasis suite"},"content":{"rendered":"<p>[vc_row full_width=&#8221;stretch_row&#8221; gap=&#8221;&#8221; full_height=&#8221;yes&#8221; equal_height=&#8221;yes&#8221; parallax=&#8221;content-moving&#8221; parallax_image=&#8221;8568&#8243; overlay_color=&#8221;rgba(33,33,33,0.4)&#8221; text_color=&#8221;#ffffff&#8221; css=&#8221;.vc_custom_1758871063877{padding-top: 180px !important;padding-bottom: 180px !important;}&#8221;][vc_column width=&#8221;1\/2&#8243;][vc_column_text css_animation=&#8221;fadeInUp&#8221;]<\/p>\n<h1><em>Suite Superb Oasis \u2013 Un Espacio \u00danico de Lujo en Mykonos<\/em><\/h1>\n<h4>Un refugio sereno para 2 hu\u00e9spedes, con un ambiente \u00edntimo y elegante creado para el descanso y el disfrute absoluto<\/h4>\n<h3>MEJOR PRECIO GARANTIZADO<\/h3>\n<h4><a href=\"https:\/\/mmvilla.com\/es\/manu-mykonos-villa-reservar-en-linea\/\" target=\"_blank\" rel=\"noopener\"><strong data-start=\"225\" data-end=\"280\">\u00a1Reserva hoy tu estancia de ensue\u00f1o!<\/strong><\/a><\/h4>\n<p>[\/vc_column_text][\/vc_column][vc_column width=&#8221;1\/2&#8243;][vc_empty_space height=&#8221;84px&#8221;][\/vc_column][\/vc_row][vc_row full_width=&#8221;stretch_row_content&#8221; gap=&#8221;&#8221; equal_height=&#8221;yes&#8221; content_placement=&#8221;top&#8221; css=&#8221;.vc_custom_1759832631608{padding-top: 32px !important;padding-bottom: 32px !important;}&#8221;][vc_column parallax_image=&#8221;2821&#8243; width=&#8221;1\/2&#8243; overlay_color=&#8221;rgba(255,255,255,0.9)&#8221; css=&#8221;.vc_custom_1759310032443{padding-top: 32px !important;padding-right: 100px !important;padding-left: 100px !important;}&#8221;][vc_row_inner][vc_column_inner]<div class=\"heading-with-separator text-left id_169d4da7266b6f1685805573   wpb_animate_when_almost_visible wpb_fadeInUp fadeInUp \"><div class=\"header-content\">\n\t\t\t<p class=\"h-subheading\">Vista al mar y a la piscina | Capacidad: hasta 2 hu\u00e9spedes<br \/>\nDormitorios: 1 | Ba\u00f1os: 1 | Superficie total: 60 m\u00b2 (645 pies\u00b2) | Interiores: 20 m\u00b2<\/p>\n\t\t\t<h2 class=\"heading  heading-decorator-1\" style=\"; letter-spacing: 0px; \">Suite Superb Oasis: un rinc\u00f3n de elegancia<br \/>\n<em>al mejor precio<em><\/h2><\/div><\/div><div class=\"custom-styles\" data-styles=\".id_169d4da7266b6f1685805573 .heading-decorator-1:before, .id_169d4da7266b6f1685805573 .heading-decorator-1:after { border-color: #000000}\"><\/div><div class=\"heading-with-separator text-left id_169d4da7266c071081236904   wpb_animate_when_almost_visible wpb_fadeInUp fadeInUp \"><div class=\"header-content\">\n\t\t\t<p class=\"h-subheading\"><\/p>\n\t\t\t<h4 class=\"heading  \" style=\"color: #000000; letter-spacing: 0px; \">Suite Superb Oasis \u2013 Tu Escapada de Ensue\u00f1o en Mykonos<\/h4><\/div><\/div><div class=\"custom-styles\" data-styles=\".id_169d4da7266c071081236904 .heading-decorator-1:before, .id_169d4da7266c071081236904 .heading-decorator-1:after { border-color: #000000}\"><\/div>[vc_column_text css_animation=&#8221;fadeInUp&#8221;]<\/em><\/em><\/p>\n<h6 data-start=\"58\" data-end=\"385\">La <strong data-start=\"61\" data-end=\"83\">Suite Superb Oasis<\/strong> es un refugio sereno dise\u00f1ado para un m\u00e1ximo de dos hu\u00e9spedes, con una cama queen y un elegante ba\u00f1o en suite. Perfecta para parejas o viajeros solitarios, esta \u00edntima estancia combina comodidad y estilo, ofreciendo impresionantes vistas a la piscina y al mar Egeo desde su balc\u00f3n privado amueblado.<\/h6>\n<h6 data-start=\"387\" data-end=\"680\">Ya sea tomando el sol durante el d\u00eda o contemplando las estrellas por la noche, la atm\u00f3sfera tranquila de la suite ofrece el escenario ideal para la relajaci\u00f3n y el bienestar. Cada detalle de este refugio en Mykonos ha sido creado para brindar paz, elegancia y un encanto isle\u00f1o inolvidable.<\/h6>\n<h5 data-start=\"682\" data-end=\"697\">COLCHONES<\/h5>\n<p data-start=\"698\" data-end=\"1137\">Para el descanso m\u00e1s reparador en Mykonos, la suite cuenta \u00fanicamente con colchones de la m\u00e1s alta calidad, totalmente naturales. Hechos a mano con cuidado y experiencia, estos colchones premium est\u00e1n elaborados con materiales ecol\u00f3gicos de primera, ofreciendo confort excepcional, transpirabilidad y soporte \u00f3ptimo. Cada detalle est\u00e1 pensado para proporcionar una experiencia de sue\u00f1o \u00fanica que enriquece su escapada de lujo en la isla.<\/p>\n<h5 data-start=\"1139\" data-end=\"1154\">NESPRESSO<\/h5>\n<p data-start=\"1155\" data-end=\"1494\">Un d\u00eda perfecto en Mykonos comienza con una taza de caf\u00e9 reci\u00e9n hecho. La suite dispone de una m\u00e1quina Nespresso y hervidor de agua, para que pueda disfrutar de caf\u00e9 y t\u00e9s de primera calidad en cualquier momento: desde tranquilos desayunos en la terraza hasta relajantes veladas. Este detalle eleva la comodidad y el lujo de su estancia.<\/p>\n<h5 data-start=\"1496\" data-end=\"1524\">AMAZON PRIME y NETFLIX<\/h5>\n<p data-start=\"1525\" data-end=\"1811\">La suite est\u00e1 equipada con Smart TV con aplicaciones integradas de <strong data-start=\"1592\" data-end=\"1614\">Amazon Prime Video<\/strong> y <strong data-start=\"1617\" data-end=\"1628\">Netflix<\/strong>, brindando una experiencia de entretenimiento personalizada y continua. Disfrute de sus series y pel\u00edculas favoritas en cualquier momento, desde la comodidad de su refugio privado.<\/p>\n<h5 data-start=\"1813\" data-end=\"1845\">INSTALACIONES Y AMENIDADES<\/h5>\n<p data-start=\"1846\" data-end=\"2411\">Disfrute de una suite con vistas al mar y libre de humo que combina confort y elegancia con una amplia gama de servicios de lujo. El espacioso ba\u00f1o, el balc\u00f3n privado y el mobiliario exterior de dise\u00f1o crean el entorno perfecto para el descanso.<br data-start=\"2091\" data-end=\"2094\" \/>En el interior, un televisor SMART-LED FHD de 43 pulgadas ofrece m\u00e1s de 100 canales satelitales, adem\u00e1s de acceso directo a Amazon Prime y Netflix. La suite tambi\u00e9n cuenta con altavoz Bluetooth, Wi-Fi de alta velocidad gratuito y aire acondicionado con control individual para mantener siempre la temperatura ideal.<\/p>\n<h6 data-start=\"2413\" data-end=\"2704\"><strong>Otros detalles que complementan su experiencia incluyen espejo con luz para maquillaje, secador de cabello, b\u00e1scula digital y caja fuerte. Lujosas s\u00e1banas de algod\u00f3n, suaves albornoces, c\u00f3modas pantuflas y productos de tocador premium completan una estancia elevada e inolvidable en Mykonos.<\/strong><\/h6>\n<p>[\/vc_column_text][\/vc_column_inner][\/vc_row_inner][\/vc_column][vc_column css_animation=&#8221;none&#8221; width=&#8221;1\/2&#8243;][vc_empty_space]<div class=\"rokka-gallery rokka-gallery-element\"><div class=\"rokka-gallery-masonry rokka-grid rokka-2-col   animate-text\" data-ismasonry=\"0\" data-imgbg=\"1\"><article class=\"grid-sizer\"><\/article><article class=\"gutter-sizer\"><\/article><article class=\"w1-h1\"><div class=\"layer\"><div class=\"img-bg\" data-depth=\"0.50\" style=\"background-image: url(https:\/\/mmvilla.com\/wp-content\/uploads\/2024\/10\/Manu-Sea-Sun-Villa-Mykonos-116-1.jpg) \" ><\/div><\/div>\n\t\t\t\t\t\t<div class=\"rokka-gallery-item open-lightbox_images\"><a class=\"gallery-link\" href=\"https:\/\/mmvilla.com\/wp-content\/uploads\/2024\/10\/Manu-Sea-Sun-Villa-Mykonos-116-1.jpg\" data-size=\"640x454\"><\/a><div class=\"image-wrapper\"><span class=\"gallery-img \" style=\"background-image: url(https:\/\/mmvilla.com\/wp-content\/uploads\/2024\/10\/Manu-Sea-Sun-Villa-Mykonos-116-1.jpg);\"><\/span><\/div><\/div><\/article><article class=\"w1-h1\"><div class=\"layer\"><div class=\"img-bg\" data-depth=\"0.50\" style=\"background-image: url(https:\/\/mmvilla.com\/wp-content\/uploads\/2024\/10\/Manu-Sea-Sun-Villa-Mykonos-117-1.jpg) \" ><\/div><\/div>\n\t\t\t\t\t\t<div class=\"rokka-gallery-item open-lightbox_images\"><a class=\"gallery-link\" href=\"https:\/\/mmvilla.com\/wp-content\/uploads\/2024\/10\/Manu-Sea-Sun-Villa-Mykonos-117-1.jpg\" data-size=\"640x454\"><\/a><div class=\"image-wrapper\"><span class=\"gallery-img \" style=\"background-image: url(https:\/\/mmvilla.com\/wp-content\/uploads\/2024\/10\/Manu-Sea-Sun-Villa-Mykonos-117-1.jpg);\"><\/span><\/div><\/div><\/article><article class=\"w1-h1\"><div class=\"layer\"><div class=\"img-bg\" data-depth=\"0.50\" style=\"background-image: url(https:\/\/mmvilla.com\/wp-content\/uploads\/2024\/10\/Manu-Sea-Sun-Villa-Mykonos-118.jpg) \" ><\/div><\/div>\n\t\t\t\t\t\t<div class=\"rokka-gallery-item open-lightbox_images\"><a class=\"gallery-link\" href=\"https:\/\/mmvilla.com\/wp-content\/uploads\/2024\/10\/Manu-Sea-Sun-Villa-Mykonos-118.jpg\" data-size=\"640x454\"><\/a><div class=\"image-wrapper\"><span class=\"gallery-img \" style=\"background-image: url(https:\/\/mmvilla.com\/wp-content\/uploads\/2024\/10\/Manu-Sea-Sun-Villa-Mykonos-118.jpg);\"><\/span><\/div><\/div><\/article><article class=\"w1-h1\"><div class=\"layer\"><div class=\"img-bg\" data-depth=\"0.50\" style=\"background-image: url(https:\/\/mmvilla.com\/wp-content\/uploads\/2024\/10\/Manu-Sea-Sun-Villa-Mykonos-119.jpg) \" ><\/div><\/div>\n\t\t\t\t\t\t<div class=\"rokka-gallery-item open-lightbox_images\"><a class=\"gallery-link\" href=\"https:\/\/mmvilla.com\/wp-content\/uploads\/2024\/10\/Manu-Sea-Sun-Villa-Mykonos-119.jpg\" data-size=\"640x454\"><\/a><div class=\"image-wrapper\"><span class=\"gallery-img \" style=\"background-image: url(https:\/\/mmvilla.com\/wp-content\/uploads\/2024\/10\/Manu-Sea-Sun-Villa-Mykonos-119.jpg);\"><\/span><\/div><\/div><\/article><article class=\"w1-h1\"><div class=\"layer\"><div class=\"img-bg\" data-depth=\"0.50\" style=\"background-image: url(https:\/\/mmvilla.com\/wp-content\/uploads\/2024\/10\/Manu-Sea-Sun-Villa-Mykonos-120.jpg) \" ><\/div><\/div>\n\t\t\t\t\t\t<div class=\"rokka-gallery-item open-lightbox_images\"><a class=\"gallery-link\" href=\"https:\/\/mmvilla.com\/wp-content\/uploads\/2024\/10\/Manu-Sea-Sun-Villa-Mykonos-120.jpg\" data-size=\"640x454\"><\/a><div class=\"image-wrapper\"><span class=\"gallery-img \" style=\"background-image: url(https:\/\/mmvilla.com\/wp-content\/uploads\/2024\/10\/Manu-Sea-Sun-Villa-Mykonos-120.jpg);\"><\/span><\/div><\/div><\/article><article class=\"w1-h1\"><div class=\"layer\"><div class=\"img-bg\" data-depth=\"0.50\" style=\"background-image: url(https:\/\/mmvilla.com\/wp-content\/uploads\/2025\/09\/LOGO-MANU-TRANSPARENT-8.png) \" ><\/div><\/div>\n\t\t\t\t\t\t<div class=\"rokka-gallery-item open-lightbox_images\"><a class=\"gallery-link\" href=\"https:\/\/mmvilla.com\/wp-content\/uploads\/2025\/09\/LOGO-MANU-TRANSPARENT-8.png\" data-size=\"410x410\"><\/a><div class=\"image-wrapper\"><span class=\"gallery-img \" style=\"background-image: url(https:\/\/mmvilla.com\/wp-content\/uploads\/2025\/09\/LOGO-MANU-TRANSPARENT-8.png);\"><\/span><\/div><\/div><\/article><\/div><\/div>[vc_empty_space]<div class=\"heading-with-separator text-left id_169d4da7267b5e2080471087   \"><div class=\"header-content\">\n\t\t\t<p class=\"h-subheading\"><\/p>\n\t\t\t<h5 class=\"heading  \" style=\"color: #000000; letter-spacing: 0px; \">Mykonos. Dise\u00f1ada para Ti.<br \/>\nSum\u00e9rgete en un mundo de refinamiento y tranquilidad, donde cada detalle ha sido cuidadosamente creado pensando en ti.<\/h5><\/div><\/div><div class=\"custom-styles\" data-styles=\".id_169d4da7267b5e2080471087 .heading-decorator-1:before, .id_169d4da7267b5e2080471087 .heading-decorator-1:after { border-color: #000000}\"><\/div><div class=\"heading-with-separator text-left id_169d4da7267b90185216122   \"><div class=\"header-content\">\n\t\t\t<p class=\"h-subheading\"><\/p>\n\t\t\t<h6 class=\"heading  \" style=\"color: #000000; letter-spacing: 0px; \">M\u00e1s que un lugar para hospedarte, es una escapada exclusiva para viajeros que valoran la autenticidad, la comodidad y el estilo. Cada aspecto ha sido dise\u00f1ado con esmero para reflejar el esp\u00edritu \u00fanico de Mykonos y garantizarte una experiencia tan fluida como extraordinaria.<\/h6><\/div><\/div><div class=\"custom-styles\" data-styles=\".id_169d4da7267b90185216122 .heading-decorator-1:before, .id_169d4da7267b90185216122 .heading-decorator-1:after { border-color: #000000}\"><\/div><div class=\"heading-with-separator text-left id_169d4da7267bac436333753   \"><div class=\"header-content\">\n\t\t\t<p class=\"h-subheading\"><\/p>\n\t\t\t<h5 class=\"heading  \" style=\"color: #000000; letter-spacing: 0px; \">Con servicios personalizados, atenciones especiales y momentos que quedar\u00e1n en tu memoria, tus vacaciones en Mykonos ser\u00e1n tan \u00fanicas como t\u00fa.<\/h5><\/div><\/div><div class=\"custom-styles\" data-styles=\".id_169d4da7267bac436333753 .heading-decorator-1:before, .id_169d4da7267bac436333753 .heading-decorator-1:after { border-color: #000000}\"><\/div><div class=\"btn-wrapper text-left id_169d4da7267bce892432093   icon-left \" ><a href=\"https:\/\/mmvilla.com\/es\/manu-mykonos-villa-reservar-en-linea\/%20\" target='_blank' class=\"btn btn-lg btn-dark btn-solid\" data-btn-text=\"RESERVAR EN L\u00cdNEA\">RESERVAR EN L\u00cdNEA<\/a><\/div>[\/vc_column][\/vc_row]<\/p>","protected":false},"excerpt":{"rendered":"<p>[vc_row full_width=&#8221;stretch_row&#8221; gap=&#8221;&#8221; full_height=&#8221;yes&#8221; equal_height=&#8221;yes&#8221; parallax=&#8221;content-moving&#8221; parallax_image=&#8221;8568&#8243; overlay_color=&#8221;rgba(33,33,33,0.4)&#8221; text_color=&#8221;#ffffff&#8221; css=&#8221;.vc_custom_1758871063877{padding-top: 180px !important;padding-bottom: 180px !important;}&#8221;][vc_column width=&#8221;1\/2&#8243;][vc_column_text css_animation=&#8221;fadeInUp&#8221;] Suite Superb Oasis \u2013 Un Espacio \u00danico de Lujo en Mykonos Un refugio sereno para 2 hu\u00e9spedes, con un ambiente \u00edntimo y elegante creado para el descanso y el disfrute absoluto MEJOR PRECIO GARANTIZADO \u00a1Reserva hoy tu estancia de[&#8230;] <a href=\"https:\/\/mmvilla.com\/es\/manu-mykonos-villa-oasis-suite\/\" class=\"more-link\">Continue reading<\/a><\/p>\n","protected":false},"author":2,"featured_media":0,"parent":0,"menu_order":0,"comment_status":"closed","ping_status":"closed","template":"","meta":{"footnotes":""},"class_list":["post-10730","page","type-page","status-publish","hentry"],"yoast_head":"<!-- This site is optimized with the Yoast SEO Premium plugin v23.5 (Yoast SEO v25.7) - https:\/\/yoast.com\/wordpress\/plugins\/seo\/ -->\n<title>Suite Oasis en Mykonos \u2013 Escapada de Lujo Vista al Piscina<\/title>\n<meta name=\"description\" content=\"Descubre la Suite Superb Oasis en Mykonos: un refugio \u00edntimo y sofisticado, con balc\u00f3n privado, vistas al mar y piscina, y amenities de lujo\" \/>\n<meta name=\"robots\" content=\"index, follow, max-snippet:-1, max-image-preview:large, max-video-preview:-1\" \/>\n<link rel=\"canonical\" href=\"https:\/\/mmvilla.com\/es\/manu-mykonos-villa-oasis-suite\/\" \/>\n<meta property=\"og:locale\" content=\"es_ES\" \/>\n<meta property=\"og:type\" content=\"article\" \/>\n<meta property=\"og:title\" content=\"MANU MYKONOS VILLA Oasis suite\" \/>\n<meta property=\"og:description\" content=\"Descubre la Suite Superb Oasis en Mykonos: un refugio \u00edntimo y sofisticado, con balc\u00f3n privado, vistas al mar y piscina, y amenities de lujo\" \/>\n<meta property=\"og:url\" content=\"https:\/\/mmvilla.com\/es\/manu-mykonos-villa-oasis-suite\/\" \/>\n<meta property=\"og:site_name\" content=\"Majestic Manu Mykonos \u2013 Private Villa, Premium Suites &amp; More\" \/>\n<meta property=\"article:publisher\" content=\"https:\/\/www.facebook.com\/p\/Quality-Brand-Villas-100039678235957\/\" \/>\n<meta property=\"article:modified_time\" content=\"2025-10-13T04:53:27+00:00\" \/>\n<meta name=\"twitter:card\" content=\"summary_large_image\" \/>\n<meta name=\"twitter:label1\" content=\"Tiempo de lectura\" \/>\n\t<meta name=\"twitter:data1\" content=\"3 minutos\" \/>\n<script type=\"application\/ld+json\" class=\"yoast-schema-graph\">{\"@context\":\"https:\/\/schema.org\",\"@graph\":[{\"@type\":\"WebPage\",\"@id\":\"https:\/\/mmvilla.com\/es\/manu-mykonos-villa-oasis-suite\/\",\"url\":\"https:\/\/mmvilla.com\/es\/manu-mykonos-villa-oasis-suite\/\",\"name\":\"Suite Oasis en Mykonos \u2013 Escapada de Lujo Vista al Piscina\",\"isPartOf\":{\"@id\":\"https:\/\/mmvilla.com\/#website\"},\"datePublished\":\"2024-10-12T20:39:17+00:00\",\"dateModified\":\"2025-10-13T04:53:27+00:00\",\"description\":\"Descubre la Suite Superb Oasis en Mykonos: un refugio \u00edntimo y sofisticado, con balc\u00f3n privado, vistas al mar y piscina, y amenities de lujo\",\"breadcrumb\":{\"@id\":\"https:\/\/mmvilla.com\/es\/manu-mykonos-villa-oasis-suite\/#breadcrumb\"},\"inLanguage\":\"es\",\"potentialAction\":[{\"@type\":\"ReadAction\",\"target\":[\"https:\/\/mmvilla.com\/es\/manu-mykonos-villa-oasis-suite\/\"]}]},{\"@type\":\"BreadcrumbList\",\"@id\":\"https:\/\/mmvilla.com\/es\/manu-mykonos-villa-oasis-suite\/#breadcrumb\",\"itemListElement\":[{\"@type\":\"ListItem\",\"position\":1,\"name\":\"Home\",\"item\":\"https:\/\/mmvilla.com\/es\/\"},{\"@type\":\"ListItem\",\"position\":2,\"name\":\"MANU MYKONOS VILLA Oasis suite\"}]},{\"@type\":\"WebSite\",\"@id\":\"https:\/\/mmvilla.com\/#website\",\"url\":\"https:\/\/mmvilla.com\/\",\"name\":\"Manu Mykonos Villa\",\"description\":\"Mykonos Luxury Living, Perfected by Majestic Manu\",\"publisher\":{\"@id\":\"https:\/\/mmvilla.com\/#organization\"},\"alternateName\":\"MMVILLA\",\"potentialAction\":[{\"@type\":\"SearchAction\",\"target\":{\"@type\":\"EntryPoint\",\"urlTemplate\":\"https:\/\/mmvilla.com\/?s={search_term_string}\"},\"query-input\":{\"@type\":\"PropertyValueSpecification\",\"valueRequired\":true,\"valueName\":\"search_term_string\"}}],\"inLanguage\":\"es\"},{\"@type\":\"Organization\",\"@id\":\"https:\/\/mmvilla.com\/#organization\",\"name\":\"QB Villas\",\"url\":\"https:\/\/mmvilla.com\/\",\"logo\":{\"@type\":\"ImageObject\",\"inLanguage\":\"es\",\"@id\":\"https:\/\/mmvilla.com\/#\/schema\/logo\/image\/\",\"url\":\"https:\/\/mmvilla.com\/wp-content\/uploads\/2018\/12\/QUALITY-BRAND-LOGO-KEM-QBVILLAS.png\",\"contentUrl\":\"https:\/\/mmvilla.com\/wp-content\/uploads\/2018\/12\/QUALITY-BRAND-LOGO-KEM-QBVILLAS.png\",\"width\":487,\"height\":500,\"caption\":\"QB Villas\"},\"image\":{\"@id\":\"https:\/\/mmvilla.com\/#\/schema\/logo\/image\/\"},\"sameAs\":[\"https:\/\/www.facebook.com\/p\/Quality-Brand-Villas-100039678235957\/\",\"https:\/\/www.instagram.com\/qualitybrandvillas\/\",\"https:\/\/www.linkedin.com\/company\/quality-brand-villas\"]}]}<\/script>\n<!-- \/ Yoast SEO Premium plugin. -->","yoast_head_json":{"title":"Suite Oasis en Mykonos \u2013 Escapada de Lujo Vista al Piscina","description":"Descubre la Suite Superb Oasis en Mykonos: un refugio \u00edntimo y sofisticado, con balc\u00f3n privado, vistas al mar y piscina, y amenities de lujo","robots":{"index":"index","follow":"follow","max-snippet":"max-snippet:-1","max-image-preview":"max-image-preview:large","max-video-preview":"max-video-preview:-1"},"canonical":"https:\/\/mmvilla.com\/es\/manu-mykonos-villa-oasis-suite\/","og_locale":"es_ES","og_type":"article","og_title":"MANU MYKONOS VILLA Oasis suite","og_description":"Descubre la Suite Superb Oasis en Mykonos: un refugio \u00edntimo y sofisticado, con balc\u00f3n privado, vistas al mar y piscina, y amenities de lujo","og_url":"https:\/\/mmvilla.com\/es\/manu-mykonos-villa-oasis-suite\/","og_site_name":"Majestic Manu Mykonos \u2013 Private Villa, Premium Suites &amp; More","article_publisher":"https:\/\/www.facebook.com\/p\/Quality-Brand-Villas-100039678235957\/","article_modified_time":"2025-10-13T04:53:27+00:00","twitter_card":"summary_large_image","twitter_misc":{"Tiempo de lectura":"3 minutos"},"schema":{"@context":"https:\/\/schema.org","@graph":[{"@type":"WebPage","@id":"https:\/\/mmvilla.com\/es\/manu-mykonos-villa-oasis-suite\/","url":"https:\/\/mmvilla.com\/es\/manu-mykonos-villa-oasis-suite\/","name":"Suite Oasis en Mykonos \u2013 Escapada de Lujo Vista al Piscina","isPartOf":{"@id":"https:\/\/mmvilla.com\/#website"},"datePublished":"2024-10-12T20:39:17+00:00","dateModified":"2025-10-13T04:53:27+00:00","description":"Descubre la Suite Superb Oasis en Mykonos: un refugio \u00edntimo y sofisticado, con balc\u00f3n privado, vistas al mar y piscina, y amenities de lujo","breadcrumb":{"@id":"https:\/\/mmvilla.com\/es\/manu-mykonos-villa-oasis-suite\/#breadcrumb"},"inLanguage":"es","potentialAction":[{"@type":"ReadAction","target":["https:\/\/mmvilla.com\/es\/manu-mykonos-villa-oasis-suite\/"]}]},{"@type":"BreadcrumbList","@id":"https:\/\/mmvilla.com\/es\/manu-mykonos-villa-oasis-suite\/#breadcrumb","itemListElement":[{"@type":"ListItem","position":1,"name":"Home","item":"https:\/\/mmvilla.com\/es\/"},{"@type":"ListItem","position":2,"name":"MANU MYKONOS VILLA Oasis suite"}]},{"@type":"WebSite","@id":"https:\/\/mmvilla.com\/#website","url":"https:\/\/mmvilla.com\/","name":"Manu Mykonos Villa","description":"Mykonos Luxury Living, Perfected by Majestic Manu","publisher":{"@id":"https:\/\/mmvilla.com\/#organization"},"alternateName":"MMVILLA","potentialAction":[{"@type":"SearchAction","target":{"@type":"EntryPoint","urlTemplate":"https:\/\/mmvilla.com\/?s={search_term_string}"},"query-input":{"@type":"PropertyValueSpecification","valueRequired":true,"valueName":"search_term_string"}}],"inLanguage":"es"},{"@type":"Organization","@id":"https:\/\/mmvilla.com\/#organization","name":"QB Villas","url":"https:\/\/mmvilla.com\/","logo":{"@type":"ImageObject","inLanguage":"es","@id":"https:\/\/mmvilla.com\/#\/schema\/logo\/image\/","url":"https:\/\/mmvilla.com\/wp-content\/uploads\/2018\/12\/QUALITY-BRAND-LOGO-KEM-QBVILLAS.png","contentUrl":"https:\/\/mmvilla.com\/wp-content\/uploads\/2018\/12\/QUALITY-BRAND-LOGO-KEM-QBVILLAS.png","width":487,"height":500,"caption":"QB Villas"},"image":{"@id":"https:\/\/mmvilla.com\/#\/schema\/logo\/image\/"},"sameAs":["https:\/\/www.facebook.com\/p\/Quality-Brand-Villas-100039678235957\/","https:\/\/www.instagram.com\/qualitybrandvillas\/","https:\/\/www.linkedin.com\/company\/quality-brand-villas"]}]}},"_links":{"self":[{"href":"https:\/\/mmvilla.com\/es\/wp-json\/wp\/v2\/pages\/10730","targetHints":{"allow":["GET"]}}],"collection":[{"href":"https:\/\/mmvilla.com\/es\/wp-json\/wp\/v2\/pages"}],"about":[{"href":"https:\/\/mmvilla.com\/es\/wp-json\/wp\/v2\/types\/page"}],"author":[{"embeddable":true,"href":"https:\/\/mmvilla.com\/es\/wp-json\/wp\/v2\/users\/2"}],"replies":[{"embeddable":true,"href":"https:\/\/mmvilla.com\/es\/wp-json\/wp\/v2\/comments?post=10730"}],"version-history":[{"count":14,"href":"https:\/\/mmvilla.com\/es\/wp-json\/wp\/v2\/pages\/10730\/revisions"}],"predecessor-version":[{"id":15191,"href":"https:\/\/mmvilla.com\/es\/wp-json\/wp\/v2\/pages\/10730\/revisions\/15191"}],"wp:attachment":[{"href":"https:\/\/mmvilla.com\/es\/wp-json\/wp\/v2\/media?parent=10730"}],"curies":[{"name":"wp","href":"https:\/\/api.w.org\/{rel}","templated":true}]}}