{"id":10881,"date":"2025-09-02T19:55:38","date_gmt":"2025-09-02T16:55:38","guid":{"rendered":"https:\/\/mmvilla.com\/?page_id=10881"},"modified":"2025-10-04T14:58:27","modified_gmt":"2025-10-04T11:58:27","slug":"informacion-util","status":"publish","type":"page","link":"https:\/\/mmvilla.com\/es\/informacion-util\/","title":{"rendered":"Manu Mykonos Useful Information"},"content":{"rendered":"<p>[vc_row full_width=&#8221;stretch_row_content&#8221; gap=&#8221;&#8221; parallax=&#8221;content-moving&#8221; overlay_color=&#8221;rgba(33,33,33,0.4)&#8221; text_color=&#8221;#ffffff&#8221; css=&#8221;.vc_custom_1759579100857{padding-top: 120px !important;padding-bottom: 120px !important;background-image: url(https:\/\/mmvilla.com\/wp-content\/uploads\/2025\/10\/Mykonos-town-Quality-Brand-Villas-14.jpg?id=13824) !important;background-position: center;background-repeat: no-repeat !important;background-size: cover !important;}&#8221;][vc_column][vc_column_text css_animation=&#8221;fadeInUp&#8221;]<\/p>\n<h2>Informaci\u00f3n \u00fatil<\/h2>\n<p>[\/vc_column_text][\/vc_column][\/vc_row][vc_row full_width=&#8221;stretch_row_content&#8221; gap=&#8221;&#8221; parallax=&#8221;content-moving&#8221; text_color=&#8221;#ffffff&#8221; css=&#8221;.vc_custom_1757790690418{padding-top: 40px !important;padding-bottom: 40px !important;background-position: center;background-repeat: no-repeat !important;background-size: cover !important;}&#8221;][vc_column width=&#8221;1\/3&#8243;][vc_toggle title=&#8221;c\u00f3mo llegar &amp; traslados&#8221; custom_font_container=&#8221;tag:h5|text_align:left|color:%23000000&#8243; custom_use_theme_fonts=&#8221;yes&#8221; use_custom_heading=&#8221;true&#8221;]<span style=\"color: #000000;\">el aeropuerto internacional de mykonos (jmk) se encuentra a unos 10 minutos en coche de la villa. a solicitud, podemos organizar traslados privados en autos de lujo o limusinas, as\u00ed como un servicio de chofer durante toda su estad\u00eda.<\/span>[\/vc_toggle][vc_toggle title=&#8221;check-in &amp; check-out&#8221; custom_font_container=&#8221;tag:h5|text_align:left|color:%23000000&#8243; custom_use_theme_fonts=&#8221;yes&#8221; use_custom_heading=&#8221;true&#8221;]<span style=\"color: #000000;\">check-in: a partir de las 15:00<\/span><br data-start=\"468\" data-end=\"471\" \/><span style=\"color: #000000;\">check-out: hasta las 11:00<\/span><br data-start=\"497\" data-end=\"500\" \/><span style=\"color: #000000;\">el check-in temprano o el check-out tard\u00edo se pueden organizar previa solicitud y seg\u00fan disponibilidad.<\/span>[\/vc_toggle][vc_toggle title=&#8221;cancelaciones &amp; cambios&#8221; custom_font_container=&#8221;tag:h5|text_align:left|color:%23000000&#8243; custom_use_theme_fonts=&#8221;yes&#8221; use_custom_heading=&#8221;true&#8221;]<span style=\"color: #000000;\">las pol\u00edticas de cancelaci\u00f3n var\u00edan seg\u00fan la oferta seleccionada. para obtener informaci\u00f3n actualizada, comun\u00edquese con nuestro equipo de reservas o consulte la confirmaci\u00f3n de su reserva.<\/span>[\/vc_toggle][\/vc_column][vc_column width=&#8221;1\/3&#8243;][vc_toggle title=&#8221;pagos &amp; moneda&#8221; custom_font_container=&#8221;tag:h5|text_align:left|color:%23000000&#8243; custom_use_theme_fonts=&#8221;yes&#8221; use_custom_heading=&#8221;true&#8221;]<span style=\"color: #000000;\">aceptamos las principales tarjetas de cr\u00e9dito internacionales (visa, mastercard, american express) y transferencias bancarias. la moneda oficial es el euro.<\/span>[\/vc_toggle][vc_toggle title=&#8221;wifi &amp; electricidad&#8221; custom_font_container=&#8221;tag:h5|text_align:left|color:%23000000&#8243; custom_use_theme_fonts=&#8221;yes&#8221; use_custom_heading=&#8221;true&#8221;]<span style=\"color: #000000;\">la villa ofrece wifi de alta velocidad gratuito. la electricidad es de 220 voltios con enchufes tipo c y f (europeos).<\/span>[\/vc_toggle][vc_toggle title=&#8221;clima &amp; vestimenta&#8221; custom_font_container=&#8221;tag:h5|text_align:left|color:%23000000&#8243; custom_use_theme_fonts=&#8221;yes&#8221; use_custom_heading=&#8221;true&#8221;]<span style=\"color: #000000;\">mykonos disfruta de un clima mediterr\u00e1neo con veranos c\u00e1lidos y secos. recomendamos ropa ligera, protecci\u00f3n solar y una chaqueta liviana para las noches con brisa.<\/span>[\/vc_toggle][\/vc_column][vc_column width=&#8221;1\/3&#8243;][vc_toggle title=&#8221;distancias &amp; servicios cercanos&#8221; custom_font_container=&#8221;tag:h5|text_align:left|color:%23000000&#8243; custom_use_theme_fonts=&#8221;yes&#8221; use_custom_heading=&#8221;true&#8221;]<\/p>\n<p data-start=\"1380\" data-end=\"1404\"><span style=\"color: #000000;\">playa agia anna: 150 m\u00a0supermercado: 5 minutos en coche\u00a0 minimarket: 200 m\u00a0renta de autos: 200 m\u00a0restaurantes y bares: a pocos minutos a pie o en coche<\/span><\/p>\n<p>[\/vc_toggle][vc_toggle title=&#8221;salud &amp; seguridad&#8221; custom_font_container=&#8221;tag:h5|text_align:left|color:%23000000&#8243; custom_use_theme_fonts=&#8221;yes&#8221; use_custom_heading=&#8221;true&#8221;]<\/p>\n<p data-start=\"1380\" data-end=\"1404\"><span style=\"color: #000000;\">hay una farmacia y un centro m\u00e9dico a menos de 10 minutos en coche. n\u00famero de emergencia nacional: 112. a solicitud, podemos organizar un m\u00e9dico a domicilio o servicio de seguridad privada.<\/span><\/p>\n<p>[\/vc_toggle][vc_toggle title=&#8221;consejos culturales&#8221; custom_font_container=&#8221;tag:h5|text_align:left|color:%23000000&#8243; custom_use_theme_fonts=&#8221;yes&#8221; use_custom_heading=&#8221;true&#8221;]<\/p>\n<p data-start=\"1380\" data-end=\"1404\"><span style=\"color: #000000;\">la isla es reconocida por su c\u00e1lida hospitalidad. es costumbre dejar una propina (5\u201310 %) por un servicio excelente. se valora mucho el respeto por las playas y los espacios p\u00fablicos.<\/span><\/p>\n<p>[\/vc_toggle][\/vc_column][\/vc_row][vc_row full_width=&#8221;stretch_row_content&#8221; gap=&#8221;&#8221; content_placement=&#8221;middle&#8221; parallax=&#8221;content-moving&#8221; parallax_speed_bg=&#8221;0&#8243; text_color=&#8221;#ffffff&#8221; css=&#8221;.vc_custom_1757790705106{padding-top: 0px !important;padding-bottom: 0px !important;}&#8221;][vc_column][vc_raw_html]JTNDJTIxLS0lMjBFbGZzaWdodCUyMEdvb2dsZSUyME1hcHMlMjAlN0MlMjBVbnRpdGxlZCUyMEdvb2dsZSUyME1hcHMlMjAtLSUzRSUwQSUzQ3NjcmlwdCUyMHNyYyUzRCUyMmh0dHBzJTNBJTJGJTJGc3RhdGljLmVsZnNpZ2h0LmNvbSUyRnBsYXRmb3JtJTJGcGxhdGZvcm0uanMlMjIlMjBhc3luYyUzRSUzQyUyRnNjcmlwdCUzRSUwQSUzQ2RpdiUyMGNsYXNzJTNEJTIyZWxmc2lnaHQtYXBwLTQwNjY2NjljLTJhODEtNDgxZi05MjVjLWU3OTcyZmUzZjM1MCUyMiUyMGRhdGEtZWxmc2lnaHQtYXBwLWxhenklM0UlM0MlMkZkaXYlM0U=[\/vc_raw_html][\/vc_column][\/vc_row][vc_row gap=&#8221;&#8221; css=&#8221;.vc_custom_1740658197208{padding-top: 0px !important;}&#8221;][vc_column][vc_raw_html]JTNDc2NyaXB0JTIwc3JjJTNEJTIyaHR0cHMlM0ElMkYlMkZzdGF0aWMuZWxmc2lnaHQuY29tJTJGcGxhdGZvcm0lMkZwbGF0Zm9ybS5qcyUyMiUyMGRhdGEtdXNlLXNlcnZpY2UtY29yZSUyMGRlZmVyJTNFJTNDJTJGc2NyaXB0JTNFJTBBJTNDZGl2JTIwY2xhc3MlM0QlMjJlbGZzaWdodC1hcHAtNzY2ZjQ3MWUtMGEyZC00YTA2LTk1MWUtMGYxYTQxZmRjZDhlJTIyJTIwZGF0YS1lbGZzaWdodC1hcHAtbGF6eSUzRSUzQyUyRmRpdiUzRQ==[\/vc_raw_html][\/vc_column][\/vc_row]<\/p>","protected":false},"excerpt":{"rendered":"<p>[vc_row full_width=&#8221;stretch_row_content&#8221; gap=&#8221;&#8221; parallax=&#8221;content-moving&#8221; overlay_color=&#8221;rgba(33,33,33,0.4)&#8221; text_color=&#8221;#ffffff&#8221; css=&#8221;.vc_custom_1759579100857{padding-top: 120px !important;padding-bottom: 120px !important;background-image: url(https:\/\/mmvilla.com\/wp-content\/uploads\/2025\/10\/Mykonos-town-Quality-Brand-Villas-14.jpg?id=13824) !important;background-position: center;background-repeat: no-repeat !important;background-size: cover !important;}&#8221;][vc_column][vc_column_text css_animation=&#8221;fadeInUp&#8221;] Informaci\u00f3n \u00fatil [\/vc_column_text][\/vc_column][\/vc_row][vc_row full_width=&#8221;stretch_row_content&#8221; gap=&#8221;&#8221; parallax=&#8221;content-moving&#8221; text_color=&#8221;#ffffff&#8221; css=&#8221;.vc_custom_1757790690418{padding-top: 40px !important;padding-bottom: 40px !important;background-position: center;background-repeat: no-repeat !important;background-size: cover !important;}&#8221;][vc_column width=&#8221;1\/3&#8243;][vc_toggle title=&#8221;c\u00f3mo llegar &amp; traslados&#8221; custom_font_container=&#8221;tag:h5|text_align:left|color:%23000000&#8243; custom_use_theme_fonts=&#8221;yes&#8221; use_custom_heading=&#8221;true&#8221;]el aeropuerto internacional de mykonos (jmk) se encuentra a unos 10 minutos[&#8230;] <a href=\"https:\/\/mmvilla.com\/es\/informacion-util\/\" class=\"more-link\">Continue reading<\/a><\/p>\n","protected":false},"author":2,"featured_media":0,"parent":0,"menu_order":0,"comment_status":"closed","ping_status":"closed","template":"","meta":{"footnotes":""},"class_list":["post-10881","page","type-page","status-publish","hentry"],"yoast_head":"<!-- This site is optimized with the Yoast SEO Premium plugin v23.5 (Yoast SEO v25.7) - https:\/\/yoast.com\/wordpress\/plugins\/seo\/ -->\n<title>Informaci\u00f3n \u00fatil | Manu Mykonos Villa<\/title>\n<meta name=\"description\" content=\"Descubra informaci\u00f3n \u00fatil sobre Manu Mykonos Villa: consejos, servicios y detalles esenciales para una estancia perfecta en Mykonos.\" \/>\n<meta name=\"robots\" content=\"index, follow, max-snippet:-1, max-image-preview:large, max-video-preview:-1\" \/>\n<link rel=\"canonical\" href=\"https:\/\/mmvilla.com\/es\/informacion-util\/\" \/>\n<meta property=\"og:locale\" content=\"es_ES\" \/>\n<meta property=\"og:type\" content=\"article\" \/>\n<meta property=\"og:title\" content=\"Manu Mykonos Useful Information\" \/>\n<meta property=\"og:description\" content=\"Descubra informaci\u00f3n \u00fatil sobre Manu Mykonos Villa: consejos, servicios y detalles esenciales para una estancia perfecta en Mykonos.\" \/>\n<meta property=\"og:url\" content=\"https:\/\/mmvilla.com\/es\/informacion-util\/\" \/>\n<meta property=\"og:site_name\" content=\"Majestic Manu Mykonos \u2013 Private Villa, Premium Suites &amp; More\" \/>\n<meta property=\"article:publisher\" content=\"https:\/\/www.facebook.com\/p\/Quality-Brand-Villas-100039678235957\/\" \/>\n<meta property=\"article:modified_time\" content=\"2025-10-04T11:58:27+00:00\" \/>\n<meta name=\"twitter:card\" content=\"summary_large_image\" \/>\n<meta name=\"twitter:label1\" content=\"Tiempo de lectura\" \/>\n\t<meta name=\"twitter:data1\" content=\"2 minutos\" \/>\n<script type=\"application\/ld+json\" class=\"yoast-schema-graph\">{\"@context\":\"https:\/\/schema.org\",\"@graph\":[{\"@type\":\"WebPage\",\"@id\":\"https:\/\/mmvilla.com\/es\/informacion-util\/\",\"url\":\"https:\/\/mmvilla.com\/es\/informacion-util\/\",\"name\":\"Informaci\u00f3n \u00fatil | Manu Mykonos Villa\",\"isPartOf\":{\"@id\":\"https:\/\/mmvilla.com\/#website\"},\"datePublished\":\"2025-09-02T16:55:38+00:00\",\"dateModified\":\"2025-10-04T11:58:27+00:00\",\"description\":\"Descubra informaci\u00f3n \u00fatil sobre Manu Mykonos Villa: consejos, servicios y detalles esenciales para una estancia perfecta en Mykonos.\",\"breadcrumb\":{\"@id\":\"https:\/\/mmvilla.com\/es\/informacion-util\/#breadcrumb\"},\"inLanguage\":\"es\",\"potentialAction\":[{\"@type\":\"ReadAction\",\"target\":[\"https:\/\/mmvilla.com\/es\/informacion-util\/\"]}]},{\"@type\":\"BreadcrumbList\",\"@id\":\"https:\/\/mmvilla.com\/es\/informacion-util\/#breadcrumb\",\"itemListElement\":[{\"@type\":\"ListItem\",\"position\":1,\"name\":\"Home\",\"item\":\"https:\/\/mmvilla.com\/es\/\"},{\"@type\":\"ListItem\",\"position\":2,\"name\":\"Manu Mykonos Useful Information\"}]},{\"@type\":\"WebSite\",\"@id\":\"https:\/\/mmvilla.com\/#website\",\"url\":\"https:\/\/mmvilla.com\/\",\"name\":\"Manu Mykonos Villa\",\"description\":\"Mykonos Luxury Living, Perfected by Majestic Manu\",\"publisher\":{\"@id\":\"https:\/\/mmvilla.com\/#organization\"},\"alternateName\":\"MMVILLA\",\"potentialAction\":[{\"@type\":\"SearchAction\",\"target\":{\"@type\":\"EntryPoint\",\"urlTemplate\":\"https:\/\/mmvilla.com\/?s={search_term_string}\"},\"query-input\":{\"@type\":\"PropertyValueSpecification\",\"valueRequired\":true,\"valueName\":\"search_term_string\"}}],\"inLanguage\":\"es\"},{\"@type\":\"Organization\",\"@id\":\"https:\/\/mmvilla.com\/#organization\",\"name\":\"QB Villas\",\"url\":\"https:\/\/mmvilla.com\/\",\"logo\":{\"@type\":\"ImageObject\",\"inLanguage\":\"es\",\"@id\":\"https:\/\/mmvilla.com\/#\/schema\/logo\/image\/\",\"url\":\"https:\/\/mmvilla.com\/wp-content\/uploads\/2018\/12\/QUALITY-BRAND-LOGO-KEM-QBVILLAS.png\",\"contentUrl\":\"https:\/\/mmvilla.com\/wp-content\/uploads\/2018\/12\/QUALITY-BRAND-LOGO-KEM-QBVILLAS.png\",\"width\":487,\"height\":500,\"caption\":\"QB Villas\"},\"image\":{\"@id\":\"https:\/\/mmvilla.com\/#\/schema\/logo\/image\/\"},\"sameAs\":[\"https:\/\/www.facebook.com\/p\/Quality-Brand-Villas-100039678235957\/\",\"https:\/\/www.instagram.com\/qualitybrandvillas\/\",\"https:\/\/www.linkedin.com\/company\/quality-brand-villas\"]}]}<\/script>\n<!-- \/ Yoast SEO Premium plugin. -->","yoast_head_json":{"title":"Informaci\u00f3n \u00fatil | Manu Mykonos Villa","description":"Descubra informaci\u00f3n \u00fatil sobre Manu Mykonos Villa: consejos, servicios y detalles esenciales para una estancia perfecta en Mykonos.","robots":{"index":"index","follow":"follow","max-snippet":"max-snippet:-1","max-image-preview":"max-image-preview:large","max-video-preview":"max-video-preview:-1"},"canonical":"https:\/\/mmvilla.com\/es\/informacion-util\/","og_locale":"es_ES","og_type":"article","og_title":"Manu Mykonos Useful Information","og_description":"Descubra informaci\u00f3n \u00fatil sobre Manu Mykonos Villa: consejos, servicios y detalles esenciales para una estancia perfecta en Mykonos.","og_url":"https:\/\/mmvilla.com\/es\/informacion-util\/","og_site_name":"Majestic Manu Mykonos \u2013 Private Villa, Premium Suites &amp; More","article_publisher":"https:\/\/www.facebook.com\/p\/Quality-Brand-Villas-100039678235957\/","article_modified_time":"2025-10-04T11:58:27+00:00","twitter_card":"summary_large_image","twitter_misc":{"Tiempo de lectura":"2 minutos"},"schema":{"@context":"https:\/\/schema.org","@graph":[{"@type":"WebPage","@id":"https:\/\/mmvilla.com\/es\/informacion-util\/","url":"https:\/\/mmvilla.com\/es\/informacion-util\/","name":"Informaci\u00f3n \u00fatil | Manu Mykonos Villa","isPartOf":{"@id":"https:\/\/mmvilla.com\/#website"},"datePublished":"2025-09-02T16:55:38+00:00","dateModified":"2025-10-04T11:58:27+00:00","description":"Descubra informaci\u00f3n \u00fatil sobre Manu Mykonos Villa: consejos, servicios y detalles esenciales para una estancia perfecta en Mykonos.","breadcrumb":{"@id":"https:\/\/mmvilla.com\/es\/informacion-util\/#breadcrumb"},"inLanguage":"es","potentialAction":[{"@type":"ReadAction","target":["https:\/\/mmvilla.com\/es\/informacion-util\/"]}]},{"@type":"BreadcrumbList","@id":"https:\/\/mmvilla.com\/es\/informacion-util\/#breadcrumb","itemListElement":[{"@type":"ListItem","position":1,"name":"Home","item":"https:\/\/mmvilla.com\/es\/"},{"@type":"ListItem","position":2,"name":"Manu Mykonos Useful Information"}]},{"@type":"WebSite","@id":"https:\/\/mmvilla.com\/#website","url":"https:\/\/mmvilla.com\/","name":"Manu Mykonos Villa","description":"Mykonos Luxury Living, Perfected by Majestic Manu","publisher":{"@id":"https:\/\/mmvilla.com\/#organization"},"alternateName":"MMVILLA","potentialAction":[{"@type":"SearchAction","target":{"@type":"EntryPoint","urlTemplate":"https:\/\/mmvilla.com\/?s={search_term_string}"},"query-input":{"@type":"PropertyValueSpecification","valueRequired":true,"valueName":"search_term_string"}}],"inLanguage":"es"},{"@type":"Organization","@id":"https:\/\/mmvilla.com\/#organization","name":"QB Villas","url":"https:\/\/mmvilla.com\/","logo":{"@type":"ImageObject","inLanguage":"es","@id":"https:\/\/mmvilla.com\/#\/schema\/logo\/image\/","url":"https:\/\/mmvilla.com\/wp-content\/uploads\/2018\/12\/QUALITY-BRAND-LOGO-KEM-QBVILLAS.png","contentUrl":"https:\/\/mmvilla.com\/wp-content\/uploads\/2018\/12\/QUALITY-BRAND-LOGO-KEM-QBVILLAS.png","width":487,"height":500,"caption":"QB Villas"},"image":{"@id":"https:\/\/mmvilla.com\/#\/schema\/logo\/image\/"},"sameAs":["https:\/\/www.facebook.com\/p\/Quality-Brand-Villas-100039678235957\/","https:\/\/www.instagram.com\/qualitybrandvillas\/","https:\/\/www.linkedin.com\/company\/quality-brand-villas"]}]}},"_links":{"self":[{"href":"https:\/\/mmvilla.com\/es\/wp-json\/wp\/v2\/pages\/10881","targetHints":{"allow":["GET"]}}],"collection":[{"href":"https:\/\/mmvilla.com\/es\/wp-json\/wp\/v2\/pages"}],"about":[{"href":"https:\/\/mmvilla.com\/es\/wp-json\/wp\/v2\/types\/page"}],"author":[{"embeddable":true,"href":"https:\/\/mmvilla.com\/es\/wp-json\/wp\/v2\/users\/2"}],"replies":[{"embeddable":true,"href":"https:\/\/mmvilla.com\/es\/wp-json\/wp\/v2\/comments?post=10881"}],"version-history":[{"count":7,"href":"https:\/\/mmvilla.com\/es\/wp-json\/wp\/v2\/pages\/10881\/revisions"}],"predecessor-version":[{"id":13911,"href":"https:\/\/mmvilla.com\/es\/wp-json\/wp\/v2\/pages\/10881\/revisions\/13911"}],"wp:attachment":[{"href":"https:\/\/mmvilla.com\/es\/wp-json\/wp\/v2\/media?parent=10881"}],"curies":[{"name":"wp","href":"https:\/\/api.w.org\/{rel}","templated":true}]}}