{"id":10905,"date":"2025-09-02T21:46:25","date_gmt":"2025-09-02T18:46:25","guid":{"rendered":"https:\/\/mmvilla.com\/?page_id=10905"},"modified":"2025-10-03T10:52:51","modified_gmt":"2025-10-03T07:52:51","slug":"manu-mykonos-villa-privilegios-de-lujo","status":"publish","type":"page","link":"https:\/\/mmvilla.com\/es\/manu-mykonos-villa-privilegios-de-lujo\/","title":{"rendered":"MANU MYKONOS VILLA Services"},"content":{"rendered":"<p>[vc_row full_width=&#8221;stretch_row_content&#8221; gap=&#8221;&#8221; parallax_image=&#8221;13620&#8243; overlay_color=&#8221;rgba(0,0,0,0.5)&#8221; text_color=&#8221;#ffffff&#8221; css=&#8221;.vc_custom_1759477612001{padding-top: 180px !important;padding-bottom: 180px !important;}&#8221;][vc_column]<div class=\"heading-with-separator text-center id_169d4bec72b9211806527349   \"><div class=\"header-content\">\n\t\t\t<p class=\"h-subheading\">Servicios bajo demanda de Manu Mykonos<\/p>\n\t\t\t<h1 class=\"heading  heading-decorator-4\" style=\"; letter-spacing: 0px; \">Disfruta al m\u00e1ximo en Mykonos<br \/>\nServicios de 5 estrellas y espacios de lujo para una experiencia insular incomparable.<\/h1><\/div><\/div><div class=\"custom-styles\" data-styles=\".id_169d4bec72b9211806527349 .heading-decorator-1:before, .id_169d4bec72b9211806527349 .heading-decorator-1:after { border-color: }\"><\/div>[\/vc_column][\/vc_row][vc_row full_width=&#8221;stretch_row_content&#8221; gap=&#8221;&#8221; equal_height=&#8221;yes&#8221; content_placement=&#8221;middle&#8221; overlay_color=&#8221;rgba(255,255,255,0.71)&#8221; css=&#8221;.vc_custom_1759476740456{background-position: center !important;background-repeat: no-repeat !important;background-size: cover !important;}&#8221;][vc_column width=&#8221;2\/3&#8243;][vc_empty_space height=&#8221;64px&#8221; height2=&#8221;32px&#8221;]<div class=\"heading-with-separator text-left id_169d4bec72b9841691427081  vc_custom_1759476777619  \"><div class=\"header-content\">\n\t\t\t<p class=\"h-subheading\"><\/p>\n\t\t\t<h2 class=\"heading  heading-decorator-1\" style=\"; letter-spacing: 0px; \">Disfruta de Privilegios de Lujo<\/h2><\/div><\/div><div class=\"custom-styles\" data-styles=\".id_169d4bec72b9841691427081 .heading-decorator-1:before, .id_169d4bec72b9841691427081 .heading-decorator-1:after { border-color: #000000}\"><\/div>[vc_column_text css=&#8221;.vc_custom_1759476832385{padding-left: 10px !important;}&#8221;]<\/p>\n<p data-start=\"84\" data-end=\"379\">Nuestra m\u00e1xima prioridad es garantizar que cada estancia en <strong data-start=\"231\" data-end=\"253\">Manu Mykonos Villa<\/strong> sea no solo c\u00f3moda y relajante, sino verdaderamente inolvidable. Ya sea atendiendo tus necesidades o tus deseos, ofrecemos servicios excepcionales al estilo hotelero, dise\u00f1ados para elevar cada momento de tus vacaciones.<\/p>\n<p data-start=\"381\" data-end=\"710\" data-is-last-node=\"\" data-is-only-node=\"\"><strong>Nuestra Colecci\u00f3n Exclusiva de Servicios y Facilidades 5 Estrellas <\/strong>\u2014en colaboraci\u00f3n con <strong><em data-start=\"570\" data-end=\"592\">Quality Brand Villas<\/em><\/strong>\u2014 refleja nuestro compromiso con una hospitalidad a medida. Ninguna petici\u00f3n es demasiado grande ni demasiado peque\u00f1a. <strong>Con un enfoque profesional, resolutivo y una pasi\u00f3n por la excelencia, estamos aqu\u00ed para hacer que tu estancia en Mykonos sea extraordinaria.<\/strong><\/p>\n<p>[\/vc_column_text][vc_empty_space height2=&#8221;0px&#8221;][\/vc_column][vc_column width=&#8221;1\/3&#8243;][\/vc_column][\/vc_row][vc_row full_width=&#8221;stretch_row_content&#8221; gap=&#8221;&#8221; equal_height=&#8221;yes&#8221;][vc_column parallax_image=&#8221;3037&#8243; width=&#8221;1\/3&#8243; css=&#8221;.vc_custom_1759476944778{margin-top: 15px !important;margin-bottom: 15px !important;padding-top: 40px !important;padding-right: 40px !important;padding-bottom: 40px !important;padding-left: 40px !important;background-position: center !important;background-repeat: no-repeat !important;background-size: cover !important;}&#8221;][vc_empty_space height=&#8221;192px&#8221;]<div class=\"btn-wrapper text-center id_169d4bec72b9b0296549335   icon-left \" ><a href=\"https:\/\/mmvilla.com\/es\/manu-mykonos-villa-servicios-de-chef-privado-y-catering\/\" target='_blank' class=\"btn btn-md btn-accent btn-solid\" data-btn-text=\"Descubre m\u00e1s: Servicios de Chef y Catering\">Descubre m\u00e1s: Servicios de Chef y Catering<\/a><\/div>[\/vc_column][vc_column parallax_image=&#8221;2864&#8243; width=&#8221;1\/3&#8243; css=&#8221;.vc_custom_1759476973456{margin-top: 15px !important;margin-bottom: 15px !important;padding-top: 40px !important;padding-right: 40px !important;padding-bottom: 40px !important;padding-left: 40px !important;}&#8221;][vc_empty_space height=&#8221;192px&#8221;]<div class=\"btn-wrapper text-center id_169d4bec72ba441944421138   icon-left \" ><a href=\"https:\/\/mmvilla.com\/es\/manu-mykonos-villa-bodas-y-lunas-de-miel\/\" target='_blank' class=\"btn btn-md btn-accent btn-solid\" data-btn-text=\"Descubre m\u00e1s: Bodas y Eventos Especiales\">Descubre m\u00e1s: Bodas y Eventos Especiales<\/a><\/div>[\/vc_column][vc_column parallax_image=&#8221;3102&#8243; width=&#8221;1\/3&#8243; css=&#8221;.vc_custom_1759477005076{margin-top: 15px !important;margin-bottom: 15px !important;padding-top: 40px !important;padding-right: 40px !important;padding-bottom: 40px !important;padding-left: 40px !important;}&#8221;][vc_empty_space height=&#8221;192px&#8221;]<div class=\"btn-wrapper text-center id_169d4bec72ba821567748795   icon-left \" ><a href=\"https:\/\/mmvilla.com\/es\/manu-mykonos-villa-yates-y-jets-choferes-y-coches\/\" target='_blank' class=\"btn btn-md btn-accent btn-solid\" data-btn-text=\"Descubre m\u00e1s: Alquiler de Autos y Yates\">Descubre m\u00e1s: Alquiler de Autos y Yates<\/a><\/div>[\/vc_column][\/vc_row][vc_row full_width=&#8221;stretch_row_content&#8221; gap=&#8221;&#8221; equal_height=&#8221;yes&#8221;][vc_column width=&#8221;2\/3&#8243;][vc_empty_space height=&#8221;64px&#8221; height2=&#8221;32px&#8221;]<div class=\"heading-with-separator text-left id_169d4bec72bac51081915215  vc_custom_1759477109587  \"><div class=\"header-content\">\n\t\t\t<p class=\"h-subheading\"><\/p>\n\t\t\t<h3 class=\"heading  heading-decorator-1\" style=\"; letter-spacing: 0px; \">Servicios excepcionales \u2013 posibilidades infinitas<\/h3><\/div><\/div><div class=\"custom-styles\" data-styles=\".id_169d4bec72bac51081915215 .heading-decorator-1:before, .id_169d4bec72bac51081915215 .heading-decorator-1:after { border-color: #000000}\"><\/div>[vc_column_text css=&#8221;.vc_custom_1759477958033{padding-left: 10px !important;}&#8221;]<\/p>\n<p data-start=\"0\" data-end=\"442\"><strong data-start=\"0\" data-end=\"22\">Manu Mykonos Villa<\/strong> est\u00e1 dise\u00f1ada para satisfacer cada necesidad del viajero m\u00e1s exigente, ofreciendo una amplia gama de <strong data-start=\"124\" data-end=\"146\" data-is-only-node=\"\">servicios boutique<\/strong> que hacen que la estancia sea tan sencilla como indulgente. Disfruta de un <strong data-start=\"222\" data-end=\"272\">servicio de concierge personalizado en Mykonos<\/strong>, cenas gourmet preparadas por un <strong data-start=\"306\" data-end=\"322\">chef privado<\/strong>, tratamientos de <strong data-start=\"340\" data-end=\"362\">spa revitalizantes<\/strong> y mucho m\u00e1s, todo cuidadosamente adaptado a las preferencias de cada hu\u00e9sped.<\/p>\n<p data-start=\"444\" data-end=\"652\" data-is-last-node=\"\" data-is-only-node=\"\">El equipo de <strong data-start=\"457\" data-end=\"479\">Manu Mykonos Villa<\/strong> se encarga de cada detalle \u2014desde reservas y traslados hasta solicitudes especiales\u2014 para que cada visitante solo tenga que <strong data-start=\"604\" data-end=\"651\">relajarse y disfrutar de la isla con estilo<\/strong>.<\/p>\n<h4 data-start=\"774\" data-end=\"1129\"><strong data-start=\"774\" data-end=\"803\">Concierge &amp; Servicios VIP<\/strong><\/h4>\n<p data-start=\"774\" data-end=\"1129\">Nuestro servicio de concierge disponible las 24 horas se ocupa de todo. Desde excursiones privadas en yate, reservas VIP en restaurantes exclusivos o tours guiados por la isla, organizamos experiencias locales \u00fanicas solo para ti. Espera una estancia boutique con servicio de guante blanco y atenci\u00f3n VIP en cada momento.<\/p>\n<h4 data-start=\"1131\" data-end=\"1565\"><strong data-start=\"1131\" data-end=\"1158\">Chef Privado &amp; Catering<\/strong><\/h4>\n<p data-start=\"1131\" data-end=\"1565\">Del\u00e9itate con men\u00fas gourmet preparados por tu propio chef privado en Mykonos. Profesionales de la alta cocina pueden elaborar desayunos, almuerzos o cenas de varios tiempos en tu villa, creando men\u00fas personalizados \u2014desde especialidades griegas hasta cocina internacional\u2014 seg\u00fan tus gustos. Tambi\u00e9n organizamos catering completo o cenas privadas en la villa para eventos especiales o reuniones \u00edntimas.<\/p>\n<h4 data-start=\"1567\" data-end=\"1988\"><strong data-start=\"1567\" data-end=\"1586\">Spa &amp; Bienestar<\/strong><\/h4>\n<p data-start=\"1567\" data-end=\"1988\">Rel\u00e1jate con lujosos tratamientos de spa en la privacidad de tu villa. Ofrecemos masajes de tejido profundo, faciales, exfoliaciones corporales y paquetes de spa de d\u00eda completo realizados por terapeutas experimentados. Disfruta de aromaterapia, sauna o sesiones de hammam, adem\u00e1s de otras terapias de bienestar, todo en la comodidad de tu villa: un aut\u00e9ntico retiro de spa en Mykonos a tu puerta.<\/p>\n<h4 data-start=\"1990\" data-end=\"2434\"><strong data-start=\"1990\" data-end=\"2016\">Transporte y Traslados<\/strong><\/h4>\n<p data-start=\"1990\" data-end=\"2434\">Descubre la isla sin preocupaciones con nuestro servicio de alquiler de autos y chofer privado en Mykonos. Ofrecemos renta de autos de lujo y traslados en limusina, con veh\u00edculos listos para recibirte en el aeropuerto o en tu villa. Ya sea que prefieras conducir t\u00fa mismo o relajarte en un traslado con chofer, organizamos todo: recogidas y entregas en el aeropuerto, as\u00ed como recorridos al atardecer por la isla.<\/p>\n<h4 data-start=\"2436\" data-end=\"2955\"><strong data-start=\"2436\" data-end=\"2472\">Servicios &amp; Comodidades en Villa<\/strong><\/h4>\n<p data-start=\"2436\" data-end=\"2955\">Disfruta de personal disponible 24\/7 y servicio completo de limpieza. Incluye limpieza diaria, lavander\u00eda y tintorer\u00eda, planchado y servicio de valet, para mantener tu villa impecable. Tambi\u00e9n ofrecemos entrega de correo o mensajer\u00eda, m\u00e9dico a domicilio y seguridad personal si lo requieres. Organizamos adem\u00e1s detalles especiales como arreglos florales frescos, reservas para eventos o boletos, y cualquier petici\u00f3n adicional, para que solo te concentres en relajarte con lujo.<\/p>\n<h5 data-start=\"2957\" data-end=\"3172\">Cada servicio en <strong data-start=\"17\" data-end=\"39\">Manu Mykonos Villa<\/strong> est\u00e1 acompa\u00f1ado por una <strong data-start=\"64\" data-end=\"90\">atenci\u00f3n personalizada<\/strong> y <strong data-start=\"93\" data-end=\"116\">detalles exclusivos<\/strong> que distinguen a esta residencia de lujo, asegurando una <strong data-start=\"174\" data-end=\"227\">experiencia vacacional verdaderamente inolvidable<\/strong> y de m\u00e1ximo confort<\/h5>\n<p>[\/vc_column_text][vc_empty_space height2=&#8221;0px&#8221;][\/vc_column][vc_column width=&#8221;1\/3&#8243;][\/vc_column][\/vc_row]<\/p>","protected":false},"excerpt":{"rendered":"<p>[vc_row full_width=&#8221;stretch_row_content&#8221; gap=&#8221;&#8221; parallax_image=&#8221;13620&#8243; overlay_color=&#8221;rgba(0,0,0,0.5)&#8221; text_color=&#8221;#ffffff&#8221; css=&#8221;.vc_custom_1759477612001{padding-top: 180px !important;padding-bottom: 180px !important;}&#8221;][vc_column][\/vc_column][\/vc_row][vc_row full_width=&#8221;stretch_row_content&#8221; gap=&#8221;&#8221; equal_height=&#8221;yes&#8221; content_placement=&#8221;middle&#8221; overlay_color=&#8221;rgba(255,255,255,0.71)&#8221; css=&#8221;.vc_custom_1759476740456{background-position: center !important;background-repeat: no-repeat !important;background-size: cover !important;}&#8221;][vc_column width=&#8221;2\/3&#8243;][vc_empty_space height=&#8221;64px&#8221; height2=&#8221;32px&#8221;][vc_column_text css=&#8221;.vc_custom_1759476832385{padding-left: 10px !important;}&#8221;] Nuestra m\u00e1xima prioridad es garantizar que cada estancia en Manu Mykonos Villa sea no solo c\u00f3moda y relajante, sino verdaderamente inolvidable. Ya sea atendiendo tus necesidades[&#8230;] <a href=\"https:\/\/mmvilla.com\/es\/manu-mykonos-villa-privilegios-de-lujo\/\" class=\"more-link\">Continue reading<\/a><\/p>\n","protected":false},"author":2,"featured_media":0,"parent":0,"menu_order":0,"comment_status":"closed","ping_status":"closed","template":"","meta":{"footnotes":""},"class_list":["post-10905","page","type-page","status-publish","hentry"],"yoast_head":"<!-- This site is optimized with the Yoast SEO Premium plugin v23.5 (Yoast SEO v25.7) - https:\/\/yoast.com\/wordpress\/plugins\/seo\/ -->\n<title>Privilegios de Lujo en Manu Mykonos Villa | Servicios 5 Estrellas<\/title>\n<meta name=\"description\" content=\"Descubre los privilegios de lujo en Manu Mykonos Villa: servicios estilo hotel de 5 estrellas y hospitalidad a medida para tu estancia.\" \/>\n<meta name=\"robots\" content=\"index, follow, max-snippet:-1, max-image-preview:large, max-video-preview:-1\" \/>\n<link rel=\"canonical\" href=\"https:\/\/mmvilla.com\/es\/manu-mykonos-villa-privilegios-de-lujo\/\" \/>\n<meta property=\"og:locale\" content=\"es_ES\" \/>\n<meta property=\"og:type\" content=\"article\" \/>\n<meta property=\"og:title\" content=\"MANU MYKONOS VILLA Services\" \/>\n<meta property=\"og:description\" content=\"Descubre los privilegios de lujo en Manu Mykonos Villa: servicios estilo hotel de 5 estrellas y hospitalidad a medida para tu estancia.\" \/>\n<meta property=\"og:url\" content=\"https:\/\/mmvilla.com\/es\/manu-mykonos-villa-privilegios-de-lujo\/\" \/>\n<meta property=\"og:site_name\" content=\"Majestic Manu Mykonos \u2013 Private Villa, Premium Suites &amp; More\" \/>\n<meta property=\"article:publisher\" content=\"https:\/\/www.facebook.com\/p\/Quality-Brand-Villas-100039678235957\/\" \/>\n<meta property=\"article:modified_time\" content=\"2025-10-03T07:52:51+00:00\" \/>\n<meta name=\"twitter:card\" content=\"summary_large_image\" \/>\n<meta name=\"twitter:label1\" content=\"Tiempo de lectura\" \/>\n\t<meta name=\"twitter:data1\" content=\"4 minutos\" \/>\n<script type=\"application\/ld+json\" class=\"yoast-schema-graph\">{\"@context\":\"https:\/\/schema.org\",\"@graph\":[{\"@type\":\"WebPage\",\"@id\":\"https:\/\/mmvilla.com\/es\/manu-mykonos-villa-privilegios-de-lujo\/\",\"url\":\"https:\/\/mmvilla.com\/es\/manu-mykonos-villa-privilegios-de-lujo\/\",\"name\":\"Privilegios de Lujo en Manu Mykonos Villa | Servicios 5 Estrellas\",\"isPartOf\":{\"@id\":\"https:\/\/mmvilla.com\/#website\"},\"datePublished\":\"2025-09-02T18:46:25+00:00\",\"dateModified\":\"2025-10-03T07:52:51+00:00\",\"description\":\"Descubre los privilegios de lujo en Manu Mykonos Villa: servicios estilo hotel de 5 estrellas y hospitalidad a medida para tu estancia.\",\"breadcrumb\":{\"@id\":\"https:\/\/mmvilla.com\/es\/manu-mykonos-villa-privilegios-de-lujo\/#breadcrumb\"},\"inLanguage\":\"es\",\"potentialAction\":[{\"@type\":\"ReadAction\",\"target\":[\"https:\/\/mmvilla.com\/es\/manu-mykonos-villa-privilegios-de-lujo\/\"]}]},{\"@type\":\"BreadcrumbList\",\"@id\":\"https:\/\/mmvilla.com\/es\/manu-mykonos-villa-privilegios-de-lujo\/#breadcrumb\",\"itemListElement\":[{\"@type\":\"ListItem\",\"position\":1,\"name\":\"Home\",\"item\":\"https:\/\/mmvilla.com\/es\/\"},{\"@type\":\"ListItem\",\"position\":2,\"name\":\"MANU MYKONOS VILLA Services\"}]},{\"@type\":\"WebSite\",\"@id\":\"https:\/\/mmvilla.com\/#website\",\"url\":\"https:\/\/mmvilla.com\/\",\"name\":\"Manu Mykonos Villa\",\"description\":\"Mykonos Luxury Living, Perfected by Majestic Manu\",\"publisher\":{\"@id\":\"https:\/\/mmvilla.com\/#organization\"},\"alternateName\":\"MMVILLA\",\"potentialAction\":[{\"@type\":\"SearchAction\",\"target\":{\"@type\":\"EntryPoint\",\"urlTemplate\":\"https:\/\/mmvilla.com\/?s={search_term_string}\"},\"query-input\":{\"@type\":\"PropertyValueSpecification\",\"valueRequired\":true,\"valueName\":\"search_term_string\"}}],\"inLanguage\":\"es\"},{\"@type\":\"Organization\",\"@id\":\"https:\/\/mmvilla.com\/#organization\",\"name\":\"QB Villas\",\"url\":\"https:\/\/mmvilla.com\/\",\"logo\":{\"@type\":\"ImageObject\",\"inLanguage\":\"es\",\"@id\":\"https:\/\/mmvilla.com\/#\/schema\/logo\/image\/\",\"url\":\"https:\/\/mmvilla.com\/wp-content\/uploads\/2018\/12\/QUALITY-BRAND-LOGO-KEM-QBVILLAS.png\",\"contentUrl\":\"https:\/\/mmvilla.com\/wp-content\/uploads\/2018\/12\/QUALITY-BRAND-LOGO-KEM-QBVILLAS.png\",\"width\":487,\"height\":500,\"caption\":\"QB Villas\"},\"image\":{\"@id\":\"https:\/\/mmvilla.com\/#\/schema\/logo\/image\/\"},\"sameAs\":[\"https:\/\/www.facebook.com\/p\/Quality-Brand-Villas-100039678235957\/\",\"https:\/\/www.instagram.com\/qualitybrandvillas\/\",\"https:\/\/www.linkedin.com\/company\/quality-brand-villas\"]}]}<\/script>\n<!-- \/ Yoast SEO Premium plugin. -->","yoast_head_json":{"title":"Privilegios de Lujo en Manu Mykonos Villa | Servicios 5 Estrellas","description":"Descubre los privilegios de lujo en Manu Mykonos Villa: servicios estilo hotel de 5 estrellas y hospitalidad a medida para tu estancia.","robots":{"index":"index","follow":"follow","max-snippet":"max-snippet:-1","max-image-preview":"max-image-preview:large","max-video-preview":"max-video-preview:-1"},"canonical":"https:\/\/mmvilla.com\/es\/manu-mykonos-villa-privilegios-de-lujo\/","og_locale":"es_ES","og_type":"article","og_title":"MANU MYKONOS VILLA Services","og_description":"Descubre los privilegios de lujo en Manu Mykonos Villa: servicios estilo hotel de 5 estrellas y hospitalidad a medida para tu estancia.","og_url":"https:\/\/mmvilla.com\/es\/manu-mykonos-villa-privilegios-de-lujo\/","og_site_name":"Majestic Manu Mykonos \u2013 Private Villa, Premium Suites &amp; More","article_publisher":"https:\/\/www.facebook.com\/p\/Quality-Brand-Villas-100039678235957\/","article_modified_time":"2025-10-03T07:52:51+00:00","twitter_card":"summary_large_image","twitter_misc":{"Tiempo de lectura":"4 minutos"},"schema":{"@context":"https:\/\/schema.org","@graph":[{"@type":"WebPage","@id":"https:\/\/mmvilla.com\/es\/manu-mykonos-villa-privilegios-de-lujo\/","url":"https:\/\/mmvilla.com\/es\/manu-mykonos-villa-privilegios-de-lujo\/","name":"Privilegios de Lujo en Manu Mykonos Villa | Servicios 5 Estrellas","isPartOf":{"@id":"https:\/\/mmvilla.com\/#website"},"datePublished":"2025-09-02T18:46:25+00:00","dateModified":"2025-10-03T07:52:51+00:00","description":"Descubre los privilegios de lujo en Manu Mykonos Villa: servicios estilo hotel de 5 estrellas y hospitalidad a medida para tu estancia.","breadcrumb":{"@id":"https:\/\/mmvilla.com\/es\/manu-mykonos-villa-privilegios-de-lujo\/#breadcrumb"},"inLanguage":"es","potentialAction":[{"@type":"ReadAction","target":["https:\/\/mmvilla.com\/es\/manu-mykonos-villa-privilegios-de-lujo\/"]}]},{"@type":"BreadcrumbList","@id":"https:\/\/mmvilla.com\/es\/manu-mykonos-villa-privilegios-de-lujo\/#breadcrumb","itemListElement":[{"@type":"ListItem","position":1,"name":"Home","item":"https:\/\/mmvilla.com\/es\/"},{"@type":"ListItem","position":2,"name":"MANU MYKONOS VILLA Services"}]},{"@type":"WebSite","@id":"https:\/\/mmvilla.com\/#website","url":"https:\/\/mmvilla.com\/","name":"Manu Mykonos Villa","description":"Mykonos Luxury Living, Perfected by Majestic Manu","publisher":{"@id":"https:\/\/mmvilla.com\/#organization"},"alternateName":"MMVILLA","potentialAction":[{"@type":"SearchAction","target":{"@type":"EntryPoint","urlTemplate":"https:\/\/mmvilla.com\/?s={search_term_string}"},"query-input":{"@type":"PropertyValueSpecification","valueRequired":true,"valueName":"search_term_string"}}],"inLanguage":"es"},{"@type":"Organization","@id":"https:\/\/mmvilla.com\/#organization","name":"QB Villas","url":"https:\/\/mmvilla.com\/","logo":{"@type":"ImageObject","inLanguage":"es","@id":"https:\/\/mmvilla.com\/#\/schema\/logo\/image\/","url":"https:\/\/mmvilla.com\/wp-content\/uploads\/2018\/12\/QUALITY-BRAND-LOGO-KEM-QBVILLAS.png","contentUrl":"https:\/\/mmvilla.com\/wp-content\/uploads\/2018\/12\/QUALITY-BRAND-LOGO-KEM-QBVILLAS.png","width":487,"height":500,"caption":"QB Villas"},"image":{"@id":"https:\/\/mmvilla.com\/#\/schema\/logo\/image\/"},"sameAs":["https:\/\/www.facebook.com\/p\/Quality-Brand-Villas-100039678235957\/","https:\/\/www.instagram.com\/qualitybrandvillas\/","https:\/\/www.linkedin.com\/company\/quality-brand-villas"]}]}},"_links":{"self":[{"href":"https:\/\/mmvilla.com\/es\/wp-json\/wp\/v2\/pages\/10905","targetHints":{"allow":["GET"]}}],"collection":[{"href":"https:\/\/mmvilla.com\/es\/wp-json\/wp\/v2\/pages"}],"about":[{"href":"https:\/\/mmvilla.com\/es\/wp-json\/wp\/v2\/types\/page"}],"author":[{"embeddable":true,"href":"https:\/\/mmvilla.com\/es\/wp-json\/wp\/v2\/users\/2"}],"replies":[{"embeddable":true,"href":"https:\/\/mmvilla.com\/es\/wp-json\/wp\/v2\/comments?post=10905"}],"version-history":[{"count":13,"href":"https:\/\/mmvilla.com\/es\/wp-json\/wp\/v2\/pages\/10905\/revisions"}],"predecessor-version":[{"id":13617,"href":"https:\/\/mmvilla.com\/es\/wp-json\/wp\/v2\/pages\/10905\/revisions\/13617"}],"wp:attachment":[{"href":"https:\/\/mmvilla.com\/es\/wp-json\/wp\/v2\/media?parent=10905"}],"curies":[{"name":"wp","href":"https:\/\/api.w.org\/{rel}","templated":true}]}}