{"id":11366,"date":"2024-10-21T21:00:29","date_gmt":"2024-10-21T18:00:29","guid":{"rendered":"https:\/\/mmvilla.com\/manu-mykonos-villa-chef-service\/"},"modified":"2025-10-03T20:29:25","modified_gmt":"2025-10-03T17:29:25","slug":"manu-mykonos-villa-servicios-de-chef-privado-y-catering","status":"publish","type":"page","link":"https:\/\/mmvilla.com\/es\/manu-mykonos-villa-servicios-de-chef-privado-y-catering\/","title":{"rendered":"MANU MYKONOS VILLA chef service"},"content":{"rendered":"<p>[vc_row full_width=&#8221;stretch_row&#8221; gap=&#8221;&#8221; content_placement=&#8221;top&#8221; parallax=&#8221;content-moving&#8221; parallax_image=&#8221;3027&#8243; overlay_color=&#8221;rgba(0,0,0,0.6)&#8221; text_color=&#8221;#ffffff&#8221; css=&#8221;.vc_custom_1729536645979{padding-top: 240px !important;padding-bottom: 240px !important;}&#8221;][vc_column width=&#8221;1\/4&#8243;][\/vc_column][vc_column width=&#8221;3\/4&#8243;]<div class=\"heading-with-separator text-center id_169d4da11e78a11068466927   \"><div class=\"header-content\">\n\t\t\t<p class=\"h-subheading\">\u00daNETE A LA \u00daLTIMA TENDENCIA EN VACACIONES<\/p>\n\t\t\t<h2 class=\"heading  heading-decorator-4\" style=\"; letter-spacing: 0px; \">Servicios de Chef Privado y Catering<\/h2><\/div><\/div><div class=\"custom-styles\" data-styles=\".id_169d4da11e78a11068466927 .heading-decorator-1:before, .id_169d4da11e78a11068466927 .heading-decorator-1:after { border-color: }\"><\/div>[\/vc_column][\/vc_row][vc_row full_width=&#8221;stretch_row_content&#8221; gap=&#8221;&#8221; parallax_image=&#8221;8266&#8243; css=&#8221;.vc_custom_1729536757775{padding-top: 80px !important;padding-bottom: 80px !important;}&#8221;][vc_column width=&#8221;1\/12&#8243;][\/vc_column][vc_column width=&#8221;1\/3&#8243;][vc_column_text]<\/p>\n<h5>EN COLABORACI\u00d3N CON QUALITY BRAND VILLAS<\/h5>\n<p>[\/vc_column_text][vc_single_image image=&#8221;8966&#8243; img_size=&#8221;150 x 150&#8243; onclick=&#8221;custom_link&#8221; img_link_target=&#8221;_blank&#8221; link=&#8221;http:\/\/qbvillas.com&#8221;][\/vc_column][vc_column width=&#8221;1\/12&#8243;][\/vc_column][vc_column width=&#8221;1\/2&#8243;][vc_column_text]<\/p>\n<h5>CHEF PERSONAL Y PERSONAL DE SERVICIO INTERNO EN COLABORACI\u00d3N CON QUALITY BRAND VILLAS<\/h5>\n<p>[\/vc_column_text][vc_column_text]<strong>\u00daNETE A LA \u00daLTIMA TENDENCIA EN VACACIONES<\/strong><\/p>\n<p>Servicio de c\u00f3cteles y bebidas, cocina local e internacional, almuerzo junto a la piscina, pasteles especializados, paquetes de comidas que incluyen desayuno, almuerzo y cena, adem\u00e1s de clases y demostraciones de cocina en la villa.[\/vc_column_text][\/vc_column][\/vc_row][vc_row full_width=&#8221;stretch_row_content_no_spaces&#8221; gap=&#8221;&#8221; equal_height=&#8221;yes&#8221; content_placement=&#8221;middle&#8221; parallax_image=&#8221;8296&#8243; css=&#8221;.vc_custom_1729529859940{padding-top: 0px !important;padding-bottom: 0px !important;}&#8221;][vc_column parallax_image=&#8221;8266&#8243; width=&#8221;1\/3&#8243; css=&#8221;.vc_custom_1729533743331{background-color: #f5f5f5 !important;}&#8221; el_class=&#8221;z-index-up&#8221;][vc_empty_space height=&#8221;120px&#8221; height2=&#8221;0&#8243; css=&#8221;.vc_custom_1545314682944{padding-right: 40px !important;padding-left: 40px !important;}&#8221;]<div class=\"heading-with-separator text-center id_169d4da11e79101884308960  vc_custom_1759512293248  offset-right-lg\"><div class=\"header-content\">\n\t\t\t<p class=\"h-subheading\"><\/p>\n\t\t\t<h4 class=\"heading  heading-decorator-1\" style=\"; letter-spacing: 0px; \">SOLO CONFORT, SIN LIMPIEZA DESPU\u00c9S<i><\/h4><\/div><\/div><div class=\"custom-styles\" data-styles=\".id_169d4da11e79101884308960 .heading-decorator-1:before, .id_169d4da11e79101884308960 .heading-decorator-1:after { border-color: #000000}\"><\/div>[vc_single_image image=&#8221;13707&#8243; img_size=&#8221;705 x 321&#8243; alignment=&#8221;center&#8221; el_class=&#8221;vc_hidden-md vc_hidden-lg&#8221;][vc_column_text css=&#8221;.vc_custom_1759512539712{padding-right: 40px !important;padding-bottom: 60px !important;padding-left: 40px !important;background-color: #ffffff !important;}&#8221; el_class=&#8221;offset-right-lg&#8221;]<\/i><\/p>\n<h6>UNA EXPERIENCIA DIVINA CON SU CHEF PERSONAL<\/h6>\n<p>El chef dise\u00f1ar\u00e1 el men\u00fa junto a usted, brind\u00e1ndole inspiraci\u00f3n y asesoramiento.<br data-start=\"80\" data-end=\"83\" \/>Ya sea que desee una barbacoa familiar, un brunch con champ\u00e1n o una fiesta de sushi, nuestro equipo se asegurar\u00e1 de que todo sea <strong data-start=\"212\" data-end=\"232\">m\u00e1s que perfecto<\/strong>.[\/vc_column_text][vc_empty_space height=&#8221;120px&#8221; height2=&#8221;0&#8243;][\/vc_column][vc_column parallax=&#8221;content-moving&#8221; parallax_image=&#8221;3070&#8243; width=&#8221;2\/3&#8243; css=&#8221;.vc_custom_1729533048510{background-position: center !important;background-repeat: no-repeat !important;background-size: cover !important;}&#8221; el_class=&#8221;vc_hidden-xs vc_hidden-sm&#8221;][\/vc_column][\/vc_row][vc_row full_width=&#8221;stretch_row_content_no_spaces&#8221; gap=&#8221;&#8221; equal_height=&#8221;yes&#8221; content_placement=&#8221;middle&#8221;][vc_column parallax=&#8221;content-moving&#8221; parallax_image=&#8221;3027&#8243; width=&#8221;2\/3&#8243; css=&#8221;.vc_custom_1729533547222{background-position: center !important;background-repeat: no-repeat !important;background-size: cover !important;}&#8221; el_class=&#8221;vc_hidden-xs vc_hidden-sm&#8221;][\/vc_column][vc_column parallax_image=&#8221;8266&#8243; width=&#8221;1\/3&#8243; css=&#8221;.vc_custom_1729533764586{background-color: #f5f5f5 !important;}&#8221;][vc_empty_space height=&#8221;120px&#8221; height2=&#8221;0&#8243; css=&#8221;.vc_custom_1545314682944{padding-right: 40px !important;padding-left: 40px !important;}&#8221;]<div class=\"heading-with-separator text-center id_169d4da11e7936276783484  vc_custom_1759512365688  offset-left-lg\"><div class=\"header-content\">\n\t\t\t<p class=\"h-subheading\"><\/p>\n\t\t\t<h4 class=\"heading  heading-decorator-1\" style=\"; letter-spacing: 0px; \">CELEBRACIONES Y EVENTOS PRIVADOS<\/h4><\/div><\/div><div class=\"custom-styles\" data-styles=\".id_169d4da11e7936276783484 .heading-decorator-1:before, .id_169d4da11e7936276783484 .heading-decorator-1:after { border-color: #000000}\"><\/div>[vc_single_image image=&#8221;13692&#8243; img_size=&#8221;705 x 321&#8243; alignment=&#8221;center&#8221; el_class=&#8221;vc_hidden-md vc_hidden-lg&#8221;][vc_column_text css=&#8221;.vc_custom_1759512403233{padding-right: 40px !important;padding-bottom: 60px !important;padding-left: 40px !important;background-color: #ffffff !important;}&#8221; el_class=&#8221;offset-left-lg&#8221;]<\/p>\n<h6>VIVE LA EXPERIENCIA DE SERVICIOS DE CHEF PERSONALIZADOS<\/h6>\n<p>Pasteles personalizados \u2013 Decoraci\u00f3n de la villa \u2013 Montaje de mesas \u2013 Champ\u00e1n fr\u00edo y listo.<br data-start=\"91\" data-end=\"94\" \/>El chef dise\u00f1ar\u00e1 el men\u00fa junto a usted, brindando inspiraci\u00f3n y asesoramiento.<br data-start=\"172\" data-end=\"175\" \/>Trabajaremos con usted para gestionar cada aspecto de sus vacaciones, garantizando que sean placenteras y sin estr\u00e9s.<br data-start=\"292\" data-end=\"295\" \/>Disfrute de la comodidad y de un servicio de chef personalizado en la intimidad de su villa.[\/vc_column_text][vc_empty_space height=&#8221;120px&#8221; height2=&#8221;0&#8243;][\/vc_column][\/vc_row][vc_row full_width=&#8221;stretch_row_content_no_spaces&#8221; gap=&#8221;&#8221; equal_height=&#8221;yes&#8221; content_placement=&#8221;middle&#8221;][vc_column parallax_image=&#8221;8266&#8243; width=&#8221;1\/3&#8243; css=&#8221;.vc_custom_1729533784537{background-color: #f5f5f5 !important;}&#8221; el_class=&#8221;z-index-up&#8221;][vc_empty_space height=&#8221;120px&#8221; height2=&#8221;0&#8243; css=&#8221;.vc_custom_1545314682944{padding-right: 40px !important;padding-left: 40px !important;}&#8221;]<div class=\"heading-with-separator text-center id_169d4da11e79542014837549  vc_custom_1759512429700  offset-right-lg\"><div class=\"header-content\">\n\t\t\t<p class=\"h-subheading\"><\/p>\n\t\t\t<h4 class=\"heading  heading-decorator-1\" style=\"; letter-spacing: 0px; \">VACACIONES 5 ESTRELLAS<br \/>\n&amp; SERVICIO DE CATERING PRIVADO<\/h4><\/div><\/div><div class=\"custom-styles\" data-styles=\".id_169d4da11e79542014837549 .heading-decorator-1:before, .id_169d4da11e79542014837549 .heading-decorator-1:after { border-color: #000000}\"><\/div>[vc_single_image image=&#8221;13699&#8243; img_size=&#8221;705 x 321&#8243; alignment=&#8221;center&#8221; el_class=&#8221;vc_hidden-md vc_hidden-lg&#8221;][vc_column_text css=&#8221;.vc_custom_1759512463514{padding-right: 40px !important;padding-bottom: 60px !important;padding-left: 40px !important;background-color: #ffffff !important;}&#8221; el_class=&#8221;offset-right-lg&#8221;]<\/p>\n<h6>SENCILLO, ADAPTADO A SUS NECESIDADES<\/h6>\n<p>Trabajamos con una variedad de empresas de catering que se especializan en ofrecer comida fresca y deliciosa, junto con un servicio rentable.<br data-start=\"141\" data-end=\"144\" \/>Contamos con men\u00fas establecidos para que elija, o puede dise\u00f1ar su propio men\u00fa tan elegante, informal o extravagante como desee.[\/vc_column_text][vc_empty_space height=&#8221;120px&#8221; height2=&#8221;0&#8243;][\/vc_column][vc_column parallax=&#8221;content-moving&#8221; parallax_image=&#8221;3028&#8243; width=&#8221;2\/3&#8243; css=&#8221;.vc_custom_1729533586213{background-position: center !important;background-repeat: no-repeat !important;background-size: cover !important;}&#8221; el_class=&#8221;vc_hidden-xs vc_hidden-sm&#8221;][\/vc_column][\/vc_row]<\/p>","protected":false},"excerpt":{"rendered":"<p>[vc_row full_width=&#8221;stretch_row&#8221; gap=&#8221;&#8221; content_placement=&#8221;top&#8221; parallax=&#8221;content-moving&#8221; parallax_image=&#8221;3027&#8243; overlay_color=&#8221;rgba(0,0,0,0.6)&#8221; text_color=&#8221;#ffffff&#8221; css=&#8221;.vc_custom_1729536645979{padding-top: 240px !important;padding-bottom: 240px !important;}&#8221;][vc_column width=&#8221;1\/4&#8243;][\/vc_column][vc_column width=&#8221;3\/4&#8243;][\/vc_column][\/vc_row][vc_row full_width=&#8221;stretch_row_content&#8221; gap=&#8221;&#8221; parallax_image=&#8221;8266&#8243; css=&#8221;.vc_custom_1729536757775{padding-top: 80px !important;padding-bottom: 80px !important;}&#8221;][vc_column width=&#8221;1\/12&#8243;][\/vc_column][vc_column width=&#8221;1\/3&#8243;][vc_column_text] EN COLABORACI\u00d3N CON QUALITY BRAND VILLAS [\/vc_column_text][vc_single_image image=&#8221;8966&#8243; img_size=&#8221;150 x 150&#8243; onclick=&#8221;custom_link&#8221; img_link_target=&#8221;_blank&#8221; link=&#8221;http:\/\/qbvillas.com&#8221;][\/vc_column][vc_column width=&#8221;1\/12&#8243;][\/vc_column][vc_column width=&#8221;1\/2&#8243;][vc_column_text] CHEF PERSONAL Y PERSONAL DE SERVICIO INTERNO EN COLABORACI\u00d3N CON QUALITY BRAND VILLAS [\/vc_column_text][vc_column_text]\u00daNETE[&#8230;] <a href=\"https:\/\/mmvilla.com\/es\/manu-mykonos-villa-servicios-de-chef-privado-y-catering\/\" class=\"more-link\">Continue reading<\/a><\/p>\n","protected":false},"author":2,"featured_media":0,"parent":0,"menu_order":0,"comment_status":"closed","ping_status":"closed","template":"","meta":{"footnotes":""},"class_list":["post-11366","page","type-page","status-publish","hentry"],"yoast_head":"<!-- This site is optimized with the Yoast SEO Premium plugin v23.5 (Yoast SEO v25.7) - https:\/\/yoast.com\/wordpress\/plugins\/seo\/ -->\n<title>Servicio de Chef Privado en Manu Mykonos \u2013 Villa de Lujo<\/title>\n<meta name=\"description\" content=\"servicio de chef privado en Manu Mykonos: gastronom\u00eda local e internacional, men\u00fa personalizado, eventos privados y sin preocupaciones\" \/>\n<meta name=\"robots\" content=\"index, follow, max-snippet:-1, max-image-preview:large, max-video-preview:-1\" \/>\n<link rel=\"canonical\" href=\"https:\/\/mmvilla.com\/es\/manu-mykonos-villa-servicios-de-chef-privado-y-catering\/\" \/>\n<meta property=\"og:locale\" content=\"es_ES\" \/>\n<meta property=\"og:type\" content=\"article\" \/>\n<meta property=\"og:title\" content=\"MANU MYKONOS VILLA chef service\" \/>\n<meta property=\"og:description\" content=\"servicio de chef privado en Manu Mykonos: gastronom\u00eda local e internacional, men\u00fa personalizado, eventos privados y sin preocupaciones\" \/>\n<meta property=\"og:url\" content=\"https:\/\/mmvilla.com\/es\/manu-mykonos-villa-servicios-de-chef-privado-y-catering\/\" \/>\n<meta property=\"og:site_name\" content=\"Majestic Manu Mykonos \u2013 Private Villa, Premium Suites &amp; More\" \/>\n<meta property=\"article:publisher\" content=\"https:\/\/www.facebook.com\/p\/Quality-Brand-Villas-100039678235957\/\" \/>\n<meta property=\"article:modified_time\" content=\"2025-10-03T17:29:25+00:00\" \/>\n<meta name=\"twitter:card\" content=\"summary_large_image\" \/>\n<meta name=\"twitter:label1\" content=\"Tiempo de lectura\" \/>\n\t<meta name=\"twitter:data1\" content=\"3 minutos\" \/>\n<script type=\"application\/ld+json\" class=\"yoast-schema-graph\">{\"@context\":\"https:\/\/schema.org\",\"@graph\":[{\"@type\":\"WebPage\",\"@id\":\"https:\/\/mmvilla.com\/es\/manu-mykonos-villa-servicios-de-chef-privado-y-catering\/\",\"url\":\"https:\/\/mmvilla.com\/es\/manu-mykonos-villa-servicios-de-chef-privado-y-catering\/\",\"name\":\"Servicio de Chef Privado en Manu Mykonos \u2013 Villa de Lujo\",\"isPartOf\":{\"@id\":\"https:\/\/mmvilla.com\/#website\"},\"datePublished\":\"2024-10-21T18:00:29+00:00\",\"dateModified\":\"2025-10-03T17:29:25+00:00\",\"description\":\"servicio de chef privado en Manu Mykonos: gastronom\u00eda local e internacional, men\u00fa personalizado, eventos privados y sin preocupaciones\",\"breadcrumb\":{\"@id\":\"https:\/\/mmvilla.com\/es\/manu-mykonos-villa-servicios-de-chef-privado-y-catering\/#breadcrumb\"},\"inLanguage\":\"es\",\"potentialAction\":[{\"@type\":\"ReadAction\",\"target\":[\"https:\/\/mmvilla.com\/es\/manu-mykonos-villa-servicios-de-chef-privado-y-catering\/\"]}]},{\"@type\":\"BreadcrumbList\",\"@id\":\"https:\/\/mmvilla.com\/es\/manu-mykonos-villa-servicios-de-chef-privado-y-catering\/#breadcrumb\",\"itemListElement\":[{\"@type\":\"ListItem\",\"position\":1,\"name\":\"Home\",\"item\":\"https:\/\/mmvilla.com\/es\/\"},{\"@type\":\"ListItem\",\"position\":2,\"name\":\"MANU MYKONOS VILLA chef service\"}]},{\"@type\":\"WebSite\",\"@id\":\"https:\/\/mmvilla.com\/#website\",\"url\":\"https:\/\/mmvilla.com\/\",\"name\":\"Manu Mykonos Villa\",\"description\":\"Mykonos Luxury Living, Perfected by Majestic Manu\",\"publisher\":{\"@id\":\"https:\/\/mmvilla.com\/#organization\"},\"alternateName\":\"MMVILLA\",\"potentialAction\":[{\"@type\":\"SearchAction\",\"target\":{\"@type\":\"EntryPoint\",\"urlTemplate\":\"https:\/\/mmvilla.com\/?s={search_term_string}\"},\"query-input\":{\"@type\":\"PropertyValueSpecification\",\"valueRequired\":true,\"valueName\":\"search_term_string\"}}],\"inLanguage\":\"es\"},{\"@type\":\"Organization\",\"@id\":\"https:\/\/mmvilla.com\/#organization\",\"name\":\"QB Villas\",\"url\":\"https:\/\/mmvilla.com\/\",\"logo\":{\"@type\":\"ImageObject\",\"inLanguage\":\"es\",\"@id\":\"https:\/\/mmvilla.com\/#\/schema\/logo\/image\/\",\"url\":\"https:\/\/mmvilla.com\/wp-content\/uploads\/2018\/12\/QUALITY-BRAND-LOGO-KEM-QBVILLAS.png\",\"contentUrl\":\"https:\/\/mmvilla.com\/wp-content\/uploads\/2018\/12\/QUALITY-BRAND-LOGO-KEM-QBVILLAS.png\",\"width\":487,\"height\":500,\"caption\":\"QB Villas\"},\"image\":{\"@id\":\"https:\/\/mmvilla.com\/#\/schema\/logo\/image\/\"},\"sameAs\":[\"https:\/\/www.facebook.com\/p\/Quality-Brand-Villas-100039678235957\/\",\"https:\/\/www.instagram.com\/qualitybrandvillas\/\",\"https:\/\/www.linkedin.com\/company\/quality-brand-villas\"]}]}<\/script>\n<!-- \/ Yoast SEO Premium plugin. -->","yoast_head_json":{"title":"Servicio de Chef Privado en Manu Mykonos \u2013 Villa de Lujo","description":"servicio de chef privado en Manu Mykonos: gastronom\u00eda local e internacional, men\u00fa personalizado, eventos privados y sin preocupaciones","robots":{"index":"index","follow":"follow","max-snippet":"max-snippet:-1","max-image-preview":"max-image-preview:large","max-video-preview":"max-video-preview:-1"},"canonical":"https:\/\/mmvilla.com\/es\/manu-mykonos-villa-servicios-de-chef-privado-y-catering\/","og_locale":"es_ES","og_type":"article","og_title":"MANU MYKONOS VILLA chef service","og_description":"servicio de chef privado en Manu Mykonos: gastronom\u00eda local e internacional, men\u00fa personalizado, eventos privados y sin preocupaciones","og_url":"https:\/\/mmvilla.com\/es\/manu-mykonos-villa-servicios-de-chef-privado-y-catering\/","og_site_name":"Majestic Manu Mykonos \u2013 Private Villa, Premium Suites &amp; More","article_publisher":"https:\/\/www.facebook.com\/p\/Quality-Brand-Villas-100039678235957\/","article_modified_time":"2025-10-03T17:29:25+00:00","twitter_card":"summary_large_image","twitter_misc":{"Tiempo de lectura":"3 minutos"},"schema":{"@context":"https:\/\/schema.org","@graph":[{"@type":"WebPage","@id":"https:\/\/mmvilla.com\/es\/manu-mykonos-villa-servicios-de-chef-privado-y-catering\/","url":"https:\/\/mmvilla.com\/es\/manu-mykonos-villa-servicios-de-chef-privado-y-catering\/","name":"Servicio de Chef Privado en Manu Mykonos \u2013 Villa de Lujo","isPartOf":{"@id":"https:\/\/mmvilla.com\/#website"},"datePublished":"2024-10-21T18:00:29+00:00","dateModified":"2025-10-03T17:29:25+00:00","description":"servicio de chef privado en Manu Mykonos: gastronom\u00eda local e internacional, men\u00fa personalizado, eventos privados y sin preocupaciones","breadcrumb":{"@id":"https:\/\/mmvilla.com\/es\/manu-mykonos-villa-servicios-de-chef-privado-y-catering\/#breadcrumb"},"inLanguage":"es","potentialAction":[{"@type":"ReadAction","target":["https:\/\/mmvilla.com\/es\/manu-mykonos-villa-servicios-de-chef-privado-y-catering\/"]}]},{"@type":"BreadcrumbList","@id":"https:\/\/mmvilla.com\/es\/manu-mykonos-villa-servicios-de-chef-privado-y-catering\/#breadcrumb","itemListElement":[{"@type":"ListItem","position":1,"name":"Home","item":"https:\/\/mmvilla.com\/es\/"},{"@type":"ListItem","position":2,"name":"MANU MYKONOS VILLA chef service"}]},{"@type":"WebSite","@id":"https:\/\/mmvilla.com\/#website","url":"https:\/\/mmvilla.com\/","name":"Manu Mykonos Villa","description":"Mykonos Luxury Living, Perfected by Majestic Manu","publisher":{"@id":"https:\/\/mmvilla.com\/#organization"},"alternateName":"MMVILLA","potentialAction":[{"@type":"SearchAction","target":{"@type":"EntryPoint","urlTemplate":"https:\/\/mmvilla.com\/?s={search_term_string}"},"query-input":{"@type":"PropertyValueSpecification","valueRequired":true,"valueName":"search_term_string"}}],"inLanguage":"es"},{"@type":"Organization","@id":"https:\/\/mmvilla.com\/#organization","name":"QB Villas","url":"https:\/\/mmvilla.com\/","logo":{"@type":"ImageObject","inLanguage":"es","@id":"https:\/\/mmvilla.com\/#\/schema\/logo\/image\/","url":"https:\/\/mmvilla.com\/wp-content\/uploads\/2018\/12\/QUALITY-BRAND-LOGO-KEM-QBVILLAS.png","contentUrl":"https:\/\/mmvilla.com\/wp-content\/uploads\/2018\/12\/QUALITY-BRAND-LOGO-KEM-QBVILLAS.png","width":487,"height":500,"caption":"QB Villas"},"image":{"@id":"https:\/\/mmvilla.com\/#\/schema\/logo\/image\/"},"sameAs":["https:\/\/www.facebook.com\/p\/Quality-Brand-Villas-100039678235957\/","https:\/\/www.instagram.com\/qualitybrandvillas\/","https:\/\/www.linkedin.com\/company\/quality-brand-villas"]}]}},"_links":{"self":[{"href":"https:\/\/mmvilla.com\/es\/wp-json\/wp\/v2\/pages\/11366","targetHints":{"allow":["GET"]}}],"collection":[{"href":"https:\/\/mmvilla.com\/es\/wp-json\/wp\/v2\/pages"}],"about":[{"href":"https:\/\/mmvilla.com\/es\/wp-json\/wp\/v2\/types\/page"}],"author":[{"embeddable":true,"href":"https:\/\/mmvilla.com\/es\/wp-json\/wp\/v2\/users\/2"}],"replies":[{"embeddable":true,"href":"https:\/\/mmvilla.com\/es\/wp-json\/wp\/v2\/comments?post=11366"}],"version-history":[{"count":9,"href":"https:\/\/mmvilla.com\/es\/wp-json\/wp\/v2\/pages\/11366\/revisions"}],"predecessor-version":[{"id":13722,"href":"https:\/\/mmvilla.com\/es\/wp-json\/wp\/v2\/pages\/11366\/revisions\/13722"}],"wp:attachment":[{"href":"https:\/\/mmvilla.com\/es\/wp-json\/wp\/v2\/media?parent=11366"}],"curies":[{"name":"wp","href":"https:\/\/api.w.org\/{rel}","templated":true}]}}