{"id":11389,"date":"2018-12-20T12:29:33","date_gmt":"2018-12-20T12:29:33","guid":{"rendered":"https:\/\/mmvilla.com\/manu-mykonos-villa-yachts-jets-chauffeurs-cars\/"},"modified":"2025-10-03T22:53:14","modified_gmt":"2025-10-03T19:53:14","slug":"manu-mykonos-villa-yates-y-jets-choferes-y-coches","status":"publish","type":"page","link":"https:\/\/mmvilla.com\/es\/manu-mykonos-villa-yates-y-jets-choferes-y-coches\/","title":{"rendered":"MANU MYKONOS VILLA YACHTS &#038; JETS, CHAUFFEURS &#038; CARS"},"content":{"rendered":"<p>[vc_row full_width=&#8221;stretch_row_content&#8221; gap=&#8221;&#8221; parallax_image=&#8221;3100&#8243; overlay_color=&#8221;rgba(0,0,0,0.6)&#8221; text_color=&#8221;#ffffff&#8221; css=&#8221;.vc_custom_1729535882715{padding-top: 240px !important;padding-bottom: 240px !important;}&#8221;][vc_column width=&#8221;1\/4&#8243;][\/vc_column][vc_column width=&#8221;3\/4&#8243;]<div class=\"heading-with-separator text-center id_169d4f25f1d11c1836644280   \"><div class=\"header-content\">\n\t\t\t<p class=\"h-subheading\">Lujo sin compromisos<\/p>\n\t\t\t<h2 class=\"heading  heading-decorator-4\" style=\"; letter-spacing: 0px; \">YATES Y JETS, CH\u00d3FERES Y COCHES<\/h2><\/div><\/div><div class=\"custom-styles\" data-styles=\".id_169d4f25f1d11c1836644280 .heading-decorator-1:before, .id_169d4f25f1d11c1836644280 .heading-decorator-1:after { border-color: }\"><\/div>[\/vc_column][\/vc_row][vc_row full_width=&#8221;stretch_row_content&#8221; gap=&#8221;&#8221; parallax_image=&#8221;9016&#8243; css=&#8221;.vc_custom_1729667949779{padding-top: 80px !important;padding-bottom: 80px !important;}&#8221;][vc_column width=&#8221;1\/12&#8243;][\/vc_column][vc_column width=&#8221;1\/3&#8243;][vc_column_text]<\/p>\n<h5><strong>EN COLABORACI\u00d3N CON QUALITY BRAND VILLAS<\/strong><\/h5>\n<p>[\/vc_column_text][vc_single_image image=&#8221;8966&#8243; img_size=&#8221;150 x 150&#8243; onclick=&#8221;custom_link&#8221; img_link_target=&#8221;_blank&#8221; link=&#8221;http:\/\/qbvillas.com&#8221;][\/vc_column][vc_column width=&#8221;1\/12&#8243;][\/vc_column][vc_column width=&#8221;1\/2&#8243;][vc_column_text]<\/p>\n<h6><\/h6>\n<h6 class=\"sr-only\"><span style=\"font-size: 16px;\">EN EL CORAZ\u00d3N DE TODO LO QUE HACEMOS EST\u00c1 EL <\/span><strong style=\"font-size: 16px;\" data-start=\"45\" data-end=\"69\">LUJO SIN COMPROMISOS<\/strong><\/h6>\n<div class=\"text-base my-auto mx-auto pb-10 [--thread-content-margin:--spacing(4)] thread-sm:[--thread-content-margin:--spacing(6)] thread-lg:[--thread-content-margin:--spacing(16)] px-(--thread-content-margin)\">\n<div class=\"[--thread-content-max-width:40rem] thread-sm:[--thread-content-max-width:40rem] thread-lg:[--thread-content-max-width:48rem] mx-auto max-w-(--thread-content-max-width) flex-1 group\/turn-messages focus-visible:outline-hidden relative flex w-full min-w-0 flex-col agent-turn\" tabindex=\"-1\">\n<div class=\"flex max-w-full flex-col grow\">\n<div class=\"min-h-8 text-message relative flex w-full flex-col items-end gap-2 text-start break-words whitespace-normal [.text-message+&amp;]:mt-5\" dir=\"auto\" data-message-author-role=\"assistant\" data-message-id=\"f8e59e89-1195-476c-913c-4e35125b27c4\" data-message-model-slug=\"gpt-5\">\n<div class=\"flex w-full flex-col gap-1 empty:hidden first:pt-[3px]\">\n<div class=\"markdown prose dark:prose-invert w-full break-words light markdown-new-styling\">\n<h5 data-start=\"0\" data-end=\"242\">Dise\u00f1ado para simplificar y elevar su experiencia vacacional, satisfacemos sus m\u00e1s altas exigencias con una amplia gama de opciones excepcionales de transporte privado.<\/h5>\n<p data-start=\"244\" data-end=\"427\" data-is-last-node=\"\" data-is-only-node=\"\">Desde yates de lujo y vuelos ch\u00e1rter en jet hasta alquiler de coches, ch\u00f3feres personales y servicios de limusina ejecutiva, ofrecemos \u00fanicamente el m\u00e1s alto nivel de lujo y servicio.<\/p>\n<\/div>\n<\/div>\n<\/div>\n<\/div>\n<\/div>\n<\/div>\n<p>[\/vc_column_text][\/vc_column][\/vc_row][vc_row full_width=&#8221;stretch_row_content_no_spaces&#8221; gap=&#8221;&#8221; equal_height=&#8221;yes&#8221; content_placement=&#8221;middle&#8221; css=&#8221;.vc_custom_1661963609592{padding-top: 0px !important;padding-bottom: 0px !important;}&#8221;][vc_column parallax_image=&#8221;9016&#8243; width=&#8221;1\/3&#8243; css=&#8221;.vc_custom_1729667933920{background-color: #f5f5f5 !important;}&#8221; el_class=&#8221;z-index-up&#8221;][vc_empty_space height=&#8221;120px&#8221; height2=&#8221;0&#8243; css=&#8221;.vc_custom_1545314682944{padding-right: 40px !important;padding-left: 40px !important;}&#8221;]<div class=\"heading-with-separator text-center id_169d4f25f1d16237628090  vc_custom_1757926096078  offset-right-lg\"><div class=\"header-content\">\n\t\t\t<p class=\"h-subheading\">AMPLIA GAMA DE COCHES<\/p>\n\t\t\t<h3 class=\"heading  heading-decorator-1\" style=\"; letter-spacing: 0px; \">Consiga el coche<br \/>\nque desea<\/h3><\/div><\/div><div class=\"custom-styles\" data-styles=\".id_169d4f25f1d16237628090 .heading-decorator-1:before, .id_169d4f25f1d16237628090 .heading-decorator-1:after { border-color: #000000}\"><\/div>[vc_single_image image=&#8221;7804&#8243; img_size=&#8221;full&#8221; alignment=&#8221;center&#8221; el_class=&#8221;vc_hidden-md vc_hidden-lg&#8221; css=&#8221;.vc_custom_1711651438693{margin-bottom: 0px !important;}&#8221;][vc_column_text css=&#8221;.vc_custom_1757926146620{margin-bottom: 0px !important;padding-right: 60px !important;padding-bottom: 60px !important;padding-left: 60px !important;background-color: #ffffff !important;}&#8221; el_class=&#8221;offset-right-lg&#8221;]<\/p>\n<h5 data-start=\"0\" data-end=\"99\">Una amplia gama de modelos, tama\u00f1os y colores de coches est\u00e1 a disposici\u00f3n de nuestros hu\u00e9spedes.<\/h5>\n<p data-start=\"101\" data-end=\"243\" data-is-last-node=\"\" data-is-only-node=\"\">Nuestros hu\u00e9spedes pueden solicitar el coche de su preferencia, y nosotros nos encargaremos de su entrega directamente en el lugar que deseen.<\/p>\n<p>[\/vc_column_text][vc_empty_space height=&#8221;120px&#8221; height2=&#8221;0&#8243;][\/vc_column][vc_column parallax=&#8221;content-moving&#8221; parallax_image=&#8221;4780&#8243; width=&#8221;2\/3&#8243; css=&#8221;.vc_custom_1636662198947{background-position: center !important;background-repeat: no-repeat !important;background-size: cover !important;}&#8221; el_class=&#8221;vc_hidden-xs vc_hidden-sm&#8221;][\/vc_column][\/vc_row][vc_row full_width=&#8221;stretch_row_content_no_spaces&#8221; gap=&#8221;&#8221; equal_height=&#8221;yes&#8221; content_placement=&#8221;middle&#8221;][vc_column parallax=&#8221;content-moving&#8221; parallax_image=&#8221;3103&#8243; width=&#8221;2\/3&#8243; css=&#8221;.vc_custom_1632297241140{background-position: center !important;background-repeat: no-repeat !important;background-size: cover !important;}&#8221; el_class=&#8221;vc_hidden-xs vc_hidden-sm&#8221;][\/vc_column][vc_column parallax_image=&#8221;9016&#8243; width=&#8221;1\/3&#8243; css=&#8221;.vc_custom_1729667965409{background-color: #f5f5f5 !important;}&#8221;][vc_empty_space height=&#8221;120px&#8221; height2=&#8221;0&#8243; css=&#8221;.vc_custom_1545314682944{padding-right: 40px !important;padding-left: 40px !important;}&#8221;]<div class=\"heading-with-separator text-center id_169d4f25f1d188368532906  vc_custom_1757926212163  offset-left-lg\"><div class=\"header-content\">\n\t\t\t<p class=\"h-subheading\">TODO LO QUE TIENE QUE HACER ES RELAJARSE<\/p>\n\t\t\t<h3 class=\"heading  heading-decorator-1\" style=\"; letter-spacing: 0px; \">Rel\u00e1jese y disfrute del viaje<\/h3><\/div><\/div><div class=\"custom-styles\" data-styles=\".id_169d4f25f1d188368532906 .heading-decorator-1:before, .id_169d4f25f1d188368532906 .heading-decorator-1:after { border-color: #000000}\"><\/div>[vc_single_image image=&#8221;7807&#8243; img_size=&#8221;full&#8221; alignment=&#8221;center&#8221; el_class=&#8221;vc_hidden-md vc_hidden-lg&#8221; css=&#8221;.vc_custom_1711651521670{margin-bottom: 0px !important;}&#8221;][vc_column_text css=&#8221;.vc_custom_1757926260906{margin-bottom: 0px !important;padding-right: 60px !important;padding-bottom: 60px !important;padding-left: 60px !important;background-color: #ffffff !important;}&#8221; el_class=&#8221;offset-left-lg&#8221;]<\/p>\n<h5 data-start=\"0\" data-end=\"162\">Una exclusiva colecci\u00f3n de veh\u00edculos de \u00faltimo modelo y con todas las comodidades, que incluye deportivos, SUVs, convertibles, crossovers, h\u00edbridos y minivanes.<\/h5>\n<p data-start=\"164\" data-end=\"259\" data-is-last-node=\"\" data-is-only-node=\"\">Todo lo que tiene que hacer es decirnos qu\u00e9 le apetece, \u00a1y nosotros nos encargaremos del resto!<\/p>\n<p>[\/vc_column_text][vc_empty_space height=&#8221;120px&#8221; height2=&#8221;0&#8243;][\/vc_column][\/vc_row][vc_row full_width=&#8221;stretch_row_content_no_spaces&#8221; gap=&#8221;&#8221; equal_height=&#8221;yes&#8221; content_placement=&#8221;middle&#8221;][vc_column parallax_image=&#8221;9016&#8243; width=&#8221;1\/3&#8243; css=&#8221;.vc_custom_1729667986462{background-color: #f5f5f5 !important;}&#8221; el_class=&#8221;z-index-up&#8221;][vc_empty_space height=&#8221;120px&#8221; height2=&#8221;0&#8243; css=&#8221;.vc_custom_1545314682944{padding-right: 40px !important;padding-left: 40px !important;}&#8221;]<div class=\"heading-with-separator text-center id_169d4f25f1d1a71489392193  vc_custom_1757926329506  offset-right-lg\"><div class=\"header-content\">\n\t\t\t<p class=\"h-subheading\">DA ESTILO A TUS VACACIONES<\/p>\n\t\t\t<h3 class=\"heading  heading-decorator-1\" style=\"; letter-spacing: 0px; \">Una experiencia oce\u00e1nica de lujo<\/h3><\/div><\/div><div class=\"custom-styles\" data-styles=\".id_169d4f25f1d1a71489392193 .heading-decorator-1:before, .id_169d4f25f1d1a71489392193 .heading-decorator-1:after { border-color: #000000}\"><\/div>[vc_single_image image=&#8221;7810&#8243; img_size=&#8221;full&#8221; alignment=&#8221;center&#8221; el_class=&#8221;vc_hidden-md vc_hidden-lg&#8221; css=&#8221;.vc_custom_1711651614771{margin-bottom: 0px !important;}&#8221;][vc_column_text css=&#8221;.vc_custom_1757926388297{margin-bottom: 0px !important;padding-right: 60px !important;padding-bottom: 60px !important;padding-left: 60px !important;background-color: #ffffff !important;}&#8221; el_class=&#8221;offset-right-lg&#8221;]<\/p>\n<h5 data-start=\"0\" data-end=\"100\">Con numerosas islas a solo unas horas de distancia, sus oportunidades de navegaci\u00f3n son infinitas.<\/h5>\n<p data-start=\"102\" data-end=\"319\" data-is-last-node=\"\" data-is-only-node=\"\">Ya sea que desee un crucero de placer de medio d\u00eda o de d\u00eda completo, un ch\u00e1rter de varios d\u00edas para recorrer islas o un incre\u00edble escenario flotante, le haremos disfrutar en poco tiempo del embriagador aroma del mar.<\/p>\n<p>[\/vc_column_text][vc_empty_space height=&#8221;120px&#8221; height2=&#8221;0&#8243;][\/vc_column][vc_column parallax=&#8221;content-moving&#8221; parallax_image=&#8221;3105&#8243; width=&#8221;2\/3&#8243; css=&#8221;.vc_custom_1632298342858{background-position: center !important;background-repeat: no-repeat !important;background-size: cover !important;}&#8221; el_class=&#8221;vc_hidden-xs vc_hidden-sm&#8221;][\/vc_column][\/vc_row][vc_row full_width=&#8221;stretch_row_content_no_spaces&#8221; gap=&#8221;&#8221; equal_height=&#8221;yes&#8221; content_placement=&#8221;middle&#8221; css=&#8221;.vc_custom_1729668095257{margin-top: 0px !important;margin-bottom: 0px !important;padding-top: 0px !important;padding-bottom: 0px !important;}&#8221;][vc_column parallax=&#8221;content-moving&#8221; parallax_image=&#8221;3108&#8243; width=&#8221;2\/3&#8243; css=&#8221;.vc_custom_1632298646136{background-position: center !important;background-repeat: no-repeat !important;background-size: cover !important;}&#8221; el_class=&#8221;vc_hidden-xs vc_hidden-sm&#8221;][\/vc_column][vc_column parallax_image=&#8221;9016&#8243; width=&#8221;1\/3&#8243; css=&#8221;.vc_custom_1729668084746{background-color: #f5f5f5 !important;}&#8221;][vc_empty_space height=&#8221;120px&#8221; height2=&#8221;0&#8243; css=&#8221;.vc_custom_1545314682944{padding-right: 40px !important;padding-left: 40px !important;}&#8221;]<div class=\"heading-with-separator text-center id_169d4f25f1d1d0581924163  vc_custom_1757926463090  offset-left-lg\"><div class=\"header-content\">\n\t\t\t<p class=\"h-subheading\">LA COMBINACI\u00d3N PERFECTA DE RENDIMIENTO Y VELOCIDAD<\/p>\n\t\t\t<h3 class=\"heading  heading-decorator-1\" style=\"; letter-spacing: 0px; \">Una colecci\u00f3n impresionante<\/h3><\/div><\/div><div class=\"custom-styles\" data-styles=\".id_169d4f25f1d1d0581924163 .heading-decorator-1:before, .id_169d4f25f1d1d0581924163 .heading-decorator-1:after { border-color: #000000}\"><\/div>[vc_single_image image=&#8221;7814&#8243; img_size=&#8221;full&#8221; alignment=&#8221;center&#8221; el_class=&#8221;vc_hidden-md vc_hidden-lg&#8221; css=&#8221;.vc_custom_1711651774138{margin-bottom: 0px !important;}&#8221;][vc_column_text css=&#8221;.vc_custom_1757926506119{margin-bottom: 0px !important;padding-right: 60px !important;padding-bottom: 60px !important;padding-left: 60px !important;background-color: #ffffff !important;}&#8221; el_class=&#8221;offset-left-lg&#8221;]<\/p>\n<h5 data-start=\"0\" data-end=\"110\">Lujoso, privado, conveniente, sin estr\u00e9s y, sobre todo, garantizando que siempre llegue relajado y renovado.<\/h5>\n<p data-start=\"112\" data-end=\"343\" data-is-last-node=\"\" data-is-only-node=\"\">Combinado con nuestros servicios personalizados a bordo y limusina de cortes\u00eda, tanto de ida como de vuelta al aeropuerto, el alquiler de un jet de lujo es la experiencia de viaje puerta a puerta m\u00e1s exclusiva y sin interrupciones.<\/p>\n<p>[\/vc_column_text][vc_empty_space height=&#8221;120px&#8221; height2=&#8221;0&#8243;][\/vc_column][\/vc_row]<\/p>","protected":false},"excerpt":{"rendered":"<p>[vc_row full_width=&#8221;stretch_row_content&#8221; gap=&#8221;&#8221; parallax_image=&#8221;3100&#8243; overlay_color=&#8221;rgba(0,0,0,0.6)&#8221; text_color=&#8221;#ffffff&#8221; css=&#8221;.vc_custom_1729535882715{padding-top: 240px !important;padding-bottom: 240px !important;}&#8221;][vc_column width=&#8221;1\/4&#8243;][\/vc_column][vc_column width=&#8221;3\/4&#8243;][\/vc_column][\/vc_row][vc_row full_width=&#8221;stretch_row_content&#8221; gap=&#8221;&#8221; parallax_image=&#8221;9016&#8243; css=&#8221;.vc_custom_1729667949779{padding-top: 80px !important;padding-bottom: 80px !important;}&#8221;][vc_column width=&#8221;1\/12&#8243;][\/vc_column][vc_column width=&#8221;1\/3&#8243;][vc_column_text] EN COLABORACI\u00d3N CON QUALITY BRAND VILLAS [\/vc_column_text][vc_single_image image=&#8221;8966&#8243; img_size=&#8221;150 x 150&#8243; onclick=&#8221;custom_link&#8221; img_link_target=&#8221;_blank&#8221; link=&#8221;http:\/\/qbvillas.com&#8221;][\/vc_column][vc_column width=&#8221;1\/12&#8243;][\/vc_column][vc_column width=&#8221;1\/2&#8243;][vc_column_text] EN EL CORAZ\u00d3N DE TODO LO QUE HACEMOS EST\u00c1 EL LUJO SIN COMPROMISOS Dise\u00f1ado para simplificar[&#8230;] <a href=\"https:\/\/mmvilla.com\/es\/manu-mykonos-villa-yates-y-jets-choferes-y-coches\/\" class=\"more-link\">Continue reading<\/a><\/p>\n","protected":false},"author":1,"featured_media":0,"parent":0,"menu_order":0,"comment_status":"closed","ping_status":"closed","template":"","meta":{"footnotes":""},"class_list":["post-11389","page","type-page","status-publish","hentry"],"yoast_head":"<!-- This site is optimized with the Yoast SEO Premium plugin v23.5 (Yoast SEO v25.7) - https:\/\/yoast.com\/wordpress\/plugins\/seo\/ -->\n<title>Yates, Jets y Coches de Lujo en Manu Mykonos Villa<\/title>\n<meta name=\"description\" content=\"Experimente traslado de lujo: yates, jets privados, coches con ch\u00f3fer en Manu Mykonos Villa. Servicio exclusivo puerta a puerta\" \/>\n<meta name=\"robots\" content=\"index, follow, max-snippet:-1, max-image-preview:large, max-video-preview:-1\" \/>\n<link rel=\"canonical\" href=\"https:\/\/mmvilla.com\/es\/manu-mykonos-villa-yates-y-jets-choferes-y-coches\/\" \/>\n<meta property=\"og:locale\" content=\"es_ES\" \/>\n<meta property=\"og:type\" content=\"article\" \/>\n<meta property=\"og:title\" content=\"MANU MYKONOS VILLA YACHTS &amp; JETS, CHAUFFEURS &amp; CARS\" \/>\n<meta property=\"og:description\" content=\"Experimente traslado de lujo: yates, jets privados, coches con ch\u00f3fer en Manu Mykonos Villa. Servicio exclusivo puerta a puerta\" \/>\n<meta property=\"og:url\" content=\"https:\/\/mmvilla.com\/es\/manu-mykonos-villa-yates-y-jets-choferes-y-coches\/\" \/>\n<meta property=\"og:site_name\" content=\"Majestic Manu Mykonos \u2013 Private Villa, Premium Suites &amp; More\" \/>\n<meta property=\"article:publisher\" content=\"https:\/\/www.facebook.com\/p\/Quality-Brand-Villas-100039678235957\/\" \/>\n<meta property=\"article:modified_time\" content=\"2025-10-03T19:53:14+00:00\" \/>\n<meta name=\"twitter:card\" content=\"summary_large_image\" \/>\n<meta name=\"twitter:label1\" content=\"Tiempo de lectura\" \/>\n\t<meta name=\"twitter:data1\" content=\"3 minutos\" \/>\n<script type=\"application\/ld+json\" class=\"yoast-schema-graph\">{\"@context\":\"https:\/\/schema.org\",\"@graph\":[{\"@type\":\"WebPage\",\"@id\":\"https:\/\/mmvilla.com\/es\/manu-mykonos-villa-yates-y-jets-choferes-y-coches\/\",\"url\":\"https:\/\/mmvilla.com\/es\/manu-mykonos-villa-yates-y-jets-choferes-y-coches\/\",\"name\":\"Yates, Jets y Coches de Lujo en Manu Mykonos Villa\",\"isPartOf\":{\"@id\":\"https:\/\/mmvilla.com\/#website\"},\"datePublished\":\"2018-12-20T12:29:33+00:00\",\"dateModified\":\"2025-10-03T19:53:14+00:00\",\"description\":\"Experimente traslado de lujo: yates, jets privados, coches con ch\u00f3fer en Manu Mykonos Villa. Servicio exclusivo puerta a puerta\",\"breadcrumb\":{\"@id\":\"https:\/\/mmvilla.com\/es\/manu-mykonos-villa-yates-y-jets-choferes-y-coches\/#breadcrumb\"},\"inLanguage\":\"es\",\"potentialAction\":[{\"@type\":\"ReadAction\",\"target\":[\"https:\/\/mmvilla.com\/es\/manu-mykonos-villa-yates-y-jets-choferes-y-coches\/\"]}]},{\"@type\":\"BreadcrumbList\",\"@id\":\"https:\/\/mmvilla.com\/es\/manu-mykonos-villa-yates-y-jets-choferes-y-coches\/#breadcrumb\",\"itemListElement\":[{\"@type\":\"ListItem\",\"position\":1,\"name\":\"Home\",\"item\":\"https:\/\/mmvilla.com\/es\/\"},{\"@type\":\"ListItem\",\"position\":2,\"name\":\"MANU MYKONOS VILLA YACHTS &#038; JETS, CHAUFFEURS &#038; CARS\"}]},{\"@type\":\"WebSite\",\"@id\":\"https:\/\/mmvilla.com\/#website\",\"url\":\"https:\/\/mmvilla.com\/\",\"name\":\"Manu Mykonos Villa\",\"description\":\"Mykonos Luxury Living, Perfected by Majestic Manu\",\"publisher\":{\"@id\":\"https:\/\/mmvilla.com\/#organization\"},\"alternateName\":\"MMVILLA\",\"potentialAction\":[{\"@type\":\"SearchAction\",\"target\":{\"@type\":\"EntryPoint\",\"urlTemplate\":\"https:\/\/mmvilla.com\/?s={search_term_string}\"},\"query-input\":{\"@type\":\"PropertyValueSpecification\",\"valueRequired\":true,\"valueName\":\"search_term_string\"}}],\"inLanguage\":\"es\"},{\"@type\":\"Organization\",\"@id\":\"https:\/\/mmvilla.com\/#organization\",\"name\":\"QB Villas\",\"url\":\"https:\/\/mmvilla.com\/\",\"logo\":{\"@type\":\"ImageObject\",\"inLanguage\":\"es\",\"@id\":\"https:\/\/mmvilla.com\/#\/schema\/logo\/image\/\",\"url\":\"https:\/\/mmvilla.com\/wp-content\/uploads\/2018\/12\/QUALITY-BRAND-LOGO-KEM-QBVILLAS.png\",\"contentUrl\":\"https:\/\/mmvilla.com\/wp-content\/uploads\/2018\/12\/QUALITY-BRAND-LOGO-KEM-QBVILLAS.png\",\"width\":487,\"height\":500,\"caption\":\"QB Villas\"},\"image\":{\"@id\":\"https:\/\/mmvilla.com\/#\/schema\/logo\/image\/\"},\"sameAs\":[\"https:\/\/www.facebook.com\/p\/Quality-Brand-Villas-100039678235957\/\",\"https:\/\/www.instagram.com\/qualitybrandvillas\/\",\"https:\/\/www.linkedin.com\/company\/quality-brand-villas\"]}]}<\/script>\n<!-- \/ Yoast SEO Premium plugin. -->","yoast_head_json":{"title":"Yates, Jets y Coches de Lujo en Manu Mykonos Villa","description":"Experimente traslado de lujo: yates, jets privados, coches con ch\u00f3fer en Manu Mykonos Villa. Servicio exclusivo puerta a puerta","robots":{"index":"index","follow":"follow","max-snippet":"max-snippet:-1","max-image-preview":"max-image-preview:large","max-video-preview":"max-video-preview:-1"},"canonical":"https:\/\/mmvilla.com\/es\/manu-mykonos-villa-yates-y-jets-choferes-y-coches\/","og_locale":"es_ES","og_type":"article","og_title":"MANU MYKONOS VILLA YACHTS & JETS, CHAUFFEURS & CARS","og_description":"Experimente traslado de lujo: yates, jets privados, coches con ch\u00f3fer en Manu Mykonos Villa. Servicio exclusivo puerta a puerta","og_url":"https:\/\/mmvilla.com\/es\/manu-mykonos-villa-yates-y-jets-choferes-y-coches\/","og_site_name":"Majestic Manu Mykonos \u2013 Private Villa, Premium Suites &amp; More","article_publisher":"https:\/\/www.facebook.com\/p\/Quality-Brand-Villas-100039678235957\/","article_modified_time":"2025-10-03T19:53:14+00:00","twitter_card":"summary_large_image","twitter_misc":{"Tiempo de lectura":"3 minutos"},"schema":{"@context":"https:\/\/schema.org","@graph":[{"@type":"WebPage","@id":"https:\/\/mmvilla.com\/es\/manu-mykonos-villa-yates-y-jets-choferes-y-coches\/","url":"https:\/\/mmvilla.com\/es\/manu-mykonos-villa-yates-y-jets-choferes-y-coches\/","name":"Yates, Jets y Coches de Lujo en Manu Mykonos Villa","isPartOf":{"@id":"https:\/\/mmvilla.com\/#website"},"datePublished":"2018-12-20T12:29:33+00:00","dateModified":"2025-10-03T19:53:14+00:00","description":"Experimente traslado de lujo: yates, jets privados, coches con ch\u00f3fer en Manu Mykonos Villa. Servicio exclusivo puerta a puerta","breadcrumb":{"@id":"https:\/\/mmvilla.com\/es\/manu-mykonos-villa-yates-y-jets-choferes-y-coches\/#breadcrumb"},"inLanguage":"es","potentialAction":[{"@type":"ReadAction","target":["https:\/\/mmvilla.com\/es\/manu-mykonos-villa-yates-y-jets-choferes-y-coches\/"]}]},{"@type":"BreadcrumbList","@id":"https:\/\/mmvilla.com\/es\/manu-mykonos-villa-yates-y-jets-choferes-y-coches\/#breadcrumb","itemListElement":[{"@type":"ListItem","position":1,"name":"Home","item":"https:\/\/mmvilla.com\/es\/"},{"@type":"ListItem","position":2,"name":"MANU MYKONOS VILLA YACHTS &#038; JETS, CHAUFFEURS &#038; CARS"}]},{"@type":"WebSite","@id":"https:\/\/mmvilla.com\/#website","url":"https:\/\/mmvilla.com\/","name":"Manu Mykonos Villa","description":"Mykonos Luxury Living, Perfected by Majestic Manu","publisher":{"@id":"https:\/\/mmvilla.com\/#organization"},"alternateName":"MMVILLA","potentialAction":[{"@type":"SearchAction","target":{"@type":"EntryPoint","urlTemplate":"https:\/\/mmvilla.com\/?s={search_term_string}"},"query-input":{"@type":"PropertyValueSpecification","valueRequired":true,"valueName":"search_term_string"}}],"inLanguage":"es"},{"@type":"Organization","@id":"https:\/\/mmvilla.com\/#organization","name":"QB Villas","url":"https:\/\/mmvilla.com\/","logo":{"@type":"ImageObject","inLanguage":"es","@id":"https:\/\/mmvilla.com\/#\/schema\/logo\/image\/","url":"https:\/\/mmvilla.com\/wp-content\/uploads\/2018\/12\/QUALITY-BRAND-LOGO-KEM-QBVILLAS.png","contentUrl":"https:\/\/mmvilla.com\/wp-content\/uploads\/2018\/12\/QUALITY-BRAND-LOGO-KEM-QBVILLAS.png","width":487,"height":500,"caption":"QB Villas"},"image":{"@id":"https:\/\/mmvilla.com\/#\/schema\/logo\/image\/"},"sameAs":["https:\/\/www.facebook.com\/p\/Quality-Brand-Villas-100039678235957\/","https:\/\/www.instagram.com\/qualitybrandvillas\/","https:\/\/www.linkedin.com\/company\/quality-brand-villas"]}]}},"_links":{"self":[{"href":"https:\/\/mmvilla.com\/es\/wp-json\/wp\/v2\/pages\/11389","targetHints":{"allow":["GET"]}}],"collection":[{"href":"https:\/\/mmvilla.com\/es\/wp-json\/wp\/v2\/pages"}],"about":[{"href":"https:\/\/mmvilla.com\/es\/wp-json\/wp\/v2\/types\/page"}],"author":[{"embeddable":true,"href":"https:\/\/mmvilla.com\/es\/wp-json\/wp\/v2\/users\/1"}],"replies":[{"embeddable":true,"href":"https:\/\/mmvilla.com\/es\/wp-json\/wp\/v2\/comments?post=11389"}],"version-history":[{"count":4,"href":"https:\/\/mmvilla.com\/es\/wp-json\/wp\/v2\/pages\/11389\/revisions"}],"predecessor-version":[{"id":13790,"href":"https:\/\/mmvilla.com\/es\/wp-json\/wp\/v2\/pages\/11389\/revisions\/13790"}],"wp:attachment":[{"href":"https:\/\/mmvilla.com\/es\/wp-json\/wp\/v2\/media?parent=11389"}],"curies":[{"name":"wp","href":"https:\/\/api.w.org\/{rel}","templated":true}]}}