{"id":11866,"date":"2021-09-21T06:11:25","date_gmt":"2021-09-21T03:11:25","guid":{"rendered":"https:\/\/mmvilla.com\/manu-mykonos-villa-booking-payment-conditions\/"},"modified":"2025-09-24T23:07:05","modified_gmt":"2025-09-24T20:07:05","slug":"manu-mykonos-villa-condiciones-de-reserva-y-pago","status":"publish","type":"page","link":"https:\/\/mmvilla.com\/es\/manu-mykonos-villa-condiciones-de-reserva-y-pago\/","title":{"rendered":"MANU MYKONOS VILLA BOOKING &#038; PAYMENT CONDITIONS"},"content":{"rendered":"<p>[vc_row full_width=&#8221;stretch_row&#8221; gap=&#8221;&#8221; parallax=&#8221;content-moving&#8221; parallax_image=&#8221;3012&#8243; overlay_color=&#8221;rgba(0,0,0,0.6)&#8221; text_color=&#8221;#ffffff&#8221; css=&#8221;.vc_custom_1729739338342{padding-top: 240px !important;padding-bottom: 240px !important;}&#8221;][vc_column width=&#8221;3\/4&#8243;]<div class=\"heading-with-separator text-left id_169d4d76cdf7fa1655485112   \"><div class=\"header-content\">\n\t\t\t<p class=\"h-subheading\"><\/p>\n\t\t\t<h4 class=\"heading  heading-decorator-1\" style=\"; letter-spacing: 0px; \">Manu Mykonos Villa condiciones de reserva y pago<\/h4><\/div><\/div><div class=\"custom-styles\" data-styles=\".id_169d4d76cdf7fa1655485112 .heading-decorator-1:before, .id_169d4d76cdf7fa1655485112 .heading-decorator-1:after { border-color: }\"><\/div>[\/vc_column][vc_column width=&#8221;1\/4&#8243;][\/vc_column][\/vc_row][vc_row gap=&#8221;&#8221; css=&#8221;.vc_custom_1758307647395{padding-top: 84px !important;padding-bottom: 84px !important;}&#8221;][vc_column][vc_column_text]<\/p>\n<h3 data-start=\"139\" data-end=\"151\">Contrato<\/h3>\n<p data-start=\"152\" data-end=\"421\">El contrato entre usted y nosotros entra en vigor <strong data-start=\"202\" data-end=\"250\">cuando recibimos su dep\u00f3sito o el pago total<\/strong>.<br data-start=\"251\" data-end=\"254\" \/>Hasta ese momento, el propietario y nosotros <strong data-start=\"299\" data-end=\"338\">no asumimos ninguna responsabilidad<\/strong> hacia usted.<br data-start=\"351\" data-end=\"354\" \/>Una vez pagado el dep\u00f3sito, se emitir\u00e1 un <strong data-start=\"396\" data-end=\"420\">Contrato de Alquiler<\/strong>.<\/p>\n<h3 data-start=\"423\" data-end=\"448\">Ocupaci\u00f3n de la villa<\/h3>\n<p data-start=\"449\" data-end=\"762\">La <strong data-start=\"452\" data-end=\"472\">ocupaci\u00f3n m\u00e1xima<\/strong> de la villa <strong data-start=\"485\" data-end=\"507\">no puede superarse<\/strong>, salvo <strong data-start=\"515\" data-end=\"545\">acuerdo previo por escrito<\/strong>.<br data-start=\"546\" data-end=\"549\" \/>Se pueden alojar beb\u00e9s en cunas previa solicitud, incluso si el n\u00famero total de personas excede el m\u00e1ximo permitido.<br data-start=\"665\" data-end=\"668\" \/>La ocupaci\u00f3n m\u00e1xima es fijada para cada villa y determinada por las autoridades competentes.<\/p>\n<p data-start=\"764\" data-end=\"813\">El incumplimiento de estas normas resultar\u00e1 en:<\/p>\n<ul data-start=\"814\" data-end=\"903\">\n<li data-start=\"814\" data-end=\"858\">\n<p data-start=\"816\" data-end=\"858\"><strong data-start=\"816\" data-end=\"855\">cancelaci\u00f3n inmediata de la reserva<\/strong>,<\/p>\n<\/li>\n<li data-start=\"859\" data-end=\"903\">\n<p data-start=\"861\" data-end=\"903\"><strong data-start=\"861\" data-end=\"902\">p\u00e9rdida total de los importes pagados<\/strong>.<\/p>\n<\/li>\n<\/ul>\n<p data-start=\"905\" data-end=\"1061\">Nos reservamos el derecho de <strong data-start=\"934\" data-end=\"960\">desalojar de inmediato<\/strong> a los hu\u00e9spedes que excedan la ocupaci\u00f3n m\u00e1xima sin autorizaci\u00f3n escrita, o, a nuestra discreci\u00f3n:<\/p>\n<ul data-start=\"1062\" data-end=\"1135\">\n<li data-start=\"1062\" data-end=\"1101\">\n<p data-start=\"1064\" data-end=\"1101\">excluir a las personas adicionales,<\/p>\n<\/li>\n<li data-start=\"1102\" data-end=\"1135\">\n<p data-start=\"1104\" data-end=\"1135\">o aplicar un <strong data-start=\"1117\" data-end=\"1132\">cargo extra<\/strong>.<\/p>\n<\/li>\n<\/ul>\n<p data-start=\"1137\" data-end=\"1226\">No se permite <strong data-start=\"1151\" data-end=\"1195\">acampada ni estacionamiento de caravanas<\/strong> en el terreno de la propiedad.<\/p>\n<p data-start=\"1228\" data-end=\"1469\">El alojamiento est\u00e1 reservado <strong data-start=\"1258\" data-end=\"1332\">exclusivamente para las personas indicadas en el formulario de reserva<\/strong>.<br data-start=\"1333\" data-end=\"1336\" \/>No se permite la estancia de otras personas sin acuerdo escrito.<br data-start=\"1400\" data-end=\"1403\" \/>Los hu\u00e9spedes no autorizados deber\u00e1n <strong data-start=\"1440\" data-end=\"1466\">abandonar la propiedad<\/strong>.<\/p>\n<p data-start=\"1471\" data-end=\"1620\">Si se acepta la estancia de invitados adicionales, se cobrar\u00e1 un <strong data-start=\"1536\" data-end=\"1583\">cargo de \u20ac75 a \u20ac225 por persona y por noche<\/strong>, adem\u00e1s del n\u00famero m\u00e1ximo permitido.<\/p>\n<h3 data-start=\"1622\" data-end=\"1645\">Per\u00edodo de alquiler<\/h3>\n<p data-start=\"1646\" data-end=\"1839\">El per\u00edodo de alquiler comienza a las <strong data-start=\"1684\" data-end=\"1693\">15:00<\/strong> del d\u00eda de llegada y finaliza a las <strong data-start=\"1730\" data-end=\"1739\">11:00<\/strong> del d\u00eda de salida<br data-start=\"1757\" data-end=\"1760\" \/>(salvo que se acuerde por escrito un check-in anticipado o check-out tard\u00edo).<\/p>\n<p data-start=\"1841\" data-end=\"1998\">En caso de que el hu\u00e9sped <strong data-start=\"1867\" data-end=\"1929\">permanezca m\u00e1s all\u00e1 de la fecha de salida sin autorizaci\u00f3n<\/strong>, se aplicar\u00e1 una penalizaci\u00f3n de <strong data-start=\"1963\" data-end=\"1997\">\u20ac10.000 por cada d\u00eda adicional<\/strong>.<\/p>\n<h3 data-start=\"2000\" data-end=\"2030\">Modificaci\u00f3n de la reserva<\/h3>\n<p data-start=\"2031\" data-end=\"2305\">Si desea <strong data-start=\"2040\" data-end=\"2064\">modificar su reserva<\/strong> (fechas, propiedad, etc.) despu\u00e9s de confirmarla, haremos todo lo posible por atender su solicitud, pero <strong data-start=\"2170\" data-end=\"2197\">no podemos garantizarlo<\/strong>.<br data-start=\"2198\" data-end=\"2201\" \/>Las modificaciones pueden generar <strong data-start=\"2235\" data-end=\"2257\">costos adicionales<\/strong>, que ser\u00e1n informados antes de su aceptaci\u00f3n.<\/p>\n<p data-start=\"2307\" data-end=\"2428\">Si la modificaci\u00f3n no es posible y usted decide no mantener la reserva original, \u00e9sta se considerar\u00e1 una <strong data-start=\"2412\" data-end=\"2427\">cancelaci\u00f3n<\/strong>.<\/p>\n<h3 data-start=\"2430\" data-end=\"2454\">Cesi\u00f3n de la reserva<\/h3>\n<p data-start=\"2455\" data-end=\"2545\">Si se ve imposibilitado de viajar, puede <strong data-start=\"2496\" data-end=\"2529\">ceder su reserva a un tercero<\/strong>, siempre que:<\/p>\n<ul data-start=\"2546\" data-end=\"2688\">\n<li data-start=\"2546\" data-end=\"2621\">\n<p data-start=\"2548\" data-end=\"2621\">dicha persona acepte <strong data-start=\"2569\" data-end=\"2584\">por escrito<\/strong> las mismas condiciones de reserva,<\/p>\n<\/li>\n<li data-start=\"2622\" data-end=\"2688\">\n<p data-start=\"2624\" data-end=\"2688\">y abone cualquier pago pendiente dentro del plazo establecido.<\/p>\n<\/li>\n<\/ul>\n<p data-start=\"2690\" data-end=\"2803\">Se cobrar\u00e1 una <strong data-start=\"2705\" data-end=\"2738\">tarifa administrativa de \u20ac100<\/strong>, adem\u00e1s de los costos no reembolsables vinculados a su estancia.<\/p>\n<h3 data-start=\"2805\" data-end=\"2835\">Confirmaci\u00f3n de la reserva<\/h3>\n<p data-start=\"2836\" data-end=\"2876\">Para confirmar la reserva se requiere:<\/p>\n<ul data-start=\"2877\" data-end=\"3089\">\n<li data-start=\"2877\" data-end=\"2993\">\n<p data-start=\"2879\" data-end=\"2993\">un <strong data-start=\"2882\" data-end=\"2917\">pago del 50 % del importe total<\/strong> al momento de reservar y el <strong data-start=\"2946\" data-end=\"2990\">saldo (50 %) 30 d\u00edas antes de la llegada<\/strong>,<\/p>\n<\/li>\n<li data-start=\"2994\" data-end=\"3089\">\n<p data-start=\"2996\" data-end=\"3089\">o el <strong data-start=\"3001\" data-end=\"3022\">100 % del importe<\/strong> si la reserva se realiza <strong data-start=\"3048\" data-end=\"3088\">con menos de 30 d\u00edas de anticipaci\u00f3n<\/strong>.<\/p>\n<\/li>\n<\/ul>\n<h3 data-start=\"3091\" data-end=\"3109\">Formas de pago<\/h3>\n<ul data-start=\"3110\" data-end=\"3629\">\n<li data-start=\"3110\" data-end=\"3255\">\n<p data-start=\"3112\" data-end=\"3255\"><strong data-start=\"3112\" data-end=\"3134\">Tarjeta de cr\u00e9dito<\/strong>: los datos se recogen conforme a la normativa vigente, <strong data-start=\"3190\" data-end=\"3209\">no se almacenan<\/strong> y se destruyen despu\u00e9s de procesar el pago.<\/p>\n<\/li>\n<li data-start=\"3256\" data-end=\"3355\">\n<p data-start=\"3258\" data-end=\"3355\"><strong data-start=\"3258\" data-end=\"3315\">Pago del saldo con tarjeta de cr\u00e9dito\/d\u00e9bito o PayPal<\/strong>: cargo del <strong data-start=\"3327\" data-end=\"3336\">2,4 %<\/strong> (4 % para AMEX).<\/p>\n<\/li>\n<li data-start=\"3356\" data-end=\"3404\">\n<p data-start=\"3358\" data-end=\"3404\"><strong data-start=\"3358\" data-end=\"3384\">Transferencia bancaria<\/strong>: <strong data-start=\"3386\" data-end=\"3401\">sin recargo<\/strong>.<\/p>\n<\/li>\n<li data-start=\"3405\" data-end=\"3629\">\n<p data-start=\"3407\" data-end=\"3629\">Para reservas realizadas <strong data-start=\"3432\" data-end=\"3477\">dentro de los 7 d\u00edas previos a la llegada<\/strong>, el titular de la tarjeta debe coincidir con el nombre de la reserva y enviar <strong data-start=\"3556\" data-end=\"3628\">copia de documento de identidad y licencia de conducir que coincidan<\/strong>.<\/p>\n<\/li>\n<\/ul>\n<h3 data-start=\"3631\" data-end=\"3658\">Pol\u00edtica de reembolso<\/h3>\n<p data-start=\"3659\" data-end=\"3856\">(<strong data-start=\"3660\" data-end=\"3697\">Cancelaci\u00f3n por parte del hu\u00e9sped<\/strong>)<br data-start=\"3698\" data-end=\"3701\" \/>La cancelaci\u00f3n debe ser notificada <strong data-start=\"3736\" data-end=\"3782\">por carta certificada o correo electr\u00f3nico<\/strong> por el titular de la reserva y confirmada <strong data-start=\"3825\" data-end=\"3840\">por escrito<\/strong> por nosotros.<\/p>\n<p data-start=\"3858\" data-end=\"3883\">Cargos por cancelaci\u00f3n:<\/p>\n<div class=\"_tableContainer_1rjym_1\">\n<div class=\"group _tableWrapper_1rjym_13 flex w-fit flex-col-reverse\" tabindex=\"-1\">\n<table class=\"w-fit min-w-(--thread-content-width)\" data-start=\"3884\" data-end=\"3985\">\n<thead data-start=\"3884\" data-end=\"3908\">\n<tr data-start=\"3884\" data-end=\"3908\">\n<th data-start=\"3884\" data-end=\"3899\" data-col-size=\"sm\">Anticipaci\u00f3n<\/th>\n<th data-start=\"3899\" data-end=\"3908\" data-col-size=\"sm\">Cargo<\/th>\n<\/tr>\n<\/thead>\n<tbody data-start=\"3933\" data-end=\"3985\">\n<tr data-start=\"3933\" data-end=\"3958\">\n<td data-start=\"3933\" data-end=\"3950\" data-col-size=\"sm\">M\u00e1s de 30 d\u00edas<\/td>\n<td data-start=\"3950\" data-end=\"3958\" data-col-size=\"sm\">50 %<\/td>\n<\/tr>\n<tr data-start=\"3959\" data-end=\"3985\">\n<td data-start=\"3959\" data-end=\"3976\" data-col-size=\"sm\">De 0 a 29 d\u00edas<\/td>\n<td data-start=\"3976\" data-end=\"3985\" data-col-size=\"sm\">100 %<\/td>\n<\/tr>\n<\/tbody>\n<\/table>\n<\/div>\n<\/div>\n<p data-start=\"3987\" data-end=\"4143\">Si la propiedad se <strong data-start=\"4006\" data-end=\"4050\">realquila para todo el per\u00edodo cancelado<\/strong>, el cargo se reducir\u00e1 al <strong data-start=\"4076\" data-end=\"4084\">50 %<\/strong>, incluso en cancelaciones dentro de los 30 d\u00edas previos.<\/p>\n<p data-start=\"4145\" data-end=\"4238\">Se recomienda <strong data-start=\"4159\" data-end=\"4178\">encarecidamente<\/strong> contratar un <strong data-start=\"4192\" data-end=\"4211\">seguro de viaje<\/strong> que cubra cancelaciones.<\/p>\n<p data-start=\"4240\" data-end=\"4456\">Los mismos cargos se aplican si desea <strong data-start=\"4278\" data-end=\"4315\">cambiar las fechas o la propiedad<\/strong>.<br data-start=\"4316\" data-end=\"4319\" \/>Si el cambio se solicita <strong data-start=\"4344\" data-end=\"4382\">con m\u00e1s de 58 d\u00edas de anticipaci\u00f3n<\/strong>, el dep\u00f3sito (menos <strong data-start=\"4403\" data-end=\"4421\">\u20ac200 de gastos<\/strong>) se acreditar\u00e1 a la nueva reserva.<\/p>\n<p data-start=\"4458\" data-end=\"4661\">(<strong data-start=\"4459\" data-end=\"4500\">Cancelaci\u00f3n por parte del propietario<\/strong>)<br data-start=\"4501\" data-end=\"4504\" \/>En caso de <strong data-start=\"4515\" data-end=\"4531\">fuerza mayor<\/strong>, venta de la propiedad o cualquier circunstancia fuera del control del propietario, se ofrecer\u00e1 un <strong data-start=\"4631\" data-end=\"4658\">alojamiento alternativo<\/strong>:<\/p>\n<ul data-start=\"4662\" data-end=\"4844\">\n<li data-start=\"4662\" data-end=\"4725\">\n<p data-start=\"4664\" data-end=\"4725\">si el precio es menor, se le <strong data-start=\"4693\" data-end=\"4722\">reembolsar\u00e1 la diferencia<\/strong>,<\/p>\n<\/li>\n<li data-start=\"4726\" data-end=\"4844\">\n<p data-start=\"4728\" data-end=\"4844\">si el precio es mayor, <strong data-start=\"4751\" data-end=\"4781\">no se cobrar\u00e1 ning\u00fan extra<\/strong>, salvo que usted elija una propiedad diferente de mayor costo.<\/p>\n<\/li>\n<\/ul>\n<h3 data-start=\"4846\" data-end=\"4871\">Formulario de reserva<\/h3>\n<p data-start=\"4872\" data-end=\"4973\">Si no se puede enviar el formulario en l\u00ednea, deber\u00e1 enviarse <strong data-start=\"4934\" data-end=\"4972\">por correo postal despu\u00e9s del pago<\/strong>.<\/p>\n<h3 data-start=\"4975\" data-end=\"4998\">Dep\u00f3sito de reserva<\/h3>\n<p data-start=\"4999\" data-end=\"5164\">Para confirmar la reserva se requiere un <strong data-start=\"5040\" data-end=\"5071\">dep\u00f3sito del 50 % del total<\/strong>.<br data-start=\"5072\" data-end=\"5075\" \/>Los pagos del dep\u00f3sito con tarjeta de cr\u00e9dito\/d\u00e9bito pueden tener <strong data-start=\"5141\" data-end=\"5163\">cargos adicionales<\/strong>.<\/p>\n<h3 data-start=\"5166\" data-end=\"5199\">Dep\u00f3sito de garant\u00eda \u2013 Fianza<\/h3>\n<p data-start=\"5200\" data-end=\"5451\">Se exige un <strong data-start=\"5212\" data-end=\"5236\">dep\u00f3sito de garant\u00eda<\/strong> de entre <strong data-start=\"5246\" data-end=\"5263\">\u20ac400 y \u20ac5.000<\/strong>, seg\u00fan la villa.<br data-start=\"5280\" data-end=\"5283\" \/>El reembolso se efectuar\u00e1 <strong data-start=\"5309\" data-end=\"5358\">dentro de los 14 d\u00edas posteriores a la salida<\/strong> (por transferencia, cheque o tarjeta), descontando los posibles da\u00f1os o gastos pendientes.<\/p>\n<p data-start=\"5453\" data-end=\"5635\">Al reservar, debe autorizar un <strong data-start=\"5484\" data-end=\"5518\">cargo en su tarjeta de cr\u00e9dito<\/strong> hasta el importe de la fianza.<br data-start=\"5549\" data-end=\"5552\" \/>Si los costos exceden ese valor, el propietario podr\u00e1 <strong data-start=\"5606\" data-end=\"5632\">reclamar la diferencia<\/strong>.<\/p>\n<p data-start=\"5637\" data-end=\"5817\">Para <strong data-start=\"5642\" data-end=\"5668\">grupos de un solo sexo<\/strong> o <strong data-start=\"5671\" data-end=\"5715\">grupos de j\u00f3venes adultos (18 a 21 a\u00f1os)<\/strong> se requerir\u00e1 un <strong data-start=\"5732\" data-end=\"5770\">dep\u00f3sito extra de \u20ac150 por persona<\/strong>, o por cada cama disponible, lo que sea mayor.<\/p>\n<h3 data-start=\"5819\" data-end=\"5847\">Garant\u00eda de mejor precio<\/h3>\n<p data-start=\"5848\" data-end=\"5899\">Para beneficiarse de la garant\u00eda de mejor precio:<\/p>\n<ul data-start=\"5900\" data-end=\"6160\">\n<li data-start=\"5900\" data-end=\"6061\">\n<p data-start=\"5902\" data-end=\"6061\">la <strong data-start=\"5905\" data-end=\"5931\">cotizaci\u00f3n competidora<\/strong> debe estar disponible en l\u00ednea, ser accesible para nuestro equipo y corresponder a <strong data-start=\"6015\" data-end=\"6058\">la misma propiedad, per\u00edodo y servicios<\/strong>;<\/p>\n<\/li>\n<li data-start=\"6062\" data-end=\"6160\">\n<p data-start=\"6064\" data-end=\"6160\">no aplican tarifas promocionales, descuentos de \u00faltimo minuto, paquetes ni ofertas especiales.<\/p>\n<\/li>\n<\/ul>\n<p data-start=\"6162\" data-end=\"6257\">La solicitud debe presentarse <strong data-start=\"6192\" data-end=\"6243\">dentro de las 24 horas posteriores a la reserva<\/strong>, e incluir:<\/p>\n<ul data-start=\"6258\" data-end=\"6427\">\n<li data-start=\"6258\" data-end=\"6291\">\n<p data-start=\"6260\" data-end=\"6291\">nombre del hu\u00e9sped principal,<\/p>\n<\/li>\n<li data-start=\"6292\" data-end=\"6315\">\n<p data-start=\"6294\" data-end=\"6315\">nombre de la villa,<\/p>\n<\/li>\n<li data-start=\"6316\" data-end=\"6337\">\n<p data-start=\"6318\" data-end=\"6337\">fecha de llegada,<\/p>\n<\/li>\n<li data-start=\"6338\" data-end=\"6427\">\n<p data-start=\"6340\" data-end=\"6427\">nombre del sitio web competidor y precio cotizado (con enlace o captura de pantalla).<\/p>\n<\/li>\n<\/ul>\n<p data-start=\"6429\" data-end=\"6477\">La decisi\u00f3n final es <strong data-start=\"6450\" data-end=\"6476\">exclusivamente nuestra<\/strong>.<\/p>\n<p>[\/vc_column_text][\/vc_column][\/vc_row]<\/p>","protected":false},"excerpt":{"rendered":"<p>[vc_row full_width=&#8221;stretch_row&#8221; gap=&#8221;&#8221; parallax=&#8221;content-moving&#8221; parallax_image=&#8221;3012&#8243; overlay_color=&#8221;rgba(0,0,0,0.6)&#8221; text_color=&#8221;#ffffff&#8221; css=&#8221;.vc_custom_1729739338342{padding-top: 240px !important;padding-bottom: 240px !important;}&#8221;][vc_column width=&#8221;3\/4&#8243;][\/vc_column][vc_column width=&#8221;1\/4&#8243;][\/vc_column][\/vc_row][vc_row gap=&#8221;&#8221; css=&#8221;.vc_custom_1758307647395{padding-top: 84px !important;padding-bottom: 84px !important;}&#8221;][vc_column][vc_column_text] Contrato El contrato entre usted y nosotros entra en vigor cuando recibimos su dep\u00f3sito o el pago total.Hasta ese momento, el propietario y nosotros no asumimos ninguna responsabilidad hacia usted.Una vez pagado el dep\u00f3sito, se[&#8230;] <a href=\"https:\/\/mmvilla.com\/es\/manu-mykonos-villa-condiciones-de-reserva-y-pago\/\" class=\"more-link\">Continue reading<\/a><\/p>\n","protected":false},"author":6,"featured_media":0,"parent":0,"menu_order":0,"comment_status":"closed","ping_status":"closed","template":"","meta":{"footnotes":""},"class_list":["post-11866","page","type-page","status-publish","hentry"],"yoast_head":"<!-- This site is optimized with the Yoast SEO Premium plugin v23.5 (Yoast SEO v25.7) - https:\/\/yoast.com\/wordpress\/plugins\/seo\/ -->\n<title>Condiciones de Reserva &amp; Pago \u2013 Manu Mykonos Villa<\/title>\n<meta name=\"description\" content=\"Dep\u00f3sito, pago de saldo, cancelaciones y fianza: conozca las Condiciones de Reserva y Pago de Manu Mykonos Villa antes de reservar.\" \/>\n<meta name=\"robots\" content=\"index, follow, max-snippet:-1, max-image-preview:large, max-video-preview:-1\" \/>\n<link rel=\"canonical\" href=\"https:\/\/mmvilla.com\/es\/manu-mykonos-villa-condiciones-de-reserva-y-pago\/\" \/>\n<meta property=\"og:locale\" content=\"es_ES\" \/>\n<meta property=\"og:type\" content=\"article\" \/>\n<meta property=\"og:title\" content=\"MANU MYKONOS VILLA BOOKING &amp; PAYMENT CONDITIONS\" \/>\n<meta property=\"og:description\" content=\"Dep\u00f3sito, pago de saldo, cancelaciones y fianza: conozca las Condiciones de Reserva y Pago de Manu Mykonos Villa antes de reservar.\" \/>\n<meta property=\"og:url\" content=\"https:\/\/mmvilla.com\/es\/manu-mykonos-villa-condiciones-de-reserva-y-pago\/\" \/>\n<meta property=\"og:site_name\" content=\"Majestic Manu Mykonos \u2013 Private Villa, Premium Suites &amp; More\" \/>\n<meta property=\"article:publisher\" content=\"https:\/\/www.facebook.com\/p\/Quality-Brand-Villas-100039678235957\/\" \/>\n<meta property=\"article:modified_time\" content=\"2025-09-24T20:07:05+00:00\" \/>\n<meta name=\"twitter:card\" content=\"summary_large_image\" \/>\n<meta name=\"twitter:label1\" content=\"Tiempo de lectura\" \/>\n\t<meta name=\"twitter:data1\" content=\"5 minutos\" \/>\n<script type=\"application\/ld+json\" class=\"yoast-schema-graph\">{\"@context\":\"https:\/\/schema.org\",\"@graph\":[{\"@type\":\"WebPage\",\"@id\":\"https:\/\/mmvilla.com\/es\/manu-mykonos-villa-condiciones-de-reserva-y-pago\/\",\"url\":\"https:\/\/mmvilla.com\/es\/manu-mykonos-villa-condiciones-de-reserva-y-pago\/\",\"name\":\"Condiciones de Reserva & Pago \u2013 Manu Mykonos Villa\",\"isPartOf\":{\"@id\":\"https:\/\/mmvilla.com\/#website\"},\"datePublished\":\"2021-09-21T03:11:25+00:00\",\"dateModified\":\"2025-09-24T20:07:05+00:00\",\"description\":\"Dep\u00f3sito, pago de saldo, cancelaciones y fianza: conozca las Condiciones de Reserva y Pago de Manu Mykonos Villa antes de reservar.\",\"breadcrumb\":{\"@id\":\"https:\/\/mmvilla.com\/es\/manu-mykonos-villa-condiciones-de-reserva-y-pago\/#breadcrumb\"},\"inLanguage\":\"es\",\"potentialAction\":[{\"@type\":\"ReadAction\",\"target\":[\"https:\/\/mmvilla.com\/es\/manu-mykonos-villa-condiciones-de-reserva-y-pago\/\"]}]},{\"@type\":\"BreadcrumbList\",\"@id\":\"https:\/\/mmvilla.com\/es\/manu-mykonos-villa-condiciones-de-reserva-y-pago\/#breadcrumb\",\"itemListElement\":[{\"@type\":\"ListItem\",\"position\":1,\"name\":\"Home\",\"item\":\"https:\/\/mmvilla.com\/es\/\"},{\"@type\":\"ListItem\",\"position\":2,\"name\":\"MANU MYKONOS VILLA BOOKING &#038; PAYMENT CONDITIONS\"}]},{\"@type\":\"WebSite\",\"@id\":\"https:\/\/mmvilla.com\/#website\",\"url\":\"https:\/\/mmvilla.com\/\",\"name\":\"Manu Mykonos Villa\",\"description\":\"Mykonos Luxury Living, Perfected by Majestic Manu\",\"publisher\":{\"@id\":\"https:\/\/mmvilla.com\/#organization\"},\"alternateName\":\"MMVILLA\",\"potentialAction\":[{\"@type\":\"SearchAction\",\"target\":{\"@type\":\"EntryPoint\",\"urlTemplate\":\"https:\/\/mmvilla.com\/?s={search_term_string}\"},\"query-input\":{\"@type\":\"PropertyValueSpecification\",\"valueRequired\":true,\"valueName\":\"search_term_string\"}}],\"inLanguage\":\"es\"},{\"@type\":\"Organization\",\"@id\":\"https:\/\/mmvilla.com\/#organization\",\"name\":\"QB Villas\",\"url\":\"https:\/\/mmvilla.com\/\",\"logo\":{\"@type\":\"ImageObject\",\"inLanguage\":\"es\",\"@id\":\"https:\/\/mmvilla.com\/#\/schema\/logo\/image\/\",\"url\":\"https:\/\/mmvilla.com\/wp-content\/uploads\/2018\/12\/QUALITY-BRAND-LOGO-KEM-QBVILLAS.png\",\"contentUrl\":\"https:\/\/mmvilla.com\/wp-content\/uploads\/2018\/12\/QUALITY-BRAND-LOGO-KEM-QBVILLAS.png\",\"width\":487,\"height\":500,\"caption\":\"QB Villas\"},\"image\":{\"@id\":\"https:\/\/mmvilla.com\/#\/schema\/logo\/image\/\"},\"sameAs\":[\"https:\/\/www.facebook.com\/p\/Quality-Brand-Villas-100039678235957\/\",\"https:\/\/www.instagram.com\/qualitybrandvillas\/\",\"https:\/\/www.linkedin.com\/company\/quality-brand-villas\"]}]}<\/script>\n<!-- \/ Yoast SEO Premium plugin. -->","yoast_head_json":{"title":"Condiciones de Reserva & Pago \u2013 Manu Mykonos Villa","description":"Dep\u00f3sito, pago de saldo, cancelaciones y fianza: conozca las Condiciones de Reserva y Pago de Manu Mykonos Villa antes de reservar.","robots":{"index":"index","follow":"follow","max-snippet":"max-snippet:-1","max-image-preview":"max-image-preview:large","max-video-preview":"max-video-preview:-1"},"canonical":"https:\/\/mmvilla.com\/es\/manu-mykonos-villa-condiciones-de-reserva-y-pago\/","og_locale":"es_ES","og_type":"article","og_title":"MANU MYKONOS VILLA BOOKING & PAYMENT CONDITIONS","og_description":"Dep\u00f3sito, pago de saldo, cancelaciones y fianza: conozca las Condiciones de Reserva y Pago de Manu Mykonos Villa antes de reservar.","og_url":"https:\/\/mmvilla.com\/es\/manu-mykonos-villa-condiciones-de-reserva-y-pago\/","og_site_name":"Majestic Manu Mykonos \u2013 Private Villa, Premium Suites &amp; More","article_publisher":"https:\/\/www.facebook.com\/p\/Quality-Brand-Villas-100039678235957\/","article_modified_time":"2025-09-24T20:07:05+00:00","twitter_card":"summary_large_image","twitter_misc":{"Tiempo de lectura":"5 minutos"},"schema":{"@context":"https:\/\/schema.org","@graph":[{"@type":"WebPage","@id":"https:\/\/mmvilla.com\/es\/manu-mykonos-villa-condiciones-de-reserva-y-pago\/","url":"https:\/\/mmvilla.com\/es\/manu-mykonos-villa-condiciones-de-reserva-y-pago\/","name":"Condiciones de Reserva & Pago \u2013 Manu Mykonos Villa","isPartOf":{"@id":"https:\/\/mmvilla.com\/#website"},"datePublished":"2021-09-21T03:11:25+00:00","dateModified":"2025-09-24T20:07:05+00:00","description":"Dep\u00f3sito, pago de saldo, cancelaciones y fianza: conozca las Condiciones de Reserva y Pago de Manu Mykonos Villa antes de reservar.","breadcrumb":{"@id":"https:\/\/mmvilla.com\/es\/manu-mykonos-villa-condiciones-de-reserva-y-pago\/#breadcrumb"},"inLanguage":"es","potentialAction":[{"@type":"ReadAction","target":["https:\/\/mmvilla.com\/es\/manu-mykonos-villa-condiciones-de-reserva-y-pago\/"]}]},{"@type":"BreadcrumbList","@id":"https:\/\/mmvilla.com\/es\/manu-mykonos-villa-condiciones-de-reserva-y-pago\/#breadcrumb","itemListElement":[{"@type":"ListItem","position":1,"name":"Home","item":"https:\/\/mmvilla.com\/es\/"},{"@type":"ListItem","position":2,"name":"MANU MYKONOS VILLA BOOKING &#038; PAYMENT CONDITIONS"}]},{"@type":"WebSite","@id":"https:\/\/mmvilla.com\/#website","url":"https:\/\/mmvilla.com\/","name":"Manu Mykonos Villa","description":"Mykonos Luxury Living, Perfected by Majestic Manu","publisher":{"@id":"https:\/\/mmvilla.com\/#organization"},"alternateName":"MMVILLA","potentialAction":[{"@type":"SearchAction","target":{"@type":"EntryPoint","urlTemplate":"https:\/\/mmvilla.com\/?s={search_term_string}"},"query-input":{"@type":"PropertyValueSpecification","valueRequired":true,"valueName":"search_term_string"}}],"inLanguage":"es"},{"@type":"Organization","@id":"https:\/\/mmvilla.com\/#organization","name":"QB Villas","url":"https:\/\/mmvilla.com\/","logo":{"@type":"ImageObject","inLanguage":"es","@id":"https:\/\/mmvilla.com\/#\/schema\/logo\/image\/","url":"https:\/\/mmvilla.com\/wp-content\/uploads\/2018\/12\/QUALITY-BRAND-LOGO-KEM-QBVILLAS.png","contentUrl":"https:\/\/mmvilla.com\/wp-content\/uploads\/2018\/12\/QUALITY-BRAND-LOGO-KEM-QBVILLAS.png","width":487,"height":500,"caption":"QB Villas"},"image":{"@id":"https:\/\/mmvilla.com\/#\/schema\/logo\/image\/"},"sameAs":["https:\/\/www.facebook.com\/p\/Quality-Brand-Villas-100039678235957\/","https:\/\/www.instagram.com\/qualitybrandvillas\/","https:\/\/www.linkedin.com\/company\/quality-brand-villas"]}]}},"_links":{"self":[{"href":"https:\/\/mmvilla.com\/es\/wp-json\/wp\/v2\/pages\/11866","targetHints":{"allow":["GET"]}}],"collection":[{"href":"https:\/\/mmvilla.com\/es\/wp-json\/wp\/v2\/pages"}],"about":[{"href":"https:\/\/mmvilla.com\/es\/wp-json\/wp\/v2\/types\/page"}],"author":[{"embeddable":true,"href":"https:\/\/mmvilla.com\/es\/wp-json\/wp\/v2\/users\/6"}],"replies":[{"embeddable":true,"href":"https:\/\/mmvilla.com\/es\/wp-json\/wp\/v2\/comments?post=11866"}],"version-history":[{"count":4,"href":"https:\/\/mmvilla.com\/es\/wp-json\/wp\/v2\/pages\/11866\/revisions"}],"predecessor-version":[{"id":11875,"href":"https:\/\/mmvilla.com\/es\/wp-json\/wp\/v2\/pages\/11866\/revisions\/11875"}],"wp:attachment":[{"href":"https:\/\/mmvilla.com\/es\/wp-json\/wp\/v2\/media?parent=11866"}],"curies":[{"name":"wp","href":"https:\/\/api.w.org\/{rel}","templated":true}]}}