{"id":11880,"date":"2023-11-06T09:14:49","date_gmt":"2023-11-06T07:14:49","guid":{"rendered":"https:\/\/mmvilla.com\/manu-mykonos-villa-privacy-policy\/"},"modified":"2025-09-24T23:15:16","modified_gmt":"2025-09-24T20:15:16","slug":"manu-mykonos-villa-privacidad-politica","status":"publish","type":"page","link":"https:\/\/mmvilla.com\/es\/manu-mykonos-villa-privacidad-politica\/","title":{"rendered":"MANU MYKONOS VILLA Privacy Policy"},"content":{"rendered":"<p>[vc_row][vc_column][vc_empty_space height=&#8221;124px&#8221;][\/vc_column][\/vc_row][vc_row][vc_column][vc_column_text]<\/p>\n<h3 data-start=\"0\" data-end=\"28\">Pol\u00edtica de Privacidad<\/h3>\n<h4 data-start=\"30\" data-end=\"83\">Informaci\u00f3n sobre nuestra empresa y sitios web<\/h4>\n<p data-start=\"84\" data-end=\"494\">Este sitio web <strong data-start=\"99\" data-end=\"118\"><a class=\"decorated-link\" href=\"http:\/\/www.mmvilla.com\" target=\"_new\" rel=\"noopener\" data-start=\"101\" data-end=\"116\">www.mmvilla.com<\/a><\/strong> es propiedad de <strong data-start=\"135\" data-end=\"157\">Luxury Resorts Ltd<\/strong>.<br data-start=\"158\" data-end=\"161\" \/>La presente Pol\u00edtica de Privacidad le informa sobre las pr\u00e1cticas de protecci\u00f3n de datos, las opciones que tiene en relaci\u00f3n con la recopilaci\u00f3n de su informaci\u00f3n en l\u00ednea, el uso que se hace de la misma y los derechos que le asisten si su uso del sitio est\u00e1 sujeto al <strong data-start=\"430\" data-end=\"491\">Reglamento General de Protecci\u00f3n de Datos (RGPD) 2016\/679<\/strong>.<\/p>\n<p data-start=\"496\" data-end=\"825\">Le recomendamos leer atentamente esta Pol\u00edtica de Privacidad y revisarla peri\u00f3dicamente para conocer cualquier actualizaci\u00f3n.<br data-start=\"621\" data-end=\"624\" \/>Podemos modificar esta pol\u00edtica en cualquier momento publicando las nuevas condiciones en este sitio. Las modificaciones entrar\u00e1n en vigor en la fecha indicada, salvo que se especifique lo contrario.<\/p>\n<hr data-start=\"827\" data-end=\"830\" \/>\n<h3 data-start=\"832\" data-end=\"886\">Sitios cubiertos por esta Pol\u00edtica de Privacidad<\/h3>\n<p data-start=\"887\" data-end=\"1362\">Esta Pol\u00edtica se aplica a todos los sitios y dominios de nuestra empresa, incluidos los sitios regionales o espec\u00edficos de cada pa\u00eds (colectivamente, los \u00abSitios\u00bb).<br data-start=\"1051\" data-end=\"1054\" \/>Nuestros Sitios pueden contener enlaces a sitios web de terceros para su comodidad e informaci\u00f3n. Si accede a esos enlaces, abandonar\u00e1 nuestros Sitios.<br data-start=\"1205\" data-end=\"1208\" \/>No controlamos dichos sitios ni sus pr\u00e1cticas de privacidad, por lo que no somos responsables de su contenido ni de la forma en que gestionen sus datos.<\/p>\n<hr data-start=\"1364\" data-end=\"1367\" \/>\n<h3 data-start=\"1369\" data-end=\"1412\">Tipos de informaci\u00f3n recopilada y uso<\/h3>\n<p data-start=\"1413\" data-end=\"1542\">Por <strong data-start=\"1417\" data-end=\"1439\">\u00abdatos personales\u00bb<\/strong> se entiende toda informaci\u00f3n que identifique a una persona.<br data-start=\"1499\" data-end=\"1502\" \/>Recopilamos datos de diversas maneras:<\/p>\n<ul data-start=\"1543\" data-end=\"1881\">\n<li data-start=\"1543\" data-end=\"1634\">\n<p data-start=\"1545\" data-end=\"1634\">Al registrarse (nombre, direcci\u00f3n, tel\u00e9fono, correo electr\u00f3nico, usuario y contrase\u00f1a).<\/p>\n<\/li>\n<li data-start=\"1635\" data-end=\"1763\">\n<p data-start=\"1637\" data-end=\"1763\">Al realizar pedidos de productos o servicios (datos de contacto e informaci\u00f3n financiera como n\u00famero de tarjeta de cr\u00e9dito).<\/p>\n<\/li>\n<li data-start=\"1764\" data-end=\"1881\">\n<p data-start=\"1766\" data-end=\"1881\">Mediante la recopilaci\u00f3n autom\u00e1tica de datos t\u00e9cnicos (tipo de navegador, direcci\u00f3n IP, sistema operativo, etc.).<\/p>\n<\/li>\n<\/ul>\n<p data-start=\"1883\" data-end=\"1918\">Utilizamos esta informaci\u00f3n para:<\/p>\n<ul data-start=\"1919\" data-end=\"2211\">\n<li data-start=\"1919\" data-end=\"1972\">\n<p data-start=\"1921\" data-end=\"1972\">Gestionar su cuenta y prestar nuestros servicios.<\/p>\n<\/li>\n<li data-start=\"1973\" data-end=\"2075\">\n<p data-start=\"1975\" data-end=\"2075\">Procesar pedidos y pagos (los datos de pago solo se usan para facturaci\u00f3n y prevenci\u00f3n de fraude).<\/p>\n<\/li>\n<li data-start=\"2076\" data-end=\"2148\">\n<p data-start=\"2078\" data-end=\"2148\">Enviarle ofertas o informaci\u00f3n comercial (previo su consentimiento).<\/p>\n<\/li>\n<li data-start=\"2149\" data-end=\"2211\">\n<p data-start=\"2151\" data-end=\"2211\">Analizar el uso del sitio para mejorar nuestros servicios.<\/p>\n<\/li>\n<\/ul>\n<p data-start=\"2213\" data-end=\"2354\">Podemos revelar datos personales cuando as\u00ed lo exija la ley (por ejemplo, por orden judicial) o para proteger nuestros derechos y sistemas.<\/p>\n<hr data-start=\"2356\" data-end=\"2359\" \/>\n<h3 data-start=\"2361\" data-end=\"2381\">Comunicaciones<\/h3>\n<p data-start=\"2382\" data-end=\"2416\">Despu\u00e9s de registrarse, podemos:<\/p>\n<ul data-start=\"2417\" data-end=\"2732\">\n<li data-start=\"2417\" data-end=\"2466\">\n<p data-start=\"2419\" data-end=\"2466\">Enviarle un correo electr\u00f3nico de bienvenida.<\/p>\n<\/li>\n<li data-start=\"2467\" data-end=\"2519\">\n<p data-start=\"2469\" data-end=\"2519\">Responder a sus consultas y gestionar su cuenta.<\/p>\n<\/li>\n<li data-start=\"2520\" data-end=\"2732\">\n<p data-start=\"2522\" data-end=\"2732\">Enviarle informaci\u00f3n sobre productos, servicios, promociones o boletines (salvo que se oponga).<br data-start=\"2617\" data-end=\"2620\" \/>Puede cancelar la suscripci\u00f3n en cualquier momento siguiendo las instrucciones incluidas en cada comunicaci\u00f3n.<\/p>\n<\/li>\n<\/ul>\n<hr data-start=\"2734\" data-end=\"2737\" \/>\n<h3 data-start=\"2739\" data-end=\"2799\">Compartir informaci\u00f3n y transferencias internacionales<\/h3>\n<p data-start=\"2800\" data-end=\"3229\">Contamos con <strong data-start=\"2813\" data-end=\"2850\">proveedores de servicios externos<\/strong> y <strong data-start=\"2853\" data-end=\"2875\">empresas afiliadas<\/strong> para la prestaci\u00f3n de servicios.<br data-start=\"2908\" data-end=\"2911\" \/>Sus datos pueden transferirse a otros pa\u00edses (incluidos fuera del EEE y Canad\u00e1, como Estados Unidos) con fines de almacenamiento, gesti\u00f3n interna o consolidaci\u00f3n.<br data-start=\"3073\" data-end=\"3076\" \/>Exigimos a todos los receptores que protejan sus datos de acuerdo con altos est\u00e1ndares de seguridad, aunque estos seguir\u00e1n sujetos a las leyes locales.<\/p>\n<hr data-start=\"3231\" data-end=\"3234\" \/>\n<h3 data-start=\"3236\" data-end=\"3262\">Comentarios y medios<\/h3>\n<ul data-start=\"3263\" data-end=\"3671\">\n<li data-start=\"3263\" data-end=\"3397\">\n<p data-start=\"3265\" data-end=\"3397\">Si deja un comentario, recopilamos los datos del formulario, su direcci\u00f3n IP y la informaci\u00f3n del navegador para prevenir el spam.<\/p>\n<\/li>\n<li data-start=\"3398\" data-end=\"3484\">\n<p data-start=\"3400\" data-end=\"3484\">Su imagen de perfil (si existe) ser\u00e1 visible p\u00fablicamente junto con su comentario.<\/p>\n<\/li>\n<li data-start=\"3485\" data-end=\"3554\">\n<p data-start=\"3487\" data-end=\"3554\">Los comentarios y sus metadatos se conservan de forma indefinida.<\/p>\n<\/li>\n<li data-start=\"3555\" data-end=\"3671\">\n<p data-start=\"3557\" data-end=\"3671\">Evite subir im\u00e1genes con datos de ubicaci\u00f3n (EXIF GPS), ya que otros visitantes pueden extraer esta informaci\u00f3n.<\/p>\n<\/li>\n<\/ul>\n<hr data-start=\"3673\" data-end=\"3676\" \/>\n<h3 data-start=\"3678\" data-end=\"3722\">Cookies y otros rastreadores digitales<\/h3>\n<p data-start=\"3723\" data-end=\"3774\">Utilizamos <strong data-start=\"3734\" data-end=\"3745\">cookies<\/strong> y otros rastreadores para:<\/p>\n<ul data-start=\"3775\" data-end=\"3962\">\n<li data-start=\"3775\" data-end=\"3832\">\n<p data-start=\"3777\" data-end=\"3832\">Identificar a los usuarios y facilitar la navegaci\u00f3n.<\/p>\n<\/li>\n<li data-start=\"3833\" data-end=\"3931\">\n<p data-start=\"3835\" data-end=\"3931\">Recordar sus preferencias (por ejemplo, datos de inicio de sesi\u00f3n, opciones de visualizaci\u00f3n).<\/p>\n<\/li>\n<li data-start=\"3932\" data-end=\"3962\">\n<p data-start=\"3934\" data-end=\"3962\">Analizar el uso del sitio.<\/p>\n<\/li>\n<\/ul>\n<p data-start=\"3964\" data-end=\"4101\">Puede desactivar las cookies en la configuraci\u00f3n de su navegador, aunque algunas funciones del sitio pueden dejar de estar disponibles.<\/p>\n<hr data-start=\"4103\" data-end=\"4106\" \/>\n<h3 data-start=\"4108\" data-end=\"4150\">Contenido incrustado de otros sitios<\/h3>\n<p data-start=\"4151\" data-end=\"4373\">Los art\u00edculos del sitio pueden incluir contenido incrustado (videos, im\u00e1genes, art\u00edculos, etc.). Estos sitios pueden recopilar datos, utilizar cookies y rastrear sus interacciones como si usted los visitara directamente.<\/p>\n<hr data-start=\"4375\" data-end=\"4378\" \/>\n<h3 data-start=\"4380\" data-end=\"4411\">Privacidad de los menores<\/h3>\n<p data-start=\"4412\" data-end=\"4523\">No recopilamos de manera intencional datos de <strong data-start=\"4458\" data-end=\"4480\">menores de 13 a\u00f1os<\/strong> ni dirigimos nuestros servicios a ellos.<\/p>\n<hr data-start=\"4525\" data-end=\"4528\" \/>\n<h3 data-start=\"4530\" data-end=\"4548\">Sus derechos<\/h3>\n<p data-start=\"4549\" data-end=\"4612\">De acuerdo con el RGPD y otras leyes aplicables, usted puede:<\/p>\n<ul data-start=\"4613\" data-end=\"4892\">\n<li data-start=\"4613\" data-end=\"4661\">\n<p data-start=\"4615\" data-end=\"4661\">Solicitar una copia de sus datos personales.<\/p>\n<\/li>\n<li data-start=\"4662\" data-end=\"4742\">\n<p data-start=\"4664\" data-end=\"4742\">Pedir la rectificaci\u00f3n, supresi\u00f3n o limitaci\u00f3n del tratamiento de sus datos.<\/p>\n<\/li>\n<li data-start=\"4743\" data-end=\"4814\">\n<p data-start=\"4745\" data-end=\"4814\">Oponerse al uso de sus datos, especialmente con fines de marketing.<\/p>\n<\/li>\n<li data-start=\"4815\" data-end=\"4892\">\n<p data-start=\"4817\" data-end=\"4892\">Solicitar la portabilidad de sus datos a otro responsable de tratamiento.<\/p>\n<\/li>\n<\/ul>\n<p data-start=\"4894\" data-end=\"5198\">Estos derechos pueden estar sujetos a limitaciones legales, por ejemplo, cuando debamos conservar informaci\u00f3n para cumplir con obligaciones legales o para proteger los derechos de terceros.<br data-start=\"5083\" data-end=\"5086\" \/>En caso de discrepancias, puede presentar una reclamaci\u00f3n ante la autoridad de protecci\u00f3n de datos competente.<\/p>\n<hr data-start=\"5200\" data-end=\"5203\" \/>\n<h3 data-start=\"5205\" data-end=\"5233\">Seguridad de los datos<\/h3>\n<p data-start=\"5234\" data-end=\"5534\">Aplicamos est\u00e1ndares de seguridad reconocidos para proteger sus datos durante la transmisi\u00f3n (por ejemplo, cifrado SSL) y el almacenamiento.<br data-start=\"5374\" data-end=\"5377\" \/>Conservamos sus datos mientras sean necesarios para prestar servicios o cumplir obligaciones legales (por ejemplo, 10 a\u00f1os para la informaci\u00f3n financiera).<\/p>\n<hr data-start=\"5536\" data-end=\"5539\" \/>\n<h3 data-start=\"5541\" data-end=\"5571\">Transiciones comerciales<\/h3>\n<p data-start=\"5572\" data-end=\"5687\">En caso de fusi\u00f3n, adquisici\u00f3n o venta de activos, sus datos personales podr\u00e1n transferirse junto con la empresa.<\/p>\n<hr data-start=\"5689\" data-end=\"5692\" \/>\n<h3 data-start=\"5694\" data-end=\"5722\">T\u00e9rminos y condiciones<\/h3>\n<p data-start=\"5723\" data-end=\"5921\">Toda visita a nuestros Sitios se rige por esta Pol\u00edtica de Privacidad y por nuestras <strong data-start=\"5808\" data-end=\"5834\">Condiciones de Reserva<\/strong>, que incluyen limitaciones de responsabilidad y m\u00e9todos de resoluci\u00f3n de conflictos.<\/p>\n<hr data-start=\"5923\" data-end=\"5926\" \/>\n<h3 data-start=\"5928\" data-end=\"5942\">Contacto<\/h3>\n<p data-start=\"5943\" data-end=\"6104\" data-is-last-node=\"\" data-is-only-node=\"\">Para cualquier consulta relacionada con sus datos personales, puede contactarnos:<br data-start=\"6024\" data-end=\"6027\" \/><strong data-start=\"6027\" data-end=\"6049\">Luxury Resorts Ltd<\/strong><br data-start=\"6049\" data-end=\"6052\" \/><strong data-start=\"6055\" data-end=\"6078\"><a class=\"decorated-link cursor-pointer\" rel=\"noopener\" data-start=\"6057\" data-end=\"6076\">contact@mmvilla.com<\/a><\/strong><br data-start=\"6078\" data-end=\"6081\" \/><strong data-start=\"6084\" data-end=\"6102\">+30 2108986000<\/strong><\/p>\n<h3><strong><span style=\"font-size: 16px;\">[\/vc_column_text][\/vc_column][\/vc_row][vc_row][vc_column][vc_empty_space height=&#8221;64px&#8221;][\/vc_column][\/vc_row]<\/span><\/strong><\/h3>","protected":false},"excerpt":{"rendered":"<p>[vc_row][vc_column][vc_empty_space height=&#8221;124px&#8221;][\/vc_column][\/vc_row][vc_row][vc_column][vc_column_text] Pol\u00edtica de Privacidad Informaci\u00f3n sobre nuestra empresa y sitios web Este sitio web www.mmvilla.com es propiedad de Luxury Resorts Ltd.La presente Pol\u00edtica de Privacidad le informa sobre las pr\u00e1cticas de protecci\u00f3n de datos, las opciones que tiene en relaci\u00f3n con la recopilaci\u00f3n de su informaci\u00f3n en l\u00ednea, el uso que se hace de[&#8230;] <a href=\"https:\/\/mmvilla.com\/es\/manu-mykonos-villa-privacidad-politica\/\" class=\"more-link\">Continue reading<\/a><\/p>\n","protected":false},"author":6,"featured_media":0,"parent":0,"menu_order":0,"comment_status":"closed","ping_status":"closed","template":"","meta":{"footnotes":""},"class_list":["post-11880","page","type-page","status-publish","hentry"],"yoast_head":"<!-- This site is optimized with the Yoast SEO Premium plugin v23.5 (Yoast SEO v25.7) - https:\/\/yoast.com\/wordpress\/plugins\/seo\/ -->\n<title>Privacidad Manu Mykonos Villa \u2013 Pol\u00edtica<\/title>\n<meta name=\"description\" content=\"Privacidad Manu Mykonos Villa: c\u00f3mo recopilamos, usamos y protegemos tus datos seg\u00fan el RGPD. Derechos, cookies y seguridad explicados.\" \/>\n<meta name=\"robots\" content=\"index, follow, max-snippet:-1, max-image-preview:large, max-video-preview:-1\" \/>\n<link rel=\"canonical\" href=\"https:\/\/mmvilla.com\/es\/manu-mykonos-villa-privacidad-politica\/\" \/>\n<meta property=\"og:locale\" content=\"es_ES\" \/>\n<meta property=\"og:type\" content=\"article\" \/>\n<meta property=\"og:title\" content=\"MANU MYKONOS VILLA Privacy Policy\" \/>\n<meta property=\"og:description\" content=\"Privacidad Manu Mykonos Villa: c\u00f3mo recopilamos, usamos y protegemos tus datos seg\u00fan el RGPD. Derechos, cookies y seguridad explicados.\" \/>\n<meta property=\"og:url\" content=\"https:\/\/mmvilla.com\/es\/manu-mykonos-villa-privacidad-politica\/\" \/>\n<meta property=\"og:site_name\" content=\"Majestic Manu Mykonos \u2013 Private Villa, Premium Suites &amp; More\" \/>\n<meta property=\"article:publisher\" content=\"https:\/\/www.facebook.com\/p\/Quality-Brand-Villas-100039678235957\/\" \/>\n<meta property=\"article:modified_time\" content=\"2025-09-24T20:15:16+00:00\" \/>\n<meta name=\"twitter:card\" content=\"summary_large_image\" \/>\n<meta name=\"twitter:label1\" content=\"Tiempo de lectura\" \/>\n\t<meta name=\"twitter:data1\" content=\"4 minutos\" \/>\n<script type=\"application\/ld+json\" class=\"yoast-schema-graph\">{\"@context\":\"https:\/\/schema.org\",\"@graph\":[{\"@type\":\"WebPage\",\"@id\":\"https:\/\/mmvilla.com\/es\/manu-mykonos-villa-privacidad-politica\/\",\"url\":\"https:\/\/mmvilla.com\/es\/manu-mykonos-villa-privacidad-politica\/\",\"name\":\"Privacidad Manu Mykonos Villa \u2013 Pol\u00edtica\",\"isPartOf\":{\"@id\":\"https:\/\/mmvilla.com\/#website\"},\"datePublished\":\"2023-11-06T07:14:49+00:00\",\"dateModified\":\"2025-09-24T20:15:16+00:00\",\"description\":\"Privacidad Manu Mykonos Villa: c\u00f3mo recopilamos, usamos y protegemos tus datos seg\u00fan el RGPD. Derechos, cookies y seguridad explicados.\",\"breadcrumb\":{\"@id\":\"https:\/\/mmvilla.com\/es\/manu-mykonos-villa-privacidad-politica\/#breadcrumb\"},\"inLanguage\":\"es\",\"potentialAction\":[{\"@type\":\"ReadAction\",\"target\":[\"https:\/\/mmvilla.com\/es\/manu-mykonos-villa-privacidad-politica\/\"]}]},{\"@type\":\"BreadcrumbList\",\"@id\":\"https:\/\/mmvilla.com\/es\/manu-mykonos-villa-privacidad-politica\/#breadcrumb\",\"itemListElement\":[{\"@type\":\"ListItem\",\"position\":1,\"name\":\"Home\",\"item\":\"https:\/\/mmvilla.com\/es\/\"},{\"@type\":\"ListItem\",\"position\":2,\"name\":\"MANU MYKONOS VILLA Privacy Policy\"}]},{\"@type\":\"WebSite\",\"@id\":\"https:\/\/mmvilla.com\/#website\",\"url\":\"https:\/\/mmvilla.com\/\",\"name\":\"Manu Mykonos Villa\",\"description\":\"Mykonos Luxury Living, Perfected by Majestic Manu\",\"publisher\":{\"@id\":\"https:\/\/mmvilla.com\/#organization\"},\"alternateName\":\"MMVILLA\",\"potentialAction\":[{\"@type\":\"SearchAction\",\"target\":{\"@type\":\"EntryPoint\",\"urlTemplate\":\"https:\/\/mmvilla.com\/?s={search_term_string}\"},\"query-input\":{\"@type\":\"PropertyValueSpecification\",\"valueRequired\":true,\"valueName\":\"search_term_string\"}}],\"inLanguage\":\"es\"},{\"@type\":\"Organization\",\"@id\":\"https:\/\/mmvilla.com\/#organization\",\"name\":\"QB Villas\",\"url\":\"https:\/\/mmvilla.com\/\",\"logo\":{\"@type\":\"ImageObject\",\"inLanguage\":\"es\",\"@id\":\"https:\/\/mmvilla.com\/#\/schema\/logo\/image\/\",\"url\":\"https:\/\/mmvilla.com\/wp-content\/uploads\/2018\/12\/QUALITY-BRAND-LOGO-KEM-QBVILLAS.png\",\"contentUrl\":\"https:\/\/mmvilla.com\/wp-content\/uploads\/2018\/12\/QUALITY-BRAND-LOGO-KEM-QBVILLAS.png\",\"width\":487,\"height\":500,\"caption\":\"QB Villas\"},\"image\":{\"@id\":\"https:\/\/mmvilla.com\/#\/schema\/logo\/image\/\"},\"sameAs\":[\"https:\/\/www.facebook.com\/p\/Quality-Brand-Villas-100039678235957\/\",\"https:\/\/www.instagram.com\/qualitybrandvillas\/\",\"https:\/\/www.linkedin.com\/company\/quality-brand-villas\"]}]}<\/script>\n<!-- \/ Yoast SEO Premium plugin. -->","yoast_head_json":{"title":"Privacidad Manu Mykonos Villa \u2013 Pol\u00edtica","description":"Privacidad Manu Mykonos Villa: c\u00f3mo recopilamos, usamos y protegemos tus datos seg\u00fan el RGPD. Derechos, cookies y seguridad explicados.","robots":{"index":"index","follow":"follow","max-snippet":"max-snippet:-1","max-image-preview":"max-image-preview:large","max-video-preview":"max-video-preview:-1"},"canonical":"https:\/\/mmvilla.com\/es\/manu-mykonos-villa-privacidad-politica\/","og_locale":"es_ES","og_type":"article","og_title":"MANU MYKONOS VILLA Privacy Policy","og_description":"Privacidad Manu Mykonos Villa: c\u00f3mo recopilamos, usamos y protegemos tus datos seg\u00fan el RGPD. Derechos, cookies y seguridad explicados.","og_url":"https:\/\/mmvilla.com\/es\/manu-mykonos-villa-privacidad-politica\/","og_site_name":"Majestic Manu Mykonos \u2013 Private Villa, Premium Suites &amp; More","article_publisher":"https:\/\/www.facebook.com\/p\/Quality-Brand-Villas-100039678235957\/","article_modified_time":"2025-09-24T20:15:16+00:00","twitter_card":"summary_large_image","twitter_misc":{"Tiempo de lectura":"4 minutos"},"schema":{"@context":"https:\/\/schema.org","@graph":[{"@type":"WebPage","@id":"https:\/\/mmvilla.com\/es\/manu-mykonos-villa-privacidad-politica\/","url":"https:\/\/mmvilla.com\/es\/manu-mykonos-villa-privacidad-politica\/","name":"Privacidad Manu Mykonos Villa \u2013 Pol\u00edtica","isPartOf":{"@id":"https:\/\/mmvilla.com\/#website"},"datePublished":"2023-11-06T07:14:49+00:00","dateModified":"2025-09-24T20:15:16+00:00","description":"Privacidad Manu Mykonos Villa: c\u00f3mo recopilamos, usamos y protegemos tus datos seg\u00fan el RGPD. Derechos, cookies y seguridad explicados.","breadcrumb":{"@id":"https:\/\/mmvilla.com\/es\/manu-mykonos-villa-privacidad-politica\/#breadcrumb"},"inLanguage":"es","potentialAction":[{"@type":"ReadAction","target":["https:\/\/mmvilla.com\/es\/manu-mykonos-villa-privacidad-politica\/"]}]},{"@type":"BreadcrumbList","@id":"https:\/\/mmvilla.com\/es\/manu-mykonos-villa-privacidad-politica\/#breadcrumb","itemListElement":[{"@type":"ListItem","position":1,"name":"Home","item":"https:\/\/mmvilla.com\/es\/"},{"@type":"ListItem","position":2,"name":"MANU MYKONOS VILLA Privacy Policy"}]},{"@type":"WebSite","@id":"https:\/\/mmvilla.com\/#website","url":"https:\/\/mmvilla.com\/","name":"Manu Mykonos Villa","description":"Mykonos Luxury Living, Perfected by Majestic Manu","publisher":{"@id":"https:\/\/mmvilla.com\/#organization"},"alternateName":"MMVILLA","potentialAction":[{"@type":"SearchAction","target":{"@type":"EntryPoint","urlTemplate":"https:\/\/mmvilla.com\/?s={search_term_string}"},"query-input":{"@type":"PropertyValueSpecification","valueRequired":true,"valueName":"search_term_string"}}],"inLanguage":"es"},{"@type":"Organization","@id":"https:\/\/mmvilla.com\/#organization","name":"QB Villas","url":"https:\/\/mmvilla.com\/","logo":{"@type":"ImageObject","inLanguage":"es","@id":"https:\/\/mmvilla.com\/#\/schema\/logo\/image\/","url":"https:\/\/mmvilla.com\/wp-content\/uploads\/2018\/12\/QUALITY-BRAND-LOGO-KEM-QBVILLAS.png","contentUrl":"https:\/\/mmvilla.com\/wp-content\/uploads\/2018\/12\/QUALITY-BRAND-LOGO-KEM-QBVILLAS.png","width":487,"height":500,"caption":"QB Villas"},"image":{"@id":"https:\/\/mmvilla.com\/#\/schema\/logo\/image\/"},"sameAs":["https:\/\/www.facebook.com\/p\/Quality-Brand-Villas-100039678235957\/","https:\/\/www.instagram.com\/qualitybrandvillas\/","https:\/\/www.linkedin.com\/company\/quality-brand-villas"]}]}},"_links":{"self":[{"href":"https:\/\/mmvilla.com\/es\/wp-json\/wp\/v2\/pages\/11880","targetHints":{"allow":["GET"]}}],"collection":[{"href":"https:\/\/mmvilla.com\/es\/wp-json\/wp\/v2\/pages"}],"about":[{"href":"https:\/\/mmvilla.com\/es\/wp-json\/wp\/v2\/types\/page"}],"author":[{"embeddable":true,"href":"https:\/\/mmvilla.com\/es\/wp-json\/wp\/v2\/users\/6"}],"replies":[{"embeddable":true,"href":"https:\/\/mmvilla.com\/es\/wp-json\/wp\/v2\/comments?post=11880"}],"version-history":[{"count":4,"href":"https:\/\/mmvilla.com\/es\/wp-json\/wp\/v2\/pages\/11880\/revisions"}],"predecessor-version":[{"id":11954,"href":"https:\/\/mmvilla.com\/es\/wp-json\/wp\/v2\/pages\/11880\/revisions\/11954"}],"wp:attachment":[{"href":"https:\/\/mmvilla.com\/es\/wp-json\/wp\/v2\/media?parent=11880"}],"curies":[{"name":"wp","href":"https:\/\/api.w.org\/{rel}","templated":true}]}}