{"id":10384,"date":"2025-05-03T02:25:39","date_gmt":"2025-05-02T23:25:39","guid":{"rendered":"https:\/\/mmvilla.com\/manu-mykonos-villa-home-2\/"},"modified":"2026-02-03T05:36:26","modified_gmt":"2026-02-03T03:36:26","slug":"manu-mykonos-villa-home","status":"publish","type":"page","link":"https:\/\/mmvilla.com\/fr\/","title":{"rendered":"MANU MYKONOS VILLA"},"content":{"rendered":"<p>[vc_row full_width=&#8221;stretch_row&#8221; gap=&#8221;&#8221; parallax=&#8221;content-moving&#8221; parallax_image=&#8221;8607&#8243; parallax_speed_bg=&#8221;0,5&#8243; overlay_color=&#8221;rgba(0,0,0,0.5)&#8221; text_color=&#8221;#ffffff&#8221; css=&#8221;.vc_custom_1770085894390{padding-top: 220px !important;padding-bottom: 140px !important;}&#8221;][vc_column]<div class=\"heading-with-separator text-center id_169e07a0b5f89e1676178523  vc_custom_1759770048402  \"><div class=\"header-content\">\n\t\t\t<p class=\"h-subheading\">Villa de Luxe Haut de Gamme \u2013 Certification d\u2019Excellence &amp; Label de Prestige<\/p>\n\t\t\t<h2 class=\"heading  \" style=\"; letter-spacing: 0px; \"><i><\/i> Villa de Luxe Majestic Manu Mykonos \u2013 \u00c9l\u00e9gance Supr\u00eame avec Vue Panoramique sur la Mer &amp; Piscine Priv\u00e9e<\/h2><\/div><\/div><div class=\"custom-styles\" data-styles=\".id_169e07a0b5f89e1676178523 .heading-decorator-1:before, .id_169e07a0b5f89e1676178523 .heading-decorator-1:after { border-color: #ffffff}\"><\/div>[vc_empty_space]<div class=\"btn-wrapper text-center id_169e07a0b5f93287304699   icon-left \" ><a href=\"https:\/\/mmvilla.com\/fr\/manu-mykonos-villa-reserver-en-ligne\/\"  class=\"btn btn-lg btn-light btn-outline\" data-btn-text=\"RESERVER EN LIGNE\">RESERVER EN LIGNE<\/a><\/div>[vc_empty_space][\/vc_column][\/vc_row][vc_row full_width=&#8221;stretch_row&#8221; gap=&#8221;&#8221; parallax_image=&#8221;8597&#8243; text_color=&#8221;#ffffff&#8221; css=&#8221;.vc_custom_1750097231566{padding-top: 120px !important;padding-bottom: 120px !important;}&#8221;][vc_column width=&#8221;1\/3&#8243; css=&#8221;.vc_custom_1746226634923{background-color: rgba(175,156,78,0.4) !important;*background-color: rgb(175,156,78) !important;}&#8221;][vc_empty_space][vc_empty_space]<div class=\"heading-with-separator text-left id_169e07a0b5f9ca242733891  vc_custom_1755632084867  \"><div class=\"header-content\">\n\t\t\t<p class=\"h-subheading\">UN PARADIS SECRET \u00c0 MYKONOS<\/p>\n\t\t\t<h5 class=\"heading  heading-decorator-1\" style=\"; letter-spacing: 0px; \"><i><\/i> Incontestablement Brillant, Ind\u00e9niablement Incroyable<\/h5><\/div><\/div><div class=\"custom-styles\" data-styles=\".id_169e07a0b5f9ca242733891 .heading-decorator-1:before, .id_169e07a0b5f9ca242733891 .heading-decorator-1:after { border-color: #ffffff}\"><\/div>[vc_empty_space height=&#8221;40px&#8221;]<div class=\"heading-with-separator text-left id_169e07a0b5f9f01385280074  vc_custom_1755610515512  \"><div class=\"header-content\">\n\t\t\t<p class=\"h-subheading\"><\/p>\n\t\t\t<h6 class=\"heading  \" style=\"; letter-spacing: 0px; \"><i><\/i> RELAXEZ-VOUS AU C\u0152UR DU LIEU ID\u00c9AL<\/h6><\/div><\/div><div class=\"custom-styles\" data-styles=\".id_169e07a0b5f9f01385280074 .heading-decorator-1:before, .id_169e07a0b5f9f01385280074 .heading-decorator-1:after { border-color: #ffffff}\"><\/div><div class=\"heading-with-separator text-left id_169e07a0b5fa11690027555  vc_custom_1755610579874  \"><div class=\"header-content\">\n\t\t\t<p class=\"h-subheading\"><\/p>\n\t\t\t<h6 class=\"heading  \" style=\"; letter-spacing: 0px; \"><i><\/i> \u00c0 seulement 150 m de la plage idyllique d\u2019Agia Anna, le Majestic Manu Mykonos vous ouvre les portes d\u2019un sanctuaire exclusif. Profitez de vues panoramiques envo\u00fbtantes et d\u2019un s\u00e9jour luxueux dans l\u2019un des \u00e9crins les plus pittoresques et recherch\u00e9s de Mykonos<\/h6><\/div><\/div><div class=\"custom-styles\" data-styles=\".id_169e07a0b5fa11690027555 .heading-decorator-1:before, .id_169e07a0b5fa11690027555 .heading-decorator-1:after { border-color: #ffffff}\"><\/div>[vc_empty_space][vc_empty_space][\/vc_column][vc_column width=&#8221;2\/3&#8243;][\/vc_column][\/vc_row][vc_row full_width=&#8221;stretch_row&#8221; gap=&#8221;&#8221; parallax_image=&#8221;10306&#8243; text_color=&#8221;#ffffff&#8221; css=&#8221;.vc_custom_1750098182591{padding-top: 120px !important;padding-bottom: 120px !important;}&#8221;][vc_column width=&#8221;2\/3&#8243;][\/vc_column][vc_column width=&#8221;1\/3&#8243; css=&#8221;.vc_custom_1746226979866{background-color: rgba(175,156,78,0.2) !important;*background-color: rgb(175,156,78) !important;}&#8221;][vc_empty_space][vc_empty_space]<div class=\"heading-with-separator text-left id_169e07a0b5fa2f1809096616  vc_custom_1759770248099  \"><div class=\"header-content\">\n\t\t\t<p class=\"h-subheading\">UNE VILLA D\u2019EXCEPTION, NICH\u00c9E DANS UN LIEU PR\u00c9SERV\u00c9, POUR DES INSTANTS INOUBLIABLES<\/p>\n\t\t\t<h5 class=\"heading  heading-decorator-1\" style=\"; letter-spacing: 0px; \"><i><\/i> \u00c9merveillez-vous devant des couchers de soleil \u00e0 couper le souffle et laissez-vous aller \u00e0 la d\u00e9tente<\/h5><\/div><\/div><div class=\"custom-styles\" data-styles=\".id_169e07a0b5fa2f1809096616 .heading-decorator-1:before, .id_169e07a0b5fa2f1809096616 .heading-decorator-1:after { border-color: #ffffff}\"><\/div>[vc_empty_space height=&#8221;40px&#8221;]<div class=\"heading-with-separator text-left id_169e07a0b5fa4c1406179832  vc_custom_1755610994016  \"><div class=\"header-content\">\n\t\t\t<p class=\"h-subheading\"><\/p>\n\t\t\t<h6 class=\"heading  \" style=\"; letter-spacing: 0px; \"><i><\/i> LE PRIVIL\u00c8GE UNIQUE D\u2019EXPLORER QUATRE PLAGES SUBLIMES, TOUTES ACCESSIBLES EN TOUTE \u00c9L\u00c9GANCE DEPUIS VOTRE VILLA<\/h6><\/div><\/div><div class=\"custom-styles\" data-styles=\".id_169e07a0b5fa4c1406179832 .heading-decorator-1:before, .id_169e07a0b5fa4c1406179832 .heading-decorator-1:after { border-color: #ffffff}\"><\/div><div class=\"heading-with-separator text-left id_169e07a0b5fa68882273339  vc_custom_1755611077052  \"><div class=\"header-content\">\n\t\t\t<p class=\"h-subheading\"><\/p>\n\t\t\t<h6 class=\"heading  \" style=\"; letter-spacing: 0px; \"><i><\/i> Le Majestic Manu Mykonos Retreat Villa est bien plus qu\u2019une adresse : c\u2019est une invitation \u00e0 l\u2019\u00e9vasion. Nich\u00e9e dans un lieu exclusif, cette villa r\u00e9v\u00e8le des panoramas marins \u00e0 couper le souffle et une atmosph\u00e8re empreinte de romantisme. Ici, chaque instant devient une exp\u00e9rience unique, pens\u00e9e pour les voyageurs d\u2019exception en qu\u00eate de raffinement, d\u2019\u00e9motions et de souvenirs inoubliables.<\/h6><\/div><\/div><div class=\"custom-styles\" data-styles=\".id_169e07a0b5fa68882273339 .heading-decorator-1:before, .id_169e07a0b5fa68882273339 .heading-decorator-1:after { border-color: #ffffff}\"><\/div>[vc_empty_space][vc_empty_space][\/vc_column][\/vc_row][vc_row full_width=&#8221;stretch_row&#8221; gap=&#8221;&#8221; parallax_image=&#8221;8615&#8243; text_color=&#8221;#ffffff&#8221; css=&#8221;.vc_custom_1746227228043{padding-top: 120px !important;padding-bottom: 120px !important;}&#8221;][vc_column width=&#8221;1\/3&#8243; css=&#8221;.vc_custom_1746226281985{background-color: rgba(175,156,78,0.18) !important;*background-color: rgb(175,156,78) !important;}&#8221;][vc_empty_space][vc_empty_space]<div class=\"heading-with-separator text-left id_169e07a0b5fa82155948565  vc_custom_1755632061933  \"><div class=\"header-content\">\n\t\t\t<p class=\"h-subheading\"><\/p>\n\t\t\t<h5 class=\"heading  heading-decorator-1\" style=\"; letter-spacing: 0px; \"><i><\/i> Laissez-vous envo\u00fbter par l\u2019art, les ar\u00f4mes, le myst\u00e8re et la qui\u00e9tude dans l\u2019intimit\u00e9 de votre chambre mykonienne<\/h5><\/div><\/div><div class=\"custom-styles\" data-styles=\".id_169e07a0b5fa82155948565 .heading-decorator-1:before, .id_169e07a0b5fa82155948565 .heading-decorator-1:after { border-color: #ffffff}\"><\/div>[vc_empty_space height=&#8221;40px&#8221;]<div class=\"heading-with-separator text-left id_169e07a0b5fac11065431725  vc_custom_1755611945950  \"><div class=\"header-content\">\n\t\t\t<p class=\"h-subheading\"><\/p>\n\t\t\t<h6 class=\"heading  \" style=\"; letter-spacing: 0px; \"><i><\/i> INSPIR\u00c9 PAR L\u2019ESSENCE M\u00caME DE L\u2019HOSPITALIT\u00c9 V\u00c9RITABLE<\/h6><\/div><\/div><div class=\"custom-styles\" data-styles=\".id_169e07a0b5fac11065431725 .heading-decorator-1:before, .id_169e07a0b5fac11065431725 .heading-decorator-1:after { border-color: #ffffff}\"><\/div><div class=\"heading-with-separator text-left id_169e07a0b5fade1787563598  vc_custom_1755612036333  \"><div class=\"header-content\">\n\t\t\t<p class=\"h-subheading\"><\/p>\n\t\t\t<h6 class=\"heading  \" style=\"; letter-spacing: 0px; \"><i><\/i> Laissez-vous envelopper par la qui\u00e9tude d\u2019espaces \u00e9l\u00e9gants o\u00f9 chaque d\u00e9tail respire l\u2019harmonie. La douceur d\u2019une literie premium caresse vos nuits, tandis que des touches d\u00e9coratives apaisantes \u00e9veillent une s\u00e9r\u00e9nit\u00e9 subtile. Depuis vos fen\u00eatres, l\u2019horizon s\u2019ouvre sur l\u2019infini bleu de la mer \u00c9g\u00e9e, invitant \u00e0 savourer l\u2019art du luxe pieds nus, entre confort moderne et po\u00e9sie m\u00e9diterran\u00e9enne.<\/h6><\/div><\/div><div class=\"custom-styles\" data-styles=\".id_169e07a0b5fade1787563598 .heading-decorator-1:before, .id_169e07a0b5fade1787563598 .heading-decorator-1:after { border-color: #ffffff}\"><\/div>[vc_empty_space][vc_empty_space][\/vc_column][vc_column width=&#8221;2\/3&#8243;][\/vc_column][\/vc_row][vc_row full_width=&#8221;stretch_row&#8221; gap=&#8221;&#8221; parallax_image=&#8221;9134&#8243; text_color=&#8221;#ffffff&#8221; css=&#8221;.vc_custom_1746227220564{padding-top: 120px !important;padding-bottom: 120px !important;}&#8221;][vc_column width=&#8221;2\/3&#8243;][\/vc_column][vc_column width=&#8221;1\/3&#8243; css=&#8221;.vc_custom_1746227255750{background-color: rgba(175,156,78,0.34) !important;*background-color: rgb(175,156,78) !important;}&#8221;][vc_empty_space][vc_empty_space]<div class=\"heading-with-separator text-left id_169e07a0b5faf8730778406  vc_custom_1759770084862  \"><div class=\"header-content\">\n\t\t\t<p class=\"h-subheading\">OFFREZ-VOUS LA PARFAITE ALLIANCE ENTRE \u00c9L\u00c9GANCE CONTEMPORAINE ET HOSPITALIT\u00c9 GRECQUE AUTHENTIQUE<\/p>\n\t\t\t<h5 class=\"heading  heading-decorator-1\" style=\"; letter-spacing: 0px; \"><i><\/i> Au c\u0153ur de l\u2019\u00eele enchanteresse de Mykonos, laissez-vous s\u00e9duire par une retraite inoubliable au Majestic Manu Mykonos Retreat Villa \u2014 un sanctuaire o\u00f9 luxe, s\u00e9r\u00e9nit\u00e9 et \u00e9motions se rencontrent.<\/h5><\/div><\/div><div class=\"custom-styles\" data-styles=\".id_169e07a0b5faf8730778406 .heading-decorator-1:before, .id_169e07a0b5faf8730778406 .heading-decorator-1:after { border-color: #ffffff}\"><\/div>[vc_empty_space height=&#8221;40px&#8221;]<div class=\"heading-with-separator text-left id_169e07a0b5fb10604247232  vc_custom_1755612294406  \"><div class=\"header-content\">\n\t\t\t<p class=\"h-subheading\"><\/p>\n\t\t\t<h6 class=\"heading  \" style=\"; letter-spacing: 0px; \"><i><\/i> UN ART DE RECEVOIR N\u00c9 DE LA FIERT\u00c9 ET DES VALEURS D\u2019UNE HOSPITALIT\u00c9 AUTHENTIQUE<\/h6><\/div><\/div><div class=\"custom-styles\" data-styles=\".id_169e07a0b5fb10604247232 .heading-decorator-1:before, .id_169e07a0b5fb10604247232 .heading-decorator-1:after { border-color: #ffffff}\"><\/div><div class=\"heading-with-separator text-left id_169e07a0b5fb273049278  vc_custom_1755612371863  \"><div class=\"header-content\">\n\t\t\t<p class=\"h-subheading\"><\/p>\n\t\t\t<h6 class=\"heading  \" style=\"; letter-spacing: 0px; \"><i><\/i> Un souffle d\u2019harmonie et de s\u00e9r\u00e9nit\u00e9<\/h6><\/div><\/div><div class=\"custom-styles\" data-styles=\".id_169e07a0b5fb273049278 .heading-decorator-1:before, .id_169e07a0b5fb273049278 .heading-decorator-1:after { border-color: #ffffff}\"><\/div>[vc_empty_space][vc_empty_space][\/vc_column][\/vc_row][vc_row full_width=&#8221;stretch_row_content&#8221; gap=&#8221;&#8221; equal_height=&#8221;yes&#8221; parallax=&#8221;content-moving&#8221; parallax_speed_bg=&#8221;0,5&#8243; text_color=&#8221;#ffffff&#8221; css=&#8221;.vc_custom_1759030370179{padding-top: 80px !important;padding-bottom: 80px !important;background-image: url(https:\/\/mmvilla.com\/wp-content\/uploads\/2025\/09\/mykonos-Manu-Villa.jpg?id=12269) !important;background-position: center;background-repeat: no-repeat !important;background-size: cover !important;}&#8221;][vc_column width=&#8221;2\/12&#8243;][\/vc_column][vc_column width=&#8221;8\/12&#8243;]<div class=\"heading-with-separator text-center id_169e07a0b5fb3e16819761   \"><div class=\"header-content\">\n\t\t\t<p class=\"h-subheading\"><\/p>\n\t\t\t<h3 class=\"heading  heading-decorator-1\" style=\"color: #000000; letter-spacing: 0px; \">VOTRE PARENTH\u00c8SE \u00c0 MYKONOS, FA\u00c7ONN\u00c9E \u00c0 VOTRE MESURE<\/h3><\/div><\/div><div class=\"custom-styles\" data-styles=\".id_169e07a0b5fb3e16819761 .heading-decorator-1:before, .id_169e07a0b5fb3e16819761 .heading-decorator-1:after { border-color: #000000}\"><\/div>[vc_empty_space height=&#8221;10px&#8221;]<div class=\"heading-with-separator text-center id_169e07a0b5fb56662271977  vc_custom_1759770114094  \"><div class=\"header-content\">\n\t\t\t<p class=\"h-subheading\"><\/p>\n\t\t\t<h5 class=\"heading  \" style=\"color: #000000; letter-spacing: 0px; \"><i><\/i>Majestic Manu Mykonos \u2013 Votre Villa exclusive \u00e0 Mykonos<br \/>\nL\u2019alliance parfaite entre \u00e9l\u00e9gance cycladique et s\u00e9r\u00e9nit\u00e9 d\u2019aujourd\u2019hui<\/h5><\/div><\/div><div class=\"custom-styles\" data-styles=\".id_169e07a0b5fb56662271977 .heading-decorator-1:before, .id_169e07a0b5fb56662271977 .heading-decorator-1:after { border-color: #000000}\"><\/div><div class=\"heading-with-separator text-center id_169e07a0b5fb6c697959609   \"><div class=\"header-content\">\n\t\t\t<p class=\"h-subheading\"><\/p>\n\t\t\t<h6 class=\"heading  \" style=\"color: #000000; letter-spacing: 0px; \">Id\u00e9alement situ\u00e9 \u00e0 quelques pas des plus belles plages de l\u2019\u00eele, le Majestic Manu Mykonos Villa d\u00e9voile une atmosph\u00e8re sereine, o\u00f9 l\u2019architecture iconique des Cyclades se marie \u00e0 un style contemporain raffin\u00e9.<\/h6><\/div><\/div><div class=\"custom-styles\" data-styles=\".id_169e07a0b5fb6c697959609 .heading-decorator-1:before, .id_169e07a0b5fb6c697959609 .heading-decorator-1:after { border-color: }\"><\/div><div class=\"heading-with-separator text-center id_169e07a0b5fb821547327402   \"><div class=\"header-content\">\n\t\t\t<p class=\"h-subheading\"><\/p>\n\t\t\t<h5 class=\"heading  \" style=\"color: #000000; letter-spacing: 0px; \">Choisissez parmi des suites luxueuses, de charmants bungalows ou la villa enti\u00e8re \u2014 chacun con\u00e7u pour offrir intimit\u00e9, s\u00e9r\u00e9nit\u00e9 et une sophistication sans effort.<\/h5><\/div><\/div><div class=\"custom-styles\" data-styles=\".id_169e07a0b5fb821547327402 .heading-decorator-1:before, .id_169e07a0b5fb821547327402 .heading-decorator-1:after { border-color: }\"><\/div>[vc_empty_space height=&#8221;20px&#8221;]<div class=\"btn-wrapper text-center id_169e07a0b5fb9b182624258   icon-left \" ><a href=\"https:\/\/mmvilla.com\/fr\/manu-mykonos-hebergement\/\"  class=\"btn btn-lg btn-dark btn-solid\" data-btn-text=\"H\u00e9bergement\">H\u00e9bergement<\/a><\/div>[\/vc_column][vc_column width=&#8221;2\/12&#8243;][\/vc_column][\/vc_row]<\/p>","protected":false},"excerpt":{"rendered":"<p>[vc_row full_width=&#8221;stretch_row&#8221; gap=&#8221;&#8221; parallax=&#8221;content-moving&#8221; parallax_image=&#8221;8607&#8243; parallax_speed_bg=&#8221;0,5&#8243; overlay_color=&#8221;rgba(0,0,0,0.5)&#8221; text_color=&#8221;#ffffff&#8221; css=&#8221;.vc_custom_1770085894390{padding-top: 220px !important;padding-bottom: 140px !important;}&#8221;][vc_column][vc_empty_space][vc_empty_space][\/vc_column][\/vc_row][vc_row full_width=&#8221;stretch_row&#8221; gap=&#8221;&#8221; parallax_image=&#8221;8597&#8243; text_color=&#8221;#ffffff&#8221; css=&#8221;.vc_custom_1750097231566{padding-top: 120px !important;padding-bottom: 120px !important;}&#8221;][vc_column width=&#8221;1\/3&#8243; css=&#8221;.vc_custom_1746226634923{background-color: rgba(175,156,78,0.4) !important;*background-color: rgb(175,156,78) !important;}&#8221;][vc_empty_space][vc_empty_space][vc_empty_space height=&#8221;40px&#8221;][vc_empty_space][vc_empty_space][\/vc_column][vc_column width=&#8221;2\/3&#8243;][\/vc_column][\/vc_row][vc_row full_width=&#8221;stretch_row&#8221; gap=&#8221;&#8221; parallax_image=&#8221;10306&#8243; text_color=&#8221;#ffffff&#8221; css=&#8221;.vc_custom_1750098182591{padding-top: 120px !important;padding-bottom: 120px !important;}&#8221;][vc_column width=&#8221;2\/3&#8243;][\/vc_column][vc_column width=&#8221;1\/3&#8243; css=&#8221;.vc_custom_1746226979866{background-color: rgba(175,156,78,0.2) !important;*background-color: rgb(175,156,78) !important;}&#8221;][vc_empty_space][vc_empty_space][vc_empty_space height=&#8221;40px&#8221;][vc_empty_space][vc_empty_space][\/vc_column][\/vc_row][vc_row full_width=&#8221;stretch_row&#8221; gap=&#8221;&#8221; parallax_image=&#8221;8615&#8243; text_color=&#8221;#ffffff&#8221; css=&#8221;.vc_custom_1746227228043{padding-top: 120px !important;padding-bottom: 120px[&#8230;] <a href=\"https:\/\/mmvilla.com\/fr\/\" class=\"more-link\">Continue reading<\/a><\/p>\n","protected":false},"author":2,"featured_media":0,"parent":0,"menu_order":0,"comment_status":"closed","ping_status":"closed","template":"","meta":{"footnotes":""},"class_list":["post-10384","page","type-page","status-publish","hentry"],"yoast_head":"<!-- This site is optimized with the Yoast SEO Premium plugin v23.5 (Yoast SEO v25.7) - https:\/\/yoast.com\/wordpress\/plugins\/seo\/ -->\n<title>Manu Mykonos Retreat Villa \u2013 Luxe avec Vue Mer &amp; Acc\u00e8s Plages<\/title>\n<meta name=\"description\" content=\"Manu Mykonos Villa : luxe, romantisme et panoramas marins d\u2019exception. Acc\u00e9dez avec \u00e9l\u00e9gance \u00e0 4 plages sublimes depuis votre villa.\" \/>\n<meta name=\"robots\" content=\"index, follow, max-snippet:-1, max-image-preview:large, max-video-preview:-1\" \/>\n<link rel=\"canonical\" href=\"https:\/\/mmvilla.com\/fr\/\" \/>\n<meta property=\"og:locale\" content=\"fr_FR\" \/>\n<meta property=\"og:type\" content=\"article\" \/>\n<meta property=\"og:title\" content=\"MANU MYKONOS VILLA\" \/>\n<meta property=\"og:description\" content=\"Manu Mykonos Villa : luxe, romantisme et panoramas marins d\u2019exception. Acc\u00e9dez avec \u00e9l\u00e9gance \u00e0 4 plages sublimes depuis votre villa.\" \/>\n<meta property=\"og:url\" content=\"https:\/\/mmvilla.com\/fr\/\" \/>\n<meta property=\"og:site_name\" content=\"Majestic Manu Mykonos \u2013 Private Villa, Premium Suites &amp; More\" \/>\n<meta property=\"article:publisher\" content=\"https:\/\/www.facebook.com\/p\/Quality-Brand-Villas-100039678235957\/\" \/>\n<meta property=\"article:modified_time\" content=\"2026-02-03T03:36:26+00:00\" \/>\n<meta name=\"twitter:card\" content=\"summary_large_image\" \/>\n<meta name=\"twitter:label1\" content=\"Dur\u00e9e de lecture estim\u00e9e\" \/>\n\t<meta name=\"twitter:data1\" content=\"3 minutes\" \/>\n<script type=\"application\/ld+json\" class=\"yoast-schema-graph\">{\"@context\":\"https:\/\/schema.org\",\"@graph\":[{\"@type\":\"WebPage\",\"@id\":\"https:\/\/mmvilla.com\/fr\/\",\"url\":\"https:\/\/mmvilla.com\/fr\/\",\"name\":\"Manu Mykonos Retreat Villa \u2013 Luxe avec Vue Mer & Acc\u00e8s Plages\",\"isPartOf\":{\"@id\":\"https:\/\/mmvilla.com\/#website\"},\"datePublished\":\"2025-05-02T23:25:39+00:00\",\"dateModified\":\"2026-02-03T03:36:26+00:00\",\"description\":\"Manu Mykonos Villa : luxe, romantisme et panoramas marins d\u2019exception. Acc\u00e9dez avec \u00e9l\u00e9gance \u00e0 4 plages sublimes depuis votre villa.\",\"breadcrumb\":{\"@id\":\"https:\/\/mmvilla.com\/fr\/#breadcrumb\"},\"inLanguage\":\"fr-FR\",\"potentialAction\":[{\"@type\":\"ReadAction\",\"target\":[\"https:\/\/mmvilla.com\/fr\/\"]}]},{\"@type\":\"BreadcrumbList\",\"@id\":\"https:\/\/mmvilla.com\/fr\/#breadcrumb\",\"itemListElement\":[{\"@type\":\"ListItem\",\"position\":1,\"name\":\"Home\",\"item\":\"https:\/\/mmvilla.com\/fr\/\"},{\"@type\":\"ListItem\",\"position\":2,\"name\":\"MANU MYKONOS VILLA\"}]},{\"@type\":\"WebSite\",\"@id\":\"https:\/\/mmvilla.com\/#website\",\"url\":\"https:\/\/mmvilla.com\/\",\"name\":\"Manu Mykonos Villa\",\"description\":\"Mykonos Luxury Living, Perfected by Majestic Manu\",\"publisher\":{\"@id\":\"https:\/\/mmvilla.com\/#organization\"},\"alternateName\":\"MMVILLA\",\"potentialAction\":[{\"@type\":\"SearchAction\",\"target\":{\"@type\":\"EntryPoint\",\"urlTemplate\":\"https:\/\/mmvilla.com\/?s={search_term_string}\"},\"query-input\":{\"@type\":\"PropertyValueSpecification\",\"valueRequired\":true,\"valueName\":\"search_term_string\"}}],\"inLanguage\":\"fr-FR\"},{\"@type\":\"Organization\",\"@id\":\"https:\/\/mmvilla.com\/#organization\",\"name\":\"QB Villas\",\"url\":\"https:\/\/mmvilla.com\/\",\"logo\":{\"@type\":\"ImageObject\",\"inLanguage\":\"fr-FR\",\"@id\":\"https:\/\/mmvilla.com\/#\/schema\/logo\/image\/\",\"url\":\"https:\/\/mmvilla.com\/wp-content\/uploads\/2018\/12\/QUALITY-BRAND-LOGO-KEM-QBVILLAS.png\",\"contentUrl\":\"https:\/\/mmvilla.com\/wp-content\/uploads\/2018\/12\/QUALITY-BRAND-LOGO-KEM-QBVILLAS.png\",\"width\":487,\"height\":500,\"caption\":\"QB Villas\"},\"image\":{\"@id\":\"https:\/\/mmvilla.com\/#\/schema\/logo\/image\/\"},\"sameAs\":[\"https:\/\/www.facebook.com\/p\/Quality-Brand-Villas-100039678235957\/\",\"https:\/\/www.instagram.com\/qualitybrandvillas\/\",\"https:\/\/www.linkedin.com\/company\/quality-brand-villas\"]}]}<\/script>\n<!-- \/ Yoast SEO Premium plugin. -->","yoast_head_json":{"title":"Manu Mykonos Retreat Villa \u2013 Luxe avec Vue Mer & Acc\u00e8s Plages","description":"Manu Mykonos Villa : luxe, romantisme et panoramas marins d\u2019exception. Acc\u00e9dez avec \u00e9l\u00e9gance \u00e0 4 plages sublimes depuis votre villa.","robots":{"index":"index","follow":"follow","max-snippet":"max-snippet:-1","max-image-preview":"max-image-preview:large","max-video-preview":"max-video-preview:-1"},"canonical":"https:\/\/mmvilla.com\/fr\/","og_locale":"fr_FR","og_type":"article","og_title":"MANU MYKONOS VILLA","og_description":"Manu Mykonos Villa : luxe, romantisme et panoramas marins d\u2019exception. Acc\u00e9dez avec \u00e9l\u00e9gance \u00e0 4 plages sublimes depuis votre villa.","og_url":"https:\/\/mmvilla.com\/fr\/","og_site_name":"Majestic Manu Mykonos \u2013 Private Villa, Premium Suites &amp; More","article_publisher":"https:\/\/www.facebook.com\/p\/Quality-Brand-Villas-100039678235957\/","article_modified_time":"2026-02-03T03:36:26+00:00","twitter_card":"summary_large_image","twitter_misc":{"Dur\u00e9e de lecture estim\u00e9e":"3 minutes"},"schema":{"@context":"https:\/\/schema.org","@graph":[{"@type":"WebPage","@id":"https:\/\/mmvilla.com\/fr\/","url":"https:\/\/mmvilla.com\/fr\/","name":"Manu Mykonos Retreat Villa \u2013 Luxe avec Vue Mer & Acc\u00e8s Plages","isPartOf":{"@id":"https:\/\/mmvilla.com\/#website"},"datePublished":"2025-05-02T23:25:39+00:00","dateModified":"2026-02-03T03:36:26+00:00","description":"Manu Mykonos Villa : luxe, romantisme et panoramas marins d\u2019exception. Acc\u00e9dez avec \u00e9l\u00e9gance \u00e0 4 plages sublimes depuis votre villa.","breadcrumb":{"@id":"https:\/\/mmvilla.com\/fr\/#breadcrumb"},"inLanguage":"fr-FR","potentialAction":[{"@type":"ReadAction","target":["https:\/\/mmvilla.com\/fr\/"]}]},{"@type":"BreadcrumbList","@id":"https:\/\/mmvilla.com\/fr\/#breadcrumb","itemListElement":[{"@type":"ListItem","position":1,"name":"Home","item":"https:\/\/mmvilla.com\/fr\/"},{"@type":"ListItem","position":2,"name":"MANU MYKONOS VILLA"}]},{"@type":"WebSite","@id":"https:\/\/mmvilla.com\/#website","url":"https:\/\/mmvilla.com\/","name":"Manu Mykonos Villa","description":"Mykonos Luxury Living, Perfected by Majestic Manu","publisher":{"@id":"https:\/\/mmvilla.com\/#organization"},"alternateName":"MMVILLA","potentialAction":[{"@type":"SearchAction","target":{"@type":"EntryPoint","urlTemplate":"https:\/\/mmvilla.com\/?s={search_term_string}"},"query-input":{"@type":"PropertyValueSpecification","valueRequired":true,"valueName":"search_term_string"}}],"inLanguage":"fr-FR"},{"@type":"Organization","@id":"https:\/\/mmvilla.com\/#organization","name":"QB Villas","url":"https:\/\/mmvilla.com\/","logo":{"@type":"ImageObject","inLanguage":"fr-FR","@id":"https:\/\/mmvilla.com\/#\/schema\/logo\/image\/","url":"https:\/\/mmvilla.com\/wp-content\/uploads\/2018\/12\/QUALITY-BRAND-LOGO-KEM-QBVILLAS.png","contentUrl":"https:\/\/mmvilla.com\/wp-content\/uploads\/2018\/12\/QUALITY-BRAND-LOGO-KEM-QBVILLAS.png","width":487,"height":500,"caption":"QB Villas"},"image":{"@id":"https:\/\/mmvilla.com\/#\/schema\/logo\/image\/"},"sameAs":["https:\/\/www.facebook.com\/p\/Quality-Brand-Villas-100039678235957\/","https:\/\/www.instagram.com\/qualitybrandvillas\/","https:\/\/www.linkedin.com\/company\/quality-brand-villas"]}]}},"_links":{"self":[{"href":"https:\/\/mmvilla.com\/fr\/wp-json\/wp\/v2\/pages\/10384","targetHints":{"allow":["GET"]}}],"collection":[{"href":"https:\/\/mmvilla.com\/fr\/wp-json\/wp\/v2\/pages"}],"about":[{"href":"https:\/\/mmvilla.com\/fr\/wp-json\/wp\/v2\/types\/page"}],"author":[{"embeddable":true,"href":"https:\/\/mmvilla.com\/fr\/wp-json\/wp\/v2\/users\/2"}],"replies":[{"embeddable":true,"href":"https:\/\/mmvilla.com\/fr\/wp-json\/wp\/v2\/comments?post=10384"}],"version-history":[{"count":18,"href":"https:\/\/mmvilla.com\/fr\/wp-json\/wp\/v2\/pages\/10384\/revisions"}],"predecessor-version":[{"id":15500,"href":"https:\/\/mmvilla.com\/fr\/wp-json\/wp\/v2\/pages\/10384\/revisions\/15500"}],"wp:attachment":[{"href":"https:\/\/mmvilla.com\/fr\/wp-json\/wp\/v2\/media?parent=10384"}],"curies":[{"name":"wp","href":"https:\/\/api.w.org\/{rel}","templated":true}]}}