{"id":10463,"date":"2024-10-12T20:32:27","date_gmt":"2024-10-12T17:32:27","guid":{"rendered":"https:\/\/mmvilla.com\/manu-mykonos-villa-pad-bungalow\/"},"modified":"2025-10-13T07:59:29","modified_gmt":"2025-10-13T04:59:29","slug":"manu-mykonos-villa-pad-bungalow","status":"publish","type":"page","link":"https:\/\/mmvilla.com\/fr\/manu-mykonos-villa-pad-bungalow\/","title":{"rendered":"MANU MYKONOS VILLA Pad Bungalow"},"content":{"rendered":"<p>[vc_row full_width=&#8221;stretch_row&#8221; gap=&#8221;&#8221; full_height=&#8221;yes&#8221; equal_height=&#8221;yes&#8221; parallax=&#8221;content-moving&#8221; parallax_image=&#8221;8514&#8243; overlay_color=&#8221;rgba(33,33,33,0.4)&#8221; text_color=&#8221;#ffffff&#8221; css=&#8221;.vc_custom_1755696505396{padding-top: 180px !important;padding-bottom: 180px !important;}&#8221;][vc_column width=&#8221;1\/2&#8243;][vc_column_text css_animation=&#8221;fadeInUp&#8221;]<\/p>\n<h1><em><strong>L\u2019Executive Pad Bungalow<\/strong> \u2013 D\u2019une Splendeur Intemporelle<\/em><\/h1>\n<h4>Un sanctuaire spacieux et soigneusement am\u00e9nag\u00e9, pouvant recevoir jusqu\u2019\u00e0 3 h\u00f4tes privil\u00e9gi\u00e9s.<\/h4>\n<h3>MEILLEUR PRIX GARANTI<\/h3>\n<h4><a href=\"https:\/\/mmvilla.com\/fr\/manu-mykonos-villa-reserver-en-ligne\/\" target=\"_blank\" rel=\"noopener\">Offrez-vous d\u00e8s maintenant l\u2019escapade de vos r\u00eaves !<\/a><\/h4>\n<p>[\/vc_column_text][\/vc_column][vc_column width=&#8221;1\/2&#8243;][vc_empty_space height=&#8221;84px&#8221;][\/vc_column][\/vc_row][vc_row full_width=&#8221;stretch_row_content&#8221; gap=&#8221;&#8221; equal_height=&#8221;yes&#8221; content_placement=&#8221;top&#8221; parallax=&#8221;content-moving&#8221; css=&#8221;.vc_custom_1759825469448{padding-top: 32px !important;padding-bottom: 32px !important;}&#8221;][vc_column parallax_image=&#8221;2821&#8243; width=&#8221;1\/2&#8243; overlay_color=&#8221;rgba(255,255,255,0.9)&#8221; css=&#8221;.vc_custom_1759316563532{padding-top: 32px !important;padding-right: 100px !important;padding-left: 100px !important;}&#8221;][vc_row_inner][vc_column_inner]<div class=\"heading-with-separator text-left id_169d4f4cb447e91239226687   wpb_animate_when_almost_visible wpb_fadeInUp fadeInUp \"><div class=\"header-content\">\n\t\t\t<p class=\"h-subheading\">Offrant une vue enchanteresse sur la mer, ce bungalow accueille jusqu\u2019\u00e0 3 h\u00f4tes dans une atmosph\u00e8re d\u2019\u00e9l\u00e9gance et de raffinement. Avec 1 chambre et 1 salle de bain, il s\u2019\u00e9tend sur 50 m\u00b2 (538 pieds carr\u00e9s), dont 25 m\u00b2 d\u2019espaces int\u00e9rieurs subtilement am\u00e9nag\u00e9s. L\u2019adresse id\u00e9ale pour savourer un s\u00e9jour luxueux et inoubliable \u00e0 Mykonos<\/p>\n\t\t\t<h2 class=\"heading  heading-decorator-1\" style=\"; letter-spacing: 0px; \">L\u2019Executive Pad Bungalow \u2013 Tout pr\u00e8s de la plage<br \/>\n<em>&amp; \u00e0 un Prix Exceptionnel<\/em><\/h2><\/div><\/div><div class=\"custom-styles\" data-styles=\".id_169d4f4cb447e91239226687 .heading-decorator-1:before, .id_169d4f4cb447e91239226687 .heading-decorator-1:after { border-color: #000000}\"><\/div><div class=\"heading-with-separator text-left id_169d4f4cb44840561369783   wpb_animate_when_almost_visible wpb_fadeInUp fadeInUp \"><div class=\"header-content\">\n\t\t\t<p class=\"h-subheading\"><\/p>\n\t\t\t<h4 class=\"heading  \" style=\"; letter-spacing: 0px; \">L\u2019Executive Pad Bungalow \u2013 Un Sanctuaire d\u2019\u00c9l\u00e9gance \u00c9ternelle<\/h4><\/div><\/div><div class=\"custom-styles\" data-styles=\".id_169d4f4cb44840561369783 .heading-decorator-1:before, .id_169d4f4cb44840561369783 .heading-decorator-1:after { border-color: #000000}\"><\/div>[vc_column_text css_animation=&#8221;fadeInUp&#8221;]<\/p>\n<h6 data-start=\"73\" data-end=\"483\">L\u2019Executive Pad Bungalow offre un refuge spacieux, con\u00e7u avec \u00e9l\u00e9gance et soin, pouvant accueillir jusqu\u2019\u00e0 trois h\u00f4tes. Sa chambre principale dispose d\u2019un lit king-size modulable en lits jumeaux, garantissant un sommeil reposant et parfaitement adapt\u00e9 \u00e0 vos envies. Le bungalow comprend \u00e9galement un grand sofa, une kitchenette enti\u00e8rement \u00e9quip\u00e9e et une salle de bain privative pour un confort absolu.<\/h6>\n<h6 data-start=\"485\" data-end=\"775\">Les invit\u00e9s peuvent se d\u00e9tendre sur la terrasse ensoleill\u00e9e et profiter d\u2019une vue imprenable sur la plage voisine. Alliant raffinement, confort et beaut\u00e9 apaisante du littoral, ce bungalow incarne le choix id\u00e9al pour un s\u00e9jour serein, \u00e0 deux pas des plages embl\u00e9matiques de Mykonos<\/h6>\n<p>[\/vc_column_text]<div class=\"heading-with-separator text-left id_169d4f4cb448651995456113   \"><div class=\"header-content\">\n\t\t\t<p class=\"h-subheading\"><\/p>\n\t\t\t<h3 class=\"heading  \" style=\"; letter-spacing: 1px; font-size: 16px\"><\/h3><\/div><\/div><div class=\"custom-styles\" data-styles=\".id_169d4f4cb448651995456113 .heading-decorator-1:before, .id_169d4f4cb448651995456113 .heading-decorator-1:after { border-color: }\"><\/div>[vc_column_text]<\/p>\n<div class=\"heading-with-separator text-left id_168a5be7a7c46e1049419656 \">\n<div class=\"header-content\">\n<h5 class=\"heading \">Matelas<\/h5>\n<\/div>\n<\/div>\n<div class=\"wpb_text_column wpb_content_element \">\n<div class=\"wpb_wrapper\">\n<p><strong>Le luxe commence dans votre sommeil<\/strong><br \/>\n<strong>Chaque nuit devient une exp\u00e9rience de pur bien-\u00eatre gr\u00e2ce \u00e0 nos matelas 100 % naturels, confectionn\u00e9s avec un savoir-faire d\u2019exception. Offrez-vous un sommeil profond, r\u00e9parateur et digne d\u2019un palace.<\/strong><\/p>\n<\/div>\n<\/div>\n<div class=\"heading-with-separator text-left id_168a5be7a7c6171996715880 \">\n<div>\n<div class=\"heading-with-separator text-left id_168a5cb5fb41e2536081881 \">\n<div class=\"header-content\">\n<h5 class=\"heading \">Kitchenette \u2013 Enti\u00e8rement \u00c9quip\u00e9e pour un S\u00e9jour en Toute Autonomie \u00e0 Mykonos<\/h5>\n<\/div>\n<\/div>\n<div class=\"wpb_text_column wpb_content_element \">\n<div class=\"wpb_wrapper\">\n<p><strong>La suite dispose d\u2019une kitchenette enti\u00e8rement \u00e9quip\u00e9e, rassemblant tous les \u00e9l\u00e9ments essentiels pour une cuisine simple et la pr\u00e9paration de repas l\u00e9gers. Elle comprend un \u00e9vier, un plan de travail, un r\u00e9frig\u00e9rateur compact, une plaque de cuisson, un four \u00e0 micro-ondes, un grille-pain, des rangements \u00e9l\u00e9gants, une hotte aspirante ainsi qu\u2019un ensemble complet d\u2019ustensiles et de couverts. Id\u00e9ale pour les h\u00f4tes privil\u00e9giant l\u2019ind\u00e9pendance, cette kitchenette allie praticit\u00e9 et flexibilit\u00e9, offrant la possibilit\u00e9 de savourer en toute libert\u00e9 collations et repas l\u00e9gers dans le confort de votre luxueux h\u00e9bergement \u00e0 Mykonos<\/strong><\/p>\n<h5><strong>NESPRESSO<\/strong><\/h5>\n<\/div>\n<\/div>\n<\/div>\n<\/div>\n<div class=\"wpb_text_column wpb_content_element \">\n<div class=\"wpb_wrapper\">\n<p><strong>Votre rituel caf\u00e9, r\u00e9invent\u00e9<\/strong><br \/>\n<strong>Commencez vos journ\u00e9es face \u00e0 la mer avec l\u2019ar\u00f4me riche d\u2019un caf\u00e9 Nespresso, ou d\u00e9tendez-vous en soir\u00e9e avec une infusion apaisante. Chaque instant devient une invitation au plaisir.<\/strong><\/p>\n<\/div>\n<\/div>\n<div class=\"heading-with-separator text-left id_168a5be7a7caf0307563045 \">\n<div class=\"header-content\">\n<h5 class=\"heading \">DIVERTISSEMENT<\/h5>\n<\/div>\n<\/div>\n<div class=\"wpb_text_column wpb_content_element \">\n<div class=\"wpb_wrapper\">\n<p><strong>Amazon &amp; Netflix \u00e0 port\u00e9e de main<\/strong><br \/>\n<strong>D\u00e9tendez-vous apr\u00e8s vos journ\u00e9es ensoleill\u00e9es avec vos films et s\u00e9ries pr\u00e9f\u00e9r\u00e9s, disponibles sur toutes les Smart TV. Streaming illimit\u00e9, confort absolu, ambiance cosy.<\/strong><\/p>\n<\/div>\n<\/div>\n<div class=\"heading-with-separator text-left id_168a5be7a7cc471208075657 \">\n<div class=\"header-content\">\n<h5 class=\"heading \">INSTALLATIONS &amp; \u00c9QUIPEMENTS<\/h5>\n<\/div>\n<\/div>\n<div class=\"wpb_text_column wpb_content_element \">\n<div class=\"wpb_wrapper\">\n<h6><strong>Le confort absolu, chaque d\u00e9tail compte<\/strong><\/h6>\n<ul>\n<li>\n<h6>Vues mer spectaculaires depuis votre balcon priv\u00e9<\/h6>\n<\/li>\n<li>\n<h6>Piscine et terrasses \u00e9l\u00e9gantes pour savourer l\u2019ext\u00e9rieur<\/h6>\n<\/li>\n<li>\n<h6>Salles de bain design, linge en coton luxueux, peignoirs moelleux<\/h6>\n<\/li>\n<li>\n<h6>Wi-Fi haut d\u00e9bit, enceintes Bluetooth, TV 43\u2019\u2019 avec plus de 100 cha\u00eenes<\/h6>\n<\/li>\n<li>\n<h6>Climatisation individuelle, coffres-forts s\u00e9curis\u00e9s, articles de toilette haut de gamme<\/h6>\n<\/li>\n<\/ul>\n<h5>Tout a \u00e9t\u00e9 pens\u00e9 pour transformer votre s\u00e9jour en une exp\u00e9rience inoubliable, o\u00f9 luxe, confort et s\u00e9r\u00e9nit\u00e9 se rencontrent.<\/h5>\n<\/div>\n<\/div>\n<p>[\/vc_column_text][\/vc_column_inner][\/vc_row_inner][\/vc_column][vc_column css_animation=&#8221;none&#8221; width=&#8221;1\/2&#8243;][vc_empty_space]<div class=\"rokka-gallery rokka-gallery-element\"><div class=\"rokka-gallery-masonry rokka-grid rokka-2-col   animate-text\" data-ismasonry=\"0\" data-imgbg=\"1\"><article class=\"grid-sizer\"><\/article><article class=\"gutter-sizer\"><\/article><article class=\"w1-h1\"><div class=\"layer\"><div class=\"img-bg\" data-depth=\"0.50\" style=\"background-image: url(https:\/\/mmvilla.com\/wp-content\/uploads\/2024\/10\/Manu-Sea-Sun-Villa-Mykonos-129-2.jpg) \" ><\/div><\/div>\n\t\t\t\t\t\t<div class=\"rokka-gallery-item open-lightbox_images\"><a class=\"gallery-link\" href=\"https:\/\/mmvilla.com\/wp-content\/uploads\/2024\/10\/Manu-Sea-Sun-Villa-Mykonos-129-2.jpg\" data-size=\"640x454\"><\/a><div class=\"image-wrapper\"><span class=\"gallery-img \" style=\"background-image: url(https:\/\/mmvilla.com\/wp-content\/uploads\/2024\/10\/Manu-Sea-Sun-Villa-Mykonos-129-2.jpg);\"><\/span><\/div><\/div><\/article><article class=\"w1-h1\"><div class=\"layer\"><div class=\"img-bg\" data-depth=\"0.50\" style=\"background-image: url(https:\/\/mmvilla.com\/wp-content\/uploads\/2024\/10\/Manu-Sea-Sun-Villa-Mykonos-131.jpg) \" ><\/div><\/div>\n\t\t\t\t\t\t<div class=\"rokka-gallery-item open-lightbox_images\"><a class=\"gallery-link\" href=\"https:\/\/mmvilla.com\/wp-content\/uploads\/2024\/10\/Manu-Sea-Sun-Villa-Mykonos-131.jpg\" data-size=\"640x454\"><\/a><div class=\"image-wrapper\"><span class=\"gallery-img \" style=\"background-image: url(https:\/\/mmvilla.com\/wp-content\/uploads\/2024\/10\/Manu-Sea-Sun-Villa-Mykonos-131.jpg);\"><\/span><\/div><\/div><\/article><article class=\"w1-h1\"><div class=\"layer\"><div class=\"img-bg\" data-depth=\"0.50\" style=\"background-image: url(https:\/\/mmvilla.com\/wp-content\/uploads\/2024\/10\/3-Manu-Sea-Sun-Villa-Mykonos-Pad-Bungalow-6-1600x1061.jpg) \" ><\/div><\/div>\n\t\t\t\t\t\t<div class=\"rokka-gallery-item open-lightbox_images\"><a class=\"gallery-link\" href=\"https:\/\/mmvilla.com\/wp-content\/uploads\/2024\/10\/3-Manu-Sea-Sun-Villa-Mykonos-Pad-Bungalow-6-scaled.jpg\" data-size=\"640x424\"><\/a><div class=\"image-wrapper\"><span class=\"gallery-img \" style=\"background-image: url(https:\/\/mmvilla.com\/wp-content\/uploads\/2024\/10\/3-Manu-Sea-Sun-Villa-Mykonos-Pad-Bungalow-6-1600x1061.jpg);\"><\/span><\/div><\/div><\/article><article class=\"w1-h1\"><div class=\"layer\"><div class=\"img-bg\" data-depth=\"0.50\" style=\"background-image: url(https:\/\/mmvilla.com\/wp-content\/uploads\/2024\/10\/5-Manu-Sea-Sun-Villa-Mykonos-Pad-Bungalow-3-1600x900.png) \" ><\/div><\/div>\n\t\t\t\t\t\t<div class=\"rokka-gallery-item open-lightbox_images\"><a class=\"gallery-link\" href=\"https:\/\/mmvilla.com\/wp-content\/uploads\/2024\/10\/5-Manu-Sea-Sun-Villa-Mykonos-Pad-Bungalow-3.png\" data-size=\"640x360\"><\/a><div class=\"image-wrapper\"><span class=\"gallery-img \" style=\"background-image: url(https:\/\/mmvilla.com\/wp-content\/uploads\/2024\/10\/5-Manu-Sea-Sun-Villa-Mykonos-Pad-Bungalow-3-1600x900.png);\"><\/span><\/div><\/div><\/article><article class=\"w1-h1\"><div class=\"layer\"><div class=\"img-bg\" data-depth=\"0.50\" style=\"background-image: url(https:\/\/mmvilla.com\/wp-content\/uploads\/2025\/05\/Elite-Sea-View-Grand-Bungalow-.jpg) \" ><\/div><\/div>\n\t\t\t\t\t\t<div class=\"rokka-gallery-item open-lightbox_images\"><a class=\"gallery-link\" href=\"https:\/\/mmvilla.com\/wp-content\/uploads\/2025\/05\/Elite-Sea-View-Grand-Bungalow-.jpg\" data-size=\"640x640\"><\/a><div class=\"image-wrapper\"><span class=\"gallery-img \" style=\"background-image: url(https:\/\/mmvilla.com\/wp-content\/uploads\/2025\/05\/Elite-Sea-View-Grand-Bungalow-.jpg);\"><\/span><\/div><\/div><\/article><article class=\"w1-h1\"><div class=\"layer\"><div class=\"img-bg\" data-depth=\"0.50\" style=\"background-image: url(https:\/\/mmvilla.com\/wp-content\/uploads\/2024\/10\/4-Manu-Sea-Sun-Villa-Mykonos-Pad-Bungalow-5-1600x1067.jpg) \" ><\/div><\/div>\n\t\t\t\t\t\t<div class=\"rokka-gallery-item open-lightbox_images\"><a class=\"gallery-link\" href=\"https:\/\/mmvilla.com\/wp-content\/uploads\/2024\/10\/4-Manu-Sea-Sun-Villa-Mykonos-Pad-Bungalow-5-scaled.jpg\" data-size=\"640x427\"><\/a><div class=\"image-wrapper\"><span class=\"gallery-img \" style=\"background-image: url(https:\/\/mmvilla.com\/wp-content\/uploads\/2024\/10\/4-Manu-Sea-Sun-Villa-Mykonos-Pad-Bungalow-5-1600x1067.jpg);\"><\/span><\/div><\/div><\/article><article class=\"w1-h1\"><div class=\"layer\"><div class=\"img-bg\" data-depth=\"0.50\" style=\"background-image: url(https:\/\/mmvilla.com\/wp-content\/uploads\/2024\/10\/6-Manu-Sea-Sun-Villa-Mykonos-Pad-Bungalow-2-1600x1135.jpg) \" ><\/div><\/div>\n\t\t\t\t\t\t<div class=\"rokka-gallery-item open-lightbox_images\"><a class=\"gallery-link\" href=\"https:\/\/mmvilla.com\/wp-content\/uploads\/2024\/10\/6-Manu-Sea-Sun-Villa-Mykonos-Pad-Bungalow-2-scaled.jpg\" data-size=\"640x454\"><\/a><div class=\"image-wrapper\"><span class=\"gallery-img \" style=\"background-image: url(https:\/\/mmvilla.com\/wp-content\/uploads\/2024\/10\/6-Manu-Sea-Sun-Villa-Mykonos-Pad-Bungalow-2-1600x1135.jpg);\"><\/span><\/div><\/div><\/article><article class=\"w1-h1\"><div class=\"layer\"><div class=\"img-bg\" data-depth=\"0.50\" style=\"background-image: url(https:\/\/mmvilla.com\/wp-content\/uploads\/2021\/09\/LOGO-MANU-TRANSPARENT.png) \" ><\/div><\/div>\n\t\t\t\t\t\t<div class=\"rokka-gallery-item open-lightbox_images\"><a class=\"gallery-link\" href=\"https:\/\/mmvilla.com\/wp-content\/uploads\/2021\/09\/LOGO-MANU-TRANSPARENT.png\" data-size=\"410x410\"><\/a><div class=\"image-wrapper\"><span class=\"gallery-img \" style=\"background-image: url(https:\/\/mmvilla.com\/wp-content\/uploads\/2021\/09\/LOGO-MANU-TRANSPARENT.png);\"><\/span><\/div><\/div><\/article><\/div><\/div>[vc_empty_space]<div class=\"heading-with-separator text-left id_169d4f4cb461aa1117339774   \"><div class=\"header-content\">\n\t\t\t<p class=\"h-subheading\"><\/p>\n\t\t\t<h5 class=\"heading  \" style=\"color: #000000; letter-spacing: 0px; \">Mykonos. Con\u00e7ue pour Vous.<br \/>\nVivez un univers d\u2019\u00e9l\u00e9gance et de confort, o\u00f9 chaque d\u00e9tail est soigneusement pens\u00e9 autour de vous.<\/h5><\/div><\/div><div class=\"custom-styles\" data-styles=\".id_169d4f4cb461aa1117339774 .heading-decorator-1:before, .id_169d4f4cb461aa1117339774 .heading-decorator-1:after { border-color: #000000}\"><\/div><div class=\"heading-with-separator text-left id_169d4f4cb461cf1953200807   \"><div class=\"header-content\">\n\t\t\t<p class=\"h-subheading\"><\/p>\n\t\t\t<h6 class=\"heading  \" style=\"color: #000000; letter-spacing: 0px; \">Bien plus qu\u2019un s\u00e9jour, c\u2019est une exp\u00e9rience unique pour les voyageurs qui appr\u00e9cient l\u2019authenticit\u00e9, le confort et le style. Chaque \u00e9l\u00e9ment refl\u00e8te le caract\u00e8re singulier de Mykonos, offrant des instants fluides, inspirants et inoubliables.<\/h6><\/div><\/div><div class=\"custom-styles\" data-styles=\".id_169d4f4cb461cf1953200807 .heading-decorator-1:before, .id_169d4f4cb461cf1953200807 .heading-decorator-1:after { border-color: #000000}\"><\/div><div class=\"heading-with-separator text-left id_169d4f4cb461ea541008575   \"><div class=\"header-content\">\n\t\t\t<p class=\"h-subheading\"><\/p>\n\t\t\t<h5 class=\"heading  \" style=\"color: #000000; letter-spacing: 0px; \">Avec des services personnalis\u00e9s, des attentions raffin\u00e9es et des souvenirs pr\u00e9cieux, vos vacances \u00e0 Mykonos seront toujours aussi uniques que vous.<\/h5><\/div><\/div><div class=\"custom-styles\" data-styles=\".id_169d4f4cb461ea541008575 .heading-decorator-1:before, .id_169d4f4cb461ea541008575 .heading-decorator-1:after { border-color: #000000}\"><\/div><div class=\"btn-wrapper text-left id_169d4f4cb4620b316853252   icon-left \" ><a href=\"https:\/\/mmvilla.com\/fr\/manu-mykonos-villa-reserver-en-ligne\/%20\" target='_blank' class=\"btn btn-lg btn-dark btn-solid\" data-btn-text=\"R\u00c9SERVER EN LIGNE\">R\u00c9SERVER EN LIGNE<\/a><\/div>[\/vc_column][\/vc_row]<\/p>","protected":false},"excerpt":{"rendered":"<p>[vc_row full_width=&#8221;stretch_row&#8221; gap=&#8221;&#8221; full_height=&#8221;yes&#8221; equal_height=&#8221;yes&#8221; parallax=&#8221;content-moving&#8221; parallax_image=&#8221;8514&#8243; overlay_color=&#8221;rgba(33,33,33,0.4)&#8221; text_color=&#8221;#ffffff&#8221; css=&#8221;.vc_custom_1755696505396{padding-top: 180px !important;padding-bottom: 180px !important;}&#8221;][vc_column width=&#8221;1\/2&#8243;][vc_column_text css_animation=&#8221;fadeInUp&#8221;] L\u2019Executive Pad Bungalow \u2013 D\u2019une Splendeur Intemporelle Un sanctuaire spacieux et soigneusement am\u00e9nag\u00e9, pouvant recevoir jusqu\u2019\u00e0 3 h\u00f4tes privil\u00e9gi\u00e9s. MEILLEUR PRIX GARANTI Offrez-vous d\u00e8s maintenant l\u2019escapade de vos r\u00eaves ! [\/vc_column_text][\/vc_column][vc_column width=&#8221;1\/2&#8243;][vc_empty_space height=&#8221;84px&#8221;][\/vc_column][\/vc_row][vc_row full_width=&#8221;stretch_row_content&#8221; gap=&#8221;&#8221; equal_height=&#8221;yes&#8221; content_placement=&#8221;top&#8221; parallax=&#8221;content-moving&#8221; css=&#8221;.vc_custom_1759825469448{padding-top:[&#8230;] <a href=\"https:\/\/mmvilla.com\/fr\/manu-mykonos-villa-pad-bungalow\/\" class=\"more-link\">Continue reading<\/a><\/p>\n","protected":false},"author":2,"featured_media":0,"parent":0,"menu_order":0,"comment_status":"closed","ping_status":"closed","template":"","meta":{"footnotes":""},"class_list":["post-10463","page","type-page","status-publish","hentry"],"yoast_head":"<!-- This site is optimized with the Yoast SEO Premium plugin v23.5 (Yoast SEO v25.7) - https:\/\/yoast.com\/wordpress\/plugins\/seo\/ -->\n<title>Magnifique Executive Pad Bungalow<\/title>\n<meta name=\"description\" content=\"Le Manu Executive Pad Bungalow offre un refuge spacieux et soigneusement avec des vues imprenables.\" \/>\n<meta name=\"robots\" content=\"index, follow, max-snippet:-1, max-image-preview:large, max-video-preview:-1\" \/>\n<link rel=\"canonical\" href=\"https:\/\/mmvilla.com\/fr\/manu-mykonos-villa-pad-bungalow\/\" \/>\n<meta property=\"og:locale\" content=\"fr_FR\" \/>\n<meta property=\"og:type\" content=\"article\" \/>\n<meta property=\"og:title\" content=\"MANU MYKONOS VILLA Pad Bungalow\" \/>\n<meta property=\"og:description\" content=\"Le Manu Executive Pad Bungalow offre un refuge spacieux et soigneusement avec des vues imprenables.\" \/>\n<meta property=\"og:url\" content=\"https:\/\/mmvilla.com\/fr\/manu-mykonos-villa-pad-bungalow\/\" \/>\n<meta property=\"og:site_name\" content=\"Majestic Manu Mykonos \u2013 Private Villa, Premium Suites &amp; More\" \/>\n<meta property=\"article:publisher\" content=\"https:\/\/www.facebook.com\/p\/Quality-Brand-Villas-100039678235957\/\" \/>\n<meta property=\"article:modified_time\" content=\"2025-10-13T04:59:29+00:00\" \/>\n<meta name=\"twitter:card\" content=\"summary_large_image\" \/>\n<meta name=\"twitter:label1\" content=\"Dur\u00e9e de lecture estim\u00e9e\" \/>\n\t<meta name=\"twitter:data1\" content=\"3 minutes\" \/>\n<script type=\"application\/ld+json\" class=\"yoast-schema-graph\">{\"@context\":\"https:\/\/schema.org\",\"@graph\":[{\"@type\":\"WebPage\",\"@id\":\"https:\/\/mmvilla.com\/fr\/manu-mykonos-villa-pad-bungalow\/\",\"url\":\"https:\/\/mmvilla.com\/fr\/manu-mykonos-villa-pad-bungalow\/\",\"name\":\"Magnifique Executive Pad Bungalow\",\"isPartOf\":{\"@id\":\"https:\/\/mmvilla.com\/#website\"},\"datePublished\":\"2024-10-12T17:32:27+00:00\",\"dateModified\":\"2025-10-13T04:59:29+00:00\",\"description\":\"Le Manu Executive Pad Bungalow offre un refuge spacieux et soigneusement avec des vues imprenables.\",\"breadcrumb\":{\"@id\":\"https:\/\/mmvilla.com\/fr\/manu-mykonos-villa-pad-bungalow\/#breadcrumb\"},\"inLanguage\":\"fr-FR\",\"potentialAction\":[{\"@type\":\"ReadAction\",\"target\":[\"https:\/\/mmvilla.com\/fr\/manu-mykonos-villa-pad-bungalow\/\"]}]},{\"@type\":\"BreadcrumbList\",\"@id\":\"https:\/\/mmvilla.com\/fr\/manu-mykonos-villa-pad-bungalow\/#breadcrumb\",\"itemListElement\":[{\"@type\":\"ListItem\",\"position\":1,\"name\":\"Home\",\"item\":\"https:\/\/mmvilla.com\/fr\/\"},{\"@type\":\"ListItem\",\"position\":2,\"name\":\"MANU MYKONOS VILLA Pad Bungalow\"}]},{\"@type\":\"WebSite\",\"@id\":\"https:\/\/mmvilla.com\/#website\",\"url\":\"https:\/\/mmvilla.com\/\",\"name\":\"Manu Mykonos Villa\",\"description\":\"Mykonos Luxury Living, Perfected by Majestic Manu\",\"publisher\":{\"@id\":\"https:\/\/mmvilla.com\/#organization\"},\"alternateName\":\"MMVILLA\",\"potentialAction\":[{\"@type\":\"SearchAction\",\"target\":{\"@type\":\"EntryPoint\",\"urlTemplate\":\"https:\/\/mmvilla.com\/?s={search_term_string}\"},\"query-input\":{\"@type\":\"PropertyValueSpecification\",\"valueRequired\":true,\"valueName\":\"search_term_string\"}}],\"inLanguage\":\"fr-FR\"},{\"@type\":\"Organization\",\"@id\":\"https:\/\/mmvilla.com\/#organization\",\"name\":\"QB Villas\",\"url\":\"https:\/\/mmvilla.com\/\",\"logo\":{\"@type\":\"ImageObject\",\"inLanguage\":\"fr-FR\",\"@id\":\"https:\/\/mmvilla.com\/#\/schema\/logo\/image\/\",\"url\":\"https:\/\/mmvilla.com\/wp-content\/uploads\/2018\/12\/QUALITY-BRAND-LOGO-KEM-QBVILLAS.png\",\"contentUrl\":\"https:\/\/mmvilla.com\/wp-content\/uploads\/2018\/12\/QUALITY-BRAND-LOGO-KEM-QBVILLAS.png\",\"width\":487,\"height\":500,\"caption\":\"QB Villas\"},\"image\":{\"@id\":\"https:\/\/mmvilla.com\/#\/schema\/logo\/image\/\"},\"sameAs\":[\"https:\/\/www.facebook.com\/p\/Quality-Brand-Villas-100039678235957\/\",\"https:\/\/www.instagram.com\/qualitybrandvillas\/\",\"https:\/\/www.linkedin.com\/company\/quality-brand-villas\"]}]}<\/script>\n<!-- \/ Yoast SEO Premium plugin. -->","yoast_head_json":{"title":"Magnifique Executive Pad Bungalow","description":"Le Manu Executive Pad Bungalow offre un refuge spacieux et soigneusement avec des vues imprenables.","robots":{"index":"index","follow":"follow","max-snippet":"max-snippet:-1","max-image-preview":"max-image-preview:large","max-video-preview":"max-video-preview:-1"},"canonical":"https:\/\/mmvilla.com\/fr\/manu-mykonos-villa-pad-bungalow\/","og_locale":"fr_FR","og_type":"article","og_title":"MANU MYKONOS VILLA Pad Bungalow","og_description":"Le Manu Executive Pad Bungalow offre un refuge spacieux et soigneusement avec des vues imprenables.","og_url":"https:\/\/mmvilla.com\/fr\/manu-mykonos-villa-pad-bungalow\/","og_site_name":"Majestic Manu Mykonos \u2013 Private Villa, Premium Suites &amp; More","article_publisher":"https:\/\/www.facebook.com\/p\/Quality-Brand-Villas-100039678235957\/","article_modified_time":"2025-10-13T04:59:29+00:00","twitter_card":"summary_large_image","twitter_misc":{"Dur\u00e9e de lecture estim\u00e9e":"3 minutes"},"schema":{"@context":"https:\/\/schema.org","@graph":[{"@type":"WebPage","@id":"https:\/\/mmvilla.com\/fr\/manu-mykonos-villa-pad-bungalow\/","url":"https:\/\/mmvilla.com\/fr\/manu-mykonos-villa-pad-bungalow\/","name":"Magnifique Executive Pad Bungalow","isPartOf":{"@id":"https:\/\/mmvilla.com\/#website"},"datePublished":"2024-10-12T17:32:27+00:00","dateModified":"2025-10-13T04:59:29+00:00","description":"Le Manu Executive Pad Bungalow offre un refuge spacieux et soigneusement avec des vues imprenables.","breadcrumb":{"@id":"https:\/\/mmvilla.com\/fr\/manu-mykonos-villa-pad-bungalow\/#breadcrumb"},"inLanguage":"fr-FR","potentialAction":[{"@type":"ReadAction","target":["https:\/\/mmvilla.com\/fr\/manu-mykonos-villa-pad-bungalow\/"]}]},{"@type":"BreadcrumbList","@id":"https:\/\/mmvilla.com\/fr\/manu-mykonos-villa-pad-bungalow\/#breadcrumb","itemListElement":[{"@type":"ListItem","position":1,"name":"Home","item":"https:\/\/mmvilla.com\/fr\/"},{"@type":"ListItem","position":2,"name":"MANU MYKONOS VILLA Pad Bungalow"}]},{"@type":"WebSite","@id":"https:\/\/mmvilla.com\/#website","url":"https:\/\/mmvilla.com\/","name":"Manu Mykonos Villa","description":"Mykonos Luxury Living, Perfected by Majestic Manu","publisher":{"@id":"https:\/\/mmvilla.com\/#organization"},"alternateName":"MMVILLA","potentialAction":[{"@type":"SearchAction","target":{"@type":"EntryPoint","urlTemplate":"https:\/\/mmvilla.com\/?s={search_term_string}"},"query-input":{"@type":"PropertyValueSpecification","valueRequired":true,"valueName":"search_term_string"}}],"inLanguage":"fr-FR"},{"@type":"Organization","@id":"https:\/\/mmvilla.com\/#organization","name":"QB Villas","url":"https:\/\/mmvilla.com\/","logo":{"@type":"ImageObject","inLanguage":"fr-FR","@id":"https:\/\/mmvilla.com\/#\/schema\/logo\/image\/","url":"https:\/\/mmvilla.com\/wp-content\/uploads\/2018\/12\/QUALITY-BRAND-LOGO-KEM-QBVILLAS.png","contentUrl":"https:\/\/mmvilla.com\/wp-content\/uploads\/2018\/12\/QUALITY-BRAND-LOGO-KEM-QBVILLAS.png","width":487,"height":500,"caption":"QB Villas"},"image":{"@id":"https:\/\/mmvilla.com\/#\/schema\/logo\/image\/"},"sameAs":["https:\/\/www.facebook.com\/p\/Quality-Brand-Villas-100039678235957\/","https:\/\/www.instagram.com\/qualitybrandvillas\/","https:\/\/www.linkedin.com\/company\/quality-brand-villas"]}]}},"_links":{"self":[{"href":"https:\/\/mmvilla.com\/fr\/wp-json\/wp\/v2\/pages\/10463","targetHints":{"allow":["GET"]}}],"collection":[{"href":"https:\/\/mmvilla.com\/fr\/wp-json\/wp\/v2\/pages"}],"about":[{"href":"https:\/\/mmvilla.com\/fr\/wp-json\/wp\/v2\/types\/page"}],"author":[{"embeddable":true,"href":"https:\/\/mmvilla.com\/fr\/wp-json\/wp\/v2\/users\/2"}],"replies":[{"embeddable":true,"href":"https:\/\/mmvilla.com\/fr\/wp-json\/wp\/v2\/comments?post=10463"}],"version-history":[{"count":23,"href":"https:\/\/mmvilla.com\/fr\/wp-json\/wp\/v2\/pages\/10463\/revisions"}],"predecessor-version":[{"id":15194,"href":"https:\/\/mmvilla.com\/fr\/wp-json\/wp\/v2\/pages\/10463\/revisions\/15194"}],"wp:attachment":[{"href":"https:\/\/mmvilla.com\/fr\/wp-json\/wp\/v2\/media?parent=10463"}],"curies":[{"name":"wp","href":"https:\/\/api.w.org\/{rel}","templated":true}]}}