{"id":10468,"date":"2024-10-12T21:27:16","date_gmt":"2024-10-12T18:27:16","guid":{"rendered":"https:\/\/mmvilla.com\/manu-mykonos-villa-nook-bungalow\/"},"modified":"2025-10-13T08:01:05","modified_gmt":"2025-10-13T05:01:05","slug":"manu-mykonos-villa-nook-bungalow","status":"publish","type":"page","link":"https:\/\/mmvilla.com\/fr\/manu-mykonos-villa-nook-bungalow\/","title":{"rendered":"MANU MYKONOS VILLA Nook Bungalow"},"content":{"rendered":"<p>[vc_row full_width=&#8221;stretch_row&#8221; gap=&#8221;&#8221; full_height=&#8221;yes&#8221; equal_height=&#8221;yes&#8221; parallax=&#8221;content-moving&#8221; parallax_image=&#8221;8524&#8243; overlay_color=&#8221;rgba(33,33,33,0.4)&#8221; text_color=&#8221;#ffffff&#8221; css=&#8221;.vc_custom_1755701381322{padding-top: 180px !important;padding-bottom: 180px !important;}&#8221;][vc_column width=&#8221;1\/2&#8243;][vc_column_text css_animation=&#8221;fadeInUp&#8221;]<\/p>\n<h1><em>Des instants pr\u00e9cieux au Bungalow Splendid Nook<\/em><\/h1>\n<h4>Une adresse d\u2019exception, pens\u00e9e pour les voyageurs recherchant \u00e0 la fois confort et art de vivre<\/h4>\n<h3>MEILLEUR PRIX GARANTI<\/h3>\n<h4><a href=\"https:\/\/mmvilla.com\/fr\/manu-mykonos-villa-reserver-en-ligne\/\" target=\"_blank\" rel=\"noopener\"><strong>Laissez-vous tenter d\u00e8s aujourd\u2019hui par l\u2019escapade de vos r\u00eaves !<\/strong><\/a><\/h4>\n<p>[\/vc_column_text][\/vc_column][vc_column width=&#8221;1\/2&#8243;][vc_empty_space height=&#8221;84px&#8221;][\/vc_column][\/vc_row][vc_row full_width=&#8221;stretch_row_content&#8221; gap=&#8221;&#8221; equal_height=&#8221;yes&#8221; content_placement=&#8221;top&#8221; parallax=&#8221;content-moving&#8221; css=&#8221;.vc_custom_1759827902806{padding-top: 32px !important;padding-bottom: 32px !important;}&#8221;][vc_column parallax_image=&#8221;2821&#8243; width=&#8221;1\/2&#8243; overlay_color=&#8221;rgba(255,255,255,0.9)&#8221; css=&#8221;.vc_custom_1759321421096{padding-top: 32px !important;padding-right: 100px !important;padding-left: 100px !important;}&#8221;][vc_row_inner][vc_column_inner]<div class=\"heading-with-separator text-left id_169e5e9afb8195836338892   wpb_animate_when_almost_visible wpb_fadeInUp fadeInUp \"><div class=\"header-content\">\n\t\t\t<p class=\"h-subheading\">Vue mer &amp; piscine | Capacit\u00e9 : jusqu\u2019\u00e0 2 personnes | Chambre : 1 | Salle de bain : 1 | Superficie : 40 m\u00b2 (430 pieds carr\u00e9s), dont 20 m\u00b2 d\u2019espace int\u00e9rieur<\/p>\n\t\t\t<h2 class=\"heading  heading-decorator-1\" style=\"; letter-spacing: 0px; \">Des instants uniques et d\u2019exception au Splendid Nook Bungalow<br \/>\n<em>&amp; \u00e0 un Prix Exceptionnel<em><\/h2><\/div><\/div><div class=\"custom-styles\" data-styles=\".id_169e5e9afb8195836338892 .heading-decorator-1:before, .id_169e5e9afb8195836338892 .heading-decorator-1:after { border-color: #000000}\"><\/div><div class=\"heading-with-separator text-left id_169e5e9afb821b1651676487   wpb_animate_when_almost_visible wpb_fadeInUp fadeInUp \"><div class=\"header-content\">\n\t\t\t<p class=\"h-subheading\"><\/p>\n\t\t\t<h4 class=\"heading  \" style=\"; letter-spacing: 0px; \">Le Splendid Nook Bungalow \u2013 \u00c9l\u00e9gance et S\u00e9r\u00e9nit\u00e9 pour Deux<\/h4><\/div><\/div><div class=\"custom-styles\" data-styles=\".id_169e5e9afb821b1651676487 .heading-decorator-1:before, .id_169e5e9afb821b1651676487 .heading-decorator-1:after { border-color: #000000}\"><\/div>[vc_column_text css_animation=&#8221;fadeInUp&#8221;]<\/em><\/em><\/p>\n<h6 data-start=\"205\" data-end=\"483\">Parfait pour accueillir jusqu\u2019\u00e0 2 h\u00f4tes, le <strong data-start=\"249\" data-end=\"275\">Splendid Nook Bungalow<\/strong> est le choix id\u00e9al pour ceux qui recherchent \u00e0 la fois confort et une touche de raffinement. Il dispose d\u2019un lit king-size et d\u2019une salle de bain privative, offrant tous les essentiels d\u2019un s\u00e9jour luxueux.<\/h6>\n<h6 data-start=\"485\" data-end=\"740\">Son agencement astucieux valorise la lumi\u00e8re naturelle et cr\u00e9e une atmosph\u00e8re lumineuse et a\u00e9rienne. Depuis le balcon am\u00e9nag\u00e9, profitez de vues splendides sur la piscine et la mer \u2014 un cadre parfait pour se d\u00e9tendre et savourer la s\u00e9r\u00e9nit\u00e9 environnante.<\/h6>\n<hr data-start=\"742\" data-end=\"745\" \/>\n<h5 data-start=\"747\" data-end=\"814\"><strong data-start=\"751\" data-end=\"812\">Matelas \u2013 Dormez Naturellement, Reposez-vous Profond\u00e9ment<\/strong><\/h5>\n<h6 data-start=\"815\" data-end=\"1065\">Pour vos nuits paisibles, nous s\u00e9lectionnons uniquement des matelas d\u2019exception. Fabriqu\u00e9s \u00e0 partir de mati\u00e8res premi\u00e8res naturelles et choisies avec expertise et soin, ils vous assurent une exp\u00e9rience de sommeil unique, r\u00e9paratrice et inoubliable.<\/h6>\n<hr data-start=\"1067\" data-end=\"1070\" \/>\n<h5 data-start=\"1072\" data-end=\"1121\"><strong data-start=\"1076\" data-end=\"1119\">Kitchenette \u2013 \u00c9l\u00e9gante et Fonctionnelle<\/strong><\/h5>\n<h6 data-start=\"1122\" data-end=\"1395\">Votre kitchenette priv\u00e9e comprend tout le n\u00e9cessaire pour une cuisine simple et raffin\u00e9e :<br data-start=\"1212\" data-end=\"1215\" \/>\u00c9vier | Plan de travail | R\u00e9frig\u00e9rateur compact | Plaque de cuisson | Four micro-ondes | Grille-pain | Rangements | Hotte aspirante | Ustensiles &amp; couverts | Appareils essentiels<\/h6>\n<hr data-start=\"1397\" data-end=\"1400\" \/>\n<h5 data-start=\"1402\" data-end=\"1470\"><strong data-start=\"1406\" data-end=\"1468\">NESPRESSO \u2013 Commencez Vos Journ\u00e9es par une Note de Plaisir<\/strong><\/h5>\n<h6 data-start=\"1471\" data-end=\"1724\">Chaque suite est \u00e9quip\u00e9e d\u2019une machine Nespresso haut de gamme et d\u2019une bouilloire \u00e9l\u00e9gante, pour d\u00e9guster \u00e0 tout moment caf\u00e9s aromatiques et infusions d\u00e9licates \u2014 qu\u2019il s\u2019agisse d\u2019un espresso au lever du soleil ou d\u2019une tisane apaisante le soir venu.<\/h6>\n<hr data-start=\"1726\" data-end=\"1729\" \/>\n<h5 data-start=\"1731\" data-end=\"1798\"><strong data-start=\"1735\" data-end=\"1796\">AMAZON &amp; NETFLIX \u2013 Divertissement Premium, Confort Absolu<\/strong><\/h5>\n<h6 data-start=\"1799\" data-end=\"1995\">D\u00e9tendez-vous avec vos films et s\u00e9ries pr\u00e9f\u00e9r\u00e9s gr\u00e2ce \u00e0 une Smart TV \u00e9quip\u00e9e d\u2019applications int\u00e9gr\u00e9es Amazon Prime et Netflix, pour un streaming personnalis\u00e9 depuis le confort de votre bungalow.<\/h6>\n<hr data-start=\"1997\" data-end=\"2000\" \/>\n<h5 data-start=\"2002\" data-end=\"2074\"><strong data-start=\"2006\" data-end=\"2072\">\u00c9quipements &amp; Services \u2013 Tout le Confort, et Bien Plus Encore\u2026<\/strong><\/h5>\n<ul data-start=\"2075\" data-end=\"2563\">\n<li data-start=\"2075\" data-end=\"2097\">\n<h6 data-start=\"2077\" data-end=\"2097\"><strong>Vue mer imprenable<\/strong><\/h6>\n<\/li>\n<li data-start=\"2098\" data-end=\"2121\">\n<h6 data-start=\"2100\" data-end=\"2121\"><strong>Chambre non-fumeurs<\/strong><\/h6>\n<\/li>\n<li data-start=\"2122\" data-end=\"2155\">\n<h6 data-start=\"2124\" data-end=\"2155\"><strong>Grande salle de bain \u00e9l\u00e9gante<\/strong><\/h6>\n<\/li>\n<li data-start=\"2156\" data-end=\"2195\">\n<h6 data-start=\"2158\" data-end=\"2195\"><strong>Mobilier ext\u00e9rieur sur balcon priv\u00e9<\/strong><\/h6>\n<\/li>\n<li data-start=\"2196\" data-end=\"2276\">\n<h6 data-start=\"2198\" data-end=\"2276\"><strong>TV LED-SMART FHD 43\u2019\u2019 avec plus de 100 cha\u00eenes satellites + Amazon &amp; Netflix<\/strong><\/h6>\n<\/li>\n<li data-start=\"2277\" data-end=\"2313\">\n<h6 data-start=\"2279\" data-end=\"2313\"><strong>Enceinte Bluetooth haut de gamme<\/strong><\/h6>\n<\/li>\n<li data-start=\"2314\" data-end=\"2341\">\n<h6 data-start=\"2316\" data-end=\"2341\"><strong>Wi-Fi rapide et gratuit<\/strong><\/h6>\n<\/li>\n<li data-start=\"2342\" data-end=\"2380\">\n<h6 data-start=\"2344\" data-end=\"2380\"><strong>Climatisation \u00e0 r\u00e9glage individuel<\/strong><\/h6>\n<\/li>\n<li data-start=\"2381\" data-end=\"2433\">\n<h6 data-start=\"2383\" data-end=\"2433\"><strong>Miroir lumineux, s\u00e8che-cheveux, balance digitale<\/strong><\/h6>\n<\/li>\n<li data-start=\"2434\" data-end=\"2458\">\n<h6 data-start=\"2436\" data-end=\"2458\"><strong>Coffre-fort s\u00e9curis\u00e9<\/strong><\/h6>\n<\/li>\n<li data-start=\"2459\" data-end=\"2526\">\n<h6 data-start=\"2461\" data-end=\"2526\"><strong>Linge en coton luxueux, peignoirs moelleux &amp; chaussons \u00e9l\u00e9gants<\/strong><\/h6>\n<\/li>\n<li data-start=\"2527\" data-end=\"2563\">\n<h6 data-start=\"2529\" data-end=\"2563\"><strong>Produits d\u2019accueil haut de gamme<\/strong><\/h6>\n<\/li>\n<\/ul>\n<p>[\/vc_column_text][\/vc_column_inner][\/vc_row_inner][\/vc_column][vc_column css_animation=&#8221;none&#8221; width=&#8221;1\/2&#8243;][vc_empty_space]<div class=\"rokka-gallery rokka-gallery-element\"><div class=\"rokka-gallery-masonry rokka-grid rokka-2-col   animate-text\" data-ismasonry=\"0\" data-imgbg=\"1\"><article class=\"grid-sizer\"><\/article><article class=\"gutter-sizer\"><\/article><article class=\"w1-h1\"><div class=\"layer\"><div class=\"img-bg\" data-depth=\"0.50\" style=\"background-image: url(https:\/\/mmvilla.com\/wp-content\/uploads\/2024\/10\/Manu-Sea-Sun-Villa-Mykonos-124-1.jpg) \" ><\/div><\/div>\n\t\t\t\t\t\t<div class=\"rokka-gallery-item open-lightbox_images\"><a class=\"gallery-link\" href=\"https:\/\/mmvilla.com\/wp-content\/uploads\/2024\/10\/Manu-Sea-Sun-Villa-Mykonos-124-1.jpg\" data-size=\"640x454\"><\/a><div class=\"image-wrapper\"><span class=\"gallery-img \" style=\"background-image: url(https:\/\/mmvilla.com\/wp-content\/uploads\/2024\/10\/Manu-Sea-Sun-Villa-Mykonos-124-1.jpg);\"><\/span><\/div><\/div><\/article><article class=\"w1-h1\"><div class=\"layer\"><div class=\"img-bg\" data-depth=\"0.50\" style=\"background-image: url(https:\/\/mmvilla.com\/wp-content\/uploads\/2024\/10\/Manu-Sea-Sun-Villa-Mykonos-125-1.jpg) \" ><\/div><\/div>\n\t\t\t\t\t\t<div class=\"rokka-gallery-item open-lightbox_images\"><a class=\"gallery-link\" href=\"https:\/\/mmvilla.com\/wp-content\/uploads\/2024\/10\/Manu-Sea-Sun-Villa-Mykonos-125-1.jpg\" data-size=\"640x454\"><\/a><div class=\"image-wrapper\"><span class=\"gallery-img \" style=\"background-image: url(https:\/\/mmvilla.com\/wp-content\/uploads\/2024\/10\/Manu-Sea-Sun-Villa-Mykonos-125-1.jpg);\"><\/span><\/div><\/div><\/article><article class=\"w1-h1\"><div class=\"layer\"><div class=\"img-bg\" data-depth=\"0.50\" style=\"background-image: url(https:\/\/mmvilla.com\/wp-content\/uploads\/2024\/10\/Manu-Sea-Sun-Villa-Mykonos-126.jpg) \" ><\/div><\/div>\n\t\t\t\t\t\t<div class=\"rokka-gallery-item open-lightbox_images\"><a class=\"gallery-link\" href=\"https:\/\/mmvilla.com\/wp-content\/uploads\/2024\/10\/Manu-Sea-Sun-Villa-Mykonos-126.jpg\" data-size=\"640x454\"><\/a><div class=\"image-wrapper\"><span class=\"gallery-img \" style=\"background-image: url(https:\/\/mmvilla.com\/wp-content\/uploads\/2024\/10\/Manu-Sea-Sun-Villa-Mykonos-126.jpg);\"><\/span><\/div><\/div><\/article><article class=\"w1-h1\"><div class=\"layer\"><div class=\"img-bg\" data-depth=\"0.50\" style=\"background-image: url(https:\/\/mmvilla.com\/wp-content\/uploads\/2024\/10\/1-Manu-Sea-Sun-Villa-Mykonos-Nook-Bungalow-3-1600x1062.jpg) \" ><\/div><\/div>\n\t\t\t\t\t\t<div class=\"rokka-gallery-item open-lightbox_images\"><a class=\"gallery-link\" href=\"https:\/\/mmvilla.com\/wp-content\/uploads\/2024\/10\/1-Manu-Sea-Sun-Villa-Mykonos-Nook-Bungalow-3-scaled.jpg\" data-size=\"640x425\"><\/a><div class=\"image-wrapper\"><span class=\"gallery-img \" style=\"background-image: url(https:\/\/mmvilla.com\/wp-content\/uploads\/2024\/10\/1-Manu-Sea-Sun-Villa-Mykonos-Nook-Bungalow-3-1600x1062.jpg);\"><\/span><\/div><\/div><\/article><article class=\"w1-h1\"><div class=\"layer\"><div class=\"img-bg\" data-depth=\"0.50\" style=\"background-image: url(https:\/\/mmvilla.com\/wp-content\/uploads\/2024\/10\/5-Manu-Sea-Sun-Villa-Mykonos-Nook-Bungalow-2-1600x900.jpg) \" ><\/div><\/div>\n\t\t\t\t\t\t<div class=\"rokka-gallery-item open-lightbox_images\"><a class=\"gallery-link\" href=\"https:\/\/mmvilla.com\/wp-content\/uploads\/2024\/10\/5-Manu-Sea-Sun-Villa-Mykonos-Nook-Bungalow-2-scaled.jpg\" data-size=\"640x360\"><\/a><div class=\"image-wrapper\"><span class=\"gallery-img \" style=\"background-image: url(https:\/\/mmvilla.com\/wp-content\/uploads\/2024\/10\/5-Manu-Sea-Sun-Villa-Mykonos-Nook-Bungalow-2-1600x900.jpg);\"><\/span><\/div><\/div><\/article><article class=\"w1-h1\"><div class=\"layer\"><div class=\"img-bg\" data-depth=\"0.50\" style=\"background-image: url(https:\/\/mmvilla.com\/wp-content\/uploads\/2024\/10\/2-Manu-Sea-Sun-Villa-Mykonos-Nook-Bungalow-4-1600x1067.jpg) \" ><\/div><\/div>\n\t\t\t\t\t\t<div class=\"rokka-gallery-item open-lightbox_images\"><a class=\"gallery-link\" href=\"https:\/\/mmvilla.com\/wp-content\/uploads\/2024\/10\/2-Manu-Sea-Sun-Villa-Mykonos-Nook-Bungalow-4-scaled.jpg\" data-size=\"640x427\"><\/a><div class=\"image-wrapper\"><span class=\"gallery-img \" style=\"background-image: url(https:\/\/mmvilla.com\/wp-content\/uploads\/2024\/10\/2-Manu-Sea-Sun-Villa-Mykonos-Nook-Bungalow-4-1600x1067.jpg);\"><\/span><\/div><\/div><\/article><article class=\"w1-h1\"><div class=\"layer\"><div class=\"img-bg\" data-depth=\"0.50\" style=\"background-image: url(https:\/\/mmvilla.com\/wp-content\/uploads\/2024\/10\/1-Manu-Sea-Sun-Villa-Mykonos-Pool-2-1600x900.jpg) \" ><\/div><\/div>\n\t\t\t\t\t\t<div class=\"rokka-gallery-item open-lightbox_images\"><a class=\"gallery-link\" href=\"https:\/\/mmvilla.com\/wp-content\/uploads\/2024\/10\/1-Manu-Sea-Sun-Villa-Mykonos-Pool-2-scaled.jpg\" data-size=\"640x360\"><\/a><div class=\"image-wrapper\"><span class=\"gallery-img \" style=\"background-image: url(https:\/\/mmvilla.com\/wp-content\/uploads\/2024\/10\/1-Manu-Sea-Sun-Villa-Mykonos-Pool-2-1600x900.jpg);\"><\/span><\/div><\/div><\/article><article class=\"w1-h1\"><div class=\"layer\"><div class=\"img-bg\" data-depth=\"0.50\" style=\"background-image: url(https:\/\/mmvilla.com\/wp-content\/uploads\/2025\/09\/LOGO-MANU-TRANSPARENT-8.png) \" ><\/div><\/div>\n\t\t\t\t\t\t<div class=\"rokka-gallery-item open-lightbox_images\"><a class=\"gallery-link\" href=\"https:\/\/mmvilla.com\/wp-content\/uploads\/2025\/09\/LOGO-MANU-TRANSPARENT-8.png\" data-size=\"410x410\"><\/a><div class=\"image-wrapper\"><span class=\"gallery-img \" style=\"background-image: url(https:\/\/mmvilla.com\/wp-content\/uploads\/2025\/09\/LOGO-MANU-TRANSPARENT-8.png);\"><\/span><\/div><\/div><\/article><\/div><\/div>[vc_empty_space height=&#8221;20px&#8221;]<div class=\"heading-with-separator text-left id_169e5e9afb9f611697504920   \"><div class=\"header-content\">\n\t\t\t<p class=\"h-subheading\"><\/p>\n\t\t\t<h5 class=\"heading  \" style=\"color: #000000; letter-spacing: 0px; \">Mykonos. Une exp\u00e9rience faite pour Vous.<br \/>\nPlongez dans un univers de style et de s\u00e9r\u00e9nit\u00e9, o\u00f9 chaque d\u00e9tail est soigneusement pens\u00e9 pour refl\u00e9ter vos envies.<\/h5><\/div><\/div><div class=\"custom-styles\" data-styles=\".id_169e5e9afb9f611697504920 .heading-decorator-1:before, .id_169e5e9afb9f611697504920 .heading-decorator-1:after { border-color: #000000}\"><\/div><div class=\"heading-with-separator text-left id_169e5e9afb9faf383609607   \"><div class=\"header-content\">\n\t\t\t<p class=\"h-subheading\"><\/p>\n\t\t\t<h5 class=\"heading  \" style=\"color: #000000; letter-spacing: 0px; \">Bien plus qu\u2019un s\u00e9jour, c\u2019est une exp\u00e9rience unique pour les voyageurs qui appr\u00e9cient l\u2019authenticit\u00e9, le confort et l\u2019\u00e9l\u00e9gance. Chaque \u00e9l\u00e9ment exprime l\u2019essence de Mykonos, cr\u00e9ant une atmosph\u00e8re fluide, inspirante et inoubliable.<\/h5><\/div><\/div><div class=\"custom-styles\" data-styles=\".id_169e5e9afb9faf383609607 .heading-decorator-1:before, .id_169e5e9afb9faf383609607 .heading-decorator-1:after { border-color: #000000}\"><\/div><div class=\"heading-with-separator text-left id_169e5e9afb9fda1521888953   \"><div class=\"header-content\">\n\t\t\t<p class=\"h-subheading\"><\/p>\n\t\t\t<h5 class=\"heading  \" style=\"color: #000000; letter-spacing: 0px; \">Avec des services personnalis\u00e9s, des attentions raffin\u00e9es et des souvenirs pr\u00e9cieux, vos vacances \u00e0 Mykonos seront toujours aussi uniques que vous.<\/h5><\/div><\/div><div class=\"custom-styles\" data-styles=\".id_169e5e9afb9fda1521888953 .heading-decorator-1:before, .id_169e5e9afb9fda1521888953 .heading-decorator-1:after { border-color: #000000}\"><\/div><div class=\"btn-wrapper text-left id_169e5e9afba0271838737079   icon-left \" ><a href=\"https:\/\/mmvilla.com\/fr\/manu-mykonos-villa-reserver-en-ligne\/%20\" target='_blank' class=\"btn btn-lg btn-dark btn-solid\" data-btn-text=\"R\u00c9SERVER EN LIGNE\">R\u00c9SERVER EN LIGNE<\/a><\/div>[\/vc_column][\/vc_row]<\/p>","protected":false},"excerpt":{"rendered":"<p>[vc_row full_width=&#8221;stretch_row&#8221; gap=&#8221;&#8221; full_height=&#8221;yes&#8221; equal_height=&#8221;yes&#8221; parallax=&#8221;content-moving&#8221; parallax_image=&#8221;8524&#8243; overlay_color=&#8221;rgba(33,33,33,0.4)&#8221; text_color=&#8221;#ffffff&#8221; css=&#8221;.vc_custom_1755701381322{padding-top: 180px !important;padding-bottom: 180px !important;}&#8221;][vc_column width=&#8221;1\/2&#8243;][vc_column_text css_animation=&#8221;fadeInUp&#8221;] Des instants pr\u00e9cieux au Bungalow Splendid Nook Une adresse d\u2019exception, pens\u00e9e pour les voyageurs recherchant \u00e0 la fois confort et art de vivre MEILLEUR PRIX GARANTI Laissez-vous tenter d\u00e8s aujourd\u2019hui par l\u2019escapade de vos r\u00eaves ! [\/vc_column_text][\/vc_column][vc_column width=&#8221;1\/2&#8243;][vc_empty_space height=&#8221;84px&#8221;][\/vc_column][\/vc_row][vc_row[&#8230;] <a href=\"https:\/\/mmvilla.com\/fr\/manu-mykonos-villa-nook-bungalow\/\" class=\"more-link\">Continue reading<\/a><\/p>\n","protected":false},"author":2,"featured_media":0,"parent":0,"menu_order":0,"comment_status":"closed","ping_status":"closed","template":"","meta":{"footnotes":""},"class_list":["post-10468","page","type-page","status-publish","hentry"],"yoast_head":"<!-- This site is optimized with the Yoast SEO Premium plugin v23.5 (Yoast SEO v25.7) - https:\/\/yoast.com\/wordpress\/plugins\/seo\/ -->\n<title>La Splendide Suite Nook de la Villa Manu Mykonos<\/title>\n<meta name=\"description\" content=\"Le Splendid Nook Bungalow de la Villa Manu est un excellent choix pour deux h\u00f4tes en qu\u00eate d\u2019un subtil m\u00e9lange de confort et de raffinement.\" \/>\n<meta name=\"robots\" content=\"index, follow, max-snippet:-1, max-image-preview:large, max-video-preview:-1\" \/>\n<link rel=\"canonical\" href=\"https:\/\/mmvilla.com\/fr\/manu-mykonos-villa-nook-bungalow\/\" \/>\n<meta property=\"og:locale\" content=\"fr_FR\" \/>\n<meta property=\"og:type\" content=\"article\" \/>\n<meta property=\"og:title\" content=\"MANU MYKONOS VILLA Nook Bungalow\" \/>\n<meta property=\"og:description\" content=\"Le Splendid Nook Bungalow de la Villa Manu est un excellent choix pour deux h\u00f4tes en qu\u00eate d\u2019un subtil m\u00e9lange de confort et de raffinement.\" \/>\n<meta property=\"og:url\" content=\"https:\/\/mmvilla.com\/fr\/manu-mykonos-villa-nook-bungalow\/\" \/>\n<meta property=\"og:site_name\" content=\"Majestic Manu Mykonos \u2013 Private Villa, Premium Suites &amp; More\" \/>\n<meta property=\"article:publisher\" content=\"https:\/\/www.facebook.com\/p\/Quality-Brand-Villas-100039678235957\/\" \/>\n<meta property=\"article:modified_time\" content=\"2025-10-13T05:01:05+00:00\" \/>\n<meta name=\"twitter:card\" content=\"summary_large_image\" \/>\n<meta name=\"twitter:label1\" content=\"Dur\u00e9e de lecture estim\u00e9e\" \/>\n\t<meta name=\"twitter:data1\" content=\"3 minutes\" \/>\n<script type=\"application\/ld+json\" class=\"yoast-schema-graph\">{\"@context\":\"https:\/\/schema.org\",\"@graph\":[{\"@type\":\"WebPage\",\"@id\":\"https:\/\/mmvilla.com\/fr\/manu-mykonos-villa-nook-bungalow\/\",\"url\":\"https:\/\/mmvilla.com\/fr\/manu-mykonos-villa-nook-bungalow\/\",\"name\":\"La Splendide Suite Nook de la Villa Manu Mykonos\",\"isPartOf\":{\"@id\":\"https:\/\/mmvilla.com\/#website\"},\"datePublished\":\"2024-10-12T18:27:16+00:00\",\"dateModified\":\"2025-10-13T05:01:05+00:00\",\"description\":\"Le Splendid Nook Bungalow de la Villa Manu est un excellent choix pour deux h\u00f4tes en qu\u00eate d\u2019un subtil m\u00e9lange de confort et de raffinement.\",\"breadcrumb\":{\"@id\":\"https:\/\/mmvilla.com\/fr\/manu-mykonos-villa-nook-bungalow\/#breadcrumb\"},\"inLanguage\":\"fr-FR\",\"potentialAction\":[{\"@type\":\"ReadAction\",\"target\":[\"https:\/\/mmvilla.com\/fr\/manu-mykonos-villa-nook-bungalow\/\"]}]},{\"@type\":\"BreadcrumbList\",\"@id\":\"https:\/\/mmvilla.com\/fr\/manu-mykonos-villa-nook-bungalow\/#breadcrumb\",\"itemListElement\":[{\"@type\":\"ListItem\",\"position\":1,\"name\":\"Home\",\"item\":\"https:\/\/mmvilla.com\/fr\/\"},{\"@type\":\"ListItem\",\"position\":2,\"name\":\"MANU MYKONOS VILLA Nook Bungalow\"}]},{\"@type\":\"WebSite\",\"@id\":\"https:\/\/mmvilla.com\/#website\",\"url\":\"https:\/\/mmvilla.com\/\",\"name\":\"Manu Mykonos Villa\",\"description\":\"Mykonos Luxury Living, Perfected by Majestic Manu\",\"publisher\":{\"@id\":\"https:\/\/mmvilla.com\/#organization\"},\"alternateName\":\"MMVILLA\",\"potentialAction\":[{\"@type\":\"SearchAction\",\"target\":{\"@type\":\"EntryPoint\",\"urlTemplate\":\"https:\/\/mmvilla.com\/?s={search_term_string}\"},\"query-input\":{\"@type\":\"PropertyValueSpecification\",\"valueRequired\":true,\"valueName\":\"search_term_string\"}}],\"inLanguage\":\"fr-FR\"},{\"@type\":\"Organization\",\"@id\":\"https:\/\/mmvilla.com\/#organization\",\"name\":\"QB Villas\",\"url\":\"https:\/\/mmvilla.com\/\",\"logo\":{\"@type\":\"ImageObject\",\"inLanguage\":\"fr-FR\",\"@id\":\"https:\/\/mmvilla.com\/#\/schema\/logo\/image\/\",\"url\":\"https:\/\/mmvilla.com\/wp-content\/uploads\/2018\/12\/QUALITY-BRAND-LOGO-KEM-QBVILLAS.png\",\"contentUrl\":\"https:\/\/mmvilla.com\/wp-content\/uploads\/2018\/12\/QUALITY-BRAND-LOGO-KEM-QBVILLAS.png\",\"width\":487,\"height\":500,\"caption\":\"QB Villas\"},\"image\":{\"@id\":\"https:\/\/mmvilla.com\/#\/schema\/logo\/image\/\"},\"sameAs\":[\"https:\/\/www.facebook.com\/p\/Quality-Brand-Villas-100039678235957\/\",\"https:\/\/www.instagram.com\/qualitybrandvillas\/\",\"https:\/\/www.linkedin.com\/company\/quality-brand-villas\"]}]}<\/script>\n<!-- \/ Yoast SEO Premium plugin. -->","yoast_head_json":{"title":"La Splendide Suite Nook de la Villa Manu Mykonos","description":"Le Splendid Nook Bungalow de la Villa Manu est un excellent choix pour deux h\u00f4tes en qu\u00eate d\u2019un subtil m\u00e9lange de confort et de raffinement.","robots":{"index":"index","follow":"follow","max-snippet":"max-snippet:-1","max-image-preview":"max-image-preview:large","max-video-preview":"max-video-preview:-1"},"canonical":"https:\/\/mmvilla.com\/fr\/manu-mykonos-villa-nook-bungalow\/","og_locale":"fr_FR","og_type":"article","og_title":"MANU MYKONOS VILLA Nook Bungalow","og_description":"Le Splendid Nook Bungalow de la Villa Manu est un excellent choix pour deux h\u00f4tes en qu\u00eate d\u2019un subtil m\u00e9lange de confort et de raffinement.","og_url":"https:\/\/mmvilla.com\/fr\/manu-mykonos-villa-nook-bungalow\/","og_site_name":"Majestic Manu Mykonos \u2013 Private Villa, Premium Suites &amp; More","article_publisher":"https:\/\/www.facebook.com\/p\/Quality-Brand-Villas-100039678235957\/","article_modified_time":"2025-10-13T05:01:05+00:00","twitter_card":"summary_large_image","twitter_misc":{"Dur\u00e9e de lecture estim\u00e9e":"3 minutes"},"schema":{"@context":"https:\/\/schema.org","@graph":[{"@type":"WebPage","@id":"https:\/\/mmvilla.com\/fr\/manu-mykonos-villa-nook-bungalow\/","url":"https:\/\/mmvilla.com\/fr\/manu-mykonos-villa-nook-bungalow\/","name":"La Splendide Suite Nook de la Villa Manu Mykonos","isPartOf":{"@id":"https:\/\/mmvilla.com\/#website"},"datePublished":"2024-10-12T18:27:16+00:00","dateModified":"2025-10-13T05:01:05+00:00","description":"Le Splendid Nook Bungalow de la Villa Manu est un excellent choix pour deux h\u00f4tes en qu\u00eate d\u2019un subtil m\u00e9lange de confort et de raffinement.","breadcrumb":{"@id":"https:\/\/mmvilla.com\/fr\/manu-mykonos-villa-nook-bungalow\/#breadcrumb"},"inLanguage":"fr-FR","potentialAction":[{"@type":"ReadAction","target":["https:\/\/mmvilla.com\/fr\/manu-mykonos-villa-nook-bungalow\/"]}]},{"@type":"BreadcrumbList","@id":"https:\/\/mmvilla.com\/fr\/manu-mykonos-villa-nook-bungalow\/#breadcrumb","itemListElement":[{"@type":"ListItem","position":1,"name":"Home","item":"https:\/\/mmvilla.com\/fr\/"},{"@type":"ListItem","position":2,"name":"MANU MYKONOS VILLA Nook Bungalow"}]},{"@type":"WebSite","@id":"https:\/\/mmvilla.com\/#website","url":"https:\/\/mmvilla.com\/","name":"Manu Mykonos Villa","description":"Mykonos Luxury Living, Perfected by Majestic Manu","publisher":{"@id":"https:\/\/mmvilla.com\/#organization"},"alternateName":"MMVILLA","potentialAction":[{"@type":"SearchAction","target":{"@type":"EntryPoint","urlTemplate":"https:\/\/mmvilla.com\/?s={search_term_string}"},"query-input":{"@type":"PropertyValueSpecification","valueRequired":true,"valueName":"search_term_string"}}],"inLanguage":"fr-FR"},{"@type":"Organization","@id":"https:\/\/mmvilla.com\/#organization","name":"QB Villas","url":"https:\/\/mmvilla.com\/","logo":{"@type":"ImageObject","inLanguage":"fr-FR","@id":"https:\/\/mmvilla.com\/#\/schema\/logo\/image\/","url":"https:\/\/mmvilla.com\/wp-content\/uploads\/2018\/12\/QUALITY-BRAND-LOGO-KEM-QBVILLAS.png","contentUrl":"https:\/\/mmvilla.com\/wp-content\/uploads\/2018\/12\/QUALITY-BRAND-LOGO-KEM-QBVILLAS.png","width":487,"height":500,"caption":"QB Villas"},"image":{"@id":"https:\/\/mmvilla.com\/#\/schema\/logo\/image\/"},"sameAs":["https:\/\/www.facebook.com\/p\/Quality-Brand-Villas-100039678235957\/","https:\/\/www.instagram.com\/qualitybrandvillas\/","https:\/\/www.linkedin.com\/company\/quality-brand-villas"]}]}},"_links":{"self":[{"href":"https:\/\/mmvilla.com\/fr\/wp-json\/wp\/v2\/pages\/10468","targetHints":{"allow":["GET"]}}],"collection":[{"href":"https:\/\/mmvilla.com\/fr\/wp-json\/wp\/v2\/pages"}],"about":[{"href":"https:\/\/mmvilla.com\/fr\/wp-json\/wp\/v2\/types\/page"}],"author":[{"embeddable":true,"href":"https:\/\/mmvilla.com\/fr\/wp-json\/wp\/v2\/users\/2"}],"replies":[{"embeddable":true,"href":"https:\/\/mmvilla.com\/fr\/wp-json\/wp\/v2\/comments?post=10468"}],"version-history":[{"count":16,"href":"https:\/\/mmvilla.com\/fr\/wp-json\/wp\/v2\/pages\/10468\/revisions"}],"predecessor-version":[{"id":15195,"href":"https:\/\/mmvilla.com\/fr\/wp-json\/wp\/v2\/pages\/10468\/revisions\/15195"}],"wp:attachment":[{"href":"https:\/\/mmvilla.com\/fr\/wp-json\/wp\/v2\/media?parent=10468"}],"curies":[{"name":"wp","href":"https:\/\/api.w.org\/{rel}","templated":true}]}}