{"id":10472,"date":"2025-05-28T13:25:41","date_gmt":"2025-05-28T10:25:41","guid":{"rendered":"https:\/\/mmvilla.com\/manu-mykonos-villa-fable-suite-2\/"},"modified":"2025-10-13T08:02:45","modified_gmt":"2025-10-13T05:02:45","slug":"manu-mykonos-villa-fable-suite-de-luxe","status":"publish","type":"page","link":"https:\/\/mmvilla.com\/fr\/manu-mykonos-villa-fable-suite-de-luxe\/","title":{"rendered":"MANU MYKONOS VILLA Fable suite"},"content":{"rendered":"<p>[vc_row full_width=&#8221;stretch_row&#8221; gap=&#8221;&#8221; full_height=&#8221;yes&#8221; equal_height=&#8221;yes&#8221; parallax=&#8221;content-moving&#8221; parallax_image=&#8221;8537&#8243; overlay_color=&#8221;rgba(33,33,33,0.4)&#8221; text_color=&#8221;#ffffff&#8221; css=&#8221;.vc_custom_1755702569176{padding-top: 180px !important;padding-bottom: 180px !important;}&#8221;][vc_column width=&#8221;1\/2&#8243;][vc_column_text css_animation=&#8221;fadeInUp&#8221;]<\/p>\n<h1>La Suite Premium Fable \u2013 L\u2019Horizon Bleu comme Toile de Fond<\/h1>\n<h4>Le refuge parfait pour s\u2019\u00e9vader dans une atmosph\u00e8re sereine, berc\u00e9e par des panoramas \u00e0 couper le souffle sur la mer et la piscine<\/h4>\n<h3>MEILLEUR PRIX GARANTI<\/h3>\n<h4><a href=\"https:\/\/mmvilla.com\/fr\/manu-mykonos-villa-reserver-en-ligne\/\" target=\"_blank\" rel=\"noopener\">Accordez-vous sans attendre l\u2019escapade de r\u00eave que vous m\u00e9ritez<\/a><\/h4>\n<p>[\/vc_column_text][\/vc_column][vc_column width=&#8221;1\/2&#8243;][vc_empty_space height=&#8221;184px&#8221;][\/vc_column][\/vc_row][vc_row full_width=&#8221;stretch_row_content&#8221; gap=&#8221;&#8221; equal_height=&#8221;yes&#8221; content_placement=&#8221;top&#8221; css=&#8221;.vc_custom_1759834269020{padding-top: 32px !important;padding-bottom: 32px !important;}&#8221;][vc_column parallax_image=&#8221;2821&#8243; width=&#8221;1\/2&#8243; overlay_color=&#8221;rgba(255,255,255,0.9)&#8221; css=&#8221;.vc_custom_1759327547339{padding-top: 32px !important;padding-right: 100px !important;padding-left: 100px !important;}&#8221;][vc_row_inner][vc_column_inner]<div class=\"heading-with-separator text-left id_169e34a08b91261846766248   wpb_animate_when_almost_visible wpb_fadeInUp fadeInUp \"><div class=\"header-content\">\n\t\t\t<p class=\"h-subheading\">Vue mer &amp; piscine | Capacit\u00e9 : jusqu\u2019\u00e0 2 personnes | Chambre : 1 | Salle de bain : 1 | Espace repas | Superficie : 80 m\u00b2 (860 pieds carr\u00e9s), dont 45 m\u00b2 d\u2019espace int\u00e9rieur<\/p>\n\t\t\t<h2 class=\"heading  heading-decorator-1\" style=\"; letter-spacing: 0px; \">Luxe et Raffinement<br \/>\n<em>&amp; Propos\u00e9 \u00e0 un Prix d\u2019Exception<em><\/h2><\/div><\/div><div class=\"custom-styles\" data-styles=\".id_169e34a08b91261846766248 .heading-decorator-1:before, .id_169e34a08b91261846766248 .heading-decorator-1:after { border-color: #000000}\"><\/div><div class=\"heading-with-separator text-left id_169e34a08b91a3853189052   wpb_animate_when_almost_visible wpb_fadeInUp fadeInUp \"><div class=\"header-content\">\n\t\t\t<p class=\"h-subheading\"><\/p>\n\t\t\t<h4 class=\"heading  \" style=\"; letter-spacing: 0px; \">Suite Premium Fable \u00e0 Mykonos \u2013 Un Refuge d\u2019Exception avec Vue Mer &amp; Piscine<\/h4><\/div><\/div><div class=\"custom-styles\" data-styles=\".id_169e34a08b91a3853189052 .heading-decorator-1:before, .id_169e34a08b91a3853189052 .heading-decorator-1:after { border-color: #000000}\"><\/div>[vc_column_text css_animation=&#8221;fadeInUp&#8221;]<\/em><\/em><\/p>\n<h6 data-start=\"216\" data-end=\"680\">Offrez-vous une parenth\u00e8se de d\u00e9tente absolue dans la <strong data-start=\"270\" data-end=\"293\">Suite Premium Fable<\/strong>, une location de vacances exclusive \u00e0 Mykonos, offrant des panoramas spectaculaires sur la mer \u00c9g\u00e9e et des vues sublimes sur la piscine \u00e0 d\u00e9bordement.<\/h6>\n<h6 data-start=\"216\" data-end=\"680\">Cette suite \u00e9l\u00e9gante dispose d\u2019un spacieux lit king-size, d\u2019une salle de bain moderne attenante et d\u2019un coin repas au design \u00e9pur\u00e9 \u2014 l\u2019\u00e9crin parfait pour une escapade romantique, un voyage de noces ou des vacances luxueuses en Gr\u00e8ce.<\/h6>\n<h6 data-start=\"682\" data-end=\"1014\">Depuis votre balcon priv\u00e9, laissez-vous s\u00e9duire par la magie des couchers de soleil et la douce brise marine, dans une atmosph\u00e8re paisible et intimiste.<\/h6>\n<h6 data-start=\"682\" data-end=\"1014\">Id\u00e9alement situ\u00e9e \u00e0 proximit\u00e9 des plages et des attractions de Mykonos, la <strong data-start=\"910\" data-end=\"933\">Suite Premium Fable<\/strong> allie intimit\u00e9, \u00e9l\u00e9gance et confort pour une exp\u00e9rience insulaire inoubliable.<\/h6>\n<hr data-start=\"1016\" data-end=\"1019\" \/>\n<h5 data-start=\"1021\" data-end=\"1069\"><strong data-start=\"1025\" data-end=\"1067\">Matelas \u2013 Le Luxe d\u2019un Sommeil Parfait<\/strong><\/h5>\n<p data-start=\"1070\" data-end=\"1436\">Vivez un repos incomparable gr\u00e2ce \u00e0 nos matelas haut de gamme, 100 % naturels, soigneusement s\u00e9lectionn\u00e9s pour offrir un confort et un soutien absolus. Con\u00e7us avec expertise et dans le respect des mat\u00e9riaux nobles, ils vous garantissent un sommeil r\u00e9parateur et profond\u00e9ment ressour\u00e7ant \u2014 pour que chaque journ\u00e9e de vos vacances commence dans une \u00e9nergie nouvelle.<\/p>\n<hr data-start=\"1438\" data-end=\"1441\" \/>\n<h5 data-start=\"1443\" data-end=\"1501\"><strong data-start=\"1447\" data-end=\"1499\">NESPRESSO \u2013 Commencez Vos Journ\u00e9es avec \u00c9l\u00e9gance<\/strong><\/h5>\n<p data-start=\"1502\" data-end=\"1781\">Savourez un caf\u00e9 riche et aromatique ou une infusion d\u00e9licate, gr\u00e2ce \u00e0 une machine Nespresso premium et une bouilloire \u00e9l\u00e9gante pr\u00e9sentes dans votre suite. Le rituel parfait pour les amateurs de caf\u00e9 et de th\u00e9 qui recherchent qualit\u00e9 et raffinement \u00e0 tout moment de la journ\u00e9e.<\/p>\n<hr data-start=\"1783\" data-end=\"1786\" \/>\n<h5 data-start=\"1788\" data-end=\"1849\"><strong data-start=\"1792\" data-end=\"1847\">AMAZON PRIME &amp; NETFLIX \u2013 Divertissement Sans Limite<\/strong><\/h5>\n<p data-start=\"1850\" data-end=\"2063\">Profitez de vos s\u00e9ries et films pr\u00e9f\u00e9r\u00e9s directement depuis votre suite gr\u00e2ce \u00e0 une Smart TV int\u00e9grant Amazon Prime et Netflix. Une exp\u00e9rience de visionnage simple et personnalis\u00e9e, pour vos instants de d\u00e9tente.<\/p>\n<hr data-start=\"2065\" data-end=\"2068\" \/>\n<h5 data-start=\"2070\" data-end=\"2142\"><strong data-start=\"2074\" data-end=\"2140\">\u00c9quipements &amp; Services \u2013 Tout le Confort, et Bien Plus Encore\u2026<\/strong><\/h5>\n<ul data-start=\"2143\" data-end=\"2663\">\n<li data-start=\"2143\" data-end=\"2177\">\n<p data-start=\"2145\" data-end=\"2177\">Vue imprenable sur la mer \u00c9g\u00e9e<\/p>\n<\/li>\n<li data-start=\"2178\" data-end=\"2199\">\n<p data-start=\"2180\" data-end=\"2199\">Suite non-fumeurs<\/p>\n<\/li>\n<li data-start=\"2200\" data-end=\"2238\">\n<p data-start=\"2202\" data-end=\"2238\">Salle de bain moderne et spacieuse<\/p>\n<\/li>\n<li data-start=\"2239\" data-end=\"2287\">\n<p data-start=\"2241\" data-end=\"2287\">Balcon priv\u00e9 avec mobilier ext\u00e9rieur \u00e9l\u00e9gant<\/p>\n<\/li>\n<li data-start=\"2288\" data-end=\"2374\">\n<p data-start=\"2290\" data-end=\"2374\">TV LED-SMART FHD 43\u2019\u2019 avec plus de 100 cha\u00eenes satellites + Amazon Prime &amp; Netflix<\/p>\n<\/li>\n<li data-start=\"2375\" data-end=\"2411\">\n<p data-start=\"2377\" data-end=\"2411\">Enceinte Bluetooth haut de gamme<\/p>\n<\/li>\n<li data-start=\"2412\" data-end=\"2439\">\n<p data-start=\"2414\" data-end=\"2439\">Wi-Fi rapide et gratuit<\/p>\n<\/li>\n<li data-start=\"2440\" data-end=\"2478\">\n<p data-start=\"2442\" data-end=\"2478\">Climatisation \u00e0 r\u00e9glage individuel<\/p>\n<\/li>\n<li data-start=\"2479\" data-end=\"2531\">\n<p data-start=\"2481\" data-end=\"2531\">Miroir lumineux, s\u00e8che-cheveux, balance digitale<\/p>\n<\/li>\n<li data-start=\"2532\" data-end=\"2556\">\n<p data-start=\"2534\" data-end=\"2556\">Coffre-fort s\u00e9curis\u00e9<\/p>\n<\/li>\n<li data-start=\"2557\" data-end=\"2624\">\n<p data-start=\"2559\" data-end=\"2624\">Linge en coton raffin\u00e9, peignoirs moelleux &amp; chaussons \u00e9l\u00e9gants<\/p>\n<\/li>\n<li data-start=\"2625\" data-end=\"2663\">\n<p data-start=\"2627\" data-end=\"2663\">Produits de toilette haut de gamme<\/p>\n<\/li>\n<\/ul>\n<p>[\/vc_column_text][\/vc_column_inner][\/vc_row_inner][\/vc_column][vc_column css_animation=&#8221;none&#8221; width=&#8221;1\/2&#8243;][vc_empty_space]<div class=\"rokka-gallery rokka-gallery-element\"><div class=\"rokka-gallery-masonry rokka-grid rokka-2-col   animate-text\" data-ismasonry=\"0\" data-imgbg=\"1\"><article class=\"grid-sizer\"><\/article><article class=\"gutter-sizer\"><\/article><article class=\"w1-h1\"><div class=\"layer\"><div class=\"img-bg\" data-depth=\"0.50\" style=\"background-image: url(https:\/\/mmvilla.com\/wp-content\/uploads\/2025\/05\/MYKONOS-VILLA-AGIA-ANNA-BEACH-6-1600x1068.jpg) \" ><\/div><\/div>\n\t\t\t\t\t\t<div class=\"rokka-gallery-item open-lightbox_images\"><a class=\"gallery-link\" href=\"https:\/\/mmvilla.com\/wp-content\/uploads\/2025\/05\/MYKONOS-VILLA-AGIA-ANNA-BEACH-6-scaled.jpg\" data-size=\"640x427\"><\/a><div class=\"image-wrapper\"><span class=\"gallery-img \" style=\"background-image: url(https:\/\/mmvilla.com\/wp-content\/uploads\/2025\/05\/MYKONOS-VILLA-AGIA-ANNA-BEACH-6-1600x1068.jpg);\"><\/span><\/div><\/div><\/article><article class=\"w1-h1\"><div class=\"layer\"><div class=\"img-bg\" data-depth=\"0.50\" style=\"background-image: url(https:\/\/mmvilla.com\/wp-content\/uploads\/2024\/10\/Manu-Sea-Sun-Villa-Mykonos-135-1.jpg) \" ><\/div><\/div>\n\t\t\t\t\t\t<div class=\"rokka-gallery-item open-lightbox_images\"><a class=\"gallery-link\" href=\"https:\/\/mmvilla.com\/wp-content\/uploads\/2024\/10\/Manu-Sea-Sun-Villa-Mykonos-135-1.jpg\" data-size=\"640x427\"><\/a><div class=\"image-wrapper\"><span class=\"gallery-img \" style=\"background-image: url(https:\/\/mmvilla.com\/wp-content\/uploads\/2024\/10\/Manu-Sea-Sun-Villa-Mykonos-135-1.jpg);\"><\/span><\/div><\/div><\/article><article class=\"w1-h1\"><div class=\"layer\"><div class=\"img-bg\" data-depth=\"0.50\" style=\"background-image: url(https:\/\/mmvilla.com\/wp-content\/uploads\/2024\/10\/Manu-Sea-Sun-Villa-Mykonos-136.jpg) \" ><\/div><\/div>\n\t\t\t\t\t\t<div class=\"rokka-gallery-item open-lightbox_images\"><a class=\"gallery-link\" href=\"https:\/\/mmvilla.com\/wp-content\/uploads\/2024\/10\/Manu-Sea-Sun-Villa-Mykonos-136.jpg\" data-size=\"640x454\"><\/a><div class=\"image-wrapper\"><span class=\"gallery-img \" style=\"background-image: url(https:\/\/mmvilla.com\/wp-content\/uploads\/2024\/10\/Manu-Sea-Sun-Villa-Mykonos-136.jpg);\"><\/span><\/div><\/div><\/article><article class=\"w1-h1\"><div class=\"layer\"><div class=\"img-bg\" data-depth=\"0.50\" style=\"background-image: url(https:\/\/mmvilla.com\/wp-content\/uploads\/2024\/10\/Manu-Sea-Sun-Villa-Mykonos-147.jpg) \" ><\/div><\/div>\n\t\t\t\t\t\t<div class=\"rokka-gallery-item open-lightbox_images\"><a class=\"gallery-link\" href=\"https:\/\/mmvilla.com\/wp-content\/uploads\/2024\/10\/Manu-Sea-Sun-Villa-Mykonos-147.jpg\" data-size=\"640x454\"><\/a><div class=\"image-wrapper\"><span class=\"gallery-img \" style=\"background-image: url(https:\/\/mmvilla.com\/wp-content\/uploads\/2024\/10\/Manu-Sea-Sun-Villa-Mykonos-147.jpg);\"><\/span><\/div><\/div><\/article><article class=\"w1-h1\"><div class=\"layer\"><div class=\"img-bg\" data-depth=\"0.50\" style=\"background-image: url(https:\/\/mmvilla.com\/wp-content\/uploads\/2024\/10\/5-Manu-Sea-Sun-Villa-Mykonos-Fable-Suite-3-1600x1070.jpg) \" ><\/div><\/div>\n\t\t\t\t\t\t<div class=\"rokka-gallery-item open-lightbox_images\"><a class=\"gallery-link\" href=\"https:\/\/mmvilla.com\/wp-content\/uploads\/2024\/10\/5-Manu-Sea-Sun-Villa-Mykonos-Fable-Suite-3-scaled.jpg\" data-size=\"640x428\"><\/a><div class=\"image-wrapper\"><span class=\"gallery-img \" style=\"background-image: url(https:\/\/mmvilla.com\/wp-content\/uploads\/2024\/10\/5-Manu-Sea-Sun-Villa-Mykonos-Fable-Suite-3-1600x1070.jpg);\"><\/span><\/div><\/div><\/article><article class=\"w1-h1\"><div class=\"layer\"><div class=\"img-bg\" data-depth=\"0.50\" style=\"background-image: url(https:\/\/mmvilla.com\/wp-content\/uploads\/2024\/10\/Manu-Sea-Sun-Villa-Mykonos-143.jpg) \" ><\/div><\/div>\n\t\t\t\t\t\t<div class=\"rokka-gallery-item open-lightbox_images\"><a class=\"gallery-link\" href=\"https:\/\/mmvilla.com\/wp-content\/uploads\/2024\/10\/Manu-Sea-Sun-Villa-Mykonos-143.jpg\" data-size=\"640x427\"><\/a><div class=\"image-wrapper\"><span class=\"gallery-img \" style=\"background-image: url(https:\/\/mmvilla.com\/wp-content\/uploads\/2024\/10\/Manu-Sea-Sun-Villa-Mykonos-143.jpg);\"><\/span><\/div><\/div><\/article><article class=\"w1-h1\"><div class=\"layer\"><div class=\"img-bg\" data-depth=\"0.50\" style=\"background-image: url(https:\/\/mmvilla.com\/wp-content\/uploads\/2024\/10\/Manu-Sea-Sun-Villa-Mykonos-146.jpg) \" ><\/div><\/div>\n\t\t\t\t\t\t<div class=\"rokka-gallery-item open-lightbox_images\"><a class=\"gallery-link\" href=\"https:\/\/mmvilla.com\/wp-content\/uploads\/2024\/10\/Manu-Sea-Sun-Villa-Mykonos-146.jpg\" data-size=\"640x454\"><\/a><div class=\"image-wrapper\"><span class=\"gallery-img \" style=\"background-image: url(https:\/\/mmvilla.com\/wp-content\/uploads\/2024\/10\/Manu-Sea-Sun-Villa-Mykonos-146.jpg);\"><\/span><\/div><\/div><\/article><article class=\"w1-h1\"><div class=\"layer\"><div class=\"img-bg\" data-depth=\"0.50\" style=\"background-image: url(https:\/\/mmvilla.com\/wp-content\/uploads\/2024\/10\/8-Manu-Sea-Sun-Villa-Mykonos-Vive-Suite-1-1600x1054.jpg) \" ><\/div><\/div>\n\t\t\t\t\t\t<div class=\"rokka-gallery-item open-lightbox_images\"><a class=\"gallery-link\" href=\"https:\/\/mmvilla.com\/wp-content\/uploads\/2024\/10\/8-Manu-Sea-Sun-Villa-Mykonos-Vive-Suite-1-scaled.jpg\" data-size=\"640x422\"><\/a><div class=\"image-wrapper\"><span class=\"gallery-img \" style=\"background-image: url(https:\/\/mmvilla.com\/wp-content\/uploads\/2024\/10\/8-Manu-Sea-Sun-Villa-Mykonos-Vive-Suite-1-1600x1054.jpg);\"><\/span><\/div><\/div><\/article><article class=\"w1-h1\"><div class=\"layer\"><div class=\"img-bg\" data-depth=\"0.50\" style=\"background-image: url(https:\/\/mmvilla.com\/wp-content\/uploads\/2024\/10\/2-Manu-Sea-Sun-Villa-Mykonos-Pool-14-1600x900.jpg) \" ><\/div><\/div>\n\t\t\t\t\t\t<div class=\"rokka-gallery-item open-lightbox_images\"><a class=\"gallery-link\" href=\"https:\/\/mmvilla.com\/wp-content\/uploads\/2024\/10\/2-Manu-Sea-Sun-Villa-Mykonos-Pool-14-scaled.jpg\" data-size=\"640x360\"><\/a><div class=\"image-wrapper\"><span class=\"gallery-img \" style=\"background-image: url(https:\/\/mmvilla.com\/wp-content\/uploads\/2024\/10\/2-Manu-Sea-Sun-Villa-Mykonos-Pool-14-1600x900.jpg);\"><\/span><\/div><\/div><\/article><article class=\"w1-h1\"><div class=\"layer\"><div class=\"img-bg\" data-depth=\"0.50\" style=\"background-image: url(https:\/\/mmvilla.com\/wp-content\/uploads\/2025\/09\/LOGO-MANU-TRANSPARENT-8.png) \" ><\/div><\/div>\n\t\t\t\t\t\t<div class=\"rokka-gallery-item open-lightbox_images\"><a class=\"gallery-link\" href=\"https:\/\/mmvilla.com\/wp-content\/uploads\/2025\/09\/LOGO-MANU-TRANSPARENT-8.png\" data-size=\"410x410\"><\/a><div class=\"image-wrapper\"><span class=\"gallery-img \" style=\"background-image: url(https:\/\/mmvilla.com\/wp-content\/uploads\/2025\/09\/LOGO-MANU-TRANSPARENT-8.png);\"><\/span><\/div><\/div><\/article><\/div><\/div>[vc_empty_space]<div class=\"heading-with-separator text-left id_169e34a08badc8611688361   \"><div class=\"header-content\">\n\t\t\t<p class=\"h-subheading\"><\/p>\n\t\t\t<h5 class=\"heading  \" style=\"color: #000000; letter-spacing: 0px; \">Mykonos. Vraiment \u00e0 Vous.<br \/>\nPlongez dans un univers d\u2019\u00e9l\u00e9gance et de confort, o\u00f9 chaque d\u00e9tail est soigneusement pens\u00e9 pour vous.<\/h5><\/div><\/div><div class=\"custom-styles\" data-styles=\".id_169e34a08badc8611688361 .heading-decorator-1:before, .id_169e34a08badc8611688361 .heading-decorator-1:after { border-color: #000000}\"><\/div><div class=\"heading-with-separator text-left id_169e34a08badf11458008519   \"><div class=\"header-content\">\n\t\t\t<p class=\"h-subheading\"><\/p>\n\t\t\t<h6 class=\"heading  \" style=\"color: #000000; letter-spacing: 0px; \">Bien plus qu\u2019un s\u00e9jour, c\u2019est une premium vacation experience pour les voyageurs qui appr\u00e9cient l\u2019authenticit\u00e9, le style et la s\u00e9r\u00e9nit\u00e9. Chaque \u00e9l\u00e9ment refl\u00e8te l\u2019essence de Mykonos et cr\u00e9e des instants fluides, inspirants et m\u00e9morables.<\/h6><\/div><\/div><div class=\"custom-styles\" data-styles=\".id_169e34a08badf11458008519 .heading-decorator-1:before, .id_169e34a08badf11458008519 .heading-decorator-1:after { border-color: #000000}\"><\/div><div class=\"heading-with-separator text-left id_169e34a08bae0c655008232   \"><div class=\"header-content\">\n\t\t\t<p class=\"h-subheading\"><\/p>\n\t\t\t<h5 class=\"heading  \" style=\"color: #000000; letter-spacing: 0px; \">Avec des services personnalis\u00e9s, des attentions raffin\u00e9es et des souvenirs \u00e0 ch\u00e9rir, votre holiday in Mykonos sera toujours aussi unique que vous.<\/h5><\/div><\/div><div class=\"custom-styles\" data-styles=\".id_169e34a08bae0c655008232 .heading-decorator-1:before, .id_169e34a08bae0c655008232 .heading-decorator-1:after { border-color: #000000}\"><\/div><div class=\"btn-wrapper text-left id_169e34a08bae2f1512844003   icon-left \" ><a href=\"https:\/\/mmvilla.com\/fr\/manu-mykonos-villa-reserver-en-ligne\/%20\" target='_blank' class=\"btn btn-lg btn-dark btn-solid\" data-btn-text=\"R\u00c9SERVER EN LIGNE\">R\u00c9SERVER EN LIGNE<\/a><\/div>[\/vc_column][\/vc_row]<\/p>","protected":false},"excerpt":{"rendered":"<p>[vc_row full_width=&#8221;stretch_row&#8221; gap=&#8221;&#8221; full_height=&#8221;yes&#8221; equal_height=&#8221;yes&#8221; parallax=&#8221;content-moving&#8221; parallax_image=&#8221;8537&#8243; overlay_color=&#8221;rgba(33,33,33,0.4)&#8221; text_color=&#8221;#ffffff&#8221; css=&#8221;.vc_custom_1755702569176{padding-top: 180px !important;padding-bottom: 180px !important;}&#8221;][vc_column width=&#8221;1\/2&#8243;][vc_column_text css_animation=&#8221;fadeInUp&#8221;] La Suite Premium Fable \u2013 L\u2019Horizon Bleu comme Toile de Fond Le refuge parfait pour s\u2019\u00e9vader dans une atmosph\u00e8re sereine, berc\u00e9e par des panoramas \u00e0 couper le souffle sur la mer et la piscine MEILLEUR PRIX GARANTI Accordez-vous sans[&#8230;] <a href=\"https:\/\/mmvilla.com\/fr\/manu-mykonos-villa-fable-suite-de-luxe\/\" class=\"more-link\">Continue reading<\/a><\/p>\n","protected":false},"author":2,"featured_media":0,"parent":0,"menu_order":0,"comment_status":"closed","ping_status":"closed","template":"","meta":{"footnotes":""},"class_list":["post-10472","page","type-page","status-publish","hentry"],"yoast_head":"<!-- This site is optimized with the Yoast SEO Premium plugin v23.5 (Yoast SEO v25.7) - https:\/\/yoast.com\/wordpress\/plugins\/seo\/ -->\n<title>La Suite Premium Fable de la Villa Manu Mykonos<\/title>\n<meta name=\"description\" content=\"La Fable Suite de la Villa Manu est le refuge id\u00e9al pour ceux qui recherchent une atmosph\u00e8re apaisante\" \/>\n<meta name=\"robots\" content=\"index, follow, max-snippet:-1, max-image-preview:large, max-video-preview:-1\" \/>\n<link rel=\"canonical\" href=\"https:\/\/mmvilla.com\/fr\/manu-mykonos-villa-fable-suite-de-luxe\/\" \/>\n<meta property=\"og:locale\" content=\"fr_FR\" \/>\n<meta property=\"og:type\" content=\"article\" \/>\n<meta property=\"og:title\" content=\"MANU MYKONOS VILLA Fable suite\" \/>\n<meta property=\"og:description\" content=\"La Fable Suite de la Villa Manu est le refuge id\u00e9al pour ceux qui recherchent une atmosph\u00e8re apaisante\" \/>\n<meta property=\"og:url\" content=\"https:\/\/mmvilla.com\/fr\/manu-mykonos-villa-fable-suite-de-luxe\/\" \/>\n<meta property=\"og:site_name\" content=\"Majestic Manu Mykonos \u2013 Private Villa, Premium Suites &amp; More\" \/>\n<meta property=\"article:publisher\" content=\"https:\/\/www.facebook.com\/p\/Quality-Brand-Villas-100039678235957\/\" \/>\n<meta property=\"article:modified_time\" content=\"2025-10-13T05:02:45+00:00\" \/>\n<meta name=\"twitter:card\" content=\"summary_large_image\" \/>\n<meta name=\"twitter:label1\" content=\"Dur\u00e9e de lecture estim\u00e9e\" \/>\n\t<meta name=\"twitter:data1\" content=\"3 minutes\" \/>\n<script type=\"application\/ld+json\" class=\"yoast-schema-graph\">{\"@context\":\"https:\/\/schema.org\",\"@graph\":[{\"@type\":\"WebPage\",\"@id\":\"https:\/\/mmvilla.com\/fr\/manu-mykonos-villa-fable-suite-de-luxe\/\",\"url\":\"https:\/\/mmvilla.com\/fr\/manu-mykonos-villa-fable-suite-de-luxe\/\",\"name\":\"La Suite Premium Fable de la Villa Manu Mykonos\",\"isPartOf\":{\"@id\":\"https:\/\/mmvilla.com\/#website\"},\"datePublished\":\"2025-05-28T10:25:41+00:00\",\"dateModified\":\"2025-10-13T05:02:45+00:00\",\"description\":\"La Fable Suite de la Villa Manu est le refuge id\u00e9al pour ceux qui recherchent une atmosph\u00e8re apaisante\",\"breadcrumb\":{\"@id\":\"https:\/\/mmvilla.com\/fr\/manu-mykonos-villa-fable-suite-de-luxe\/#breadcrumb\"},\"inLanguage\":\"fr-FR\",\"potentialAction\":[{\"@type\":\"ReadAction\",\"target\":[\"https:\/\/mmvilla.com\/fr\/manu-mykonos-villa-fable-suite-de-luxe\/\"]}]},{\"@type\":\"BreadcrumbList\",\"@id\":\"https:\/\/mmvilla.com\/fr\/manu-mykonos-villa-fable-suite-de-luxe\/#breadcrumb\",\"itemListElement\":[{\"@type\":\"ListItem\",\"position\":1,\"name\":\"Home\",\"item\":\"https:\/\/mmvilla.com\/fr\/\"},{\"@type\":\"ListItem\",\"position\":2,\"name\":\"MANU MYKONOS VILLA Fable suite\"}]},{\"@type\":\"WebSite\",\"@id\":\"https:\/\/mmvilla.com\/#website\",\"url\":\"https:\/\/mmvilla.com\/\",\"name\":\"Manu Mykonos Villa\",\"description\":\"Mykonos Luxury Living, Perfected by Majestic Manu\",\"publisher\":{\"@id\":\"https:\/\/mmvilla.com\/#organization\"},\"alternateName\":\"MMVILLA\",\"potentialAction\":[{\"@type\":\"SearchAction\",\"target\":{\"@type\":\"EntryPoint\",\"urlTemplate\":\"https:\/\/mmvilla.com\/?s={search_term_string}\"},\"query-input\":{\"@type\":\"PropertyValueSpecification\",\"valueRequired\":true,\"valueName\":\"search_term_string\"}}],\"inLanguage\":\"fr-FR\"},{\"@type\":\"Organization\",\"@id\":\"https:\/\/mmvilla.com\/#organization\",\"name\":\"QB Villas\",\"url\":\"https:\/\/mmvilla.com\/\",\"logo\":{\"@type\":\"ImageObject\",\"inLanguage\":\"fr-FR\",\"@id\":\"https:\/\/mmvilla.com\/#\/schema\/logo\/image\/\",\"url\":\"https:\/\/mmvilla.com\/wp-content\/uploads\/2018\/12\/QUALITY-BRAND-LOGO-KEM-QBVILLAS.png\",\"contentUrl\":\"https:\/\/mmvilla.com\/wp-content\/uploads\/2018\/12\/QUALITY-BRAND-LOGO-KEM-QBVILLAS.png\",\"width\":487,\"height\":500,\"caption\":\"QB Villas\"},\"image\":{\"@id\":\"https:\/\/mmvilla.com\/#\/schema\/logo\/image\/\"},\"sameAs\":[\"https:\/\/www.facebook.com\/p\/Quality-Brand-Villas-100039678235957\/\",\"https:\/\/www.instagram.com\/qualitybrandvillas\/\",\"https:\/\/www.linkedin.com\/company\/quality-brand-villas\"]}]}<\/script>\n<!-- \/ Yoast SEO Premium plugin. -->","yoast_head_json":{"title":"La Suite Premium Fable de la Villa Manu Mykonos","description":"La Fable Suite de la Villa Manu est le refuge id\u00e9al pour ceux qui recherchent une atmosph\u00e8re apaisante","robots":{"index":"index","follow":"follow","max-snippet":"max-snippet:-1","max-image-preview":"max-image-preview:large","max-video-preview":"max-video-preview:-1"},"canonical":"https:\/\/mmvilla.com\/fr\/manu-mykonos-villa-fable-suite-de-luxe\/","og_locale":"fr_FR","og_type":"article","og_title":"MANU MYKONOS VILLA Fable suite","og_description":"La Fable Suite de la Villa Manu est le refuge id\u00e9al pour ceux qui recherchent une atmosph\u00e8re apaisante","og_url":"https:\/\/mmvilla.com\/fr\/manu-mykonos-villa-fable-suite-de-luxe\/","og_site_name":"Majestic Manu Mykonos \u2013 Private Villa, Premium Suites &amp; More","article_publisher":"https:\/\/www.facebook.com\/p\/Quality-Brand-Villas-100039678235957\/","article_modified_time":"2025-10-13T05:02:45+00:00","twitter_card":"summary_large_image","twitter_misc":{"Dur\u00e9e de lecture estim\u00e9e":"3 minutes"},"schema":{"@context":"https:\/\/schema.org","@graph":[{"@type":"WebPage","@id":"https:\/\/mmvilla.com\/fr\/manu-mykonos-villa-fable-suite-de-luxe\/","url":"https:\/\/mmvilla.com\/fr\/manu-mykonos-villa-fable-suite-de-luxe\/","name":"La Suite Premium Fable de la Villa Manu Mykonos","isPartOf":{"@id":"https:\/\/mmvilla.com\/#website"},"datePublished":"2025-05-28T10:25:41+00:00","dateModified":"2025-10-13T05:02:45+00:00","description":"La Fable Suite de la Villa Manu est le refuge id\u00e9al pour ceux qui recherchent une atmosph\u00e8re apaisante","breadcrumb":{"@id":"https:\/\/mmvilla.com\/fr\/manu-mykonos-villa-fable-suite-de-luxe\/#breadcrumb"},"inLanguage":"fr-FR","potentialAction":[{"@type":"ReadAction","target":["https:\/\/mmvilla.com\/fr\/manu-mykonos-villa-fable-suite-de-luxe\/"]}]},{"@type":"BreadcrumbList","@id":"https:\/\/mmvilla.com\/fr\/manu-mykonos-villa-fable-suite-de-luxe\/#breadcrumb","itemListElement":[{"@type":"ListItem","position":1,"name":"Home","item":"https:\/\/mmvilla.com\/fr\/"},{"@type":"ListItem","position":2,"name":"MANU MYKONOS VILLA Fable suite"}]},{"@type":"WebSite","@id":"https:\/\/mmvilla.com\/#website","url":"https:\/\/mmvilla.com\/","name":"Manu Mykonos Villa","description":"Mykonos Luxury Living, Perfected by Majestic Manu","publisher":{"@id":"https:\/\/mmvilla.com\/#organization"},"alternateName":"MMVILLA","potentialAction":[{"@type":"SearchAction","target":{"@type":"EntryPoint","urlTemplate":"https:\/\/mmvilla.com\/?s={search_term_string}"},"query-input":{"@type":"PropertyValueSpecification","valueRequired":true,"valueName":"search_term_string"}}],"inLanguage":"fr-FR"},{"@type":"Organization","@id":"https:\/\/mmvilla.com\/#organization","name":"QB Villas","url":"https:\/\/mmvilla.com\/","logo":{"@type":"ImageObject","inLanguage":"fr-FR","@id":"https:\/\/mmvilla.com\/#\/schema\/logo\/image\/","url":"https:\/\/mmvilla.com\/wp-content\/uploads\/2018\/12\/QUALITY-BRAND-LOGO-KEM-QBVILLAS.png","contentUrl":"https:\/\/mmvilla.com\/wp-content\/uploads\/2018\/12\/QUALITY-BRAND-LOGO-KEM-QBVILLAS.png","width":487,"height":500,"caption":"QB Villas"},"image":{"@id":"https:\/\/mmvilla.com\/#\/schema\/logo\/image\/"},"sameAs":["https:\/\/www.facebook.com\/p\/Quality-Brand-Villas-100039678235957\/","https:\/\/www.instagram.com\/qualitybrandvillas\/","https:\/\/www.linkedin.com\/company\/quality-brand-villas"]}]}},"_links":{"self":[{"href":"https:\/\/mmvilla.com\/fr\/wp-json\/wp\/v2\/pages\/10472","targetHints":{"allow":["GET"]}}],"collection":[{"href":"https:\/\/mmvilla.com\/fr\/wp-json\/wp\/v2\/pages"}],"about":[{"href":"https:\/\/mmvilla.com\/fr\/wp-json\/wp\/v2\/types\/page"}],"author":[{"embeddable":true,"href":"https:\/\/mmvilla.com\/fr\/wp-json\/wp\/v2\/users\/2"}],"replies":[{"embeddable":true,"href":"https:\/\/mmvilla.com\/fr\/wp-json\/wp\/v2\/comments?post=10472"}],"version-history":[{"count":20,"href":"https:\/\/mmvilla.com\/fr\/wp-json\/wp\/v2\/pages\/10472\/revisions"}],"predecessor-version":[{"id":15196,"href":"https:\/\/mmvilla.com\/fr\/wp-json\/wp\/v2\/pages\/10472\/revisions\/15196"}],"wp:attachment":[{"href":"https:\/\/mmvilla.com\/fr\/wp-json\/wp\/v2\/media?parent=10472"}],"curies":[{"name":"wp","href":"https:\/\/api.w.org\/{rel}","templated":true}]}}