{"id":10480,"date":"2024-10-12T23:39:17","date_gmt":"2024-10-12T20:39:17","guid":{"rendered":"https:\/\/mmvilla.com\/manu-mykonos-villa-oasis-suite\/"},"modified":"2025-10-13T08:05:58","modified_gmt":"2025-10-13T05:05:58","slug":"manu-mykonos-villa-oasis-suite","status":"publish","type":"page","link":"https:\/\/mmvilla.com\/fr\/manu-mykonos-villa-oasis-suite\/","title":{"rendered":"MANU MYKONOS VILLA Oasis suite"},"content":{"rendered":"<p>[vc_row full_width=&#8221;stretch_row&#8221; gap=&#8221;&#8221; full_height=&#8221;yes&#8221; equal_height=&#8221;yes&#8221; parallax=&#8221;content-moving&#8221; parallax_image=&#8221;8568&#8243; overlay_color=&#8221;rgba(33,33,33,0.4)&#8221; text_color=&#8221;#ffffff&#8221; css=&#8221;.vc_custom_1759120259696{padding-top: 240px !important;padding-bottom: 240px !important;}&#8221;][vc_column width=&#8221;1\/2&#8243;][vc_column_text css_animation=&#8221;fadeInUp&#8221;]<\/p>\n<h1>Un espace enchanteur \u2013 La Splendide Suite Oasis<\/h1>\n<h4>Ce sanctuaire paisible, r\u00e9serv\u00e9 \u00e0 deux privil\u00e9gi\u00e9s, d\u00e9ploie un \u00e9crin intime et \u00e9l\u00e9gant, pens\u00e9 pour une d\u00e9tente profonde et une exp\u00e9rience de luxe absolu<\/h4>\n<h3>MEILLEUR PRIX GARANTI<\/h3>\n<h4><a href=\"https:\/\/mmvilla.com\/fr\/manu-mykonos-villa-reserver-en-ligne\/\" target=\"_blank\" rel=\"noopener\">Succombez aujourd\u2019hui \u00e0 l\u2019escapade de vos r\u00eaves, au c\u0153ur de Mykonos<\/a><\/h4>\n<p>[\/vc_column_text][\/vc_column][vc_column width=&#8221;1\/2&#8243;][vc_empty_space height=&#8221;84px&#8221;][\/vc_column][\/vc_row][vc_row full_width=&#8221;stretch_row_content&#8221; gap=&#8221;&#8221; equal_height=&#8221;yes&#8221; content_placement=&#8221;top&#8221; css=&#8221;.vc_custom_1759830940215{padding-top: 32px !important;padding-bottom: 32px !important;}&#8221;][vc_column parallax_image=&#8221;2821&#8243; width=&#8221;1\/2&#8243; overlay_color=&#8221;rgba(255,255,255,0.9)&#8221; css=&#8221;.vc_custom_1759309652173{padding-top: 32px !important;padding-right: 100px !important;padding-left: 100px !important;}&#8221;][vc_row_inner][vc_column_inner]<div class=\"heading-with-separator text-left id_169d5084806f331548072549   wpb_animate_when_almost_visible wpb_fadeInUp fadeInUp \"><div class=\"header-content\">\n\t\t\t<p class=\"h-subheading\">Vue mer &amp; piscine | Capacit\u00e9 : jusqu\u2019\u00e0 2 personnes | Chambre : 1 | Salle de bain : 1 | Superficie : 60 m\u00b2 (645 pieds carr\u00e9s), dont 20 m\u00b2 d\u2019espace int\u00e9rieur<\/p>\n\t\t\t<h2 class=\"heading  heading-decorator-1\" style=\"; letter-spacing: 0px; \">Un Espace Unique<br \/>\n<em>&amp; Offerte \u00e0 un Prix Irr\u00e9sistible<em><\/h2><\/div><\/div><div class=\"custom-styles\" data-styles=\".id_169d5084806f331548072549 .heading-decorator-1:before, .id_169d5084806f331548072549 .heading-decorator-1:after { border-color: #000000}\"><\/div><div class=\"heading-with-separator text-left id_169d5084806f9e1070628762   wpb_animate_when_almost_visible wpb_fadeInUp fadeInUp \"><div class=\"header-content\">\n\t\t\t<p class=\"h-subheading\"><\/p>\n\t\t\t<h4 class=\"heading  \" style=\"color: #000000; letter-spacing: 0px; \">Un \u00e9crin de s\u00e9r\u00e9nit\u00e9 \u2013 La Suite Oasis Sublime<\/h4><\/div><\/div><div class=\"custom-styles\" data-styles=\".id_169d5084806f9e1070628762 .heading-decorator-1:before, .id_169d5084806f9e1070628762 .heading-decorator-1:after { border-color: #000000}\"><\/div>[vc_column_text css_animation=&#8221;fadeInUp&#8221;]<\/em><\/em><\/p>\n<h6>The Superb Oasis Suite is a serene retreat designed for up to two guests, featuring a queen-size bed and an elegant ensuite bathroom. Perfect for couples or solo travelers, this intimate space combines comfort and style with breathtaking views of the pool and the Aegean Sea from your private furnished balcony.<\/h6>\n<div class=\"wpb_text_column wpb_content_element wpb_animate_when_almost_visible wpb_fadeInUp fadeInUp wpb_start_animation animated\">\n<div class=\"wpb_wrapper\">\n<h6 data-start=\"501\" data-end=\"766\"><strong>Whether basking in the sun by day or stargazing at night, the suite\u2019s tranquil ambiance offers the ideal escape for relaxation and rejuvenation. Every detail of this Mykonos haven is crafted to enhance your stay with peace, elegance, and unforgettable island charm.<\/strong><\/h6>\n<\/div>\n<\/div>\n<div class=\"heading-with-separator text-left id_168a5f6b4d8a821644062610 \">\n<div class=\"header-content\">\n<h5 class=\"heading \">MATTRESSES<\/h5>\n<\/div>\n<\/div>\n<div class=\"wpb_text_column wpb_content_element \">\n<h6 class=\"wpb_wrapper\">For the most restful sleep in Mykonos, your suite features only the finest, all-natural mattresses. <span style=\"font-size: 14px;\">Handcrafted<\/span> with care and expertise, these premium sleep surfaces are made from high-quality, eco-friendly materials to ensure exceptional comfort, breathability, and support. Every detail is designed to deliver a one-of-a-kind sleeping experience that enhances your luxury island getaway.<\/h6>\n<\/div>\n<div class=\"heading-with-separator text-left id_168a5f6b4d8cc0515625923 \">\n<div class=\"header-content\">\n<h5 class=\"heading \">NESPRESSO<\/h5>\n<\/div>\n<\/div>\n<div class=\"wpb_text_column wpb_content_element \">\n<div class=\"wpb_wrapper\">\n<h6 data-start=\"92\" data-end=\"419\">A perfect day in Mykonos begins with a rich cup of coffee. Your suite includes a Nespresso machine and tea kettle, allowing you to enjoy premium coffee and tea selections anytime\u2014from peaceful mornings on the terrace to relaxing evening moments. This thoughtful in-room amenity adds both comfort and luxury to your island stay.<\/h6>\n<\/div>\n<\/div>\n<div class=\"heading-with-separator text-left id_168a5f6b4d8eea1098530914 \">\n<div class=\"header-content\">\n<h5 class=\"heading \">AMAZON PRIME and NETFLIX<\/h5>\n<\/div>\n<\/div>\n<div class=\"wpb_text_column wpb_content_element \">\n<div class=\"wpb_wrapper\">\n<h6 data-start=\"86\" data-end=\"368\">Amazon Prime Video and Netflix are available in your suite through Smart TVs with built-in apps, offering a personalized streaming experience and non-stop entertainment during your Mykonos stay. Enjoy your favorite shows and movies anytime, from the comfort of your private retreat.<\/h6>\n<\/div>\n<\/div>\n<div class=\"heading-with-separator text-left id_168a5f6b4d91161260609140 \">\n<div class=\"header-content\">\n<h5 class=\"heading \">FACILITIES &amp; AMENITIES<\/h5>\n<\/div>\n<\/div>\n<div class=\"wpb_text_column wpb_content_element \">\n<div class=\"wpb_wrapper\">\n<h6>Enjoy a sea-view, non-smoking suite that blends comfort and elegance with a range of luxury amenities. The spacious bathroom, private balcony, and stylish outdoor furniture create the perfect setting for relaxation. Inside, a 43-inch SMART-LED FHD TV offers over 100 satellite channels along with built-in Amazon Prime and Netflix for on-demand entertainment. The suite also features a Bluetooth speaker, free high-speed Wi-Fi, and individually controlled air conditioning to keep your environment just right. Additional conveniences include a lighted makeup mirror, hair dryer, digital scale, and a secure safe box. Luxurious cotton linens, plush bathrobes, soft slippers, and premium toiletries complete your elevated Mykonos stay.<\/h6>\n<\/div>\n<\/div>\n<p>[\/vc_column_text][\/vc_column_inner][\/vc_row_inner][\/vc_column][vc_column css_animation=&#8221;none&#8221; width=&#8221;1\/2&#8243;][vc_empty_space]<div class=\"rokka-gallery rokka-gallery-element\"><div class=\"rokka-gallery-masonry rokka-grid rokka-2-col   animate-text\" data-ismasonry=\"0\" data-imgbg=\"1\"><article class=\"grid-sizer\"><\/article><article class=\"gutter-sizer\"><\/article><article class=\"w1-h1\"><div class=\"layer\"><div class=\"img-bg\" data-depth=\"0.50\" style=\"background-image: url(https:\/\/mmvilla.com\/wp-content\/uploads\/2024\/10\/Manu-Sea-Sun-Villa-Mykonos-116-1.jpg) \" ><\/div><\/div>\n\t\t\t\t\t\t<div class=\"rokka-gallery-item open-lightbox_images\"><a class=\"gallery-link\" href=\"https:\/\/mmvilla.com\/wp-content\/uploads\/2024\/10\/Manu-Sea-Sun-Villa-Mykonos-116-1.jpg\" data-size=\"640x454\"><\/a><div class=\"image-wrapper\"><span class=\"gallery-img \" style=\"background-image: url(https:\/\/mmvilla.com\/wp-content\/uploads\/2024\/10\/Manu-Sea-Sun-Villa-Mykonos-116-1.jpg);\"><\/span><\/div><\/div><\/article><article class=\"w1-h1\"><div class=\"layer\"><div class=\"img-bg\" data-depth=\"0.50\" style=\"background-image: url(https:\/\/mmvilla.com\/wp-content\/uploads\/2024\/10\/Manu-Sea-Sun-Villa-Mykonos-117-1.jpg) \" ><\/div><\/div>\n\t\t\t\t\t\t<div class=\"rokka-gallery-item open-lightbox_images\"><a class=\"gallery-link\" href=\"https:\/\/mmvilla.com\/wp-content\/uploads\/2024\/10\/Manu-Sea-Sun-Villa-Mykonos-117-1.jpg\" data-size=\"640x454\"><\/a><div class=\"image-wrapper\"><span class=\"gallery-img \" style=\"background-image: url(https:\/\/mmvilla.com\/wp-content\/uploads\/2024\/10\/Manu-Sea-Sun-Villa-Mykonos-117-1.jpg);\"><\/span><\/div><\/div><\/article><article class=\"w1-h1\"><div class=\"layer\"><div class=\"img-bg\" data-depth=\"0.50\" style=\"background-image: url(https:\/\/mmvilla.com\/wp-content\/uploads\/2024\/10\/Manu-Sea-Sun-Villa-Mykonos-118.jpg) \" ><\/div><\/div>\n\t\t\t\t\t\t<div class=\"rokka-gallery-item open-lightbox_images\"><a class=\"gallery-link\" href=\"https:\/\/mmvilla.com\/wp-content\/uploads\/2024\/10\/Manu-Sea-Sun-Villa-Mykonos-118.jpg\" data-size=\"640x454\"><\/a><div class=\"image-wrapper\"><span class=\"gallery-img \" style=\"background-image: url(https:\/\/mmvilla.com\/wp-content\/uploads\/2024\/10\/Manu-Sea-Sun-Villa-Mykonos-118.jpg);\"><\/span><\/div><\/div><\/article><article class=\"w1-h1\"><div class=\"layer\"><div class=\"img-bg\" data-depth=\"0.50\" style=\"background-image: url(https:\/\/mmvilla.com\/wp-content\/uploads\/2024\/10\/Manu-Sea-Sun-Villa-Mykonos-119.jpg) \" ><\/div><\/div>\n\t\t\t\t\t\t<div class=\"rokka-gallery-item open-lightbox_images\"><a class=\"gallery-link\" href=\"https:\/\/mmvilla.com\/wp-content\/uploads\/2024\/10\/Manu-Sea-Sun-Villa-Mykonos-119.jpg\" data-size=\"640x454\"><\/a><div class=\"image-wrapper\"><span class=\"gallery-img \" style=\"background-image: url(https:\/\/mmvilla.com\/wp-content\/uploads\/2024\/10\/Manu-Sea-Sun-Villa-Mykonos-119.jpg);\"><\/span><\/div><\/div><\/article><article class=\"w1-h1\"><div class=\"layer\"><div class=\"img-bg\" data-depth=\"0.50\" style=\"background-image: url(https:\/\/mmvilla.com\/wp-content\/uploads\/2024\/10\/Manu-Sea-Sun-Villa-Mykonos-120.jpg) \" ><\/div><\/div>\n\t\t\t\t\t\t<div class=\"rokka-gallery-item open-lightbox_images\"><a class=\"gallery-link\" href=\"https:\/\/mmvilla.com\/wp-content\/uploads\/2024\/10\/Manu-Sea-Sun-Villa-Mykonos-120.jpg\" data-size=\"640x454\"><\/a><div class=\"image-wrapper\"><span class=\"gallery-img \" style=\"background-image: url(https:\/\/mmvilla.com\/wp-content\/uploads\/2024\/10\/Manu-Sea-Sun-Villa-Mykonos-120.jpg);\"><\/span><\/div><\/div><\/article><article class=\"w1-h1\"><div class=\"layer\"><div class=\"img-bg\" data-depth=\"0.50\" style=\"background-image: url(https:\/\/mmvilla.com\/wp-content\/uploads\/2025\/05\/POOLSIDE-BUNGALOW.jpg) \" ><\/div><\/div>\n\t\t\t\t\t\t<div class=\"rokka-gallery-item open-lightbox_images\"><a class=\"gallery-link\" href=\"https:\/\/mmvilla.com\/wp-content\/uploads\/2025\/05\/POOLSIDE-BUNGALOW.jpg\" data-size=\"640x640\"><\/a><div class=\"image-wrapper\"><span class=\"gallery-img \" style=\"background-image: url(https:\/\/mmvilla.com\/wp-content\/uploads\/2025\/05\/POOLSIDE-BUNGALOW.jpg);\"><\/span><\/div><\/div><\/article><\/div><\/div>[vc_empty_space]<div class=\"heading-with-separator text-left id_169d5084807f4f1588083673   \"><div class=\"header-content\">\n\t\t\t<p class=\"h-subheading\"><\/p>\n\t\t\t<h5 class=\"heading  \" style=\"color: #000000; letter-spacing: 0px; \">Mykonos. Con\u00e7ue pour Vous.<br \/>\nPlongez dans un univers de raffinement et de s\u00e9r\u00e9nit\u00e9, o\u00f9 chaque d\u00e9tail est pens\u00e9 sp\u00e9cialement pour vous.<\/h5><\/div><\/div><div class=\"custom-styles\" data-styles=\".id_169d5084807f4f1588083673 .heading-decorator-1:before, .id_169d5084807f4f1588083673 .heading-decorator-1:after { border-color: #000000}\"><\/div><div class=\"heading-with-separator text-left id_169d5084807f76731856728   \"><div class=\"header-content\">\n\t\t\t<p class=\"h-subheading\"><\/p>\n\t\t\t<h6 class=\"heading  \" style=\"color: #000000; letter-spacing: 0px; \">Bien plus qu\u2019un simple s\u00e9jour, c\u2019est une escapade d\u2019exception pour les voyageurs en qu\u00eate d\u2019authenticit\u00e9, de confort et de style. Chaque \u00e9l\u00e9ment est soigneusement con\u00e7u pour refl\u00e9ter l\u2019esprit unique de Mykonos et vous offrir une exp\u00e9rience \u00e0 la fois fluide et extraordinaire.<\/h6><\/div><\/div><div class=\"custom-styles\" data-styles=\".id_169d5084807f76731856728 .heading-decorator-1:before, .id_169d5084807f76731856728 .heading-decorator-1:after { border-color: #000000}\"><\/div><div class=\"heading-with-separator text-left id_169d5084807f911558017769   \"><div class=\"header-content\">\n\t\t\t<p class=\"h-subheading\"><\/p>\n\t\t\t<h5 class=\"heading  \" style=\"color: #000000; letter-spacing: 0px; \">Avec des services personnalis\u00e9s, des attentions d\u00e9licates et des instants \u00e0 ch\u00e9rir, vos vacances \u00e0 Mykonos seront aussi uniques que vous.<\/h5><\/div><\/div><div class=\"custom-styles\" data-styles=\".id_169d5084807f911558017769 .heading-decorator-1:before, .id_169d5084807f911558017769 .heading-decorator-1:after { border-color: #000000}\"><\/div><div class=\"btn-wrapper text-left id_169d5084807fb9496941373   icon-left \" ><a href=\"https:\/\/mmvilla.com\/fr\/manu-mykonos-villa-reserver-en-ligne\/%20\" target='_blank' class=\"btn btn-lg btn-dark btn-solid\" data-btn-text=\"R\u00c9SERVER EN LIGNE\">R\u00c9SERVER EN LIGNE<\/a><\/div>[\/vc_column][\/vc_row]<\/p>","protected":false},"excerpt":{"rendered":"<p>[vc_row full_width=&#8221;stretch_row&#8221; gap=&#8221;&#8221; full_height=&#8221;yes&#8221; equal_height=&#8221;yes&#8221; parallax=&#8221;content-moving&#8221; parallax_image=&#8221;8568&#8243; overlay_color=&#8221;rgba(33,33,33,0.4)&#8221; text_color=&#8221;#ffffff&#8221; css=&#8221;.vc_custom_1759120259696{padding-top: 240px !important;padding-bottom: 240px !important;}&#8221;][vc_column width=&#8221;1\/2&#8243;][vc_column_text css_animation=&#8221;fadeInUp&#8221;] Un espace enchanteur \u2013 La Splendide Suite Oasis Ce sanctuaire paisible, r\u00e9serv\u00e9 \u00e0 deux privil\u00e9gi\u00e9s, d\u00e9ploie un \u00e9crin intime et \u00e9l\u00e9gant, pens\u00e9 pour une d\u00e9tente profonde et une exp\u00e9rience de luxe absolu MEILLEUR PRIX GARANTI Succombez aujourd\u2019hui \u00e0 l\u2019escapade[&#8230;] <a href=\"https:\/\/mmvilla.com\/fr\/manu-mykonos-villa-oasis-suite\/\" class=\"more-link\">Continue reading<\/a><\/p>\n","protected":false},"author":2,"featured_media":0,"parent":0,"menu_order":0,"comment_status":"closed","ping_status":"closed","template":"","meta":{"footnotes":""},"class_list":["post-10480","page","type-page","status-publish","hentry"],"yoast_head":"<!-- This site is optimized with the Yoast SEO Premium plugin v23.5 (Yoast SEO v25.7) - https:\/\/yoast.com\/wordpress\/plugins\/seo\/ -->\n<title>La Superbe Suite Oasis \u2013 Au sein de la Villa Manu Mykonos<\/title>\n<meta name=\"description\" content=\"S\u00e9journez dans la Superb Oasis Suite de la Villa Manu Mykonos : luxe, s\u00e9r\u00e9nit\u00e9 et confort pour 2 invit\u00e9s.\" \/>\n<meta name=\"robots\" content=\"index, follow, max-snippet:-1, max-image-preview:large, max-video-preview:-1\" \/>\n<link rel=\"canonical\" href=\"https:\/\/mmvilla.com\/fr\/manu-mykonos-villa-oasis-suite\/\" \/>\n<meta property=\"og:locale\" content=\"fr_FR\" \/>\n<meta property=\"og:type\" content=\"article\" \/>\n<meta property=\"og:title\" content=\"MANU MYKONOS VILLA Oasis suite\" \/>\n<meta property=\"og:description\" content=\"S\u00e9journez dans la Superb Oasis Suite de la Villa Manu Mykonos : luxe, s\u00e9r\u00e9nit\u00e9 et confort pour 2 invit\u00e9s.\" \/>\n<meta property=\"og:url\" content=\"https:\/\/mmvilla.com\/fr\/manu-mykonos-villa-oasis-suite\/\" \/>\n<meta property=\"og:site_name\" content=\"Majestic Manu Mykonos \u2013 Private Villa, Premium Suites &amp; More\" \/>\n<meta property=\"article:publisher\" content=\"https:\/\/www.facebook.com\/p\/Quality-Brand-Villas-100039678235957\/\" \/>\n<meta property=\"article:modified_time\" content=\"2025-10-13T05:05:58+00:00\" \/>\n<meta name=\"twitter:card\" content=\"summary_large_image\" \/>\n<meta name=\"twitter:label1\" content=\"Dur\u00e9e de lecture estim\u00e9e\" \/>\n\t<meta name=\"twitter:data1\" content=\"3 minutes\" \/>\n<script type=\"application\/ld+json\" class=\"yoast-schema-graph\">{\"@context\":\"https:\/\/schema.org\",\"@graph\":[{\"@type\":\"WebPage\",\"@id\":\"https:\/\/mmvilla.com\/fr\/manu-mykonos-villa-oasis-suite\/\",\"url\":\"https:\/\/mmvilla.com\/fr\/manu-mykonos-villa-oasis-suite\/\",\"name\":\"La Superbe Suite Oasis \u2013 Au sein de la Villa Manu Mykonos\",\"isPartOf\":{\"@id\":\"https:\/\/mmvilla.com\/#website\"},\"datePublished\":\"2024-10-12T20:39:17+00:00\",\"dateModified\":\"2025-10-13T05:05:58+00:00\",\"description\":\"S\u00e9journez dans la Superb Oasis Suite de la Villa Manu Mykonos : luxe, s\u00e9r\u00e9nit\u00e9 et confort pour 2 invit\u00e9s.\",\"breadcrumb\":{\"@id\":\"https:\/\/mmvilla.com\/fr\/manu-mykonos-villa-oasis-suite\/#breadcrumb\"},\"inLanguage\":\"fr-FR\",\"potentialAction\":[{\"@type\":\"ReadAction\",\"target\":[\"https:\/\/mmvilla.com\/fr\/manu-mykonos-villa-oasis-suite\/\"]}]},{\"@type\":\"BreadcrumbList\",\"@id\":\"https:\/\/mmvilla.com\/fr\/manu-mykonos-villa-oasis-suite\/#breadcrumb\",\"itemListElement\":[{\"@type\":\"ListItem\",\"position\":1,\"name\":\"Home\",\"item\":\"https:\/\/mmvilla.com\/fr\/\"},{\"@type\":\"ListItem\",\"position\":2,\"name\":\"MANU MYKONOS VILLA Oasis suite\"}]},{\"@type\":\"WebSite\",\"@id\":\"https:\/\/mmvilla.com\/#website\",\"url\":\"https:\/\/mmvilla.com\/\",\"name\":\"Manu Mykonos Villa\",\"description\":\"Mykonos Luxury Living, Perfected by Majestic Manu\",\"publisher\":{\"@id\":\"https:\/\/mmvilla.com\/#organization\"},\"alternateName\":\"MMVILLA\",\"potentialAction\":[{\"@type\":\"SearchAction\",\"target\":{\"@type\":\"EntryPoint\",\"urlTemplate\":\"https:\/\/mmvilla.com\/?s={search_term_string}\"},\"query-input\":{\"@type\":\"PropertyValueSpecification\",\"valueRequired\":true,\"valueName\":\"search_term_string\"}}],\"inLanguage\":\"fr-FR\"},{\"@type\":\"Organization\",\"@id\":\"https:\/\/mmvilla.com\/#organization\",\"name\":\"QB Villas\",\"url\":\"https:\/\/mmvilla.com\/\",\"logo\":{\"@type\":\"ImageObject\",\"inLanguage\":\"fr-FR\",\"@id\":\"https:\/\/mmvilla.com\/#\/schema\/logo\/image\/\",\"url\":\"https:\/\/mmvilla.com\/wp-content\/uploads\/2018\/12\/QUALITY-BRAND-LOGO-KEM-QBVILLAS.png\",\"contentUrl\":\"https:\/\/mmvilla.com\/wp-content\/uploads\/2018\/12\/QUALITY-BRAND-LOGO-KEM-QBVILLAS.png\",\"width\":487,\"height\":500,\"caption\":\"QB Villas\"},\"image\":{\"@id\":\"https:\/\/mmvilla.com\/#\/schema\/logo\/image\/\"},\"sameAs\":[\"https:\/\/www.facebook.com\/p\/Quality-Brand-Villas-100039678235957\/\",\"https:\/\/www.instagram.com\/qualitybrandvillas\/\",\"https:\/\/www.linkedin.com\/company\/quality-brand-villas\"]}]}<\/script>\n<!-- \/ Yoast SEO Premium plugin. -->","yoast_head_json":{"title":"La Superbe Suite Oasis \u2013 Au sein de la Villa Manu Mykonos","description":"S\u00e9journez dans la Superb Oasis Suite de la Villa Manu Mykonos : luxe, s\u00e9r\u00e9nit\u00e9 et confort pour 2 invit\u00e9s.","robots":{"index":"index","follow":"follow","max-snippet":"max-snippet:-1","max-image-preview":"max-image-preview:large","max-video-preview":"max-video-preview:-1"},"canonical":"https:\/\/mmvilla.com\/fr\/manu-mykonos-villa-oasis-suite\/","og_locale":"fr_FR","og_type":"article","og_title":"MANU MYKONOS VILLA Oasis suite","og_description":"S\u00e9journez dans la Superb Oasis Suite de la Villa Manu Mykonos : luxe, s\u00e9r\u00e9nit\u00e9 et confort pour 2 invit\u00e9s.","og_url":"https:\/\/mmvilla.com\/fr\/manu-mykonos-villa-oasis-suite\/","og_site_name":"Majestic Manu Mykonos \u2013 Private Villa, Premium Suites &amp; More","article_publisher":"https:\/\/www.facebook.com\/p\/Quality-Brand-Villas-100039678235957\/","article_modified_time":"2025-10-13T05:05:58+00:00","twitter_card":"summary_large_image","twitter_misc":{"Dur\u00e9e de lecture estim\u00e9e":"3 minutes"},"schema":{"@context":"https:\/\/schema.org","@graph":[{"@type":"WebPage","@id":"https:\/\/mmvilla.com\/fr\/manu-mykonos-villa-oasis-suite\/","url":"https:\/\/mmvilla.com\/fr\/manu-mykonos-villa-oasis-suite\/","name":"La Superbe Suite Oasis \u2013 Au sein de la Villa Manu Mykonos","isPartOf":{"@id":"https:\/\/mmvilla.com\/#website"},"datePublished":"2024-10-12T20:39:17+00:00","dateModified":"2025-10-13T05:05:58+00:00","description":"S\u00e9journez dans la Superb Oasis Suite de la Villa Manu Mykonos : luxe, s\u00e9r\u00e9nit\u00e9 et confort pour 2 invit\u00e9s.","breadcrumb":{"@id":"https:\/\/mmvilla.com\/fr\/manu-mykonos-villa-oasis-suite\/#breadcrumb"},"inLanguage":"fr-FR","potentialAction":[{"@type":"ReadAction","target":["https:\/\/mmvilla.com\/fr\/manu-mykonos-villa-oasis-suite\/"]}]},{"@type":"BreadcrumbList","@id":"https:\/\/mmvilla.com\/fr\/manu-mykonos-villa-oasis-suite\/#breadcrumb","itemListElement":[{"@type":"ListItem","position":1,"name":"Home","item":"https:\/\/mmvilla.com\/fr\/"},{"@type":"ListItem","position":2,"name":"MANU MYKONOS VILLA Oasis suite"}]},{"@type":"WebSite","@id":"https:\/\/mmvilla.com\/#website","url":"https:\/\/mmvilla.com\/","name":"Manu Mykonos Villa","description":"Mykonos Luxury Living, Perfected by Majestic Manu","publisher":{"@id":"https:\/\/mmvilla.com\/#organization"},"alternateName":"MMVILLA","potentialAction":[{"@type":"SearchAction","target":{"@type":"EntryPoint","urlTemplate":"https:\/\/mmvilla.com\/?s={search_term_string}"},"query-input":{"@type":"PropertyValueSpecification","valueRequired":true,"valueName":"search_term_string"}}],"inLanguage":"fr-FR"},{"@type":"Organization","@id":"https:\/\/mmvilla.com\/#organization","name":"QB Villas","url":"https:\/\/mmvilla.com\/","logo":{"@type":"ImageObject","inLanguage":"fr-FR","@id":"https:\/\/mmvilla.com\/#\/schema\/logo\/image\/","url":"https:\/\/mmvilla.com\/wp-content\/uploads\/2018\/12\/QUALITY-BRAND-LOGO-KEM-QBVILLAS.png","contentUrl":"https:\/\/mmvilla.com\/wp-content\/uploads\/2018\/12\/QUALITY-BRAND-LOGO-KEM-QBVILLAS.png","width":487,"height":500,"caption":"QB Villas"},"image":{"@id":"https:\/\/mmvilla.com\/#\/schema\/logo\/image\/"},"sameAs":["https:\/\/www.facebook.com\/p\/Quality-Brand-Villas-100039678235957\/","https:\/\/www.instagram.com\/qualitybrandvillas\/","https:\/\/www.linkedin.com\/company\/quality-brand-villas"]}]}},"_links":{"self":[{"href":"https:\/\/mmvilla.com\/fr\/wp-json\/wp\/v2\/pages\/10480","targetHints":{"allow":["GET"]}}],"collection":[{"href":"https:\/\/mmvilla.com\/fr\/wp-json\/wp\/v2\/pages"}],"about":[{"href":"https:\/\/mmvilla.com\/fr\/wp-json\/wp\/v2\/types\/page"}],"author":[{"embeddable":true,"href":"https:\/\/mmvilla.com\/fr\/wp-json\/wp\/v2\/users\/2"}],"replies":[{"embeddable":true,"href":"https:\/\/mmvilla.com\/fr\/wp-json\/wp\/v2\/comments?post=10480"}],"version-history":[{"count":25,"href":"https:\/\/mmvilla.com\/fr\/wp-json\/wp\/v2\/pages\/10480\/revisions"}],"predecessor-version":[{"id":15198,"href":"https:\/\/mmvilla.com\/fr\/wp-json\/wp\/v2\/pages\/10480\/revisions\/15198"}],"wp:attachment":[{"href":"https:\/\/mmvilla.com\/fr\/wp-json\/wp\/v2\/media?parent=10480"}],"curies":[{"name":"wp","href":"https:\/\/api.w.org\/{rel}","templated":true}]}}