{"id":10491,"date":"2023-01-18T21:01:44","date_gmt":"2023-01-18T19:01:44","guid":{"rendered":"https:\/\/mmvilla.com\/manu-mykonos-villa-book-online\/"},"modified":"2026-02-03T12:28:39","modified_gmt":"2026-02-03T10:28:39","slug":"manu-mykonos-villa-reserver-en-ligne","status":"publish","type":"page","link":"https:\/\/mmvilla.com\/fr\/manu-mykonos-villa-reserver-en-ligne\/","title":{"rendered":"Manu Mykonos Villa reserver en ligne"},"content":{"rendered":"<p>[vc_row full_width=&#8221;stretch_row_content&#8221; gap=&#8221;&#8221; parallax=&#8221;content-moving&#8221; parallax_speed_bg=&#8221;&#8221; text_color=&#8221;#ffffff&#8221; css=&#8221;.vc_custom_1750145898553{padding-top: 0px !important;padding-bottom: 0px !important;}&#8221;][vc_column][vc_raw_html]JTNDJTIxLS0lMjBFbGZzaWdodCUyMEFubm91bmNlbWVudCUyMEJhciUyMCU3QyUyMEJFU1QlMjBSQVRFJTIwR1VBUkFOVEVFRCUyMC0tJTNFJTBBJTNDc2NyaXB0JTIwc3JjJTNEJTIyaHR0cHMlM0ElMkYlMkZzdGF0aWMuZWxmc2lnaHQuY29tJTJGcGxhdGZvcm0lMkZwbGF0Zm9ybS5qcyUyMiUyMGFzeW5jJTNFJTNDJTJGc2NyaXB0JTNFJTBBJTNDZGl2JTIwY2xhc3MlM0QlMjJlbGZzaWdodC1hcHAtOGFkZWNhZWYtN2ZiYi00MDgyLWFkNDgtNmI4MTFhNTE4Y2Q4JTIyJTIwZGF0YS1lbGZzaWdodC1hcHAtbGF6eSUzRSUzQyUyRmRpdiUzRQ==[\/vc_raw_html][\/vc_column][\/vc_row][vc_row full_width=&#8221;stretch_row_content&#8221; gap=&#8221;&#8221; parallax=&#8221;content-moving&#8221; parallax_speed_bg=&#8221;&#8221; text_color=&#8221;#ffffff&#8221; css=&#8221;.vc_custom_1760084057062{padding-right: 50px !important;padding-left: 50px !important;background-image: url(https:\/\/mmvilla.com\/wp-content\/uploads\/2025\/10\/mykonos-Manu-Villa.jpg?id=14754) !important;background-position: center;background-repeat: no-repeat !important;background-size: cover !important;}&#8221;][vc_column][vc_empty_space height=&#8221;20px&#8221; height2=&#8221;0px&#8221;][vc_empty_space height=&#8221;20px&#8221; height2=&#8221;0px&#8221;]<div class=\"heading-with-separator text-left id_169d4cf072d83b1076966071   \"><div class=\"header-content\">\n\t\t\t<p class=\"h-subheading\"><\/p>\n\t\t\t<h4 class=\"heading  \" style=\"color: #000000; letter-spacing: 0px; \">R\u00c9SERVATIONS EN LIGNE \u2014 R\u00c9SERVEZ VOTRE S\u00c9JOUR AU MAJESTIC MANU MYKONOS VILLA<\/h4><\/div><\/div><div class=\"custom-styles\" data-styles=\".id_169d4cf072d83b1076966071 .heading-decorator-1:before, .id_169d4cf072d83b1076966071 .heading-decorator-1:after { border-color: #000000}\"><\/div><div class=\"heading-with-separator text-left id_169d4cf072d8b9960529422  vc_custom_1760266807607  \"><div class=\"header-content\">\n\t\t\t<p class=\"h-subheading\"><\/p>\n\t\t\t<h5 class=\"heading  \" style=\"color: #000000; letter-spacing: 0px; \">R\u00e9servez votre exp\u00e9rience exclusive en villa directement via notre syst\u00e8me de r\u00e9servation officiel. En r\u00e9servant directement, vous b\u00e9n\u00e9ficierez des meilleurs tarifs garantis et de services personnalis\u00e9s pour un s\u00e9jour inoubliable.<\/h5><\/div><\/div><div class=\"custom-styles\" data-styles=\".id_169d4cf072d8b9960529422 .heading-decorator-1:before, .id_169d4cf072d8b9960529422 .heading-decorator-1:after { border-color: #000000}\"><\/div><div class=\"heading-with-separator text-left id_169d4cf072d8f41456543488  vc_custom_1760266989263  \"><div class=\"header-content\">\n\t\t\t<p class=\"h-subheading\"><\/p>\n\t\t\t<h6 class=\"heading  heading-decorator-1\" style=\"color: #000000; letter-spacing: 0px; \">Notre calendrier de disponibilit\u00e9 est mis \u00e0 jour en temps r\u00e9el \u2014 il vous suffit de s\u00e9lectionner vos dates de voyage et de choisir votre suite pr\u00e9f\u00e9r\u00e9e ou la villa enti\u00e8re. Ensuite, laissez-vous s\u00e9duire par le confort et l\u2019intimit\u00e9 incomparables qui d\u00e9finissent l\u2019exp\u00e9rience Majestic Manu Mykonos. Pour toute assistance ou demande particuli\u00e8re, notre \u00e9quipe d\u00e9vou\u00e9e est toujours \u00e0 votre disposition. N\u2019h\u00e9sitez pas \u00e0 nous contacter \u00e0 tout moment \u2014 nous serons ravis de rendre votre escapade \u00e0 Mykonos vraiment exceptionnelle.<\/h6><\/div><\/div><div class=\"custom-styles\" data-styles=\".id_169d4cf072d8f41456543488 .heading-decorator-1:before, .id_169d4cf072d8f41456543488 .heading-decorator-1:after { border-color: #000000}\"><\/div>[vc_empty_space height=&#8221;20px&#8221;][vc_raw_html]JTNDZGl2JTIwaWQlM0QlMjJhcGFydG1lbnRJZnJhbWVBbGwlMjIlM0UlMEElM0NzY3JpcHQlMjB0eXBlJTNEJTIydGV4dCUyRmphdmFzY3JpcHQlMjIlMjBzcmMlM0QlMjJodHRwcyUzQSUyRiUyRmxvZ2luLnNtb29idS5jb20lMkZqcyUyRlNldHRpbmdzJTJGQm9va2luZ1Rvb2xJZnJhbWUuanMlMjIlM0UlM0MlMkZzY3JpcHQlM0UlMEElM0NzY3JpcHQlM0VCb29raW5nVG9vbElmcmFtZS5pbml0aWFsaXplJTI4JTdCJTIydXJsJTIyJTNBJTIwJTIyaHR0cHMlM0ElMkYlMkZsb2dpbi5zbW9vYnUuY29tJTJGZW4lMkZib29raW5nLXRvb2wlMkZpZnJhbWUlMkYxMTIxOTA4JTIyJTJDJTIwJTIyYmFzZVVybCUyMiUzQSUyMCUyMmh0dHBzJTNBJTJGJTJGbG9naW4uc21vb2J1LmNvbSUyMiUyQyUyMCUyMnRhcmdldCUyMiUzQSUyMCUyMiUyM2FwYXJ0bWVudElmcmFtZUFsbCUyMiU3RCUyOSUzQyUyRnNjcmlwdCUzRSUwQSUzQyUyRmRpdiUzRSUwQQ==[\/vc_raw_html]<div class=\"heading-with-separator text-left id_169d4cf072d9271656964126   \"><div class=\"header-content\">\n\t\t\t<h5 class=\"h-subheading\"><\/h5>\n\t\t\t<h6 class=\"heading  \" style=\"color: #000000; letter-spacing: 0px; \">Pour votre confort, les dates ci-dessous sont affich\u00e9es \u00e0 titre indicatif. Les jours marqu\u00e9s en rouge ne sont malheureusement plus disponibles. Afin de garantir votre s\u00e9jour au meilleur tarif et en toute s\u00e9r\u00e9nit\u00e9, nous vous invitons \u00e0 utiliser le moteur de r\u00e9servation ci-dessus.<\/h6><\/div><\/div><div class=\"custom-styles\" data-styles=\".id_169d4cf072d9271656964126 .heading-decorator-1:before, .id_169d4cf072d9271656964126 .heading-decorator-1:after { border-color: #000000}\"><\/div>[vc_empty_space height=&#8221;20px&#8221;][\/vc_column][\/vc_row][vc_row full_width=&#8221;stretch_row_content&#8221; gap=&#8221;&#8221; css=&#8221;.vc_custom_1760084785945{padding-right: 5px !important;padding-bottom: 40px !important;padding-left: 5px !important;}&#8221;][vc_column css=&#8221;.vc_custom_1759213727158{padding-right: 50px !important;padding-left: 50px !important;}&#8221;][vc_empty_space height=&#8221;20px&#8221;][vc_empty_space height=&#8221;20px&#8221;][vc_row_inner][vc_column_inner width=&#8221;2\/3&#8243;]<div class=\"heading-with-separator text-left id_169d4cf072d9582106348336  vc_custom_1770114513807  \"><div class=\"header-content\">\n\t\t\t<p class=\"h-subheading\"><\/p>\n\t\t\t<h5 class=\"heading  \" style=\"color: #000000; letter-spacing: 0px; \">Manu Mykonos Exclusive Villa \u2013 6 chambres, 7 salles de bain, jusqu\u2019\u00e0 15 personnes<\/h5><\/div><\/div><div class=\"custom-styles\" data-styles=\".id_169d4cf072d9582106348336 .heading-decorator-1:before, .id_169d4cf072d9582106348336 .heading-decorator-1:after { border-color: }\"><\/div><div class=\"btn-wrapper text-left id_169d4cf072d98f1368505895   icon-left \" ><a href=\"https:\/\/mmvilla.com\/fr\/manu-mykonos-the-entire-villa-2\/?\" target='_blank' class=\"btn btn-lg btn-dark btn-solid\" data-btn-text=\"REGARDEZ LE MANU VILLA\">REGARDEZ LE MANU VILLA<\/a><\/div>[vc_raw_html]JTNDZGl2JTIwaWQlM0QlMjJzbW9vYnVBcGFydG1lbnQyNTM4MTEzZW4lMjIlMjBjbGFzcyUzRCUyMmNhbGVuZGFyV2lkZ2V0JTIyJTNFJTIwJTNDZGl2JTIwY2xhc3MlM0QlMjJjYWxlbmRhckNvbnRlbnQlMjIlMjBkYXRhLWxvYWQtY2FsZW5kYXItdXJsJTNEJTIyaHR0cHMlM0ElMkYlMkZsb2dpbi5zbW9vYnUuY29tJTJGZW4lMkZjb2NrcGl0JTJGd2lkZ2V0JTJGc2luZ2xlLWNhbGVuZGFyJTJGMjUzODExMyUyMiUyMGRhdGEtdmVyaWZpY2F0aW9uJTNEJTIyMzJlOGQxNzU4OGE4MzYzNjE5ODgzNjI0OTNmNDY2OGNiMzlkYTdiYTc5Mzc3N2IwYTBjZmI2MDlkNzcyNDY0YyUyMiUyMGRhdGEtYmFzZVVybCUzRCUyMmh0dHBzJTNBJTJGJTJGbG9naW4uc21vb2J1LmNvbSUyMiUyMGRhdGEtZGlzYWJsZS1jc3MlM0QlMjJmYWxzZSUyMiUyMCUzRSUzQyUyRmRpdiUzRSUyMCUzQ3NjcmlwdCUyMHR5cGUlM0QlMjJ0ZXh0JTJGamF2YXNjcmlwdCUyMiUyMHNyYyUzRCUyMmh0dHBzJTNBJTJGJTJGbG9naW4uc21vb2J1LmNvbSUyRmpzJTJGQXBhcnRtZW50JTJGQ2FsZW5kYXJXaWRnZXQuanMlMjIlM0UlM0MlMkZzY3JpcHQlM0UlM0MlMkZkaXYlM0U=[\/vc_raw_html][\/vc_column_inner][vc_column_inner width=&#8221;1\/3&#8243;][\/vc_column_inner][\/vc_row_inner][\/vc_column][\/vc_row]<\/p>","protected":false},"excerpt":{"rendered":"<p>[vc_row full_width=&#8221;stretch_row_content&#8221; gap=&#8221;&#8221; parallax=&#8221;content-moving&#8221; parallax_speed_bg=&#8221;&#8221; text_color=&#8221;#ffffff&#8221; css=&#8221;.vc_custom_1750145898553{padding-top: 0px !important;padding-bottom: 0px !important;}&#8221;][vc_column][vc_raw_html]JTNDJTIxLS0lMjBFbGZzaWdodCUyMEFubm91bmNlbWVudCUyMEJhciUyMCU3QyUyMEJFU1QlMjBSQVRFJTIwR1VBUkFOVEVFRCUyMC0tJTNFJTBBJTNDc2NyaXB0JTIwc3JjJTNEJTIyaHR0cHMlM0ElMkYlMkZzdGF0aWMuZWxmc2lnaHQuY29tJTJGcGxhdGZvcm0lMkZwbGF0Zm9ybS5qcyUyMiUyMGFzeW5jJTNFJTNDJTJGc2NyaXB0JTNFJTBBJTNDZGl2JTIwY2xhc3MlM0QlMjJlbGZzaWdodC1hcHAtOGFkZWNhZWYtN2ZiYi00MDgyLWFkNDgtNmI4MTFhNTE4Y2Q4JTIyJTIwZGF0YS1lbGZzaWdodC1hcHAtbGF6eSUzRSUzQyUyRmRpdiUzRQ==[\/vc_raw_html][\/vc_column][\/vc_row][vc_row full_width=&#8221;stretch_row_content&#8221; gap=&#8221;&#8221; parallax=&#8221;content-moving&#8221; parallax_speed_bg=&#8221;&#8221; text_color=&#8221;#ffffff&#8221; css=&#8221;.vc_custom_1760084057062{padding-right: 50px !important;padding-left: 50px !important;background-image: url(https:\/\/mmvilla.com\/wp-content\/uploads\/2025\/10\/mykonos-Manu-Villa.jpg?id=14754) !important;background-position: center;background-repeat: no-repeat !important;background-size: cover !important;}&#8221;][vc_column][vc_empty_space height=&#8221;20px&#8221; height2=&#8221;0px&#8221;][vc_empty_space height=&#8221;20px&#8221; height2=&#8221;0px&#8221;][vc_empty_space height=&#8221;20px&#8221;][vc_raw_html]JTNDZGl2JTIwaWQlM0QlMjJhcGFydG1lbnRJZnJhbWVBbGwlMjIlM0UlMEElM0NzY3JpcHQlMjB0eXBlJTNEJTIydGV4dCUyRmphdmFzY3JpcHQlMjIlMjBzcmMlM0QlMjJodHRwcyUzQSUyRiUyRmxvZ2luLnNtb29idS5jb20lMkZqcyUyRlNldHRpbmdzJTJGQm9va2luZ1Rvb2xJZnJhbWUuanMlMjIlM0UlM0MlMkZzY3JpcHQlM0UlMEElM0NzY3JpcHQlM0VCb29raW5nVG9vbElmcmFtZS5pbml0aWFsaXplJTI4JTdCJTIydXJsJTIyJTNBJTIwJTIyaHR0cHMlM0ElMkYlMkZsb2dpbi5zbW9vYnUuY29tJTJGZW4lMkZib29raW5nLXRvb2wlMkZpZnJhbWUlMkYxMTIxOTA4JTIyJTJDJTIwJTIyYmFzZVVybCUyMiUzQSUyMCUyMmh0dHBzJTNBJTJGJTJGbG9naW4uc21vb2J1LmNvbSUyMiUyQyUyMCUyMnRhcmdldCUyMiUzQSUyMCUyMiUyM2FwYXJ0bWVudElmcmFtZUFsbCUyMiU3RCUyOSUzQyUyRnNjcmlwdCUzRSUwQSUzQyUyRmRpdiUzRSUwQQ==[\/vc_raw_html][vc_empty_space height=&#8221;20px&#8221;][\/vc_column][\/vc_row][vc_row full_width=&#8221;stretch_row_content&#8221; gap=&#8221;&#8221; css=&#8221;.vc_custom_1760084785945{padding-right: 5px !important;padding-bottom: 40px !important;padding-left: 5px !important;}&#8221;][vc_column css=&#8221;.vc_custom_1759213727158{padding-right: 50px !important;padding-left: 50px !important;}&#8221;][vc_empty_space height=&#8221;20px&#8221;][vc_empty_space height=&#8221;20px&#8221;][vc_row_inner][vc_column_inner width=&#8221;2\/3&#8243;][vc_raw_html]JTNDZGl2JTIwaWQlM0QlMjJzbW9vYnVBcGFydG1lbnQyNTM4MTEzZW4lMjIlMjBjbGFzcyUzRCUyMmNhbGVuZGFyV2lkZ2V0JTIyJTNFJTIwJTNDZGl2JTIwY2xhc3MlM0QlMjJjYWxlbmRhckNvbnRlbnQlMjIlMjBkYXRhLWxvYWQtY2FsZW5kYXItdXJsJTNEJTIyaHR0cHMlM0ElMkYlMkZsb2dpbi5zbW9vYnUuY29tJTJGZW4lMkZjb2NrcGl0JTJGd2lkZ2V0JTJGc2luZ2xlLWNhbGVuZGFyJTJGMjUzODExMyUyMiUyMGRhdGEtdmVyaWZpY2F0aW9uJTNEJTIyMzJlOGQxNzU4OGE4MzYzNjE5ODgzNjI0OTNmNDY2OGNiMzlkYTdiYTc5Mzc3N2IwYTBjZmI2MDlkNzcyNDY0YyUyMiUyMGRhdGEtYmFzZVVybCUzRCUyMmh0dHBzJTNBJTJGJTJGbG9naW4uc21vb2J1LmNvbSUyMiUyMGRhdGEtZGlzYWJsZS1jc3MlM0QlMjJmYWxzZSUyMiUyMCUzRSUzQyUyRmRpdiUzRSUyMCUzQ3NjcmlwdCUyMHR5cGUlM0QlMjJ0ZXh0JTJGamF2YXNjcmlwdCUyMiUyMHNyYyUzRCUyMmh0dHBzJTNBJTJGJTJGbG9naW4uc21vb2J1LmNvbSUyRmpzJTJGQXBhcnRtZW50JTJGQ2FsZW5kYXJXaWRnZXQuanMlMjIlM0UlM0MlMkZzY3JpcHQlM0UlM0MlMkZkaXYlM0U=[\/vc_raw_html][\/vc_column_inner][vc_column_inner width=&#8221;1\/3&#8243;][\/vc_column_inner][\/vc_row_inner][\/vc_column][\/vc_row]<\/p>\n","protected":false},"author":2,"featured_media":0,"parent":0,"menu_order":0,"comment_status":"closed","ping_status":"closed","template":"","meta":{"footnotes":""},"class_list":["post-10491","page","type-page","status-publish","hentry"],"yoast_head":"<!-- This site is optimized with the Yoast SEO Premium plugin v23.5 (Yoast SEO v25.7) - https:\/\/yoast.com\/wordpress\/plugins\/seo\/ -->\n<title>Disponibilit\u00e9s &amp; R\u00e9servations \u2013 Villa Manu Mykonos<\/title>\n<meta name=\"description\" content=\"Consultez les disponibilit\u00e9s de la Villa Manu Mykonos et r\u00e9servez en ligne au meilleur tarif garanti pour un s\u00e9jour serein et exclusif\" \/>\n<meta name=\"robots\" content=\"index, follow, max-snippet:-1, max-image-preview:large, max-video-preview:-1\" \/>\n<link rel=\"canonical\" href=\"https:\/\/mmvilla.com\/fr\/manu-mykonos-villa-reserver-en-ligne\/\" \/>\n<meta property=\"og:locale\" content=\"fr_FR\" \/>\n<meta property=\"og:type\" content=\"article\" \/>\n<meta property=\"og:title\" content=\"Manu Mykonos Villa reserver en ligne\" \/>\n<meta property=\"og:description\" content=\"Consultez les disponibilit\u00e9s de la Villa Manu Mykonos et r\u00e9servez en ligne au meilleur tarif garanti pour un s\u00e9jour serein et exclusif\" \/>\n<meta property=\"og:url\" content=\"https:\/\/mmvilla.com\/fr\/manu-mykonos-villa-reserver-en-ligne\/\" \/>\n<meta property=\"og:site_name\" content=\"Majestic Manu Mykonos \u2013 Private Villa, Premium Suites &amp; More\" \/>\n<meta property=\"article:publisher\" content=\"https:\/\/www.facebook.com\/p\/Quality-Brand-Villas-100039678235957\/\" \/>\n<meta property=\"article:modified_time\" content=\"2026-02-03T10:28:39+00:00\" \/>\n<meta name=\"twitter:card\" content=\"summary_large_image\" \/>\n<meta name=\"twitter:label1\" content=\"Dur\u00e9e de lecture estim\u00e9e\" \/>\n\t<meta name=\"twitter:data1\" content=\"2 minutes\" \/>\n<script type=\"application\/ld+json\" class=\"yoast-schema-graph\">{\"@context\":\"https:\/\/schema.org\",\"@graph\":[{\"@type\":\"WebPage\",\"@id\":\"https:\/\/mmvilla.com\/fr\/manu-mykonos-villa-reserver-en-ligne\/\",\"url\":\"https:\/\/mmvilla.com\/fr\/manu-mykonos-villa-reserver-en-ligne\/\",\"name\":\"Disponibilit\u00e9s & R\u00e9servations \u2013 Villa Manu Mykonos\",\"isPartOf\":{\"@id\":\"https:\/\/mmvilla.com\/#website\"},\"datePublished\":\"2023-01-18T19:01:44+00:00\",\"dateModified\":\"2026-02-03T10:28:39+00:00\",\"description\":\"Consultez les disponibilit\u00e9s de la Villa Manu Mykonos et r\u00e9servez en ligne au meilleur tarif garanti pour un s\u00e9jour serein et exclusif\",\"breadcrumb\":{\"@id\":\"https:\/\/mmvilla.com\/fr\/manu-mykonos-villa-reserver-en-ligne\/#breadcrumb\"},\"inLanguage\":\"fr-FR\",\"potentialAction\":[{\"@type\":\"ReadAction\",\"target\":[\"https:\/\/mmvilla.com\/fr\/manu-mykonos-villa-reserver-en-ligne\/\"]}]},{\"@type\":\"BreadcrumbList\",\"@id\":\"https:\/\/mmvilla.com\/fr\/manu-mykonos-villa-reserver-en-ligne\/#breadcrumb\",\"itemListElement\":[{\"@type\":\"ListItem\",\"position\":1,\"name\":\"Home\",\"item\":\"https:\/\/mmvilla.com\/fr\/\"},{\"@type\":\"ListItem\",\"position\":2,\"name\":\"Manu Mykonos Villa reserver en ligne\"}]},{\"@type\":\"WebSite\",\"@id\":\"https:\/\/mmvilla.com\/#website\",\"url\":\"https:\/\/mmvilla.com\/\",\"name\":\"Manu Mykonos Villa\",\"description\":\"Mykonos Luxury Living, Perfected by Majestic Manu\",\"publisher\":{\"@id\":\"https:\/\/mmvilla.com\/#organization\"},\"alternateName\":\"MMVILLA\",\"potentialAction\":[{\"@type\":\"SearchAction\",\"target\":{\"@type\":\"EntryPoint\",\"urlTemplate\":\"https:\/\/mmvilla.com\/?s={search_term_string}\"},\"query-input\":{\"@type\":\"PropertyValueSpecification\",\"valueRequired\":true,\"valueName\":\"search_term_string\"}}],\"inLanguage\":\"fr-FR\"},{\"@type\":\"Organization\",\"@id\":\"https:\/\/mmvilla.com\/#organization\",\"name\":\"QB Villas\",\"url\":\"https:\/\/mmvilla.com\/\",\"logo\":{\"@type\":\"ImageObject\",\"inLanguage\":\"fr-FR\",\"@id\":\"https:\/\/mmvilla.com\/#\/schema\/logo\/image\/\",\"url\":\"https:\/\/mmvilla.com\/wp-content\/uploads\/2018\/12\/QUALITY-BRAND-LOGO-KEM-QBVILLAS.png\",\"contentUrl\":\"https:\/\/mmvilla.com\/wp-content\/uploads\/2018\/12\/QUALITY-BRAND-LOGO-KEM-QBVILLAS.png\",\"width\":487,\"height\":500,\"caption\":\"QB Villas\"},\"image\":{\"@id\":\"https:\/\/mmvilla.com\/#\/schema\/logo\/image\/\"},\"sameAs\":[\"https:\/\/www.facebook.com\/p\/Quality-Brand-Villas-100039678235957\/\",\"https:\/\/www.instagram.com\/qualitybrandvillas\/\",\"https:\/\/www.linkedin.com\/company\/quality-brand-villas\"]}]}<\/script>\n<!-- \/ Yoast SEO Premium plugin. -->","yoast_head_json":{"title":"Disponibilit\u00e9s & R\u00e9servations \u2013 Villa Manu Mykonos","description":"Consultez les disponibilit\u00e9s de la Villa Manu Mykonos et r\u00e9servez en ligne au meilleur tarif garanti pour un s\u00e9jour serein et exclusif","robots":{"index":"index","follow":"follow","max-snippet":"max-snippet:-1","max-image-preview":"max-image-preview:large","max-video-preview":"max-video-preview:-1"},"canonical":"https:\/\/mmvilla.com\/fr\/manu-mykonos-villa-reserver-en-ligne\/","og_locale":"fr_FR","og_type":"article","og_title":"Manu Mykonos Villa reserver en ligne","og_description":"Consultez les disponibilit\u00e9s de la Villa Manu Mykonos et r\u00e9servez en ligne au meilleur tarif garanti pour un s\u00e9jour serein et exclusif","og_url":"https:\/\/mmvilla.com\/fr\/manu-mykonos-villa-reserver-en-ligne\/","og_site_name":"Majestic Manu Mykonos \u2013 Private Villa, Premium Suites &amp; More","article_publisher":"https:\/\/www.facebook.com\/p\/Quality-Brand-Villas-100039678235957\/","article_modified_time":"2026-02-03T10:28:39+00:00","twitter_card":"summary_large_image","twitter_misc":{"Dur\u00e9e de lecture estim\u00e9e":"2 minutes"},"schema":{"@context":"https:\/\/schema.org","@graph":[{"@type":"WebPage","@id":"https:\/\/mmvilla.com\/fr\/manu-mykonos-villa-reserver-en-ligne\/","url":"https:\/\/mmvilla.com\/fr\/manu-mykonos-villa-reserver-en-ligne\/","name":"Disponibilit\u00e9s & R\u00e9servations \u2013 Villa Manu Mykonos","isPartOf":{"@id":"https:\/\/mmvilla.com\/#website"},"datePublished":"2023-01-18T19:01:44+00:00","dateModified":"2026-02-03T10:28:39+00:00","description":"Consultez les disponibilit\u00e9s de la Villa Manu Mykonos et r\u00e9servez en ligne au meilleur tarif garanti pour un s\u00e9jour serein et exclusif","breadcrumb":{"@id":"https:\/\/mmvilla.com\/fr\/manu-mykonos-villa-reserver-en-ligne\/#breadcrumb"},"inLanguage":"fr-FR","potentialAction":[{"@type":"ReadAction","target":["https:\/\/mmvilla.com\/fr\/manu-mykonos-villa-reserver-en-ligne\/"]}]},{"@type":"BreadcrumbList","@id":"https:\/\/mmvilla.com\/fr\/manu-mykonos-villa-reserver-en-ligne\/#breadcrumb","itemListElement":[{"@type":"ListItem","position":1,"name":"Home","item":"https:\/\/mmvilla.com\/fr\/"},{"@type":"ListItem","position":2,"name":"Manu Mykonos Villa reserver en ligne"}]},{"@type":"WebSite","@id":"https:\/\/mmvilla.com\/#website","url":"https:\/\/mmvilla.com\/","name":"Manu Mykonos Villa","description":"Mykonos Luxury Living, Perfected by Majestic Manu","publisher":{"@id":"https:\/\/mmvilla.com\/#organization"},"alternateName":"MMVILLA","potentialAction":[{"@type":"SearchAction","target":{"@type":"EntryPoint","urlTemplate":"https:\/\/mmvilla.com\/?s={search_term_string}"},"query-input":{"@type":"PropertyValueSpecification","valueRequired":true,"valueName":"search_term_string"}}],"inLanguage":"fr-FR"},{"@type":"Organization","@id":"https:\/\/mmvilla.com\/#organization","name":"QB Villas","url":"https:\/\/mmvilla.com\/","logo":{"@type":"ImageObject","inLanguage":"fr-FR","@id":"https:\/\/mmvilla.com\/#\/schema\/logo\/image\/","url":"https:\/\/mmvilla.com\/wp-content\/uploads\/2018\/12\/QUALITY-BRAND-LOGO-KEM-QBVILLAS.png","contentUrl":"https:\/\/mmvilla.com\/wp-content\/uploads\/2018\/12\/QUALITY-BRAND-LOGO-KEM-QBVILLAS.png","width":487,"height":500,"caption":"QB Villas"},"image":{"@id":"https:\/\/mmvilla.com\/#\/schema\/logo\/image\/"},"sameAs":["https:\/\/www.facebook.com\/p\/Quality-Brand-Villas-100039678235957\/","https:\/\/www.instagram.com\/qualitybrandvillas\/","https:\/\/www.linkedin.com\/company\/quality-brand-villas"]}]}},"_links":{"self":[{"href":"https:\/\/mmvilla.com\/fr\/wp-json\/wp\/v2\/pages\/10491","targetHints":{"allow":["GET"]}}],"collection":[{"href":"https:\/\/mmvilla.com\/fr\/wp-json\/wp\/v2\/pages"}],"about":[{"href":"https:\/\/mmvilla.com\/fr\/wp-json\/wp\/v2\/types\/page"}],"author":[{"embeddable":true,"href":"https:\/\/mmvilla.com\/fr\/wp-json\/wp\/v2\/users\/2"}],"replies":[{"embeddable":true,"href":"https:\/\/mmvilla.com\/fr\/wp-json\/wp\/v2\/comments?post=10491"}],"version-history":[{"count":30,"href":"https:\/\/mmvilla.com\/fr\/wp-json\/wp\/v2\/pages\/10491\/revisions"}],"predecessor-version":[{"id":15518,"href":"https:\/\/mmvilla.com\/fr\/wp-json\/wp\/v2\/pages\/10491\/revisions\/15518"}],"wp:attachment":[{"href":"https:\/\/mmvilla.com\/fr\/wp-json\/wp\/v2\/media?parent=10491"}],"curies":[{"name":"wp","href":"https:\/\/api.w.org\/{rel}","templated":true}]}}