{"id":10514,"date":"2021-11-18T09:49:16","date_gmt":"2021-11-18T07:49:16","guid":{"rendered":"https:\/\/mmvilla.com\/useful-information\/"},"modified":"2025-10-04T14:59:46","modified_gmt":"2025-10-04T11:59:46","slug":"informations-utiles","status":"publish","type":"page","link":"https:\/\/mmvilla.com\/fr\/informations-utiles\/","title":{"rendered":"Manu Mykonos Useful Information"},"content":{"rendered":"<p>[vc_row full_width=&#8221;stretch_row_content&#8221; gap=&#8221;&#8221; parallax=&#8221;content-moving&#8221; overlay_color=&#8221;rgba(33,33,33,0.4)&#8221; text_color=&#8221;#ffffff&#8221; css=&#8221;.vc_custom_1759579180401{padding-top: 120px !important;padding-bottom: 120px !important;background-image: url(https:\/\/mmvilla.com\/wp-content\/uploads\/2025\/10\/Mykonos-town-Quality-Brand-Villas-14.jpg?id=13820) !important;background-position: center;background-repeat: no-repeat !important;background-size: cover !important;}&#8221;][vc_column][vc_column_text css_animation=&#8221;fadeInUp&#8221;]<\/p>\n<h2>Informations Pratiques<\/h2>\n<p>[\/vc_column_text][\/vc_column][\/vc_row][vc_row full_width=&#8221;stretch_row_content&#8221; gap=&#8221;&#8221; parallax=&#8221;content-moving&#8221; text_color=&#8221;#ffffff&#8221; css=&#8221;.vc_custom_1757785381871{padding-top: 40px !important;padding-bottom: 40px !important;background-position: center;background-repeat: no-repeat !important;background-size: cover !important;}&#8221;][vc_column width=&#8221;1\/3&#8243;][vc_toggle title=&#8221;comment nous rejoindre &amp; transferts&#8221; custom_font_container=&#8221;tag:h5|text_align:left|color:%23000000&#8243; custom_use_theme_fonts=&#8221;yes&#8221; use_custom_heading=&#8221;true&#8221;]<span style=\"color: #000000;\">l\u2019a\u00e9roport international de mykonos (jmk) se trouve \u00e0 environ 10 minutes en voiture de la villa. sur demande, nous pouvons organiser des transferts priv\u00e9s en voitures de luxe ou en limousines, ainsi qu\u2019un service de chauffeur pour toute la dur\u00e9e de votre s\u00e9jour.<\/span>[\/vc_toggle][vc_toggle title=&#8221;arriv\u00e9e &amp; d\u00e9part&#8221; custom_font_container=&#8221;tag:h5|text_align:left|color:%23000000&#8243; custom_use_theme_fonts=&#8221;yes&#8221; use_custom_heading=&#8221;true&#8221;]<span style=\"color: #000000;\">arriv\u00e9e : \u00e0 partir de 15 h<\/span><br data-start=\"519\" data-end=\"522\" \/><span style=\"color: #000000;\">d\u00e9part : jusqu\u2019\u00e0 11 h<\/span><br data-start=\"543\" data-end=\"546\" \/><span style=\"color: #000000;\">un enregistrement anticip\u00e9 ou un d\u00e9part tardif peut \u00eatre organis\u00e9 sur demande et selon disponibilit\u00e9.<\/span>[\/vc_toggle][vc_toggle title=&#8221;annulations &amp; modifications&#8221; custom_font_container=&#8221;tag:h5|text_align:left|color:%23000000&#8243; custom_use_theme_fonts=&#8221;yes&#8221; use_custom_heading=&#8221;true&#8221;]<span style=\"color: #000000;\">les conditions d\u2019annulation varient selon l\u2019offre choisie. pour des informations \u00e0 jour, veuillez contacter notre \u00e9quipe de r\u00e9servation ou consulter la confirmation de votre r\u00e9servation.<\/span>[\/vc_toggle][\/vc_column][vc_column width=&#8221;1\/3&#8243;][vc_toggle title=&#8221;paiements &amp; devise&#8221; custom_font_container=&#8221;tag:h5|text_align:left|color:%23000000&#8243; custom_use_theme_fonts=&#8221;yes&#8221; use_custom_heading=&#8221;true&#8221;]<span style=\"color: #000000;\">nous acceptons les principales cartes de cr\u00e9dit internationales (visa, mastercard, american express) ainsi que les virements bancaires. la devise officielle est l\u2019euro.<\/span>[\/vc_toggle][vc_toggle title=&#8221;wifi &amp; \u00e9lectricit\u00e9&#8221; custom_font_container=&#8221;tag:h5|text_align:left|color:%23000000&#8243; custom_use_theme_fonts=&#8221;yes&#8221; use_custom_heading=&#8221;true&#8221;]<span style=\"color: #000000;\">la villa offre un wifi haut d\u00e9bit gratuit. l\u2019\u00e9lectricit\u00e9 est en 220 volts avec des prises de type c et f (europ\u00e9ennes).<\/span>[\/vc_toggle][vc_toggle title=&#8221;climat &amp; v\u00eatements&#8221; custom_font_container=&#8221;tag:h5|text_align:left|color:%23000000&#8243; custom_use_theme_fonts=&#8221;yes&#8221; use_custom_heading=&#8221;true&#8221;]<span style=\"color: #000000;\">mykonos b\u00e9n\u00e9ficie d\u2019un climat m\u00e9diterran\u00e9en avec des \u00e9t\u00e9s chauds et secs. nous recommandons des v\u00eatements l\u00e9gers, une protection solaire et une veste l\u00e9g\u00e8re pour les soir\u00e9es plus fra\u00eeches.<\/span>[\/vc_toggle][\/vc_column][vc_column width=&#8221;1\/3&#8243;][vc_toggle title=&#8221;distances &amp; services \u00e0 proximit\u00e9&#8221; custom_font_container=&#8221;tag:h5|text_align:left|color:%23000000&#8243; custom_use_theme_fonts=&#8221;yes&#8221; use_custom_heading=&#8221;true&#8221;]<\/p>\n<ul>\n<li data-start=\"1466\" data-end=\"1495\">\n<p data-start=\"1468\" data-end=\"1495\"><span style=\"color: #000000;\">plage d\u2019agia anna : 150 m\u00a0supermarch\u00e9 : 5 minutes en voiture\u00a0sup\u00e9rette : 200 m\u00a0location de voiture : 200 m\u00a0restaurants et bars : \u00e0 quelques minutes \u00e0 pied ou en voiture<\/span><\/p>\n<\/li>\n<\/ul>\n<p>[\/vc_toggle][vc_toggle title=&#8221;sant\u00e9 &amp; s\u00e9curit\u00e9&#8221; custom_font_container=&#8221;tag:h5|text_align:left|color:%23000000&#8243; custom_use_theme_fonts=&#8221;yes&#8221; use_custom_heading=&#8221;true&#8221;]<\/p>\n<p data-start=\"1468\" data-end=\"1495\"><span style=\"color: #000000;\">une pharmacie et un centre m\u00e9dical se trouvent \u00e0 moins de 10 minutes en voiture. num\u00e9ro d\u2019urgence national : 112. sur demande, nous pouvons organiser la visite d\u2019un m\u00e9decin \u00e0 domicile ou un service de s\u00e9curit\u00e9 priv\u00e9.<\/span><\/p>\n<p>[\/vc_toggle][vc_toggle title=&#8221;conseils culturels&#8221; custom_font_container=&#8221;tag:h5|text_align:left|color:%23000000&#8243; custom_use_theme_fonts=&#8221;yes&#8221; use_custom_heading=&#8221;true&#8221;]<\/p>\n<p data-start=\"1468\" data-end=\"1495\"><span style=\"color: #000000;\">l\u2019\u00eele est r\u00e9put\u00e9e pour son hospitalit\u00e9 chaleureuse. il est d\u2019usage de laisser un pourboire (5\u201310 %) pour un service excellent. le respect des plages et des espaces publics est fortement appr\u00e9ci\u00e9.<\/span><\/p>\n<p>[\/vc_toggle][\/vc_column][\/vc_row][vc_row full_width=&#8221;stretch_row_content&#8221; gap=&#8221;&#8221; content_placement=&#8221;middle&#8221; parallax=&#8221;content-moving&#8221; parallax_speed_bg=&#8221;0&#8243; text_color=&#8221;#ffffff&#8221; css=&#8221;.vc_custom_1757785407479{padding-top: 0px !important;padding-bottom: 0px !important;}&#8221;][vc_column][vc_raw_html]JTNDJTIxLS0lMjBFbGZzaWdodCUyMEdvb2dsZSUyME1hcHMlMjAlN0MlMjBVbnRpdGxlZCUyMEdvb2dsZSUyME1hcHMlMjAtLSUzRSUwQSUzQ3NjcmlwdCUyMHNyYyUzRCUyMmh0dHBzJTNBJTJGJTJGc3RhdGljLmVsZnNpZ2h0LmNvbSUyRnBsYXRmb3JtJTJGcGxhdGZvcm0uanMlMjIlMjBhc3luYyUzRSUzQyUyRnNjcmlwdCUzRSUwQSUzQ2RpdiUyMGNsYXNzJTNEJTIyZWxmc2lnaHQtYXBwLTQwNjY2NjljLTJhODEtNDgxZi05MjVjLWU3OTcyZmUzZjM1MCUyMiUyMGRhdGEtZWxmc2lnaHQtYXBwLWxhenklM0UlM0MlMkZkaXYlM0U=[\/vc_raw_html][\/vc_column][\/vc_row][vc_row gap=&#8221;&#8221; css=&#8221;.vc_custom_1740658197208{padding-top: 0px !important;}&#8221;][vc_column][vc_raw_html]JTNDc2NyaXB0JTIwc3JjJTNEJTIyaHR0cHMlM0ElMkYlMkZzdGF0aWMuZWxmc2lnaHQuY29tJTJGcGxhdGZvcm0lMkZwbGF0Zm9ybS5qcyUyMiUyMGRhdGEtdXNlLXNlcnZpY2UtY29yZSUyMGRlZmVyJTNFJTNDJTJGc2NyaXB0JTNFJTBBJTNDZGl2JTIwY2xhc3MlM0QlMjJlbGZzaWdodC1hcHAtNzY2ZjQ3MWUtMGEyZC00YTA2LTk1MWUtMGYxYTQxZmRjZDhlJTIyJTIwZGF0YS1lbGZzaWdodC1hcHAtbGF6eSUzRSUzQyUyRmRpdiUzRQ==[\/vc_raw_html][\/vc_column][\/vc_row]<\/p>","protected":false},"excerpt":{"rendered":"<p>[vc_row full_width=&#8221;stretch_row_content&#8221; gap=&#8221;&#8221; parallax=&#8221;content-moving&#8221; overlay_color=&#8221;rgba(33,33,33,0.4)&#8221; text_color=&#8221;#ffffff&#8221; css=&#8221;.vc_custom_1759579180401{padding-top: 120px !important;padding-bottom: 120px !important;background-image: url(https:\/\/mmvilla.com\/wp-content\/uploads\/2025\/10\/Mykonos-town-Quality-Brand-Villas-14.jpg?id=13820) !important;background-position: center;background-repeat: no-repeat !important;background-size: cover !important;}&#8221;][vc_column][vc_column_text css_animation=&#8221;fadeInUp&#8221;] Informations Pratiques [\/vc_column_text][\/vc_column][\/vc_row][vc_row full_width=&#8221;stretch_row_content&#8221; gap=&#8221;&#8221; parallax=&#8221;content-moving&#8221; text_color=&#8221;#ffffff&#8221; css=&#8221;.vc_custom_1757785381871{padding-top: 40px !important;padding-bottom: 40px !important;background-position: center;background-repeat: no-repeat !important;background-size: cover !important;}&#8221;][vc_column width=&#8221;1\/3&#8243;][vc_toggle title=&#8221;comment nous rejoindre &amp; transferts&#8221; custom_font_container=&#8221;tag:h5|text_align:left|color:%23000000&#8243; custom_use_theme_fonts=&#8221;yes&#8221; use_custom_heading=&#8221;true&#8221;]l\u2019a\u00e9roport international de mykonos (jmk) se trouve \u00e0 environ 10 minutes[&#8230;] <a href=\"https:\/\/mmvilla.com\/fr\/informations-utiles\/\" class=\"more-link\">Continue reading<\/a><\/p>\n","protected":false},"author":2,"featured_media":0,"parent":0,"menu_order":0,"comment_status":"closed","ping_status":"closed","template":"","meta":{"footnotes":""},"class_list":["post-10514","page","type-page","status-publish","hentry"],"yoast_head":"<!-- This site is optimized with the Yoast SEO Premium plugin v23.5 (Yoast SEO v25.7) - https:\/\/yoast.com\/wordpress\/plugins\/seo\/ -->\n<title>Manu Mykonos \u2013 Informations utiles pour votre s\u00e9jour<\/title>\n<meta name=\"description\" content=\"les informations utiles pour pr\u00e9parer votre s\u00e9jour \u00e0 la Villa Manu Mykonos services, acc\u00e8s, conseils pratiques et exp\u00e9riences exclusives.\" \/>\n<meta name=\"robots\" content=\"index, follow, max-snippet:-1, max-image-preview:large, max-video-preview:-1\" \/>\n<link rel=\"canonical\" href=\"https:\/\/mmvilla.com\/fr\/informations-utiles\/\" \/>\n<meta property=\"og:locale\" content=\"fr_FR\" \/>\n<meta property=\"og:type\" content=\"article\" \/>\n<meta property=\"og:title\" content=\"Manu Mykonos Useful Information\" \/>\n<meta property=\"og:description\" content=\"les informations utiles pour pr\u00e9parer votre s\u00e9jour \u00e0 la Villa Manu Mykonos services, acc\u00e8s, conseils pratiques et exp\u00e9riences exclusives.\" \/>\n<meta property=\"og:url\" content=\"https:\/\/mmvilla.com\/fr\/informations-utiles\/\" \/>\n<meta property=\"og:site_name\" content=\"Majestic Manu Mykonos \u2013 Private Villa, Premium Suites &amp; More\" \/>\n<meta property=\"article:publisher\" content=\"https:\/\/www.facebook.com\/p\/Quality-Brand-Villas-100039678235957\/\" \/>\n<meta property=\"article:modified_time\" content=\"2025-10-04T11:59:46+00:00\" \/>\n<meta name=\"twitter:card\" content=\"summary_large_image\" \/>\n<meta name=\"twitter:label1\" content=\"Dur\u00e9e de lecture estim\u00e9e\" \/>\n\t<meta name=\"twitter:data1\" content=\"2 minutes\" \/>\n<script type=\"application\/ld+json\" class=\"yoast-schema-graph\">{\"@context\":\"https:\/\/schema.org\",\"@graph\":[{\"@type\":\"WebPage\",\"@id\":\"https:\/\/mmvilla.com\/fr\/informations-utiles\/\",\"url\":\"https:\/\/mmvilla.com\/fr\/informations-utiles\/\",\"name\":\"Manu Mykonos \u2013 Informations utiles pour votre s\u00e9jour\",\"isPartOf\":{\"@id\":\"https:\/\/mmvilla.com\/#website\"},\"datePublished\":\"2021-11-18T07:49:16+00:00\",\"dateModified\":\"2025-10-04T11:59:46+00:00\",\"description\":\"les informations utiles pour pr\u00e9parer votre s\u00e9jour \u00e0 la Villa Manu Mykonos services, acc\u00e8s, conseils pratiques et exp\u00e9riences exclusives.\",\"breadcrumb\":{\"@id\":\"https:\/\/mmvilla.com\/fr\/informations-utiles\/#breadcrumb\"},\"inLanguage\":\"fr-FR\",\"potentialAction\":[{\"@type\":\"ReadAction\",\"target\":[\"https:\/\/mmvilla.com\/fr\/informations-utiles\/\"]}]},{\"@type\":\"BreadcrumbList\",\"@id\":\"https:\/\/mmvilla.com\/fr\/informations-utiles\/#breadcrumb\",\"itemListElement\":[{\"@type\":\"ListItem\",\"position\":1,\"name\":\"Home\",\"item\":\"https:\/\/mmvilla.com\/fr\/\"},{\"@type\":\"ListItem\",\"position\":2,\"name\":\"Manu Mykonos Useful Information\"}]},{\"@type\":\"WebSite\",\"@id\":\"https:\/\/mmvilla.com\/#website\",\"url\":\"https:\/\/mmvilla.com\/\",\"name\":\"Manu Mykonos Villa\",\"description\":\"Mykonos Luxury Living, Perfected by Majestic Manu\",\"publisher\":{\"@id\":\"https:\/\/mmvilla.com\/#organization\"},\"alternateName\":\"MMVILLA\",\"potentialAction\":[{\"@type\":\"SearchAction\",\"target\":{\"@type\":\"EntryPoint\",\"urlTemplate\":\"https:\/\/mmvilla.com\/?s={search_term_string}\"},\"query-input\":{\"@type\":\"PropertyValueSpecification\",\"valueRequired\":true,\"valueName\":\"search_term_string\"}}],\"inLanguage\":\"fr-FR\"},{\"@type\":\"Organization\",\"@id\":\"https:\/\/mmvilla.com\/#organization\",\"name\":\"QB Villas\",\"url\":\"https:\/\/mmvilla.com\/\",\"logo\":{\"@type\":\"ImageObject\",\"inLanguage\":\"fr-FR\",\"@id\":\"https:\/\/mmvilla.com\/#\/schema\/logo\/image\/\",\"url\":\"https:\/\/mmvilla.com\/wp-content\/uploads\/2018\/12\/QUALITY-BRAND-LOGO-KEM-QBVILLAS.png\",\"contentUrl\":\"https:\/\/mmvilla.com\/wp-content\/uploads\/2018\/12\/QUALITY-BRAND-LOGO-KEM-QBVILLAS.png\",\"width\":487,\"height\":500,\"caption\":\"QB Villas\"},\"image\":{\"@id\":\"https:\/\/mmvilla.com\/#\/schema\/logo\/image\/\"},\"sameAs\":[\"https:\/\/www.facebook.com\/p\/Quality-Brand-Villas-100039678235957\/\",\"https:\/\/www.instagram.com\/qualitybrandvillas\/\",\"https:\/\/www.linkedin.com\/company\/quality-brand-villas\"]}]}<\/script>\n<!-- \/ Yoast SEO Premium plugin. -->","yoast_head_json":{"title":"Manu Mykonos \u2013 Informations utiles pour votre s\u00e9jour","description":"les informations utiles pour pr\u00e9parer votre s\u00e9jour \u00e0 la Villa Manu Mykonos services, acc\u00e8s, conseils pratiques et exp\u00e9riences exclusives.","robots":{"index":"index","follow":"follow","max-snippet":"max-snippet:-1","max-image-preview":"max-image-preview:large","max-video-preview":"max-video-preview:-1"},"canonical":"https:\/\/mmvilla.com\/fr\/informations-utiles\/","og_locale":"fr_FR","og_type":"article","og_title":"Manu Mykonos Useful Information","og_description":"les informations utiles pour pr\u00e9parer votre s\u00e9jour \u00e0 la Villa Manu Mykonos services, acc\u00e8s, conseils pratiques et exp\u00e9riences exclusives.","og_url":"https:\/\/mmvilla.com\/fr\/informations-utiles\/","og_site_name":"Majestic Manu Mykonos \u2013 Private Villa, Premium Suites &amp; More","article_publisher":"https:\/\/www.facebook.com\/p\/Quality-Brand-Villas-100039678235957\/","article_modified_time":"2025-10-04T11:59:46+00:00","twitter_card":"summary_large_image","twitter_misc":{"Dur\u00e9e de lecture estim\u00e9e":"2 minutes"},"schema":{"@context":"https:\/\/schema.org","@graph":[{"@type":"WebPage","@id":"https:\/\/mmvilla.com\/fr\/informations-utiles\/","url":"https:\/\/mmvilla.com\/fr\/informations-utiles\/","name":"Manu Mykonos \u2013 Informations utiles pour votre s\u00e9jour","isPartOf":{"@id":"https:\/\/mmvilla.com\/#website"},"datePublished":"2021-11-18T07:49:16+00:00","dateModified":"2025-10-04T11:59:46+00:00","description":"les informations utiles pour pr\u00e9parer votre s\u00e9jour \u00e0 la Villa Manu Mykonos services, acc\u00e8s, conseils pratiques et exp\u00e9riences exclusives.","breadcrumb":{"@id":"https:\/\/mmvilla.com\/fr\/informations-utiles\/#breadcrumb"},"inLanguage":"fr-FR","potentialAction":[{"@type":"ReadAction","target":["https:\/\/mmvilla.com\/fr\/informations-utiles\/"]}]},{"@type":"BreadcrumbList","@id":"https:\/\/mmvilla.com\/fr\/informations-utiles\/#breadcrumb","itemListElement":[{"@type":"ListItem","position":1,"name":"Home","item":"https:\/\/mmvilla.com\/fr\/"},{"@type":"ListItem","position":2,"name":"Manu Mykonos Useful Information"}]},{"@type":"WebSite","@id":"https:\/\/mmvilla.com\/#website","url":"https:\/\/mmvilla.com\/","name":"Manu Mykonos Villa","description":"Mykonos Luxury Living, Perfected by Majestic Manu","publisher":{"@id":"https:\/\/mmvilla.com\/#organization"},"alternateName":"MMVILLA","potentialAction":[{"@type":"SearchAction","target":{"@type":"EntryPoint","urlTemplate":"https:\/\/mmvilla.com\/?s={search_term_string}"},"query-input":{"@type":"PropertyValueSpecification","valueRequired":true,"valueName":"search_term_string"}}],"inLanguage":"fr-FR"},{"@type":"Organization","@id":"https:\/\/mmvilla.com\/#organization","name":"QB Villas","url":"https:\/\/mmvilla.com\/","logo":{"@type":"ImageObject","inLanguage":"fr-FR","@id":"https:\/\/mmvilla.com\/#\/schema\/logo\/image\/","url":"https:\/\/mmvilla.com\/wp-content\/uploads\/2018\/12\/QUALITY-BRAND-LOGO-KEM-QBVILLAS.png","contentUrl":"https:\/\/mmvilla.com\/wp-content\/uploads\/2018\/12\/QUALITY-BRAND-LOGO-KEM-QBVILLAS.png","width":487,"height":500,"caption":"QB Villas"},"image":{"@id":"https:\/\/mmvilla.com\/#\/schema\/logo\/image\/"},"sameAs":["https:\/\/www.facebook.com\/p\/Quality-Brand-Villas-100039678235957\/","https:\/\/www.instagram.com\/qualitybrandvillas\/","https:\/\/www.linkedin.com\/company\/quality-brand-villas"]}]}},"_links":{"self":[{"href":"https:\/\/mmvilla.com\/fr\/wp-json\/wp\/v2\/pages\/10514","targetHints":{"allow":["GET"]}}],"collection":[{"href":"https:\/\/mmvilla.com\/fr\/wp-json\/wp\/v2\/pages"}],"about":[{"href":"https:\/\/mmvilla.com\/fr\/wp-json\/wp\/v2\/types\/page"}],"author":[{"embeddable":true,"href":"https:\/\/mmvilla.com\/fr\/wp-json\/wp\/v2\/users\/2"}],"replies":[{"embeddable":true,"href":"https:\/\/mmvilla.com\/fr\/wp-json\/wp\/v2\/comments?post=10514"}],"version-history":[{"count":7,"href":"https:\/\/mmvilla.com\/fr\/wp-json\/wp\/v2\/pages\/10514\/revisions"}],"predecessor-version":[{"id":13913,"href":"https:\/\/mmvilla.com\/fr\/wp-json\/wp\/v2\/pages\/10514\/revisions\/13913"}],"wp:attachment":[{"href":"https:\/\/mmvilla.com\/fr\/wp-json\/wp\/v2\/media?parent=10514"}],"curies":[{"name":"wp","href":"https:\/\/api.w.org\/{rel}","templated":true}]}}