{"id":10529,"date":"2024-09-24T09:32:53","date_gmt":"2024-09-24T06:32:53","guid":{"rendered":"https:\/\/mmvilla.com\/manu-mykonos-villa-offers\/"},"modified":"2025-10-10T20:49:23","modified_gmt":"2025-10-10T17:49:23","slug":"manu-mykonos-villa-offres-speciales","status":"publish","type":"page","link":"https:\/\/mmvilla.com\/fr\/manu-mykonos-villa-offres-speciales\/","title":{"rendered":"MANU MYKONOS VILLA Offers"},"content":{"rendered":"<p>[vc_row full_width=&#8221;stretch_row&#8221; gap=&#8221;&#8221; parallax_image=&#8221;8754&#8243; overlay_color=&#8221;rgba(0,0,0,0.5)&#8221; text_color=&#8221;#ffffff&#8221; css=&#8221;.vc_custom_1760118555759{padding-top: 120px !important;padding-bottom: 120px !important;}&#8221;][vc_column]<div class=\"heading-with-separator text-center id_169d4b9b621182815948345   \"><div class=\"header-content\">\n\t\t\t<p class=\"h-subheading\"><\/p>\n\t\t\t<h1 class=\"heading  heading-decorator-1\" style=\"; letter-spacing: 0px; \">Majestic Manu Mykonos Villa<br \/>\nOffres Sp\u00e9ciales de Saison<\/h1><\/div><\/div><div class=\"custom-styles\" data-styles=\".id_169d4b9b621182815948345 .heading-decorator-1:before, .id_169d4b9b621182815948345 .heading-decorator-1:after { border-color: }\"><\/div>[\/vc_column][\/vc_row][vc_row full_width=&#8221;stretch_row_content_no_spaces&#8221; gap=&#8221;&#8221; css=&#8221;.vc_custom_1759561711241{background-image: url(https:\/\/mmvilla.com\/wp-content\/uploads\/2025\/10\/8-Mykonos-island-experiences-Quality-Brand-Villas-32.jpg?id=13827) !important;background-position: center !important;background-repeat: no-repeat !important;background-size: cover !important;}&#8221;][vc_column]<div class=\"rokka-carousel-container id_169d4b9b6211d0476852480   carousel-fullwidth \" data-aos=\"\" data-aos-delay=\"0\">\n\t\t\t<div class=\"rokka-carousel swiper-container \" data-autoplay=\"4000\" data-arrows=\"false\" data-slide-loop=\"true\" data-slides=\"1\">\n\t\t\t\t<div class=\"swiper-wrapper\">[vc_row_inner equal_height=&#8221;yes&#8221; content_placement=&#8221;middle&#8221;][vc_column_inner width=&#8221;2\/12&#8243; overlay_color=&#8221;#23201f&#8221;][\/vc_column_inner][vc_column_inner width=&#8221;8\/12&#8243; text_color=&#8221;#ffffff&#8221; css=&#8221;.vc_custom_1759569237319{padding-top: 120px !important;padding-right: 60px !important;padding-bottom: 120px !important;padding-left: 60px !important;}&#8221;]<div class=\"heading-with-separator text-left id_169d4b9b62123d513997414  vc_custom_1759569539710  \"><div class=\"header-content\">\n\t\t\t<p class=\"h-subheading\">OFFRE SP\u00c9CIALE #1 \u2013 MANU MYKONOS VILLA<\/p>\n\t\t\t<h2 class=\"heading  heading-decorator-1\" style=\"; letter-spacing: 0px; \">R\u00e9servez T\u00f4t &amp; \u00c9conomisez<\/h2><\/div><\/div><div class=\"custom-styles\" data-styles=\".id_169d4b9b62123d513997414 .heading-decorator-1:before, .id_169d4b9b62123d513997414 .heading-decorator-1:after { border-color: }\"><\/div>[vc_column_text]<\/p>\n<h4>SUMMER HEAT DEAL \u201310%<\/h4>\n<h5 class=\"vc_custom_heading\">R\u00e9servez avant tout le monde et profitez de <strong data-start=\"242\" data-end=\"262\">10% de r\u00e9duction<\/strong> sur tous les s\u00e9jours de la saison. Valable pour les r\u00e9servations effectu\u00e9es entre le 1er septembre et le 31 mars.<\/h5>\n<p>[\/vc_column_text]<div class=\"btn-wrapper text-left id_169d4b9b62126a667210876   icon-left \" ><a href=\"https:\/\/mmvilla.com\/fr\/manu-mykonos-villa-reserver-en-ligne\/\" target='_blank' class=\"btn btn-lg btn-light btn-outline\" data-btn-text=\"R\u00e9servez votre s\u00e9jour\">R\u00e9servez votre s\u00e9jour<\/a><\/div>[\/vc_column_inner][vc_column_inner width=&#8221;2\/12&#8243; overlay_color=&#8221;#23201f&#8221;][\/vc_column_inner][\/vc_row_inner][vc_row_inner equal_height=&#8221;yes&#8221; content_placement=&#8221;middle&#8221;][vc_column_inner width=&#8221;2\/12&#8243; overlay_color=&#8221;#23201f&#8221;][\/vc_column_inner][vc_column_inner width=&#8221;8\/12&#8243; text_color=&#8221;#ffffff&#8221; css=&#8221;.vc_custom_1759569263847{padding-top: 120px !important;padding-right: 60px !important;padding-bottom: 120px !important;padding-left: 60px !important;}&#8221;]<div class=\"heading-with-separator text-left id_169d4b9b6212dc1996013680  vc_custom_1759569731237  \"><div class=\"header-content\">\n\t\t\t<p class=\"h-subheading\">OFFRE SP\u00c9CIALE #2 \u2013 MANU MYKONOS VILLA<\/p>\n\t\t\t<h2 class=\"heading  heading-decorator-1\" style=\"; letter-spacing: 0px; \">1 Nuit Offerte pour Vos Vacances<\/h2><\/div><\/div><div class=\"custom-styles\" data-styles=\".id_169d4b9b6212dc1996013680 .heading-decorator-1:before, .id_169d4b9b6212dc1996013680 .heading-decorator-1:after { border-color: #ffffff}\"><\/div>[vc_column_text]<\/p>\n<h4>LUXURY FOR LESS \u2013 7 NUITS AU PRIX DE 6<\/h4>\n<h5 class=\"vc_custom_heading\">R\u00e9servez vos vacances d\u2019\u00e9t\u00e9 pour 6 nuits ou plus et profitez d\u2019<strong data-start=\"577\" data-end=\"611\">1 nuit suppl\u00e9mentaire gratuite<\/strong> !<\/h5>\n<p>[\/vc_column_text]<div class=\"btn-wrapper text-left id_169d4b9b62130d704335703   icon-left \" ><a href=\"https:\/\/mmvilla.com\/fr\/manu-mykonos-villa-reserver-en-ligne\/\" target='_blank' class=\"btn btn-lg btn-light btn-outline\" data-btn-text=\"R\u00e9servez votre s\u00e9jour\">R\u00e9servez votre s\u00e9jour<\/a><\/div>[\/vc_column_inner][vc_column_inner width=&#8221;2\/12&#8243; overlay_color=&#8221;#23201f&#8221;][\/vc_column_inner][\/vc_row_inner][vc_row_inner equal_height=&#8221;yes&#8221; content_placement=&#8221;middle&#8221;][vc_column_inner width=&#8221;2\/12&#8243; overlay_color=&#8221;#23201f&#8221;][\/vc_column_inner][vc_column_inner width=&#8221;8\/12&#8243; text_color=&#8221;#ffffff&#8221; css=&#8221;.vc_custom_1759569291279{padding-top: 120px !important;padding-right: 60px !important;padding-bottom: 120px !important;padding-left: 60px !important;}&#8221;]<div class=\"heading-with-separator text-left id_169d4b9b62134329444014  vc_custom_1759569879207  \"><div class=\"header-content\">\n\t\t\t<p class=\"h-subheading\">OFFRE SP\u00c9CIALE #3 \u2013 MANU MYKONOS VILLA<\/p>\n\t\t\t<h2 class=\"heading  heading-decorator-1\" style=\"; letter-spacing: 0px; \">Offre \u00c9t\u00e9 de Septembre<\/h2><\/div><\/div><div class=\"custom-styles\" data-styles=\".id_169d4b9b62134329444014 .heading-decorator-1:before, .id_169d4b9b62134329444014 .heading-decorator-1:after { border-color: }\"><\/div>[vc_column_text]<\/p>\n<h4>OFFRE SAISONNI\u00c8RE : -10% PRIVIL\u00c8GE SUR TOUS LES S\u00c9JOURS D\u2019AUTOMNE<\/h4>\n<h5>Vivez une escapade d\u2019automne \u00e0 Mykonos avec <strong data-start=\"812\" data-end=\"842\">10% de r\u00e9duction exclusive<\/strong> \u2013 valable pour les s\u00e9jours du 15 septembre au 31 octobre.<\/h5>\n<p>[\/vc_column_text]<div class=\"btn-wrapper text-left id_169d4b9b6213683414101   icon-left \" ><a href=\"https:\/\/mmvilla.com\/fr\/manu-mykonos-villa-reserver-en-ligne\/\" target='_blank' class=\"btn btn-lg btn-light btn-outline\" data-btn-text=\"R\u00e9servez votre s\u00e9jour\">R\u00e9servez votre s\u00e9jour<\/a><\/div>[\/vc_column_inner][vc_column_inner width=&#8221;2\/12&#8243; overlay_color=&#8221;#23201f&#8221;][\/vc_column_inner][\/vc_row_inner]<\/div><\/div><\/div><div class=\"custom-styles\" data-styles=\".id_169d4b9b6211d0476852480 .swiper-pagination-bullet { background-color: ; color:  } .id_169d4b9b6211d0476852480 .rokka-carousel-pagination .swiper-pagination-bullet.swiper-pagination-bullet-active { background-color: } .id_169d4b9b6211d0476852480 .rokka-carousel-pagination .swiper-pagination-bullet.swiper-pagination-bullet-active { border-color: }\"><\/div>[\/vc_column][\/vc_row]<\/p>","protected":false},"excerpt":{"rendered":"<p>[vc_row full_width=&#8221;stretch_row&#8221; gap=&#8221;&#8221; parallax_image=&#8221;8754&#8243; overlay_color=&#8221;rgba(0,0,0,0.5)&#8221; text_color=&#8221;#ffffff&#8221; css=&#8221;.vc_custom_1760118555759{padding-top: 120px !important;padding-bottom: 120px !important;}&#8221;][vc_column][\/vc_column][\/vc_row][vc_row full_width=&#8221;stretch_row_content_no_spaces&#8221; gap=&#8221;&#8221; css=&#8221;.vc_custom_1759561711241{background-image: url(https:\/\/mmvilla.com\/wp-content\/uploads\/2025\/10\/8-Mykonos-island-experiences-Quality-Brand-Villas-32.jpg?id=13827) !important;background-position: center !important;background-repeat: no-repeat !important;background-size: cover !important;}&#8221;][vc_column][\/vc_column][\/vc_row]<\/p>\n","protected":false},"author":6,"featured_media":0,"parent":0,"menu_order":0,"comment_status":"closed","ping_status":"closed","template":"","meta":{"footnotes":""},"class_list":["post-10529","page","type-page","status-publish","hentry"],"yoast_head":"<!-- This site is optimized with the Yoast SEO Premium plugin v23.5 (Yoast SEO v25.7) - https:\/\/yoast.com\/wordpress\/plugins\/seo\/ -->\n<title>Majestic Manu Mykonos Hotel Villa \u2013 Offres sp\u00e9ciales de saison<\/title>\n<meta name=\"description\" content=\"Offres sp\u00e9ciales \u00e0 la Majestic Manu Mykonos Villa : luxe, tarifs exclusifs et s\u00e9jours inoubliables \u00e0 Mykonos.\" \/>\n<meta name=\"robots\" content=\"index, follow, max-snippet:-1, max-image-preview:large, max-video-preview:-1\" \/>\n<link rel=\"canonical\" href=\"https:\/\/mmvilla.com\/fr\/manu-mykonos-villa-offres-speciales\/\" \/>\n<meta property=\"og:locale\" content=\"fr_FR\" \/>\n<meta property=\"og:type\" content=\"article\" \/>\n<meta property=\"og:title\" content=\"MANU MYKONOS VILLA Offers\" \/>\n<meta property=\"og:description\" content=\"Offres sp\u00e9ciales \u00e0 la Majestic Manu Mykonos Villa : luxe, tarifs exclusifs et s\u00e9jours inoubliables \u00e0 Mykonos.\" \/>\n<meta property=\"og:url\" content=\"https:\/\/mmvilla.com\/fr\/manu-mykonos-villa-offres-speciales\/\" \/>\n<meta property=\"og:site_name\" content=\"Majestic Manu Mykonos \u2013 Private Villa, Premium Suites &amp; More\" \/>\n<meta property=\"article:publisher\" content=\"https:\/\/www.facebook.com\/p\/Quality-Brand-Villas-100039678235957\/\" \/>\n<meta property=\"article:modified_time\" content=\"2025-10-10T17:49:23+00:00\" \/>\n<meta name=\"twitter:card\" content=\"summary_large_image\" \/>\n<meta name=\"twitter:label1\" content=\"Dur\u00e9e de lecture estim\u00e9e\" \/>\n\t<meta name=\"twitter:data1\" content=\"2 minutes\" \/>\n<script type=\"application\/ld+json\" class=\"yoast-schema-graph\">{\"@context\":\"https:\/\/schema.org\",\"@graph\":[{\"@type\":\"WebPage\",\"@id\":\"https:\/\/mmvilla.com\/fr\/manu-mykonos-villa-offres-speciales\/\",\"url\":\"https:\/\/mmvilla.com\/fr\/manu-mykonos-villa-offres-speciales\/\",\"name\":\"Majestic Manu Mykonos Hotel Villa \u2013 Offres sp\u00e9ciales de saison\",\"isPartOf\":{\"@id\":\"https:\/\/mmvilla.com\/#website\"},\"datePublished\":\"2024-09-24T06:32:53+00:00\",\"dateModified\":\"2025-10-10T17:49:23+00:00\",\"description\":\"Offres sp\u00e9ciales \u00e0 la Majestic Manu Mykonos Villa : luxe, tarifs exclusifs et s\u00e9jours inoubliables \u00e0 Mykonos.\",\"breadcrumb\":{\"@id\":\"https:\/\/mmvilla.com\/fr\/manu-mykonos-villa-offres-speciales\/#breadcrumb\"},\"inLanguage\":\"fr-FR\",\"potentialAction\":[{\"@type\":\"ReadAction\",\"target\":[\"https:\/\/mmvilla.com\/fr\/manu-mykonos-villa-offres-speciales\/\"]}]},{\"@type\":\"BreadcrumbList\",\"@id\":\"https:\/\/mmvilla.com\/fr\/manu-mykonos-villa-offres-speciales\/#breadcrumb\",\"itemListElement\":[{\"@type\":\"ListItem\",\"position\":1,\"name\":\"Home\",\"item\":\"https:\/\/mmvilla.com\/fr\/\"},{\"@type\":\"ListItem\",\"position\":2,\"name\":\"MANU MYKONOS VILLA Offers\"}]},{\"@type\":\"WebSite\",\"@id\":\"https:\/\/mmvilla.com\/#website\",\"url\":\"https:\/\/mmvilla.com\/\",\"name\":\"Manu Mykonos Villa\",\"description\":\"Mykonos Luxury Living, Perfected by Majestic Manu\",\"publisher\":{\"@id\":\"https:\/\/mmvilla.com\/#organization\"},\"alternateName\":\"MMVILLA\",\"potentialAction\":[{\"@type\":\"SearchAction\",\"target\":{\"@type\":\"EntryPoint\",\"urlTemplate\":\"https:\/\/mmvilla.com\/?s={search_term_string}\"},\"query-input\":{\"@type\":\"PropertyValueSpecification\",\"valueRequired\":true,\"valueName\":\"search_term_string\"}}],\"inLanguage\":\"fr-FR\"},{\"@type\":\"Organization\",\"@id\":\"https:\/\/mmvilla.com\/#organization\",\"name\":\"QB Villas\",\"url\":\"https:\/\/mmvilla.com\/\",\"logo\":{\"@type\":\"ImageObject\",\"inLanguage\":\"fr-FR\",\"@id\":\"https:\/\/mmvilla.com\/#\/schema\/logo\/image\/\",\"url\":\"https:\/\/mmvilla.com\/wp-content\/uploads\/2018\/12\/QUALITY-BRAND-LOGO-KEM-QBVILLAS.png\",\"contentUrl\":\"https:\/\/mmvilla.com\/wp-content\/uploads\/2018\/12\/QUALITY-BRAND-LOGO-KEM-QBVILLAS.png\",\"width\":487,\"height\":500,\"caption\":\"QB Villas\"},\"image\":{\"@id\":\"https:\/\/mmvilla.com\/#\/schema\/logo\/image\/\"},\"sameAs\":[\"https:\/\/www.facebook.com\/p\/Quality-Brand-Villas-100039678235957\/\",\"https:\/\/www.instagram.com\/qualitybrandvillas\/\",\"https:\/\/www.linkedin.com\/company\/quality-brand-villas\"]}]}<\/script>\n<!-- \/ Yoast SEO Premium plugin. -->","yoast_head_json":{"title":"Majestic Manu Mykonos Hotel Villa \u2013 Offres sp\u00e9ciales de saison","description":"Offres sp\u00e9ciales \u00e0 la Majestic Manu Mykonos Villa : luxe, tarifs exclusifs et s\u00e9jours inoubliables \u00e0 Mykonos.","robots":{"index":"index","follow":"follow","max-snippet":"max-snippet:-1","max-image-preview":"max-image-preview:large","max-video-preview":"max-video-preview:-1"},"canonical":"https:\/\/mmvilla.com\/fr\/manu-mykonos-villa-offres-speciales\/","og_locale":"fr_FR","og_type":"article","og_title":"MANU MYKONOS VILLA Offers","og_description":"Offres sp\u00e9ciales \u00e0 la Majestic Manu Mykonos Villa : luxe, tarifs exclusifs et s\u00e9jours inoubliables \u00e0 Mykonos.","og_url":"https:\/\/mmvilla.com\/fr\/manu-mykonos-villa-offres-speciales\/","og_site_name":"Majestic Manu Mykonos \u2013 Private Villa, Premium Suites &amp; More","article_publisher":"https:\/\/www.facebook.com\/p\/Quality-Brand-Villas-100039678235957\/","article_modified_time":"2025-10-10T17:49:23+00:00","twitter_card":"summary_large_image","twitter_misc":{"Dur\u00e9e de lecture estim\u00e9e":"2 minutes"},"schema":{"@context":"https:\/\/schema.org","@graph":[{"@type":"WebPage","@id":"https:\/\/mmvilla.com\/fr\/manu-mykonos-villa-offres-speciales\/","url":"https:\/\/mmvilla.com\/fr\/manu-mykonos-villa-offres-speciales\/","name":"Majestic Manu Mykonos Hotel Villa \u2013 Offres sp\u00e9ciales de saison","isPartOf":{"@id":"https:\/\/mmvilla.com\/#website"},"datePublished":"2024-09-24T06:32:53+00:00","dateModified":"2025-10-10T17:49:23+00:00","description":"Offres sp\u00e9ciales \u00e0 la Majestic Manu Mykonos Villa : luxe, tarifs exclusifs et s\u00e9jours inoubliables \u00e0 Mykonos.","breadcrumb":{"@id":"https:\/\/mmvilla.com\/fr\/manu-mykonos-villa-offres-speciales\/#breadcrumb"},"inLanguage":"fr-FR","potentialAction":[{"@type":"ReadAction","target":["https:\/\/mmvilla.com\/fr\/manu-mykonos-villa-offres-speciales\/"]}]},{"@type":"BreadcrumbList","@id":"https:\/\/mmvilla.com\/fr\/manu-mykonos-villa-offres-speciales\/#breadcrumb","itemListElement":[{"@type":"ListItem","position":1,"name":"Home","item":"https:\/\/mmvilla.com\/fr\/"},{"@type":"ListItem","position":2,"name":"MANU MYKONOS VILLA Offers"}]},{"@type":"WebSite","@id":"https:\/\/mmvilla.com\/#website","url":"https:\/\/mmvilla.com\/","name":"Manu Mykonos Villa","description":"Mykonos Luxury Living, Perfected by Majestic Manu","publisher":{"@id":"https:\/\/mmvilla.com\/#organization"},"alternateName":"MMVILLA","potentialAction":[{"@type":"SearchAction","target":{"@type":"EntryPoint","urlTemplate":"https:\/\/mmvilla.com\/?s={search_term_string}"},"query-input":{"@type":"PropertyValueSpecification","valueRequired":true,"valueName":"search_term_string"}}],"inLanguage":"fr-FR"},{"@type":"Organization","@id":"https:\/\/mmvilla.com\/#organization","name":"QB Villas","url":"https:\/\/mmvilla.com\/","logo":{"@type":"ImageObject","inLanguage":"fr-FR","@id":"https:\/\/mmvilla.com\/#\/schema\/logo\/image\/","url":"https:\/\/mmvilla.com\/wp-content\/uploads\/2018\/12\/QUALITY-BRAND-LOGO-KEM-QBVILLAS.png","contentUrl":"https:\/\/mmvilla.com\/wp-content\/uploads\/2018\/12\/QUALITY-BRAND-LOGO-KEM-QBVILLAS.png","width":487,"height":500,"caption":"QB Villas"},"image":{"@id":"https:\/\/mmvilla.com\/#\/schema\/logo\/image\/"},"sameAs":["https:\/\/www.facebook.com\/p\/Quality-Brand-Villas-100039678235957\/","https:\/\/www.instagram.com\/qualitybrandvillas\/","https:\/\/www.linkedin.com\/company\/quality-brand-villas"]}]}},"_links":{"self":[{"href":"https:\/\/mmvilla.com\/fr\/wp-json\/wp\/v2\/pages\/10529","targetHints":{"allow":["GET"]}}],"collection":[{"href":"https:\/\/mmvilla.com\/fr\/wp-json\/wp\/v2\/pages"}],"about":[{"href":"https:\/\/mmvilla.com\/fr\/wp-json\/wp\/v2\/types\/page"}],"author":[{"embeddable":true,"href":"https:\/\/mmvilla.com\/fr\/wp-json\/wp\/v2\/users\/6"}],"replies":[{"embeddable":true,"href":"https:\/\/mmvilla.com\/fr\/wp-json\/wp\/v2\/comments?post=10529"}],"version-history":[{"count":12,"href":"https:\/\/mmvilla.com\/fr\/wp-json\/wp\/v2\/pages\/10529\/revisions"}],"predecessor-version":[{"id":14916,"href":"https:\/\/mmvilla.com\/fr\/wp-json\/wp\/v2\/pages\/10529\/revisions\/14916"}],"wp:attachment":[{"href":"https:\/\/mmvilla.com\/fr\/wp-json\/wp\/v2\/media?parent=10529"}],"curies":[{"name":"wp","href":"https:\/\/api.w.org\/{rel}","templated":true}]}}