{"id":10534,"date":"2025-06-06T15:13:36","date_gmt":"2025-06-06T12:13:36","guid":{"rendered":"https:\/\/mmvilla.com\/manu-mykonos-villa-services-2\/"},"modified":"2025-10-03T23:42:20","modified_gmt":"2025-10-03T20:42:20","slug":"manu-mykonos-villa-services-5-etoiles","status":"publish","type":"page","link":"https:\/\/mmvilla.com\/fr\/manu-mykonos-villa-services-5-etoiles\/","title":{"rendered":"MANU MYKONOS VILLA Services"},"content":{"rendered":"<p>[vc_row full_width=&#8221;stretch_row_content&#8221; gap=&#8221;&#8221; parallax=&#8221;content-moving&#8221; parallax_image=&#8221;3603&#8243; overlay_color=&#8221;rgba(0,0,0,0.5)&#8221; text_color=&#8221;#ffffff&#8221; css=&#8221;.vc_custom_1759474774411{padding-top: 180px !important;padding-bottom: 180px !important;}&#8221;][vc_column]<div class=\"heading-with-separator text-center id_169d4b4719083e1887101194   \"><div class=\"header-content\">\n\t\t\t<p class=\"h-subheading\">Manu Mykonos Prestations d\u2019exception, sur demande<\/p>\n\t\t\t<h1 class=\"heading  heading-decorator-4\" style=\"; letter-spacing: 0px; \">Vivez Mykonos dans toute sa splendeur<br \/>\nServices cinq \u00e9toiles &amp; adresses prestigieuses pour une exp\u00e9rience insulaire inoubliable<\/h1><\/div><\/div><div class=\"custom-styles\" data-styles=\".id_169d4b4719083e1887101194 .heading-decorator-1:before, .id_169d4b4719083e1887101194 .heading-decorator-1:after { border-color: }\"><\/div>[\/vc_column][\/vc_row][vc_row full_width=&#8221;stretch_row_content&#8221; gap=&#8221;&#8221; equal_height=&#8221;yes&#8221; content_placement=&#8221;middle&#8221; overlay_color=&#8221;rgba(255,255,255,0.71)&#8221; css=&#8221;.vc_custom_1759475318126{background-position: center !important;background-repeat: no-repeat !important;background-size: cover !important;}&#8221;][vc_column width=&#8221;2\/3&#8243;][vc_empty_space height=&#8221;64px&#8221; height2=&#8221;32px&#8221;]<div class=\"heading-with-separator text-left id_169d4b471908a4926262050  vc_custom_1759474858109  \"><div class=\"header-content\">\n\t\t\t<p class=\"h-subheading\"><\/p>\n\t\t\t<h2 class=\"heading  heading-decorator-1\" style=\"; letter-spacing: 0px; \">Profitez de privil\u00e8ges exclusifs<\/h2><\/div><\/div><div class=\"custom-styles\" data-styles=\".id_169d4b471908a4926262050 .heading-decorator-1:before, .id_169d4b471908a4926262050 .heading-decorator-1:after { border-color: #000000}\"><\/div>[vc_column_text css=&#8221;.vc_custom_1759474843188{padding-left: 20px !important;}&#8221;]<\/p>\n<p data-start=\"121\" data-end=\"502\"><strong data-start=\"121\" data-end=\"500\">Notre priorit\u00e9 absolue est de veiller \u00e0 ce que chaque s\u00e9jour dans en Manu Mykonos Villa soit non seulement fluide et reposant, mais aussi v\u00e9ritablement inoubliable. <\/strong>Qu\u2019il s\u2019agisse de r\u00e9pondre \u00e0 vos besoins ou \u00e0 vos envies, nous vous offrons des services d\u2019exception, inspir\u00e9s de l\u2019h\u00f4tellerie de prestige, con\u00e7us pour sublimer chaque instant de vos vacances.<\/p>\n<p data-start=\"504\" data-end=\"906\"><strong data-start=\"504\" data-end=\"904\">Notre Collection Signature de Services &amp; Installations 5 \u00c9toiles \u2014 en collaboration exclusive avec Quality Brand Villas \u2014 incarne notre engagement envers une hospitalit\u00e9 sur mesure. <\/strong>Aucune demande n\u2019est trop grande ni trop petite. Avec un professionnalisme sans faille, une approche proactive et une passion pour l\u2019excellence, nous faisons de votre s\u00e9jour \u00e0 Mykonos une exp\u00e9rience hors du commun.<\/p>\n<p>[\/vc_column_text][vc_empty_space height2=&#8221;0px&#8221;][\/vc_column][vc_column width=&#8221;1\/3&#8243;][\/vc_column][\/vc_row][vc_row full_width=&#8221;stretch_row_content&#8221; gap=&#8221;&#8221; equal_height=&#8221;yes&#8221;][vc_column parallax_image=&#8221;3037&#8243; width=&#8221;1\/3&#8243; css=&#8221;.vc_custom_1759474942861{margin-top: 15px !important;margin-bottom: 15px !important;padding-top: 40px !important;padding-bottom: 40px !important;background-position: center !important;background-repeat: no-repeat !important;background-size: cover !important;}&#8221;][vc_empty_space height=&#8221;192px&#8221;]<div class=\"btn-wrapper text-center id_169d4b471908ce655774295   icon-left \" ><a href=\"https:\/\/mmvilla.com\/fr\/manu-mykonos-villa-chef-prive\/\" target='_blank' class=\"btn btn-md btn-accent btn-solid\" data-btn-text=\"En savoir plus : Services de Chef &amp; Traiteur\">En savoir plus : Services de Chef &amp; Traiteur<\/a><\/div>[\/vc_column][vc_column parallax_image=&#8221;2864&#8243; width=&#8221;1\/3&#8243; css=&#8221;.vc_custom_1759474960534{margin-top: 15px !important;margin-bottom: 15px !important;padding-top: 40px !important;padding-right: 40px !important;padding-left: 40px !important;}&#8221;][vc_empty_space height=&#8221;192px&#8221;]<div class=\"btn-wrapper text-center id_169d4b4719093e1837894800   icon-left \" ><a href=\"https:\/\/mmvilla.com\/fr\/manu-mykonos-villa-ceremonie-lune-de-miel\/\" target='_blank' class=\"btn btn-md btn-accent btn-solid\" data-btn-text=\"En savoir plus : Mariages &amp; \u00c9v\u00e9nements Sp\u00e9ciaux\">En savoir plus : Mariages &amp; \u00c9v\u00e9nements Sp\u00e9ciaux<\/a><\/div>[\/vc_column][vc_column parallax_image=&#8221;3102&#8243; width=&#8221;1\/3&#8243; css=&#8221;.vc_custom_1759474981866{margin-top: 15px !important;margin-bottom: 15px !important;padding-top: 40px !important;padding-right: 40px !important;padding-bottom: 40px !important;padding-left: 40px !important;}&#8221;][vc_empty_space height=&#8221;192px&#8221;]<div class=\"btn-wrapper text-center id_169d4b471909b61626091749   icon-left \" ><a href=\"https:\/\/mmvilla.com\/fr\/manu-mykonos-villa-yachts-jets-chauffeurs-automobiles\/\" target='_blank' class=\"btn btn-md btn-accent btn-solid\" data-btn-text=\"En savoir plus : Location de Voiture &amp; Yachting\">En savoir plus : Location de Voiture &amp; Yachting<\/a><\/div>[\/vc_column][\/vc_row][vc_row full_width=&#8221;stretch_row_content&#8221; gap=&#8221;&#8221; equal_height=&#8221;yes&#8221; overlay_color=&#8221;#ffffff&#8221;][vc_column width=&#8221;2\/3&#8243;][vc_empty_space height=&#8221;64px&#8221; height2=&#8221;32px&#8221;]<div class=\"heading-with-separator text-left id_169d4b471909fe228833258  vc_custom_1759475019496  \"><div class=\"header-content\">\n\t\t\t<p class=\"h-subheading\"><\/p>\n\t\t\t<h3 class=\"heading  heading-decorator-1\" style=\"; letter-spacing: 0px; \">L\u2019excellence des services \u2013 l\u2019infini des possibles<\/h3><\/div><\/div><div class=\"custom-styles\" data-styles=\".id_169d4b471909fe228833258 .heading-decorator-1:before, .id_169d4b471909fe228833258 .heading-decorator-1:after { border-color: #000000}\"><\/div>[vc_column_text css=&#8221;.vc_custom_1759475060615{padding-left: 20px !important;}&#8221;]<\/p>\n<p data-start=\"0\" data-end=\"254\"><strong data-start=\"0\" data-end=\"22\">Manu Mykonos Villa<\/strong><br data-start=\"22\" data-end=\"25\" \/>Nich\u00e9e au c\u0153ur de l\u2019\u00eele, <strong data-start=\"50\" data-end=\"72\">Manu Mykonos Villa<\/strong> incarne l\u2019\u00e9l\u00e9gance et le raffinement absolus. Con\u00e7ue pour offrir une exp\u00e9rience unique et sur mesure, cette villa d\u2019exception r\u00e9pond aux attentes des voyageurs les plus exigeants.<\/p>\n<p data-start=\"256\" data-end=\"656\">D\u00e8s votre arriv\u00e9e, un <strong data-start=\"278\" data-end=\"318\">service de conciergerie personnalis\u00e9<\/strong> s\u2019assure que chaque instant soit parfaitement orchestr\u00e9 : organisation de transferts priv\u00e9s, r\u00e9servations exclusives, ou encore planification de vos activit\u00e9s sur mesure. Pour une exp\u00e9rience culinaire inoubliable, un <strong data-start=\"536\" data-end=\"550\">chef priv\u00e9<\/strong> pr\u00e9pare des menus gastronomiques adapt\u00e9s \u00e0 vos go\u00fbts, mettant \u00e0 l\u2019honneur les saveurs m\u00e9diterran\u00e9ennes.<\/p>\n<p data-start=\"658\" data-end=\"962\">La d\u00e9tente est au c\u0153ur de votre s\u00e9jour : profitez de <strong data-start=\"711\" data-end=\"762\">soins spa et massages directement dans la villa<\/strong>, dans une atmosph\u00e8re paisible avec vue sur la mer \u00c9g\u00e9e. Chaque d\u00e9tail, des espaces int\u00e9rieurs au design \u00e9pur\u00e9 jusqu\u2019aux terrasses baign\u00e9es de soleil, est pens\u00e9 pour combiner confort et raffinement.<\/p>\n<p data-start=\"964\" data-end=\"1162\" data-is-last-node=\"\" data-is-only-node=\"\">\u00c0 <strong data-start=\"966\" data-end=\"988\">Manu Mykonos Villa<\/strong>, tout est mis en \u0153uvre pour que vous puissiez savourer l\u2019essence de Mykonos dans une intimit\u00e9 absolue, avec le luxe discret d\u2019un service enti\u00e8rement d\u00e9di\u00e9 \u00e0 votre bien-\u00eatre.<\/p>\n<h3 data-start=\"791\" data-end=\"824\">Conciergerie &amp; Services VIP<\/h3>\n<p data-start=\"825\" data-end=\"1175\">Notre conciergerie disponible 24h\/24 et 7j\/7 prend soin de tout. Excursions priv\u00e9es en yacht, r\u00e9servations VIP dans les meilleurs restaurants ou visites guid\u00e9es de l\u2019\u00eele \u2013 nous organisons pour vous des exp\u00e9riences exclusives et sur mesure. Attendez-vous \u00e0 un s\u00e9jour boutique, marqu\u00e9 par un service d\u2019exception et une attention de tous les instants.<\/p>\n<h3 data-start=\"1177\" data-end=\"1204\">Chef Priv\u00e9 &amp; Traiteur<\/h3>\n<p data-start=\"1205\" data-end=\"1603\">Laissez-vous s\u00e9duire par des repas gastronomiques pr\u00e9par\u00e9s par votre chef priv\u00e9 \u00e0 Mykonos. Petits-d\u00e9jeuners, d\u00e9jeuners ou d\u00eeners raffin\u00e9s : nos chefs \u00e9laborent des menus personnalis\u00e9s et multi-services, allant des sp\u00e9cialit\u00e9s grecques aux cuisines internationales. Nous organisons \u00e9galement des services traiteur complets ou des repas priv\u00e9s sur mesure pour vos \u00e9v\u00e9nements ou vos moments intimes.<\/p>\n<h3 data-start=\"1605\" data-end=\"1626\">Spa &amp; Bien-\u00eatre<\/h3>\n<p data-start=\"1627\" data-end=\"2020\">Offrez-vous des soins spa luxueux sans quitter votre villa. Massages profonds, soins du visage, gommages corporels ou forfaits bien-\u00eatre d\u2019une journ\u00e9e compl\u00e8te : nos th\u00e9rapeutes qualifi\u00e9s apportent le spa jusqu\u2019\u00e0 vous. Profitez d\u2019aromath\u00e9rapie, de s\u00e9ances de sauna ou de hammam, ainsi que de nombreux rituels de bien-\u00eatre, dans la plus grande intimit\u00e9 \u2013 une v\u00e9ritable retraite spa \u00e0 Mykonos.<\/p>\n<h3 data-start=\"2022\" data-end=\"2050\">Transport &amp; Transferts<\/h3>\n<p data-start=\"2051\" data-end=\"2458\">D\u00e9couvrez l\u2019\u00eele en toute s\u00e9r\u00e9nit\u00e9 gr\u00e2ce \u00e0 nos services de location de voitures et de chauffeur priv\u00e9. Nous proposons des v\u00e9hicules de luxe, transferts en limousine, et une prise en charge personnalis\u00e9e d\u00e8s votre arriv\u00e9e \u00e0 l\u2019a\u00e9roport ou \u00e0 votre villa. Que vous choisissiez de conduire vous-m\u00eame ou de voyager avec chauffeur, nous organisons chaque d\u00e9tail \u2013 des transferts aux circuits au coucher du soleil.<\/p>\n<h3 data-start=\"2460\" data-end=\"2496\">Services &amp; Commodit\u00e9s de Villa<\/h3>\n<p data-start=\"2497\" data-end=\"2956\">Profitez d\u2019un personnel disponible 24h\/24 et d\u2019un service h\u00f4telier complet. Entretien quotidien, blanchisserie et nettoyage \u00e0 sec, repassage et service de majordome garantissent une villa toujours impeccable. Nous proposons \u00e9galement des services suppl\u00e9mentaires tels que la livraison de courrier\/colis, m\u00e9decin sur appel, s\u00e9curit\u00e9 priv\u00e9e, mais aussi des attentions particuli\u00e8res comme des compositions florales, des r\u00e9servations d\u2019\u00e9v\u00e9nements ou de billets.<\/p>\n<h5 data-start=\"2958\" data-end=\"3154\">Chaque service \u00e0 <strong data-start=\"17\" data-end=\"39\">Manu Mykonos Villa<\/strong> est assur\u00e9 avec une <strong data-start=\"60\" data-end=\"87\">attention personnalis\u00e9e<\/strong> et des <strong data-start=\"95\" data-end=\"116\">touches luxueuses<\/strong> qui refl\u00e8tent l\u2019\u00e2me unique de cette demeure d\u2019exception. Chaque d\u00e9tail, du d\u00e9cor \u00e9l\u00e9gant aux prestations sur mesure, est soigneusement pens\u00e9 pour offrir une <strong data-start=\"274\" data-end=\"329\">exp\u00e9rience de vacances inoubliable et haut de gamme<\/strong>, o\u00f9 confort absolu et raffinement s\u2019unissent dans une parfaite harmonie.<\/h5>\n<p>[\/vc_column_text][vc_empty_space height2=&#8221;0px&#8221;][\/vc_column][vc_column width=&#8221;1\/3&#8243;][\/vc_column][\/vc_row]<\/p>","protected":false},"excerpt":{"rendered":"<p>[vc_row full_width=&#8221;stretch_row_content&#8221; gap=&#8221;&#8221; parallax=&#8221;content-moving&#8221; parallax_image=&#8221;3603&#8243; overlay_color=&#8221;rgba(0,0,0,0.5)&#8221; text_color=&#8221;#ffffff&#8221; css=&#8221;.vc_custom_1759474774411{padding-top: 180px !important;padding-bottom: 180px !important;}&#8221;][vc_column][\/vc_column][\/vc_row][vc_row full_width=&#8221;stretch_row_content&#8221; gap=&#8221;&#8221; equal_height=&#8221;yes&#8221; content_placement=&#8221;middle&#8221; overlay_color=&#8221;rgba(255,255,255,0.71)&#8221; css=&#8221;.vc_custom_1759475318126{background-position: center !important;background-repeat: no-repeat !important;background-size: cover !important;}&#8221;][vc_column width=&#8221;2\/3&#8243;][vc_empty_space height=&#8221;64px&#8221; height2=&#8221;32px&#8221;][vc_column_text css=&#8221;.vc_custom_1759474843188{padding-left: 20px !important;}&#8221;] Notre priorit\u00e9 absolue est de veiller \u00e0 ce que chaque s\u00e9jour dans en Manu Mykonos Villa soit non seulement fluide et reposant, mais aussi v\u00e9ritablement[&#8230;] <a href=\"https:\/\/mmvilla.com\/fr\/manu-mykonos-villa-services-5-etoiles\/\" class=\"more-link\">Continue reading<\/a><\/p>\n","protected":false},"author":2,"featured_media":0,"parent":0,"menu_order":0,"comment_status":"closed","ping_status":"closed","template":"","meta":{"footnotes":""},"class_list":["post-10534","page","type-page","status-publish","hentry"],"yoast_head":"<!-- This site is optimized with the Yoast SEO Premium plugin v23.5 (Yoast SEO v25.7) - https:\/\/yoast.com\/wordpress\/plugins\/seo\/ -->\n<title>D\u00e9couvrez Mykonos en version luxe<\/title>\n<meta name=\"description\" content=\"Vivez Mykonos dans toute sa splendeur : services 5 \u00e9toiles et adresses prestigieuses pour une exp\u00e9rience insulaire unique et m\u00e9morable\" \/>\n<meta name=\"robots\" content=\"index, follow, max-snippet:-1, max-image-preview:large, max-video-preview:-1\" \/>\n<link rel=\"canonical\" href=\"https:\/\/mmvilla.com\/fr\/manu-mykonos-villa-services-5-etoiles\/\" \/>\n<meta property=\"og:locale\" content=\"fr_FR\" \/>\n<meta property=\"og:type\" content=\"article\" \/>\n<meta property=\"og:title\" content=\"MANU MYKONOS VILLA Services\" \/>\n<meta property=\"og:description\" content=\"Vivez Mykonos dans toute sa splendeur : services 5 \u00e9toiles et adresses prestigieuses pour une exp\u00e9rience insulaire unique et m\u00e9morable\" \/>\n<meta property=\"og:url\" content=\"https:\/\/mmvilla.com\/fr\/manu-mykonos-villa-services-5-etoiles\/\" \/>\n<meta property=\"og:site_name\" content=\"Majestic Manu Mykonos \u2013 Private Villa, Premium Suites &amp; More\" \/>\n<meta property=\"article:publisher\" content=\"https:\/\/www.facebook.com\/p\/Quality-Brand-Villas-100039678235957\/\" \/>\n<meta property=\"article:modified_time\" content=\"2025-10-03T20:42:20+00:00\" \/>\n<meta name=\"twitter:card\" content=\"summary_large_image\" \/>\n<meta name=\"twitter:label1\" content=\"Dur\u00e9e de lecture estim\u00e9e\" \/>\n\t<meta name=\"twitter:data1\" content=\"4 minutes\" \/>\n<script type=\"application\/ld+json\" class=\"yoast-schema-graph\">{\"@context\":\"https:\/\/schema.org\",\"@graph\":[{\"@type\":\"WebPage\",\"@id\":\"https:\/\/mmvilla.com\/fr\/manu-mykonos-villa-services-5-etoiles\/\",\"url\":\"https:\/\/mmvilla.com\/fr\/manu-mykonos-villa-services-5-etoiles\/\",\"name\":\"D\u00e9couvrez Mykonos en version luxe\",\"isPartOf\":{\"@id\":\"https:\/\/mmvilla.com\/#website\"},\"datePublished\":\"2025-06-06T12:13:36+00:00\",\"dateModified\":\"2025-10-03T20:42:20+00:00\",\"description\":\"Vivez Mykonos dans toute sa splendeur : services 5 \u00e9toiles et adresses prestigieuses pour une exp\u00e9rience insulaire unique et m\u00e9morable\",\"breadcrumb\":{\"@id\":\"https:\/\/mmvilla.com\/fr\/manu-mykonos-villa-services-5-etoiles\/#breadcrumb\"},\"inLanguage\":\"fr-FR\",\"potentialAction\":[{\"@type\":\"ReadAction\",\"target\":[\"https:\/\/mmvilla.com\/fr\/manu-mykonos-villa-services-5-etoiles\/\"]}]},{\"@type\":\"BreadcrumbList\",\"@id\":\"https:\/\/mmvilla.com\/fr\/manu-mykonos-villa-services-5-etoiles\/#breadcrumb\",\"itemListElement\":[{\"@type\":\"ListItem\",\"position\":1,\"name\":\"Home\",\"item\":\"https:\/\/mmvilla.com\/fr\/\"},{\"@type\":\"ListItem\",\"position\":2,\"name\":\"MANU MYKONOS VILLA Services\"}]},{\"@type\":\"WebSite\",\"@id\":\"https:\/\/mmvilla.com\/#website\",\"url\":\"https:\/\/mmvilla.com\/\",\"name\":\"Manu Mykonos Villa\",\"description\":\"Mykonos Luxury Living, Perfected by Majestic Manu\",\"publisher\":{\"@id\":\"https:\/\/mmvilla.com\/#organization\"},\"alternateName\":\"MMVILLA\",\"potentialAction\":[{\"@type\":\"SearchAction\",\"target\":{\"@type\":\"EntryPoint\",\"urlTemplate\":\"https:\/\/mmvilla.com\/?s={search_term_string}\"},\"query-input\":{\"@type\":\"PropertyValueSpecification\",\"valueRequired\":true,\"valueName\":\"search_term_string\"}}],\"inLanguage\":\"fr-FR\"},{\"@type\":\"Organization\",\"@id\":\"https:\/\/mmvilla.com\/#organization\",\"name\":\"QB Villas\",\"url\":\"https:\/\/mmvilla.com\/\",\"logo\":{\"@type\":\"ImageObject\",\"inLanguage\":\"fr-FR\",\"@id\":\"https:\/\/mmvilla.com\/#\/schema\/logo\/image\/\",\"url\":\"https:\/\/mmvilla.com\/wp-content\/uploads\/2018\/12\/QUALITY-BRAND-LOGO-KEM-QBVILLAS.png\",\"contentUrl\":\"https:\/\/mmvilla.com\/wp-content\/uploads\/2018\/12\/QUALITY-BRAND-LOGO-KEM-QBVILLAS.png\",\"width\":487,\"height\":500,\"caption\":\"QB Villas\"},\"image\":{\"@id\":\"https:\/\/mmvilla.com\/#\/schema\/logo\/image\/\"},\"sameAs\":[\"https:\/\/www.facebook.com\/p\/Quality-Brand-Villas-100039678235957\/\",\"https:\/\/www.instagram.com\/qualitybrandvillas\/\",\"https:\/\/www.linkedin.com\/company\/quality-brand-villas\"]}]}<\/script>\n<!-- \/ Yoast SEO Premium plugin. -->","yoast_head_json":{"title":"D\u00e9couvrez Mykonos en version luxe","description":"Vivez Mykonos dans toute sa splendeur : services 5 \u00e9toiles et adresses prestigieuses pour une exp\u00e9rience insulaire unique et m\u00e9morable","robots":{"index":"index","follow":"follow","max-snippet":"max-snippet:-1","max-image-preview":"max-image-preview:large","max-video-preview":"max-video-preview:-1"},"canonical":"https:\/\/mmvilla.com\/fr\/manu-mykonos-villa-services-5-etoiles\/","og_locale":"fr_FR","og_type":"article","og_title":"MANU MYKONOS VILLA Services","og_description":"Vivez Mykonos dans toute sa splendeur : services 5 \u00e9toiles et adresses prestigieuses pour une exp\u00e9rience insulaire unique et m\u00e9morable","og_url":"https:\/\/mmvilla.com\/fr\/manu-mykonos-villa-services-5-etoiles\/","og_site_name":"Majestic Manu Mykonos \u2013 Private Villa, Premium Suites &amp; More","article_publisher":"https:\/\/www.facebook.com\/p\/Quality-Brand-Villas-100039678235957\/","article_modified_time":"2025-10-03T20:42:20+00:00","twitter_card":"summary_large_image","twitter_misc":{"Dur\u00e9e de lecture estim\u00e9e":"4 minutes"},"schema":{"@context":"https:\/\/schema.org","@graph":[{"@type":"WebPage","@id":"https:\/\/mmvilla.com\/fr\/manu-mykonos-villa-services-5-etoiles\/","url":"https:\/\/mmvilla.com\/fr\/manu-mykonos-villa-services-5-etoiles\/","name":"D\u00e9couvrez Mykonos en version luxe","isPartOf":{"@id":"https:\/\/mmvilla.com\/#website"},"datePublished":"2025-06-06T12:13:36+00:00","dateModified":"2025-10-03T20:42:20+00:00","description":"Vivez Mykonos dans toute sa splendeur : services 5 \u00e9toiles et adresses prestigieuses pour une exp\u00e9rience insulaire unique et m\u00e9morable","breadcrumb":{"@id":"https:\/\/mmvilla.com\/fr\/manu-mykonos-villa-services-5-etoiles\/#breadcrumb"},"inLanguage":"fr-FR","potentialAction":[{"@type":"ReadAction","target":["https:\/\/mmvilla.com\/fr\/manu-mykonos-villa-services-5-etoiles\/"]}]},{"@type":"BreadcrumbList","@id":"https:\/\/mmvilla.com\/fr\/manu-mykonos-villa-services-5-etoiles\/#breadcrumb","itemListElement":[{"@type":"ListItem","position":1,"name":"Home","item":"https:\/\/mmvilla.com\/fr\/"},{"@type":"ListItem","position":2,"name":"MANU MYKONOS VILLA Services"}]},{"@type":"WebSite","@id":"https:\/\/mmvilla.com\/#website","url":"https:\/\/mmvilla.com\/","name":"Manu Mykonos Villa","description":"Mykonos Luxury Living, Perfected by Majestic Manu","publisher":{"@id":"https:\/\/mmvilla.com\/#organization"},"alternateName":"MMVILLA","potentialAction":[{"@type":"SearchAction","target":{"@type":"EntryPoint","urlTemplate":"https:\/\/mmvilla.com\/?s={search_term_string}"},"query-input":{"@type":"PropertyValueSpecification","valueRequired":true,"valueName":"search_term_string"}}],"inLanguage":"fr-FR"},{"@type":"Organization","@id":"https:\/\/mmvilla.com\/#organization","name":"QB Villas","url":"https:\/\/mmvilla.com\/","logo":{"@type":"ImageObject","inLanguage":"fr-FR","@id":"https:\/\/mmvilla.com\/#\/schema\/logo\/image\/","url":"https:\/\/mmvilla.com\/wp-content\/uploads\/2018\/12\/QUALITY-BRAND-LOGO-KEM-QBVILLAS.png","contentUrl":"https:\/\/mmvilla.com\/wp-content\/uploads\/2018\/12\/QUALITY-BRAND-LOGO-KEM-QBVILLAS.png","width":487,"height":500,"caption":"QB Villas"},"image":{"@id":"https:\/\/mmvilla.com\/#\/schema\/logo\/image\/"},"sameAs":["https:\/\/www.facebook.com\/p\/Quality-Brand-Villas-100039678235957\/","https:\/\/www.instagram.com\/qualitybrandvillas\/","https:\/\/www.linkedin.com\/company\/quality-brand-villas"]}]}},"_links":{"self":[{"href":"https:\/\/mmvilla.com\/fr\/wp-json\/wp\/v2\/pages\/10534","targetHints":{"allow":["GET"]}}],"collection":[{"href":"https:\/\/mmvilla.com\/fr\/wp-json\/wp\/v2\/pages"}],"about":[{"href":"https:\/\/mmvilla.com\/fr\/wp-json\/wp\/v2\/types\/page"}],"author":[{"embeddable":true,"href":"https:\/\/mmvilla.com\/fr\/wp-json\/wp\/v2\/users\/2"}],"replies":[{"embeddable":true,"href":"https:\/\/mmvilla.com\/fr\/wp-json\/wp\/v2\/comments?post=10534"}],"version-history":[{"count":20,"href":"https:\/\/mmvilla.com\/fr\/wp-json\/wp\/v2\/pages\/10534\/revisions"}],"predecessor-version":[{"id":13792,"href":"https:\/\/mmvilla.com\/fr\/wp-json\/wp\/v2\/pages\/10534\/revisions\/13792"}],"wp:attachment":[{"href":"https:\/\/mmvilla.com\/fr\/wp-json\/wp\/v2\/media?parent=10534"}],"curies":[{"name":"wp","href":"https:\/\/api.w.org\/{rel}","templated":true}]}}