{"id":10548,"date":"2018-12-17T13:52:42","date_gmt":"2018-12-17T13:52:42","guid":{"rendered":"https:\/\/mmvilla.com\/manu-mykonos-villa-contact\/"},"modified":"2025-10-10T15:00:06","modified_gmt":"2025-10-10T12:00:06","slug":"manu-mykonos-villa-contact","status":"publish","type":"page","link":"https:\/\/mmvilla.com\/fr\/manu-mykonos-villa-contact\/","title":{"rendered":"MANU MYKONOS VILLA Contact"},"content":{"rendered":"<p>[vc_row gap=&#8221;&#8221; css=&#8221;.vc_custom_1760097201482{padding-top: 160px !important;}&#8221;][vc_column]<div class=\"heading-with-separator text-center id_169e096535d306159956658   \"><div class=\"header-content\">\n\t\t\t<p class=\"h-subheading\"><\/p>\n\t\t\t<h3 class=\"heading  \" style=\"color: #000000; letter-spacing: 0px; \">Nous serons ravis de vous aider \u00e0 concevoir votre escapade id\u00e9ale \u00e0 Mykonos.<\/h3><\/div><\/div><div class=\"custom-styles\" data-styles=\".id_169e096535d306159956658 .heading-decorator-1:before, .id_169e096535d306159956658 .heading-decorator-1:after { border-color: }\"><\/div><div class=\"heading-with-separator text-center id_169e096535d36e701014487   \"><div class=\"header-content\">\n\t\t\t<p class=\"h-subheading\"><\/p>\n\t\t\t<h6 class=\"heading  \" style=\"color: #000000; letter-spacing: 0px; \">Pour toute r\u00e9servation, offre exclusive ou service sur mesure, veuillez nous contacter via le formulaire ci-dessous, ou en utilisant les coordonn\u00e9es figurant au bas de la page.<br \/>\nNous r\u00e9pondons \u00e0 toutes les demandes dans un d\u00e9lai de 24 heures \u2014 pour toute requ\u00eate urgente, le moyen le plus rapide de nous joindre est WhatsApp.<\/h6><\/div><\/div><div class=\"custom-styles\" data-styles=\".id_169e096535d36e701014487 .heading-decorator-1:before, .id_169e096535d36e701014487 .heading-decorator-1:after { border-color: }\"><\/div>[vc_empty_space height2=&#8221;0px&#8221;][\/vc_column][\/vc_row][vc_row full_width=&#8221;stretch_row&#8221; gap=&#8221;&#8221; equal_height=&#8221;yes&#8221; content_placement=&#8221;middle&#8221;][vc_column css=&#8221;.vc_custom_1746866000932{padding-top: 0px !important;}&#8221;][vc_raw_html]JTNDc2NyaXB0JTIwc3JjJTNEJTIyaHR0cHMlM0ElMkYlMkZzdGF0aWMuZWxmc2lnaHQuY29tJTJGcGxhdGZvcm0lMkZwbGF0Zm9ybS5qcyUyMiUyMGRhdGEtdXNlLXNlcnZpY2UtY29yZSUyMGRlZmVyJTNFJTNDJTJGc2NyaXB0JTNFJTBBJTNDZGl2JTIwY2xhc3MlM0QlMjJlbGZzaWdodC1hcHAtYjBiYzEyNmYtOTU3Mi00NGMzLTlkOTctOTZiM2Y5NTIzNTVjJTIyJTIwZGF0YS1lbGZzaWdodC1hcHAtbGF6eSUzRSUzQyUyRmRpdiUzRQ==[\/vc_raw_html][\/vc_column][\/vc_row][vc_row gap=&#8221;&#8221; css=&#8221;.vc_custom_1760097267846{padding-bottom: 40px !important;}&#8221;][vc_column][vc_empty_space height=&#8221;20px&#8221; height2=&#8221;0px&#8221;]<div class=\"heading-with-separator text-center id_169e096535d3bd1643932192   \"><div class=\"header-content\">\n\t\t\t<p class=\"h-subheading\"><\/p>\n\t\t\t<h5 class=\"heading  \" style=\"color: #000000; letter-spacing: 0px; \">En r\u00e9servant directement sur notre site officiel, vous b\u00e9n\u00e9ficiez de la meilleure offre disponible et d\u2019une exp\u00e9rience v\u00e9ritablement personnalis\u00e9e.<\/h5><\/div><\/div><div class=\"custom-styles\" data-styles=\".id_169e096535d3bd1643932192 .heading-decorator-1:before, .id_169e096535d3bd1643932192 .heading-decorator-1:after { border-color: }\"><\/div>[vc_empty_space height=&#8221;20px&#8221;]<div class=\"btn-wrapper text-center id_169e096535d3fe197197086   icon-left \" ><a href=\"https:\/\/mmvilla.com\/fr\/manu-mykonos-villa-reserver-en-ligne\/\" target='_blank' class=\"btn btn-lg btn-dark btn-outline\" data-btn-text=\"R\u00e9servez votre s\u00e9jour\">R\u00e9servez votre s\u00e9jour<\/a><\/div>[vc_empty_space height=&#8221;20px&#8221; height2=&#8221;0px&#8221;][\/vc_column][\/vc_row]<\/p>","protected":false},"excerpt":{"rendered":"<p>[vc_row gap=&#8221;&#8221; css=&#8221;.vc_custom_1760097201482{padding-top: 160px !important;}&#8221;][vc_column][vc_empty_space height2=&#8221;0px&#8221;][\/vc_column][\/vc_row][vc_row full_width=&#8221;stretch_row&#8221; gap=&#8221;&#8221; equal_height=&#8221;yes&#8221; content_placement=&#8221;middle&#8221;][vc_column css=&#8221;.vc_custom_1746866000932{padding-top: 0px !important;}&#8221;][vc_raw_html]JTNDc2NyaXB0JTIwc3JjJTNEJTIyaHR0cHMlM0ElMkYlMkZzdGF0aWMuZWxmc2lnaHQuY29tJTJGcGxhdGZvcm0lMkZwbGF0Zm9ybS5qcyUyMiUyMGRhdGEtdXNlLXNlcnZpY2UtY29yZSUyMGRlZmVyJTNFJTNDJTJGc2NyaXB0JTNFJTBBJTNDZGl2JTIwY2xhc3MlM0QlMjJlbGZzaWdodC1hcHAtYjBiYzEyNmYtOTU3Mi00NGMzLTlkOTctOTZiM2Y5NTIzNTVjJTIyJTIwZGF0YS1lbGZzaWdodC1hcHAtbGF6eSUzRSUzQyUyRmRpdiUzRQ==[\/vc_raw_html][\/vc_column][\/vc_row][vc_row gap=&#8221;&#8221; css=&#8221;.vc_custom_1760097267846{padding-bottom: 40px !important;}&#8221;][vc_column][vc_empty_space height=&#8221;20px&#8221; height2=&#8221;0px&#8221;][vc_empty_space height=&#8221;20px&#8221;][vc_empty_space height=&#8221;20px&#8221; height2=&#8221;0px&#8221;][\/vc_column][\/vc_row]<\/p>\n","protected":false},"author":2,"featured_media":0,"parent":0,"menu_order":0,"comment_status":"closed","ping_status":"closed","template":"","meta":{"footnotes":""},"class_list":["post-10548","page","type-page","status-publish","hentry"],"yoast_head":"<!-- This site is optimized with the Yoast SEO Premium plugin v23.5 (Yoast SEO v25.7) - https:\/\/yoast.com\/wordpress\/plugins\/seo\/ -->\n<title>Contact Manu Mykonos Villa<\/title>\n<meta name=\"description\" content=\"Contactez Manu Mykonos Villa pour r\u00e9servations, questions ou assistance. \u00c9crivez-nous ou appelez-nous, nous sommes \u00e0 votre \u00e9coute\" \/>\n<meta name=\"robots\" content=\"index, follow, max-snippet:-1, max-image-preview:large, max-video-preview:-1\" \/>\n<link rel=\"canonical\" href=\"https:\/\/mmvilla.com\/fr\/manu-mykonos-villa-contact\/\" \/>\n<meta property=\"og:locale\" content=\"fr_FR\" \/>\n<meta property=\"og:type\" content=\"article\" \/>\n<meta property=\"og:title\" content=\"MANU MYKONOS VILLA Contact\" \/>\n<meta property=\"og:description\" content=\"Contactez Manu Mykonos Villa pour r\u00e9servations, questions ou assistance. \u00c9crivez-nous ou appelez-nous, nous sommes \u00e0 votre \u00e9coute\" \/>\n<meta property=\"og:url\" content=\"https:\/\/mmvilla.com\/fr\/manu-mykonos-villa-contact\/\" \/>\n<meta property=\"og:site_name\" content=\"Majestic Manu Mykonos \u2013 Private Villa, Premium Suites &amp; More\" \/>\n<meta property=\"article:publisher\" content=\"https:\/\/www.facebook.com\/p\/Quality-Brand-Villas-100039678235957\/\" \/>\n<meta property=\"article:modified_time\" content=\"2025-10-10T12:00:06+00:00\" \/>\n<meta name=\"twitter:card\" content=\"summary_large_image\" \/>\n<meta name=\"twitter:label1\" content=\"Dur\u00e9e de lecture estim\u00e9e\" \/>\n\t<meta name=\"twitter:data1\" content=\"1 minute\" \/>\n<script type=\"application\/ld+json\" class=\"yoast-schema-graph\">{\"@context\":\"https:\/\/schema.org\",\"@graph\":[{\"@type\":\"WebPage\",\"@id\":\"https:\/\/mmvilla.com\/fr\/manu-mykonos-villa-contact\/\",\"url\":\"https:\/\/mmvilla.com\/fr\/manu-mykonos-villa-contact\/\",\"name\":\"Contact Manu Mykonos Villa\",\"isPartOf\":{\"@id\":\"https:\/\/mmvilla.com\/#website\"},\"datePublished\":\"2018-12-17T13:52:42+00:00\",\"dateModified\":\"2025-10-10T12:00:06+00:00\",\"description\":\"Contactez Manu Mykonos Villa pour r\u00e9servations, questions ou assistance. \u00c9crivez-nous ou appelez-nous, nous sommes \u00e0 votre \u00e9coute\",\"breadcrumb\":{\"@id\":\"https:\/\/mmvilla.com\/fr\/manu-mykonos-villa-contact\/#breadcrumb\"},\"inLanguage\":\"fr-FR\",\"potentialAction\":[{\"@type\":\"ReadAction\",\"target\":[\"https:\/\/mmvilla.com\/fr\/manu-mykonos-villa-contact\/\"]}]},{\"@type\":\"BreadcrumbList\",\"@id\":\"https:\/\/mmvilla.com\/fr\/manu-mykonos-villa-contact\/#breadcrumb\",\"itemListElement\":[{\"@type\":\"ListItem\",\"position\":1,\"name\":\"Home\",\"item\":\"https:\/\/mmvilla.com\/fr\/\"},{\"@type\":\"ListItem\",\"position\":2,\"name\":\"MANU MYKONOS VILLA Contact\"}]},{\"@type\":\"WebSite\",\"@id\":\"https:\/\/mmvilla.com\/#website\",\"url\":\"https:\/\/mmvilla.com\/\",\"name\":\"Manu Mykonos Villa\",\"description\":\"Mykonos Luxury Living, Perfected by Majestic Manu\",\"publisher\":{\"@id\":\"https:\/\/mmvilla.com\/#organization\"},\"alternateName\":\"MMVILLA\",\"potentialAction\":[{\"@type\":\"SearchAction\",\"target\":{\"@type\":\"EntryPoint\",\"urlTemplate\":\"https:\/\/mmvilla.com\/?s={search_term_string}\"},\"query-input\":{\"@type\":\"PropertyValueSpecification\",\"valueRequired\":true,\"valueName\":\"search_term_string\"}}],\"inLanguage\":\"fr-FR\"},{\"@type\":\"Organization\",\"@id\":\"https:\/\/mmvilla.com\/#organization\",\"name\":\"QB Villas\",\"url\":\"https:\/\/mmvilla.com\/\",\"logo\":{\"@type\":\"ImageObject\",\"inLanguage\":\"fr-FR\",\"@id\":\"https:\/\/mmvilla.com\/#\/schema\/logo\/image\/\",\"url\":\"https:\/\/mmvilla.com\/wp-content\/uploads\/2018\/12\/QUALITY-BRAND-LOGO-KEM-QBVILLAS.png\",\"contentUrl\":\"https:\/\/mmvilla.com\/wp-content\/uploads\/2018\/12\/QUALITY-BRAND-LOGO-KEM-QBVILLAS.png\",\"width\":487,\"height\":500,\"caption\":\"QB Villas\"},\"image\":{\"@id\":\"https:\/\/mmvilla.com\/#\/schema\/logo\/image\/\"},\"sameAs\":[\"https:\/\/www.facebook.com\/p\/Quality-Brand-Villas-100039678235957\/\",\"https:\/\/www.instagram.com\/qualitybrandvillas\/\",\"https:\/\/www.linkedin.com\/company\/quality-brand-villas\"]}]}<\/script>\n<!-- \/ Yoast SEO Premium plugin. -->","yoast_head_json":{"title":"Contact Manu Mykonos Villa","description":"Contactez Manu Mykonos Villa pour r\u00e9servations, questions ou assistance. \u00c9crivez-nous ou appelez-nous, nous sommes \u00e0 votre \u00e9coute","robots":{"index":"index","follow":"follow","max-snippet":"max-snippet:-1","max-image-preview":"max-image-preview:large","max-video-preview":"max-video-preview:-1"},"canonical":"https:\/\/mmvilla.com\/fr\/manu-mykonos-villa-contact\/","og_locale":"fr_FR","og_type":"article","og_title":"MANU MYKONOS VILLA Contact","og_description":"Contactez Manu Mykonos Villa pour r\u00e9servations, questions ou assistance. \u00c9crivez-nous ou appelez-nous, nous sommes \u00e0 votre \u00e9coute","og_url":"https:\/\/mmvilla.com\/fr\/manu-mykonos-villa-contact\/","og_site_name":"Majestic Manu Mykonos \u2013 Private Villa, Premium Suites &amp; More","article_publisher":"https:\/\/www.facebook.com\/p\/Quality-Brand-Villas-100039678235957\/","article_modified_time":"2025-10-10T12:00:06+00:00","twitter_card":"summary_large_image","twitter_misc":{"Dur\u00e9e de lecture estim\u00e9e":"1 minute"},"schema":{"@context":"https:\/\/schema.org","@graph":[{"@type":"WebPage","@id":"https:\/\/mmvilla.com\/fr\/manu-mykonos-villa-contact\/","url":"https:\/\/mmvilla.com\/fr\/manu-mykonos-villa-contact\/","name":"Contact Manu Mykonos Villa","isPartOf":{"@id":"https:\/\/mmvilla.com\/#website"},"datePublished":"2018-12-17T13:52:42+00:00","dateModified":"2025-10-10T12:00:06+00:00","description":"Contactez Manu Mykonos Villa pour r\u00e9servations, questions ou assistance. \u00c9crivez-nous ou appelez-nous, nous sommes \u00e0 votre \u00e9coute","breadcrumb":{"@id":"https:\/\/mmvilla.com\/fr\/manu-mykonos-villa-contact\/#breadcrumb"},"inLanguage":"fr-FR","potentialAction":[{"@type":"ReadAction","target":["https:\/\/mmvilla.com\/fr\/manu-mykonos-villa-contact\/"]}]},{"@type":"BreadcrumbList","@id":"https:\/\/mmvilla.com\/fr\/manu-mykonos-villa-contact\/#breadcrumb","itemListElement":[{"@type":"ListItem","position":1,"name":"Home","item":"https:\/\/mmvilla.com\/fr\/"},{"@type":"ListItem","position":2,"name":"MANU MYKONOS VILLA Contact"}]},{"@type":"WebSite","@id":"https:\/\/mmvilla.com\/#website","url":"https:\/\/mmvilla.com\/","name":"Manu Mykonos Villa","description":"Mykonos Luxury Living, Perfected by Majestic Manu","publisher":{"@id":"https:\/\/mmvilla.com\/#organization"},"alternateName":"MMVILLA","potentialAction":[{"@type":"SearchAction","target":{"@type":"EntryPoint","urlTemplate":"https:\/\/mmvilla.com\/?s={search_term_string}"},"query-input":{"@type":"PropertyValueSpecification","valueRequired":true,"valueName":"search_term_string"}}],"inLanguage":"fr-FR"},{"@type":"Organization","@id":"https:\/\/mmvilla.com\/#organization","name":"QB Villas","url":"https:\/\/mmvilla.com\/","logo":{"@type":"ImageObject","inLanguage":"fr-FR","@id":"https:\/\/mmvilla.com\/#\/schema\/logo\/image\/","url":"https:\/\/mmvilla.com\/wp-content\/uploads\/2018\/12\/QUALITY-BRAND-LOGO-KEM-QBVILLAS.png","contentUrl":"https:\/\/mmvilla.com\/wp-content\/uploads\/2018\/12\/QUALITY-BRAND-LOGO-KEM-QBVILLAS.png","width":487,"height":500,"caption":"QB Villas"},"image":{"@id":"https:\/\/mmvilla.com\/#\/schema\/logo\/image\/"},"sameAs":["https:\/\/www.facebook.com\/p\/Quality-Brand-Villas-100039678235957\/","https:\/\/www.instagram.com\/qualitybrandvillas\/","https:\/\/www.linkedin.com\/company\/quality-brand-villas"]}]}},"_links":{"self":[{"href":"https:\/\/mmvilla.com\/fr\/wp-json\/wp\/v2\/pages\/10548","targetHints":{"allow":["GET"]}}],"collection":[{"href":"https:\/\/mmvilla.com\/fr\/wp-json\/wp\/v2\/pages"}],"about":[{"href":"https:\/\/mmvilla.com\/fr\/wp-json\/wp\/v2\/types\/page"}],"author":[{"embeddable":true,"href":"https:\/\/mmvilla.com\/fr\/wp-json\/wp\/v2\/users\/2"}],"replies":[{"embeddable":true,"href":"https:\/\/mmvilla.com\/fr\/wp-json\/wp\/v2\/comments?post=10548"}],"version-history":[{"count":17,"href":"https:\/\/mmvilla.com\/fr\/wp-json\/wp\/v2\/pages\/10548\/revisions"}],"predecessor-version":[{"id":14875,"href":"https:\/\/mmvilla.com\/fr\/wp-json\/wp\/v2\/pages\/10548\/revisions\/14875"}],"wp:attachment":[{"href":"https:\/\/mmvilla.com\/fr\/wp-json\/wp\/v2\/media?parent=10548"}],"curies":[{"name":"wp","href":"https:\/\/api.w.org\/{rel}","templated":true}]}}