{"id":11364,"date":"2024-10-21T21:00:29","date_gmt":"2024-10-21T18:00:29","guid":{"rendered":"https:\/\/mmvilla.com\/manu-mykonos-villa-chef-service\/"},"modified":"2025-10-03T20:19:48","modified_gmt":"2025-10-03T17:19:48","slug":"manu-mykonos-villa-chef-prive","status":"publish","type":"page","link":"https:\/\/mmvilla.com\/fr\/manu-mykonos-villa-chef-prive\/","title":{"rendered":"MANU MYKONOS VILLA chef service"},"content":{"rendered":"<p>[vc_row full_width=&#8221;stretch_row&#8221; gap=&#8221;&#8221; content_placement=&#8221;top&#8221; parallax=&#8221;content-moving&#8221; parallax_image=&#8221;3027&#8243; overlay_color=&#8221;rgba(0,0,0,0.6)&#8221; text_color=&#8221;#ffffff&#8221; css=&#8221;.vc_custom_1729536645979{padding-top: 240px !important;padding-bottom: 240px !important;}&#8221;][vc_column width=&#8221;1\/4&#8243;][\/vc_column][vc_column width=&#8221;3\/4&#8243;]<div class=\"heading-with-separator text-center id_169d4d3ad930ef1471415655   \"><div class=\"header-content\">\n\t\t\t<p class=\"h-subheading\">REJOIGNEZ LA DERNI\u00c8RE TENDANCE POUR VOS VACANCES<\/p>\n\t\t\t<h2 class=\"heading  heading-decorator-4\" style=\"; letter-spacing: 0px; \">Services de Chef Priv\u00e9 &amp; Traiteur<\/h2><\/div><\/div><div class=\"custom-styles\" data-styles=\".id_169d4d3ad930ef1471415655 .heading-decorator-1:before, .id_169d4d3ad930ef1471415655 .heading-decorator-1:after { border-color: }\"><\/div>[\/vc_column][\/vc_row][vc_row full_width=&#8221;stretch_row_content&#8221; gap=&#8221;&#8221; parallax_image=&#8221;8266&#8243; css=&#8221;.vc_custom_1729536757775{padding-top: 80px !important;padding-bottom: 80px !important;}&#8221;][vc_column width=&#8221;1\/12&#8243;][\/vc_column][vc_column width=&#8221;1\/3&#8243;][vc_column_text]<\/p>\n<h5>EN COLLABORATION AVEC QUALITY BRAND VILLAS<\/h5>\n<p>[\/vc_column_text][vc_single_image image=&#8221;8966&#8243; img_size=&#8221;150 x150&#8243; onclick=&#8221;custom_link&#8221; img_link_target=&#8221;_blank&#8221; link=&#8221;http:\/\/qbvillas.com&#8221;][\/vc_column][vc_column width=&#8221;1\/12&#8243;][\/vc_column][vc_column width=&#8221;1\/2&#8243;][vc_column_text]<\/p>\n<h5>CHEF PRIV\u00c9 &amp; PERSONNEL DE SERVICE SUR PLACE<br data-start=\"43\" data-end=\"46\" \/>EN COLLABORATION AVEC QUALITY BRAND VILLAS<\/h5>\n<p>[\/vc_column_text][vc_column_text]<\/p>\n<p data-start=\"0\" data-end=\"50\"><strong>REJOIGNEZ LA DERNI\u00c8RE TENDANCE POUR VOS VACANCES<\/strong><\/p>\n<p data-start=\"52\" data-end=\"295\" data-is-last-node=\"\" data-is-only-node=\"\">Service de cocktails et de boissons, cuisine locale et internationale, d\u00e9jeuner au bord de la piscine, g\u00e2teaux personnalis\u00e9s, formules repas comprenant petit-d\u00e9jeuner, d\u00e9jeuner et d\u00eener, ainsi que cours et d\u00e9monstrations de cuisine \u00e0 domicile.<\/p>\n<p>[\/vc_column_text][\/vc_column][\/vc_row][vc_row full_width=&#8221;stretch_row_content_no_spaces&#8221; gap=&#8221;&#8221; equal_height=&#8221;yes&#8221; content_placement=&#8221;middle&#8221; parallax_image=&#8221;8296&#8243; css=&#8221;.vc_custom_1729529859940{padding-top: 0px !important;padding-bottom: 0px !important;}&#8221;][vc_column parallax_image=&#8221;8266&#8243; width=&#8221;1\/3&#8243; css=&#8221;.vc_custom_1729533743331{background-color: #f5f5f5 !important;}&#8221; el_class=&#8221;z-index-up&#8221;][vc_empty_space height=&#8221;120px&#8221; height2=&#8221;0&#8243; css=&#8221;.vc_custom_1545314682944{padding-right: 40px !important;padding-left: 40px !important;}&#8221;]<div class=\"heading-with-separator text-center id_169d4d3ad93132813929385  vc_custom_1759511462100  offset-right-lg\"><div class=\"header-content\">\n\t\t\t<p class=\"h-subheading\"><\/p>\n\t\t\t<h3 class=\"heading  heading-decorator-1\" style=\"; letter-spacing: 0px; \">SANS CONTRAINTE, SANS NETTOYAGE APR\u00c8S<i><\/h3><\/div><\/div><div class=\"custom-styles\" data-styles=\".id_169d4d3ad93132813929385 .heading-decorator-1:before, .id_169d4d3ad93132813929385 .heading-decorator-1:after { border-color: #000000}\"><\/div>[vc_single_image image=&#8221;13702&#8243; img_size=&#8221;705 x 321&#8243; alignment=&#8221;center&#8221; el_class=&#8221;vc_hidden-md vc_hidden-lg&#8221;][vc_column_text css=&#8221;.vc_custom_1759511804418{padding-right: 40px !important;padding-bottom: 60px !important;padding-left: 40px !important;background-color: #ffffff !important;}&#8221; el_class=&#8221;offset-right-lg&#8221;]<\/i><\/p>\n<p data-start=\"0\" data-end=\"45\"><strong>UNE EXP\u00c9RIENCE DIVINE AVEC VOTRE CHEF PRIV\u00c9<\/strong><\/p>\n<p data-start=\"47\" data-end=\"279\" data-is-last-node=\"\" data-is-only-node=\"\">Le chef \u00e9laborera le menu avec vous, en vous apportant inspiration et conseils.<br data-start=\"126\" data-end=\"129\" \/>Que vous souhaitiez un barbecue en famille, un brunch au champagne ou une soir\u00e9e sushi, notre \u00e9quipe veillera \u00e0 ce que tout soit <strong data-start=\"258\" data-end=\"278\">plus que parfait<\/strong><\/p>\n<p>[\/vc_column_text][vc_empty_space height=&#8221;120px&#8221; height2=&#8221;0&#8243;][\/vc_column][vc_column parallax=&#8221;content-moving&#8221; parallax_image=&#8221;3070&#8243; width=&#8221;2\/3&#8243; css=&#8221;.vc_custom_1729533048510{background-position: center !important;background-repeat: no-repeat !important;background-size: cover !important;}&#8221; el_class=&#8221;vc_hidden-xs vc_hidden-sm&#8221;][\/vc_column][\/vc_row][vc_row full_width=&#8221;stretch_row_content_no_spaces&#8221; gap=&#8221;&#8221; equal_height=&#8221;yes&#8221; content_placement=&#8221;middle&#8221;][vc_column parallax=&#8221;content-moving&#8221; parallax_image=&#8221;3027&#8243; width=&#8221;2\/3&#8243; css=&#8221;.vc_custom_1729533547222{background-position: center !important;background-repeat: no-repeat !important;background-size: cover !important;}&#8221; el_class=&#8221;vc_hidden-xs vc_hidden-sm&#8221;][\/vc_column][vc_column parallax_image=&#8221;8266&#8243; width=&#8221;1\/3&#8243; css=&#8221;.vc_custom_1729533764586{background-color: #f5f5f5 !important;}&#8221;][vc_empty_space height=&#8221;120px&#8221; height2=&#8221;0&#8243; css=&#8221;.vc_custom_1545314682944{padding-right: 40px !important;padding-left: 40px !important;}&#8221;]<div class=\"heading-with-separator text-center id_169d4d3ad931592008079232  vc_custom_1759511514168  offset-left-lg\"><div class=\"header-content\">\n\t\t\t<p class=\"h-subheading\"><\/p>\n\t\t\t<h3 class=\"heading  heading-decorator-1\" style=\"; letter-spacing: 0px; \">C\u00c9L\u00c9BRATIONS &amp; \u00c9V\u00c9NEMENTS PRIV\u00c9S<\/h3><\/div><\/div><div class=\"custom-styles\" data-styles=\".id_169d4d3ad931592008079232 .heading-decorator-1:before, .id_169d4d3ad931592008079232 .heading-decorator-1:after { border-color: #000000}\"><\/div>[vc_single_image image=&#8221;13687&#8243; img_size=&#8221;705 x 321&#8243; alignment=&#8221;center&#8221; el_class=&#8221;vc_hidden-md vc_hidden-lg&#8221;][vc_column_text css=&#8221;.vc_custom_1759511979584{padding-right: 40px !important;padding-bottom: 60px !important;padding-left: 40px !important;background-color: #ffffff !important;}&#8221; el_class=&#8221;offset-left-lg&#8221;]<\/p>\n<p style=\"text-align: left;\" data-start=\"0\" data-end=\"52\"><strong>D\u00c9COUVREZ DES SERVICES DE CHEF PRIV\u00c9 PERSONNALIS\u00c9S<\/strong><\/p>\n<p style=\"text-align: left;\" data-start=\"54\" data-end=\"453\" data-is-last-node=\"\" data-is-only-node=\"\">G\u00e2teaux sur mesure \u2013 D\u00e9coration de la villa \u2013 Mise en place de la table \u2013 Champagne frais pr\u00eat \u00e0 \u00eatre servi.<br data-start=\"162\" data-end=\"165\" \/>Le chef \u00e9laborera le menu avec vous, en vous offrant inspiration et conseils.<br data-start=\"242\" data-end=\"245\" \/>Nous nous occupons de chaque d\u00e9tail de vos vacances pour qu\u2019elles soient agr\u00e9ables et sans stress.<br data-start=\"343\" data-end=\"346\" \/>Profitez du confort et de l\u2019exclusivit\u00e9 de votre villa avec des services de chef enti\u00e8rement personnalis\u00e9s.<\/p>\n<p>[\/vc_column_text][vc_empty_space height=&#8221;120px&#8221; height2=&#8221;0&#8243;][\/vc_column][\/vc_row][vc_row full_width=&#8221;stretch_row_content_no_spaces&#8221; gap=&#8221;&#8221; equal_height=&#8221;yes&#8221; content_placement=&#8221;middle&#8221;][vc_column parallax_image=&#8221;8266&#8243; width=&#8221;1\/3&#8243; css=&#8221;.vc_custom_1729533784537{background-color: #f5f5f5 !important;}&#8221; el_class=&#8221;z-index-up&#8221;][vc_empty_space height=&#8221;120px&#8221; height2=&#8221;0&#8243; css=&#8221;.vc_custom_1545314682944{padding-right: 40px !important;padding-left: 40px !important;}&#8221;]<div class=\"heading-with-separator text-center id_169d4d3ad9317a1269072675  vc_custom_1759511575240  offset-right-lg\"><div class=\"header-content\">\n\t\t\t<p class=\"h-subheading\"><\/p>\n\t\t\t<h3 class=\"heading  heading-decorator-1\" style=\"; letter-spacing: 0px; \">VACANCES 5 \u00c9TOILES<br \/>\n&amp; SERVICE TRAITEUR \u00c0 DOMICILE !<\/h3><\/div><\/div><div class=\"custom-styles\" data-styles=\".id_169d4d3ad9317a1269072675 .heading-decorator-1:before, .id_169d4d3ad9317a1269072675 .heading-decorator-1:after { border-color: #000000}\"><\/div>[vc_single_image image=&#8221;13694&#8243; img_size=&#8221;705 x 321&#8243; alignment=&#8221;center&#8221; el_class=&#8221;vc_hidden-md vc_hidden-lg&#8221;][vc_column_text css=&#8221;.vc_custom_1759511869383{padding-right: 40px !important;padding-bottom: 60px !important;padding-left: 40px !important;background-color: #ffffff !important;}&#8221; el_class=&#8221;offset-right-lg&#8221;]<\/p>\n<p data-start=\"0\" data-end=\"29\"><strong>SIMPLE, ADAPT\u00c9 \u00c0 VOS ENVIES<\/strong><\/p>\n<p data-start=\"31\" data-end=\"292\" data-is-last-node=\"\" data-is-only-node=\"\">Nous collaborons avec une s\u00e9lection de traiteurs sp\u00e9cialis\u00e9s dans une cuisine fra\u00eeche, savoureuse et au meilleur rapport qualit\u00e9-prix.<br data-start=\"165\" data-end=\"168\" \/>Choisissez parmi nos menus pr\u00e9\u00e9tablis ou cr\u00e9ez le v\u00f4tre, qu\u2019il soit \u00e9l\u00e9gant, d\u00e9contract\u00e9 ou extravagant, selon vos souhaits.<\/p>\n<p>[\/vc_column_text][vc_empty_space height=&#8221;120px&#8221; height2=&#8221;0&#8243;][\/vc_column][vc_column parallax=&#8221;content-moving&#8221; parallax_image=&#8221;3028&#8243; width=&#8221;2\/3&#8243; css=&#8221;.vc_custom_1729533586213{background-position: center !important;background-repeat: no-repeat !important;background-size: cover !important;}&#8221; el_class=&#8221;vc_hidden-xs vc_hidden-sm&#8221;][\/vc_column][\/vc_row]<\/p>","protected":false},"excerpt":{"rendered":"<p>[vc_row full_width=&#8221;stretch_row&#8221; gap=&#8221;&#8221; content_placement=&#8221;top&#8221; parallax=&#8221;content-moving&#8221; parallax_image=&#8221;3027&#8243; overlay_color=&#8221;rgba(0,0,0,0.6)&#8221; text_color=&#8221;#ffffff&#8221; css=&#8221;.vc_custom_1729536645979{padding-top: 240px !important;padding-bottom: 240px !important;}&#8221;][vc_column width=&#8221;1\/4&#8243;][\/vc_column][vc_column width=&#8221;3\/4&#8243;][\/vc_column][\/vc_row][vc_row full_width=&#8221;stretch_row_content&#8221; gap=&#8221;&#8221; parallax_image=&#8221;8266&#8243; css=&#8221;.vc_custom_1729536757775{padding-top: 80px !important;padding-bottom: 80px !important;}&#8221;][vc_column width=&#8221;1\/12&#8243;][\/vc_column][vc_column width=&#8221;1\/3&#8243;][vc_column_text] EN COLLABORATION AVEC QUALITY BRAND VILLAS [\/vc_column_text][vc_single_image image=&#8221;8966&#8243; img_size=&#8221;150 x150&#8243; onclick=&#8221;custom_link&#8221; img_link_target=&#8221;_blank&#8221; link=&#8221;http:\/\/qbvillas.com&#8221;][\/vc_column][vc_column width=&#8221;1\/12&#8243;][\/vc_column][vc_column width=&#8221;1\/2&#8243;][vc_column_text] CHEF PRIV\u00c9 &amp; PERSONNEL DE SERVICE SUR PLACEEN COLLABORATION AVEC QUALITY BRAND VILLAS [\/vc_column_text][vc_column_text] REJOIGNEZ[&#8230;] <a href=\"https:\/\/mmvilla.com\/fr\/manu-mykonos-villa-chef-prive\/\" class=\"more-link\">Continue reading<\/a><\/p>\n","protected":false},"author":2,"featured_media":0,"parent":0,"menu_order":0,"comment_status":"closed","ping_status":"closed","template":"","meta":{"footnotes":""},"class_list":["post-11364","page","type-page","status-publish","hentry"],"yoast_head":"<!-- This site is optimized with the Yoast SEO Premium plugin v23.5 (Yoast SEO v25.7) - https:\/\/yoast.com\/wordpress\/plugins\/seo\/ -->\n<title>Service Traiteur &amp; Chef Priv\u00e9 \u00e0 Mykonos \u2013 Villa Manu<\/title>\n<meta name=\"description\" content=\"R\u00e9servez un service de chef priv\u00e9 \u00e0 Mykonos : menus personnalis\u00e9s, service complet, ambiance villa, exp\u00e9rience vacances 5 \u00e9toiles\" \/>\n<meta name=\"robots\" content=\"index, follow, max-snippet:-1, max-image-preview:large, max-video-preview:-1\" \/>\n<link rel=\"canonical\" href=\"https:\/\/mmvilla.com\/fr\/manu-mykonos-villa-chef-prive\/\" \/>\n<meta property=\"og:locale\" content=\"fr_FR\" \/>\n<meta property=\"og:type\" content=\"article\" \/>\n<meta property=\"og:title\" content=\"MANU MYKONOS VILLA chef service\" \/>\n<meta property=\"og:description\" content=\"R\u00e9servez un service de chef priv\u00e9 \u00e0 Mykonos : menus personnalis\u00e9s, service complet, ambiance villa, exp\u00e9rience vacances 5 \u00e9toiles\" \/>\n<meta property=\"og:url\" content=\"https:\/\/mmvilla.com\/fr\/manu-mykonos-villa-chef-prive\/\" \/>\n<meta property=\"og:site_name\" content=\"Majestic Manu Mykonos \u2013 Private Villa, Premium Suites &amp; More\" \/>\n<meta property=\"article:publisher\" content=\"https:\/\/www.facebook.com\/p\/Quality-Brand-Villas-100039678235957\/\" \/>\n<meta property=\"article:modified_time\" content=\"2025-10-03T17:19:48+00:00\" \/>\n<meta name=\"twitter:card\" content=\"summary_large_image\" \/>\n<meta name=\"twitter:label1\" content=\"Dur\u00e9e de lecture estim\u00e9e\" \/>\n\t<meta name=\"twitter:data1\" content=\"3 minutes\" \/>\n<script type=\"application\/ld+json\" class=\"yoast-schema-graph\">{\"@context\":\"https:\/\/schema.org\",\"@graph\":[{\"@type\":\"WebPage\",\"@id\":\"https:\/\/mmvilla.com\/fr\/manu-mykonos-villa-chef-prive\/\",\"url\":\"https:\/\/mmvilla.com\/fr\/manu-mykonos-villa-chef-prive\/\",\"name\":\"Service Traiteur & Chef Priv\u00e9 \u00e0 Mykonos \u2013 Villa Manu\",\"isPartOf\":{\"@id\":\"https:\/\/mmvilla.com\/#website\"},\"datePublished\":\"2024-10-21T18:00:29+00:00\",\"dateModified\":\"2025-10-03T17:19:48+00:00\",\"description\":\"R\u00e9servez un service de chef priv\u00e9 \u00e0 Mykonos : menus personnalis\u00e9s, service complet, ambiance villa, exp\u00e9rience vacances 5 \u00e9toiles\",\"breadcrumb\":{\"@id\":\"https:\/\/mmvilla.com\/fr\/manu-mykonos-villa-chef-prive\/#breadcrumb\"},\"inLanguage\":\"fr-FR\",\"potentialAction\":[{\"@type\":\"ReadAction\",\"target\":[\"https:\/\/mmvilla.com\/fr\/manu-mykonos-villa-chef-prive\/\"]}]},{\"@type\":\"BreadcrumbList\",\"@id\":\"https:\/\/mmvilla.com\/fr\/manu-mykonos-villa-chef-prive\/#breadcrumb\",\"itemListElement\":[{\"@type\":\"ListItem\",\"position\":1,\"name\":\"Home\",\"item\":\"https:\/\/mmvilla.com\/fr\/\"},{\"@type\":\"ListItem\",\"position\":2,\"name\":\"MANU MYKONOS VILLA chef service\"}]},{\"@type\":\"WebSite\",\"@id\":\"https:\/\/mmvilla.com\/#website\",\"url\":\"https:\/\/mmvilla.com\/\",\"name\":\"Manu Mykonos Villa\",\"description\":\"Mykonos Luxury Living, Perfected by Majestic Manu\",\"publisher\":{\"@id\":\"https:\/\/mmvilla.com\/#organization\"},\"alternateName\":\"MMVILLA\",\"potentialAction\":[{\"@type\":\"SearchAction\",\"target\":{\"@type\":\"EntryPoint\",\"urlTemplate\":\"https:\/\/mmvilla.com\/?s={search_term_string}\"},\"query-input\":{\"@type\":\"PropertyValueSpecification\",\"valueRequired\":true,\"valueName\":\"search_term_string\"}}],\"inLanguage\":\"fr-FR\"},{\"@type\":\"Organization\",\"@id\":\"https:\/\/mmvilla.com\/#organization\",\"name\":\"QB Villas\",\"url\":\"https:\/\/mmvilla.com\/\",\"logo\":{\"@type\":\"ImageObject\",\"inLanguage\":\"fr-FR\",\"@id\":\"https:\/\/mmvilla.com\/#\/schema\/logo\/image\/\",\"url\":\"https:\/\/mmvilla.com\/wp-content\/uploads\/2018\/12\/QUALITY-BRAND-LOGO-KEM-QBVILLAS.png\",\"contentUrl\":\"https:\/\/mmvilla.com\/wp-content\/uploads\/2018\/12\/QUALITY-BRAND-LOGO-KEM-QBVILLAS.png\",\"width\":487,\"height\":500,\"caption\":\"QB Villas\"},\"image\":{\"@id\":\"https:\/\/mmvilla.com\/#\/schema\/logo\/image\/\"},\"sameAs\":[\"https:\/\/www.facebook.com\/p\/Quality-Brand-Villas-100039678235957\/\",\"https:\/\/www.instagram.com\/qualitybrandvillas\/\",\"https:\/\/www.linkedin.com\/company\/quality-brand-villas\"]}]}<\/script>\n<!-- \/ Yoast SEO Premium plugin. -->","yoast_head_json":{"title":"Service Traiteur & Chef Priv\u00e9 \u00e0 Mykonos \u2013 Villa Manu","description":"R\u00e9servez un service de chef priv\u00e9 \u00e0 Mykonos : menus personnalis\u00e9s, service complet, ambiance villa, exp\u00e9rience vacances 5 \u00e9toiles","robots":{"index":"index","follow":"follow","max-snippet":"max-snippet:-1","max-image-preview":"max-image-preview:large","max-video-preview":"max-video-preview:-1"},"canonical":"https:\/\/mmvilla.com\/fr\/manu-mykonos-villa-chef-prive\/","og_locale":"fr_FR","og_type":"article","og_title":"MANU MYKONOS VILLA chef service","og_description":"R\u00e9servez un service de chef priv\u00e9 \u00e0 Mykonos : menus personnalis\u00e9s, service complet, ambiance villa, exp\u00e9rience vacances 5 \u00e9toiles","og_url":"https:\/\/mmvilla.com\/fr\/manu-mykonos-villa-chef-prive\/","og_site_name":"Majestic Manu Mykonos \u2013 Private Villa, Premium Suites &amp; More","article_publisher":"https:\/\/www.facebook.com\/p\/Quality-Brand-Villas-100039678235957\/","article_modified_time":"2025-10-03T17:19:48+00:00","twitter_card":"summary_large_image","twitter_misc":{"Dur\u00e9e de lecture estim\u00e9e":"3 minutes"},"schema":{"@context":"https:\/\/schema.org","@graph":[{"@type":"WebPage","@id":"https:\/\/mmvilla.com\/fr\/manu-mykonos-villa-chef-prive\/","url":"https:\/\/mmvilla.com\/fr\/manu-mykonos-villa-chef-prive\/","name":"Service Traiteur & Chef Priv\u00e9 \u00e0 Mykonos \u2013 Villa Manu","isPartOf":{"@id":"https:\/\/mmvilla.com\/#website"},"datePublished":"2024-10-21T18:00:29+00:00","dateModified":"2025-10-03T17:19:48+00:00","description":"R\u00e9servez un service de chef priv\u00e9 \u00e0 Mykonos : menus personnalis\u00e9s, service complet, ambiance villa, exp\u00e9rience vacances 5 \u00e9toiles","breadcrumb":{"@id":"https:\/\/mmvilla.com\/fr\/manu-mykonos-villa-chef-prive\/#breadcrumb"},"inLanguage":"fr-FR","potentialAction":[{"@type":"ReadAction","target":["https:\/\/mmvilla.com\/fr\/manu-mykonos-villa-chef-prive\/"]}]},{"@type":"BreadcrumbList","@id":"https:\/\/mmvilla.com\/fr\/manu-mykonos-villa-chef-prive\/#breadcrumb","itemListElement":[{"@type":"ListItem","position":1,"name":"Home","item":"https:\/\/mmvilla.com\/fr\/"},{"@type":"ListItem","position":2,"name":"MANU MYKONOS VILLA chef service"}]},{"@type":"WebSite","@id":"https:\/\/mmvilla.com\/#website","url":"https:\/\/mmvilla.com\/","name":"Manu Mykonos Villa","description":"Mykonos Luxury Living, Perfected by Majestic Manu","publisher":{"@id":"https:\/\/mmvilla.com\/#organization"},"alternateName":"MMVILLA","potentialAction":[{"@type":"SearchAction","target":{"@type":"EntryPoint","urlTemplate":"https:\/\/mmvilla.com\/?s={search_term_string}"},"query-input":{"@type":"PropertyValueSpecification","valueRequired":true,"valueName":"search_term_string"}}],"inLanguage":"fr-FR"},{"@type":"Organization","@id":"https:\/\/mmvilla.com\/#organization","name":"QB Villas","url":"https:\/\/mmvilla.com\/","logo":{"@type":"ImageObject","inLanguage":"fr-FR","@id":"https:\/\/mmvilla.com\/#\/schema\/logo\/image\/","url":"https:\/\/mmvilla.com\/wp-content\/uploads\/2018\/12\/QUALITY-BRAND-LOGO-KEM-QBVILLAS.png","contentUrl":"https:\/\/mmvilla.com\/wp-content\/uploads\/2018\/12\/QUALITY-BRAND-LOGO-KEM-QBVILLAS.png","width":487,"height":500,"caption":"QB Villas"},"image":{"@id":"https:\/\/mmvilla.com\/#\/schema\/logo\/image\/"},"sameAs":["https:\/\/www.facebook.com\/p\/Quality-Brand-Villas-100039678235957\/","https:\/\/www.instagram.com\/qualitybrandvillas\/","https:\/\/www.linkedin.com\/company\/quality-brand-villas"]}]}},"_links":{"self":[{"href":"https:\/\/mmvilla.com\/fr\/wp-json\/wp\/v2\/pages\/11364","targetHints":{"allow":["GET"]}}],"collection":[{"href":"https:\/\/mmvilla.com\/fr\/wp-json\/wp\/v2\/pages"}],"about":[{"href":"https:\/\/mmvilla.com\/fr\/wp-json\/wp\/v2\/types\/page"}],"author":[{"embeddable":true,"href":"https:\/\/mmvilla.com\/fr\/wp-json\/wp\/v2\/users\/2"}],"replies":[{"embeddable":true,"href":"https:\/\/mmvilla.com\/fr\/wp-json\/wp\/v2\/comments?post=11364"}],"version-history":[{"count":8,"href":"https:\/\/mmvilla.com\/fr\/wp-json\/wp\/v2\/pages\/11364\/revisions"}],"predecessor-version":[{"id":13718,"href":"https:\/\/mmvilla.com\/fr\/wp-json\/wp\/v2\/pages\/11364\/revisions\/13718"}],"wp:attachment":[{"href":"https:\/\/mmvilla.com\/fr\/wp-json\/wp\/v2\/media?parent=11364"}],"curies":[{"name":"wp","href":"https:\/\/api.w.org\/{rel}","templated":true}]}}