{"id":11393,"date":"2018-12-20T12:29:33","date_gmt":"2018-12-20T12:29:33","guid":{"rendered":"https:\/\/mmvilla.com\/?page_id=11393"},"modified":"2025-10-12T15:57:23","modified_gmt":"2025-10-12T12:57:23","slug":"manu-mykonos-villa-yachts-jets-chauffeurs-cars","status":"publish","type":"page","link":"https:\/\/mmvilla.com\/fr\/manu-mykonos-villa-yachts-jets-chauffeurs-cars\/","title":{"rendered":"MANU MYKONOS VILLA YACHTS &#038; JETS, CHAUFFEURS &#038; CARS"},"content":{"rendered":"<p>[vc_row full_width=&#8221;stretch_row_content&#8221; gap=&#8221;&#8221; parallax_image=&#8221;3100&#8243; overlay_color=&#8221;rgba(0,0,0,0.6)&#8221; text_color=&#8221;#ffffff&#8221; css=&#8221;.vc_custom_1729535882715{padding-top: 240px !important;padding-bottom: 240px !important;}&#8221;][vc_column width=&#8221;1\/4&#8243;][\/vc_column][vc_column width=&#8221;3\/4&#8243;]<div class=\"heading-with-separator text-center id_169d4f4d097bfa1662277876   \"><div class=\"header-content\">\n\t\t\t<p class=\"h-subheading\">Luxury without compromise<\/p>\n\t\t\t<h2 class=\"heading  heading-decorator-4\" style=\"; letter-spacing: 0px; \">YACHTS &amp; JETS, CHAUFFEURS &amp; CARS<\/h2><\/div><\/div><div class=\"custom-styles\" data-styles=\".id_169d4f4d097bfa1662277876 .heading-decorator-1:before, .id_169d4f4d097bfa1662277876 .heading-decorator-1:after { border-color: }\"><\/div>[\/vc_column][\/vc_row][vc_row full_width=&#8221;stretch_row_content&#8221; gap=&#8221;&#8221; parallax_image=&#8221;9016&#8243; css=&#8221;.vc_custom_1729667949779{padding-top: 80px !important;padding-bottom: 80px !important;}&#8221;][vc_column width=&#8221;1\/12&#8243;][\/vc_column][vc_column width=&#8221;1\/3&#8243;][vc_column_text]<\/p>\n<h5><strong>IN COLLABORATION WITH QUALITY BRAND VILLAS<\/strong><\/h5>\n<p>[\/vc_column_text][vc_single_image image=&#8221;8966&#8243; img_size=&#8221;150 x 150&#8243; onclick=&#8221;custom_link&#8221; img_link_target=&#8221;_blank&#8221; link=&#8221;http:\/\/qbvillas.com&#8221;][\/vc_column][vc_column width=&#8221;1\/12&#8243;][\/vc_column][vc_column width=&#8221;1\/2&#8243;][vc_column_text]<\/p>\n<h5><strong>AT THE HEART OF EVERYTHING WE DO IS \u2018LUXURY WITHOUT COMPROMISE\u2019<\/strong><\/h5>\n<h5>Designed to streamline and enhance your vacation experience, we meet your exacting requirements with an extensive range of exceptional private transportation options.<\/h5>\n<p>From luxury yachts and jet charters to car rentals, personal chauffeurs, and executive limousine services, we deliver only the highest level of luxury and service.[\/vc_column_text][\/vc_column][\/vc_row][vc_row full_width=&#8221;stretch_row_content&#8221; gap=&#8221;&#8221; equal_height=&#8221;yes&#8221; content_placement=&#8221;middle&#8221; css=&#8221;.vc_custom_1759490099425{padding-top: 0px !important;padding-bottom: 0px !important;}&#8221;][vc_column parallax_image=&#8221;9016&#8243; width=&#8221;1\/3&#8243; css=&#8221;.vc_custom_1729667933920{background-color: #f5f5f5 !important;}&#8221; el_class=&#8221;z-index-up&#8221;][vc_empty_space height=&#8221;120px&#8221; height2=&#8221;0px&#8221; css=&#8221;.vc_custom_1759485229387{padding-right: 40px !important;padding-left: 40px !important;}&#8221;]<div class=\"heading-with-separator text-center id_169d4f4d097c421795041288  vc_custom_1729367569430  offset-right-lg\"><div class=\"header-content\">\n\t\t\t<p class=\"h-subheading\">WIDE RANGE OF CARS<\/p>\n\t\t\t<h3 class=\"heading  heading-decorator-1\" style=\"; letter-spacing: 0px; \">Get the car<i><br \/>\nyou desire<\/i><\/h3><\/div><\/div><div class=\"custom-styles\" data-styles=\".id_169d4f4d097c421795041288 .heading-decorator-1:before, .id_169d4f4d097c421795041288 .heading-decorator-1:after { border-color: #000000}\"><\/div>[vc_single_image image=&#8221;7804&#8243; img_size=&#8221;full&#8221; alignment=&#8221;center&#8221; el_class=&#8221;vc_hidden-md vc_hidden-lg&#8221; css=&#8221;.vc_custom_1711651438693{margin-bottom: 0px !important;}&#8221;][vc_column_text css=&#8221;.vc_custom_1759485086125{margin-bottom: 0px !important;padding-right: 60px !important;padding-bottom: 60px !important;padding-left: 60px !important;background-color: #ffffff !important;}&#8221; el_class=&#8221;offset-right-lg&#8221;]<\/p>\n<h5><\/h5>\n<h5><\/h5>\n<h5>A wide range of car models, sizes, colors is at our Guests\u2019 disposal<\/h5>\n<p>Our Guests are able to enquire about the car of their choice and we will handle its delivery directly to our Guests&#8217; desired place.[\/vc_column_text][vc_empty_space height=&#8221;120px&#8221; height2=&#8221;0px&#8221;][\/vc_column][vc_column parallax=&#8221;content-moving&#8221; parallax_image=&#8221;4780&#8243; width=&#8221;2\/3&#8243; css=&#8221;.vc_custom_1636662198947{background-position: center !important;background-repeat: no-repeat !important;background-size: cover !important;}&#8221; el_class=&#8221;vc_hidden-xs vc_hidden-sm&#8221;][\/vc_column][\/vc_row][vc_row full_width=&#8221;stretch_row_content&#8221; gap=&#8221;&#8221; equal_height=&#8221;yes&#8221; content_placement=&#8221;middle&#8221;][vc_column parallax=&#8221;content-moving&#8221; parallax_image=&#8221;3103&#8243; width=&#8221;2\/3&#8243; css=&#8221;.vc_custom_1632297241140{background-position: center !important;background-repeat: no-repeat !important;background-size: cover !important;}&#8221; el_class=&#8221;vc_hidden-xs vc_hidden-sm&#8221;][\/vc_column][vc_column parallax_image=&#8221;9016&#8243; width=&#8221;1\/3&#8243; css=&#8221;.vc_custom_1729667965409{background-color: #f5f5f5 !important;}&#8221;][vc_empty_space height=&#8221;120px&#8221; height2=&#8221;0&#8243; css=&#8221;.vc_custom_1545314682944{padding-right: 40px !important;padding-left: 40px !important;}&#8221;]<div class=\"heading-with-separator text-center id_169d4f4d097c6c1543340952  vc_custom_1759485534828  offset-left-lg\"><div class=\"header-content\">\n\t\t\t<p class=\"h-subheading\">ALL YOU HAVE TO DO IS SIT BACK<\/p>\n\t\t\t<h3 class=\"heading  heading-decorator-1\" style=\"; letter-spacing: 0px; \">Relax and enjoy the ride<\/h3><\/div><\/div><div class=\"custom-styles\" data-styles=\".id_169d4f4d097c6c1543340952 .heading-decorator-1:before, .id_169d4f4d097c6c1543340952 .heading-decorator-1:after { border-color: #000000}\"><\/div>[vc_single_image image=&#8221;7807&#8243; img_size=&#8221;full&#8221; alignment=&#8221;center&#8221; el_class=&#8221;vc_hidden-md vc_hidden-lg&#8221; css=&#8221;.vc_custom_1711651521670{margin-bottom: 0px !important;}&#8221;][vc_column_text css=&#8221;.vc_custom_1759485381928{margin-bottom: 0px !important;padding-right: 60px !important;padding-bottom: 60px !important;padding-left: 60px !important;background-color: #ffffff !important;}&#8221; el_class=&#8221;offset-left-lg&#8221;]<\/p>\n<h5><\/h5>\n<h5>A deluxe collection of late models, amenity-laden vehicles, including Sports Cars, SUVs, Convertibles, Crossovers, Hybrids, and Mini-Vans<\/h5>\n<p>All you have to do is let us know what you\u2019re in the mood for, and we\u2019ll do the rest![\/vc_column_text][vc_empty_space height=&#8221;120px&#8221; height2=&#8221;0&#8243;][\/vc_column][\/vc_row][vc_row full_width=&#8221;stretch_row_content&#8221; gap=&#8221;&#8221; equal_height=&#8221;yes&#8221; content_placement=&#8221;middle&#8221;][vc_column parallax_image=&#8221;9016&#8243; width=&#8221;1\/3&#8243; css=&#8221;.vc_custom_1729667986462{background-color: #f5f5f5 !important;}&#8221; el_class=&#8221;z-index-up&#8221;][vc_empty_space height=&#8221;120px&#8221; height2=&#8221;0&#8243; css=&#8221;.vc_custom_1545314682944{padding-right: 40px !important;padding-left: 40px !important;}&#8221;]<div class=\"heading-with-separator text-center id_169d4f4d097c8d1530426886  vc_custom_1729367703028  offset-right-lg\"><div class=\"header-content\">\n\t\t\t<p class=\"h-subheading\">STYLE YOUR VACATION<\/p>\n\t\t\t<h3 class=\"heading  heading-decorator-1\" style=\"; letter-spacing: 0px; \">A luxury ocean experience<\/h3><\/div><\/div><div class=\"custom-styles\" data-styles=\".id_169d4f4d097c8d1530426886 .heading-decorator-1:before, .id_169d4f4d097c8d1530426886 .heading-decorator-1:after { border-color: #000000}\"><\/div>[vc_single_image image=&#8221;7810&#8243; img_size=&#8221;full&#8221; alignment=&#8221;center&#8221; el_class=&#8221;vc_hidden-md vc_hidden-lg&#8221; css=&#8221;.vc_custom_1711651614771{margin-bottom: 0px !important;}&#8221;][vc_column_text css=&#8221;.vc_custom_1759489295516{margin-bottom: 0px !important;padding-right: 60px !important;padding-bottom: 60px !important;padding-left: 60px !important;background-color: #ffffff !important;}&#8221; el_class=&#8221;offset-right-lg&#8221;]<\/p>\n<h5><\/h5>\n<h5>With many islands, only a matter of hours away, your cruising opportunities are endless.<\/h5>\n<p>So, whether you want a half or full-day pleasure cruise, a multi-day yacht charter to go Island hopping, or an amazing floating venue, we\u2019ll have you enjoying the intoxicating smell of sea air in no time.[\/vc_column_text][vc_empty_space height=&#8221;120px&#8221; height2=&#8221;0&#8243;][\/vc_column][vc_column parallax=&#8221;content-moving&#8221; parallax_image=&#8221;3105&#8243; width=&#8221;2\/3&#8243; css=&#8221;.vc_custom_1632298342858{background-position: center !important;background-repeat: no-repeat !important;background-size: cover !important;}&#8221; el_class=&#8221;vc_hidden-xs vc_hidden-sm&#8221;][\/vc_column][\/vc_row][vc_row full_width=&#8221;stretch_row_content&#8221; gap=&#8221;&#8221; equal_height=&#8221;yes&#8221; content_placement=&#8221;middle&#8221; css=&#8221;.vc_custom_1759490133865{margin-top: 0px !important;margin-bottom: 0px !important;padding-top: 0px !important;padding-bottom: 0px !important;}&#8221;][vc_column parallax=&#8221;content-moving&#8221; parallax_image=&#8221;3108&#8243; width=&#8221;2\/3&#8243; css=&#8221;.vc_custom_1632298646136{background-position: center !important;background-repeat: no-repeat !important;background-size: cover !important;}&#8221; el_class=&#8221;vc_hidden-xs vc_hidden-sm&#8221;][\/vc_column][vc_column parallax_image=&#8221;9016&#8243; width=&#8221;1\/3&#8243; css=&#8221;.vc_custom_1729668084746{background-color: #f5f5f5 !important;}&#8221;][vc_empty_space height=&#8221;120px&#8221; height2=&#8221;0&#8243; css=&#8221;.vc_custom_1545314682944{padding-right: 40px !important;padding-left: 40px !important;}&#8221;]<div class=\"heading-with-separator text-center id_169d4f4d097cc02059371492  vc_custom_1729367742724  offset-left-lg\"><div class=\"header-content\">\n\t\t\t<p class=\"h-subheading\">THE PERFECT BLEND OF PERFORMANCE AND SPEED<\/p>\n\t\t\t<h3 class=\"heading  heading-decorator-1\" style=\"; letter-spacing: 0px; \">An impressive collection<\/h3><\/div><\/div><div class=\"custom-styles\" data-styles=\".id_169d4f4d097cc02059371492 .heading-decorator-1:before, .id_169d4f4d097cc02059371492 .heading-decorator-1:after { border-color: #000000}\"><\/div>[vc_single_image image=&#8221;7814&#8243; img_size=&#8221;full&#8221; alignment=&#8221;center&#8221; el_class=&#8221;vc_hidden-md vc_hidden-lg&#8221; css=&#8221;.vc_custom_1711651774138{margin-bottom: 0px !important;}&#8221;][vc_column_text css=&#8221;.vc_custom_1759489328582{margin-bottom: 0px !important;padding-right: 60px !important;padding-bottom: 60px !important;padding-left: 60px !important;background-color: #ffffff !important;}&#8221; el_class=&#8221;offset-left-lg&#8221;]<\/p>\n<h5><\/h5>\n<h5>Luxurious, private, convenient. stress-free, and above all, ensuring you always arrive relaxed and refreshed.<\/h5>\n<p>Combined with our personalized in-flight services and complimentary limousine, both to and from the airport, chartering a luxury jet is the ultimate, seamless door-to-door travel experience.[\/vc_column_text][vc_empty_space height=&#8221;120px&#8221; height2=&#8221;0&#8243;][\/vc_column][\/vc_row]<\/p>","protected":false},"excerpt":{"rendered":"<p>[vc_row full_width=&#8221;stretch_row_content&#8221; gap=&#8221;&#8221; parallax_image=&#8221;3100&#8243; overlay_color=&#8221;rgba(0,0,0,0.6)&#8221; text_color=&#8221;#ffffff&#8221; css=&#8221;.vc_custom_1729535882715{padding-top: 240px !important;padding-bottom: 240px !important;}&#8221;][vc_column width=&#8221;1\/4&#8243;][\/vc_column][vc_column width=&#8221;3\/4&#8243;][\/vc_column][\/vc_row][vc_row full_width=&#8221;stretch_row_content&#8221; gap=&#8221;&#8221; parallax_image=&#8221;9016&#8243; css=&#8221;.vc_custom_1729667949779{padding-top: 80px !important;padding-bottom: 80px !important;}&#8221;][vc_column width=&#8221;1\/12&#8243;][\/vc_column][vc_column width=&#8221;1\/3&#8243;][vc_column_text] IN COLLABORATION WITH QUALITY BRAND VILLAS [\/vc_column_text][vc_single_image image=&#8221;8966&#8243; img_size=&#8221;150 x 150&#8243; onclick=&#8221;custom_link&#8221; img_link_target=&#8221;_blank&#8221; link=&#8221;http:\/\/qbvillas.com&#8221;][\/vc_column][vc_column width=&#8221;1\/12&#8243;][\/vc_column][vc_column width=&#8221;1\/2&#8243;][vc_column_text] AT THE HEART OF EVERYTHING WE DO IS \u2018LUXURY WITHOUT COMPROMISE\u2019 Designed to streamline and enhance[&#8230;] <a href=\"https:\/\/mmvilla.com\/fr\/manu-mykonos-villa-yachts-jets-chauffeurs-cars\/\" class=\"more-link\">Continue reading<\/a><\/p>\n","protected":false},"author":1,"featured_media":0,"parent":0,"menu_order":0,"comment_status":"closed","ping_status":"closed","template":"","meta":{"footnotes":""},"class_list":["post-11393","page","type-page","status-publish","hentry"],"yoast_head":"<!-- This site is optimized with the Yoast SEO Premium plugin v23.5 (Yoast SEO v25.7) - https:\/\/yoast.com\/wordpress\/plugins\/seo\/ -->\n<title>Yachts, Jets, Chauffeurs et voitures \u2013 Majestic Manu Mykonos<\/title>\n<meta name=\"description\" content=\"Profitez du luxe ultime \u00e0 Majestic Manu : yachts, jets, chauffeurs et voitures priv\u00e9es pour une exp\u00e9rience exclusive \u00e0 Mykonos.\" \/>\n<meta name=\"robots\" content=\"index, follow, max-snippet:-1, max-image-preview:large, max-video-preview:-1\" \/>\n<link rel=\"canonical\" href=\"https:\/\/mmvilla.com\/fr\/manu-mykonos-villa-yachts-jets-chauffeurs-cars\/\" \/>\n<meta property=\"og:locale\" content=\"fr_FR\" \/>\n<meta property=\"og:type\" content=\"article\" \/>\n<meta property=\"og:title\" content=\"MANU MYKONOS VILLA YACHTS &amp; JETS, CHAUFFEURS &amp; CARS\" \/>\n<meta property=\"og:description\" content=\"Profitez du luxe ultime \u00e0 Majestic Manu : yachts, jets, chauffeurs et voitures priv\u00e9es pour une exp\u00e9rience exclusive \u00e0 Mykonos.\" \/>\n<meta property=\"og:url\" content=\"https:\/\/mmvilla.com\/fr\/manu-mykonos-villa-yachts-jets-chauffeurs-cars\/\" \/>\n<meta property=\"og:site_name\" content=\"Majestic Manu Mykonos \u2013 Private Villa, Premium Suites &amp; More\" \/>\n<meta property=\"article:publisher\" content=\"https:\/\/www.facebook.com\/p\/Quality-Brand-Villas-100039678235957\/\" \/>\n<meta property=\"article:modified_time\" content=\"2025-10-12T12:57:23+00:00\" \/>\n<meta name=\"twitter:card\" content=\"summary_large_image\" \/>\n<meta name=\"twitter:label1\" content=\"Dur\u00e9e de lecture estim\u00e9e\" \/>\n\t<meta name=\"twitter:data1\" content=\"3 minutes\" \/>\n<script type=\"application\/ld+json\" class=\"yoast-schema-graph\">{\"@context\":\"https:\/\/schema.org\",\"@graph\":[{\"@type\":\"WebPage\",\"@id\":\"https:\/\/mmvilla.com\/fr\/manu-mykonos-villa-yachts-jets-chauffeurs-cars\/\",\"url\":\"https:\/\/mmvilla.com\/fr\/manu-mykonos-villa-yachts-jets-chauffeurs-cars\/\",\"name\":\"Yachts, Jets, Chauffeurs et voitures \u2013 Majestic Manu Mykonos\",\"isPartOf\":{\"@id\":\"https:\/\/mmvilla.com\/#website\"},\"datePublished\":\"2018-12-20T12:29:33+00:00\",\"dateModified\":\"2025-10-12T12:57:23+00:00\",\"description\":\"Profitez du luxe ultime \u00e0 Majestic Manu : yachts, jets, chauffeurs et voitures priv\u00e9es pour une exp\u00e9rience exclusive \u00e0 Mykonos.\",\"breadcrumb\":{\"@id\":\"https:\/\/mmvilla.com\/fr\/manu-mykonos-villa-yachts-jets-chauffeurs-cars\/#breadcrumb\"},\"inLanguage\":\"fr-FR\",\"potentialAction\":[{\"@type\":\"ReadAction\",\"target\":[\"https:\/\/mmvilla.com\/fr\/manu-mykonos-villa-yachts-jets-chauffeurs-cars\/\"]}]},{\"@type\":\"BreadcrumbList\",\"@id\":\"https:\/\/mmvilla.com\/fr\/manu-mykonos-villa-yachts-jets-chauffeurs-cars\/#breadcrumb\",\"itemListElement\":[{\"@type\":\"ListItem\",\"position\":1,\"name\":\"Home\",\"item\":\"https:\/\/mmvilla.com\/fr\/\"},{\"@type\":\"ListItem\",\"position\":2,\"name\":\"MANU MYKONOS VILLA YACHTS &#038; JETS, CHAUFFEURS &#038; CARS\"}]},{\"@type\":\"WebSite\",\"@id\":\"https:\/\/mmvilla.com\/#website\",\"url\":\"https:\/\/mmvilla.com\/\",\"name\":\"Manu Mykonos Villa\",\"description\":\"Mykonos Luxury Living, Perfected by Majestic Manu\",\"publisher\":{\"@id\":\"https:\/\/mmvilla.com\/#organization\"},\"alternateName\":\"MMVILLA\",\"potentialAction\":[{\"@type\":\"SearchAction\",\"target\":{\"@type\":\"EntryPoint\",\"urlTemplate\":\"https:\/\/mmvilla.com\/?s={search_term_string}\"},\"query-input\":{\"@type\":\"PropertyValueSpecification\",\"valueRequired\":true,\"valueName\":\"search_term_string\"}}],\"inLanguage\":\"fr-FR\"},{\"@type\":\"Organization\",\"@id\":\"https:\/\/mmvilla.com\/#organization\",\"name\":\"QB Villas\",\"url\":\"https:\/\/mmvilla.com\/\",\"logo\":{\"@type\":\"ImageObject\",\"inLanguage\":\"fr-FR\",\"@id\":\"https:\/\/mmvilla.com\/#\/schema\/logo\/image\/\",\"url\":\"https:\/\/mmvilla.com\/wp-content\/uploads\/2018\/12\/QUALITY-BRAND-LOGO-KEM-QBVILLAS.png\",\"contentUrl\":\"https:\/\/mmvilla.com\/wp-content\/uploads\/2018\/12\/QUALITY-BRAND-LOGO-KEM-QBVILLAS.png\",\"width\":487,\"height\":500,\"caption\":\"QB Villas\"},\"image\":{\"@id\":\"https:\/\/mmvilla.com\/#\/schema\/logo\/image\/\"},\"sameAs\":[\"https:\/\/www.facebook.com\/p\/Quality-Brand-Villas-100039678235957\/\",\"https:\/\/www.instagram.com\/qualitybrandvillas\/\",\"https:\/\/www.linkedin.com\/company\/quality-brand-villas\"]}]}<\/script>\n<!-- \/ Yoast SEO Premium plugin. -->","yoast_head_json":{"title":"Yachts, Jets, Chauffeurs et voitures \u2013 Majestic Manu Mykonos","description":"Profitez du luxe ultime \u00e0 Majestic Manu : yachts, jets, chauffeurs et voitures priv\u00e9es pour une exp\u00e9rience exclusive \u00e0 Mykonos.","robots":{"index":"index","follow":"follow","max-snippet":"max-snippet:-1","max-image-preview":"max-image-preview:large","max-video-preview":"max-video-preview:-1"},"canonical":"https:\/\/mmvilla.com\/fr\/manu-mykonos-villa-yachts-jets-chauffeurs-cars\/","og_locale":"fr_FR","og_type":"article","og_title":"MANU MYKONOS VILLA YACHTS & JETS, CHAUFFEURS & CARS","og_description":"Profitez du luxe ultime \u00e0 Majestic Manu : yachts, jets, chauffeurs et voitures priv\u00e9es pour une exp\u00e9rience exclusive \u00e0 Mykonos.","og_url":"https:\/\/mmvilla.com\/fr\/manu-mykonos-villa-yachts-jets-chauffeurs-cars\/","og_site_name":"Majestic Manu Mykonos \u2013 Private Villa, Premium Suites &amp; More","article_publisher":"https:\/\/www.facebook.com\/p\/Quality-Brand-Villas-100039678235957\/","article_modified_time":"2025-10-12T12:57:23+00:00","twitter_card":"summary_large_image","twitter_misc":{"Dur\u00e9e de lecture estim\u00e9e":"3 minutes"},"schema":{"@context":"https:\/\/schema.org","@graph":[{"@type":"WebPage","@id":"https:\/\/mmvilla.com\/fr\/manu-mykonos-villa-yachts-jets-chauffeurs-cars\/","url":"https:\/\/mmvilla.com\/fr\/manu-mykonos-villa-yachts-jets-chauffeurs-cars\/","name":"Yachts, Jets, Chauffeurs et voitures \u2013 Majestic Manu Mykonos","isPartOf":{"@id":"https:\/\/mmvilla.com\/#website"},"datePublished":"2018-12-20T12:29:33+00:00","dateModified":"2025-10-12T12:57:23+00:00","description":"Profitez du luxe ultime \u00e0 Majestic Manu : yachts, jets, chauffeurs et voitures priv\u00e9es pour une exp\u00e9rience exclusive \u00e0 Mykonos.","breadcrumb":{"@id":"https:\/\/mmvilla.com\/fr\/manu-mykonos-villa-yachts-jets-chauffeurs-cars\/#breadcrumb"},"inLanguage":"fr-FR","potentialAction":[{"@type":"ReadAction","target":["https:\/\/mmvilla.com\/fr\/manu-mykonos-villa-yachts-jets-chauffeurs-cars\/"]}]},{"@type":"BreadcrumbList","@id":"https:\/\/mmvilla.com\/fr\/manu-mykonos-villa-yachts-jets-chauffeurs-cars\/#breadcrumb","itemListElement":[{"@type":"ListItem","position":1,"name":"Home","item":"https:\/\/mmvilla.com\/fr\/"},{"@type":"ListItem","position":2,"name":"MANU MYKONOS VILLA YACHTS &#038; JETS, CHAUFFEURS &#038; CARS"}]},{"@type":"WebSite","@id":"https:\/\/mmvilla.com\/#website","url":"https:\/\/mmvilla.com\/","name":"Manu Mykonos Villa","description":"Mykonos Luxury Living, Perfected by Majestic Manu","publisher":{"@id":"https:\/\/mmvilla.com\/#organization"},"alternateName":"MMVILLA","potentialAction":[{"@type":"SearchAction","target":{"@type":"EntryPoint","urlTemplate":"https:\/\/mmvilla.com\/?s={search_term_string}"},"query-input":{"@type":"PropertyValueSpecification","valueRequired":true,"valueName":"search_term_string"}}],"inLanguage":"fr-FR"},{"@type":"Organization","@id":"https:\/\/mmvilla.com\/#organization","name":"QB Villas","url":"https:\/\/mmvilla.com\/","logo":{"@type":"ImageObject","inLanguage":"fr-FR","@id":"https:\/\/mmvilla.com\/#\/schema\/logo\/image\/","url":"https:\/\/mmvilla.com\/wp-content\/uploads\/2018\/12\/QUALITY-BRAND-LOGO-KEM-QBVILLAS.png","contentUrl":"https:\/\/mmvilla.com\/wp-content\/uploads\/2018\/12\/QUALITY-BRAND-LOGO-KEM-QBVILLAS.png","width":487,"height":500,"caption":"QB Villas"},"image":{"@id":"https:\/\/mmvilla.com\/#\/schema\/logo\/image\/"},"sameAs":["https:\/\/www.facebook.com\/p\/Quality-Brand-Villas-100039678235957\/","https:\/\/www.instagram.com\/qualitybrandvillas\/","https:\/\/www.linkedin.com\/company\/quality-brand-villas"]}]}},"_links":{"self":[{"href":"https:\/\/mmvilla.com\/fr\/wp-json\/wp\/v2\/pages\/11393","targetHints":{"allow":["GET"]}}],"collection":[{"href":"https:\/\/mmvilla.com\/fr\/wp-json\/wp\/v2\/pages"}],"about":[{"href":"https:\/\/mmvilla.com\/fr\/wp-json\/wp\/v2\/types\/page"}],"author":[{"embeddable":true,"href":"https:\/\/mmvilla.com\/fr\/wp-json\/wp\/v2\/users\/1"}],"replies":[{"embeddable":true,"href":"https:\/\/mmvilla.com\/fr\/wp-json\/wp\/v2\/comments?post=11393"}],"version-history":[{"count":18,"href":"https:\/\/mmvilla.com\/fr\/wp-json\/wp\/v2\/pages\/11393\/revisions"}],"predecessor-version":[{"id":15166,"href":"https:\/\/mmvilla.com\/fr\/wp-json\/wp\/v2\/pages\/11393\/revisions\/15166"}],"wp:attachment":[{"href":"https:\/\/mmvilla.com\/fr\/wp-json\/wp\/v2\/media?parent=11393"}],"curies":[{"name":"wp","href":"https:\/\/api.w.org\/{rel}","templated":true}]}}