{"id":11861,"date":"2021-09-21T06:11:25","date_gmt":"2021-09-21T03:11:25","guid":{"rendered":"https:\/\/mmvilla.com\/manu-mykonos-villa-booking-payment-conditions\/"},"modified":"2025-09-24T23:03:49","modified_gmt":"2025-09-24T20:03:49","slug":"manu-mykonos-villa-conditions-de-reservation-paiement","status":"publish","type":"page","link":"https:\/\/mmvilla.com\/fr\/manu-mykonos-villa-conditions-de-reservation-paiement\/","title":{"rendered":"MANU MYKONOS VILLA BOOKING &#038; PAYMENT CONDITIONS"},"content":{"rendered":"<p>[vc_row full_width=&#8221;stretch_row&#8221; gap=&#8221;&#8221; parallax=&#8221;content-moving&#8221; parallax_image=&#8221;3012&#8243; overlay_color=&#8221;rgba(0,0,0,0.6)&#8221; text_color=&#8221;#ffffff&#8221; css=&#8221;.vc_custom_1729739338342{padding-top: 240px !important;padding-bottom: 240px !important;}&#8221;][vc_column width=&#8221;3\/4&#8243;]<div class=\"heading-with-separator text-left id_169d4b9b51d4a11433573505   \"><div class=\"header-content\">\n\t\t\t<p class=\"h-subheading\"><\/p>\n\t\t\t<h4 class=\"heading  heading-decorator-1\" style=\"; letter-spacing: 0px; \">Manu Mykonos Villa conditions de r\u00e9servation &amp; de paiement<\/h4><\/div><\/div><div class=\"custom-styles\" data-styles=\".id_169d4b9b51d4a11433573505 .heading-decorator-1:before, .id_169d4b9b51d4a11433573505 .heading-decorator-1:after { border-color: }\"><\/div>[\/vc_column][vc_column width=&#8221;1\/4&#8243;][\/vc_column][\/vc_row][vc_row gap=&#8221;&#8221; css=&#8221;.vc_custom_1758306842850{padding-top: 84px !important;padding-bottom: 84px !important;}&#8221;][vc_column][vc_column_text]<\/p>\n<h3 data-start=\"135\" data-end=\"146\">Contrat<\/h3>\n<p data-start=\"147\" data-end=\"412\">Le contrat conclu entre vous et nous prend effet lorsque nous recevons votre acompte ou le paiement total. Jusqu\u2019\u00e0 ce moment, le propri\u00e9taire et nous-m\u00eames n\u2019avons aucune responsabilit\u00e9 \u00e0 votre \u00e9gard.<br data-start=\"347\" data-end=\"350\" \/>Une fois l\u2019acompte pay\u00e9, un <strong data-start=\"378\" data-end=\"401\">contrat de location<\/strong> sera \u00e9mis.<\/p>\n<h3 data-start=\"414\" data-end=\"440\">Occupation de la villa<\/h3>\n<p data-start=\"441\" data-end=\"889\">L\u2019<strong data-start=\"443\" data-end=\"466\">occupation maximale<\/strong> de la villa ne doit pas \u00eatre d\u00e9pass\u00e9e, sauf accord \u00e9crit pr\u00e9alable de notre part.<br data-start=\"548\" data-end=\"551\" \/>Des nourrissons dans des lits b\u00e9b\u00e9 peuvent \u00eatre accept\u00e9s sur demande, m\u00eame si le nombre total de personnes d\u00e9passe l\u2019occupation maximale.<br data-start=\"688\" data-end=\"691\" \/>Cette occupation maximale est fix\u00e9e pour chaque villa et d\u00e9termin\u00e9e par les autorit\u00e9s.<br data-start=\"777\" data-end=\"780\" \/>Toute violation entra\u00eenera l\u2019annulation de votre r\u00e9servation et la perte de l\u2019int\u00e9gralit\u00e9 des sommes vers\u00e9es.<\/p>\n<p data-start=\"891\" data-end=\"1213\">Nous nous r\u00e9servons le droit de vous <strong data-start=\"928\" data-end=\"954\">expulser imm\u00e9diatement<\/strong> si vous d\u00e9passez l\u2019occupation maximale sans notre accord \u00e9crit pr\u00e9alable, ou, \u00e0 notre discr\u00e9tion, d\u2019exclure les personnes suppl\u00e9mentaires ou de facturer un suppl\u00e9ment.<br data-start=\"1122\" data-end=\"1125\" \/>Le camping et le stationnement de caravanes sont strictement interdits sur la propri\u00e9t\u00e9.<\/p>\n<p data-start=\"1215\" data-end=\"1587\">L\u2019h\u00e9bergement est r\u00e9serv\u00e9 <strong data-start=\"1241\" data-end=\"1314\">exclusivement aux personnes figurant sur le formulaire de r\u00e9servation<\/strong>.<br data-start=\"1315\" data-end=\"1318\" \/>Aucune autre personne n\u2019est autoris\u00e9e \u00e0 s\u00e9journer dans la propri\u00e9t\u00e9 sans accord \u00e9crit.<br data-start=\"1404\" data-end=\"1407\" \/>Tout invit\u00e9 suppl\u00e9mentaire sera pri\u00e9 de quitter les lieux.<br data-start=\"1465\" data-end=\"1468\" \/>Si accept\u00e9, un <strong data-start=\"1483\" data-end=\"1538\">suppl\u00e9ment de 75 \u20ac \u00e0 225 \u20ac par personne et par nuit<\/strong> sera factur\u00e9 au-del\u00e0 du nombre maximum autoris\u00e9.<\/p>\n<h3 data-start=\"1589\" data-end=\"1612\">P\u00e9riode de location<\/h3>\n<p data-start=\"1613\" data-end=\"1894\">La location commence \u00e0 <strong data-start=\"1636\" data-end=\"1647\">15 h 00<\/strong> le jour de l\u2019arriv\u00e9e et se termine \u00e0 <strong data-start=\"1685\" data-end=\"1696\">11 h 00<\/strong> le jour du d\u00e9part (sauf accord \u00e9crit pour une arriv\u00e9e anticip\u00e9e ou un d\u00e9part tardif).<br data-start=\"1782\" data-end=\"1785\" \/>Tout s\u00e9jour prolong\u00e9 <strong data-start=\"1806\" data-end=\"1831\">sans accord pr\u00e9alable<\/strong> entra\u00eene une p\u00e9nalit\u00e9 de <strong data-start=\"1857\" data-end=\"1893\">10 000 \u20ac par jour suppl\u00e9mentaire<\/strong>.<\/p>\n<h3 data-start=\"1896\" data-end=\"1933\">Modification de votre r\u00e9servation<\/h3>\n<p data-start=\"1934\" data-end=\"2348\">Si vous souhaitez modifier votre r\u00e9servation (dates, h\u00e9bergement, etc.), nous ferons tout notre possible pour vous satisfaire, mais cela n\u2019est pas toujours garanti.<br data-start=\"2098\" data-end=\"2101\" \/>Toute modification pourra entra\u00eener des <strong data-start=\"2141\" data-end=\"2166\">frais suppl\u00e9mentaires<\/strong>, communiqu\u00e9s avant confirmation.<br data-start=\"2199\" data-end=\"2202\" \/>Si la modification n\u2019est pas possible et que vous refusez de maintenir la r\u00e9servation initiale, celle-ci sera consid\u00e9r\u00e9e comme une <strong data-start=\"2333\" data-end=\"2347\">annulation<\/strong>.<\/p>\n<h3 data-start=\"2350\" data-end=\"2378\">Transfert de r\u00e9servation<\/h3>\n<p data-start=\"2379\" data-end=\"2482\">Si vous ne pouvez pas voyager, vous pouvez transf\u00e9rer votre r\u00e9servation \u00e0 un tiers, \u00e0 condition que :<\/p>\n<ul data-start=\"2483\" data-end=\"2614\">\n<li data-start=\"2483\" data-end=\"2548\">\n<p data-start=\"2485\" data-end=\"2548\">ce tiers accepte <strong data-start=\"2502\" data-end=\"2515\">par \u00e9crit<\/strong> les conditions de r\u00e9servation,<\/p>\n<\/li>\n<li data-start=\"2549\" data-end=\"2614\">\n<p data-start=\"2551\" data-end=\"2614\">tous les paiements restants soient effectu\u00e9s dans les d\u00e9lais.<\/p>\n<\/li>\n<\/ul>\n<p data-start=\"2616\" data-end=\"2710\">Des <strong data-start=\"2620\" data-end=\"2653\">frais administratifs de 100 \u20ac<\/strong> et d\u2019\u00e9ventuelles charges non remboursables s\u2019appliquent.<\/p>\n<h3 data-start=\"2712\" data-end=\"2743\">Confirmation de r\u00e9servation<\/h3>\n<p data-start=\"2744\" data-end=\"2799\">Pour confirmer votre r\u00e9servation, vous devez verser :<\/p>\n<ul data-start=\"2800\" data-end=\"2998\">\n<li data-start=\"2800\" data-end=\"2908\">\n<p data-start=\"2802\" data-end=\"2908\"><strong data-start=\"2802\" data-end=\"2824\">50 % du prix total<\/strong> \u00e0 la r\u00e9servation, le solde (50 %) \u00e9tant d\u00fb <strong data-start=\"2868\" data-end=\"2905\">30 jours avant le d\u00e9but du s\u00e9jour<\/strong>,<\/p>\n<\/li>\n<li data-start=\"2909\" data-end=\"2998\">\n<p data-start=\"2911\" data-end=\"2998\">ou <strong data-start=\"2914\" data-end=\"2931\">100 % du prix<\/strong> si la r\u00e9servation est faite <strong data-start=\"2960\" data-end=\"2997\">moins de 30 jours avant l\u2019arriv\u00e9e<\/strong>.<\/p>\n<\/li>\n<\/ul>\n<h3 data-start=\"3000\" data-end=\"3021\">Modes de paiement<\/h3>\n<ul data-start=\"3022\" data-end=\"3476\">\n<li data-start=\"3022\" data-end=\"3172\">\n<p data-start=\"3024\" data-end=\"3172\">Paiement par carte bancaire : les donn\u00e9es de carte sont collect\u00e9es conform\u00e9ment \u00e0 la l\u00e9gislation, <strong data-start=\"3122\" data-end=\"3138\">non stock\u00e9es<\/strong> et d\u00e9truites apr\u00e8s le paiement.<\/p>\n<\/li>\n<li data-start=\"3173\" data-end=\"3261\">\n<p data-start=\"3175\" data-end=\"3261\">Paiement du solde par carte bancaire ou PayPal : <strong data-start=\"3224\" data-end=\"3242\">frais de 2,4 %<\/strong> (4 % pour AMEX).<\/p>\n<\/li>\n<li data-start=\"3262\" data-end=\"3315\">\n<p data-start=\"3264\" data-end=\"3315\">Paiement par virement bancaire : <strong data-start=\"3297\" data-end=\"3312\">aucun frais<\/strong>.<\/p>\n<\/li>\n<li data-start=\"3316\" data-end=\"3476\">\n<p data-start=\"3318\" data-end=\"3476\">R\u00e9servation \u00e0 moins de 7 jours de l\u2019arriv\u00e9e : le titulaire de la carte doit \u00eatre le r\u00e9servant et fournir <strong data-start=\"3423\" data-end=\"3460\">permis de conduire + passeport\/ID<\/strong> correspondants.<\/p>\n<\/li>\n<\/ul>\n<h3 data-start=\"3478\" data-end=\"3510\">Politique de remboursement<\/h3>\n<p data-start=\"3511\" data-end=\"3686\">(<strong data-start=\"3512\" data-end=\"3540\">Annulation par le client<\/strong>)<br data-start=\"3541\" data-end=\"3544\" \/>L\u2019annulation doit \u00eatre notifi\u00e9e par lettre recommand\u00e9e ou email par le <strong data-start=\"3615\" data-end=\"3646\">titulaire de la r\u00e9servation<\/strong> et confirm\u00e9e par \u00e9crit par nos soins.<\/p>\n<p data-start=\"3688\" data-end=\"3710\">Frais d\u2019annulation :<\/p>\n<div class=\"_tableContainer_1rjym_1\">\n<div class=\"group _tableWrapper_1rjym_13 flex w-fit flex-col-reverse\" tabindex=\"-1\">\n<table class=\"w-fit min-w-(--thread-content-width)\" data-start=\"3711\" data-end=\"3842\">\n<thead data-start=\"3711\" data-end=\"3744\">\n<tr data-start=\"3711\" data-end=\"3744\">\n<th data-start=\"3711\" data-end=\"3735\" data-col-size=\"sm\">D\u00e9lai avant l\u2019arriv\u00e9e<\/th>\n<th data-start=\"3735\" data-end=\"3744\" data-col-size=\"sm\">Frais<\/th>\n<\/tr>\n<\/thead>\n<tbody data-start=\"3778\" data-end=\"3842\">\n<tr data-start=\"3778\" data-end=\"3809\">\n<td data-start=\"3778\" data-end=\"3801\" data-col-size=\"sm\">Plus de 30 jours<\/td>\n<td data-start=\"3801\" data-end=\"3809\" data-col-size=\"sm\">50 %<\/td>\n<\/tr>\n<tr data-start=\"3810\" data-end=\"3842\">\n<td data-start=\"3810\" data-end=\"3833\" data-col-size=\"sm\">De 0 \u00e0 29 jours<\/td>\n<td data-start=\"3833\" data-end=\"3842\" data-col-size=\"sm\">100 %<\/td>\n<\/tr>\n<\/tbody>\n<\/table>\n<\/div>\n<\/div>\n<p data-start=\"3844\" data-end=\"3990\">Si le logement est relou\u00e9 pour la totalit\u00e9 de la p\u00e9riode annul\u00e9e, les frais sont r\u00e9duits \u00e0 <strong data-start=\"3935\" data-end=\"3943\">50 %<\/strong>, m\u00eame en cas d\u2019annulation dans les 30 jours.<\/p>\n<p data-start=\"3992\" data-end=\"4080\">Il est <strong data-start=\"3999\" data-end=\"4023\">fortement recommand\u00e9<\/strong> de souscrire une assurance voyage couvrant l\u2019annulation.<\/p>\n<p data-start=\"4082\" data-end=\"4323\">Les m\u00eames frais s\u2019appliquent en cas de <strong data-start=\"4121\" data-end=\"4144\">changement de dates<\/strong> ou de villa.<br data-start=\"4157\" data-end=\"4160\" \/>Si la demande de modification est faite <strong data-start=\"4200\" data-end=\"4236\">plus de 58 jours avant l\u2019arriv\u00e9e<\/strong>, votre acompte (moins <strong data-start=\"4259\" data-end=\"4277\">200 \u20ac de frais<\/strong>) sera cr\u00e9dit\u00e9 sur votre nouvelle r\u00e9servation.<\/p>\n<p data-start=\"4325\" data-end=\"4557\">(<strong data-start=\"4326\" data-end=\"4360\">Annulation par le propri\u00e9taire<\/strong>)<br data-start=\"4361\" data-end=\"4364\" \/>En cas de force majeure, de vente du bien ou de tout \u00e9v\u00e9nement ind\u00e9pendant de sa volont\u00e9, le propri\u00e9taire peut annuler la r\u00e9servation.<br data-start=\"4498\" data-end=\"4501\" \/>Une <strong data-start=\"4505\" data-end=\"4534\">propri\u00e9t\u00e9 de remplacement<\/strong> vous sera propos\u00e9e :<\/p>\n<ul data-start=\"4558\" data-end=\"4747\">\n<li data-start=\"4558\" data-end=\"4627\">\n<p data-start=\"4560\" data-end=\"4627\">si elle co\u00fbte moins cher, la diff\u00e9rence vous sera <strong data-start=\"4610\" data-end=\"4624\">rembours\u00e9e<\/strong>,<\/p>\n<\/li>\n<li data-start=\"4628\" data-end=\"4747\">\n<p data-start=\"4630\" data-end=\"4747\">si elle co\u00fbte plus cher, <strong data-start=\"4655\" data-end=\"4675\">aucun suppl\u00e9ment<\/strong> ne sera demand\u00e9, sauf si vous choisissez une autre villa plus on\u00e9reuse.<\/p>\n<\/li>\n<\/ul>\n<h3 data-start=\"4749\" data-end=\"4778\">Formulaire de r\u00e9servation<\/h3>\n<p data-start=\"4779\" data-end=\"4881\">Si le formulaire ne peut \u00eatre rempli en ligne, il doit \u00eatre envoy\u00e9 <strong data-start=\"4846\" data-end=\"4880\">par courrier apr\u00e8s le paiement<\/strong>.<\/p>\n<h3 data-start=\"4883\" data-end=\"4907\">D\u00e9p\u00f4t de r\u00e9servation<\/h3>\n<p data-start=\"4908\" data-end=\"5030\">Un <strong data-start=\"4911\" data-end=\"4930\">acompte de 50 %<\/strong> du prix total est requis.<br data-start=\"4956\" data-end=\"4959\" \/>Des frais s\u2019appliquent pour les paiements d\u2019acompte par carte bancaire.<\/p>\n<h3 data-start=\"5032\" data-end=\"5063\">Caution \u2013 D\u00e9p\u00f4t de garantie<\/h3>\n<p data-start=\"5064\" data-end=\"5283\">Un <strong data-start=\"5067\" data-end=\"5088\">d\u00e9p\u00f4t de garantie<\/strong> de <strong data-start=\"5092\" data-end=\"5111\">400 \u20ac \u00e0 5 000 \u20ac<\/strong> (selon la villa) est exig\u00e9.<br data-start=\"5139\" data-end=\"5142\" \/>Il est restitu\u00e9 (virement, ch\u00e8que ou carte) <strong data-start=\"5186\" data-end=\"5225\">dans les 14 jours suivant le d\u00e9part<\/strong>, d\u00e9duction faite d\u2019\u00e9ventuels dommages ou frais impay\u00e9s.<\/p>\n<p data-start=\"5285\" data-end=\"5668\">Vous devez fournir une <strong data-start=\"5308\" data-end=\"5333\">autorisation de d\u00e9bit<\/strong> sur votre carte couvrant jusqu\u2019au montant de ce d\u00e9p\u00f4t.<br data-start=\"5388\" data-end=\"5391\" \/>En cas de dommages ou frais sup\u00e9rieurs, le propri\u00e9taire pourra r\u00e9clamer le <strong data-start=\"5466\" data-end=\"5480\">compl\u00e9ment<\/strong>.<br data-start=\"5481\" data-end=\"5484\" \/>Les <strong data-start=\"5488\" data-end=\"5510\">groupes non mixtes<\/strong> ou de <strong data-start=\"5517\" data-end=\"5547\">jeunes adultes (18-21 ans)<\/strong> devront verser un <strong data-start=\"5566\" data-end=\"5612\">d\u00e9p\u00f4t suppl\u00e9mentaire de 150 \u20ac par personne<\/strong>, ou par lit disponible, selon le montant le plus \u00e9lev\u00e9.<\/p>\n<h3 data-start=\"5670\" data-end=\"5700\">Garantie \u00ab Meilleur prix \u00bb<\/h3>\n<p data-start=\"5701\" data-end=\"5749\">Pour b\u00e9n\u00e9ficier d\u2019une correspondance de prix :<\/p>\n<ul data-start=\"5750\" data-end=\"6015\">\n<li data-start=\"5750\" data-end=\"5906\">\n<p data-start=\"5752\" data-end=\"5906\">la <strong data-start=\"5755\" data-end=\"5784\">preuve de tarif inf\u00e9rieur<\/strong> doit \u00eatre en ligne, accessible \u00e0 notre \u00e9quipe, et porter sur <strong data-start=\"5846\" data-end=\"5902\">la m\u00eame villa, la m\u00eame p\u00e9riode et les m\u00eames services<\/strong> ;<\/p>\n<\/li>\n<li data-start=\"5907\" data-end=\"6015\">\n<p data-start=\"5909\" data-end=\"6015\">ne sont pas \u00e9ligibles : offres sp\u00e9ciales, tarifs promotionnels, r\u00e9ductions de derni\u00e8re minute, packages.<\/p>\n<\/li>\n<\/ul>\n<p data-start=\"6017\" data-end=\"6102\">Toute demande doit \u00eatre faite <strong data-start=\"6047\" data-end=\"6092\">dans les 24 heures suivant la r\u00e9servation<\/strong>, avec :<\/p>\n<ul data-start=\"6103\" data-end=\"6236\">\n<li data-start=\"6103\" data-end=\"6131\">\n<p data-start=\"6105\" data-end=\"6131\">nom du client principal,<\/p>\n<\/li>\n<li data-start=\"6132\" data-end=\"6152\">\n<p data-start=\"6134\" data-end=\"6152\">nom de la villa,<\/p>\n<\/li>\n<li data-start=\"6153\" data-end=\"6172\">\n<p data-start=\"6155\" data-end=\"6172\">date d\u2019arriv\u00e9e,<\/p>\n<\/li>\n<li data-start=\"6173\" data-end=\"6236\">\n<p data-start=\"6175\" data-end=\"6236\">site concurrent et tarif affich\u00e9 (lien ou capture d\u2019\u00e9cran).<\/p>\n<\/li>\n<\/ul>\n<p data-start=\"6238\" data-end=\"6296\">Notre d\u00e9cision est <strong data-start=\"6257\" data-end=\"6295\">finale et \u00e0 notre seule discr\u00e9tion<\/strong>.<\/p>\n<p>[\/vc_column_text][\/vc_column][\/vc_row]<\/p>","protected":false},"excerpt":{"rendered":"<p>[vc_row full_width=&#8221;stretch_row&#8221; gap=&#8221;&#8221; parallax=&#8221;content-moving&#8221; parallax_image=&#8221;3012&#8243; overlay_color=&#8221;rgba(0,0,0,0.6)&#8221; text_color=&#8221;#ffffff&#8221; css=&#8221;.vc_custom_1729739338342{padding-top: 240px !important;padding-bottom: 240px !important;}&#8221;][vc_column width=&#8221;3\/4&#8243;][\/vc_column][vc_column width=&#8221;1\/4&#8243;][\/vc_column][\/vc_row][vc_row gap=&#8221;&#8221; css=&#8221;.vc_custom_1758306842850{padding-top: 84px !important;padding-bottom: 84px !important;}&#8221;][vc_column][vc_column_text] Contrat Le contrat conclu entre vous et nous prend effet lorsque nous recevons votre acompte ou le paiement total. Jusqu\u2019\u00e0 ce moment, le propri\u00e9taire et nous-m\u00eames n\u2019avons aucune responsabilit\u00e9 \u00e0 votre \u00e9gard.Une fois l\u2019acompte pay\u00e9,[&#8230;] <a href=\"https:\/\/mmvilla.com\/fr\/manu-mykonos-villa-conditions-de-reservation-paiement\/\" class=\"more-link\">Continue reading<\/a><\/p>\n","protected":false},"author":6,"featured_media":0,"parent":0,"menu_order":0,"comment_status":"closed","ping_status":"closed","template":"","meta":{"footnotes":""},"class_list":["post-11861","page","type-page","status-publish","hentry"],"yoast_head":"<!-- This site is optimized with the Yoast SEO Premium plugin v23.5 (Yoast SEO v25.7) - https:\/\/yoast.com\/wordpress\/plugins\/seo\/ -->\n<title>Conditions de r\u00e9servation &amp; paiement \u2013 Manu Mykonos Villa<\/title>\n<meta name=\"description\" content=\"D\u00e9couvrez les conditions de r\u00e9servation &amp; paiement de Manu Mykonos Villa : d\u00e9p\u00f4t, modes de paiement, annulation &amp; frais li\u00e9s \u00e0 votre s\u00e9jour.\" \/>\n<meta name=\"robots\" content=\"index, follow, max-snippet:-1, max-image-preview:large, max-video-preview:-1\" \/>\n<link rel=\"canonical\" href=\"https:\/\/mmvilla.com\/fr\/manu-mykonos-villa-conditions-de-reservation-paiement\/\" \/>\n<meta property=\"og:locale\" content=\"fr_FR\" \/>\n<meta property=\"og:type\" content=\"article\" \/>\n<meta property=\"og:title\" content=\"MANU MYKONOS VILLA BOOKING &amp; PAYMENT CONDITIONS\" \/>\n<meta property=\"og:description\" content=\"D\u00e9couvrez les conditions de r\u00e9servation &amp; paiement de Manu Mykonos Villa : d\u00e9p\u00f4t, modes de paiement, annulation &amp; frais li\u00e9s \u00e0 votre s\u00e9jour.\" \/>\n<meta property=\"og:url\" content=\"https:\/\/mmvilla.com\/fr\/manu-mykonos-villa-conditions-de-reservation-paiement\/\" \/>\n<meta property=\"og:site_name\" content=\"Majestic Manu Mykonos \u2013 Private Villa, Premium Suites &amp; More\" \/>\n<meta property=\"article:publisher\" content=\"https:\/\/www.facebook.com\/p\/Quality-Brand-Villas-100039678235957\/\" \/>\n<meta property=\"article:modified_time\" content=\"2025-09-24T20:03:49+00:00\" \/>\n<meta name=\"twitter:card\" content=\"summary_large_image\" \/>\n<meta name=\"twitter:label1\" content=\"Dur\u00e9e de lecture estim\u00e9e\" \/>\n\t<meta name=\"twitter:data1\" content=\"5 minutes\" \/>\n<script type=\"application\/ld+json\" class=\"yoast-schema-graph\">{\"@context\":\"https:\/\/schema.org\",\"@graph\":[{\"@type\":\"WebPage\",\"@id\":\"https:\/\/mmvilla.com\/fr\/manu-mykonos-villa-conditions-de-reservation-paiement\/\",\"url\":\"https:\/\/mmvilla.com\/fr\/manu-mykonos-villa-conditions-de-reservation-paiement\/\",\"name\":\"Conditions de r\u00e9servation & paiement \u2013 Manu Mykonos Villa\",\"isPartOf\":{\"@id\":\"https:\/\/mmvilla.com\/#website\"},\"datePublished\":\"2021-09-21T03:11:25+00:00\",\"dateModified\":\"2025-09-24T20:03:49+00:00\",\"description\":\"D\u00e9couvrez les conditions de r\u00e9servation & paiement de Manu Mykonos Villa : d\u00e9p\u00f4t, modes de paiement, annulation & frais li\u00e9s \u00e0 votre s\u00e9jour.\",\"breadcrumb\":{\"@id\":\"https:\/\/mmvilla.com\/fr\/manu-mykonos-villa-conditions-de-reservation-paiement\/#breadcrumb\"},\"inLanguage\":\"fr-FR\",\"potentialAction\":[{\"@type\":\"ReadAction\",\"target\":[\"https:\/\/mmvilla.com\/fr\/manu-mykonos-villa-conditions-de-reservation-paiement\/\"]}]},{\"@type\":\"BreadcrumbList\",\"@id\":\"https:\/\/mmvilla.com\/fr\/manu-mykonos-villa-conditions-de-reservation-paiement\/#breadcrumb\",\"itemListElement\":[{\"@type\":\"ListItem\",\"position\":1,\"name\":\"Home\",\"item\":\"https:\/\/mmvilla.com\/fr\/\"},{\"@type\":\"ListItem\",\"position\":2,\"name\":\"MANU MYKONOS VILLA BOOKING &#038; PAYMENT CONDITIONS\"}]},{\"@type\":\"WebSite\",\"@id\":\"https:\/\/mmvilla.com\/#website\",\"url\":\"https:\/\/mmvilla.com\/\",\"name\":\"Manu Mykonos Villa\",\"description\":\"Mykonos Luxury Living, Perfected by Majestic Manu\",\"publisher\":{\"@id\":\"https:\/\/mmvilla.com\/#organization\"},\"alternateName\":\"MMVILLA\",\"potentialAction\":[{\"@type\":\"SearchAction\",\"target\":{\"@type\":\"EntryPoint\",\"urlTemplate\":\"https:\/\/mmvilla.com\/?s={search_term_string}\"},\"query-input\":{\"@type\":\"PropertyValueSpecification\",\"valueRequired\":true,\"valueName\":\"search_term_string\"}}],\"inLanguage\":\"fr-FR\"},{\"@type\":\"Organization\",\"@id\":\"https:\/\/mmvilla.com\/#organization\",\"name\":\"QB Villas\",\"url\":\"https:\/\/mmvilla.com\/\",\"logo\":{\"@type\":\"ImageObject\",\"inLanguage\":\"fr-FR\",\"@id\":\"https:\/\/mmvilla.com\/#\/schema\/logo\/image\/\",\"url\":\"https:\/\/mmvilla.com\/wp-content\/uploads\/2018\/12\/QUALITY-BRAND-LOGO-KEM-QBVILLAS.png\",\"contentUrl\":\"https:\/\/mmvilla.com\/wp-content\/uploads\/2018\/12\/QUALITY-BRAND-LOGO-KEM-QBVILLAS.png\",\"width\":487,\"height\":500,\"caption\":\"QB Villas\"},\"image\":{\"@id\":\"https:\/\/mmvilla.com\/#\/schema\/logo\/image\/\"},\"sameAs\":[\"https:\/\/www.facebook.com\/p\/Quality-Brand-Villas-100039678235957\/\",\"https:\/\/www.instagram.com\/qualitybrandvillas\/\",\"https:\/\/www.linkedin.com\/company\/quality-brand-villas\"]}]}<\/script>\n<!-- \/ Yoast SEO Premium plugin. -->","yoast_head_json":{"title":"Conditions de r\u00e9servation & paiement \u2013 Manu Mykonos Villa","description":"D\u00e9couvrez les conditions de r\u00e9servation & paiement de Manu Mykonos Villa : d\u00e9p\u00f4t, modes de paiement, annulation & frais li\u00e9s \u00e0 votre s\u00e9jour.","robots":{"index":"index","follow":"follow","max-snippet":"max-snippet:-1","max-image-preview":"max-image-preview:large","max-video-preview":"max-video-preview:-1"},"canonical":"https:\/\/mmvilla.com\/fr\/manu-mykonos-villa-conditions-de-reservation-paiement\/","og_locale":"fr_FR","og_type":"article","og_title":"MANU MYKONOS VILLA BOOKING & PAYMENT CONDITIONS","og_description":"D\u00e9couvrez les conditions de r\u00e9servation & paiement de Manu Mykonos Villa : d\u00e9p\u00f4t, modes de paiement, annulation & frais li\u00e9s \u00e0 votre s\u00e9jour.","og_url":"https:\/\/mmvilla.com\/fr\/manu-mykonos-villa-conditions-de-reservation-paiement\/","og_site_name":"Majestic Manu Mykonos \u2013 Private Villa, Premium Suites &amp; More","article_publisher":"https:\/\/www.facebook.com\/p\/Quality-Brand-Villas-100039678235957\/","article_modified_time":"2025-09-24T20:03:49+00:00","twitter_card":"summary_large_image","twitter_misc":{"Dur\u00e9e de lecture estim\u00e9e":"5 minutes"},"schema":{"@context":"https:\/\/schema.org","@graph":[{"@type":"WebPage","@id":"https:\/\/mmvilla.com\/fr\/manu-mykonos-villa-conditions-de-reservation-paiement\/","url":"https:\/\/mmvilla.com\/fr\/manu-mykonos-villa-conditions-de-reservation-paiement\/","name":"Conditions de r\u00e9servation & paiement \u2013 Manu Mykonos Villa","isPartOf":{"@id":"https:\/\/mmvilla.com\/#website"},"datePublished":"2021-09-21T03:11:25+00:00","dateModified":"2025-09-24T20:03:49+00:00","description":"D\u00e9couvrez les conditions de r\u00e9servation & paiement de Manu Mykonos Villa : d\u00e9p\u00f4t, modes de paiement, annulation & frais li\u00e9s \u00e0 votre s\u00e9jour.","breadcrumb":{"@id":"https:\/\/mmvilla.com\/fr\/manu-mykonos-villa-conditions-de-reservation-paiement\/#breadcrumb"},"inLanguage":"fr-FR","potentialAction":[{"@type":"ReadAction","target":["https:\/\/mmvilla.com\/fr\/manu-mykonos-villa-conditions-de-reservation-paiement\/"]}]},{"@type":"BreadcrumbList","@id":"https:\/\/mmvilla.com\/fr\/manu-mykonos-villa-conditions-de-reservation-paiement\/#breadcrumb","itemListElement":[{"@type":"ListItem","position":1,"name":"Home","item":"https:\/\/mmvilla.com\/fr\/"},{"@type":"ListItem","position":2,"name":"MANU MYKONOS VILLA BOOKING &#038; PAYMENT CONDITIONS"}]},{"@type":"WebSite","@id":"https:\/\/mmvilla.com\/#website","url":"https:\/\/mmvilla.com\/","name":"Manu Mykonos Villa","description":"Mykonos Luxury Living, Perfected by Majestic Manu","publisher":{"@id":"https:\/\/mmvilla.com\/#organization"},"alternateName":"MMVILLA","potentialAction":[{"@type":"SearchAction","target":{"@type":"EntryPoint","urlTemplate":"https:\/\/mmvilla.com\/?s={search_term_string}"},"query-input":{"@type":"PropertyValueSpecification","valueRequired":true,"valueName":"search_term_string"}}],"inLanguage":"fr-FR"},{"@type":"Organization","@id":"https:\/\/mmvilla.com\/#organization","name":"QB Villas","url":"https:\/\/mmvilla.com\/","logo":{"@type":"ImageObject","inLanguage":"fr-FR","@id":"https:\/\/mmvilla.com\/#\/schema\/logo\/image\/","url":"https:\/\/mmvilla.com\/wp-content\/uploads\/2018\/12\/QUALITY-BRAND-LOGO-KEM-QBVILLAS.png","contentUrl":"https:\/\/mmvilla.com\/wp-content\/uploads\/2018\/12\/QUALITY-BRAND-LOGO-KEM-QBVILLAS.png","width":487,"height":500,"caption":"QB Villas"},"image":{"@id":"https:\/\/mmvilla.com\/#\/schema\/logo\/image\/"},"sameAs":["https:\/\/www.facebook.com\/p\/Quality-Brand-Villas-100039678235957\/","https:\/\/www.instagram.com\/qualitybrandvillas\/","https:\/\/www.linkedin.com\/company\/quality-brand-villas"]}]}},"_links":{"self":[{"href":"https:\/\/mmvilla.com\/fr\/wp-json\/wp\/v2\/pages\/11861","targetHints":{"allow":["GET"]}}],"collection":[{"href":"https:\/\/mmvilla.com\/fr\/wp-json\/wp\/v2\/pages"}],"about":[{"href":"https:\/\/mmvilla.com\/fr\/wp-json\/wp\/v2\/types\/page"}],"author":[{"embeddable":true,"href":"https:\/\/mmvilla.com\/fr\/wp-json\/wp\/v2\/users\/6"}],"replies":[{"embeddable":true,"href":"https:\/\/mmvilla.com\/fr\/wp-json\/wp\/v2\/comments?post=11861"}],"version-history":[{"count":5,"href":"https:\/\/mmvilla.com\/fr\/wp-json\/wp\/v2\/pages\/11861\/revisions"}],"predecessor-version":[{"id":11872,"href":"https:\/\/mmvilla.com\/fr\/wp-json\/wp\/v2\/pages\/11861\/revisions\/11872"}],"wp:attachment":[{"href":"https:\/\/mmvilla.com\/fr\/wp-json\/wp\/v2\/media?parent=11861"}],"curies":[{"name":"wp","href":"https:\/\/api.w.org\/{rel}","templated":true}]}}