{"id":11058,"date":"2025-05-28T13:25:51","date_gmt":"2025-05-28T10:25:51","guid":{"rendered":"https:\/\/mmvilla.com\/manu-mykonos-villa-idyll-bungalow-2\/"},"modified":"2025-10-13T08:09:21","modified_gmt":"2025-10-13T05:09:21","slug":"manu-mykonos-villa-idyll-bungalow-di-lusso","status":"publish","type":"page","link":"https:\/\/mmvilla.com\/it\/manu-mykonos-villa-idyll-bungalow-di-lusso\/","title":{"rendered":"MANU MYKONOS VILLA Idyll Bungalow"},"content":{"rendered":"<p>[vc_row full_width=&#8221;stretch_row&#8221; gap=&#8221;&#8221; full_height=&#8221;yes&#8221; equal_height=&#8221;yes&#8221; parallax=&#8221;content-moving&#8221; parallax_image=&#8221;8500&#8243; overlay_color=&#8221;rgba(33,33,33,0.4)&#8221; text_color=&#8221;#ffffff&#8221; css=&#8221;.vc_custom_1758872249611{padding-top: 180px !important;padding-bottom: 180px !important;}&#8221;][vc_column width=&#8221;1\/2&#8243;][vc_column_text css_animation=&#8221;fadeInUp&#8221;]<\/p>\n<h1><em>L\u2019Esclusivo Bungalow Idyll<\/em><\/h1>\n<h4>Il tuo perfetto rifugio privato con viste mozzafiato sul mare a Mykonos<\/h4>\n<h3>MIGLIOR PREZZO GARANTITO<\/h3>\n<h4><a href=\"https:\/\/mmvilla.com\/it\/manu-mykonos-villa-prenota-online\/\" target=\"_blank\" rel=\"noopener\"><strong data-start=\"225\" data-end=\"280\">Prenota oggi il tuo soggiorno da sogno!<\/strong><\/a><\/h4>\n<p>[\/vc_column_text][\/vc_column][vc_column width=&#8221;1\/2&#8243;][vc_empty_space height=&#8221;84px&#8221;][\/vc_column][\/vc_row][vc_row full_width=&#8221;stretch_row_content&#8221; gap=&#8221;&#8221; equal_height=&#8221;yes&#8221; content_placement=&#8221;top&#8221; parallax=&#8221;content-moving&#8221; css=&#8221;.vc_custom_1759824501460{padding-top: 32px !important;padding-bottom: 32px !important;}&#8221;][vc_column parallax_image=&#8221;2821&#8243; width=&#8221;1\/2&#8243; overlay_color=&#8221;rgba(255,255,255,0.9)&#8221; css=&#8221;.vc_custom_1759315170438{padding-top: 32px !important;padding-right: 100px !important;padding-left: 100px !important;}&#8221;][vc_row_inner][vc_column_inner]<div class=\"heading-with-separator text-left id_169e34604148741930538637   wpb_animate_when_almost_visible wpb_fadeInUp fadeInUp \"><div class=\"header-content\">\n\t\t\t<p class=\"h-subheading\">Vista Mare | Ospiti: fino a 3 | Camere da Letto: 1 | Bagno: 1 | Superficie: 60 m\u00b2 (di cui 30 m\u00b2 interni \u2013 pari a 645 ft\u00b2)<\/p>\n\t\t\t<h2 class=\"heading  heading-decorator-1\" style=\"; letter-spacing: 0px; \">Assolutamente Raffinato Bungalow Idyll Esclusivo<br \/>\n<em>&amp; Prezzo Eccezionale<\/em><\/h2><\/div><\/div><div class=\"custom-styles\" data-styles=\".id_169e34604148741930538637 .heading-decorator-1:before, .id_169e34604148741930538637 .heading-decorator-1:after { border-color: #000000}\"><\/div><div class=\"heading-with-separator text-left id_169e34604148ec85161162   wpb_animate_when_almost_visible wpb_fadeInUp fadeInUp \"><div class=\"header-content\">\n\t\t\t<p class=\"h-subheading\"><\/p>\n\t\t\t<h4 class=\"heading  \" style=\"; letter-spacing: 0px; \">Idyll Bungalow \u2013 Soggiorno Privato con Vista Mare a Due Passi dalla Spiaggia<\/h4><\/div><\/div><div class=\"custom-styles\" data-styles=\".id_169e34604148ec85161162 .heading-decorator-1:before, .id_169e34604148ec85161162 .heading-decorator-1:after { border-color: #000000}\"><\/div>[vc_column_text css_animation=&#8221;fadeInUp&#8221;]<\/p>\n<h6 data-start=\"176\" data-end=\"545\">Fuggi all\u2019<strong data-start=\"186\" data-end=\"204\">Idyll Bungalow<\/strong>, un rifugio elegante e riservato per un massimo di 3 ospiti, a pochi minuti dalla spiaggia.<\/h6>\n<h6 data-start=\"176\" data-end=\"545\">Questa casa vacanze a mykonos con vista mare offre un letto king-size, un ampio divano, un bagno privato e un angolo cottura completamente attrezzato \u2014 ideale per coppie, viaggiatori solitari o piccole famiglie in cerca di comfort e indipendenza.<\/h6>\n<h6 data-start=\"547\" data-end=\"873\">Goditi un ingresso privato e un ampio balcone esterno con viste panoramiche sul mar egeo, perfetto per una colazione al mattino o un bicchiere di vino al tramonto. situato all\u2019interno dell\u2019esclusiva tenuta <strong data-start=\"753\" data-end=\"769\">manu mykonos<\/strong>, l\u2019alloggio offre anche accesso a una piscina a sfioro condivisa, lounge in giardino e area barbecue.<\/h6>\n<h6 data-start=\"875\" data-end=\"1155\">Che tu stia pianificando una fuga romantica a mykonos, un ritiro solitario in totale relax o una vacanza al mare all\u2019insegna dello stile, l\u2019<strong data-start=\"1015\" data-end=\"1033\">idyll bungalow<\/strong> offre il perfetto equilibrio tra privacy, design e bellezza naturale \u2014 a pochi passi dalle migliori spiagge dell\u2019isola.<\/h6>\n<p>[\/vc_column_text][vc_column_text]<\/p>\n<div class=\"heading-with-separator text-left id_168c6b3d297a247849492 \">\n<div class=\"header-content\">\n<h4><strong data-start=\"136\" data-end=\"200\">Materassi \u2013 Dormire in modo naturale, riposare profondamente<\/strong><\/h4>\n<p data-start=\"203\" data-end=\"563\"><strong>Il tuo comfort conta<\/strong>. per questo ogni letto della <strong data-start=\"253\" data-end=\"269\">manu mykonos<\/strong> \u00e8 dotato di materassi premium completamente naturali, selezionati per qualit\u00e0, sostegno e sostenibilit\u00e0. realizzati con le migliori materie prime e scelti con cura e competenza, i nostri letti garantiscono un sonno lussuoso e rigenerante \u2014 di quelli che si ricordano a lungo dopo il soggiorno.<\/p>\n<hr data-start=\"565\" data-end=\"568\" \/>\n<h4 data-start=\"570\" data-end=\"659\"><strong data-start=\"574\" data-end=\"657\">Angolo cottura \u2013 Progettato con cura per una ristorazione in villa senza sforzo<\/strong><\/h4>\n<p data-start=\"660\" data-end=\"1129\"><strong>L\u2019angolo cottura privato unisce funzionalit\u00e0 e raffinatezza. comprende un elegante lavello, piano di lavoro lucido, frigorifero compatto, piano cottura in vetroceramica, microonde moderno e tostapane in acciaio inox.<\/strong><\/p>\n<p data-start=\"660\" data-end=\"1129\">Mobili su misura offrono ampio spazio, mentre una cappa discreta assicura il ricambio d\u2019aria. completano l\u2019ambiente utensili selezionati, posate di pregio ed elettrodomestici essenziali: l\u2019ideale per preparare colazioni leggere o aperitivi al tramonto.<\/p>\n<hr data-start=\"1131\" data-end=\"1134\" \/>\n<h4 data-start=\"1136\" data-end=\"1210\"><strong data-start=\"1140\" data-end=\"1208\">Nespresso \u2013 Inizia le tue mattine con un momento di puro piacere<\/strong><\/h4>\n<p data-start=\"1211\" data-end=\"1427\"><strong>La suite \u00e8 dotata di una macchina nespresso premium e di un elegante bollitore, per gustare le migliori miscele di caff\u00e8 o tisane in qualsiasi momento<\/strong> \u2014 dall\u2019espresso all\u2019alba a un infuso rilassante prima di dormire.<\/p>\n<hr data-start=\"1429\" data-end=\"1432\" \/>\n<h4 data-start=\"1434\" data-end=\"1519\"><strong data-start=\"1438\" data-end=\"1517\">Amazon TV &amp; Netflix \u2013 Rilassati con stile con i tuoi film e serie preferiti<\/strong><\/h4>\n<p data-start=\"1520\" data-end=\"1785\"><strong>Ogni suite dispone di una smart tv con app integrate amazon prime e netflix, che offrono accesso immediato allo streaming personalizzato<\/strong> \u2014 cos\u00ec puoi goderti un intrattenimento di alta qualit\u00e0 dal comfort del letto o del salotto, in qualsiasi momento della giornata.<\/p>\n<hr data-start=\"1787\" data-end=\"1790\" \/>\n<h4 data-start=\"1792\" data-end=\"1861\"><strong data-start=\"1796\" data-end=\"1859\">Servizi &amp; dotazioni \u2013 Tutto ci\u00f2 che desideri e molto di pi\u00f9<\/strong><\/h4>\n<p data-start=\"1862\" data-end=\"2505\"><strong>Ammira splendide viste sul mare dal tuo balcone privato in questa camera non fumatori.<\/strong><\/p>\n<p data-start=\"1862\" data-end=\"2505\"><strong>Rilassati in un ampio ed elegante bagno e distenditi su confortevoli arredi da esterno. intrattenimento garantito con una smart-led tv da 43&#8243; dotata di amazon prime e netflix, oltre a un altoparlante bluetooth di alta qualit\u00e0.<\/strong><\/p>\n<p data-start=\"1862\" data-end=\"2505\">Resta connesso con wi-fi veloce e goditi il comfort personalizzato del climatizzatore.<\/p>\n<p data-start=\"1862\" data-end=\"2505\">Dettagli curati includono specchio da trucco illuminato, asciugacapelli, bilancia digitale, cassaforte, morbide lenzuola di cotone, soffici accappatoi, pantofole e prodotti da bagno di lusso per un soggiorno all\u2019insegna del massimo comfort<\/p>\n<\/div>\n<\/div>\n<p>[\/vc_column_text][\/vc_column_inner][\/vc_row_inner][\/vc_column][vc_column css_animation=&#8221;none&#8221; width=&#8221;1\/2&#8243;][vc_empty_space]<div class=\"rokka-gallery rokka-gallery-element\"><div class=\"rokka-gallery-masonry rokka-grid rokka-2-col   animate-text\" data-ismasonry=\"0\" data-imgbg=\"1\"><article class=\"grid-sizer\"><\/article><article class=\"gutter-sizer\"><\/article><article class=\"w1-h1\"><div class=\"layer\"><div class=\"img-bg\" data-depth=\"0.50\" style=\"background-image: url(https:\/\/mmvilla.com\/wp-content\/uploads\/2024\/10\/Manu-Sea-Sun-Villa-Mykonos-103-1.jpg) \" ><\/div><\/div>\n\t\t\t\t\t\t<div class=\"rokka-gallery-item open-lightbox_images\"><a class=\"gallery-link\" href=\"https:\/\/mmvilla.com\/wp-content\/uploads\/2024\/10\/Manu-Sea-Sun-Villa-Mykonos-103-1.jpg\" data-size=\"640x427\"><\/a><div class=\"image-wrapper\"><span class=\"gallery-img \" style=\"background-image: url(https:\/\/mmvilla.com\/wp-content\/uploads\/2024\/10\/Manu-Sea-Sun-Villa-Mykonos-103-1.jpg);\"><\/span><\/div><\/div><\/article><article class=\"w1-h1\"><div class=\"layer\"><div class=\"img-bg\" data-depth=\"0.50\" style=\"background-image: url(https:\/\/mmvilla.com\/wp-content\/uploads\/2024\/10\/Manu-Sea-Sun-Villa-Mykonos-148.jpg) \" ><\/div><\/div>\n\t\t\t\t\t\t<div class=\"rokka-gallery-item open-lightbox_images\"><a class=\"gallery-link\" href=\"https:\/\/mmvilla.com\/wp-content\/uploads\/2024\/10\/Manu-Sea-Sun-Villa-Mykonos-148.jpg\" data-size=\"640x454\"><\/a><div class=\"image-wrapper\"><span class=\"gallery-img \" style=\"background-image: url(https:\/\/mmvilla.com\/wp-content\/uploads\/2024\/10\/Manu-Sea-Sun-Villa-Mykonos-148.jpg);\"><\/span><\/div><\/div><\/article><article class=\"w1-h1\"><div class=\"layer\"><div class=\"img-bg\" data-depth=\"0.50\" style=\"background-image: url(https:\/\/mmvilla.com\/wp-content\/uploads\/2024\/10\/Manu-Sea-Sun-Villa-Mykonos-149.jpg) \" ><\/div><\/div>\n\t\t\t\t\t\t<div class=\"rokka-gallery-item open-lightbox_images\"><a class=\"gallery-link\" href=\"https:\/\/mmvilla.com\/wp-content\/uploads\/2024\/10\/Manu-Sea-Sun-Villa-Mykonos-149.jpg\" data-size=\"640x454\"><\/a><div class=\"image-wrapper\"><span class=\"gallery-img \" style=\"background-image: url(https:\/\/mmvilla.com\/wp-content\/uploads\/2024\/10\/Manu-Sea-Sun-Villa-Mykonos-149.jpg);\"><\/span><\/div><\/div><\/article><article class=\"w1-h1\"><div class=\"layer\"><div class=\"img-bg\" data-depth=\"0.50\" style=\"background-image: url(https:\/\/mmvilla.com\/wp-content\/uploads\/2024\/10\/Manu-Sea-Sun-Villa-Mykonos-150.jpg) \" ><\/div><\/div>\n\t\t\t\t\t\t<div class=\"rokka-gallery-item open-lightbox_images\"><a class=\"gallery-link\" href=\"https:\/\/mmvilla.com\/wp-content\/uploads\/2024\/10\/Manu-Sea-Sun-Villa-Mykonos-150.jpg\" data-size=\"640x454\"><\/a><div class=\"image-wrapper\"><span class=\"gallery-img \" style=\"background-image: url(https:\/\/mmvilla.com\/wp-content\/uploads\/2024\/10\/Manu-Sea-Sun-Villa-Mykonos-150.jpg);\"><\/span><\/div><\/div><\/article><article class=\"w1-h1\"><div class=\"layer\"><div class=\"img-bg\" data-depth=\"0.50\" style=\"background-image: url(https:\/\/mmvilla.com\/wp-content\/uploads\/2025\/05\/Prestigious-Large-Seaview-Bungalow.jpg) \" ><\/div><\/div>\n\t\t\t\t\t\t<div class=\"rokka-gallery-item open-lightbox_images\"><a class=\"gallery-link\" href=\"https:\/\/mmvilla.com\/wp-content\/uploads\/2025\/05\/Prestigious-Large-Seaview-Bungalow.jpg\" data-size=\"640x640\"><\/a><div class=\"image-wrapper\"><span class=\"gallery-img \" style=\"background-image: url(https:\/\/mmvilla.com\/wp-content\/uploads\/2025\/05\/Prestigious-Large-Seaview-Bungalow.jpg);\"><\/span><\/div><\/div><\/article><article class=\"w1-h1\"><div class=\"layer\"><div class=\"img-bg\" data-depth=\"0.50\" style=\"background-image: url(https:\/\/mmvilla.com\/wp-content\/uploads\/2024\/10\/4-Manu-Sea-Sun-Villa-Mykonos-Idyll-Bungalow-5-1600x900.jpg) \" ><\/div><\/div>\n\t\t\t\t\t\t<div class=\"rokka-gallery-item open-lightbox_images\"><a class=\"gallery-link\" href=\"https:\/\/mmvilla.com\/wp-content\/uploads\/2024\/10\/4-Manu-Sea-Sun-Villa-Mykonos-Idyll-Bungalow-5-scaled.jpg\" data-size=\"640x360\"><\/a><div class=\"image-wrapper\"><span class=\"gallery-img \" style=\"background-image: url(https:\/\/mmvilla.com\/wp-content\/uploads\/2024\/10\/4-Manu-Sea-Sun-Villa-Mykonos-Idyll-Bungalow-5-1600x900.jpg);\"><\/span><\/div><\/div><\/article><article class=\"w1-h1\"><div class=\"layer\"><div class=\"img-bg\" data-depth=\"0.50\" style=\"background-image: url(https:\/\/mmvilla.com\/wp-content\/uploads\/2024\/10\/Manu-Sea-Sun-Villa-Mykonos-101-1.jpg) \" ><\/div><\/div>\n\t\t\t\t\t\t<div class=\"rokka-gallery-item open-lightbox_images\"><a class=\"gallery-link\" href=\"https:\/\/mmvilla.com\/wp-content\/uploads\/2024\/10\/Manu-Sea-Sun-Villa-Mykonos-101-1.jpg\" data-size=\"640x454\"><\/a><div class=\"image-wrapper\"><span class=\"gallery-img \" style=\"background-image: url(https:\/\/mmvilla.com\/wp-content\/uploads\/2024\/10\/Manu-Sea-Sun-Villa-Mykonos-101-1.jpg);\"><\/span><\/div><\/div><\/article><article class=\"w1-h1\"><div class=\"layer\"><div class=\"img-bg\" data-depth=\"0.50\" style=\"background-image: url(https:\/\/mmvilla.com\/wp-content\/uploads\/2018\/12\/cropped-LOGO-MANU-TRANSPARENT.png) \" ><\/div><\/div>\n\t\t\t\t\t\t<div class=\"rokka-gallery-item open-lightbox_images\"><a class=\"gallery-link\" href=\"https:\/\/mmvilla.com\/wp-content\/uploads\/2018\/12\/cropped-LOGO-MANU-TRANSPARENT.png\" data-size=\"512x512\"><\/a><div class=\"image-wrapper\"><span class=\"gallery-img \" style=\"background-image: url(https:\/\/mmvilla.com\/wp-content\/uploads\/2018\/12\/cropped-LOGO-MANU-TRANSPARENT.png);\"><\/span><\/div><\/div><\/article><\/div><\/div>[vc_empty_space]<div class=\"heading-with-separator text-left id_169e3460415c70229059735   \"><div class=\"header-content\">\n\t\t\t<p class=\"h-subheading\"><\/p>\n\t\t\t<h5 class=\"heading  \" style=\"color: #000000; letter-spacing: 0px; \">Mykonos. Pensata per Te.<br \/>\nEntra in un mondo di eleganza e armonia, dove ogni dettaglio \u00e8 curato con attenzione pensando a te.<\/h5><\/div><\/div><div class=\"custom-styles\" data-styles=\".id_169e3460415c70229059735 .heading-decorator-1:before, .id_169e3460415c70229059735 .heading-decorator-1:after { border-color: #000000}\"><\/div><div class=\"heading-with-separator text-left id_169e3460415c9a1861509207   \"><div class=\"header-content\">\n\t\t\t<p class=\"h-subheading\"><\/p>\n\t\t\t<h6 class=\"heading  \" style=\"color: #000000; letter-spacing: 0px; \">Pi\u00f9 di un semplice soggiorno, \u00e8 un\u2019esperienza esclusiva per viaggiatori che apprezzano autenticit\u00e0, comfort e stile. Ogni elemento riflette l\u2019essenza di Mykonos, regalando un\u2019esperienza fluida, ispirante e indimenticabile.<\/h6><\/div><\/div><div class=\"custom-styles\" data-styles=\".id_169e3460415c9a1861509207 .heading-decorator-1:before, .id_169e3460415c9a1861509207 .heading-decorator-1:after { border-color: #000000}\"><\/div><div class=\"heading-with-separator text-left id_169e3460415cb81814356293   \"><div class=\"header-content\">\n\t\t\t<p class=\"h-subheading\"><\/p>\n\t\t\t<h5 class=\"heading  \" style=\"color: #000000; letter-spacing: 0px; \">Con servizi personalizzati, attenzioni speciali e momenti da custodire, la tua vacanza a Mykonos sar\u00e0 sempre unica come te.<\/h5><\/div><\/div><div class=\"custom-styles\" data-styles=\".id_169e3460415cb81814356293 .heading-decorator-1:before, .id_169e3460415cb81814356293 .heading-decorator-1:after { border-color: #000000}\"><\/div><div class=\"btn-wrapper text-left id_169e3460415cd71531957153   icon-left \" ><a href=\"https:\/\/mmvilla.com\/it\/manu-mykonos-villa-prenota-online\/%20\" target='_blank' class=\"btn btn-lg btn-dark btn-solid\" data-btn-text=\"PRENOTA ONLINE\">PRENOTA ONLINE<\/a><\/div>[\/vc_column][\/vc_row]<\/p>","protected":false},"excerpt":{"rendered":"<p>[vc_row full_width=&#8221;stretch_row&#8221; gap=&#8221;&#8221; full_height=&#8221;yes&#8221; equal_height=&#8221;yes&#8221; parallax=&#8221;content-moving&#8221; parallax_image=&#8221;8500&#8243; overlay_color=&#8221;rgba(33,33,33,0.4)&#8221; text_color=&#8221;#ffffff&#8221; css=&#8221;.vc_custom_1758872249611{padding-top: 180px !important;padding-bottom: 180px !important;}&#8221;][vc_column width=&#8221;1\/2&#8243;][vc_column_text css_animation=&#8221;fadeInUp&#8221;] L\u2019Esclusivo Bungalow Idyll Il tuo perfetto rifugio privato con viste mozzafiato sul mare a Mykonos MIGLIOR PREZZO GARANTITO Prenota oggi il tuo soggiorno da sogno! [\/vc_column_text][\/vc_column][vc_column width=&#8221;1\/2&#8243;][vc_empty_space height=&#8221;84px&#8221;][\/vc_column][\/vc_row][vc_row full_width=&#8221;stretch_row_content&#8221; gap=&#8221;&#8221; equal_height=&#8221;yes&#8221; content_placement=&#8221;top&#8221; parallax=&#8221;content-moving&#8221; css=&#8221;.vc_custom_1759824501460{padding-top: 32px !important;padding-bottom: 32px !important;}&#8221;][vc_column parallax_image=&#8221;2821&#8243;[&#8230;] <a href=\"https:\/\/mmvilla.com\/it\/manu-mykonos-villa-idyll-bungalow-di-lusso\/\" class=\"more-link\">Continue reading<\/a><\/p>\n","protected":false},"author":2,"featured_media":0,"parent":0,"menu_order":0,"comment_status":"closed","ping_status":"closed","template":"","meta":{"footnotes":""},"class_list":["post-11058","page","type-page","status-publish","hentry"],"yoast_head":"<!-- This site is optimized with the Yoast SEO Premium plugin v23.5 (Yoast SEO v25.7) - https:\/\/yoast.com\/wordpress\/plugins\/seo\/ -->\n<title>Bungalow Idyll \u2013 Lusso Contemporaneo e Vista Mare a Mykonos<\/title>\n<meta name=\"description\" content=\"Vivi il lusso moderno al Bungalow Idyll: design cicladico, comfort premium e vista mare mozzafiato vicino ad Agia Anna\" \/>\n<meta name=\"robots\" content=\"index, follow, max-snippet:-1, max-image-preview:large, max-video-preview:-1\" \/>\n<link rel=\"canonical\" href=\"https:\/\/mmvilla.com\/it\/manu-mykonos-villa-idyll-bungalow-di-lusso\/\" \/>\n<meta property=\"og:locale\" content=\"it_IT\" \/>\n<meta property=\"og:type\" content=\"article\" \/>\n<meta property=\"og:title\" content=\"MANU MYKONOS VILLA Idyll Bungalow\" \/>\n<meta property=\"og:description\" content=\"Vivi il lusso moderno al Bungalow Idyll: design cicladico, comfort premium e vista mare mozzafiato vicino ad Agia Anna\" \/>\n<meta property=\"og:url\" content=\"https:\/\/mmvilla.com\/it\/manu-mykonos-villa-idyll-bungalow-di-lusso\/\" \/>\n<meta property=\"og:site_name\" content=\"Majestic Manu Mykonos \u2013 Private Villa, Premium Suites &amp; More\" \/>\n<meta property=\"article:publisher\" content=\"https:\/\/www.facebook.com\/p\/Quality-Brand-Villas-100039678235957\/\" \/>\n<meta property=\"article:modified_time\" content=\"2025-10-13T05:09:21+00:00\" \/>\n<meta name=\"twitter:card\" content=\"summary_large_image\" \/>\n<meta name=\"twitter:label1\" content=\"Tempo di lettura stimato\" \/>\n\t<meta name=\"twitter:data1\" content=\"4 minuti\" \/>\n<script type=\"application\/ld+json\" class=\"yoast-schema-graph\">{\"@context\":\"https:\/\/schema.org\",\"@graph\":[{\"@type\":\"WebPage\",\"@id\":\"https:\/\/mmvilla.com\/it\/manu-mykonos-villa-idyll-bungalow-di-lusso\/\",\"url\":\"https:\/\/mmvilla.com\/it\/manu-mykonos-villa-idyll-bungalow-di-lusso\/\",\"name\":\"Bungalow Idyll \u2013 Lusso Contemporaneo e Vista Mare a Mykonos\",\"isPartOf\":{\"@id\":\"https:\/\/mmvilla.com\/#website\"},\"datePublished\":\"2025-05-28T10:25:51+00:00\",\"dateModified\":\"2025-10-13T05:09:21+00:00\",\"description\":\"Vivi il lusso moderno al Bungalow Idyll: design cicladico, comfort premium e vista mare mozzafiato vicino ad Agia Anna\",\"breadcrumb\":{\"@id\":\"https:\/\/mmvilla.com\/it\/manu-mykonos-villa-idyll-bungalow-di-lusso\/#breadcrumb\"},\"inLanguage\":\"it-IT\",\"potentialAction\":[{\"@type\":\"ReadAction\",\"target\":[\"https:\/\/mmvilla.com\/it\/manu-mykonos-villa-idyll-bungalow-di-lusso\/\"]}]},{\"@type\":\"BreadcrumbList\",\"@id\":\"https:\/\/mmvilla.com\/it\/manu-mykonos-villa-idyll-bungalow-di-lusso\/#breadcrumb\",\"itemListElement\":[{\"@type\":\"ListItem\",\"position\":1,\"name\":\"Home\",\"item\":\"https:\/\/mmvilla.com\/it\/\"},{\"@type\":\"ListItem\",\"position\":2,\"name\":\"MANU MYKONOS VILLA Idyll Bungalow\"}]},{\"@type\":\"WebSite\",\"@id\":\"https:\/\/mmvilla.com\/#website\",\"url\":\"https:\/\/mmvilla.com\/\",\"name\":\"Manu Mykonos Villa\",\"description\":\"Mykonos Luxury Living, Perfected by Majestic Manu\",\"publisher\":{\"@id\":\"https:\/\/mmvilla.com\/#organization\"},\"alternateName\":\"MMVILLA\",\"potentialAction\":[{\"@type\":\"SearchAction\",\"target\":{\"@type\":\"EntryPoint\",\"urlTemplate\":\"https:\/\/mmvilla.com\/?s={search_term_string}\"},\"query-input\":{\"@type\":\"PropertyValueSpecification\",\"valueRequired\":true,\"valueName\":\"search_term_string\"}}],\"inLanguage\":\"it-IT\"},{\"@type\":\"Organization\",\"@id\":\"https:\/\/mmvilla.com\/#organization\",\"name\":\"QB Villas\",\"url\":\"https:\/\/mmvilla.com\/\",\"logo\":{\"@type\":\"ImageObject\",\"inLanguage\":\"it-IT\",\"@id\":\"https:\/\/mmvilla.com\/#\/schema\/logo\/image\/\",\"url\":\"https:\/\/mmvilla.com\/wp-content\/uploads\/2018\/12\/QUALITY-BRAND-LOGO-KEM-QBVILLAS.png\",\"contentUrl\":\"https:\/\/mmvilla.com\/wp-content\/uploads\/2018\/12\/QUALITY-BRAND-LOGO-KEM-QBVILLAS.png\",\"width\":487,\"height\":500,\"caption\":\"QB Villas\"},\"image\":{\"@id\":\"https:\/\/mmvilla.com\/#\/schema\/logo\/image\/\"},\"sameAs\":[\"https:\/\/www.facebook.com\/p\/Quality-Brand-Villas-100039678235957\/\",\"https:\/\/www.instagram.com\/qualitybrandvillas\/\",\"https:\/\/www.linkedin.com\/company\/quality-brand-villas\"]}]}<\/script>\n<!-- \/ Yoast SEO Premium plugin. -->","yoast_head_json":{"title":"Bungalow Idyll \u2013 Lusso Contemporaneo e Vista Mare a Mykonos","description":"Vivi il lusso moderno al Bungalow Idyll: design cicladico, comfort premium e vista mare mozzafiato vicino ad Agia Anna","robots":{"index":"index","follow":"follow","max-snippet":"max-snippet:-1","max-image-preview":"max-image-preview:large","max-video-preview":"max-video-preview:-1"},"canonical":"https:\/\/mmvilla.com\/it\/manu-mykonos-villa-idyll-bungalow-di-lusso\/","og_locale":"it_IT","og_type":"article","og_title":"MANU MYKONOS VILLA Idyll Bungalow","og_description":"Vivi il lusso moderno al Bungalow Idyll: design cicladico, comfort premium e vista mare mozzafiato vicino ad Agia Anna","og_url":"https:\/\/mmvilla.com\/it\/manu-mykonos-villa-idyll-bungalow-di-lusso\/","og_site_name":"Majestic Manu Mykonos \u2013 Private Villa, Premium Suites &amp; More","article_publisher":"https:\/\/www.facebook.com\/p\/Quality-Brand-Villas-100039678235957\/","article_modified_time":"2025-10-13T05:09:21+00:00","twitter_card":"summary_large_image","twitter_misc":{"Tempo di lettura stimato":"4 minuti"},"schema":{"@context":"https:\/\/schema.org","@graph":[{"@type":"WebPage","@id":"https:\/\/mmvilla.com\/it\/manu-mykonos-villa-idyll-bungalow-di-lusso\/","url":"https:\/\/mmvilla.com\/it\/manu-mykonos-villa-idyll-bungalow-di-lusso\/","name":"Bungalow Idyll \u2013 Lusso Contemporaneo e Vista Mare a Mykonos","isPartOf":{"@id":"https:\/\/mmvilla.com\/#website"},"datePublished":"2025-05-28T10:25:51+00:00","dateModified":"2025-10-13T05:09:21+00:00","description":"Vivi il lusso moderno al Bungalow Idyll: design cicladico, comfort premium e vista mare mozzafiato vicino ad Agia Anna","breadcrumb":{"@id":"https:\/\/mmvilla.com\/it\/manu-mykonos-villa-idyll-bungalow-di-lusso\/#breadcrumb"},"inLanguage":"it-IT","potentialAction":[{"@type":"ReadAction","target":["https:\/\/mmvilla.com\/it\/manu-mykonos-villa-idyll-bungalow-di-lusso\/"]}]},{"@type":"BreadcrumbList","@id":"https:\/\/mmvilla.com\/it\/manu-mykonos-villa-idyll-bungalow-di-lusso\/#breadcrumb","itemListElement":[{"@type":"ListItem","position":1,"name":"Home","item":"https:\/\/mmvilla.com\/it\/"},{"@type":"ListItem","position":2,"name":"MANU MYKONOS VILLA Idyll Bungalow"}]},{"@type":"WebSite","@id":"https:\/\/mmvilla.com\/#website","url":"https:\/\/mmvilla.com\/","name":"Manu Mykonos Villa","description":"Mykonos Luxury Living, Perfected by Majestic Manu","publisher":{"@id":"https:\/\/mmvilla.com\/#organization"},"alternateName":"MMVILLA","potentialAction":[{"@type":"SearchAction","target":{"@type":"EntryPoint","urlTemplate":"https:\/\/mmvilla.com\/?s={search_term_string}"},"query-input":{"@type":"PropertyValueSpecification","valueRequired":true,"valueName":"search_term_string"}}],"inLanguage":"it-IT"},{"@type":"Organization","@id":"https:\/\/mmvilla.com\/#organization","name":"QB Villas","url":"https:\/\/mmvilla.com\/","logo":{"@type":"ImageObject","inLanguage":"it-IT","@id":"https:\/\/mmvilla.com\/#\/schema\/logo\/image\/","url":"https:\/\/mmvilla.com\/wp-content\/uploads\/2018\/12\/QUALITY-BRAND-LOGO-KEM-QBVILLAS.png","contentUrl":"https:\/\/mmvilla.com\/wp-content\/uploads\/2018\/12\/QUALITY-BRAND-LOGO-KEM-QBVILLAS.png","width":487,"height":500,"caption":"QB Villas"},"image":{"@id":"https:\/\/mmvilla.com\/#\/schema\/logo\/image\/"},"sameAs":["https:\/\/www.facebook.com\/p\/Quality-Brand-Villas-100039678235957\/","https:\/\/www.instagram.com\/qualitybrandvillas\/","https:\/\/www.linkedin.com\/company\/quality-brand-villas"]}]}},"_links":{"self":[{"href":"https:\/\/mmvilla.com\/it\/wp-json\/wp\/v2\/pages\/11058","targetHints":{"allow":["GET"]}}],"collection":[{"href":"https:\/\/mmvilla.com\/it\/wp-json\/wp\/v2\/pages"}],"about":[{"href":"https:\/\/mmvilla.com\/it\/wp-json\/wp\/v2\/types\/page"}],"author":[{"embeddable":true,"href":"https:\/\/mmvilla.com\/it\/wp-json\/wp\/v2\/users\/2"}],"replies":[{"embeddable":true,"href":"https:\/\/mmvilla.com\/it\/wp-json\/wp\/v2\/comments?post=11058"}],"version-history":[{"count":15,"href":"https:\/\/mmvilla.com\/it\/wp-json\/wp\/v2\/pages\/11058\/revisions"}],"predecessor-version":[{"id":15200,"href":"https:\/\/mmvilla.com\/it\/wp-json\/wp\/v2\/pages\/11058\/revisions\/15200"}],"wp:attachment":[{"href":"https:\/\/mmvilla.com\/it\/wp-json\/wp\/v2\/media?parent=11058"}],"curies":[{"name":"wp","href":"https:\/\/api.w.org\/{rel}","templated":true}]}}