{"id":11065,"date":"2024-10-12T21:27:16","date_gmt":"2024-10-12T18:27:16","guid":{"rendered":"https:\/\/mmvilla.com\/manu-mykonos-villa-nook-bungalow\/"},"modified":"2025-10-13T08:12:49","modified_gmt":"2025-10-13T05:12:49","slug":"manu-mykonos-villa-nook-bungalow","status":"publish","type":"page","link":"https:\/\/mmvilla.com\/it\/manu-mykonos-villa-nook-bungalow\/","title":{"rendered":"MANU MYKONOS VILLA Nook Bungalow"},"content":{"rendered":"<p>[vc_row full_width=&#8221;stretch_row&#8221; gap=&#8221;&#8221; full_height=&#8221;yes&#8221; equal_height=&#8221;yes&#8221; parallax=&#8221;content-moving&#8221; parallax_image=&#8221;8524&#8243; overlay_color=&#8221;rgba(33,33,33,0.4)&#8221; text_color=&#8221;#ffffff&#8221; css=&#8221;.vc_custom_1758871631870{padding-top: 180px !important;padding-bottom: 180px !important;}&#8221;][vc_column width=&#8221;1\/2&#8243;][vc_column_text css_animation=&#8221;fadeInUp&#8221;]<\/p>\n<h1><em>Momenti Indimenticabili allo Splendid Nook Bungalow<\/em><\/h1>\n<h4>La scelta ideale per chi desidera coniugare comfort e raffinato piacere<\/h4>\n<h3>MIGLIOR PREZZO GARANTITO<\/h3>\n<h4><a href=\"https:\/\/mmvilla.com\/it\/manu-mykonos-villa-prenota-online\/\" target=\"_blank\" rel=\"noopener\"><strong data-start=\"225\" data-end=\"280\">Prenota oggi il tuo soggiorno da sogno!<\/strong><\/a><\/h4>\n<p>[\/vc_column_text][\/vc_column][vc_column width=&#8221;1\/2&#8243;][vc_empty_space height=&#8221;84px&#8221;][\/vc_column][\/vc_row][vc_row full_width=&#8221;stretch_row_content&#8221; gap=&#8221;&#8221; equal_height=&#8221;yes&#8221; content_placement=&#8221;top&#8221; parallax=&#8221;content-moving&#8221; css=&#8221;.vc_custom_1759250113620{padding-top: 60px !important;padding-bottom: 60px !important;}&#8221;][vc_column parallax_image=&#8221;2821&#8243; width=&#8221;1\/2&#8243; overlay_color=&#8221;rgba(255,255,255,0.9)&#8221; css=&#8221;.vc_custom_1759322078558{padding-top: 32px !important;padding-right: 100px !important;padding-left: 100px !important;}&#8221;][vc_row_inner][vc_column_inner]<div class=\"heading-with-separator text-left id_169d4f465740c8948087115   wpb_animate_when_almost_visible wpb_fadeInUp fadeInUp \"><div class=\"header-content\">\n\t\t\t<p class=\"h-subheading\">Vista Mare e Piscina | Ospiti: fino a 2 | Camere da Letto: 1 | Bagno: 1 | Superficie: 40 m\u00b2 (di cui 20 m\u00b2 interni \u2013 pari a 430 ft\u00b2)<\/p>\n\t\t\t<h2 class=\"heading  heading-decorator-1\" style=\"; letter-spacing: 0px; \">Emozioni Uniche allo Splendid Nook Bungalow<br \/>\n<em>&amp; Prezzo Eccezionale<\/em><\/h2><\/div><\/div><div class=\"custom-styles\" data-styles=\".id_169d4f465740c8948087115 .heading-decorator-1:before, .id_169d4f465740c8948087115 .heading-decorator-1:after { border-color: #000000}\"><\/div>[vc_empty_space height=&#8221;20px&#8221;]<div class=\"heading-with-separator text-left id_169d4f465741291946989035   wpb_animate_when_almost_visible wpb_fadeInUp fadeInUp \"><div class=\"header-content\">\n\t\t\t<p class=\"h-subheading\"><\/p>\n\t\t\t<h4 class=\"heading  \" style=\"; letter-spacing: 0px; \">Lo Splendid Nook Bungalow \u2013 Un Luogo Unico per Esperienze Indimenticabili<\/h4><\/div><\/div><div class=\"custom-styles\" data-styles=\".id_169d4f465741291946989035 .heading-decorator-1:before, .id_169d4f465741291946989035 .heading-decorator-1:after { border-color: #000000}\"><\/div>[vc_column_text css_animation=&#8221;fadeInUp&#8221;]<\/p>\n<h6 data-start=\"179\" data-end=\"437\">Lo <strong data-start=\"182\" data-end=\"208\">splendid nook bungalow<\/strong> \u00e8 una scelta eccellente per un massimo di 2 ospiti che desiderano unire comfort e un tocco di piacere raffinato. il bungalow offre un letto king-size e un bagno privato, garantendo tutto l\u2019essenziale per un soggiorno di lusso.<\/h6>\n<h6 data-start=\"439\" data-end=\"697\">La disposizione intelligente degli spazi valorizza la luce naturale, creando un ambiente luminoso e arioso. affacciati sul balcone arredato per ammirare magnifiche viste sulla piscina e sul mare, perfette per rilassarti e immergerti in un\u2019atmosfera serena<\/h6>\n<p>[\/vc_column_text][vc_column_text css_animation=&#8221;fadeInUp&#8221;]<\/p>\n<h5 data-start=\"199\" data-end=\"218\"><strong data-start=\"203\" data-end=\"216\">MATERASSI<\/strong><\/h5>\n<h6 data-start=\"219\" data-end=\"449\">per garantirti un sonno davvero rigenerante utilizziamo solo i migliori materassi.<br data-start=\"301\" data-end=\"304\" \/>selezioniamo materassi naturali di altissima qualit\u00e0 con cura, competenza e rispetto, per offrirti un\u2019esperienza di riposo unica e incomparabile.<\/h6>\n<hr data-start=\"451\" data-end=\"454\" \/>\n<h5 data-start=\"456\" data-end=\"480\"><strong data-start=\"460\" data-end=\"478\">ANGOLO COTTURA<\/strong><\/h5>\n<h6 data-start=\"481\" data-end=\"765\">angolo cottura che include tutti gli elementi essenziali per cucinare e preparare pasti semplici. comprende:<br data-start=\"589\" data-end=\"592\" \/>lavello | piano di lavoro | piccolo frigorifero | piano cottura | microonde | tostapane | mobili contenitori | cappa aspirante | utensili e posate | elettrodomestici di base<\/h6>\n<hr data-start=\"767\" data-end=\"770\" \/>\n<h5 data-start=\"772\" data-end=\"791\"><strong data-start=\"776\" data-end=\"789\">NESPRESSO<\/strong><\/h5>\n<h6 data-start=\"792\" data-end=\"1028\">una tazza di caff\u00e8 perfetta \u00e8 il modo migliore per iniziare una splendida giornata.<br data-start=\"875\" data-end=\"878\" \/>nella tua suite troverai una macchina nespresso e un bollitore per t\u00e8, cos\u00ec potrai gustare in qualsiasi momento le migliori miscele di caff\u00e8 o infusi.<\/h6>\n<hr data-start=\"1030\" data-end=\"1033\" \/>\n<h5 data-start=\"1035\" data-end=\"1061\"><strong data-start=\"1039\" data-end=\"1059\">AMAZON e NETFLIX<\/strong><\/h5>\n<h6 data-start=\"1062\" data-end=\"1242\">amazon e netflix sono disponibili nella tua suite su smart tv con app integrate, per rendere il soggiorno ancora pi\u00f9 piacevole e offrirti un\u2019esperienza di streaming personalizzata.<\/h6>\n<hr data-start=\"1244\" data-end=\"1247\" \/>\n<h5 data-start=\"1249\" data-end=\"1278\"><strong data-start=\"1253\" data-end=\"1276\">SERVIZI &amp; DOTAZIONI<\/strong><\/h5>\n<h6 data-start=\"1279\" data-end=\"1693\">vista mare | camera non fumatori | ampio bagno | arredi da esterno | balcone privato | smart-led fhd tv da 43 pollici con oltre 100 canali satellitari e amazon &amp; netflix | altoparlante bluetooth | wi-fi gratuito | aria condizionata regolabile | specchio da trucco illuminato | asciugacapelli e bilancia | cassaforte | biancheria di cotone pregiata | splendidi accappatoi e pantofole | prodotti di cortesia di lusso<\/h6>\n<p>[\/vc_column_text][\/vc_column_inner][\/vc_row_inner][\/vc_column][vc_column css_animation=&#8221;none&#8221; width=&#8221;1\/2&#8243;][vc_empty_space]<div class=\"rokka-gallery rokka-gallery-element\"><div class=\"rokka-gallery-masonry rokka-grid rokka-2-col   animate-text\" data-ismasonry=\"0\" data-imgbg=\"1\"><article class=\"grid-sizer\"><\/article><article class=\"gutter-sizer\"><\/article><article class=\"w1-h1\"><div class=\"layer\"><div class=\"img-bg\" data-depth=\"0.50\" style=\"background-image: url(https:\/\/mmvilla.com\/wp-content\/uploads\/2024\/10\/Manu-Sea-Sun-Villa-Mykonos-124-1.jpg) \" ><\/div><\/div>\n\t\t\t\t\t\t<div class=\"rokka-gallery-item open-lightbox_images\"><a class=\"gallery-link\" href=\"https:\/\/mmvilla.com\/wp-content\/uploads\/2024\/10\/Manu-Sea-Sun-Villa-Mykonos-124-1.jpg\" data-size=\"640x454\"><\/a><div class=\"image-wrapper\"><span class=\"gallery-img \" style=\"background-image: url(https:\/\/mmvilla.com\/wp-content\/uploads\/2024\/10\/Manu-Sea-Sun-Villa-Mykonos-124-1.jpg);\"><\/span><\/div><\/div><\/article><article class=\"w1-h1\"><div class=\"layer\"><div class=\"img-bg\" data-depth=\"0.50\" style=\"background-image: url(https:\/\/mmvilla.com\/wp-content\/uploads\/2024\/10\/Manu-Sea-Sun-Villa-Mykonos-125-1.jpg) \" ><\/div><\/div>\n\t\t\t\t\t\t<div class=\"rokka-gallery-item open-lightbox_images\"><a class=\"gallery-link\" href=\"https:\/\/mmvilla.com\/wp-content\/uploads\/2024\/10\/Manu-Sea-Sun-Villa-Mykonos-125-1.jpg\" data-size=\"640x454\"><\/a><div class=\"image-wrapper\"><span class=\"gallery-img \" style=\"background-image: url(https:\/\/mmvilla.com\/wp-content\/uploads\/2024\/10\/Manu-Sea-Sun-Villa-Mykonos-125-1.jpg);\"><\/span><\/div><\/div><\/article><article class=\"w1-h1\"><div class=\"layer\"><div class=\"img-bg\" data-depth=\"0.50\" style=\"background-image: url(https:\/\/mmvilla.com\/wp-content\/uploads\/2024\/10\/Manu-Sea-Sun-Villa-Mykonos-126.jpg) \" ><\/div><\/div>\n\t\t\t\t\t\t<div class=\"rokka-gallery-item open-lightbox_images\"><a class=\"gallery-link\" href=\"https:\/\/mmvilla.com\/wp-content\/uploads\/2024\/10\/Manu-Sea-Sun-Villa-Mykonos-126.jpg\" data-size=\"640x454\"><\/a><div class=\"image-wrapper\"><span class=\"gallery-img \" style=\"background-image: url(https:\/\/mmvilla.com\/wp-content\/uploads\/2024\/10\/Manu-Sea-Sun-Villa-Mykonos-126.jpg);\"><\/span><\/div><\/div><\/article><article class=\"w1-h1\"><div class=\"layer\"><div class=\"img-bg\" data-depth=\"0.50\" style=\"background-image: url(https:\/\/mmvilla.com\/wp-content\/uploads\/2024\/10\/1-Manu-Sea-Sun-Villa-Mykonos-Nook-Bungalow-3-1600x1062.jpg) \" ><\/div><\/div>\n\t\t\t\t\t\t<div class=\"rokka-gallery-item open-lightbox_images\"><a class=\"gallery-link\" href=\"https:\/\/mmvilla.com\/wp-content\/uploads\/2024\/10\/1-Manu-Sea-Sun-Villa-Mykonos-Nook-Bungalow-3-scaled.jpg\" data-size=\"640x425\"><\/a><div class=\"image-wrapper\"><span class=\"gallery-img \" style=\"background-image: url(https:\/\/mmvilla.com\/wp-content\/uploads\/2024\/10\/1-Manu-Sea-Sun-Villa-Mykonos-Nook-Bungalow-3-1600x1062.jpg);\"><\/span><\/div><\/div><\/article><article class=\"w1-h1\"><div class=\"layer\"><div class=\"img-bg\" data-depth=\"0.50\" style=\"background-image: url(https:\/\/mmvilla.com\/wp-content\/uploads\/2024\/10\/5-Manu-Sea-Sun-Villa-Mykonos-Nook-Bungalow-2-1600x900.jpg) \" ><\/div><\/div>\n\t\t\t\t\t\t<div class=\"rokka-gallery-item open-lightbox_images\"><a class=\"gallery-link\" href=\"https:\/\/mmvilla.com\/wp-content\/uploads\/2024\/10\/5-Manu-Sea-Sun-Villa-Mykonos-Nook-Bungalow-2-scaled.jpg\" data-size=\"640x360\"><\/a><div class=\"image-wrapper\"><span class=\"gallery-img \" style=\"background-image: url(https:\/\/mmvilla.com\/wp-content\/uploads\/2024\/10\/5-Manu-Sea-Sun-Villa-Mykonos-Nook-Bungalow-2-1600x900.jpg);\"><\/span><\/div><\/div><\/article><article class=\"w1-h1\"><div class=\"layer\"><div class=\"img-bg\" data-depth=\"0.50\" style=\"background-image: url(https:\/\/mmvilla.com\/wp-content\/uploads\/2024\/10\/2-Manu-Sea-Sun-Villa-Mykonos-Nook-Bungalow-4-1600x1067.jpg) \" ><\/div><\/div>\n\t\t\t\t\t\t<div class=\"rokka-gallery-item open-lightbox_images\"><a class=\"gallery-link\" href=\"https:\/\/mmvilla.com\/wp-content\/uploads\/2024\/10\/2-Manu-Sea-Sun-Villa-Mykonos-Nook-Bungalow-4-scaled.jpg\" data-size=\"640x427\"><\/a><div class=\"image-wrapper\"><span class=\"gallery-img \" style=\"background-image: url(https:\/\/mmvilla.com\/wp-content\/uploads\/2024\/10\/2-Manu-Sea-Sun-Villa-Mykonos-Nook-Bungalow-4-1600x1067.jpg);\"><\/span><\/div><\/div><\/article><article class=\"w1-h1\"><div class=\"layer\"><div class=\"img-bg\" data-depth=\"0.50\" style=\"background-image: url(https:\/\/mmvilla.com\/wp-content\/uploads\/2024\/10\/2-Manu-Sea-Sun-Villa-Mykonos-Pool-14-1600x900.jpg) \" ><\/div><\/div>\n\t\t\t\t\t\t<div class=\"rokka-gallery-item open-lightbox_images\"><a class=\"gallery-link\" href=\"https:\/\/mmvilla.com\/wp-content\/uploads\/2024\/10\/2-Manu-Sea-Sun-Villa-Mykonos-Pool-14-scaled.jpg\" data-size=\"640x360\"><\/a><div class=\"image-wrapper\"><span class=\"gallery-img \" style=\"background-image: url(https:\/\/mmvilla.com\/wp-content\/uploads\/2024\/10\/2-Manu-Sea-Sun-Villa-Mykonos-Pool-14-1600x900.jpg);\"><\/span><\/div><\/div><\/article><article class=\"w1-h1\"><div class=\"layer\"><div class=\"img-bg\" data-depth=\"0.50\" style=\"background-image: url(https:\/\/mmvilla.com\/wp-content\/uploads\/2025\/09\/LOGO-MANU-TRANSPARENT-8.png) \" ><\/div><\/div>\n\t\t\t\t\t\t<div class=\"rokka-gallery-item open-lightbox_images\"><a class=\"gallery-link\" href=\"https:\/\/mmvilla.com\/wp-content\/uploads\/2025\/09\/LOGO-MANU-TRANSPARENT-8.png\" data-size=\"410x410\"><\/a><div class=\"image-wrapper\"><span class=\"gallery-img \" style=\"background-image: url(https:\/\/mmvilla.com\/wp-content\/uploads\/2025\/09\/LOGO-MANU-TRANSPARENT-8.png);\"><\/span><\/div><\/div><\/article><\/div><\/div>[vc_empty_space height=&#8221;20px&#8221;]<div class=\"heading-with-separator text-left id_169d4f465777c51777246863   \"><div class=\"header-content\">\n\t\t\t<p class=\"h-subheading\"><\/p>\n\t\t\t<h5 class=\"heading  \" style=\"color: #000000; letter-spacing: 0px; \">Mykonos. Un\u2019esperienza pensata per Te.<br \/>\nImmergiti in un mondo di stile e serenit\u00e0, dove ogni dettaglio \u00e8 curato con attenzione per rispecchiare i tuoi desideri.<\/h5><\/div><\/div><div class=\"custom-styles\" data-styles=\".id_169d4f465777c51777246863 .heading-decorator-1:before, .id_169d4f465777c51777246863 .heading-decorator-1:after { border-color: #000000}\"><\/div><div class=\"heading-with-separator text-left id_169d4f465777ed1133547280   \"><div class=\"header-content\">\n\t\t\t<p class=\"h-subheading\"><\/p>\n\t\t\t<h6 class=\"heading  \" style=\"color: #000000; letter-spacing: 0px; \">Pi\u00f9 di un semplice soggiorno, \u00e8 un\u2019esperienza unica per viaggiatori che apprezzano autenticit\u00e0, comfort ed eleganza. Ogni elemento riflette l\u2019essenza di Mykonos, creando un\u2019atmosfera fluida, ispirante e indimenticabile.<\/h6><\/div><\/div><div class=\"custom-styles\" data-styles=\".id_169d4f465777ed1133547280 .heading-decorator-1:before, .id_169d4f465777ed1133547280 .heading-decorator-1:after { border-color: #000000}\"><\/div><div class=\"heading-with-separator text-left id_169d4f4657780f1598939641   \"><div class=\"header-content\">\n\t\t\t<p class=\"h-subheading\"><\/p>\n\t\t\t<h5 class=\"heading  \" style=\"color: #000000; letter-spacing: 0px; \">Con servizi personalizzati, dettagli raffinati e ricordi che durano nel tempo, la tua vacanza a Mykonos sar\u00e0 sempre unica come te.<\/h5><\/div><\/div><div class=\"custom-styles\" data-styles=\".id_169d4f4657780f1598939641 .heading-decorator-1:before, .id_169d4f4657780f1598939641 .heading-decorator-1:after { border-color: #000000}\"><\/div>[vc_empty_space height=&#8221;20px&#8221;]<div class=\"btn-wrapper text-left id_169d4f46577830806328006   icon-left \" ><a href=\"https:\/\/mmvilla.com\/it\/manu-mykonos-villa-prenota-online\/%20\" target='_blank' class=\"btn btn-lg btn-dark btn-solid\" data-btn-text=\"PRENOTA ONLINE\">PRENOTA ONLINE<\/a><\/div>[\/vc_column][\/vc_row]<\/p>","protected":false},"excerpt":{"rendered":"<p>[vc_row full_width=&#8221;stretch_row&#8221; gap=&#8221;&#8221; full_height=&#8221;yes&#8221; equal_height=&#8221;yes&#8221; parallax=&#8221;content-moving&#8221; parallax_image=&#8221;8524&#8243; overlay_color=&#8221;rgba(33,33,33,0.4)&#8221; text_color=&#8221;#ffffff&#8221; css=&#8221;.vc_custom_1758871631870{padding-top: 180px !important;padding-bottom: 180px !important;}&#8221;][vc_column width=&#8221;1\/2&#8243;][vc_column_text css_animation=&#8221;fadeInUp&#8221;] Momenti Indimenticabili allo Splendid Nook Bungalow La scelta ideale per chi desidera coniugare comfort e raffinato piacere MIGLIOR PREZZO GARANTITO Prenota oggi il tuo soggiorno da sogno! [\/vc_column_text][\/vc_column][vc_column width=&#8221;1\/2&#8243;][vc_empty_space height=&#8221;84px&#8221;][\/vc_column][\/vc_row][vc_row full_width=&#8221;stretch_row_content&#8221; gap=&#8221;&#8221; equal_height=&#8221;yes&#8221; content_placement=&#8221;top&#8221; parallax=&#8221;content-moving&#8221; css=&#8221;.vc_custom_1759250113620{padding-top: 60px !important;padding-bottom: 60px[&#8230;] <a href=\"https:\/\/mmvilla.com\/it\/manu-mykonos-villa-nook-bungalow\/\" class=\"more-link\">Continue reading<\/a><\/p>\n","protected":false},"author":2,"featured_media":0,"parent":0,"menu_order":0,"comment_status":"closed","ping_status":"closed","template":"","meta":{"footnotes":""},"class_list":["post-11065","page","type-page","status-publish","hentry"],"yoast_head":"<!-- This site is optimized with the Yoast SEO Premium plugin v23.5 (Yoast SEO v25.7) - https:\/\/yoast.com\/wordpress\/plugins\/seo\/ -->\n<title>Nook Bungalow \u2013 Comfort per Famiglie a Majestic Manu Mykonos<\/title>\n<meta name=\"description\" content=\"Perfetta per famiglie o amici: Villa Nook Bungalow offre ampi spazi, vista mare e relax nel complesso Majestic Manu Mykonos Villa.\" \/>\n<meta name=\"robots\" content=\"index, follow, max-snippet:-1, max-image-preview:large, max-video-preview:-1\" \/>\n<link rel=\"canonical\" href=\"https:\/\/mmvilla.com\/it\/manu-mykonos-villa-nook-bungalow\/\" \/>\n<meta property=\"og:locale\" content=\"it_IT\" \/>\n<meta property=\"og:type\" content=\"article\" \/>\n<meta property=\"og:title\" content=\"MANU MYKONOS VILLA Nook Bungalow\" \/>\n<meta property=\"og:description\" content=\"Perfetta per famiglie o amici: Villa Nook Bungalow offre ampi spazi, vista mare e relax nel complesso Majestic Manu Mykonos Villa.\" \/>\n<meta property=\"og:url\" content=\"https:\/\/mmvilla.com\/it\/manu-mykonos-villa-nook-bungalow\/\" \/>\n<meta property=\"og:site_name\" content=\"Majestic Manu Mykonos \u2013 Private Villa, Premium Suites &amp; More\" \/>\n<meta property=\"article:publisher\" content=\"https:\/\/www.facebook.com\/p\/Quality-Brand-Villas-100039678235957\/\" \/>\n<meta property=\"article:modified_time\" content=\"2025-10-13T05:12:49+00:00\" \/>\n<meta name=\"twitter:card\" content=\"summary_large_image\" \/>\n<meta name=\"twitter:label1\" content=\"Tempo di lettura stimato\" \/>\n\t<meta name=\"twitter:data1\" content=\"3 minuti\" \/>\n<script type=\"application\/ld+json\" class=\"yoast-schema-graph\">{\"@context\":\"https:\/\/schema.org\",\"@graph\":[{\"@type\":\"WebPage\",\"@id\":\"https:\/\/mmvilla.com\/it\/manu-mykonos-villa-nook-bungalow\/\",\"url\":\"https:\/\/mmvilla.com\/it\/manu-mykonos-villa-nook-bungalow\/\",\"name\":\"Nook Bungalow \u2013 Comfort per Famiglie a Majestic Manu Mykonos\",\"isPartOf\":{\"@id\":\"https:\/\/mmvilla.com\/#website\"},\"datePublished\":\"2024-10-12T18:27:16+00:00\",\"dateModified\":\"2025-10-13T05:12:49+00:00\",\"description\":\"Perfetta per famiglie o amici: Villa Nook Bungalow offre ampi spazi, vista mare e relax nel complesso Majestic Manu Mykonos Villa.\",\"breadcrumb\":{\"@id\":\"https:\/\/mmvilla.com\/it\/manu-mykonos-villa-nook-bungalow\/#breadcrumb\"},\"inLanguage\":\"it-IT\",\"potentialAction\":[{\"@type\":\"ReadAction\",\"target\":[\"https:\/\/mmvilla.com\/it\/manu-mykonos-villa-nook-bungalow\/\"]}]},{\"@type\":\"BreadcrumbList\",\"@id\":\"https:\/\/mmvilla.com\/it\/manu-mykonos-villa-nook-bungalow\/#breadcrumb\",\"itemListElement\":[{\"@type\":\"ListItem\",\"position\":1,\"name\":\"Home\",\"item\":\"https:\/\/mmvilla.com\/it\/\"},{\"@type\":\"ListItem\",\"position\":2,\"name\":\"MANU MYKONOS VILLA Nook Bungalow\"}]},{\"@type\":\"WebSite\",\"@id\":\"https:\/\/mmvilla.com\/#website\",\"url\":\"https:\/\/mmvilla.com\/\",\"name\":\"Manu Mykonos Villa\",\"description\":\"Mykonos Luxury Living, Perfected by Majestic Manu\",\"publisher\":{\"@id\":\"https:\/\/mmvilla.com\/#organization\"},\"alternateName\":\"MMVILLA\",\"potentialAction\":[{\"@type\":\"SearchAction\",\"target\":{\"@type\":\"EntryPoint\",\"urlTemplate\":\"https:\/\/mmvilla.com\/?s={search_term_string}\"},\"query-input\":{\"@type\":\"PropertyValueSpecification\",\"valueRequired\":true,\"valueName\":\"search_term_string\"}}],\"inLanguage\":\"it-IT\"},{\"@type\":\"Organization\",\"@id\":\"https:\/\/mmvilla.com\/#organization\",\"name\":\"QB Villas\",\"url\":\"https:\/\/mmvilla.com\/\",\"logo\":{\"@type\":\"ImageObject\",\"inLanguage\":\"it-IT\",\"@id\":\"https:\/\/mmvilla.com\/#\/schema\/logo\/image\/\",\"url\":\"https:\/\/mmvilla.com\/wp-content\/uploads\/2018\/12\/QUALITY-BRAND-LOGO-KEM-QBVILLAS.png\",\"contentUrl\":\"https:\/\/mmvilla.com\/wp-content\/uploads\/2018\/12\/QUALITY-BRAND-LOGO-KEM-QBVILLAS.png\",\"width\":487,\"height\":500,\"caption\":\"QB Villas\"},\"image\":{\"@id\":\"https:\/\/mmvilla.com\/#\/schema\/logo\/image\/\"},\"sameAs\":[\"https:\/\/www.facebook.com\/p\/Quality-Brand-Villas-100039678235957\/\",\"https:\/\/www.instagram.com\/qualitybrandvillas\/\",\"https:\/\/www.linkedin.com\/company\/quality-brand-villas\"]}]}<\/script>\n<!-- \/ Yoast SEO Premium plugin. -->","yoast_head_json":{"title":"Nook Bungalow \u2013 Comfort per Famiglie a Majestic Manu Mykonos","description":"Perfetta per famiglie o amici: Villa Nook Bungalow offre ampi spazi, vista mare e relax nel complesso Majestic Manu Mykonos Villa.","robots":{"index":"index","follow":"follow","max-snippet":"max-snippet:-1","max-image-preview":"max-image-preview:large","max-video-preview":"max-video-preview:-1"},"canonical":"https:\/\/mmvilla.com\/it\/manu-mykonos-villa-nook-bungalow\/","og_locale":"it_IT","og_type":"article","og_title":"MANU MYKONOS VILLA Nook Bungalow","og_description":"Perfetta per famiglie o amici: Villa Nook Bungalow offre ampi spazi, vista mare e relax nel complesso Majestic Manu Mykonos Villa.","og_url":"https:\/\/mmvilla.com\/it\/manu-mykonos-villa-nook-bungalow\/","og_site_name":"Majestic Manu Mykonos \u2013 Private Villa, Premium Suites &amp; More","article_publisher":"https:\/\/www.facebook.com\/p\/Quality-Brand-Villas-100039678235957\/","article_modified_time":"2025-10-13T05:12:49+00:00","twitter_card":"summary_large_image","twitter_misc":{"Tempo di lettura stimato":"3 minuti"},"schema":{"@context":"https:\/\/schema.org","@graph":[{"@type":"WebPage","@id":"https:\/\/mmvilla.com\/it\/manu-mykonos-villa-nook-bungalow\/","url":"https:\/\/mmvilla.com\/it\/manu-mykonos-villa-nook-bungalow\/","name":"Nook Bungalow \u2013 Comfort per Famiglie a Majestic Manu Mykonos","isPartOf":{"@id":"https:\/\/mmvilla.com\/#website"},"datePublished":"2024-10-12T18:27:16+00:00","dateModified":"2025-10-13T05:12:49+00:00","description":"Perfetta per famiglie o amici: Villa Nook Bungalow offre ampi spazi, vista mare e relax nel complesso Majestic Manu Mykonos Villa.","breadcrumb":{"@id":"https:\/\/mmvilla.com\/it\/manu-mykonos-villa-nook-bungalow\/#breadcrumb"},"inLanguage":"it-IT","potentialAction":[{"@type":"ReadAction","target":["https:\/\/mmvilla.com\/it\/manu-mykonos-villa-nook-bungalow\/"]}]},{"@type":"BreadcrumbList","@id":"https:\/\/mmvilla.com\/it\/manu-mykonos-villa-nook-bungalow\/#breadcrumb","itemListElement":[{"@type":"ListItem","position":1,"name":"Home","item":"https:\/\/mmvilla.com\/it\/"},{"@type":"ListItem","position":2,"name":"MANU MYKONOS VILLA Nook Bungalow"}]},{"@type":"WebSite","@id":"https:\/\/mmvilla.com\/#website","url":"https:\/\/mmvilla.com\/","name":"Manu Mykonos Villa","description":"Mykonos Luxury Living, Perfected by Majestic Manu","publisher":{"@id":"https:\/\/mmvilla.com\/#organization"},"alternateName":"MMVILLA","potentialAction":[{"@type":"SearchAction","target":{"@type":"EntryPoint","urlTemplate":"https:\/\/mmvilla.com\/?s={search_term_string}"},"query-input":{"@type":"PropertyValueSpecification","valueRequired":true,"valueName":"search_term_string"}}],"inLanguage":"it-IT"},{"@type":"Organization","@id":"https:\/\/mmvilla.com\/#organization","name":"QB Villas","url":"https:\/\/mmvilla.com\/","logo":{"@type":"ImageObject","inLanguage":"it-IT","@id":"https:\/\/mmvilla.com\/#\/schema\/logo\/image\/","url":"https:\/\/mmvilla.com\/wp-content\/uploads\/2018\/12\/QUALITY-BRAND-LOGO-KEM-QBVILLAS.png","contentUrl":"https:\/\/mmvilla.com\/wp-content\/uploads\/2018\/12\/QUALITY-BRAND-LOGO-KEM-QBVILLAS.png","width":487,"height":500,"caption":"QB Villas"},"image":{"@id":"https:\/\/mmvilla.com\/#\/schema\/logo\/image\/"},"sameAs":["https:\/\/www.facebook.com\/p\/Quality-Brand-Villas-100039678235957\/","https:\/\/www.instagram.com\/qualitybrandvillas\/","https:\/\/www.linkedin.com\/company\/quality-brand-villas"]}]}},"_links":{"self":[{"href":"https:\/\/mmvilla.com\/it\/wp-json\/wp\/v2\/pages\/11065","targetHints":{"allow":["GET"]}}],"collection":[{"href":"https:\/\/mmvilla.com\/it\/wp-json\/wp\/v2\/pages"}],"about":[{"href":"https:\/\/mmvilla.com\/it\/wp-json\/wp\/v2\/types\/page"}],"author":[{"embeddable":true,"href":"https:\/\/mmvilla.com\/it\/wp-json\/wp\/v2\/users\/2"}],"replies":[{"embeddable":true,"href":"https:\/\/mmvilla.com\/it\/wp-json\/wp\/v2\/comments?post=11065"}],"version-history":[{"count":11,"href":"https:\/\/mmvilla.com\/it\/wp-json\/wp\/v2\/pages\/11065\/revisions"}],"predecessor-version":[{"id":15202,"href":"https:\/\/mmvilla.com\/it\/wp-json\/wp\/v2\/pages\/11065\/revisions\/15202"}],"wp:attachment":[{"href":"https:\/\/mmvilla.com\/it\/wp-json\/wp\/v2\/media?parent=11065"}],"curies":[{"name":"wp","href":"https:\/\/api.w.org\/{rel}","templated":true}]}}