{"id":11070,"date":"2025-05-28T14:43:36","date_gmt":"2025-05-28T11:43:36","guid":{"rendered":"https:\/\/mmvilla.com\/manu-mykonos-villa-vive-suite-2\/"},"modified":"2025-10-13T08:16:26","modified_gmt":"2025-10-13T05:16:26","slug":"manu-mykonos-villa-vive-suite-di-lusso","status":"publish","type":"page","link":"https:\/\/mmvilla.com\/it\/manu-mykonos-villa-vive-suite-di-lusso\/","title":{"rendered":"MANU MYKONOS VILLA Vive suite"},"content":{"rendered":"<p>[vc_row full_width=&#8221;stretch_row&#8221; gap=&#8221;&#8221; full_height=&#8221;yes&#8221; equal_height=&#8221;yes&#8221; parallax=&#8221;content-moving&#8221; parallax_image=&#8221;8547&#8243; overlay_color=&#8221;rgba(33,33,33,0.4)&#8221; text_color=&#8221;#ffffff&#8221; css=&#8221;.vc_custom_1758871923326{padding-top: 180px !important;padding-bottom: 180px !important;}&#8221;][vc_column width=&#8221;1\/2&#8243;][vc_column_text css_animation=&#8221;fadeInUp&#8221;]<\/p>\n<h1>Serenit\u00e0 Ideale \u2013 La Suite Deluxe Vive<\/h1>\n<h4>Interni impeccabili che si integrano con la brezza degli spazi aperti, creando un rifugio elegante e confortevole per fino a 3 ospiti<\/h4>\n<h3>MIGLIOR PREZZO GARANTITO<\/h3>\n<h4><a href=\"https:\/\/mmvilla.com\/it\/manu-mykonos-villa-prenota-online\/\" target=\"_blank\" rel=\"noopener\"><strong data-start=\"225\" data-end=\"280\">Prenota oggi il tuo soggiorno da sogno!<\/strong><\/a><\/h4>\n<p>[\/vc_column_text][\/vc_column][vc_column width=&#8221;1\/2&#8243;][vc_empty_space height=&#8221;84px&#8221;][\/vc_column][\/vc_row][vc_row full_width=&#8221;stretch_row_content&#8221; gap=&#8221;&#8221; equal_height=&#8221;yes&#8221; content_placement=&#8221;top&#8221; css=&#8221;.vc_custom_1759839660239{padding-top: 32px !important;padding-bottom: 32px !important;}&#8221;][vc_column parallax_image=&#8221;2821&#8243; width=&#8221;1\/2&#8243; overlay_color=&#8221;rgba(255,255,255,0.9)&#8221; css=&#8221;.vc_custom_1759303914944{padding-top: 32px !important;padding-right: 100px !important;padding-left: 100px !important;}&#8221;][vc_row_inner][vc_column_inner]<div class=\"heading-with-separator text-left id_169e34c264171d287768111   wpb_animate_when_almost_visible wpb_fadeInUp fadeInUp \"><div class=\"header-content\">\n\t\t\t<p class=\"h-subheading\">Vista Mare e Piscina | Ospiti: fino a 3 | Camere da Letto: 1 | Bagno: 1 | Soggiorno | Superficie: 90 m\u00b2 (di cui 40 m\u00b2 interni \u2013 pari a 968 ft\u00b2)<\/p>\n\t\t\t<h2 class=\"heading  heading-decorator-1\" style=\"; letter-spacing: 0px; \">Serenit\u00e0 Ideale \u2013 Suite Deluxe Vive<br \/>\n<em>&amp; Prezzo Eccezionale<\/em><\/h2><\/div><\/div><div class=\"custom-styles\" data-styles=\".id_169e34c264171d287768111 .heading-decorator-1:before, .id_169e34c264171d287768111 .heading-decorator-1:after { border-color: #000000}\"><\/div><div class=\"heading-with-separator text-left id_169e34c264179a2060472955   wpb_animate_when_almost_visible wpb_fadeInUp fadeInUp \"><div class=\"header-content\">\n\t\t\t<p class=\"h-subheading\"><\/p>\n\t\t\t<h4 class=\"heading  \" style=\"color: #000000; letter-spacing: 0px; \">Suite Deluxe Vive \u2013 Una Raffinata Fuga a Mykonos<\/h4><\/div><\/div><div class=\"custom-styles\" data-styles=\".id_169e34c264179a2060472955 .heading-decorator-1:before, .id_169e34c264179a2060472955 .heading-decorator-1:after { border-color: #000000}\"><\/div>[vc_column_text css_animation=&#8221;fadeInUp&#8221;]<\/p>\n<h6 data-start=\"148\" data-end=\"457\">Vivi un\u2019esperienza di soggiorno esclusiva nella <strong data-start=\"196\" data-end=\"217\">suite deluxe vive<\/strong>, un santuario sereno progettato per ospitare fino a 3 persone.<\/h6>\n<h6 data-start=\"148\" data-end=\"457\">Questa suite finemente arredata offre un letto king-size, una confortevole zona salotto con divano e un elegante bagno open space, unendo comfort moderno e fascino cicladico.<\/h6>\n<h6 data-start=\"459\" data-end=\"767\">Dal momento in cui entri, l\u2019interno sofisticato si apre armoniosamente sulla terrazza esterna baciata dal sole, dove la vista sulla piscina invita al relax.<\/h6>\n<h6 data-start=\"459\" data-end=\"767\">Che si tratti di un caff\u00e8 mattutino o di un drink serale, la terrazza arredata \u00e8 lo scenario perfetto per ammirare la bellezza tranquilla di mykonos.<\/h6>\n<h6 data-start=\"769\" data-end=\"922\">Ideale per coppie o piccoli gruppi, la <strong data-start=\"808\" data-end=\"829\">suite deluxe vive<\/strong> garantisce privacy, comfort e stile \u2014 a pochi passi dalle spiagge pi\u00f9 iconiche dell\u2019isola<\/h6>\n<p>[\/vc_column_text][vc_column_text]<\/p>\n<h5 data-start=\"176\" data-end=\"195\"><strong data-start=\"180\" data-end=\"193\">MATERASSI<\/strong><\/h5>\n<p data-start=\"196\" data-end=\"598\">per garantirti il sonno pi\u00f9 rigenerante a mykonos, mettiamo a disposizione solo i migliori materassi <strong data-start=\"297\" data-end=\"309\">coco-mat<\/strong>, realizzati con materiali naturali di altissima qualit\u00e0. lavorati a mano con cura e competenza, questi materassi premium offrono un sostegno eccezionale e un\u2019elevata traspirabilit\u00e0, assicurando un\u2019esperienza di riposo unica che completa perfettamente il tuo soggiorno di lusso sull\u2019isola.<\/p>\n<hr data-start=\"600\" data-end=\"603\" \/>\n<h5 data-start=\"605\" data-end=\"679\"><strong data-start=\"609\" data-end=\"677\">NESPRESSO &amp; TEA STATION \u2013 Gusta miscele pregiate in ogni momento<\/strong><\/h5>\n<p data-start=\"680\" data-end=\"960\">inizia la giornata con il ricco aroma di una miscela di caff\u00e8 di alta qualit\u00e0. ogni suite \u00e8 dotata di macchina <strong data-start=\"791\" data-end=\"804\">nespresso<\/strong> e bollitore per t\u00e8, per assaporare le migliori selezioni di caff\u00e8 e t\u00e8 in qualsiasi momento \u2014 da una lenta mattina in terrazza a un rilassante fine serata.<\/p>\n<hr data-start=\"962\" data-end=\"965\" \/>\n<h5 data-start=\"967\" data-end=\"999\"><strong data-start=\"971\" data-end=\"997\">AMAZON PRIME &amp; NETFLIX<\/strong><\/h5>\n<p data-start=\"1000\" data-end=\"1339\">goditi un intrattenimento senza interruzioni con <strong data-start=\"1049\" data-end=\"1071\">amazon prime video<\/strong> e <strong data-start=\"1074\" data-end=\"1085\">netflix<\/strong> disponibili sulla smart tv della tua suite, grazie ad app integrate per un\u2019esperienza di streaming personalizzata. che si tratti di una serata accogliente o di una giornata di pioggia, le tue serie e i tuoi film preferiti sono sempre a portata di click.<\/p>\n<hr data-start=\"1341\" data-end=\"1344\" \/>\n<h5 data-start=\"1346\" data-end=\"1432\"><strong data-start=\"1350\" data-end=\"1430\">SERVIZI &amp; DOTAZIONI \u2013 Tutto ci\u00f2 che desideri, avvolto in un\u2019eleganza isolana<\/strong><\/h5>\n<h6 data-start=\"1433\" data-end=\"1886\">Suite con vista mare e terrazza privata \u00b7 interni non fumatori \u00b7 ampio bagno di design \u00b7 smart tv da 43\u2033 con amazon prime &amp; netflix \u00b7 wi-fi ad alta velocit\u00e0 \u00b7 altoparlante bluetooth \u00b7 aria condizionata a controllo individuale \u00b7 specchio da trucco illuminato \u00b7 asciugacapelli e bilancia digitale \u00b7 cassaforte \u00b7 biancheria di cotone pregiata \u00b7 soffici accappatoi e pantofole \u00b7 prodotti da bagno di lusso \u00b7 eleganti arredi da esterno per rilassarsi o cenare<\/h6>\n<p>[\/vc_column_text][\/vc_column_inner][\/vc_row_inner][\/vc_column][vc_column css_animation=&#8221;none&#8221; width=&#8221;1\/2&#8243;][vc_empty_space]<div class=\"rokka-gallery rokka-gallery-element\"><div class=\"rokka-gallery-masonry rokka-grid rokka-2-col   animate-text\" data-ismasonry=\"0\" data-imgbg=\"1\"><article class=\"grid-sizer\"><\/article><article class=\"gutter-sizer\"><\/article><article class=\"w1-h1\"><div class=\"layer\"><div class=\"img-bg\" data-depth=\"0.50\" style=\"background-image: url(https:\/\/mmvilla.com\/wp-content\/uploads\/2024\/10\/Manu-Sea-Sun-Villa-Mykonos-109-2.jpg) \" ><\/div><\/div>\n\t\t\t\t\t\t<div class=\"rokka-gallery-item open-lightbox_images\"><a class=\"gallery-link\" href=\"https:\/\/mmvilla.com\/wp-content\/uploads\/2024\/10\/Manu-Sea-Sun-Villa-Mykonos-109-2.jpg\" data-size=\"640x454\"><\/a><div class=\"image-wrapper\"><span class=\"gallery-img \" style=\"background-image: url(https:\/\/mmvilla.com\/wp-content\/uploads\/2024\/10\/Manu-Sea-Sun-Villa-Mykonos-109-2.jpg);\"><\/span><\/div><\/div><\/article><article class=\"w1-h1\"><div class=\"layer\"><div class=\"img-bg\" data-depth=\"0.50\" style=\"background-image: url(https:\/\/mmvilla.com\/wp-content\/uploads\/2024\/10\/Manu-Sea-Sun-Villa-Mykonos-110.jpg) \" ><\/div><\/div>\n\t\t\t\t\t\t<div class=\"rokka-gallery-item open-lightbox_images\"><a class=\"gallery-link\" href=\"https:\/\/mmvilla.com\/wp-content\/uploads\/2024\/10\/Manu-Sea-Sun-Villa-Mykonos-110.jpg\" data-size=\"640x454\"><\/a><div class=\"image-wrapper\"><span class=\"gallery-img \" style=\"background-image: url(https:\/\/mmvilla.com\/wp-content\/uploads\/2024\/10\/Manu-Sea-Sun-Villa-Mykonos-110.jpg);\"><\/span><\/div><\/div><\/article><article class=\"w1-h1\"><div class=\"layer\"><div class=\"img-bg\" data-depth=\"0.50\" style=\"background-image: url(https:\/\/mmvilla.com\/wp-content\/uploads\/2024\/10\/Manu-Sea-Sun-Villa-Mykonos-111.jpg) \" ><\/div><\/div>\n\t\t\t\t\t\t<div class=\"rokka-gallery-item open-lightbox_images\"><a class=\"gallery-link\" href=\"https:\/\/mmvilla.com\/wp-content\/uploads\/2024\/10\/Manu-Sea-Sun-Villa-Mykonos-111.jpg\" data-size=\"640x454\"><\/a><div class=\"image-wrapper\"><span class=\"gallery-img \" style=\"background-image: url(https:\/\/mmvilla.com\/wp-content\/uploads\/2024\/10\/Manu-Sea-Sun-Villa-Mykonos-111.jpg);\"><\/span><\/div><\/div><\/article><article class=\"w1-h1\"><div class=\"layer\"><div class=\"img-bg\" data-depth=\"0.50\" style=\"background-image: url(https:\/\/mmvilla.com\/wp-content\/uploads\/2024\/10\/Manu-Sea-Sun-Villa-Mykonos-144.jpg) \" ><\/div><\/div>\n\t\t\t\t\t\t<div class=\"rokka-gallery-item open-lightbox_images\"><a class=\"gallery-link\" href=\"https:\/\/mmvilla.com\/wp-content\/uploads\/2024\/10\/Manu-Sea-Sun-Villa-Mykonos-144.jpg\" data-size=\"640x422\"><\/a><div class=\"image-wrapper\"><span class=\"gallery-img \" style=\"background-image: url(https:\/\/mmvilla.com\/wp-content\/uploads\/2024\/10\/Manu-Sea-Sun-Villa-Mykonos-144.jpg);\"><\/span><\/div><\/div><\/article><article class=\"w1-h1\"><div class=\"layer\"><div class=\"img-bg\" data-depth=\"0.50\" style=\"background-image: url(https:\/\/mmvilla.com\/wp-content\/uploads\/2024\/10\/7-Manu-Sea-Sun-Villa-Mykonos-Vive-Suite-3-1600x1068.jpg) \" ><\/div><\/div>\n\t\t\t\t\t\t<div class=\"rokka-gallery-item open-lightbox_images\"><a class=\"gallery-link\" href=\"https:\/\/mmvilla.com\/wp-content\/uploads\/2024\/10\/7-Manu-Sea-Sun-Villa-Mykonos-Vive-Suite-3-scaled.jpg\" data-size=\"640x427\"><\/a><div class=\"image-wrapper\"><span class=\"gallery-img \" style=\"background-image: url(https:\/\/mmvilla.com\/wp-content\/uploads\/2024\/10\/7-Manu-Sea-Sun-Villa-Mykonos-Vive-Suite-3-1600x1068.jpg);\"><\/span><\/div><\/div><\/article><article class=\"w1-h1\"><div class=\"layer\"><div class=\"img-bg\" data-depth=\"0.50\" style=\"background-image: url(https:\/\/mmvilla.com\/wp-content\/uploads\/2025\/05\/HOUSE-VILLA-2BR-3BA.jpg) \" ><\/div><\/div>\n\t\t\t\t\t\t<div class=\"rokka-gallery-item open-lightbox_images\"><a class=\"gallery-link\" href=\"https:\/\/mmvilla.com\/wp-content\/uploads\/2025\/05\/HOUSE-VILLA-2BR-3BA.jpg\" data-size=\"640x640\"><\/a><div class=\"image-wrapper\"><span class=\"gallery-img \" style=\"background-image: url(https:\/\/mmvilla.com\/wp-content\/uploads\/2025\/05\/HOUSE-VILLA-2BR-3BA.jpg);\"><\/span><\/div><\/div><\/article><article class=\"w1-h1\"><div class=\"layer\"><div class=\"img-bg\" data-depth=\"0.50\" style=\"background-image: url(https:\/\/mmvilla.com\/wp-content\/uploads\/2025\/09\/LOGO-MANU-TRANSPARENT-8.png) \" ><\/div><\/div>\n\t\t\t\t\t\t<div class=\"rokka-gallery-item open-lightbox_images\"><a class=\"gallery-link\" href=\"https:\/\/mmvilla.com\/wp-content\/uploads\/2025\/09\/LOGO-MANU-TRANSPARENT-8.png\" data-size=\"410x410\"><\/a><div class=\"image-wrapper\"><span class=\"gallery-img \" style=\"background-image: url(https:\/\/mmvilla.com\/wp-content\/uploads\/2025\/09\/LOGO-MANU-TRANSPARENT-8.png);\"><\/span><\/div><\/div><\/article><\/div><\/div>[vc_empty_space]<div class=\"heading-with-separator text-left id_169e34c2642df5415143392   \"><div class=\"header-content\">\n\t\t\t<p class=\"h-subheading\"><\/p>\n\t\t\t<h5 class=\"heading  \" style=\"color: #000000; letter-spacing: 0px; \">Mykonos. A Modo Tuo.<br \/>\nEntra in un mondo di comfort ed eleganza, dove ogni dettaglio \u00e8 pensato per te.<\/h5><\/div><\/div><div class=\"custom-styles\" data-styles=\".id_169e34c2642df5415143392 .heading-decorator-1:before, .id_169e34c2642df5415143392 .heading-decorator-1:after { border-color: #000000}\"><\/div><div class=\"heading-with-separator text-left id_169e34c2642e1d479762493   \"><div class=\"header-content\">\n\t\t\t<p class=\"h-subheading\"><\/p>\n\t\t\t<h6 class=\"heading  \" style=\"color: #000000; letter-spacing: 0px; \">Scopri un\u2019esperienza di vacanza esclusiva creata per chi desidera molto pi\u00f9 di un semplice soggiorno. Ogni elemento \u00e8 accuratamente curato per unire stile, autenticit\u00e0 e armonia, rendendo il tuo tempo a Mykonos davvero indimenticabile.<\/h6><\/div><\/div><div class=\"custom-styles\" data-styles=\".id_169e34c2642e1d479762493 .heading-decorator-1:before, .id_169e34c2642e1d479762493 .heading-decorator-1:after { border-color: #000000}\"><\/div><div class=\"heading-with-separator text-left id_169e34c2642e3f1243056516   \"><div class=\"header-content\">\n\t\t\t<p class=\"h-subheading\"><\/p>\n\t\t\t<h5 class=\"heading  \" style=\"color: #000000; letter-spacing: 0px; \">Con scenari mozzafiato, attenzioni personalizzate e momenti unici, una vacanza a Mykonos dovrebbe sempre essere un\u2019esperienza personale.<\/h5><\/div><\/div><div class=\"custom-styles\" data-styles=\".id_169e34c2642e3f1243056516 .heading-decorator-1:before, .id_169e34c2642e3f1243056516 .heading-decorator-1:after { border-color: #000000}\"><\/div><div class=\"btn-wrapper text-left id_169e34c2642e632117407438   icon-left \" ><a href=\"https:\/\/mmvilla.com\/it\/manu-mykonos-villa-prenota-online\/%20\" target='_blank' class=\"btn btn-lg btn-dark btn-solid\" data-btn-text=\"PRENOTA ONLINE\">PRENOTA ONLINE<\/a><\/div>[\/vc_column][\/vc_row]<\/p>","protected":false},"excerpt":{"rendered":"<p>[vc_row full_width=&#8221;stretch_row&#8221; gap=&#8221;&#8221; full_height=&#8221;yes&#8221; equal_height=&#8221;yes&#8221; parallax=&#8221;content-moving&#8221; parallax_image=&#8221;8547&#8243; overlay_color=&#8221;rgba(33,33,33,0.4)&#8221; text_color=&#8221;#ffffff&#8221; css=&#8221;.vc_custom_1758871923326{padding-top: 180px !important;padding-bottom: 180px !important;}&#8221;][vc_column width=&#8221;1\/2&#8243;][vc_column_text css_animation=&#8221;fadeInUp&#8221;] Serenit\u00e0 Ideale \u2013 La Suite Deluxe Vive Interni impeccabili che si integrano con la brezza degli spazi aperti, creando un rifugio elegante e confortevole per fino a 3 ospiti MIGLIOR PREZZO GARANTITO Prenota oggi il tuo soggiorno da sogno![&#8230;] <a href=\"https:\/\/mmvilla.com\/it\/manu-mykonos-villa-vive-suite-di-lusso\/\" class=\"more-link\">Continue reading<\/a><\/p>\n","protected":false},"author":2,"featured_media":0,"parent":0,"menu_order":0,"comment_status":"closed","ping_status":"closed","template":"","meta":{"footnotes":""},"class_list":["post-11070","page","type-page","status-publish","hentry"],"yoast_head":"<!-- This site is optimized with the Yoast SEO Premium plugin v23.5 (Yoast SEO v25.7) - https:\/\/yoast.com\/wordpress\/plugins\/seo\/ -->\n<title>Vive Suite \u2013 Eleganza Premium a Majestic Manu Mykonos Villa<\/title>\n<meta name=\"description\" content=\"Vivi il lusso nella Vive Suite di Majestic Manu Mykonos Villa: comfort premium, vista mare mozzafiato e relax esclusivo vicino ad Agia Anna\" \/>\n<meta name=\"robots\" content=\"index, follow, max-snippet:-1, max-image-preview:large, max-video-preview:-1\" \/>\n<link rel=\"canonical\" href=\"https:\/\/mmvilla.com\/it\/manu-mykonos-villa-vive-suite-di-lusso\/\" \/>\n<meta property=\"og:locale\" content=\"it_IT\" \/>\n<meta property=\"og:type\" content=\"article\" \/>\n<meta property=\"og:title\" content=\"MANU MYKONOS VILLA Vive suite\" \/>\n<meta property=\"og:description\" content=\"Vivi il lusso nella Vive Suite di Majestic Manu Mykonos Villa: comfort premium, vista mare mozzafiato e relax esclusivo vicino ad Agia Anna\" \/>\n<meta property=\"og:url\" content=\"https:\/\/mmvilla.com\/it\/manu-mykonos-villa-vive-suite-di-lusso\/\" \/>\n<meta property=\"og:site_name\" content=\"Majestic Manu Mykonos \u2013 Private Villa, Premium Suites &amp; More\" \/>\n<meta property=\"article:publisher\" content=\"https:\/\/www.facebook.com\/p\/Quality-Brand-Villas-100039678235957\/\" \/>\n<meta property=\"article:modified_time\" content=\"2025-10-13T05:16:26+00:00\" \/>\n<meta name=\"twitter:card\" content=\"summary_large_image\" \/>\n<meta name=\"twitter:label1\" content=\"Tempo di lettura stimato\" \/>\n\t<meta name=\"twitter:data1\" content=\"3 minuti\" \/>\n<script type=\"application\/ld+json\" class=\"yoast-schema-graph\">{\"@context\":\"https:\/\/schema.org\",\"@graph\":[{\"@type\":\"WebPage\",\"@id\":\"https:\/\/mmvilla.com\/it\/manu-mykonos-villa-vive-suite-di-lusso\/\",\"url\":\"https:\/\/mmvilla.com\/it\/manu-mykonos-villa-vive-suite-di-lusso\/\",\"name\":\"Vive Suite \u2013 Eleganza Premium a Majestic Manu Mykonos Villa\",\"isPartOf\":{\"@id\":\"https:\/\/mmvilla.com\/#website\"},\"datePublished\":\"2025-05-28T11:43:36+00:00\",\"dateModified\":\"2025-10-13T05:16:26+00:00\",\"description\":\"Vivi il lusso nella Vive Suite di Majestic Manu Mykonos Villa: comfort premium, vista mare mozzafiato e relax esclusivo vicino ad Agia Anna\",\"breadcrumb\":{\"@id\":\"https:\/\/mmvilla.com\/it\/manu-mykonos-villa-vive-suite-di-lusso\/#breadcrumb\"},\"inLanguage\":\"it-IT\",\"potentialAction\":[{\"@type\":\"ReadAction\",\"target\":[\"https:\/\/mmvilla.com\/it\/manu-mykonos-villa-vive-suite-di-lusso\/\"]}]},{\"@type\":\"BreadcrumbList\",\"@id\":\"https:\/\/mmvilla.com\/it\/manu-mykonos-villa-vive-suite-di-lusso\/#breadcrumb\",\"itemListElement\":[{\"@type\":\"ListItem\",\"position\":1,\"name\":\"Home\",\"item\":\"https:\/\/mmvilla.com\/it\/\"},{\"@type\":\"ListItem\",\"position\":2,\"name\":\"MANU MYKONOS VILLA Vive suite\"}]},{\"@type\":\"WebSite\",\"@id\":\"https:\/\/mmvilla.com\/#website\",\"url\":\"https:\/\/mmvilla.com\/\",\"name\":\"Manu Mykonos Villa\",\"description\":\"Mykonos Luxury Living, Perfected by Majestic Manu\",\"publisher\":{\"@id\":\"https:\/\/mmvilla.com\/#organization\"},\"alternateName\":\"MMVILLA\",\"potentialAction\":[{\"@type\":\"SearchAction\",\"target\":{\"@type\":\"EntryPoint\",\"urlTemplate\":\"https:\/\/mmvilla.com\/?s={search_term_string}\"},\"query-input\":{\"@type\":\"PropertyValueSpecification\",\"valueRequired\":true,\"valueName\":\"search_term_string\"}}],\"inLanguage\":\"it-IT\"},{\"@type\":\"Organization\",\"@id\":\"https:\/\/mmvilla.com\/#organization\",\"name\":\"QB Villas\",\"url\":\"https:\/\/mmvilla.com\/\",\"logo\":{\"@type\":\"ImageObject\",\"inLanguage\":\"it-IT\",\"@id\":\"https:\/\/mmvilla.com\/#\/schema\/logo\/image\/\",\"url\":\"https:\/\/mmvilla.com\/wp-content\/uploads\/2018\/12\/QUALITY-BRAND-LOGO-KEM-QBVILLAS.png\",\"contentUrl\":\"https:\/\/mmvilla.com\/wp-content\/uploads\/2018\/12\/QUALITY-BRAND-LOGO-KEM-QBVILLAS.png\",\"width\":487,\"height\":500,\"caption\":\"QB Villas\"},\"image\":{\"@id\":\"https:\/\/mmvilla.com\/#\/schema\/logo\/image\/\"},\"sameAs\":[\"https:\/\/www.facebook.com\/p\/Quality-Brand-Villas-100039678235957\/\",\"https:\/\/www.instagram.com\/qualitybrandvillas\/\",\"https:\/\/www.linkedin.com\/company\/quality-brand-villas\"]}]}<\/script>\n<!-- \/ Yoast SEO Premium plugin. -->","yoast_head_json":{"title":"Vive Suite \u2013 Eleganza Premium a Majestic Manu Mykonos Villa","description":"Vivi il lusso nella Vive Suite di Majestic Manu Mykonos Villa: comfort premium, vista mare mozzafiato e relax esclusivo vicino ad Agia Anna","robots":{"index":"index","follow":"follow","max-snippet":"max-snippet:-1","max-image-preview":"max-image-preview:large","max-video-preview":"max-video-preview:-1"},"canonical":"https:\/\/mmvilla.com\/it\/manu-mykonos-villa-vive-suite-di-lusso\/","og_locale":"it_IT","og_type":"article","og_title":"MANU MYKONOS VILLA Vive suite","og_description":"Vivi il lusso nella Vive Suite di Majestic Manu Mykonos Villa: comfort premium, vista mare mozzafiato e relax esclusivo vicino ad Agia Anna","og_url":"https:\/\/mmvilla.com\/it\/manu-mykonos-villa-vive-suite-di-lusso\/","og_site_name":"Majestic Manu Mykonos \u2013 Private Villa, Premium Suites &amp; More","article_publisher":"https:\/\/www.facebook.com\/p\/Quality-Brand-Villas-100039678235957\/","article_modified_time":"2025-10-13T05:16:26+00:00","twitter_card":"summary_large_image","twitter_misc":{"Tempo di lettura stimato":"3 minuti"},"schema":{"@context":"https:\/\/schema.org","@graph":[{"@type":"WebPage","@id":"https:\/\/mmvilla.com\/it\/manu-mykonos-villa-vive-suite-di-lusso\/","url":"https:\/\/mmvilla.com\/it\/manu-mykonos-villa-vive-suite-di-lusso\/","name":"Vive Suite \u2013 Eleganza Premium a Majestic Manu Mykonos Villa","isPartOf":{"@id":"https:\/\/mmvilla.com\/#website"},"datePublished":"2025-05-28T11:43:36+00:00","dateModified":"2025-10-13T05:16:26+00:00","description":"Vivi il lusso nella Vive Suite di Majestic Manu Mykonos Villa: comfort premium, vista mare mozzafiato e relax esclusivo vicino ad Agia Anna","breadcrumb":{"@id":"https:\/\/mmvilla.com\/it\/manu-mykonos-villa-vive-suite-di-lusso\/#breadcrumb"},"inLanguage":"it-IT","potentialAction":[{"@type":"ReadAction","target":["https:\/\/mmvilla.com\/it\/manu-mykonos-villa-vive-suite-di-lusso\/"]}]},{"@type":"BreadcrumbList","@id":"https:\/\/mmvilla.com\/it\/manu-mykonos-villa-vive-suite-di-lusso\/#breadcrumb","itemListElement":[{"@type":"ListItem","position":1,"name":"Home","item":"https:\/\/mmvilla.com\/it\/"},{"@type":"ListItem","position":2,"name":"MANU MYKONOS VILLA Vive suite"}]},{"@type":"WebSite","@id":"https:\/\/mmvilla.com\/#website","url":"https:\/\/mmvilla.com\/","name":"Manu Mykonos Villa","description":"Mykonos Luxury Living, Perfected by Majestic Manu","publisher":{"@id":"https:\/\/mmvilla.com\/#organization"},"alternateName":"MMVILLA","potentialAction":[{"@type":"SearchAction","target":{"@type":"EntryPoint","urlTemplate":"https:\/\/mmvilla.com\/?s={search_term_string}"},"query-input":{"@type":"PropertyValueSpecification","valueRequired":true,"valueName":"search_term_string"}}],"inLanguage":"it-IT"},{"@type":"Organization","@id":"https:\/\/mmvilla.com\/#organization","name":"QB Villas","url":"https:\/\/mmvilla.com\/","logo":{"@type":"ImageObject","inLanguage":"it-IT","@id":"https:\/\/mmvilla.com\/#\/schema\/logo\/image\/","url":"https:\/\/mmvilla.com\/wp-content\/uploads\/2018\/12\/QUALITY-BRAND-LOGO-KEM-QBVILLAS.png","contentUrl":"https:\/\/mmvilla.com\/wp-content\/uploads\/2018\/12\/QUALITY-BRAND-LOGO-KEM-QBVILLAS.png","width":487,"height":500,"caption":"QB Villas"},"image":{"@id":"https:\/\/mmvilla.com\/#\/schema\/logo\/image\/"},"sameAs":["https:\/\/www.facebook.com\/p\/Quality-Brand-Villas-100039678235957\/","https:\/\/www.instagram.com\/qualitybrandvillas\/","https:\/\/www.linkedin.com\/company\/quality-brand-villas"]}]}},"_links":{"self":[{"href":"https:\/\/mmvilla.com\/it\/wp-json\/wp\/v2\/pages\/11070","targetHints":{"allow":["GET"]}}],"collection":[{"href":"https:\/\/mmvilla.com\/it\/wp-json\/wp\/v2\/pages"}],"about":[{"href":"https:\/\/mmvilla.com\/it\/wp-json\/wp\/v2\/types\/page"}],"author":[{"embeddable":true,"href":"https:\/\/mmvilla.com\/it\/wp-json\/wp\/v2\/users\/2"}],"replies":[{"embeddable":true,"href":"https:\/\/mmvilla.com\/it\/wp-json\/wp\/v2\/comments?post=11070"}],"version-history":[{"count":11,"href":"https:\/\/mmvilla.com\/it\/wp-json\/wp\/v2\/pages\/11070\/revisions"}],"predecessor-version":[{"id":15204,"href":"https:\/\/mmvilla.com\/it\/wp-json\/wp\/v2\/pages\/11070\/revisions\/15204"}],"wp:attachment":[{"href":"https:\/\/mmvilla.com\/it\/wp-json\/wp\/v2\/media?parent=11070"}],"curies":[{"name":"wp","href":"https:\/\/api.w.org\/{rel}","templated":true}]}}