{"id":11073,"date":"2024-10-12T23:39:17","date_gmt":"2024-10-12T20:39:17","guid":{"rendered":"https:\/\/mmvilla.com\/manu-mykonos-villa-oasis-suite\/"},"modified":"2025-10-13T08:17:59","modified_gmt":"2025-10-13T05:17:59","slug":"manu-mykonos-villa-oasis-suite","status":"publish","type":"page","link":"https:\/\/mmvilla.com\/it\/manu-mykonos-villa-oasis-suite\/","title":{"rendered":"MANU MYKONOS VILLA Oasis suite"},"content":{"rendered":"<p>[vc_row full_width=&#8221;stretch_row&#8221; gap=&#8221;&#8221; full_height=&#8221;yes&#8221; equal_height=&#8221;yes&#8221; parallax=&#8221;content-moving&#8221; parallax_image=&#8221;8568&#8243; overlay_color=&#8221;rgba(33,33,33,0.4)&#8221; text_color=&#8221;#ffffff&#8221; css=&#8221;.vc_custom_1758872048486{padding-top: 180px !important;padding-bottom: 180px !important;}&#8221;][vc_column width=&#8221;1\/2&#8243;][vc_column_text css_animation=&#8221;fadeInUp&#8221;]<\/p>\n<h1>Spazio Eccezionale \u2013 La Suite Superb Oasis<\/h1>\n<h4>Questo rifugio sereno ospita fino a 2 persone, offrendo un ambiente raffinato e intimo pensato per un relax assoluto e momenti di puro piacere<\/h4>\n<h3>MIGLIOR PREZZO GARANTITO<\/h3>\n<h4><a href=\"https:\/\/mmvilla.com\/it\/manu-mykonos-villa-prenota-online\/\" target=\"_blank\" rel=\"noopener\"><strong data-start=\"225\" data-end=\"280\">Prenota oggi il tuo soggiorno da sogno!<\/strong><\/a><\/h4>\n<p>[\/vc_column_text][\/vc_column][vc_column width=&#8221;1\/2&#8243;][vc_empty_space height=&#8221;84px&#8221;][\/vc_column][\/vc_row][vc_row full_width=&#8221;stretch_row_content&#8221; gap=&#8221;&#8221; equal_height=&#8221;yes&#8221; content_placement=&#8221;top&#8221; css=&#8221;.vc_custom_1759831849181{padding-top: 32px !important;padding-bottom: 32px !important;}&#8221;][vc_column parallax_image=&#8221;2821&#8243; width=&#8221;1\/2&#8243; overlay_color=&#8221;rgba(255,255,255,0.9)&#8221; css=&#8221;.vc_custom_1759311609954{padding-top: 32px !important;padding-right: 100px !important;padding-left: 100px !important;}&#8221;][vc_row_inner][vc_column_inner]<div class=\"heading-with-separator text-left id_169d50fc56640e310777563   wpb_animate_when_almost_visible wpb_fadeInUp fadeInUp \"><div class=\"header-content\">\n\t\t\t<p class=\"h-subheading\">Vista Mare e Piscina | Ospiti: fino a 2 | Camere da Letto: 1 | Bagno: 1 | Superficie: 60 m\u00b2 (di cui 20 m\u00b2 interni \u2013 pari a 645 ft\u00b2)<\/p>\n\t\t\t<h2 class=\"heading  heading-decorator-1\" style=\"; letter-spacing: 0px; \">Spazio Straordinario \u2013 Suite Superb Oasis<br \/>\n<em>&amp; Prezzo Eccezionale<\/em><\/h2><\/div><\/div><div class=\"custom-styles\" data-styles=\".id_169d50fc56640e310777563 .heading-decorator-1:before, .id_169d50fc56640e310777563 .heading-decorator-1:after { border-color: #000000}\"><\/div><div class=\"heading-with-separator text-left id_169d50fc5664b21997841955   wpb_animate_when_almost_visible wpb_fadeInUp fadeInUp \"><div class=\"header-content\">\n\t\t\t<p class=\"h-subheading\"><\/p>\n\t\t\t<h4 class=\"heading  \" style=\"color: #000000; letter-spacing: 0px; \">Suite Superb Oasis \u2013 Il Tuo Rifugio da Sogno a Mykonos<\/h4><\/div><\/div><div class=\"custom-styles\" data-styles=\".id_169d50fc5664b21997841955 .heading-decorator-1:before, .id_169d50fc5664b21997841955 .heading-decorator-1:after { border-color: #000000}\"><\/div>[vc_column_text css_animation=&#8221;fadeInUp&#8221;]<\/p>\n<h6 data-start=\"154\" data-end=\"463\">La <strong data-start=\"157\" data-end=\"179\">suite superb oasis<\/strong> \u00e8 un rifugio sereno pensato per un massimo di due ospiti, con un letto queen-size e un elegante bagno privato. perfetta per coppie o viaggiatori solitari, questa suite intima unisce comfort e stile con viste mozzafiato sulla piscina e sul mar Egeo dal tuo balcone privato arredato.<\/h6>\n<h6 data-start=\"465\" data-end=\"775\">Che tu ti goda il sole durante il giorno o ammiri le stelle la sera, l\u2019atmosfera tranquilla della suite offre la fuga ideale per rilassarsi e rigenerarsi. ogni dettaglio di questo angolo di paradiso a mykonos \u00e8 studiato per arricchire il tuo soggiorno con pace, eleganza e un indimenticabile fascino isolano<\/h6>\n<p>[\/vc_column_text][vc_column_text]<\/p>\n<h5 data-start=\"148\" data-end=\"167\"><strong data-start=\"152\" data-end=\"165\">MATERASSI<\/strong><\/h5>\n<h6 data-start=\"168\" data-end=\"601\">per il sonno pi\u00f9 rigenerante a mykonos, la tua suite \u00e8 dotata esclusivamente dei migliori materassi naturali. realizzati a mano con cura e competenza, questi materassi di alta gamma sono prodotti con materiali ecologici di qualit\u00e0 superiore per garantire comfort eccezionale, traspirabilit\u00e0 e sostegno ottimale. ogni dettaglio \u00e8 studiato per offrirti un\u2019esperienza di riposo unica, che arricchisce la tua vacanza di lusso sull\u2019isola.<\/h6>\n<hr data-start=\"603\" data-end=\"606\" \/>\n<h5 data-start=\"608\" data-end=\"627\"><strong data-start=\"612\" data-end=\"625\">NESPRESSO<\/strong><\/h5>\n<h6 data-start=\"628\" data-end=\"993\">una giornata perfetta a mykonos inizia con una ricca tazza di caff\u00e8. la tua suite dispone di una macchina nespresso e di un bollitore, per gustare in qualsiasi momento caff\u00e8 pregiati o t\u00e8 selezionati \u2014 dalle mattine tranquille in terrazza ai momenti rilassanti della sera. questa dotazione in camera aggiunge comfort e un tocco di lusso al tuo soggiorno sull\u2019isola.<\/h6>\n<hr data-start=\"995\" data-end=\"998\" \/>\n<h5 data-start=\"1000\" data-end=\"1032\"><strong data-start=\"1004\" data-end=\"1030\">AMAZON PRIME e NETFLIX<\/strong><\/h5>\n<h6 data-start=\"1033\" data-end=\"1350\">amazon prime video e netflix sono disponibili nella tua suite tramite smart tv con app integrate, offrendoti un\u2019esperienza di streaming personalizzata e intrattenimento continuo durante la tua permanenza a mykonos. goditi i tuoi film e le tue serie preferite in qualsiasi momento, nel comfort del tuo rifugio privato.<\/h6>\n<hr data-start=\"1352\" data-end=\"1355\" \/>\n<h5 data-start=\"1357\" data-end=\"1386\"><strong data-start=\"1361\" data-end=\"1384\">SERVIZI &amp; DOTAZIONI<\/strong><\/h5>\n<h6 data-start=\"1387\" data-end=\"2184\">goditi una suite non fumatori con vista mare che unisce comfort ed eleganza a una gamma di servizi di lusso. l\u2019ampio bagno, il balcone privato e gli eleganti arredi da esterno creano l\u2019ambiente perfetto per il relax. all\u2019interno, una smart-led fhd tv da 43 pollici offre oltre 100 canali satellitari, insieme ad amazon prime e netflix integrati per un intrattenimento su richiesta. la suite dispone inoltre di altoparlante bluetooth, wi-fi ad alta velocit\u00e0 gratuito e aria condizionata a controllo individuale per un clima sempre ideale. completano l\u2019esperienza uno specchio da trucco illuminato, asciugacapelli, bilancia digitale e cassaforte. biancheria di cotone pregiata, soffici accappatoi, comode pantofole e prodotti da bagno di lusso rendono il tuo soggiorno a mykonos davvero esclusivo<\/h6>\n<p>[\/vc_column_text][\/vc_column_inner][\/vc_row_inner][\/vc_column][vc_column css_animation=&#8221;none&#8221; width=&#8221;1\/2&#8243;][vc_empty_space]<div class=\"rokka-gallery rokka-gallery-element\"><div class=\"rokka-gallery-masonry rokka-grid rokka-2-col   animate-text\" data-ismasonry=\"0\" data-imgbg=\"1\"><article class=\"grid-sizer\"><\/article><article class=\"gutter-sizer\"><\/article><article class=\"w1-h1\"><div class=\"layer\"><div class=\"img-bg\" data-depth=\"0.50\" style=\"background-image: url(https:\/\/mmvilla.com\/wp-content\/uploads\/2024\/10\/Manu-Sea-Sun-Villa-Mykonos-116-1.jpg) \" ><\/div><\/div>\n\t\t\t\t\t\t<div class=\"rokka-gallery-item open-lightbox_images\"><a class=\"gallery-link\" href=\"https:\/\/mmvilla.com\/wp-content\/uploads\/2024\/10\/Manu-Sea-Sun-Villa-Mykonos-116-1.jpg\" data-size=\"640x454\"><\/a><div class=\"image-wrapper\"><span class=\"gallery-img \" style=\"background-image: url(https:\/\/mmvilla.com\/wp-content\/uploads\/2024\/10\/Manu-Sea-Sun-Villa-Mykonos-116-1.jpg);\"><\/span><\/div><\/div><\/article><article class=\"w1-h1\"><div class=\"layer\"><div class=\"img-bg\" data-depth=\"0.50\" style=\"background-image: url(https:\/\/mmvilla.com\/wp-content\/uploads\/2024\/10\/Manu-Sea-Sun-Villa-Mykonos-117-1.jpg) \" ><\/div><\/div>\n\t\t\t\t\t\t<div class=\"rokka-gallery-item open-lightbox_images\"><a class=\"gallery-link\" href=\"https:\/\/mmvilla.com\/wp-content\/uploads\/2024\/10\/Manu-Sea-Sun-Villa-Mykonos-117-1.jpg\" data-size=\"640x454\"><\/a><div class=\"image-wrapper\"><span class=\"gallery-img \" style=\"background-image: url(https:\/\/mmvilla.com\/wp-content\/uploads\/2024\/10\/Manu-Sea-Sun-Villa-Mykonos-117-1.jpg);\"><\/span><\/div><\/div><\/article><article class=\"w1-h1\"><div class=\"layer\"><div class=\"img-bg\" data-depth=\"0.50\" style=\"background-image: url(https:\/\/mmvilla.com\/wp-content\/uploads\/2024\/10\/Manu-Sea-Sun-Villa-Mykonos-118.jpg) \" ><\/div><\/div>\n\t\t\t\t\t\t<div class=\"rokka-gallery-item open-lightbox_images\"><a class=\"gallery-link\" href=\"https:\/\/mmvilla.com\/wp-content\/uploads\/2024\/10\/Manu-Sea-Sun-Villa-Mykonos-118.jpg\" data-size=\"640x454\"><\/a><div class=\"image-wrapper\"><span class=\"gallery-img \" style=\"background-image: url(https:\/\/mmvilla.com\/wp-content\/uploads\/2024\/10\/Manu-Sea-Sun-Villa-Mykonos-118.jpg);\"><\/span><\/div><\/div><\/article><article class=\"w1-h1\"><div class=\"layer\"><div class=\"img-bg\" data-depth=\"0.50\" style=\"background-image: url(https:\/\/mmvilla.com\/wp-content\/uploads\/2024\/10\/Manu-Sea-Sun-Villa-Mykonos-119.jpg) \" ><\/div><\/div>\n\t\t\t\t\t\t<div class=\"rokka-gallery-item open-lightbox_images\"><a class=\"gallery-link\" href=\"https:\/\/mmvilla.com\/wp-content\/uploads\/2024\/10\/Manu-Sea-Sun-Villa-Mykonos-119.jpg\" data-size=\"640x454\"><\/a><div class=\"image-wrapper\"><span class=\"gallery-img \" style=\"background-image: url(https:\/\/mmvilla.com\/wp-content\/uploads\/2024\/10\/Manu-Sea-Sun-Villa-Mykonos-119.jpg);\"><\/span><\/div><\/div><\/article><article class=\"w1-h1\"><div class=\"layer\"><div class=\"img-bg\" data-depth=\"0.50\" style=\"background-image: url(https:\/\/mmvilla.com\/wp-content\/uploads\/2024\/10\/Manu-Sea-Sun-Villa-Mykonos-120.jpg) \" ><\/div><\/div>\n\t\t\t\t\t\t<div class=\"rokka-gallery-item open-lightbox_images\"><a class=\"gallery-link\" href=\"https:\/\/mmvilla.com\/wp-content\/uploads\/2024\/10\/Manu-Sea-Sun-Villa-Mykonos-120.jpg\" data-size=\"640x454\"><\/a><div class=\"image-wrapper\"><span class=\"gallery-img \" style=\"background-image: url(https:\/\/mmvilla.com\/wp-content\/uploads\/2024\/10\/Manu-Sea-Sun-Villa-Mykonos-120.jpg);\"><\/span><\/div><\/div><\/article><article class=\"w1-h1\"><div class=\"layer\"><div class=\"img-bg\" data-depth=\"0.50\" style=\"background-image: url(https:\/\/mmvilla.com\/wp-content\/uploads\/2025\/09\/LOGO-MANU-TRANSPARENT-8.png) \" ><\/div><\/div>\n\t\t\t\t\t\t<div class=\"rokka-gallery-item open-lightbox_images\"><a class=\"gallery-link\" href=\"https:\/\/mmvilla.com\/wp-content\/uploads\/2025\/09\/LOGO-MANU-TRANSPARENT-8.png\" data-size=\"410x410\"><\/a><div class=\"image-wrapper\"><span class=\"gallery-img \" style=\"background-image: url(https:\/\/mmvilla.com\/wp-content\/uploads\/2025\/09\/LOGO-MANU-TRANSPARENT-8.png);\"><\/span><\/div><\/div><\/article><\/div><\/div>[vc_empty_space]<div class=\"heading-with-separator text-left id_169d50fc567712118807373   \"><div class=\"header-content\">\n\t\t\t<p class=\"h-subheading\"><\/p>\n\t\t\t<h5 class=\"heading  \" style=\"color: #000000; letter-spacing: 0px; \">Mykonos. Pensata per Te.<br \/>\nImmergiti in un mondo di raffinatezza e armonia, dove ogni dettaglio \u00e8 creato con attenzione pensando a te.<\/h5><\/div><\/div><div class=\"custom-styles\" data-styles=\".id_169d50fc567712118807373 .heading-decorator-1:before, .id_169d50fc567712118807373 .heading-decorator-1:after { border-color: #000000}\"><\/div><div class=\"heading-with-separator text-left id_169d50fc5677391794076265   \"><div class=\"header-content\">\n\t\t\t<p class=\"h-subheading\"><\/p>\n\t\t\t<h6 class=\"heading  \" style=\"color: #000000; letter-spacing: 0px; \">\u00c8 una fuga esclusiva dedicata ai viaggiatori che apprezzano autenticit\u00e0, comfort e stile. Ogni elemento \u00e8 studiato con cura per catturare lo spirito unico di Mykonos e offrirti un\u2019esperienza al tempo stesso naturale e straordinaria.<\/h6><\/div><\/div><div class=\"custom-styles\" data-styles=\".id_169d50fc5677391794076265 .heading-decorator-1:before, .id_169d50fc5677391794076265 .heading-decorator-1:after { border-color: #000000}\"><\/div><div class=\"heading-with-separator text-left id_169d50fc567754293417294   \"><div class=\"header-content\">\n\t\t\t<p class=\"h-subheading\"><\/p>\n\t\t\t<h5 class=\"heading  \" style=\"color: #000000; letter-spacing: 0px; \">Con servizi personalizzati, attenzioni speciali e momenti da ricordare, la tua vacanza a Mykonos sar\u00e0 davvero unica come te.<\/h5><\/div><\/div><div class=\"custom-styles\" data-styles=\".id_169d50fc567754293417294 .heading-decorator-1:before, .id_169d50fc567754293417294 .heading-decorator-1:after { border-color: #000000}\"><\/div><div class=\"btn-wrapper text-left id_169d50fc5677751346459065   icon-left \" ><a href=\"https:\/\/mmvilla.com\/it\/manu-mykonos-villa-prenota-online\/%20\" target='_blank' class=\"btn btn-lg btn-dark btn-solid\" data-btn-text=\"PRENOTA ONLINE\">PRENOTA ONLINE<\/a><\/div>[\/vc_column][\/vc_row]<\/p>","protected":false},"excerpt":{"rendered":"<p>[vc_row full_width=&#8221;stretch_row&#8221; gap=&#8221;&#8221; full_height=&#8221;yes&#8221; equal_height=&#8221;yes&#8221; parallax=&#8221;content-moving&#8221; parallax_image=&#8221;8568&#8243; overlay_color=&#8221;rgba(33,33,33,0.4)&#8221; text_color=&#8221;#ffffff&#8221; css=&#8221;.vc_custom_1758872048486{padding-top: 180px !important;padding-bottom: 180px !important;}&#8221;][vc_column width=&#8221;1\/2&#8243;][vc_column_text css_animation=&#8221;fadeInUp&#8221;] Spazio Eccezionale \u2013 La Suite Superb Oasis Questo rifugio sereno ospita fino a 2 persone, offrendo un ambiente raffinato e intimo pensato per un relax assoluto e momenti di puro piacere MIGLIOR PREZZO GARANTITO Prenota oggi il tuo soggiorno[&#8230;] <a href=\"https:\/\/mmvilla.com\/it\/manu-mykonos-villa-oasis-suite\/\" class=\"more-link\">Continue reading<\/a><\/p>\n","protected":false},"author":2,"featured_media":0,"parent":0,"menu_order":0,"comment_status":"closed","ping_status":"closed","template":"","meta":{"footnotes":""},"class_list":["post-11073","page","type-page","status-publish","hentry"],"yoast_head":"<!-- This site is optimized with the Yoast SEO Premium plugin v23.5 (Yoast SEO v25.7) - https:\/\/yoast.com\/wordpress\/plugins\/seo\/ -->\n<title>Oasis Suite \u2013 Relax e Vista Mare a Majestic Manu Mykonos Villa<\/title>\n<meta name=\"description\" content=\"Scopri Oasis Suite presso Majestic Manu Mykonos Villa: comfort boutique, vista panoramica e relax esclusivo a pochi passi da Agia Anna.\" \/>\n<meta name=\"robots\" content=\"index, follow, max-snippet:-1, max-image-preview:large, max-video-preview:-1\" \/>\n<link rel=\"canonical\" href=\"https:\/\/mmvilla.com\/it\/manu-mykonos-villa-oasis-suite\/\" \/>\n<meta property=\"og:locale\" content=\"it_IT\" \/>\n<meta property=\"og:type\" content=\"article\" \/>\n<meta property=\"og:title\" content=\"MANU MYKONOS VILLA Oasis suite\" \/>\n<meta property=\"og:description\" content=\"Scopri Oasis Suite presso Majestic Manu Mykonos Villa: comfort boutique, vista panoramica e relax esclusivo a pochi passi da Agia Anna.\" \/>\n<meta property=\"og:url\" content=\"https:\/\/mmvilla.com\/it\/manu-mykonos-villa-oasis-suite\/\" \/>\n<meta property=\"og:site_name\" content=\"Majestic Manu Mykonos \u2013 Private Villa, Premium Suites &amp; More\" \/>\n<meta property=\"article:publisher\" content=\"https:\/\/www.facebook.com\/p\/Quality-Brand-Villas-100039678235957\/\" \/>\n<meta property=\"article:modified_time\" content=\"2025-10-13T05:17:59+00:00\" \/>\n<meta name=\"twitter:card\" content=\"summary_large_image\" \/>\n<meta name=\"twitter:label1\" content=\"Tempo di lettura stimato\" \/>\n\t<meta name=\"twitter:data1\" content=\"3 minuti\" \/>\n<script type=\"application\/ld+json\" class=\"yoast-schema-graph\">{\"@context\":\"https:\/\/schema.org\",\"@graph\":[{\"@type\":\"WebPage\",\"@id\":\"https:\/\/mmvilla.com\/it\/manu-mykonos-villa-oasis-suite\/\",\"url\":\"https:\/\/mmvilla.com\/it\/manu-mykonos-villa-oasis-suite\/\",\"name\":\"Oasis Suite \u2013 Relax e Vista Mare a Majestic Manu Mykonos Villa\",\"isPartOf\":{\"@id\":\"https:\/\/mmvilla.com\/#website\"},\"datePublished\":\"2024-10-12T20:39:17+00:00\",\"dateModified\":\"2025-10-13T05:17:59+00:00\",\"description\":\"Scopri Oasis Suite presso Majestic Manu Mykonos Villa: comfort boutique, vista panoramica e relax esclusivo a pochi passi da Agia Anna.\",\"breadcrumb\":{\"@id\":\"https:\/\/mmvilla.com\/it\/manu-mykonos-villa-oasis-suite\/#breadcrumb\"},\"inLanguage\":\"it-IT\",\"potentialAction\":[{\"@type\":\"ReadAction\",\"target\":[\"https:\/\/mmvilla.com\/it\/manu-mykonos-villa-oasis-suite\/\"]}]},{\"@type\":\"BreadcrumbList\",\"@id\":\"https:\/\/mmvilla.com\/it\/manu-mykonos-villa-oasis-suite\/#breadcrumb\",\"itemListElement\":[{\"@type\":\"ListItem\",\"position\":1,\"name\":\"Home\",\"item\":\"https:\/\/mmvilla.com\/it\/\"},{\"@type\":\"ListItem\",\"position\":2,\"name\":\"MANU MYKONOS VILLA Oasis suite\"}]},{\"@type\":\"WebSite\",\"@id\":\"https:\/\/mmvilla.com\/#website\",\"url\":\"https:\/\/mmvilla.com\/\",\"name\":\"Manu Mykonos Villa\",\"description\":\"Mykonos Luxury Living, Perfected by Majestic Manu\",\"publisher\":{\"@id\":\"https:\/\/mmvilla.com\/#organization\"},\"alternateName\":\"MMVILLA\",\"potentialAction\":[{\"@type\":\"SearchAction\",\"target\":{\"@type\":\"EntryPoint\",\"urlTemplate\":\"https:\/\/mmvilla.com\/?s={search_term_string}\"},\"query-input\":{\"@type\":\"PropertyValueSpecification\",\"valueRequired\":true,\"valueName\":\"search_term_string\"}}],\"inLanguage\":\"it-IT\"},{\"@type\":\"Organization\",\"@id\":\"https:\/\/mmvilla.com\/#organization\",\"name\":\"QB Villas\",\"url\":\"https:\/\/mmvilla.com\/\",\"logo\":{\"@type\":\"ImageObject\",\"inLanguage\":\"it-IT\",\"@id\":\"https:\/\/mmvilla.com\/#\/schema\/logo\/image\/\",\"url\":\"https:\/\/mmvilla.com\/wp-content\/uploads\/2018\/12\/QUALITY-BRAND-LOGO-KEM-QBVILLAS.png\",\"contentUrl\":\"https:\/\/mmvilla.com\/wp-content\/uploads\/2018\/12\/QUALITY-BRAND-LOGO-KEM-QBVILLAS.png\",\"width\":487,\"height\":500,\"caption\":\"QB Villas\"},\"image\":{\"@id\":\"https:\/\/mmvilla.com\/#\/schema\/logo\/image\/\"},\"sameAs\":[\"https:\/\/www.facebook.com\/p\/Quality-Brand-Villas-100039678235957\/\",\"https:\/\/www.instagram.com\/qualitybrandvillas\/\",\"https:\/\/www.linkedin.com\/company\/quality-brand-villas\"]}]}<\/script>\n<!-- \/ Yoast SEO Premium plugin. -->","yoast_head_json":{"title":"Oasis Suite \u2013 Relax e Vista Mare a Majestic Manu Mykonos Villa","description":"Scopri Oasis Suite presso Majestic Manu Mykonos Villa: comfort boutique, vista panoramica e relax esclusivo a pochi passi da Agia Anna.","robots":{"index":"index","follow":"follow","max-snippet":"max-snippet:-1","max-image-preview":"max-image-preview:large","max-video-preview":"max-video-preview:-1"},"canonical":"https:\/\/mmvilla.com\/it\/manu-mykonos-villa-oasis-suite\/","og_locale":"it_IT","og_type":"article","og_title":"MANU MYKONOS VILLA Oasis suite","og_description":"Scopri Oasis Suite presso Majestic Manu Mykonos Villa: comfort boutique, vista panoramica e relax esclusivo a pochi passi da Agia Anna.","og_url":"https:\/\/mmvilla.com\/it\/manu-mykonos-villa-oasis-suite\/","og_site_name":"Majestic Manu Mykonos \u2013 Private Villa, Premium Suites &amp; More","article_publisher":"https:\/\/www.facebook.com\/p\/Quality-Brand-Villas-100039678235957\/","article_modified_time":"2025-10-13T05:17:59+00:00","twitter_card":"summary_large_image","twitter_misc":{"Tempo di lettura stimato":"3 minuti"},"schema":{"@context":"https:\/\/schema.org","@graph":[{"@type":"WebPage","@id":"https:\/\/mmvilla.com\/it\/manu-mykonos-villa-oasis-suite\/","url":"https:\/\/mmvilla.com\/it\/manu-mykonos-villa-oasis-suite\/","name":"Oasis Suite \u2013 Relax e Vista Mare a Majestic Manu Mykonos Villa","isPartOf":{"@id":"https:\/\/mmvilla.com\/#website"},"datePublished":"2024-10-12T20:39:17+00:00","dateModified":"2025-10-13T05:17:59+00:00","description":"Scopri Oasis Suite presso Majestic Manu Mykonos Villa: comfort boutique, vista panoramica e relax esclusivo a pochi passi da Agia Anna.","breadcrumb":{"@id":"https:\/\/mmvilla.com\/it\/manu-mykonos-villa-oasis-suite\/#breadcrumb"},"inLanguage":"it-IT","potentialAction":[{"@type":"ReadAction","target":["https:\/\/mmvilla.com\/it\/manu-mykonos-villa-oasis-suite\/"]}]},{"@type":"BreadcrumbList","@id":"https:\/\/mmvilla.com\/it\/manu-mykonos-villa-oasis-suite\/#breadcrumb","itemListElement":[{"@type":"ListItem","position":1,"name":"Home","item":"https:\/\/mmvilla.com\/it\/"},{"@type":"ListItem","position":2,"name":"MANU MYKONOS VILLA Oasis suite"}]},{"@type":"WebSite","@id":"https:\/\/mmvilla.com\/#website","url":"https:\/\/mmvilla.com\/","name":"Manu Mykonos Villa","description":"Mykonos Luxury Living, Perfected by Majestic Manu","publisher":{"@id":"https:\/\/mmvilla.com\/#organization"},"alternateName":"MMVILLA","potentialAction":[{"@type":"SearchAction","target":{"@type":"EntryPoint","urlTemplate":"https:\/\/mmvilla.com\/?s={search_term_string}"},"query-input":{"@type":"PropertyValueSpecification","valueRequired":true,"valueName":"search_term_string"}}],"inLanguage":"it-IT"},{"@type":"Organization","@id":"https:\/\/mmvilla.com\/#organization","name":"QB Villas","url":"https:\/\/mmvilla.com\/","logo":{"@type":"ImageObject","inLanguage":"it-IT","@id":"https:\/\/mmvilla.com\/#\/schema\/logo\/image\/","url":"https:\/\/mmvilla.com\/wp-content\/uploads\/2018\/12\/QUALITY-BRAND-LOGO-KEM-QBVILLAS.png","contentUrl":"https:\/\/mmvilla.com\/wp-content\/uploads\/2018\/12\/QUALITY-BRAND-LOGO-KEM-QBVILLAS.png","width":487,"height":500,"caption":"QB Villas"},"image":{"@id":"https:\/\/mmvilla.com\/#\/schema\/logo\/image\/"},"sameAs":["https:\/\/www.facebook.com\/p\/Quality-Brand-Villas-100039678235957\/","https:\/\/www.instagram.com\/qualitybrandvillas\/","https:\/\/www.linkedin.com\/company\/quality-brand-villas"]}]}},"_links":{"self":[{"href":"https:\/\/mmvilla.com\/it\/wp-json\/wp\/v2\/pages\/11073","targetHints":{"allow":["GET"]}}],"collection":[{"href":"https:\/\/mmvilla.com\/it\/wp-json\/wp\/v2\/pages"}],"about":[{"href":"https:\/\/mmvilla.com\/it\/wp-json\/wp\/v2\/types\/page"}],"author":[{"embeddable":true,"href":"https:\/\/mmvilla.com\/it\/wp-json\/wp\/v2\/users\/2"}],"replies":[{"embeddable":true,"href":"https:\/\/mmvilla.com\/it\/wp-json\/wp\/v2\/comments?post=11073"}],"version-history":[{"count":10,"href":"https:\/\/mmvilla.com\/it\/wp-json\/wp\/v2\/pages\/11073\/revisions"}],"predecessor-version":[{"id":15205,"href":"https:\/\/mmvilla.com\/it\/wp-json\/wp\/v2\/pages\/11073\/revisions\/15205"}],"wp:attachment":[{"href":"https:\/\/mmvilla.com\/it\/wp-json\/wp\/v2\/media?parent=11073"}],"curies":[{"name":"wp","href":"https:\/\/api.w.org\/{rel}","templated":true}]}}