{"id":11138,"date":"2025-09-13T11:13:29","date_gmt":"2025-09-13T08:13:29","guid":{"rendered":"https:\/\/mmvilla.com\/?page_id=11138"},"modified":"2025-10-13T08:10:47","modified_gmt":"2025-10-13T05:10:47","slug":"manu-mykonos-villa-pad-bungalow","status":"publish","type":"page","link":"https:\/\/mmvilla.com\/it\/manu-mykonos-villa-pad-bungalow\/","title":{"rendered":"MANU MYKONOS VILLA Pad Bungalow"},"content":{"rendered":"<p>[vc_row full_width=&#8221;stretch_row&#8221; gap=&#8221;&#8221; full_height=&#8221;yes&#8221; equal_height=&#8221;yes&#8221; parallax=&#8221;content-moving&#8221; parallax_image=&#8221;8514&#8243; overlay_color=&#8221;rgba(33,33,33,0.4)&#8221; text_color=&#8221;#ffffff&#8221; css=&#8221;.vc_custom_1758872321818{padding-top: 180px !important;padding-bottom: 180px !important;}&#8221;][vc_column width=&#8221;1\/2&#8243;][vc_column_text css_animation=&#8221;fadeInUp&#8221;]<\/p>\n<h1><em>Straordinariamente Magnifico, l\u2019Executive Pad Bungalow<\/em><\/h1>\n<h4>Un rifugio spazioso e progettato con cura per un massimo di 3 ospiti<\/h4>\n<h3>MIGLIOR PREZZO GARANTITO<\/h3>\n<h4><a href=\"https:\/\/mmvilla.com\/it\/manu-mykonos-villa-prenota-online\/\" target=\"_blank\" rel=\"noopener\"><strong data-start=\"225\" data-end=\"280\">Prenota oggi il tuo soggiorno da sogno!<\/strong><\/a><\/h4>\n<p>[\/vc_column_text][\/vc_column][vc_column width=&#8221;1\/2&#8243;][vc_empty_space height=&#8221;84px&#8221;][\/vc_column][\/vc_row][vc_row full_width=&#8221;stretch_row_content&#8221; gap=&#8221;&#8221; equal_height=&#8221;yes&#8221; content_placement=&#8221;top&#8221; parallax=&#8221;content-moving&#8221; css=&#8221;.vc_custom_1759826538636{padding-top: 32px !important;padding-bottom: 32px !important;}&#8221;][vc_column parallax_image=&#8221;2821&#8243; width=&#8221;1\/2&#8243; overlay_color=&#8221;rgba(255,255,255,0.9)&#8221; css=&#8221;.vc_custom_1759317048604{padding-top: 32px !important;padding-right: 100px !important;padding-left: 100px !important;}&#8221;][vc_row_inner][vc_column_inner]<div class=\"heading-with-separator text-left id_169d4f4b55fb42958095522   wpb_animate_when_almost_visible wpb_fadeInUp fadeInUp \"><div class=\"header-content\">\n\t\t\t<p class=\"h-subheading\">Vista mare con sistemazione per un massimo di 3 ospiti.<br \/>\nIl bungalow dispone di 1 camera da letto e 1 bagno, per una superficie totale di 50 m\u00b2 (538 ft\u00b2), di cui 25 m\u00b2 di spazi interni.<br \/>\nIdeale per un soggiorno confortevole e di stile a Mykonos<\/p>\n\t\t\t<h2 class=\"heading  heading-decorator-1\" style=\"; letter-spacing: 0px; \">Incredibilmente Raffinato Executive Pad Bungalow<br \/>\n<em>&amp; Prezzo Eccezionale<\/em><\/h2><\/div><\/div><div class=\"custom-styles\" data-styles=\".id_169d4f4b55fb42958095522 .heading-decorator-1:before, .id_169d4f4b55fb42958095522 .heading-decorator-1:after { border-color: #000000}\"><\/div><div class=\"heading-with-separator text-left id_169d4f4b55fbc31658449458   wpb_animate_when_almost_visible wpb_fadeInUp fadeInUp \"><div class=\"header-content\">\n\t\t\t<p class=\"h-subheading\"><\/p>\n\t\t\t<h4 class=\"heading  \" style=\"; letter-spacing: 0px; \">Executive Pad Bungalow \u2013 Un\u2019Evasione di Eleganza e Serenit\u00e0 Senza Pari<\/h4><\/div><\/div><div class=\"custom-styles\" data-styles=\".id_169d4f4b55fbc31658449458 .heading-decorator-1:before, .id_169d4f4b55fbc31658449458 .heading-decorator-1:after { border-color: #000000}\"><\/div>[vc_column_text css_animation=&#8221;fadeInUp&#8221;]<\/p>\n<h6 data-start=\"158\" data-end=\"547\">l\u2019<strong data-start=\"160\" data-end=\"186\">executive pad bungalow<\/strong> offre un rifugio spazioso e progettato con cura per un massimo di tre ospiti. la camera principale dispone di un letto king-size facilmente convertibile in due letti singoli, per un riposo su misura delle tue preferenze. il bungalow comprende anche un ampio divano, un angolo cottura completamente attrezzato e un bagno privato per il massimo della comodit\u00e0.<\/h6>\n<h6 data-start=\"549\" data-end=\"859\">Gli ospiti possono rilassarsi sulla soleggiata terrazza privata ammirando splendide viste sulla spiaggia vicina. questo bungalow combina perfettamente comfort e la bellezza serena della costa, rendendolo la scelta ideale per chi desidera un soggiorno tranquillo a pochi passi dalle famose spiagge di mykonos<\/h6>\n<p>[\/vc_column_text][vc_column_text]<\/p>\n<h5 data-start=\"179\" data-end=\"198\"><strong data-start=\"183\" data-end=\"196\">MATERASSI<\/strong><\/h5>\n<h6 data-start=\"199\" data-end=\"482\">per il tuo sonno pi\u00f9 rigenerante utilizziamo solo materassi di altissima qualit\u00e0, realizzati con materiali completamente naturali. selezionati con cura e maestria, garantiscono un\u2019esperienza di riposo unica e confortevole, in perfetta armonia con il tuo soggiorno di lusso a mykonos.<\/h6>\n<hr data-start=\"484\" data-end=\"487\" \/>\n<h5 data-start=\"489\" data-end=\"574\"><strong data-start=\"493\" data-end=\"572\">ANGOLO COTTURA \u2013 Completamente attrezzato per una cucina autonoma a Mykonos<\/strong><\/h5>\n<h6 data-start=\"575\" data-end=\"1041\">la suite dispone di un angolo cottura completo di tutti gli elementi essenziali per cucinare e preparare pasti semplici. comprende lavello, piano di lavoro, piccolo frigorifero, piano cottura, microonde, tostapane, mobili, cappa aspirante e un set completo di utensili e posate. ideale per chi desidera la flessibilit\u00e0 del self-catering, offre comodit\u00e0 e libert\u00e0 durante il soggiorno, perfetto per preparare colazioni leggere o snack nella tua sistemazione di lusso.<\/h6>\n<hr data-start=\"1043\" data-end=\"1046\" \/>\n<h5 data-start=\"1048\" data-end=\"1132\"><strong data-start=\"1052\" data-end=\"1130\">NESPRESSO \u2013 Una tazza di caff\u00e8 perfetta per iniziare al meglio la giornata<\/strong><\/h5>\n<h6 data-start=\"1133\" data-end=\"1581\">inizia la giornata a mykonos con l\u2019aroma intenso di un caff\u00e8 appena preparato. ogni suite di lusso \u00e8 dotata di macchina nespresso e bollitore, per gustare caff\u00e8 pregiati o tisane in qualsiasi momento. che tu ti goda una mattina rilassante sul balcone privato o un momento di quiete dopo una giornata in spiaggia, questo angolo caff\u00e8 e t\u00e8 in camera aggiunge comfort e praticit\u00e0, ideale per chi cerca suite con servizi di lusso e un\u2019atmosfera intima.<\/h6>\n<hr data-start=\"1583\" data-end=\"1586\" \/>\n<h5 data-start=\"1588\" data-end=\"1620\"><strong data-start=\"1592\" data-end=\"1618\">AMAZON PRIME e NETFLIX<\/strong><\/h5>\n<h6 data-start=\"1621\" data-end=\"1883\">amazon prime e netflix sono disponibili nella tua suite tramite smart tv con app integrate, offrendoti streaming personalizzato in ogni momento. dopo una giornata al mare o per una serata accogliente, i tuoi film e le tue serie preferite sono a portata di click.<\/h6>\n<hr data-start=\"1885\" data-end=\"1888\" \/>\n<h5 data-start=\"1890\" data-end=\"1955\"><strong data-start=\"1894\" data-end=\"1953\">SERVIZI &amp; DOTAZIONI \u2013 Comfort, stile e viste su Mykonos<\/strong><\/h5>\n<h6 data-start=\"1956\" data-end=\"2667\">questa elegante suite vista mare non fumatori offre un ampio bagno di design e un balcone privato con arredi esterni raffinati, perfetto per godersi il sole di mykonos. all\u2019interno, una smart-led fhd tv da 43 pollici con oltre 100 canali satellitari, amazon prime e netflix assicura un intrattenimento senza interruzioni. wi-fi ad alta velocit\u00e0, altoparlante bluetooth e aria condizionata regolabile garantiscono comfort in ogni stagione. ulteriori dotazioni includono specchio da trucco illuminato, asciugacapelli, bilancia digitale e cassaforte. biancheria di cotone pregiata, soffici accappatoi, pantofole e prodotti da bagno di lusso completano l\u2019esperienza, creando una vera atmosfera di lusso mykoniano<\/h6>\n<p>[\/vc_column_text][\/vc_column_inner][\/vc_row_inner][\/vc_column][vc_column css_animation=&#8221;none&#8221; width=&#8221;1\/2&#8243;][vc_empty_space]<div class=\"rokka-gallery rokka-gallery-element\"><div class=\"rokka-gallery-masonry rokka-grid rokka-2-col   animate-text\" data-ismasonry=\"0\" data-imgbg=\"1\"><article class=\"grid-sizer\"><\/article><article class=\"gutter-sizer\"><\/article><article class=\"w1-h1\"><div class=\"layer\"><div class=\"img-bg\" data-depth=\"0.50\" style=\"background-image: url(https:\/\/mmvilla.com\/wp-content\/uploads\/2025\/05\/Elite-Sea-View-Grand-Bungalow-.jpg) \" ><\/div><\/div>\n\t\t\t\t\t\t<div class=\"rokka-gallery-item open-lightbox_images\"><a class=\"gallery-link\" href=\"https:\/\/mmvilla.com\/wp-content\/uploads\/2025\/05\/Elite-Sea-View-Grand-Bungalow-.jpg\" data-size=\"640x640\"><\/a><div class=\"image-wrapper\"><span class=\"gallery-img \" style=\"background-image: url(https:\/\/mmvilla.com\/wp-content\/uploads\/2025\/05\/Elite-Sea-View-Grand-Bungalow-.jpg);\"><\/span><\/div><\/div><\/article><article class=\"w1-h1\"><div class=\"layer\"><div class=\"img-bg\" data-depth=\"0.50\" style=\"background-image: url(https:\/\/mmvilla.com\/wp-content\/uploads\/2024\/10\/6-Manu-Sea-Sun-Villa-Mykonos-Pad-Bungalow-2-1600x1135.jpg) \" ><\/div><\/div>\n\t\t\t\t\t\t<div class=\"rokka-gallery-item open-lightbox_images\"><a class=\"gallery-link\" href=\"https:\/\/mmvilla.com\/wp-content\/uploads\/2024\/10\/6-Manu-Sea-Sun-Villa-Mykonos-Pad-Bungalow-2-scaled.jpg\" data-size=\"640x454\"><\/a><div class=\"image-wrapper\"><span class=\"gallery-img \" style=\"background-image: url(https:\/\/mmvilla.com\/wp-content\/uploads\/2024\/10\/6-Manu-Sea-Sun-Villa-Mykonos-Pad-Bungalow-2-1600x1135.jpg);\"><\/span><\/div><\/div><\/article><article class=\"w1-h1\"><div class=\"layer\"><div class=\"img-bg\" data-depth=\"0.50\" style=\"background-image: url(https:\/\/mmvilla.com\/wp-content\/uploads\/2024\/10\/5-Manu-Sea-Sun-Villa-Mykonos-Pad-Bungalow-3-1600x900.png) \" ><\/div><\/div>\n\t\t\t\t\t\t<div class=\"rokka-gallery-item open-lightbox_images\"><a class=\"gallery-link\" href=\"https:\/\/mmvilla.com\/wp-content\/uploads\/2024\/10\/5-Manu-Sea-Sun-Villa-Mykonos-Pad-Bungalow-3.png\" data-size=\"640x360\"><\/a><div class=\"image-wrapper\"><span class=\"gallery-img \" style=\"background-image: url(https:\/\/mmvilla.com\/wp-content\/uploads\/2024\/10\/5-Manu-Sea-Sun-Villa-Mykonos-Pad-Bungalow-3-1600x900.png);\"><\/span><\/div><\/div><\/article><article class=\"w1-h1\"><div class=\"layer\"><div class=\"img-bg\" data-depth=\"0.50\" style=\"background-image: url(https:\/\/mmvilla.com\/wp-content\/uploads\/2024\/10\/4-Manu-Sea-Sun-Villa-Mykonos-Pad-Bungalow-5-1600x1067.jpg) \" ><\/div><\/div>\n\t\t\t\t\t\t<div class=\"rokka-gallery-item open-lightbox_images\"><a class=\"gallery-link\" href=\"https:\/\/mmvilla.com\/wp-content\/uploads\/2024\/10\/4-Manu-Sea-Sun-Villa-Mykonos-Pad-Bungalow-5-scaled.jpg\" data-size=\"640x427\"><\/a><div class=\"image-wrapper\"><span class=\"gallery-img \" style=\"background-image: url(https:\/\/mmvilla.com\/wp-content\/uploads\/2024\/10\/4-Manu-Sea-Sun-Villa-Mykonos-Pad-Bungalow-5-1600x1067.jpg);\"><\/span><\/div><\/div><\/article><article class=\"w1-h1\"><div class=\"layer\"><div class=\"img-bg\" data-depth=\"0.50\" style=\"background-image: url(https:\/\/mmvilla.com\/wp-content\/uploads\/2024\/10\/3-Manu-Sea-Sun-Villa-Mykonos-Pad-Bungalow-6-1600x1061.jpg) \" ><\/div><\/div>\n\t\t\t\t\t\t<div class=\"rokka-gallery-item open-lightbox_images\"><a class=\"gallery-link\" href=\"https:\/\/mmvilla.com\/wp-content\/uploads\/2024\/10\/3-Manu-Sea-Sun-Villa-Mykonos-Pad-Bungalow-6-scaled.jpg\" data-size=\"640x424\"><\/a><div class=\"image-wrapper\"><span class=\"gallery-img \" style=\"background-image: url(https:\/\/mmvilla.com\/wp-content\/uploads\/2024\/10\/3-Manu-Sea-Sun-Villa-Mykonos-Pad-Bungalow-6-1600x1061.jpg);\"><\/span><\/div><\/div><\/article><article class=\"w1-h1\"><div class=\"layer\"><div class=\"img-bg\" data-depth=\"0.50\" style=\"background-image: url(https:\/\/mmvilla.com\/wp-content\/uploads\/2024\/10\/Manu-Sea-Sun-Villa-Mykonos-129-2.jpg) \" ><\/div><\/div>\n\t\t\t\t\t\t<div class=\"rokka-gallery-item open-lightbox_images\"><a class=\"gallery-link\" href=\"https:\/\/mmvilla.com\/wp-content\/uploads\/2024\/10\/Manu-Sea-Sun-Villa-Mykonos-129-2.jpg\" data-size=\"640x454\"><\/a><div class=\"image-wrapper\"><span class=\"gallery-img \" style=\"background-image: url(https:\/\/mmvilla.com\/wp-content\/uploads\/2024\/10\/Manu-Sea-Sun-Villa-Mykonos-129-2.jpg);\"><\/span><\/div><\/div><\/article><article class=\"w1-h1\"><div class=\"layer\"><div class=\"img-bg\" data-depth=\"0.50\" style=\"background-image: url(https:\/\/mmvilla.com\/wp-content\/uploads\/2025\/06\/Manu-Pool-3-1600x900.jpg) \" ><\/div><\/div>\n\t\t\t\t\t\t<div class=\"rokka-gallery-item open-lightbox_images\"><a class=\"gallery-link\" href=\"https:\/\/mmvilla.com\/wp-content\/uploads\/2025\/06\/Manu-Pool-3-scaled.jpg\" data-size=\"640x360\"><\/a><div class=\"image-wrapper\"><span class=\"gallery-img \" style=\"background-image: url(https:\/\/mmvilla.com\/wp-content\/uploads\/2025\/06\/Manu-Pool-3-1600x900.jpg);\"><\/span><\/div><\/div><\/article><article class=\"w1-h1\"><div class=\"layer\"><div class=\"img-bg\" data-depth=\"0.50\" style=\"background-image: url(https:\/\/mmvilla.com\/wp-content\/uploads\/2025\/09\/LOGO-MANU-TRANSPARENT-3.png) \" ><\/div><\/div>\n\t\t\t\t\t\t<div class=\"rokka-gallery-item open-lightbox_images\"><a class=\"gallery-link\" href=\"https:\/\/mmvilla.com\/wp-content\/uploads\/2025\/09\/LOGO-MANU-TRANSPARENT-3.png\" data-size=\"410x410\"><\/a><div class=\"image-wrapper\"><span class=\"gallery-img \" style=\"background-image: url(https:\/\/mmvilla.com\/wp-content\/uploads\/2025\/09\/LOGO-MANU-TRANSPARENT-3.png);\"><\/span><\/div><\/div><\/article><\/div><\/div>[vc_empty_space]<div class=\"heading-with-separator text-left id_169d4f4b561bdc1325640613   \"><div class=\"header-content\">\n\t\t\t<p class=\"h-subheading\"><\/p>\n\t\t\t<h5 class=\"heading  \" style=\"color: #000000; letter-spacing: 0px; \">Mykonos. Pensata per Te.<br \/>\nVivi un mondo di eleganza e comfort, dove ogni dettaglio \u00e8 curato con attenzione intorno a te.<\/h5><\/div><\/div><div class=\"custom-styles\" data-styles=\".id_169d4f4b561bdc1325640613 .heading-decorator-1:before, .id_169d4f4b561bdc1325640613 .heading-decorator-1:after { border-color: #000000}\"><\/div><div class=\"heading-with-separator text-left id_169d4f4b561c1926775180   \"><div class=\"header-content\">\n\t\t\t<p class=\"h-subheading\"><\/p>\n\t\t\t<h6 class=\"heading  \" style=\"color: #000000; letter-spacing: 0px; \">Pi\u00f9 di un semplice soggiorno, \u00e8 un\u2019esperienza unica per viaggiatori che apprezzano autenticit\u00e0, comodit\u00e0 e stile. Ogni elemento riflette il carattere speciale di Mykonos, offrendo momenti fluidi, ispiranti e indimenticabili.<\/h6><\/div><\/div><div class=\"custom-styles\" data-styles=\".id_169d4f4b561c1926775180 .heading-decorator-1:before, .id_169d4f4b561c1926775180 .heading-decorator-1:after { border-color: #000000}\"><\/div><div class=\"heading-with-separator text-left id_169d4f4b561c45576494287   \"><div class=\"header-content\">\n\t\t\t<p class=\"h-subheading\"><\/p>\n\t\t\t<h5 class=\"heading  \" style=\"color: #000000; letter-spacing: 0px; \">Con servizi personalizzati, dettagli raffinati e ricordi da custodire, la tua vacanza a Mykonos sar\u00e0 sempre unica come te.<\/h5><\/div><\/div><div class=\"custom-styles\" data-styles=\".id_169d4f4b561c45576494287 .heading-decorator-1:before, .id_169d4f4b561c45576494287 .heading-decorator-1:after { border-color: #000000}\"><\/div><div class=\"btn-wrapper text-left id_169d4f4b561c7b1811704094   icon-left \" ><a href=\"https:\/\/mmvilla.com\/it\/manu-mykonos-villa-prenota-online\/%20\" target='_blank' class=\"btn btn-lg btn-dark btn-solid\" data-btn-text=\"PRENOTA ONLINE\">PRENOTA ONLINE<\/a><\/div>[\/vc_column][\/vc_row]<\/p>","protected":false},"excerpt":{"rendered":"<p>[vc_row full_width=&#8221;stretch_row&#8221; gap=&#8221;&#8221; full_height=&#8221;yes&#8221; equal_height=&#8221;yes&#8221; parallax=&#8221;content-moving&#8221; parallax_image=&#8221;8514&#8243; overlay_color=&#8221;rgba(33,33,33,0.4)&#8221; text_color=&#8221;#ffffff&#8221; css=&#8221;.vc_custom_1758872321818{padding-top: 180px !important;padding-bottom: 180px !important;}&#8221;][vc_column width=&#8221;1\/2&#8243;][vc_column_text css_animation=&#8221;fadeInUp&#8221;] Straordinariamente Magnifico, l\u2019Executive Pad Bungalow Un rifugio spazioso e progettato con cura per un massimo di 3 ospiti MIGLIOR PREZZO GARANTITO Prenota oggi il tuo soggiorno da sogno! [\/vc_column_text][\/vc_column][vc_column width=&#8221;1\/2&#8243;][vc_empty_space height=&#8221;84px&#8221;][\/vc_column][\/vc_row][vc_row full_width=&#8221;stretch_row_content&#8221; gap=&#8221;&#8221; equal_height=&#8221;yes&#8221; content_placement=&#8221;top&#8221; parallax=&#8221;content-moving&#8221; css=&#8221;.vc_custom_1759826538636{padding-top: 32px !important;padding-bottom:[&#8230;] <a href=\"https:\/\/mmvilla.com\/it\/manu-mykonos-villa-pad-bungalow\/\" class=\"more-link\">Continue reading<\/a><\/p>\n","protected":false},"author":2,"featured_media":0,"parent":0,"menu_order":0,"comment_status":"closed","ping_status":"closed","template":"","meta":{"footnotes":""},"class_list":["post-11138","page","type-page","status-publish","hentry"],"yoast_head":"<!-- This site is optimized with the Yoast SEO Premium plugin v23.5 (Yoast SEO v25.7) - https:\/\/yoast.com\/wordpress\/plugins\/seo\/ -->\n<title>Villa Manu Pad Bungalow \u2013 Fuga Romantica a Majestic Manu Mykonos<\/title>\n<meta name=\"description\" content=\"Design cicladico e comfort premium: Villa Pad Bungalow unisce eleganza moderna e vista mare mozzafiato a Majestic Manu Mykonos\" \/>\n<meta name=\"robots\" content=\"index, follow, max-snippet:-1, max-image-preview:large, max-video-preview:-1\" \/>\n<link rel=\"canonical\" href=\"https:\/\/mmvilla.com\/it\/manu-mykonos-villa-pad-bungalow\/\" \/>\n<meta property=\"og:locale\" content=\"it_IT\" \/>\n<meta property=\"og:type\" content=\"article\" \/>\n<meta property=\"og:title\" content=\"MANU MYKONOS VILLA Pad Bungalow\" \/>\n<meta property=\"og:description\" content=\"Design cicladico e comfort premium: Villa Pad Bungalow unisce eleganza moderna e vista mare mozzafiato a Majestic Manu Mykonos\" \/>\n<meta property=\"og:url\" content=\"https:\/\/mmvilla.com\/it\/manu-mykonos-villa-pad-bungalow\/\" \/>\n<meta property=\"og:site_name\" content=\"Majestic Manu Mykonos \u2013 Private Villa, Premium Suites &amp; More\" \/>\n<meta property=\"article:publisher\" content=\"https:\/\/www.facebook.com\/p\/Quality-Brand-Villas-100039678235957\/\" \/>\n<meta property=\"article:modified_time\" content=\"2025-10-13T05:10:47+00:00\" \/>\n<meta name=\"twitter:card\" content=\"summary_large_image\" \/>\n<meta name=\"twitter:label1\" content=\"Tempo di lettura stimato\" \/>\n\t<meta name=\"twitter:data1\" content=\"4 minuti\" \/>\n<script type=\"application\/ld+json\" class=\"yoast-schema-graph\">{\"@context\":\"https:\/\/schema.org\",\"@graph\":[{\"@type\":\"WebPage\",\"@id\":\"https:\/\/mmvilla.com\/it\/manu-mykonos-villa-pad-bungalow\/\",\"url\":\"https:\/\/mmvilla.com\/it\/manu-mykonos-villa-pad-bungalow\/\",\"name\":\"Villa Manu Pad Bungalow \u2013 Fuga Romantica a Majestic Manu Mykonos\",\"isPartOf\":{\"@id\":\"https:\/\/mmvilla.com\/#website\"},\"datePublished\":\"2025-09-13T08:13:29+00:00\",\"dateModified\":\"2025-10-13T05:10:47+00:00\",\"description\":\"Design cicladico e comfort premium: Villa Pad Bungalow unisce eleganza moderna e vista mare mozzafiato a Majestic Manu Mykonos\",\"breadcrumb\":{\"@id\":\"https:\/\/mmvilla.com\/it\/manu-mykonos-villa-pad-bungalow\/#breadcrumb\"},\"inLanguage\":\"it-IT\",\"potentialAction\":[{\"@type\":\"ReadAction\",\"target\":[\"https:\/\/mmvilla.com\/it\/manu-mykonos-villa-pad-bungalow\/\"]}]},{\"@type\":\"BreadcrumbList\",\"@id\":\"https:\/\/mmvilla.com\/it\/manu-mykonos-villa-pad-bungalow\/#breadcrumb\",\"itemListElement\":[{\"@type\":\"ListItem\",\"position\":1,\"name\":\"Home\",\"item\":\"https:\/\/mmvilla.com\/it\/\"},{\"@type\":\"ListItem\",\"position\":2,\"name\":\"MANU MYKONOS VILLA Pad Bungalow\"}]},{\"@type\":\"WebSite\",\"@id\":\"https:\/\/mmvilla.com\/#website\",\"url\":\"https:\/\/mmvilla.com\/\",\"name\":\"Manu Mykonos Villa\",\"description\":\"Mykonos Luxury Living, Perfected by Majestic Manu\",\"publisher\":{\"@id\":\"https:\/\/mmvilla.com\/#organization\"},\"alternateName\":\"MMVILLA\",\"potentialAction\":[{\"@type\":\"SearchAction\",\"target\":{\"@type\":\"EntryPoint\",\"urlTemplate\":\"https:\/\/mmvilla.com\/?s={search_term_string}\"},\"query-input\":{\"@type\":\"PropertyValueSpecification\",\"valueRequired\":true,\"valueName\":\"search_term_string\"}}],\"inLanguage\":\"it-IT\"},{\"@type\":\"Organization\",\"@id\":\"https:\/\/mmvilla.com\/#organization\",\"name\":\"QB Villas\",\"url\":\"https:\/\/mmvilla.com\/\",\"logo\":{\"@type\":\"ImageObject\",\"inLanguage\":\"it-IT\",\"@id\":\"https:\/\/mmvilla.com\/#\/schema\/logo\/image\/\",\"url\":\"https:\/\/mmvilla.com\/wp-content\/uploads\/2018\/12\/QUALITY-BRAND-LOGO-KEM-QBVILLAS.png\",\"contentUrl\":\"https:\/\/mmvilla.com\/wp-content\/uploads\/2018\/12\/QUALITY-BRAND-LOGO-KEM-QBVILLAS.png\",\"width\":487,\"height\":500,\"caption\":\"QB Villas\"},\"image\":{\"@id\":\"https:\/\/mmvilla.com\/#\/schema\/logo\/image\/\"},\"sameAs\":[\"https:\/\/www.facebook.com\/p\/Quality-Brand-Villas-100039678235957\/\",\"https:\/\/www.instagram.com\/qualitybrandvillas\/\",\"https:\/\/www.linkedin.com\/company\/quality-brand-villas\"]}]}<\/script>\n<!-- \/ Yoast SEO Premium plugin. -->","yoast_head_json":{"title":"Villa Manu Pad Bungalow \u2013 Fuga Romantica a Majestic Manu Mykonos","description":"Design cicladico e comfort premium: Villa Pad Bungalow unisce eleganza moderna e vista mare mozzafiato a Majestic Manu Mykonos","robots":{"index":"index","follow":"follow","max-snippet":"max-snippet:-1","max-image-preview":"max-image-preview:large","max-video-preview":"max-video-preview:-1"},"canonical":"https:\/\/mmvilla.com\/it\/manu-mykonos-villa-pad-bungalow\/","og_locale":"it_IT","og_type":"article","og_title":"MANU MYKONOS VILLA Pad Bungalow","og_description":"Design cicladico e comfort premium: Villa Pad Bungalow unisce eleganza moderna e vista mare mozzafiato a Majestic Manu Mykonos","og_url":"https:\/\/mmvilla.com\/it\/manu-mykonos-villa-pad-bungalow\/","og_site_name":"Majestic Manu Mykonos \u2013 Private Villa, Premium Suites &amp; More","article_publisher":"https:\/\/www.facebook.com\/p\/Quality-Brand-Villas-100039678235957\/","article_modified_time":"2025-10-13T05:10:47+00:00","twitter_card":"summary_large_image","twitter_misc":{"Tempo di lettura stimato":"4 minuti"},"schema":{"@context":"https:\/\/schema.org","@graph":[{"@type":"WebPage","@id":"https:\/\/mmvilla.com\/it\/manu-mykonos-villa-pad-bungalow\/","url":"https:\/\/mmvilla.com\/it\/manu-mykonos-villa-pad-bungalow\/","name":"Villa Manu Pad Bungalow \u2013 Fuga Romantica a Majestic Manu Mykonos","isPartOf":{"@id":"https:\/\/mmvilla.com\/#website"},"datePublished":"2025-09-13T08:13:29+00:00","dateModified":"2025-10-13T05:10:47+00:00","description":"Design cicladico e comfort premium: Villa Pad Bungalow unisce eleganza moderna e vista mare mozzafiato a Majestic Manu Mykonos","breadcrumb":{"@id":"https:\/\/mmvilla.com\/it\/manu-mykonos-villa-pad-bungalow\/#breadcrumb"},"inLanguage":"it-IT","potentialAction":[{"@type":"ReadAction","target":["https:\/\/mmvilla.com\/it\/manu-mykonos-villa-pad-bungalow\/"]}]},{"@type":"BreadcrumbList","@id":"https:\/\/mmvilla.com\/it\/manu-mykonos-villa-pad-bungalow\/#breadcrumb","itemListElement":[{"@type":"ListItem","position":1,"name":"Home","item":"https:\/\/mmvilla.com\/it\/"},{"@type":"ListItem","position":2,"name":"MANU MYKONOS VILLA Pad Bungalow"}]},{"@type":"WebSite","@id":"https:\/\/mmvilla.com\/#website","url":"https:\/\/mmvilla.com\/","name":"Manu Mykonos Villa","description":"Mykonos Luxury Living, Perfected by Majestic Manu","publisher":{"@id":"https:\/\/mmvilla.com\/#organization"},"alternateName":"MMVILLA","potentialAction":[{"@type":"SearchAction","target":{"@type":"EntryPoint","urlTemplate":"https:\/\/mmvilla.com\/?s={search_term_string}"},"query-input":{"@type":"PropertyValueSpecification","valueRequired":true,"valueName":"search_term_string"}}],"inLanguage":"it-IT"},{"@type":"Organization","@id":"https:\/\/mmvilla.com\/#organization","name":"QB Villas","url":"https:\/\/mmvilla.com\/","logo":{"@type":"ImageObject","inLanguage":"it-IT","@id":"https:\/\/mmvilla.com\/#\/schema\/logo\/image\/","url":"https:\/\/mmvilla.com\/wp-content\/uploads\/2018\/12\/QUALITY-BRAND-LOGO-KEM-QBVILLAS.png","contentUrl":"https:\/\/mmvilla.com\/wp-content\/uploads\/2018\/12\/QUALITY-BRAND-LOGO-KEM-QBVILLAS.png","width":487,"height":500,"caption":"QB Villas"},"image":{"@id":"https:\/\/mmvilla.com\/#\/schema\/logo\/image\/"},"sameAs":["https:\/\/www.facebook.com\/p\/Quality-Brand-Villas-100039678235957\/","https:\/\/www.instagram.com\/qualitybrandvillas\/","https:\/\/www.linkedin.com\/company\/quality-brand-villas"]}]}},"_links":{"self":[{"href":"https:\/\/mmvilla.com\/it\/wp-json\/wp\/v2\/pages\/11138","targetHints":{"allow":["GET"]}}],"collection":[{"href":"https:\/\/mmvilla.com\/it\/wp-json\/wp\/v2\/pages"}],"about":[{"href":"https:\/\/mmvilla.com\/it\/wp-json\/wp\/v2\/types\/page"}],"author":[{"embeddable":true,"href":"https:\/\/mmvilla.com\/it\/wp-json\/wp\/v2\/users\/2"}],"replies":[{"embeddable":true,"href":"https:\/\/mmvilla.com\/it\/wp-json\/wp\/v2\/comments?post=11138"}],"version-history":[{"count":14,"href":"https:\/\/mmvilla.com\/it\/wp-json\/wp\/v2\/pages\/11138\/revisions"}],"predecessor-version":[{"id":15201,"href":"https:\/\/mmvilla.com\/it\/wp-json\/wp\/v2\/pages\/11138\/revisions\/15201"}],"wp:attachment":[{"href":"https:\/\/mmvilla.com\/it\/wp-json\/wp\/v2\/media?parent=11138"}],"curies":[{"name":"wp","href":"https:\/\/api.w.org\/{rel}","templated":true}]}}