{"id":11862,"date":"2021-09-21T06:11:25","date_gmt":"2021-09-21T03:11:25","guid":{"rendered":"https:\/\/mmvilla.com\/manu-mykonos-villa-booking-payment-conditions\/"},"modified":"2025-09-24T23:04:56","modified_gmt":"2025-09-24T20:04:56","slug":"manu-mykonos-villa-prenotazione-e-pagamento","status":"publish","type":"page","link":"https:\/\/mmvilla.com\/it\/manu-mykonos-villa-prenotazione-e-pagamento\/","title":{"rendered":"MANU MYKONOS VILLA BOOKING &#038; PAYMENT CONDITIONS"},"content":{"rendered":"<p>[vc_row full_width=&#8221;stretch_row&#8221; gap=&#8221;&#8221; parallax=&#8221;content-moving&#8221; parallax_image=&#8221;3012&#8243; overlay_color=&#8221;rgba(0,0,0,0.6)&#8221; text_color=&#8221;#ffffff&#8221; css=&#8221;.vc_custom_1729739338342{padding-top: 240px !important;padding-bottom: 240px !important;}&#8221;][vc_column width=&#8221;3\/4&#8243;]<div class=\"heading-with-separator text-left id_169d4be741d5b31366712141   \"><div class=\"header-content\">\n\t\t\t<p class=\"h-subheading\"><\/p>\n\t\t\t<h4 class=\"heading  heading-decorator-1\" style=\"; letter-spacing: 0px; \">Manu Mykonos Villa condizioni di prenotazione e pagamento<\/h4><\/div><\/div><div class=\"custom-styles\" data-styles=\".id_169d4be741d5b31366712141 .heading-decorator-1:before, .id_169d4be741d5b31366712141 .heading-decorator-1:after { border-color: }\"><\/div>[\/vc_column][vc_column width=&#8221;1\/4&#8243;][\/vc_column][\/vc_row][vc_row gap=&#8221;&#8221; css=&#8221;.vc_custom_1758307264900{padding-top: 84px !important;padding-bottom: 84px !important;}&#8221;][vc_column][vc_column_text]<\/p>\n<h3 data-start=\"135\" data-end=\"148\">Contratto<\/h3>\n<p data-start=\"149\" data-end=\"431\">Il contratto tra voi e noi entra in vigore <strong data-start=\"192\" data-end=\"252\">quando riceviamo il vostro acconto o il pagamento totale<\/strong>.<br data-start=\"253\" data-end=\"256\" \/>Fino a quel momento il proprietario e noi <strong data-start=\"298\" data-end=\"334\">non avremo alcuna responsabilit\u00e0<\/strong> nei vostri confronti.<br data-start=\"356\" data-end=\"359\" \/>Una volta versato l\u2019acconto, verr\u00e0 emesso un <strong data-start=\"404\" data-end=\"430\">Contratto di Locazione<\/strong>.<\/p>\n<h3 data-start=\"433\" data-end=\"460\">Occupazione della villa<\/h3>\n<p data-start=\"461\" data-end=\"777\">L\u2019<strong data-start=\"463\" data-end=\"486\">occupazione massima<\/strong> della villa non pu\u00f2 essere superata senza il nostro <strong data-start=\"539\" data-end=\"559\">consenso scritto<\/strong>.<br data-start=\"560\" data-end=\"563\" \/>Su richiesta, \u00e8 possibile ospitare neonati in culla anche se il numero totale di persone supera l\u2019occupazione massima.<br data-start=\"681\" data-end=\"684\" \/>L\u2019occupazione massima \u00e8 indicata per ogni villa ed \u00e8 determinata dalle autorit\u00e0 competenti.<\/p>\n<p data-start=\"779\" data-end=\"813\">Qualsiasi violazione comporter\u00e0:<\/p>\n<ul data-start=\"814\" data-end=\"906\">\n<li data-start=\"814\" data-end=\"864\">\n<p data-start=\"816\" data-end=\"864\"><strong data-start=\"816\" data-end=\"861\">annullamento immediato della prenotazione<\/strong>,<\/p>\n<\/li>\n<li data-start=\"865\" data-end=\"906\">\n<p data-start=\"867\" data-end=\"906\"><strong data-start=\"867\" data-end=\"905\">perdita totale delle somme versate<\/strong>.<\/p>\n<\/li>\n<\/ul>\n<p data-start=\"908\" data-end=\"1064\">Ci riserviamo il diritto di <strong data-start=\"936\" data-end=\"964\">espellere immediatamente<\/strong> gli ospiti che superano il limite senza autorizzazione scritta, oppure, a nostra discrezione, di:<\/p>\n<ul data-start=\"1065\" data-end=\"1137\">\n<li data-start=\"1065\" data-end=\"1101\">\n<p data-start=\"1067\" data-end=\"1101\">escludere le persone in eccesso,<\/p>\n<\/li>\n<li data-start=\"1102\" data-end=\"1137\">\n<p data-start=\"1104\" data-end=\"1137\">o applicare un <strong data-start=\"1119\" data-end=\"1134\">supplemento<\/strong>.<\/p>\n<\/li>\n<\/ul>\n<p data-start=\"1139\" data-end=\"1219\">Campeggio e parcheggio di roulotte sono <strong data-start=\"1179\" data-end=\"1190\">vietati<\/strong> all\u2019interno della propriet\u00e0.<\/p>\n<p data-start=\"1221\" data-end=\"1441\">L\u2019alloggio \u00e8 riservato <strong data-start=\"1244\" data-end=\"1311\">esclusivamente alle persone indicate nel modulo di prenotazione<\/strong>.<br data-start=\"1312\" data-end=\"1315\" \/>Altri ospiti non sono ammessi senza accordo scritto.<br data-start=\"1367\" data-end=\"1370\" \/>Ospiti non autorizzati dovranno <strong data-start=\"1402\" data-end=\"1429\">lasciare immediatamente<\/strong> la villa.<\/p>\n<p data-start=\"1443\" data-end=\"1565\">Se accettato, verr\u00e0 applicato un <strong data-start=\"1476\" data-end=\"1529\">supplemento da 75 \u20ac a 225 \u20ac per persona per notte<\/strong> oltre il numero massimo consentito.<\/p>\n<h3 data-start=\"1567\" data-end=\"1591\">Periodo di locazione<\/h3>\n<p data-start=\"1592\" data-end=\"1776\">Il soggiorno inizia alle <strong data-start=\"1617\" data-end=\"1626\">15:00<\/strong> del giorno di arrivo e termina alle <strong data-start=\"1663\" data-end=\"1672\">11:00<\/strong> del giorno di partenza<br data-start=\"1695\" data-end=\"1698\" \/>(salvo diversi accordi scritti per check-in anticipato o check-out tardivo).<\/p>\n<p data-start=\"1778\" data-end=\"1879\">Un soggiorno prolungato <strong data-start=\"1802\" data-end=\"1820\">senza consenso<\/strong> comporta una penale di <strong data-start=\"1844\" data-end=\"1878\">10.000 \u20ac per ogni giorno extra<\/strong>.<\/p>\n<h3 data-start=\"1881\" data-end=\"1912\">Modifica della prenotazione<\/h3>\n<p data-start=\"1913\" data-end=\"2163\">Se desiderate <strong data-start=\"1927\" data-end=\"1957\">modificare la prenotazione<\/strong> (date, villa, ecc.) dopo la conferma, faremo il possibile per aiutarvi, ma non \u00e8 garantito.<br data-start=\"2049\" data-end=\"2052\" \/>Eventuali modifiche possono comportare <strong data-start=\"2091\" data-end=\"2111\">costi aggiuntivi<\/strong>, che vi verranno comunicati prima della conferma.<\/p>\n<p data-start=\"2165\" data-end=\"2296\">Se la modifica non \u00e8 possibile e non desiderate mantenere la prenotazione originale, questa sar\u00e0 considerata una <strong data-start=\"2278\" data-end=\"2295\">cancellazione<\/strong>.<\/p>\n<h3 data-start=\"2298\" data-end=\"2334\">Trasferimento della prenotazione<\/h3>\n<p data-start=\"2335\" data-end=\"2442\">Se siete impossibilitati a viaggiare, potete <strong data-start=\"2380\" data-end=\"2421\">trasferire la prenotazione a un terzo<\/strong>, a condizione che:<\/p>\n<ul data-start=\"2443\" data-end=\"2593\">\n<li data-start=\"2443\" data-end=\"2525\">\n<p data-start=\"2445\" data-end=\"2525\">la persona subentrante accetti <strong data-start=\"2476\" data-end=\"2492\">per iscritto<\/strong> le condizioni di prenotazione,<\/p>\n<\/li>\n<li data-start=\"2526\" data-end=\"2593\">\n<p data-start=\"2528\" data-end=\"2593\">eventuali pagamenti residui siano effettuati entro la scadenza.<\/p>\n<\/li>\n<\/ul>\n<p data-start=\"2595\" data-end=\"2693\">Si applicano <strong data-start=\"2608\" data-end=\"2641\">100 \u20ac di spese amministrative<\/strong> e l\u2019eventuale trattenuta di costi non recuperabili.<\/p>\n<h3 data-start=\"2695\" data-end=\"2726\">Conferma della prenotazione<\/h3>\n<p data-start=\"2727\" data-end=\"2772\">Per confermare la prenotazione \u00e8 richiesto:<\/p>\n<ul data-start=\"2773\" data-end=\"2982\">\n<li data-start=\"2773\" data-end=\"2884\">\n<p data-start=\"2775\" data-end=\"2884\"><strong data-start=\"2775\" data-end=\"2801\">50 % del prezzo totale<\/strong> al momento della prenotazione e il <strong data-start=\"2837\" data-end=\"2881\">saldo (50 %) 30 giorni prima dell\u2019arrivo<\/strong>,<\/p>\n<\/li>\n<li data-start=\"2885\" data-end=\"2982\">\n<p data-start=\"2887\" data-end=\"2982\"><strong data-start=\"2887\" data-end=\"2914\">100 % del prezzo totale<\/strong> se la prenotazione avviene <strong data-start=\"2942\" data-end=\"2981\">meno di 30 giorni prima dell\u2019arrivo<\/strong>.<\/p>\n<\/li>\n<\/ul>\n<h3 data-start=\"2984\" data-end=\"3007\">Metodi di pagamento<\/h3>\n<ul data-start=\"3008\" data-end=\"3469\">\n<li data-start=\"3008\" data-end=\"3139\">\n<p data-start=\"3010\" data-end=\"3139\"><strong data-start=\"3010\" data-end=\"3030\">Carta di credito<\/strong>: i dati vengono raccolti secondo la normativa vigente, <strong data-start=\"3086\" data-end=\"3104\">non conservati<\/strong> e distrutti dopo l\u2019elaborazione.<\/p>\n<\/li>\n<li data-start=\"3140\" data-end=\"3229\">\n<p data-start=\"3142\" data-end=\"3229\"><strong data-start=\"3142\" data-end=\"3188\">Saldo con carta di credito\/debito o PayPal<\/strong>: supplemento <strong data-start=\"3202\" data-end=\"3211\">2,4 %<\/strong> (4 % per AMEX).<\/p>\n<\/li>\n<li data-start=\"3230\" data-end=\"3280\">\n<p data-start=\"3232\" data-end=\"3280\"><strong data-start=\"3232\" data-end=\"3253\">Bonifico bancario<\/strong>: <strong data-start=\"3255\" data-end=\"3277\">nessun supplemento<\/strong>.<\/p>\n<\/li>\n<li data-start=\"3281\" data-end=\"3469\">\n<p data-start=\"3283\" data-end=\"3469\">Per prenotazioni <strong data-start=\"3300\" data-end=\"3330\">entro 7 giorni dall\u2019arrivo<\/strong>: il titolare della carta deve essere l\u2019intestatario della prenotazione e inviare <strong data-start=\"3412\" data-end=\"3468\">patente e passaporto\/carta d\u2019identit\u00e0 corrispondenti<\/strong>.<\/p>\n<\/li>\n<\/ul>\n<h3 data-start=\"3471\" data-end=\"3497\">Politica di rimborso<\/h3>\n<p data-start=\"3498\" data-end=\"3689\">(<strong data-start=\"3499\" data-end=\"3537\">Cancellazione da parte dell\u2019ospite<\/strong>)<br data-start=\"3538\" data-end=\"3541\" \/>La cancellazione deve essere comunicata <strong data-start=\"3581\" data-end=\"3617\">per lettera raccomandata o email<\/strong> dal titolare della prenotazione e confermata <strong data-start=\"3663\" data-end=\"3679\">per iscritto<\/strong> da noi.<\/p>\n<p data-start=\"3691\" data-end=\"3716\">Spese di cancellazione:<\/p>\n<div class=\"_tableContainer_1rjym_1\">\n<div class=\"group _tableWrapper_1rjym_13 flex w-fit flex-col-reverse\" tabindex=\"-1\">\n<table class=\"w-fit min-w-(--thread-content-width)\" data-start=\"3717\" data-end=\"3818\">\n<thead data-start=\"3717\" data-end=\"3739\">\n<tr data-start=\"3717\" data-end=\"3739\">\n<th data-start=\"3717\" data-end=\"3729\" data-col-size=\"sm\">Preavviso<\/th>\n<th data-start=\"3729\" data-end=\"3739\" data-col-size=\"sm\">Penale<\/th>\n<\/tr>\n<\/thead>\n<tbody data-start=\"3763\" data-end=\"3818\">\n<tr data-start=\"3763\" data-end=\"3789\">\n<td data-start=\"3763\" data-end=\"3781\" data-col-size=\"sm\">Oltre 30 giorni<\/td>\n<td data-start=\"3781\" data-end=\"3789\" data-col-size=\"sm\">50 %<\/td>\n<\/tr>\n<tr data-start=\"3790\" data-end=\"3818\">\n<td data-start=\"3790\" data-end=\"3809\" data-col-size=\"sm\">Da 0 a 29 giorni<\/td>\n<td data-start=\"3809\" data-end=\"3818\" data-col-size=\"sm\">100 %<\/td>\n<\/tr>\n<\/tbody>\n<\/table>\n<\/div>\n<\/div>\n<p data-start=\"3820\" data-end=\"3961\">Se la villa viene <strong data-start=\"3838\" data-end=\"3881\">rilocata per l\u2019intero periodo annullato<\/strong>, la penale sar\u00e0 ridotta al <strong data-start=\"3909\" data-end=\"3917\">50 %<\/strong>, anche per cancellazioni entro 30 giorni.<\/p>\n<p data-start=\"3963\" data-end=\"4058\">Si raccomanda vivamente di <strong data-start=\"3990\" data-end=\"4028\">stipulare un\u2019assicurazione viaggio<\/strong> che copra la cancellazione.<\/p>\n<p data-start=\"4060\" data-end=\"4287\">Le stesse condizioni si applicano se si desidera <strong data-start=\"4109\" data-end=\"4134\">cambiare date o villa<\/strong>.<br data-start=\"4135\" data-end=\"4138\" \/>Se la modifica \u00e8 richiesta <strong data-start=\"4165\" data-end=\"4203\">pi\u00f9 di 58 giorni prima dell\u2019arrivo<\/strong>, l\u2019acconto (meno <strong data-start=\"4221\" data-end=\"4239\">200 \u20ac di spese<\/strong>) sar\u00e0 <strong data-start=\"4246\" data-end=\"4286\">accreditato sulla nuova prenotazione<\/strong>.<\/p>\n<p data-start=\"4289\" data-end=\"4502\">(<strong data-start=\"4290\" data-end=\"4333\">Cancellazione da parte del proprietario<\/strong>)<br data-start=\"4334\" data-end=\"4337\" \/>In caso di <strong data-start=\"4348\" data-end=\"4366\">forza maggiore<\/strong>, vendita della propriet\u00e0 o altri eventi fuori dal controllo del proprietario, potr\u00e0 essere proposta una <strong data-start=\"4471\" data-end=\"4499\">sistemazione alternativa<\/strong>:<\/p>\n<ul data-start=\"4503\" data-end=\"4666\">\n<li data-start=\"4503\" data-end=\"4559\">\n<p data-start=\"4505\" data-end=\"4559\">se costa meno, la differenza vi sar\u00e0 <strong data-start=\"4542\" data-end=\"4556\">rimborsata<\/strong>,<\/p>\n<\/li>\n<li data-start=\"4560\" data-end=\"4666\">\n<p data-start=\"4562\" data-end=\"4666\">se costa di pi\u00f9, <strong data-start=\"4579\" data-end=\"4601\">nessun supplemento<\/strong> sar\u00e0 richiesto, a meno che scegliate un\u2019altra villa pi\u00f9 costosa.<\/p>\n<\/li>\n<\/ul>\n<h3 data-start=\"4668\" data-end=\"4694\">Modulo di prenotazione<\/h3>\n<p data-start=\"4695\" data-end=\"4791\">Se il modulo non pu\u00f2 essere inviato online, deve essere inviato <strong data-start=\"4759\" data-end=\"4790\">per posta dopo il pagamento<\/strong>.<\/p>\n<h3 data-start=\"4793\" data-end=\"4820\">Acconto di prenotazione<\/h3>\n<p data-start=\"4821\" data-end=\"5015\">Per confermare la prenotazione \u00e8 richiesto un <strong data-start=\"4867\" data-end=\"4908\">acconto pari al 50 % del costo totale<\/strong>.<br data-start=\"4909\" data-end=\"4912\" \/>Per i pagamenti con carta di credito\/debito sull\u2019acconto possono applicarsi <strong data-start=\"4988\" data-end=\"5014\">commissioni aggiuntive<\/strong>.<\/p>\n<h3 data-start=\"5017\" data-end=\"5050\">Cauzione \u2013 Deposito per danni<\/h3>\n<p data-start=\"5051\" data-end=\"5278\">\u00c8 richiesta una <strong data-start=\"5067\" data-end=\"5079\">cauzione<\/strong> da <strong data-start=\"5083\" data-end=\"5102\">400 \u20ac a 5.000 \u20ac<\/strong>, a seconda della villa.<br data-start=\"5126\" data-end=\"5129\" \/>Il deposito sar\u00e0 <strong data-start=\"5146\" data-end=\"5191\">rimborsato entro 14 giorni dalla partenza<\/strong> (bonifico, assegno o carta), detratte eventuali spese per danni o costi non saldati.<\/p>\n<p data-start=\"5280\" data-end=\"5502\">Al momento della prenotazione dovrete fornire un\u2019<strong data-start=\"5329\" data-end=\"5379\">autorizzazione di addebito su carta di credito<\/strong> fino all\u2019importo della cauzione.<br data-start=\"5412\" data-end=\"5415\" \/>Se i danni superano tale importo, il proprietario potr\u00e0 richiedere la <strong data-start=\"5485\" data-end=\"5499\">differenza<\/strong>.<\/p>\n<p data-start=\"5504\" data-end=\"5676\">Per <strong data-start=\"5508\" data-end=\"5528\">gruppi non misti<\/strong> o <strong data-start=\"5531\" data-end=\"5572\">gruppi di giovani adulti (18-21 anni)<\/strong> \u00e8 richiesto un <strong data-start=\"5588\" data-end=\"5627\">deposito extra di 150 \u20ac per persona<\/strong>, o per ogni posto letto, a seconda del maggiore.<\/p>\n<h3 data-start=\"5678\" data-end=\"5705\">Garanzia Miglior Prezzo<\/h3>\n<p data-start=\"5706\" data-end=\"5737\">Per usufruire della garanzia:<\/p>\n<ul data-start=\"5738\" data-end=\"5950\">\n<li data-start=\"5738\" data-end=\"5872\">\n<p data-start=\"5740\" data-end=\"5872\">il <strong data-start=\"5743\" data-end=\"5769\">preventivo concorrente<\/strong> deve essere online, accessibile al nostro staff e riferito <strong data-start=\"5829\" data-end=\"5869\">alla stessa villa, periodo e servizi<\/strong>;<\/p>\n<\/li>\n<li data-start=\"5873\" data-end=\"5950\">\n<p data-start=\"5875\" data-end=\"5950\">non sono accettate offerte speciali, promozioni, last minute o pacchetti.<\/p>\n<\/li>\n<\/ul>\n<p data-start=\"5952\" data-end=\"6037\">La richiesta deve essere presentata <strong data-start=\"5988\" data-end=\"6023\">entro 24 ore dalla prenotazione<\/strong>, indicando:<\/p>\n<ul data-start=\"6038\" data-end=\"6172\">\n<li data-start=\"6038\" data-end=\"6070\">\n<p data-start=\"6040\" data-end=\"6070\">nome del cliente principale,<\/p>\n<\/li>\n<li data-start=\"6071\" data-end=\"6092\">\n<p data-start=\"6073\" data-end=\"6092\">nome della villa,<\/p>\n<\/li>\n<li data-start=\"6093\" data-end=\"6112\">\n<p data-start=\"6095\" data-end=\"6112\">data di arrivo,<\/p>\n<\/li>\n<li data-start=\"6113\" data-end=\"6172\">\n<p data-start=\"6115\" data-end=\"6172\">sito concorrente e prezzo indicato (link o screenshot).<\/p>\n<\/li>\n<\/ul>\n<p data-start=\"6174\" data-end=\"6226\">La decisione finale spetta <strong data-start=\"6201\" data-end=\"6225\">esclusivamente a noi<\/strong>.<\/p>\n<p>[\/vc_column_text][\/vc_column][\/vc_row]<\/p>","protected":false},"excerpt":{"rendered":"<p>[vc_row full_width=&#8221;stretch_row&#8221; gap=&#8221;&#8221; parallax=&#8221;content-moving&#8221; parallax_image=&#8221;3012&#8243; overlay_color=&#8221;rgba(0,0,0,0.6)&#8221; text_color=&#8221;#ffffff&#8221; css=&#8221;.vc_custom_1729739338342{padding-top: 240px !important;padding-bottom: 240px !important;}&#8221;][vc_column width=&#8221;3\/4&#8243;][\/vc_column][vc_column width=&#8221;1\/4&#8243;][\/vc_column][\/vc_row][vc_row gap=&#8221;&#8221; css=&#8221;.vc_custom_1758307264900{padding-top: 84px !important;padding-bottom: 84px !important;}&#8221;][vc_column][vc_column_text] Contratto Il contratto tra voi e noi entra in vigore quando riceviamo il vostro acconto o il pagamento totale.Fino a quel momento il proprietario e noi non avremo alcuna responsabilit\u00e0 nei vostri confronti.Una volta versato[&#8230;] <a href=\"https:\/\/mmvilla.com\/it\/manu-mykonos-villa-prenotazione-e-pagamento\/\" class=\"more-link\">Continue reading<\/a><\/p>\n","protected":false},"author":6,"featured_media":0,"parent":0,"menu_order":0,"comment_status":"closed","ping_status":"closed","template":"","meta":{"footnotes":""},"class_list":["post-11862","page","type-page","status-publish","hentry"],"yoast_head":"<!-- This site is optimized with the Yoast SEO Premium plugin v23.5 (Yoast SEO v25.7) - https:\/\/yoast.com\/wordpress\/plugins\/seo\/ -->\n<title>Prenotazione e Pagamento Manu Mykonos \u2013 Condizioni<\/title>\n<meta name=\"description\" content=\"Prenotazione e Pagamento Manu Mykonos: acconto 50 %, saldo, cauzione, metodi pagamento e politiche di rimborso. Leggi prima di prenotare.\" \/>\n<meta name=\"robots\" content=\"index, follow, max-snippet:-1, max-image-preview:large, max-video-preview:-1\" \/>\n<link rel=\"canonical\" href=\"https:\/\/mmvilla.com\/it\/manu-mykonos-villa-prenotazione-e-pagamento\/\" \/>\n<meta property=\"og:locale\" content=\"it_IT\" \/>\n<meta property=\"og:type\" content=\"article\" \/>\n<meta property=\"og:title\" content=\"MANU MYKONOS VILLA BOOKING &amp; PAYMENT CONDITIONS\" \/>\n<meta property=\"og:description\" content=\"Prenotazione e Pagamento Manu Mykonos: acconto 50 %, saldo, cauzione, metodi pagamento e politiche di rimborso. Leggi prima di prenotare.\" \/>\n<meta property=\"og:url\" content=\"https:\/\/mmvilla.com\/it\/manu-mykonos-villa-prenotazione-e-pagamento\/\" \/>\n<meta property=\"og:site_name\" content=\"Majestic Manu Mykonos \u2013 Private Villa, Premium Suites &amp; More\" \/>\n<meta property=\"article:publisher\" content=\"https:\/\/www.facebook.com\/p\/Quality-Brand-Villas-100039678235957\/\" \/>\n<meta property=\"article:modified_time\" content=\"2025-09-24T20:04:56+00:00\" \/>\n<meta name=\"twitter:card\" content=\"summary_large_image\" \/>\n<meta name=\"twitter:label1\" content=\"Tempo di lettura stimato\" \/>\n\t<meta name=\"twitter:data1\" content=\"4 minuti\" \/>\n<script type=\"application\/ld+json\" class=\"yoast-schema-graph\">{\"@context\":\"https:\/\/schema.org\",\"@graph\":[{\"@type\":\"WebPage\",\"@id\":\"https:\/\/mmvilla.com\/it\/manu-mykonos-villa-prenotazione-e-pagamento\/\",\"url\":\"https:\/\/mmvilla.com\/it\/manu-mykonos-villa-prenotazione-e-pagamento\/\",\"name\":\"Prenotazione e Pagamento Manu Mykonos \u2013 Condizioni\",\"isPartOf\":{\"@id\":\"https:\/\/mmvilla.com\/#website\"},\"datePublished\":\"2021-09-21T03:11:25+00:00\",\"dateModified\":\"2025-09-24T20:04:56+00:00\",\"description\":\"Prenotazione e Pagamento Manu Mykonos: acconto 50 %, saldo, cauzione, metodi pagamento e politiche di rimborso. Leggi prima di prenotare.\",\"breadcrumb\":{\"@id\":\"https:\/\/mmvilla.com\/it\/manu-mykonos-villa-prenotazione-e-pagamento\/#breadcrumb\"},\"inLanguage\":\"it-IT\",\"potentialAction\":[{\"@type\":\"ReadAction\",\"target\":[\"https:\/\/mmvilla.com\/it\/manu-mykonos-villa-prenotazione-e-pagamento\/\"]}]},{\"@type\":\"BreadcrumbList\",\"@id\":\"https:\/\/mmvilla.com\/it\/manu-mykonos-villa-prenotazione-e-pagamento\/#breadcrumb\",\"itemListElement\":[{\"@type\":\"ListItem\",\"position\":1,\"name\":\"Home\",\"item\":\"https:\/\/mmvilla.com\/it\/\"},{\"@type\":\"ListItem\",\"position\":2,\"name\":\"MANU MYKONOS VILLA BOOKING &#038; PAYMENT CONDITIONS\"}]},{\"@type\":\"WebSite\",\"@id\":\"https:\/\/mmvilla.com\/#website\",\"url\":\"https:\/\/mmvilla.com\/\",\"name\":\"Manu Mykonos Villa\",\"description\":\"Mykonos Luxury Living, Perfected by Majestic Manu\",\"publisher\":{\"@id\":\"https:\/\/mmvilla.com\/#organization\"},\"alternateName\":\"MMVILLA\",\"potentialAction\":[{\"@type\":\"SearchAction\",\"target\":{\"@type\":\"EntryPoint\",\"urlTemplate\":\"https:\/\/mmvilla.com\/?s={search_term_string}\"},\"query-input\":{\"@type\":\"PropertyValueSpecification\",\"valueRequired\":true,\"valueName\":\"search_term_string\"}}],\"inLanguage\":\"it-IT\"},{\"@type\":\"Organization\",\"@id\":\"https:\/\/mmvilla.com\/#organization\",\"name\":\"QB Villas\",\"url\":\"https:\/\/mmvilla.com\/\",\"logo\":{\"@type\":\"ImageObject\",\"inLanguage\":\"it-IT\",\"@id\":\"https:\/\/mmvilla.com\/#\/schema\/logo\/image\/\",\"url\":\"https:\/\/mmvilla.com\/wp-content\/uploads\/2018\/12\/QUALITY-BRAND-LOGO-KEM-QBVILLAS.png\",\"contentUrl\":\"https:\/\/mmvilla.com\/wp-content\/uploads\/2018\/12\/QUALITY-BRAND-LOGO-KEM-QBVILLAS.png\",\"width\":487,\"height\":500,\"caption\":\"QB Villas\"},\"image\":{\"@id\":\"https:\/\/mmvilla.com\/#\/schema\/logo\/image\/\"},\"sameAs\":[\"https:\/\/www.facebook.com\/p\/Quality-Brand-Villas-100039678235957\/\",\"https:\/\/www.instagram.com\/qualitybrandvillas\/\",\"https:\/\/www.linkedin.com\/company\/quality-brand-villas\"]}]}<\/script>\n<!-- \/ Yoast SEO Premium plugin. -->","yoast_head_json":{"title":"Prenotazione e Pagamento Manu Mykonos \u2013 Condizioni","description":"Prenotazione e Pagamento Manu Mykonos: acconto 50 %, saldo, cauzione, metodi pagamento e politiche di rimborso. Leggi prima di prenotare.","robots":{"index":"index","follow":"follow","max-snippet":"max-snippet:-1","max-image-preview":"max-image-preview:large","max-video-preview":"max-video-preview:-1"},"canonical":"https:\/\/mmvilla.com\/it\/manu-mykonos-villa-prenotazione-e-pagamento\/","og_locale":"it_IT","og_type":"article","og_title":"MANU MYKONOS VILLA BOOKING & PAYMENT CONDITIONS","og_description":"Prenotazione e Pagamento Manu Mykonos: acconto 50 %, saldo, cauzione, metodi pagamento e politiche di rimborso. Leggi prima di prenotare.","og_url":"https:\/\/mmvilla.com\/it\/manu-mykonos-villa-prenotazione-e-pagamento\/","og_site_name":"Majestic Manu Mykonos \u2013 Private Villa, Premium Suites &amp; More","article_publisher":"https:\/\/www.facebook.com\/p\/Quality-Brand-Villas-100039678235957\/","article_modified_time":"2025-09-24T20:04:56+00:00","twitter_card":"summary_large_image","twitter_misc":{"Tempo di lettura stimato":"4 minuti"},"schema":{"@context":"https:\/\/schema.org","@graph":[{"@type":"WebPage","@id":"https:\/\/mmvilla.com\/it\/manu-mykonos-villa-prenotazione-e-pagamento\/","url":"https:\/\/mmvilla.com\/it\/manu-mykonos-villa-prenotazione-e-pagamento\/","name":"Prenotazione e Pagamento Manu Mykonos \u2013 Condizioni","isPartOf":{"@id":"https:\/\/mmvilla.com\/#website"},"datePublished":"2021-09-21T03:11:25+00:00","dateModified":"2025-09-24T20:04:56+00:00","description":"Prenotazione e Pagamento Manu Mykonos: acconto 50 %, saldo, cauzione, metodi pagamento e politiche di rimborso. Leggi prima di prenotare.","breadcrumb":{"@id":"https:\/\/mmvilla.com\/it\/manu-mykonos-villa-prenotazione-e-pagamento\/#breadcrumb"},"inLanguage":"it-IT","potentialAction":[{"@type":"ReadAction","target":["https:\/\/mmvilla.com\/it\/manu-mykonos-villa-prenotazione-e-pagamento\/"]}]},{"@type":"BreadcrumbList","@id":"https:\/\/mmvilla.com\/it\/manu-mykonos-villa-prenotazione-e-pagamento\/#breadcrumb","itemListElement":[{"@type":"ListItem","position":1,"name":"Home","item":"https:\/\/mmvilla.com\/it\/"},{"@type":"ListItem","position":2,"name":"MANU MYKONOS VILLA BOOKING &#038; PAYMENT CONDITIONS"}]},{"@type":"WebSite","@id":"https:\/\/mmvilla.com\/#website","url":"https:\/\/mmvilla.com\/","name":"Manu Mykonos Villa","description":"Mykonos Luxury Living, Perfected by Majestic Manu","publisher":{"@id":"https:\/\/mmvilla.com\/#organization"},"alternateName":"MMVILLA","potentialAction":[{"@type":"SearchAction","target":{"@type":"EntryPoint","urlTemplate":"https:\/\/mmvilla.com\/?s={search_term_string}"},"query-input":{"@type":"PropertyValueSpecification","valueRequired":true,"valueName":"search_term_string"}}],"inLanguage":"it-IT"},{"@type":"Organization","@id":"https:\/\/mmvilla.com\/#organization","name":"QB Villas","url":"https:\/\/mmvilla.com\/","logo":{"@type":"ImageObject","inLanguage":"it-IT","@id":"https:\/\/mmvilla.com\/#\/schema\/logo\/image\/","url":"https:\/\/mmvilla.com\/wp-content\/uploads\/2018\/12\/QUALITY-BRAND-LOGO-KEM-QBVILLAS.png","contentUrl":"https:\/\/mmvilla.com\/wp-content\/uploads\/2018\/12\/QUALITY-BRAND-LOGO-KEM-QBVILLAS.png","width":487,"height":500,"caption":"QB Villas"},"image":{"@id":"https:\/\/mmvilla.com\/#\/schema\/logo\/image\/"},"sameAs":["https:\/\/www.facebook.com\/p\/Quality-Brand-Villas-100039678235957\/","https:\/\/www.instagram.com\/qualitybrandvillas\/","https:\/\/www.linkedin.com\/company\/quality-brand-villas"]}]}},"_links":{"self":[{"href":"https:\/\/mmvilla.com\/it\/wp-json\/wp\/v2\/pages\/11862","targetHints":{"allow":["GET"]}}],"collection":[{"href":"https:\/\/mmvilla.com\/it\/wp-json\/wp\/v2\/pages"}],"about":[{"href":"https:\/\/mmvilla.com\/it\/wp-json\/wp\/v2\/types\/page"}],"author":[{"embeddable":true,"href":"https:\/\/mmvilla.com\/it\/wp-json\/wp\/v2\/users\/6"}],"replies":[{"embeddable":true,"href":"https:\/\/mmvilla.com\/it\/wp-json\/wp\/v2\/comments?post=11862"}],"version-history":[{"count":4,"href":"https:\/\/mmvilla.com\/it\/wp-json\/wp\/v2\/pages\/11862\/revisions"}],"predecessor-version":[{"id":11873,"href":"https:\/\/mmvilla.com\/it\/wp-json\/wp\/v2\/pages\/11862\/revisions\/11873"}],"wp:attachment":[{"href":"https:\/\/mmvilla.com\/it\/wp-json\/wp\/v2\/media?parent=11862"}],"curies":[{"name":"wp","href":"https:\/\/api.w.org\/{rel}","templated":true}]}}