{"id":11512,"date":"2025-05-28T14:43:36","date_gmt":"2025-05-28T11:43:36","guid":{"rendered":"https:\/\/mmvilla.com\/manu-mykonos-villa-vive-suite-2\/"},"modified":"2025-10-13T08:37:15","modified_gmt":"2025-10-13T05:37:15","slug":"manu-mykonos-villa-vive-suite-de-luxo","status":"publish","type":"page","link":"https:\/\/mmvilla.com\/pt-br\/manu-mykonos-villa-vive-suite-de-luxo\/","title":{"rendered":"MANU MYKONOS VILLA Vive suite"},"content":{"rendered":"<p>[vc_row full_width=&#8221;stretch_row&#8221; gap=&#8221;&#8221; full_height=&#8221;yes&#8221; equal_height=&#8221;yes&#8221; parallax=&#8221;content-moving&#8221; parallax_image=&#8221;8547&#8243; overlay_color=&#8221;rgba(33,33,33,0.4)&#8221; text_color=&#8221;#ffffff&#8221; css=&#8221;.vc_custom_1758878151946{padding-top: 180px !important;padding-bottom: 180px !important;}&#8221;][vc_column width=&#8221;1\/2&#8243;][vc_column_text css_animation=&#8221;fadeInUp&#8221;]<\/p>\n<h1>Serenidade Ideal \u2013 The Deluxe Vive Suite<\/h1>\n<h4>Interiores impec\u00e1veis que se integram perfeitamente ao ambiente externo refrescante, oferecendo um <strong data-start=\"274\" data-end=\"313\">ref\u00fagio de luxo para at\u00e9 3 h\u00f3spedes<\/strong><\/h4>\n<h3>MELHOR PRE\u00c7O GARANTIDO<\/h3>\n<h4><a href=\"https:\/\/mmvilla.com\/pt-br\/manu-mykonos-villa-reservar-online\/\" target=\"_blank\" rel=\"noopener\"><strong data-start=\"225\" data-end=\"280\">Reserve hoje mesmo a estadia dos seus sonhos!<\/strong><\/a><\/h4>\n<p>[\/vc_column_text][\/vc_column][vc_column width=&#8221;1\/2&#8243;][vc_empty_space height=&#8221;84px&#8221;][\/vc_column][\/vc_row][vc_row full_width=&#8221;stretch_row_content&#8221; gap=&#8221;&#8221; equal_height=&#8221;yes&#8221; content_placement=&#8221;top&#8221; css=&#8221;.vc_custom_1759839902341{padding-top: 32px !important;padding-bottom: 32px !important;}&#8221;][vc_column parallax_image=&#8221;2821&#8243; width=&#8221;1\/2&#8243; overlay_color=&#8221;rgba(255,255,255,0.9)&#8221; css=&#8221;.vc_custom_1759304180548{padding-top: 32px !important;padding-right: 100px !important;padding-left: 100px !important;}&#8221;][vc_row_inner][vc_column_inner]<div class=\"heading-with-separator text-left id_169e346bf0564f821440808   wpb_animate_when_almost_visible wpb_fadeInUp fadeInUp \"><div class=\"header-content\">\n\t\t\t<p class=\"h-subheading\">Vista para o Mar e Piscina | H\u00f3spedes: at\u00e9 3 \u2022 Quartos: 1 \u2022 Banheiro: 1 \u2022 Sala de Estar<br \/>\nTamanho: 90 m\u00b2 (968 p\u00e9s\u00b2) \u2013 \u00e1rea interna de 40 m\u00b2<\/p>\n\t\t\t<h2 class=\"heading  heading-decorator-1\" style=\"; letter-spacing: 0px; \">Serenidade Ideal \u2013 Deluxe Vive Suite<br \/>\n<em>&amp; Valor Excepcional<em><\/h2><\/div><\/div><div class=\"custom-styles\" data-styles=\".id_169e346bf0564f821440808 .heading-decorator-1:before, .id_169e346bf0564f821440808 .heading-decorator-1:after { border-color: #000000}\"><\/div><div class=\"heading-with-separator text-left id_169e346bf056c61182988678   wpb_animate_when_almost_visible wpb_fadeInUp fadeInUp \"><div class=\"header-content\">\n\t\t\t<p class=\"h-subheading\"><\/p>\n\t\t\t<h4 class=\"heading  \" style=\"color: #000000; letter-spacing: 0px; \">Deluxe Vive Suite \u2013 Um Ref\u00fagio Sofisticado em Mykonos<\/h4><\/div><\/div><div class=\"custom-styles\" data-styles=\".id_169e346bf056c61182988678 .heading-decorator-1:before, .id_169e346bf056c61182988678 .heading-decorator-1:after { border-color: #000000}\"><\/div>[vc_column_text css_animation=&#8221;fadeInUp&#8221;]<\/em><\/em><\/p>\n<h6 data-start=\"216\" data-end=\"541\">Viva o melhor do <strong data-start=\"233\" data-end=\"259\">estilo de vida na ilha<\/strong> na <strong data-start=\"263\" data-end=\"284\">Deluxe Vive Suite<\/strong>, um santu\u00e1rio sereno projetado para at\u00e9 3 h\u00f3spedes.<\/h6>\n<h6 data-start=\"216\" data-end=\"541\">Esta su\u00edte, lindamente decorada, conta com <strong data-start=\"382\" data-end=\"400\">cama king size<\/strong>, <strong data-start=\"402\" data-end=\"441\">sala de estar aconchegante com sof\u00e1<\/strong> e um <strong data-start=\"447\" data-end=\"484\">banheiro em plano aberto elegante<\/strong>, combinando <strong data-start=\"497\" data-end=\"517\">conforto moderno<\/strong> com o charme cicl\u00e1dico.<\/h6>\n<h6 data-start=\"543\" data-end=\"862\">Desde o momento em que voc\u00ea entra, o interior sofisticado se conecta perfeitamente ao <strong data-start=\"629\" data-end=\"651\">terra\u00e7o ensolarado<\/strong>, onde a vista para a piscina convida ao relaxamento.<\/h6>\n<h6 data-start=\"543\" data-end=\"862\">Seja saboreando um caf\u00e9 da manh\u00e3 tranquilo ou um drink ao entardecer, a varanda mobiliada \u00e9 o cen\u00e1rio ideal para aproveitar a <strong data-start=\"833\" data-end=\"861\">beleza serena de Mykonos<\/strong>.<\/h6>\n<h6 data-start=\"864\" data-end=\"1030\">Perfeita para <strong data-start=\"878\" data-end=\"907\">casais ou pequenos grupos<\/strong>, a <strong data-start=\"911\" data-end=\"932\">Deluxe Vive Suite<\/strong> oferece <strong data-start=\"941\" data-end=\"975\">privacidade, conforto e estilo<\/strong> \u2014 a poucos instantes das praias mais ic\u00f4nicas da ilha.<\/h6>\n<hr data-start=\"1032\" data-end=\"1035\" \/>\n<h5 data-start=\"1037\" data-end=\"1091\">Colch\u00f5es \u2013 Sono Restaurador com COCO-MAT Premium<\/h5>\n<p data-start=\"1092\" data-end=\"1464\">Para garantir o <strong data-start=\"1108\" data-end=\"1142\">sono mais reparador em Mykonos<\/strong>, disponibilizamos apenas <strong data-start=\"1168\" data-end=\"1197\">colch\u00f5es COCO-MAT premium<\/strong>, feitos com <strong data-start=\"1210\" data-end=\"1237\">materiais 100% naturais<\/strong>.<br data-start=\"1238\" data-end=\"1241\" \/>Produzidos artesanalmente com cuidado e expertise, esses colch\u00f5es proporcionam <strong data-start=\"1320\" data-end=\"1366\">suporte excepcional e alta respirabilidade<\/strong>, oferecendo uma experi\u00eancia de descanso incompar\u00e1vel que complementa sua estadia de luxo na ilha.<\/p>\n<hr data-start=\"1466\" data-end=\"1469\" \/>\n<h5 data-start=\"1471\" data-end=\"1537\">Nespresso &amp; Esta\u00e7\u00e3o de Ch\u00e1 \u2013 Sabores Premium a Qualquer Hora<\/h5>\n<p data-start=\"1538\" data-end=\"1812\">Comece o dia com o <strong data-start=\"1557\" data-end=\"1603\">aroma intenso de um caf\u00e9 Nespresso premium<\/strong>.<br data-start=\"1604\" data-end=\"1607\" \/>Cada su\u00edte conta com <strong data-start=\"1628\" data-end=\"1669\">m\u00e1quina Nespresso e chaleira el\u00e9trica<\/strong>, permitindo desfrutar das melhores op\u00e7\u00f5es de caf\u00e9 e ch\u00e1 a qualquer momento \u2014 seja em uma manh\u00e3 relaxante no terra\u00e7o ou em uma noite tranquila.<\/p>\n<hr data-start=\"1814\" data-end=\"1817\" \/>\n<h5 data-start=\"1819\" data-end=\"1875\">Amazon Prime &amp; Netflix \u2013 Entretenimento Sob Medida<\/h5>\n<p data-start=\"1876\" data-end=\"2108\">Aproveite <strong data-start=\"1886\" data-end=\"1909\">streaming ilimitado<\/strong> com <strong data-start=\"1914\" data-end=\"1946\">Amazon Prime Video e Netflix<\/strong> na Smart TV da su\u00edte, com aplicativos integrados para uma experi\u00eancia personalizada.<br data-start=\"2031\" data-end=\"2034\" \/>Perfeito para uma <strong data-start=\"2052\" data-end=\"2074\">noite aconchegante<\/strong> ou um dia de descanso em Mykonos.<\/p>\n<hr data-start=\"2110\" data-end=\"2113\" \/>\n<h5 data-start=\"2115\" data-end=\"2195\">Instala\u00e7\u00f5es &amp; Comodidades \u2013 Tudo o que Voc\u00ea Precisa, com Eleg\u00e2ncia da Ilha<\/h5>\n<ul data-start=\"2196\" data-end=\"2801\">\n<li data-start=\"2196\" data-end=\"2250\">\n<h6 data-start=\"2198\" data-end=\"2250\">Su\u00edte com <strong data-start=\"2208\" data-end=\"2248\">vista para o mar e varanda privativa<\/strong><\/h6>\n<\/li>\n<li data-start=\"2251\" data-end=\"2284\">\n<h6 data-start=\"2253\" data-end=\"2284\">Interiores <strong data-start=\"2264\" data-end=\"2282\">livres de fumo<\/strong><\/h6>\n<\/li>\n<li data-start=\"2285\" data-end=\"2320\">\n<h6 data-start=\"2287\" data-end=\"2320\"><strong data-start=\"2287\" data-end=\"2318\">Banheiro de design espa\u00e7oso<\/strong><\/h6>\n<\/li>\n<li data-start=\"2321\" data-end=\"2371\">\n<h6 data-start=\"2323\" data-end=\"2371\"><strong data-start=\"2323\" data-end=\"2342\">Smart TV de 43\u2033<\/strong> com Amazon Prime e Netflix<\/h6>\n<\/li>\n<li data-start=\"2372\" data-end=\"2413\">\n<h6 data-start=\"2374\" data-end=\"2413\"><strong data-start=\"2374\" data-end=\"2411\">Wi-Fi de alta velocidade gratuito<\/strong><\/h6>\n<\/li>\n<li data-start=\"2414\" data-end=\"2452\">\n<h6 data-start=\"2416\" data-end=\"2452\"><strong data-start=\"2416\" data-end=\"2450\">Caixa de som Bluetooth premium<\/strong><\/h6>\n<\/li>\n<li data-start=\"2453\" data-end=\"2500\">\n<h6 data-start=\"2455\" data-end=\"2500\"><strong data-start=\"2455\" data-end=\"2498\">Ar-condicionado com controle individual<\/strong><\/h6>\n<\/li>\n<li data-start=\"2501\" data-end=\"2541\">\n<h6 data-start=\"2503\" data-end=\"2541\"><strong data-start=\"2503\" data-end=\"2539\">Espelho iluminado para maquiagem<\/strong><\/h6>\n<\/li>\n<li data-start=\"2542\" data-end=\"2585\">\n<h6 data-start=\"2544\" data-end=\"2585\"><strong data-start=\"2544\" data-end=\"2583\">Secador de cabelo e balan\u00e7a digital<\/strong><\/h6>\n<\/li>\n<li data-start=\"2586\" data-end=\"2606\">\n<h6 data-start=\"2588\" data-end=\"2606\"><strong data-start=\"2588\" data-end=\"2604\">Cofre seguro<\/strong><\/h6>\n<\/li>\n<li data-start=\"2607\" data-end=\"2641\">\n<h6 data-start=\"2609\" data-end=\"2641\"><strong data-start=\"2609\" data-end=\"2639\">Len\u00e7\u00f3is de algod\u00e3o de luxo<\/strong><\/h6>\n<\/li>\n<li data-start=\"2642\" data-end=\"2685\">\n<h6 data-start=\"2644\" data-end=\"2685\"><strong data-start=\"2644\" data-end=\"2683\">Roup\u00f5es macios e chinelos elegantes<\/strong><\/h6>\n<\/li>\n<li data-start=\"2686\" data-end=\"2721\">\n<h6 data-start=\"2688\" data-end=\"2721\"><strong data-start=\"2688\" data-end=\"2719\">Amenidades de banho premium<\/strong><\/h6>\n<\/li>\n<li data-start=\"2722\" data-end=\"2801\">\n<h6 data-start=\"2724\" data-end=\"2801\"><strong data-start=\"2724\" data-end=\"2756\">M\u00f3veis externos sofisticados<\/strong>, ideais para relaxar ou jantar ao ar livre<\/h6>\n<\/li>\n<\/ul>\n<h5 data-start=\"2803\" data-end=\"2915\">Cada detalhe foi pensado para oferecer <strong data-start=\"2842\" data-end=\"2914\">conforto absoluto, estilo refinado e a aut\u00eantica ess\u00eancia de Mykonos<\/strong>.<\/h5>\n<p>[\/vc_column_text][\/vc_column_inner][\/vc_row_inner][\/vc_column][vc_column css_animation=&#8221;none&#8221; width=&#8221;1\/2&#8243;][vc_empty_space]<div class=\"rokka-gallery rokka-gallery-element\"><div class=\"rokka-gallery-masonry rokka-grid rokka-2-col   animate-text\" data-ismasonry=\"0\" data-imgbg=\"1\"><article class=\"grid-sizer\"><\/article><article class=\"gutter-sizer\"><\/article><article class=\"w1-h1\"><div class=\"layer\"><div class=\"img-bg\" data-depth=\"0.50\" style=\"background-image: url(https:\/\/mmvilla.com\/wp-content\/uploads\/2024\/10\/Manu-Sea-Sun-Villa-Mykonos-109-2.jpg) \" ><\/div><\/div>\n\t\t\t\t\t\t<div class=\"rokka-gallery-item open-lightbox_images\"><a class=\"gallery-link\" href=\"https:\/\/mmvilla.com\/wp-content\/uploads\/2024\/10\/Manu-Sea-Sun-Villa-Mykonos-109-2.jpg\" data-size=\"640x454\"><\/a><div class=\"image-wrapper\"><span class=\"gallery-img \" style=\"background-image: url(https:\/\/mmvilla.com\/wp-content\/uploads\/2024\/10\/Manu-Sea-Sun-Villa-Mykonos-109-2.jpg);\"><\/span><\/div><\/div><\/article><article class=\"w1-h1\"><div class=\"layer\"><div class=\"img-bg\" data-depth=\"0.50\" style=\"background-image: url(https:\/\/mmvilla.com\/wp-content\/uploads\/2024\/10\/Manu-Sea-Sun-Villa-Mykonos-110.jpg) \" ><\/div><\/div>\n\t\t\t\t\t\t<div class=\"rokka-gallery-item open-lightbox_images\"><a class=\"gallery-link\" href=\"https:\/\/mmvilla.com\/wp-content\/uploads\/2024\/10\/Manu-Sea-Sun-Villa-Mykonos-110.jpg\" data-size=\"640x454\"><\/a><div class=\"image-wrapper\"><span class=\"gallery-img \" style=\"background-image: url(https:\/\/mmvilla.com\/wp-content\/uploads\/2024\/10\/Manu-Sea-Sun-Villa-Mykonos-110.jpg);\"><\/span><\/div><\/div><\/article><article class=\"w1-h1\"><div class=\"layer\"><div class=\"img-bg\" data-depth=\"0.50\" style=\"background-image: url(https:\/\/mmvilla.com\/wp-content\/uploads\/2024\/10\/Manu-Sea-Sun-Villa-Mykonos-111.jpg) \" ><\/div><\/div>\n\t\t\t\t\t\t<div class=\"rokka-gallery-item open-lightbox_images\"><a class=\"gallery-link\" href=\"https:\/\/mmvilla.com\/wp-content\/uploads\/2024\/10\/Manu-Sea-Sun-Villa-Mykonos-111.jpg\" data-size=\"640x454\"><\/a><div class=\"image-wrapper\"><span class=\"gallery-img \" style=\"background-image: url(https:\/\/mmvilla.com\/wp-content\/uploads\/2024\/10\/Manu-Sea-Sun-Villa-Mykonos-111.jpg);\"><\/span><\/div><\/div><\/article><article class=\"w1-h1\"><div class=\"layer\"><div class=\"img-bg\" data-depth=\"0.50\" style=\"background-image: url(https:\/\/mmvilla.com\/wp-content\/uploads\/2024\/10\/Manu-Sea-Sun-Villa-Mykonos-144.jpg) \" ><\/div><\/div>\n\t\t\t\t\t\t<div class=\"rokka-gallery-item open-lightbox_images\"><a class=\"gallery-link\" href=\"https:\/\/mmvilla.com\/wp-content\/uploads\/2024\/10\/Manu-Sea-Sun-Villa-Mykonos-144.jpg\" data-size=\"640x422\"><\/a><div class=\"image-wrapper\"><span class=\"gallery-img \" style=\"background-image: url(https:\/\/mmvilla.com\/wp-content\/uploads\/2024\/10\/Manu-Sea-Sun-Villa-Mykonos-144.jpg);\"><\/span><\/div><\/div><\/article><article class=\"w1-h1\"><div class=\"layer\"><div class=\"img-bg\" data-depth=\"0.50\" style=\"background-image: url(https:\/\/mmvilla.com\/wp-content\/uploads\/2024\/10\/7-Manu-Sea-Sun-Villa-Mykonos-Vive-Suite-3-1600x1068.jpg) \" ><\/div><\/div>\n\t\t\t\t\t\t<div class=\"rokka-gallery-item open-lightbox_images\"><a class=\"gallery-link\" href=\"https:\/\/mmvilla.com\/wp-content\/uploads\/2024\/10\/7-Manu-Sea-Sun-Villa-Mykonos-Vive-Suite-3-scaled.jpg\" data-size=\"640x427\"><\/a><div class=\"image-wrapper\"><span class=\"gallery-img \" style=\"background-image: url(https:\/\/mmvilla.com\/wp-content\/uploads\/2024\/10\/7-Manu-Sea-Sun-Villa-Mykonos-Vive-Suite-3-1600x1068.jpg);\"><\/span><\/div><\/div><\/article><article class=\"w1-h1\"><div class=\"layer\"><div class=\"img-bg\" data-depth=\"0.50\" style=\"background-image: url(https:\/\/mmvilla.com\/wp-content\/uploads\/2025\/05\/HOUSE-VILLA-2BR-3BA.jpg) \" ><\/div><\/div>\n\t\t\t\t\t\t<div class=\"rokka-gallery-item open-lightbox_images\"><a class=\"gallery-link\" href=\"https:\/\/mmvilla.com\/wp-content\/uploads\/2025\/05\/HOUSE-VILLA-2BR-3BA.jpg\" data-size=\"640x640\"><\/a><div class=\"image-wrapper\"><span class=\"gallery-img \" style=\"background-image: url(https:\/\/mmvilla.com\/wp-content\/uploads\/2025\/05\/HOUSE-VILLA-2BR-3BA.jpg);\"><\/span><\/div><\/div><\/article><article class=\"w1-h1\"><div class=\"layer\"><div class=\"img-bg\" data-depth=\"0.50\" style=\"background-image: url(https:\/\/mmvilla.com\/wp-content\/uploads\/2025\/09\/LOGO-MANU-TRANSPARENT-8.png) \" ><\/div><\/div>\n\t\t\t\t\t\t<div class=\"rokka-gallery-item open-lightbox_images\"><a class=\"gallery-link\" href=\"https:\/\/mmvilla.com\/wp-content\/uploads\/2025\/09\/LOGO-MANU-TRANSPARENT-8.png\" data-size=\"410x410\"><\/a><div class=\"image-wrapper\"><span class=\"gallery-img \" style=\"background-image: url(https:\/\/mmvilla.com\/wp-content\/uploads\/2025\/09\/LOGO-MANU-TRANSPARENT-8.png);\"><\/span><\/div><\/div><\/article><\/div><\/div>[vc_empty_space]<div class=\"heading-with-separator text-left id_169e346bf06a6c864214416   \"><div class=\"header-content\">\n\t\t\t<p class=\"h-subheading\"><\/p>\n\t\t\t<h5 class=\"heading  \" style=\"color: #000000; letter-spacing: 0px; \">Mykonos. Do Seu Jeito.<br \/>\nMergulhe em um mundo de conforto e eleg\u00e2ncia, onde cada detalhe \u00e9 pensado para voc\u00ea.<\/h5><\/div><\/div><div class=\"custom-styles\" data-styles=\".id_169e346bf06a6c864214416 .heading-decorator-1:before, .id_169e346bf06a6c864214416 .heading-decorator-1:after { border-color: #000000}\"><\/div><div class=\"heading-with-separator text-left id_169e346bf06a941178820563   \"><div class=\"header-content\">\n\t\t\t<p class=\"h-subheading\"><\/p>\n\t\t\t<h6 class=\"heading  \" style=\"color: #000000; letter-spacing: 0px; \">Descubra uma experi\u00eancia de f\u00e9rias premium criada para h\u00f3spedes que buscam muito mais do que apenas um lugar para ficar. Cada elemento \u00e9 cuidadosamente planejado para unir estilo, autenticidade e harmonia, tornando sua estadia em Mykonos realmente inesquec\u00edvel.<\/h6><\/div><\/div><div class=\"custom-styles\" data-styles=\".id_169e346bf06a941178820563 .heading-decorator-1:before, .id_169e346bf06a941178820563 .heading-decorator-1:after { border-color: #000000}\"><\/div><div class=\"heading-with-separator text-left id_169e346bf06ab055244185   \"><div class=\"header-content\">\n\t\t\t<p class=\"h-subheading\"><\/p>\n\t\t\t<h5 class=\"heading  \" style=\"color: #000000; letter-spacing: 0px; \">Com cen\u00e1rios deslumbrantes, toques personalizados e momentos \u00fanicos, passar f\u00e9rias em Mykonos deve ser sempre uma experi\u00eancia pessoal.<\/h5><\/div><\/div><div class=\"custom-styles\" data-styles=\".id_169e346bf06ab055244185 .heading-decorator-1:before, .id_169e346bf06ab055244185 .heading-decorator-1:after { border-color: #000000}\"><\/div><div class=\"btn-wrapper text-left id_169e346bf06ad22017944359   icon-left \" ><a href=\"https:\/\/mmvilla.com\/pt-br\/manu-mykonos-villa-reservar-online\/%20\" target='_blank' class=\"btn btn-lg btn-dark btn-solid\" data-btn-text=\"RESERVAR ONLINE\">RESERVAR ONLINE<\/a><\/div>[\/vc_column][\/vc_row]<\/p>","protected":false},"excerpt":{"rendered":"<p>[vc_row full_width=&#8221;stretch_row&#8221; gap=&#8221;&#8221; full_height=&#8221;yes&#8221; equal_height=&#8221;yes&#8221; parallax=&#8221;content-moving&#8221; parallax_image=&#8221;8547&#8243; overlay_color=&#8221;rgba(33,33,33,0.4)&#8221; text_color=&#8221;#ffffff&#8221; css=&#8221;.vc_custom_1758878151946{padding-top: 180px !important;padding-bottom: 180px !important;}&#8221;][vc_column width=&#8221;1\/2&#8243;][vc_column_text css_animation=&#8221;fadeInUp&#8221;] Serenidade Ideal \u2013 The Deluxe Vive Suite Interiores impec\u00e1veis que se integram perfeitamente ao ambiente externo refrescante, oferecendo um ref\u00fagio de luxo para at\u00e9 3 h\u00f3spedes MELHOR PRE\u00c7O GARANTIDO Reserve hoje mesmo a estadia dos seus sonhos! [\/vc_column_text][\/vc_column][vc_column width=&#8221;1\/2&#8243;][vc_empty_space[&#8230;] <a href=\"https:\/\/mmvilla.com\/pt-br\/manu-mykonos-villa-vive-suite-de-luxo\/\" class=\"more-link\">Continue reading<\/a><\/p>\n","protected":false},"author":2,"featured_media":0,"parent":0,"menu_order":0,"comment_status":"closed","ping_status":"closed","template":"","meta":{"footnotes":""},"class_list":["post-11512","page","type-page","status-publish","hentry"],"yoast_head":"<!-- This site is optimized with the Yoast SEO Premium plugin v23.5 (Yoast SEO v25.7) - https:\/\/yoast.com\/wordpress\/plugins\/seo\/ -->\n<title>Villa Vive Suite \u2013 Luxo e Vista Mykonos<\/title>\n<meta name=\"description\" content=\"Desfrute do Villa Vive Suite em Majestic Manu: suite de luxo com vista para o mar, conforto premium e acesso \u00e0 Praia Agia Anna.\" \/>\n<meta name=\"robots\" content=\"index, follow, max-snippet:-1, max-image-preview:large, max-video-preview:-1\" \/>\n<link rel=\"canonical\" href=\"https:\/\/mmvilla.com\/pt-br\/manu-mykonos-villa-vive-suite-de-luxo\/\" \/>\n<meta property=\"og:locale\" content=\"pt_BR\" \/>\n<meta property=\"og:type\" content=\"article\" \/>\n<meta property=\"og:title\" content=\"MANU MYKONOS VILLA Vive suite\" \/>\n<meta property=\"og:description\" content=\"Desfrute do Villa Vive Suite em Majestic Manu: suite de luxo com vista para o mar, conforto premium e acesso \u00e0 Praia Agia Anna.\" \/>\n<meta property=\"og:url\" content=\"https:\/\/mmvilla.com\/pt-br\/manu-mykonos-villa-vive-suite-de-luxo\/\" \/>\n<meta property=\"og:site_name\" content=\"Majestic Manu Mykonos \u2013 Private Villa, Premium Suites &amp; More\" \/>\n<meta property=\"article:publisher\" content=\"https:\/\/www.facebook.com\/p\/Quality-Brand-Villas-100039678235957\/\" \/>\n<meta property=\"article:modified_time\" content=\"2025-10-13T05:37:15+00:00\" \/>\n<meta name=\"twitter:card\" content=\"summary_large_image\" \/>\n<meta name=\"twitter:label1\" content=\"Est. tempo de leitura\" \/>\n\t<meta name=\"twitter:data1\" content=\"3 minutos\" \/>\n<script type=\"application\/ld+json\" class=\"yoast-schema-graph\">{\"@context\":\"https:\/\/schema.org\",\"@graph\":[{\"@type\":\"WebPage\",\"@id\":\"https:\/\/mmvilla.com\/pt-br\/manu-mykonos-villa-vive-suite-de-luxo\/\",\"url\":\"https:\/\/mmvilla.com\/pt-br\/manu-mykonos-villa-vive-suite-de-luxo\/\",\"name\":\"Villa Vive Suite \u2013 Luxo e Vista Mykonos\",\"isPartOf\":{\"@id\":\"https:\/\/mmvilla.com\/#website\"},\"datePublished\":\"2025-05-28T11:43:36+00:00\",\"dateModified\":\"2025-10-13T05:37:15+00:00\",\"description\":\"Desfrute do Villa Vive Suite em Majestic Manu: suite de luxo com vista para o mar, conforto premium e acesso \u00e0 Praia Agia Anna.\",\"breadcrumb\":{\"@id\":\"https:\/\/mmvilla.com\/pt-br\/manu-mykonos-villa-vive-suite-de-luxo\/#breadcrumb\"},\"inLanguage\":\"pt-BR\",\"potentialAction\":[{\"@type\":\"ReadAction\",\"target\":[\"https:\/\/mmvilla.com\/pt-br\/manu-mykonos-villa-vive-suite-de-luxo\/\"]}]},{\"@type\":\"BreadcrumbList\",\"@id\":\"https:\/\/mmvilla.com\/pt-br\/manu-mykonos-villa-vive-suite-de-luxo\/#breadcrumb\",\"itemListElement\":[{\"@type\":\"ListItem\",\"position\":1,\"name\":\"Home\",\"item\":\"https:\/\/mmvilla.com\/pt-br\/\"},{\"@type\":\"ListItem\",\"position\":2,\"name\":\"MANU MYKONOS VILLA Vive suite\"}]},{\"@type\":\"WebSite\",\"@id\":\"https:\/\/mmvilla.com\/#website\",\"url\":\"https:\/\/mmvilla.com\/\",\"name\":\"Manu Mykonos Villa\",\"description\":\"Mykonos Luxury Living, Perfected by Majestic Manu\",\"publisher\":{\"@id\":\"https:\/\/mmvilla.com\/#organization\"},\"alternateName\":\"MMVILLA\",\"potentialAction\":[{\"@type\":\"SearchAction\",\"target\":{\"@type\":\"EntryPoint\",\"urlTemplate\":\"https:\/\/mmvilla.com\/?s={search_term_string}\"},\"query-input\":{\"@type\":\"PropertyValueSpecification\",\"valueRequired\":true,\"valueName\":\"search_term_string\"}}],\"inLanguage\":\"pt-BR\"},{\"@type\":\"Organization\",\"@id\":\"https:\/\/mmvilla.com\/#organization\",\"name\":\"QB Villas\",\"url\":\"https:\/\/mmvilla.com\/\",\"logo\":{\"@type\":\"ImageObject\",\"inLanguage\":\"pt-BR\",\"@id\":\"https:\/\/mmvilla.com\/#\/schema\/logo\/image\/\",\"url\":\"https:\/\/mmvilla.com\/wp-content\/uploads\/2018\/12\/QUALITY-BRAND-LOGO-KEM-QBVILLAS.png\",\"contentUrl\":\"https:\/\/mmvilla.com\/wp-content\/uploads\/2018\/12\/QUALITY-BRAND-LOGO-KEM-QBVILLAS.png\",\"width\":487,\"height\":500,\"caption\":\"QB Villas\"},\"image\":{\"@id\":\"https:\/\/mmvilla.com\/#\/schema\/logo\/image\/\"},\"sameAs\":[\"https:\/\/www.facebook.com\/p\/Quality-Brand-Villas-100039678235957\/\",\"https:\/\/www.instagram.com\/qualitybrandvillas\/\",\"https:\/\/www.linkedin.com\/company\/quality-brand-villas\"]}]}<\/script>\n<!-- \/ Yoast SEO Premium plugin. -->","yoast_head_json":{"title":"Villa Vive Suite \u2013 Luxo e Vista Mykonos","description":"Desfrute do Villa Vive Suite em Majestic Manu: suite de luxo com vista para o mar, conforto premium e acesso \u00e0 Praia Agia Anna.","robots":{"index":"index","follow":"follow","max-snippet":"max-snippet:-1","max-image-preview":"max-image-preview:large","max-video-preview":"max-video-preview:-1"},"canonical":"https:\/\/mmvilla.com\/pt-br\/manu-mykonos-villa-vive-suite-de-luxo\/","og_locale":"pt_BR","og_type":"article","og_title":"MANU MYKONOS VILLA Vive suite","og_description":"Desfrute do Villa Vive Suite em Majestic Manu: suite de luxo com vista para o mar, conforto premium e acesso \u00e0 Praia Agia Anna.","og_url":"https:\/\/mmvilla.com\/pt-br\/manu-mykonos-villa-vive-suite-de-luxo\/","og_site_name":"Majestic Manu Mykonos \u2013 Private Villa, Premium Suites &amp; More","article_publisher":"https:\/\/www.facebook.com\/p\/Quality-Brand-Villas-100039678235957\/","article_modified_time":"2025-10-13T05:37:15+00:00","twitter_card":"summary_large_image","twitter_misc":{"Est. tempo de leitura":"3 minutos"},"schema":{"@context":"https:\/\/schema.org","@graph":[{"@type":"WebPage","@id":"https:\/\/mmvilla.com\/pt-br\/manu-mykonos-villa-vive-suite-de-luxo\/","url":"https:\/\/mmvilla.com\/pt-br\/manu-mykonos-villa-vive-suite-de-luxo\/","name":"Villa Vive Suite \u2013 Luxo e Vista Mykonos","isPartOf":{"@id":"https:\/\/mmvilla.com\/#website"},"datePublished":"2025-05-28T11:43:36+00:00","dateModified":"2025-10-13T05:37:15+00:00","description":"Desfrute do Villa Vive Suite em Majestic Manu: suite de luxo com vista para o mar, conforto premium e acesso \u00e0 Praia Agia Anna.","breadcrumb":{"@id":"https:\/\/mmvilla.com\/pt-br\/manu-mykonos-villa-vive-suite-de-luxo\/#breadcrumb"},"inLanguage":"pt-BR","potentialAction":[{"@type":"ReadAction","target":["https:\/\/mmvilla.com\/pt-br\/manu-mykonos-villa-vive-suite-de-luxo\/"]}]},{"@type":"BreadcrumbList","@id":"https:\/\/mmvilla.com\/pt-br\/manu-mykonos-villa-vive-suite-de-luxo\/#breadcrumb","itemListElement":[{"@type":"ListItem","position":1,"name":"Home","item":"https:\/\/mmvilla.com\/pt-br\/"},{"@type":"ListItem","position":2,"name":"MANU MYKONOS VILLA Vive suite"}]},{"@type":"WebSite","@id":"https:\/\/mmvilla.com\/#website","url":"https:\/\/mmvilla.com\/","name":"Manu Mykonos Villa","description":"Mykonos Luxury Living, Perfected by Majestic Manu","publisher":{"@id":"https:\/\/mmvilla.com\/#organization"},"alternateName":"MMVILLA","potentialAction":[{"@type":"SearchAction","target":{"@type":"EntryPoint","urlTemplate":"https:\/\/mmvilla.com\/?s={search_term_string}"},"query-input":{"@type":"PropertyValueSpecification","valueRequired":true,"valueName":"search_term_string"}}],"inLanguage":"pt-BR"},{"@type":"Organization","@id":"https:\/\/mmvilla.com\/#organization","name":"QB Villas","url":"https:\/\/mmvilla.com\/","logo":{"@type":"ImageObject","inLanguage":"pt-BR","@id":"https:\/\/mmvilla.com\/#\/schema\/logo\/image\/","url":"https:\/\/mmvilla.com\/wp-content\/uploads\/2018\/12\/QUALITY-BRAND-LOGO-KEM-QBVILLAS.png","contentUrl":"https:\/\/mmvilla.com\/wp-content\/uploads\/2018\/12\/QUALITY-BRAND-LOGO-KEM-QBVILLAS.png","width":487,"height":500,"caption":"QB Villas"},"image":{"@id":"https:\/\/mmvilla.com\/#\/schema\/logo\/image\/"},"sameAs":["https:\/\/www.facebook.com\/p\/Quality-Brand-Villas-100039678235957\/","https:\/\/www.instagram.com\/qualitybrandvillas\/","https:\/\/www.linkedin.com\/company\/quality-brand-villas"]}]}},"_links":{"self":[{"href":"https:\/\/mmvilla.com\/pt-br\/wp-json\/wp\/v2\/pages\/11512","targetHints":{"allow":["GET"]}}],"collection":[{"href":"https:\/\/mmvilla.com\/pt-br\/wp-json\/wp\/v2\/pages"}],"about":[{"href":"https:\/\/mmvilla.com\/pt-br\/wp-json\/wp\/v2\/types\/page"}],"author":[{"embeddable":true,"href":"https:\/\/mmvilla.com\/pt-br\/wp-json\/wp\/v2\/users\/2"}],"replies":[{"embeddable":true,"href":"https:\/\/mmvilla.com\/pt-br\/wp-json\/wp\/v2\/comments?post=11512"}],"version-history":[{"count":9,"href":"https:\/\/mmvilla.com\/pt-br\/wp-json\/wp\/v2\/pages\/11512\/revisions"}],"predecessor-version":[{"id":15216,"href":"https:\/\/mmvilla.com\/pt-br\/wp-json\/wp\/v2\/pages\/11512\/revisions\/15216"}],"wp:attachment":[{"href":"https:\/\/mmvilla.com\/pt-br\/wp-json\/wp\/v2\/media?parent=11512"}],"curies":[{"name":"wp","href":"https:\/\/api.w.org\/{rel}","templated":true}]}}