{"id":11514,"date":"2024-10-12T23:39:17","date_gmt":"2024-10-12T20:39:17","guid":{"rendered":"https:\/\/mmvilla.com\/manu-mykonos-villa-oasis-suite\/"},"modified":"2025-10-13T08:38:47","modified_gmt":"2025-10-13T05:38:47","slug":"manu-mykonos-villa-oasis-suite","status":"publish","type":"page","link":"https:\/\/mmvilla.com\/pt-br\/manu-mykonos-villa-oasis-suite\/","title":{"rendered":"MANU MYKONOS VILLA Oasis suite"},"content":{"rendered":"<p>[vc_row full_width=&#8221;stretch_row&#8221; gap=&#8221;&#8221; full_height=&#8221;yes&#8221; equal_height=&#8221;yes&#8221; parallax=&#8221;content-moving&#8221; parallax_image=&#8221;8568&#8243; overlay_color=&#8221;rgba(33,33,33,0.4)&#8221; text_color=&#8221;#ffffff&#8221; css=&#8221;.vc_custom_1758878268459{padding-top: 180px !important;padding-bottom: 180px !important;}&#8221;][vc_column width=&#8221;1\/2&#8243;][vc_column_text css_animation=&#8221;fadeInUp&#8221;]<\/p>\n<h1>Espa\u00e7o Incr\u00edvel \u2013 The Superb Oasis Suite<\/h1>\n<h4>Um ref\u00fagio tranquilo para at\u00e9 <strong data-start=\"210\" data-end=\"224\">2 h\u00f3spedes<\/strong>, oferecendo um espa\u00e7o <strong data-start=\"247\" data-end=\"268\">\u00edntimo e elegante<\/strong>, ideal para relaxamento total e momentos de puro prazer.<\/h4>\n<h3>MELHOR PRE\u00c7O GARANTIDO<\/h3>\n<h4><a href=\"https:\/\/mmvilla.com\/pt-br\/manu-mykonos-villa-reservar-online\/\" target=\"_blank\" rel=\"noopener\"><strong data-start=\"225\" data-end=\"280\">Reserve hoje mesmo a estadia dos seus sonhos!<\/strong><\/a><\/h4>\n<p>[\/vc_column_text][\/vc_column][vc_column width=&#8221;1\/2&#8243;][vc_empty_space height=&#8221;84px&#8221;][\/vc_column][\/vc_row][vc_row full_width=&#8221;stretch_row_content&#8221; gap=&#8221;&#8221; equal_height=&#8221;yes&#8221; content_placement=&#8221;top&#8221; css=&#8221;.vc_custom_1759832260051{padding-top: 32px !important;padding-bottom: 32px !important;}&#8221;][vc_column parallax_image=&#8221;2821&#8243; width=&#8221;1\/2&#8243; overlay_color=&#8221;rgba(255,255,255,0.9)&#8221; css=&#8221;.vc_custom_1759312303251{padding-top: 32px !important;padding-right: 100px !important;padding-left: 100px !important;}&#8221;][vc_row_inner][vc_column_inner]<div class=\"heading-with-separator text-left id_169d4f576100a51078201171   wpb_animate_when_almost_visible wpb_fadeInUp fadeInUp \"><div class=\"header-content\">\n\t\t\t<p class=\"h-subheading\">Vista para o Mar e Piscina | H\u00f3spedes: at\u00e9 2 \u2022 Quartos: 1 \u2022 Banheiro: 1<br \/>\nTamanho: 60 m\u00b2 (645 p\u00e9s\u00b2) \u2013 \u00e1rea interna de 20 m\u00b2<\/p>\n\t\t\t<h2 class=\"heading  heading-decorator-1\" style=\"; letter-spacing: 0px; \">Ambiente Encantador \u2013 The Superb Oasis Suite<br \/>\n<em>&amp; Valor Excepcional<em><\/h2><\/div><\/div><div class=\"custom-styles\" data-styles=\".id_169d4f576100a51078201171 .heading-decorator-1:before, .id_169d4f576100a51078201171 .heading-decorator-1:after { border-color: #000000}\"><\/div><div class=\"heading-with-separator text-left id_169d4f576101421230178017   wpb_animate_when_almost_visible wpb_fadeInUp fadeInUp \"><div class=\"header-content\">\n\t\t\t<p class=\"h-subheading\"><\/p>\n\t\t\t<h4 class=\"heading  \" style=\"color: #000000; letter-spacing: 0px; \">Superb Oasis Suite \u2013 Onde o Luxo Encontra a Tranquilidade<\/h4><\/div><\/div><div class=\"custom-styles\" data-styles=\".id_169d4f576101421230178017 .heading-decorator-1:before, .id_169d4f576101421230178017 .heading-decorator-1:after { border-color: #000000}\"><\/div>[vc_column_text css_animation=&#8221;fadeInUp&#8221;]<\/em><\/em><\/p>\n<h6 data-start=\"237\" data-end=\"584\">A <strong data-start=\"239\" data-end=\"261\">Superb Oasis Suite<\/strong> \u00e9 um retiro sereno, projetado para at\u00e9 <strong data-start=\"301\" data-end=\"315\">2 h\u00f3spedes<\/strong>, com <strong data-start=\"321\" data-end=\"340\">cama queen size<\/strong> e <strong data-start=\"343\" data-end=\"374\">banheiro privativo elegante<\/strong>.<br data-start=\"375\" data-end=\"378\" \/>Perfeita para <strong data-start=\"392\" data-end=\"402\">casais<\/strong> ou <strong data-start=\"406\" data-end=\"424\">viajantes solo<\/strong>, esta su\u00edte \u00edntima combina <strong data-start=\"452\" data-end=\"473\">conforto e estilo<\/strong>, oferecendo <strong data-start=\"486\" data-end=\"535\">vistas deslumbrantes da piscina e do Mar Egeu<\/strong> a partir da sua <strong data-start=\"552\" data-end=\"583\">varanda privativa mobiliada<\/strong>.<\/h6>\n<h6 data-start=\"586\" data-end=\"870\">Seja para <strong data-start=\"596\" data-end=\"630\">aproveitar o sol durante o dia<\/strong> ou <strong data-start=\"634\" data-end=\"668\">contemplar as estrelas \u00e0 noite<\/strong>, o ambiente tranquilo desta su\u00edte oferece a escapada ideal para <strong data-start=\"733\" data-end=\"760\">relaxamento e renova\u00e7\u00e3o<\/strong>.<br data-start=\"761\" data-end=\"764\" \/>Cada detalhe foi cuidadosamente pensado para trazer <strong data-start=\"816\" data-end=\"869\">paz, eleg\u00e2ncia e o charme inesquec\u00edvel de Mykonos<\/strong>.<\/h6>\n<hr data-start=\"872\" data-end=\"875\" \/>\n<h5 data-start=\"877\" data-end=\"917\">Colch\u00f5es \u2013 Sono Profundo e Natural<\/h5>\n<p data-start=\"918\" data-end=\"1248\">Para garantir o <strong data-start=\"934\" data-end=\"968\">sono mais reparador em Mykonos<\/strong>, sua su\u00edte conta apenas com <strong data-start=\"997\" data-end=\"1031\">colch\u00f5es premium 100% naturais<\/strong>.<br data-start=\"1032\" data-end=\"1035\" \/>Produzidos artesanalmente com cuidado e expertise, eles oferecem <strong data-start=\"1100\" data-end=\"1162\">conforto excepcional, alta respirabilidade e suporte ideal<\/strong>, criando uma <strong data-start=\"1176\" data-end=\"1209\">experi\u00eancia \u00fanica de descanso<\/strong> que eleva sua estadia de luxo na ilha.<\/p>\n<hr data-start=\"1250\" data-end=\"1253\" \/>\n<h5 data-start=\"1255\" data-end=\"1307\">Nespresso \u2013 Caf\u00e9 e Ch\u00e1 Premium a Qualquer Hora<\/h5>\n<p data-start=\"1308\" data-end=\"1663\">Comece o dia com o <strong data-start=\"1327\" data-end=\"1368\">aroma envolvente de um caf\u00e9 Nespresso<\/strong>.<br data-start=\"1369\" data-end=\"1372\" \/>Sua su\u00edte disp\u00f5e de <strong data-start=\"1392\" data-end=\"1433\">m\u00e1quina Nespresso e chaleira el\u00e9trica<\/strong>, permitindo saborear caf\u00e9s e ch\u00e1s selecionados em qualquer momento \u2014 seja em <strong data-start=\"1511\" data-end=\"1543\">manh\u00e3s tranquilas no terra\u00e7o<\/strong> ou em um <strong data-start=\"1553\" data-end=\"1581\">final de tarde relaxante<\/strong>.<br data-start=\"1582\" data-end=\"1585\" \/>Um detalhe que adiciona <strong data-start=\"1609\" data-end=\"1636\">conforto e sofistica\u00e7\u00e3o<\/strong> \u00e0 sua experi\u00eancia na ilha.<\/p>\n<hr data-start=\"1665\" data-end=\"1668\" \/>\n<h5 data-start=\"1670\" data-end=\"1725\">Amazon Prime &amp; Netflix \u2013 Entretenimento Ilimitado<\/h5>\n<p data-start=\"1726\" data-end=\"2009\">Aproveite <strong data-start=\"1736\" data-end=\"1768\">Amazon Prime Video e Netflix<\/strong> em sua su\u00edte atrav\u00e9s da <strong data-start=\"1793\" data-end=\"1839\">Smart TV de 43\u201d com aplicativos integrados<\/strong>, oferecendo uma experi\u00eancia de streaming personalizada e entretenimento cont\u00ednuo.<br data-start=\"1921\" data-end=\"1924\" \/>Assista aos seus filmes e s\u00e9ries favoritos com <strong data-start=\"1971\" data-end=\"1991\">total comodidade<\/strong>, a qualquer hora.<\/p>\n<hr data-start=\"2011\" data-end=\"2014\" \/>\n<h5 data-start=\"2016\" data-end=\"2087\">Instala\u00e7\u00f5es &amp; Comodidades \u2013 Conforto, Estilo e Vista Privilegiada<\/h5>\n<p data-start=\"2088\" data-end=\"2247\">Desfrute de uma <strong data-start=\"2104\" data-end=\"2134\">su\u00edte com vista para o mar<\/strong>, ambiente <strong data-start=\"2145\" data-end=\"2167\">100% livre de fumo<\/strong> e uma combina\u00e7\u00e3o perfeita de <strong data-start=\"2197\" data-end=\"2222\">eleg\u00e2ncia e bem-estar<\/strong>.<br data-start=\"2223\" data-end=\"2226\" \/>Entre os destaques:<\/p>\n<ul data-start=\"2249\" data-end=\"2565\">\n<li data-start=\"2249\" data-end=\"2285\">\n<p data-start=\"2251\" data-end=\"2285\"><strong data-start=\"2251\" data-end=\"2283\">Banheiro espa\u00e7oso e elegante<\/strong><\/p>\n<\/li>\n<li data-start=\"2286\" data-end=\"2344\">\n<p data-start=\"2288\" data-end=\"2344\"><strong data-start=\"2288\" data-end=\"2342\">Varanda privativa com m\u00f3veis externos sofisticados<\/strong><\/p>\n<\/li>\n<li data-start=\"2345\" data-end=\"2436\">\n<p data-start=\"2347\" data-end=\"2436\"><strong data-start=\"2347\" data-end=\"2374\">Smart TV LED FHD de 43\u201d<\/strong> com mais de 100 canais via sat\u00e9lite, Amazon Prime e Netflix<\/p>\n<\/li>\n<li data-start=\"2437\" data-end=\"2485\">\n<p data-start=\"2439\" data-end=\"2485\"><strong data-start=\"2439\" data-end=\"2483\">Caixa de som Bluetooth de alta qualidade<\/strong><\/p>\n<\/li>\n<li data-start=\"2486\" data-end=\"2517\">\n<p data-start=\"2488\" data-end=\"2517\"><strong data-start=\"2488\" data-end=\"2515\">Wi-Fi r\u00e1pido e gratuito<\/strong><\/p>\n<\/li>\n<li data-start=\"2518\" data-end=\"2565\">\n<p data-start=\"2520\" data-end=\"2565\"><strong data-start=\"2520\" data-end=\"2563\">Ar-condicionado com controle individual<\/strong><\/p>\n<\/li>\n<\/ul>\n<p data-start=\"2567\" data-end=\"2594\"><strong>Detalhes de luxo incluem:<\/strong><\/p>\n<ul data-start=\"2595\" data-end=\"2803\">\n<li data-start=\"2595\" data-end=\"2631\">\n<p data-start=\"2597\" data-end=\"2631\"><strong>Espelho iluminado para maquiagem<\/strong><\/p>\n<\/li>\n<li data-start=\"2632\" data-end=\"2653\">\n<p data-start=\"2634\" data-end=\"2653\"><strong>Secador de cabelo<\/strong><\/p>\n<\/li>\n<li data-start=\"2654\" data-end=\"2673\">\n<p data-start=\"2656\" data-end=\"2673\"><strong>Balan\u00e7a digital<\/strong><\/p>\n<\/li>\n<li data-start=\"2674\" data-end=\"2690\">\n<p data-start=\"2676\" data-end=\"2690\"><strong>Cofre seguro<\/strong><\/p>\n<\/li>\n<li data-start=\"2691\" data-end=\"2740\">\n<p data-start=\"2693\" data-end=\"2740\"><strong>Len\u00e7\u00f3is de algod\u00e3o macios e de alta qualidade<\/strong><\/p>\n<\/li>\n<li data-start=\"2741\" data-end=\"2771\">\n<p data-start=\"2743\" data-end=\"2771\"><strong>Roup\u00f5es e chinelos de luxo<\/strong><\/p>\n<\/li>\n<li data-start=\"2772\" data-end=\"2803\">\n<p data-start=\"2774\" data-end=\"2803\"><strong>Amenidades de banho premium<\/strong><\/p>\n<\/li>\n<\/ul>\n<h5 data-start=\"2805\" data-end=\"2936\">Cada elemento foi cuidadosamente planejado para proporcionar <strong data-start=\"2866\" data-end=\"2935\">conforto supremo, sofistica\u00e7\u00e3o e a verdadeira ess\u00eancia de Mykonos<\/strong>.<\/h5>\n<p>[\/vc_column_text][\/vc_column_inner][\/vc_row_inner][\/vc_column][vc_column css_animation=&#8221;none&#8221; width=&#8221;1\/2&#8243;][vc_empty_space]<div class=\"rokka-gallery rokka-gallery-element\"><div class=\"rokka-gallery-masonry rokka-grid rokka-2-col   animate-text\" data-ismasonry=\"0\" data-imgbg=\"1\"><article class=\"grid-sizer\"><\/article><article class=\"gutter-sizer\"><\/article><article class=\"w1-h1\"><div class=\"layer\"><div class=\"img-bg\" data-depth=\"0.50\" style=\"background-image: url(https:\/\/mmvilla.com\/wp-content\/uploads\/2024\/10\/Manu-Sea-Sun-Villa-Mykonos-116-1.jpg) \" ><\/div><\/div>\n\t\t\t\t\t\t<div class=\"rokka-gallery-item open-lightbox_images\"><a class=\"gallery-link\" href=\"https:\/\/mmvilla.com\/wp-content\/uploads\/2024\/10\/Manu-Sea-Sun-Villa-Mykonos-116-1.jpg\" data-size=\"640x454\"><\/a><div class=\"image-wrapper\"><span class=\"gallery-img \" style=\"background-image: url(https:\/\/mmvilla.com\/wp-content\/uploads\/2024\/10\/Manu-Sea-Sun-Villa-Mykonos-116-1.jpg);\"><\/span><\/div><\/div><\/article><article class=\"w1-h1\"><div class=\"layer\"><div class=\"img-bg\" data-depth=\"0.50\" style=\"background-image: url(https:\/\/mmvilla.com\/wp-content\/uploads\/2024\/10\/Manu-Sea-Sun-Villa-Mykonos-117-1.jpg) \" ><\/div><\/div>\n\t\t\t\t\t\t<div class=\"rokka-gallery-item open-lightbox_images\"><a class=\"gallery-link\" href=\"https:\/\/mmvilla.com\/wp-content\/uploads\/2024\/10\/Manu-Sea-Sun-Villa-Mykonos-117-1.jpg\" data-size=\"640x454\"><\/a><div class=\"image-wrapper\"><span class=\"gallery-img \" style=\"background-image: url(https:\/\/mmvilla.com\/wp-content\/uploads\/2024\/10\/Manu-Sea-Sun-Villa-Mykonos-117-1.jpg);\"><\/span><\/div><\/div><\/article><article class=\"w1-h1\"><div class=\"layer\"><div class=\"img-bg\" data-depth=\"0.50\" style=\"background-image: url(https:\/\/mmvilla.com\/wp-content\/uploads\/2024\/10\/Manu-Sea-Sun-Villa-Mykonos-118.jpg) \" ><\/div><\/div>\n\t\t\t\t\t\t<div class=\"rokka-gallery-item open-lightbox_images\"><a class=\"gallery-link\" href=\"https:\/\/mmvilla.com\/wp-content\/uploads\/2024\/10\/Manu-Sea-Sun-Villa-Mykonos-118.jpg\" data-size=\"640x454\"><\/a><div class=\"image-wrapper\"><span class=\"gallery-img \" style=\"background-image: url(https:\/\/mmvilla.com\/wp-content\/uploads\/2024\/10\/Manu-Sea-Sun-Villa-Mykonos-118.jpg);\"><\/span><\/div><\/div><\/article><article class=\"w1-h1\"><div class=\"layer\"><div class=\"img-bg\" data-depth=\"0.50\" style=\"background-image: url(https:\/\/mmvilla.com\/wp-content\/uploads\/2024\/10\/Manu-Sea-Sun-Villa-Mykonos-119.jpg) \" ><\/div><\/div>\n\t\t\t\t\t\t<div class=\"rokka-gallery-item open-lightbox_images\"><a class=\"gallery-link\" href=\"https:\/\/mmvilla.com\/wp-content\/uploads\/2024\/10\/Manu-Sea-Sun-Villa-Mykonos-119.jpg\" data-size=\"640x454\"><\/a><div class=\"image-wrapper\"><span class=\"gallery-img \" style=\"background-image: url(https:\/\/mmvilla.com\/wp-content\/uploads\/2024\/10\/Manu-Sea-Sun-Villa-Mykonos-119.jpg);\"><\/span><\/div><\/div><\/article><article class=\"w1-h1\"><div class=\"layer\"><div class=\"img-bg\" data-depth=\"0.50\" style=\"background-image: url(https:\/\/mmvilla.com\/wp-content\/uploads\/2024\/10\/Manu-Sea-Sun-Villa-Mykonos-120.jpg) \" ><\/div><\/div>\n\t\t\t\t\t\t<div class=\"rokka-gallery-item open-lightbox_images\"><a class=\"gallery-link\" href=\"https:\/\/mmvilla.com\/wp-content\/uploads\/2024\/10\/Manu-Sea-Sun-Villa-Mykonos-120.jpg\" data-size=\"640x454\"><\/a><div class=\"image-wrapper\"><span class=\"gallery-img \" style=\"background-image: url(https:\/\/mmvilla.com\/wp-content\/uploads\/2024\/10\/Manu-Sea-Sun-Villa-Mykonos-120.jpg);\"><\/span><\/div><\/div><\/article><article class=\"w1-h1\"><div class=\"layer\"><div class=\"img-bg\" data-depth=\"0.50\" style=\"background-image: url(https:\/\/mmvilla.com\/wp-content\/uploads\/2025\/09\/LOGO-MANU-TRANSPARENT-8.png) \" ><\/div><\/div>\n\t\t\t\t\t\t<div class=\"rokka-gallery-item open-lightbox_images\"><a class=\"gallery-link\" href=\"https:\/\/mmvilla.com\/wp-content\/uploads\/2025\/09\/LOGO-MANU-TRANSPARENT-8.png\" data-size=\"410x410\"><\/a><div class=\"image-wrapper\"><span class=\"gallery-img \" style=\"background-image: url(https:\/\/mmvilla.com\/wp-content\/uploads\/2025\/09\/LOGO-MANU-TRANSPARENT-8.png);\"><\/span><\/div><\/div><\/article><\/div><\/div>[vc_empty_space]<div class=\"heading-with-separator text-left id_169d4f576111181229590842   \"><div class=\"header-content\">\n\t\t\t<p class=\"h-subheading\"><\/p>\n\t\t\t<h5 class=\"heading  \" style=\"color: #000000; letter-spacing: 0px; \">Mykonos. Feita para Voc\u00ea.<br \/>\nMergulhe em um mundo de sofistica\u00e7\u00e3o e bem-estar, onde cada detalhe \u00e9 pensado especialmente para voc\u00ea.<\/h5><\/div><\/div><div class=\"custom-styles\" data-styles=\".id_169d4f576111181229590842 .heading-decorator-1:before, .id_169d4f576111181229590842 .heading-decorator-1:after { border-color: #000000}\"><\/div><div class=\"heading-with-separator text-left id_169d4f5761113d998453105   \"><div class=\"header-content\">\n\t\t\t<p class=\"h-subheading\"><\/p>\n\t\t\t<h6 class=\"heading  \" style=\"color: #000000; letter-spacing: 0px; \">Mais do que um lugar para se hospedar, esta \u00e9 uma escapada exclusiva para viajantes que valorizam autenticidade, conforto e estilo. Cada aspecto \u00e9 cuidadosamente planejado para refletir o esp\u00edrito \u00fanico de Mykonos e garantir uma experi\u00eancia ao mesmo tempo leve e extraordin\u00e1ria.<\/h6><\/div><\/div><div class=\"custom-styles\" data-styles=\".id_169d4f5761113d998453105 .heading-decorator-1:before, .id_169d4f5761113d998453105 .heading-decorator-1:after { border-color: #000000}\"><\/div><div class=\"heading-with-separator text-left id_169d4f57611157620984842   \"><div class=\"header-content\">\n\t\t\t<p class=\"h-subheading\"><\/p>\n\t\t\t<h5 class=\"heading  \" style=\"color: #000000; letter-spacing: 0px; \">Com servi\u00e7os personalizados, detalhes que fazem diferen\u00e7a e momentos para guardar na mem\u00f3ria, suas f\u00e9rias em Mykonos ser\u00e3o t\u00e3o \u00fanicas quanto voc\u00ea.<\/h5><\/div><\/div><div class=\"custom-styles\" data-styles=\".id_169d4f57611157620984842 .heading-decorator-1:before, .id_169d4f57611157620984842 .heading-decorator-1:after { border-color: #000000}\"><\/div><div class=\"btn-wrapper text-left id_169d4f576111791743911001   icon-left \" ><a href=\"https:\/\/mmvilla.com\/pt-br\/manu-mykonos-villa-reservar-online\/%20\" target='_blank' class=\"btn btn-lg btn-dark btn-solid\" data-btn-text=\"RESERVAR ONLINE\">RESERVAR ONLINE<\/a><\/div>[\/vc_column][\/vc_row]<\/p>","protected":false},"excerpt":{"rendered":"<p>[vc_row full_width=&#8221;stretch_row&#8221; gap=&#8221;&#8221; full_height=&#8221;yes&#8221; equal_height=&#8221;yes&#8221; parallax=&#8221;content-moving&#8221; parallax_image=&#8221;8568&#8243; overlay_color=&#8221;rgba(33,33,33,0.4)&#8221; text_color=&#8221;#ffffff&#8221; css=&#8221;.vc_custom_1758878268459{padding-top: 180px !important;padding-bottom: 180px !important;}&#8221;][vc_column width=&#8221;1\/2&#8243;][vc_column_text css_animation=&#8221;fadeInUp&#8221;] Espa\u00e7o Incr\u00edvel \u2013 The Superb Oasis Suite Um ref\u00fagio tranquilo para at\u00e9 2 h\u00f3spedes, oferecendo um espa\u00e7o \u00edntimo e elegante, ideal para relaxamento total e momentos de puro prazer. MELHOR PRE\u00c7O GARANTIDO Reserve hoje mesmo a estadia dos seus[&#8230;] <a href=\"https:\/\/mmvilla.com\/pt-br\/manu-mykonos-villa-oasis-suite\/\" class=\"more-link\">Continue reading<\/a><\/p>\n","protected":false},"author":2,"featured_media":0,"parent":0,"menu_order":0,"comment_status":"closed","ping_status":"closed","template":"","meta":{"footnotes":""},"class_list":["post-11514","page","type-page","status-publish","hentry"],"yoast_head":"<!-- This site is optimized with the Yoast SEO Premium plugin v23.5 (Yoast SEO v25.7) - https:\/\/yoast.com\/wordpress\/plugins\/seo\/ -->\n<title>Villa Oasis Suite \u2013 Luxo &amp; Tranquilidade Mykonos<\/title>\n<meta name=\"description\" content=\"Descubra Villa Oasis Suite em Majestic Manu: su\u00edte de luxo com vista para o mar, paz, conforto premium e proximidade \u00e0 praia.\" \/>\n<meta name=\"robots\" content=\"index, follow, max-snippet:-1, max-image-preview:large, max-video-preview:-1\" \/>\n<link rel=\"canonical\" href=\"https:\/\/mmvilla.com\/pt-br\/manu-mykonos-villa-oasis-suite\/\" \/>\n<meta property=\"og:locale\" content=\"pt_BR\" \/>\n<meta property=\"og:type\" content=\"article\" \/>\n<meta property=\"og:title\" content=\"MANU MYKONOS VILLA Oasis suite\" \/>\n<meta property=\"og:description\" content=\"Descubra Villa Oasis Suite em Majestic Manu: su\u00edte de luxo com vista para o mar, paz, conforto premium e proximidade \u00e0 praia.\" \/>\n<meta property=\"og:url\" content=\"https:\/\/mmvilla.com\/pt-br\/manu-mykonos-villa-oasis-suite\/\" \/>\n<meta property=\"og:site_name\" content=\"Majestic Manu Mykonos \u2013 Private Villa, Premium Suites &amp; More\" \/>\n<meta property=\"article:publisher\" content=\"https:\/\/www.facebook.com\/p\/Quality-Brand-Villas-100039678235957\/\" \/>\n<meta property=\"article:modified_time\" content=\"2025-10-13T05:38:47+00:00\" \/>\n<meta name=\"twitter:card\" content=\"summary_large_image\" \/>\n<meta name=\"twitter:label1\" content=\"Est. tempo de leitura\" \/>\n\t<meta name=\"twitter:data1\" content=\"3 minutos\" \/>\n<script type=\"application\/ld+json\" class=\"yoast-schema-graph\">{\"@context\":\"https:\/\/schema.org\",\"@graph\":[{\"@type\":\"WebPage\",\"@id\":\"https:\/\/mmvilla.com\/pt-br\/manu-mykonos-villa-oasis-suite\/\",\"url\":\"https:\/\/mmvilla.com\/pt-br\/manu-mykonos-villa-oasis-suite\/\",\"name\":\"Villa Oasis Suite \u2013 Luxo & Tranquilidade Mykonos\",\"isPartOf\":{\"@id\":\"https:\/\/mmvilla.com\/#website\"},\"datePublished\":\"2024-10-12T20:39:17+00:00\",\"dateModified\":\"2025-10-13T05:38:47+00:00\",\"description\":\"Descubra Villa Oasis Suite em Majestic Manu: su\u00edte de luxo com vista para o mar, paz, conforto premium e proximidade \u00e0 praia.\",\"breadcrumb\":{\"@id\":\"https:\/\/mmvilla.com\/pt-br\/manu-mykonos-villa-oasis-suite\/#breadcrumb\"},\"inLanguage\":\"pt-BR\",\"potentialAction\":[{\"@type\":\"ReadAction\",\"target\":[\"https:\/\/mmvilla.com\/pt-br\/manu-mykonos-villa-oasis-suite\/\"]}]},{\"@type\":\"BreadcrumbList\",\"@id\":\"https:\/\/mmvilla.com\/pt-br\/manu-mykonos-villa-oasis-suite\/#breadcrumb\",\"itemListElement\":[{\"@type\":\"ListItem\",\"position\":1,\"name\":\"Home\",\"item\":\"https:\/\/mmvilla.com\/pt-br\/\"},{\"@type\":\"ListItem\",\"position\":2,\"name\":\"MANU MYKONOS VILLA Oasis suite\"}]},{\"@type\":\"WebSite\",\"@id\":\"https:\/\/mmvilla.com\/#website\",\"url\":\"https:\/\/mmvilla.com\/\",\"name\":\"Manu Mykonos Villa\",\"description\":\"Mykonos Luxury Living, Perfected by Majestic Manu\",\"publisher\":{\"@id\":\"https:\/\/mmvilla.com\/#organization\"},\"alternateName\":\"MMVILLA\",\"potentialAction\":[{\"@type\":\"SearchAction\",\"target\":{\"@type\":\"EntryPoint\",\"urlTemplate\":\"https:\/\/mmvilla.com\/?s={search_term_string}\"},\"query-input\":{\"@type\":\"PropertyValueSpecification\",\"valueRequired\":true,\"valueName\":\"search_term_string\"}}],\"inLanguage\":\"pt-BR\"},{\"@type\":\"Organization\",\"@id\":\"https:\/\/mmvilla.com\/#organization\",\"name\":\"QB Villas\",\"url\":\"https:\/\/mmvilla.com\/\",\"logo\":{\"@type\":\"ImageObject\",\"inLanguage\":\"pt-BR\",\"@id\":\"https:\/\/mmvilla.com\/#\/schema\/logo\/image\/\",\"url\":\"https:\/\/mmvilla.com\/wp-content\/uploads\/2018\/12\/QUALITY-BRAND-LOGO-KEM-QBVILLAS.png\",\"contentUrl\":\"https:\/\/mmvilla.com\/wp-content\/uploads\/2018\/12\/QUALITY-BRAND-LOGO-KEM-QBVILLAS.png\",\"width\":487,\"height\":500,\"caption\":\"QB Villas\"},\"image\":{\"@id\":\"https:\/\/mmvilla.com\/#\/schema\/logo\/image\/\"},\"sameAs\":[\"https:\/\/www.facebook.com\/p\/Quality-Brand-Villas-100039678235957\/\",\"https:\/\/www.instagram.com\/qualitybrandvillas\/\",\"https:\/\/www.linkedin.com\/company\/quality-brand-villas\"]}]}<\/script>\n<!-- \/ Yoast SEO Premium plugin. -->","yoast_head_json":{"title":"Villa Oasis Suite \u2013 Luxo & Tranquilidade Mykonos","description":"Descubra Villa Oasis Suite em Majestic Manu: su\u00edte de luxo com vista para o mar, paz, conforto premium e proximidade \u00e0 praia.","robots":{"index":"index","follow":"follow","max-snippet":"max-snippet:-1","max-image-preview":"max-image-preview:large","max-video-preview":"max-video-preview:-1"},"canonical":"https:\/\/mmvilla.com\/pt-br\/manu-mykonos-villa-oasis-suite\/","og_locale":"pt_BR","og_type":"article","og_title":"MANU MYKONOS VILLA Oasis suite","og_description":"Descubra Villa Oasis Suite em Majestic Manu: su\u00edte de luxo com vista para o mar, paz, conforto premium e proximidade \u00e0 praia.","og_url":"https:\/\/mmvilla.com\/pt-br\/manu-mykonos-villa-oasis-suite\/","og_site_name":"Majestic Manu Mykonos \u2013 Private Villa, Premium Suites &amp; More","article_publisher":"https:\/\/www.facebook.com\/p\/Quality-Brand-Villas-100039678235957\/","article_modified_time":"2025-10-13T05:38:47+00:00","twitter_card":"summary_large_image","twitter_misc":{"Est. tempo de leitura":"3 minutos"},"schema":{"@context":"https:\/\/schema.org","@graph":[{"@type":"WebPage","@id":"https:\/\/mmvilla.com\/pt-br\/manu-mykonos-villa-oasis-suite\/","url":"https:\/\/mmvilla.com\/pt-br\/manu-mykonos-villa-oasis-suite\/","name":"Villa Oasis Suite \u2013 Luxo & Tranquilidade Mykonos","isPartOf":{"@id":"https:\/\/mmvilla.com\/#website"},"datePublished":"2024-10-12T20:39:17+00:00","dateModified":"2025-10-13T05:38:47+00:00","description":"Descubra Villa Oasis Suite em Majestic Manu: su\u00edte de luxo com vista para o mar, paz, conforto premium e proximidade \u00e0 praia.","breadcrumb":{"@id":"https:\/\/mmvilla.com\/pt-br\/manu-mykonos-villa-oasis-suite\/#breadcrumb"},"inLanguage":"pt-BR","potentialAction":[{"@type":"ReadAction","target":["https:\/\/mmvilla.com\/pt-br\/manu-mykonos-villa-oasis-suite\/"]}]},{"@type":"BreadcrumbList","@id":"https:\/\/mmvilla.com\/pt-br\/manu-mykonos-villa-oasis-suite\/#breadcrumb","itemListElement":[{"@type":"ListItem","position":1,"name":"Home","item":"https:\/\/mmvilla.com\/pt-br\/"},{"@type":"ListItem","position":2,"name":"MANU MYKONOS VILLA Oasis suite"}]},{"@type":"WebSite","@id":"https:\/\/mmvilla.com\/#website","url":"https:\/\/mmvilla.com\/","name":"Manu Mykonos Villa","description":"Mykonos Luxury Living, Perfected by Majestic Manu","publisher":{"@id":"https:\/\/mmvilla.com\/#organization"},"alternateName":"MMVILLA","potentialAction":[{"@type":"SearchAction","target":{"@type":"EntryPoint","urlTemplate":"https:\/\/mmvilla.com\/?s={search_term_string}"},"query-input":{"@type":"PropertyValueSpecification","valueRequired":true,"valueName":"search_term_string"}}],"inLanguage":"pt-BR"},{"@type":"Organization","@id":"https:\/\/mmvilla.com\/#organization","name":"QB Villas","url":"https:\/\/mmvilla.com\/","logo":{"@type":"ImageObject","inLanguage":"pt-BR","@id":"https:\/\/mmvilla.com\/#\/schema\/logo\/image\/","url":"https:\/\/mmvilla.com\/wp-content\/uploads\/2018\/12\/QUALITY-BRAND-LOGO-KEM-QBVILLAS.png","contentUrl":"https:\/\/mmvilla.com\/wp-content\/uploads\/2018\/12\/QUALITY-BRAND-LOGO-KEM-QBVILLAS.png","width":487,"height":500,"caption":"QB Villas"},"image":{"@id":"https:\/\/mmvilla.com\/#\/schema\/logo\/image\/"},"sameAs":["https:\/\/www.facebook.com\/p\/Quality-Brand-Villas-100039678235957\/","https:\/\/www.instagram.com\/qualitybrandvillas\/","https:\/\/www.linkedin.com\/company\/quality-brand-villas"]}]}},"_links":{"self":[{"href":"https:\/\/mmvilla.com\/pt-br\/wp-json\/wp\/v2\/pages\/11514","targetHints":{"allow":["GET"]}}],"collection":[{"href":"https:\/\/mmvilla.com\/pt-br\/wp-json\/wp\/v2\/pages"}],"about":[{"href":"https:\/\/mmvilla.com\/pt-br\/wp-json\/wp\/v2\/types\/page"}],"author":[{"embeddable":true,"href":"https:\/\/mmvilla.com\/pt-br\/wp-json\/wp\/v2\/users\/2"}],"replies":[{"embeddable":true,"href":"https:\/\/mmvilla.com\/pt-br\/wp-json\/wp\/v2\/comments?post=11514"}],"version-history":[{"count":9,"href":"https:\/\/mmvilla.com\/pt-br\/wp-json\/wp\/v2\/pages\/11514\/revisions"}],"predecessor-version":[{"id":15217,"href":"https:\/\/mmvilla.com\/pt-br\/wp-json\/wp\/v2\/pages\/11514\/revisions\/15217"}],"wp:attachment":[{"href":"https:\/\/mmvilla.com\/pt-br\/wp-json\/wp\/v2\/media?parent=11514"}],"curies":[{"name":"wp","href":"https:\/\/api.w.org\/{rel}","templated":true}]}}