{"id":11521,"date":"2025-06-06T15:13:36","date_gmt":"2025-06-06T12:13:36","guid":{"rendered":"https:\/\/mmvilla.com\/manu-mykonos-villa-services-2\/"},"modified":"2025-10-03T11:02:58","modified_gmt":"2025-10-03T08:02:58","slug":"manu-mykonos-villa-servicos-eventos","status":"publish","type":"page","link":"https:\/\/mmvilla.com\/pt-br\/manu-mykonos-villa-servicos-eventos\/","title":{"rendered":"MANU MYKONOS VILLA Services"},"content":{"rendered":"<p>[vc_row full_width=&#8221;stretch_row_content&#8221; gap=&#8221;&#8221; parallax=&#8221;content-moving&#8221; parallax_image=&#8221;3603&#8243; overlay_color=&#8221;rgba(0,0,0,0.5)&#8221; text_color=&#8221;#ffffff&#8221; css=&#8221;.vc_custom_1759478094885{padding-top: 180px !important;padding-bottom: 180px !important;}&#8221;][vc_column]<div class=\"heading-with-separator text-center id_169d4bedc90a861537251044   \"><div class=\"header-content\">\n\t\t\t<p class=\"h-subheading\">Servi\u00e7os sob Demanda do Manu Mykonos<\/p>\n\t\t\t<h1 class=\"heading  heading-decorator-4\" style=\"; letter-spacing: 0px; \">Aproveite ao M\u00e1ximo em Mykonos<br \/>\nServi\u00e7os 5 Estrelas e Espa\u00e7os de Luxo para a Experi\u00eancia Definitiva na Ilha<\/h1><\/div><\/div><div class=\"custom-styles\" data-styles=\".id_169d4bedc90a861537251044 .heading-decorator-1:before, .id_169d4bedc90a861537251044 .heading-decorator-1:after { border-color: }\"><\/div>[\/vc_column][\/vc_row][vc_row full_width=&#8221;stretch_row_content&#8221; gap=&#8221;&#8221; equal_height=&#8221;yes&#8221; content_placement=&#8221;middle&#8221; overlay_color=&#8221;rgba(255,255,255,0.71)&#8221; css=&#8221;.vc_custom_1759478180312{background-position: center !important;background-repeat: no-repeat !important;background-size: cover !important;}&#8221;][vc_column width=&#8221;2\/3&#8243;][vc_empty_space height=&#8221;64px&#8221; height2=&#8221;32px&#8221;]<div class=\"heading-with-separator text-left id_169d4bedc90ae9893353050   \"><div class=\"header-content\">\n\t\t\t<p class=\"h-subheading\"><\/p>\n\t\t\t<h2 class=\"heading  heading-decorator-1\" style=\"; letter-spacing: 0px; \">Aproveite Privil\u00e9gios de Luxo<\/h2><\/div><\/div><div class=\"custom-styles\" data-styles=\".id_169d4bedc90ae9893353050 .heading-decorator-1:before, .id_169d4bedc90ae9893353050 .heading-decorator-1:after { border-color: #000000}\"><\/div>[vc_column_text]<\/p>\n<p data-start=\"0\" data-end=\"333\"><strong>Nossa maior prioridade \u00e9 garantir que a estadia de cada h\u00f3spede na Manu Mykonos Villa seja n\u00e3o apenas tranquila e relaxante, mas verdadeiramente inesquec\u00edvel.<\/strong> Seja para atender \u00e0s suas necessidades ou aos seus desejos, oferecemos servi\u00e7os de villa com estilo de hotel excepcional, projetados para elevar cada momento das suas f\u00e9rias.<\/p>\n<p data-start=\"335\" data-end=\"687\" data-is-last-node=\"\" data-is-only-node=\"\"><strong>Nossa Cole\u00e7\u00e3o Exclusiva de Servi\u00e7os e Instala\u00e7\u00f5es 5 Estrelas \u2014 em colabora\u00e7\u00e3o exclusiva com a Quality Brand Villas \u2014 reflete nosso compromisso com a hospitalidade sob medida.<\/strong> Nenhum pedido \u00e9 grande ou pequeno demais. Com uma equipe profissional, atitude positiva e paix\u00e3o pela excel\u00eancia, estamos aqui para tornar sua estadia em Mykonos extraordin\u00e1ria.<\/p>\n<p>[\/vc_column_text][vc_empty_space height2=&#8221;0px&#8221;][\/vc_column][vc_column width=&#8221;1\/3&#8243;][\/vc_column][\/vc_row][vc_row full_width=&#8221;stretch_row_content&#8221; gap=&#8221;&#8221; equal_height=&#8221;yes&#8221;][vc_column parallax_image=&#8221;3037&#8243; width=&#8221;1\/3&#8243; css=&#8221;.vc_custom_1759478431126{margin-top: 15px !important;margin-bottom: 15px !important;padding-top: 40px !important;padding-right: 40px !important;padding-bottom: 40px !important;padding-left: 40px !important;background-position: center !important;background-repeat: no-repeat !important;background-size: cover !important;}&#8221;][vc_empty_space height=&#8221;192px&#8221;]<div class=\"btn-wrapper text-center id_169d4bedc90b10683063949   icon-left \" ><a href=\"https:\/\/mmvilla.com\/pt-br\/manu-mykonos-villa-servicos-de-chef-privado-catering\/\" target='_blank' class=\"btn btn-md btn-accent btn-solid\" data-btn-text=\"Saiba Mais: Servi\u00e7os de Chef &amp; Catering\">Saiba Mais: Servi\u00e7os de Chef &amp; Catering<\/a><\/div>[\/vc_column][vc_column parallax_image=&#8221;2864&#8243; width=&#8221;1\/3&#8243; css=&#8221;.vc_custom_1759478455926{margin-top: 15px !important;margin-bottom: 15px !important;padding-top: 40px !important;padding-right: 40px !important;padding-bottom: 40px !important;padding-left: 40px !important;}&#8221;][vc_empty_space height=&#8221;192px&#8221;]<div class=\"btn-wrapper text-center id_169d4bedc90b76469026647   icon-left \" ><a href=\"https:\/\/mmvilla.com\/pt-br\/manu-mykonos-villa-casamentos-e-luas-de-mel\/\" target='_blank' class=\"btn btn-md btn-accent btn-solid\" data-btn-text=\"Saiba Mais: Casamentos &amp; Eventos Especiais\">Saiba Mais: Casamentos &amp; Eventos Especiais<\/a><\/div>[\/vc_column][vc_column parallax_image=&#8221;3102&#8243; width=&#8221;1\/3&#8243; css=&#8221;.vc_custom_1759478482302{margin-top: 15px !important;margin-bottom: 15px !important;padding-top: 40px !important;padding-right: 40px !important;padding-bottom: 40px !important;padding-left: 40px !important;}&#8221;][vc_empty_space height=&#8221;192px&#8221;]<div class=\"btn-wrapper text-center id_169d4bedc90ba71888296775   icon-left \" ><a href=\"https:\/\/mmvilla.com\/pt-br\/manu-mykonos-villa-iates-jatos-motoristas-carros\/\" target='_blank' class=\"btn btn-md btn-accent btn-solid\" data-btn-text=\"Saiba Mais: Aluguel de Carros &amp; Iatismo\">Saiba Mais: Aluguel de Carros &amp; Iatismo<\/a><\/div>[\/vc_column][\/vc_row][vc_row full_width=&#8221;stretch_row_content&#8221; gap=&#8221;&#8221; equal_height=&#8221;yes&#8221;][vc_column width=&#8221;2\/3&#8243;][vc_empty_space height=&#8221;64px&#8221; height2=&#8221;32px&#8221;]<div class=\"heading-with-separator text-left id_169d4bedc90bfd665926877  vc_custom_1759478533581  \"><div class=\"header-content\">\n\t\t\t<p class=\"h-subheading\"><\/p>\n\t\t\t<h3 class=\"heading  heading-decorator-1\" style=\"; letter-spacing: 0px; \">Exceptional services - endless possibilities<\/h3><\/div><\/div><div class=\"custom-styles\" data-styles=\".id_169d4bedc90bfd665926877 .heading-decorator-1:before, .id_169d4bedc90bfd665926877 .heading-decorator-1:after { border-color: #000000}\"><\/div>[vc_column_text css=&#8221;.vc_custom_1759478569997{padding-left: 10px !important;}&#8221;]<\/p>\n<p data-start=\"0\" data-end=\"536\"><strong>A villa de luxo Manu Mykonos foi projetada para atender a todas as necessidades do viajante mais exigente, oferecendo uma ampla gama de servi\u00e7os de boutique que tornam sua estadia pr\u00e1tica e indulgente.<\/strong><br data-start=\"205\" data-end=\"208\" \/>Desfrute de concierge personalizado em Mykonos, gastronomia com seu pr\u00f3prio chef privado, tratamentos de spa revigorantes e muito mais \u2014 tudo adaptado \u00e0s suas prefer\u00eancias. Nossa equipe dedicada cuida de cada detalhe, desde reservas e transporte at\u00e9 pedidos especiais, para que voc\u00ea possa relaxar e aproveitar a ilha com estilo.<\/p>\n<h3 data-start=\"538\" data-end=\"568\">Concierge &amp; Servi\u00e7os VIP<\/h3>\n<p data-start=\"569\" data-end=\"873\">Nossos servi\u00e7os de concierge 24 horas cuidam de tudo. Seja para reservar passeios de iate privativos, jantares VIP ou excurs\u00f5es guiadas pela ilha, o concierge organiza experi\u00eancias locais exclusivas s\u00f3 para voc\u00ea. Espere uma estadia com estilo boutique, servi\u00e7o impec\u00e1vel e tratamento VIP em cada momento.<\/p>\n<h3 data-start=\"875\" data-end=\"904\">Chef Privado &amp; Catering<\/h3>\n<p data-start=\"905\" data-end=\"1273\">Delicie-se com refei\u00e7\u00f5es gourmet preparadas por seu chef privado em Mykonos. Profissionais elaboram caf\u00e9 da manh\u00e3, almo\u00e7o ou jantares sofisticados, criando menus personalizados de v\u00e1rios pratos \u2014 de especialidades gregas \u00e0 alta gastronomia internacional. Tamb\u00e9m organizamos catering completo ou jantares exclusivos na villa para eventos especiais ou encontros \u00edntimos.<\/p>\n<h3 data-start=\"1275\" data-end=\"1296\">Spa &amp; Bem-Estar<\/h3>\n<p data-start=\"1297\" data-end=\"1664\">Relaxe com luxuosos tratamentos de spa em sua villa. Oferecemos massagens profundas, cuidados faciais, esfolia\u00e7\u00f5es corporais e pacotes completos de spa, realizados por terapeutas experientes no conforto da sua acomoda\u00e7\u00e3o. Aproveite sess\u00f5es de aromaterapia, sauna ou hammam e outras terapias de bem-estar em total privacidade \u2014 um verdadeiro ref\u00fagio de spa em Mykonos.<\/p>\n<h3 data-start=\"1666\" data-end=\"1694\">Transporte &amp; Traslados<\/h3>\n<p data-start=\"1695\" data-end=\"2046\">Explore a ilha com total facilidade atrav\u00e9s do servi\u00e7o de aluguel de carros e motorista particular. Disponibilizamos loca\u00e7\u00e3o de carros de luxo e traslados em limusine, com recep\u00e7\u00e3o no aeroporto ou na villa. Quer dirigir por conta pr\u00f3pria ou relaxar em um carro com motorista, organizamos tudo \u2014 do transfer de chegada\/partida a passeios ao p\u00f4r do sol.<\/p>\n<h3 data-start=\"2048\" data-end=\"2085\">Servi\u00e7os &amp; Comodidades da Villa<\/h3>\n<p data-start=\"2086\" data-end=\"2545\">Desfrute de equipe dispon\u00edvel 24 horas e servi\u00e7o completo de limpeza. Oferecemos arruma\u00e7\u00e3o di\u00e1ria, lavanderia, passadoria e servi\u00e7os de valet para manter sua villa impec\u00e1vel. Servi\u00e7os adicionais incluem entrega de correspond\u00eancias, m\u00e9dico de plant\u00e3o e seguran\u00e7a privada, se necess\u00e1rio. Podemos ainda providenciar arranjos florais, reservas de eventos e ingressos, al\u00e9m de quaisquer pedidos especiais, para que voc\u00ea s\u00f3 precise se preocupar em relaxar com luxo.<\/p>\n<p data-start=\"2547\" data-end=\"2749\" data-is-last-node=\"\" data-is-only-node=\"\"><strong>Cada servi\u00e7o \u00e9 prestado com aten\u00e7\u00e3o personalizada e toques de sofistica\u00e7\u00e3o que definem a ess\u00eancia de nossa villa boutique em Mykonos \u2014 garantindo uma experi\u00eancia de f\u00e9rias inesquec\u00edvel e de alto padr\u00e3o.<\/strong><\/p>\n<p>[\/vc_column_text][vc_empty_space height2=&#8221;0px&#8221;][\/vc_column][vc_column width=&#8221;1\/3&#8243;][\/vc_column][\/vc_row]<\/p>","protected":false},"excerpt":{"rendered":"<p>[vc_row full_width=&#8221;stretch_row_content&#8221; gap=&#8221;&#8221; parallax=&#8221;content-moving&#8221; parallax_image=&#8221;3603&#8243; overlay_color=&#8221;rgba(0,0,0,0.5)&#8221; text_color=&#8221;#ffffff&#8221; css=&#8221;.vc_custom_1759478094885{padding-top: 180px !important;padding-bottom: 180px !important;}&#8221;][vc_column][\/vc_column][\/vc_row][vc_row full_width=&#8221;stretch_row_content&#8221; gap=&#8221;&#8221; equal_height=&#8221;yes&#8221; content_placement=&#8221;middle&#8221; overlay_color=&#8221;rgba(255,255,255,0.71)&#8221; css=&#8221;.vc_custom_1759478180312{background-position: center !important;background-repeat: no-repeat !important;background-size: cover !important;}&#8221;][vc_column width=&#8221;2\/3&#8243;][vc_empty_space height=&#8221;64px&#8221; height2=&#8221;32px&#8221;][vc_column_text] Nossa maior prioridade \u00e9 garantir que a estadia de cada h\u00f3spede na Manu Mykonos Villa seja n\u00e3o apenas tranquila e relaxante, mas verdadeiramente inesquec\u00edvel. Seja para atender \u00e0s[&#8230;] <a href=\"https:\/\/mmvilla.com\/pt-br\/manu-mykonos-villa-servicos-eventos\/\" class=\"more-link\">Continue reading<\/a><\/p>\n","protected":false},"author":2,"featured_media":0,"parent":0,"menu_order":0,"comment_status":"closed","ping_status":"closed","template":"","meta":{"footnotes":""},"class_list":["post-11521","page","type-page","status-publish","hentry"],"yoast_head":"<!-- This site is optimized with the Yoast SEO Premium plugin v23.5 (Yoast SEO v25.7) - https:\/\/yoast.com\/wordpress\/plugins\/seo\/ -->\n<title>Servi\u00e7os &amp; Eventos \u2013 Villa Mykonos Majestic Manu<\/title>\n<meta name=\"description\" content=\"Descubra os servi\u00e7os exclusivos Majestic Manu Mykonos: eventos, experi\u00eancias, conforto premium e atendimento personalizado de villa de luxo.\" \/>\n<meta name=\"robots\" content=\"index, follow, max-snippet:-1, max-image-preview:large, max-video-preview:-1\" \/>\n<link rel=\"canonical\" href=\"https:\/\/mmvilla.com\/pt-br\/manu-mykonos-villa-servicos-eventos\/\" \/>\n<meta property=\"og:locale\" content=\"pt_BR\" \/>\n<meta property=\"og:type\" content=\"article\" \/>\n<meta property=\"og:title\" content=\"MANU MYKONOS VILLA Services\" \/>\n<meta property=\"og:description\" content=\"Descubra os servi\u00e7os exclusivos Majestic Manu Mykonos: eventos, experi\u00eancias, conforto premium e atendimento personalizado de villa de luxo.\" \/>\n<meta property=\"og:url\" content=\"https:\/\/mmvilla.com\/pt-br\/manu-mykonos-villa-servicos-eventos\/\" \/>\n<meta property=\"og:site_name\" content=\"Majestic Manu Mykonos \u2013 Private Villa, Premium Suites &amp; More\" \/>\n<meta property=\"article:publisher\" content=\"https:\/\/www.facebook.com\/p\/Quality-Brand-Villas-100039678235957\/\" \/>\n<meta property=\"article:modified_time\" content=\"2025-10-03T08:02:58+00:00\" \/>\n<meta name=\"twitter:card\" content=\"summary_large_image\" \/>\n<meta name=\"twitter:label1\" content=\"Est. tempo de leitura\" \/>\n\t<meta name=\"twitter:data1\" content=\"3 minutos\" \/>\n<script type=\"application\/ld+json\" class=\"yoast-schema-graph\">{\"@context\":\"https:\/\/schema.org\",\"@graph\":[{\"@type\":\"WebPage\",\"@id\":\"https:\/\/mmvilla.com\/pt-br\/manu-mykonos-villa-servicos-eventos\/\",\"url\":\"https:\/\/mmvilla.com\/pt-br\/manu-mykonos-villa-servicos-eventos\/\",\"name\":\"Servi\u00e7os & Eventos \u2013 Villa Mykonos Majestic Manu\",\"isPartOf\":{\"@id\":\"https:\/\/mmvilla.com\/#website\"},\"datePublished\":\"2025-06-06T12:13:36+00:00\",\"dateModified\":\"2025-10-03T08:02:58+00:00\",\"description\":\"Descubra os servi\u00e7os exclusivos Majestic Manu Mykonos: eventos, experi\u00eancias, conforto premium e atendimento personalizado de villa de luxo.\",\"breadcrumb\":{\"@id\":\"https:\/\/mmvilla.com\/pt-br\/manu-mykonos-villa-servicos-eventos\/#breadcrumb\"},\"inLanguage\":\"pt-BR\",\"potentialAction\":[{\"@type\":\"ReadAction\",\"target\":[\"https:\/\/mmvilla.com\/pt-br\/manu-mykonos-villa-servicos-eventos\/\"]}]},{\"@type\":\"BreadcrumbList\",\"@id\":\"https:\/\/mmvilla.com\/pt-br\/manu-mykonos-villa-servicos-eventos\/#breadcrumb\",\"itemListElement\":[{\"@type\":\"ListItem\",\"position\":1,\"name\":\"Home\",\"item\":\"https:\/\/mmvilla.com\/pt-br\/\"},{\"@type\":\"ListItem\",\"position\":2,\"name\":\"MANU MYKONOS VILLA Services\"}]},{\"@type\":\"WebSite\",\"@id\":\"https:\/\/mmvilla.com\/#website\",\"url\":\"https:\/\/mmvilla.com\/\",\"name\":\"Manu Mykonos Villa\",\"description\":\"Mykonos Luxury Living, Perfected by Majestic Manu\",\"publisher\":{\"@id\":\"https:\/\/mmvilla.com\/#organization\"},\"alternateName\":\"MMVILLA\",\"potentialAction\":[{\"@type\":\"SearchAction\",\"target\":{\"@type\":\"EntryPoint\",\"urlTemplate\":\"https:\/\/mmvilla.com\/?s={search_term_string}\"},\"query-input\":{\"@type\":\"PropertyValueSpecification\",\"valueRequired\":true,\"valueName\":\"search_term_string\"}}],\"inLanguage\":\"pt-BR\"},{\"@type\":\"Organization\",\"@id\":\"https:\/\/mmvilla.com\/#organization\",\"name\":\"QB Villas\",\"url\":\"https:\/\/mmvilla.com\/\",\"logo\":{\"@type\":\"ImageObject\",\"inLanguage\":\"pt-BR\",\"@id\":\"https:\/\/mmvilla.com\/#\/schema\/logo\/image\/\",\"url\":\"https:\/\/mmvilla.com\/wp-content\/uploads\/2018\/12\/QUALITY-BRAND-LOGO-KEM-QBVILLAS.png\",\"contentUrl\":\"https:\/\/mmvilla.com\/wp-content\/uploads\/2018\/12\/QUALITY-BRAND-LOGO-KEM-QBVILLAS.png\",\"width\":487,\"height\":500,\"caption\":\"QB Villas\"},\"image\":{\"@id\":\"https:\/\/mmvilla.com\/#\/schema\/logo\/image\/\"},\"sameAs\":[\"https:\/\/www.facebook.com\/p\/Quality-Brand-Villas-100039678235957\/\",\"https:\/\/www.instagram.com\/qualitybrandvillas\/\",\"https:\/\/www.linkedin.com\/company\/quality-brand-villas\"]}]}<\/script>\n<!-- \/ Yoast SEO Premium plugin. -->","yoast_head_json":{"title":"Servi\u00e7os & Eventos \u2013 Villa Mykonos Majestic Manu","description":"Descubra os servi\u00e7os exclusivos Majestic Manu Mykonos: eventos, experi\u00eancias, conforto premium e atendimento personalizado de villa de luxo.","robots":{"index":"index","follow":"follow","max-snippet":"max-snippet:-1","max-image-preview":"max-image-preview:large","max-video-preview":"max-video-preview:-1"},"canonical":"https:\/\/mmvilla.com\/pt-br\/manu-mykonos-villa-servicos-eventos\/","og_locale":"pt_BR","og_type":"article","og_title":"MANU MYKONOS VILLA Services","og_description":"Descubra os servi\u00e7os exclusivos Majestic Manu Mykonos: eventos, experi\u00eancias, conforto premium e atendimento personalizado de villa de luxo.","og_url":"https:\/\/mmvilla.com\/pt-br\/manu-mykonos-villa-servicos-eventos\/","og_site_name":"Majestic Manu Mykonos \u2013 Private Villa, Premium Suites &amp; More","article_publisher":"https:\/\/www.facebook.com\/p\/Quality-Brand-Villas-100039678235957\/","article_modified_time":"2025-10-03T08:02:58+00:00","twitter_card":"summary_large_image","twitter_misc":{"Est. tempo de leitura":"3 minutos"},"schema":{"@context":"https:\/\/schema.org","@graph":[{"@type":"WebPage","@id":"https:\/\/mmvilla.com\/pt-br\/manu-mykonos-villa-servicos-eventos\/","url":"https:\/\/mmvilla.com\/pt-br\/manu-mykonos-villa-servicos-eventos\/","name":"Servi\u00e7os & Eventos \u2013 Villa Mykonos Majestic Manu","isPartOf":{"@id":"https:\/\/mmvilla.com\/#website"},"datePublished":"2025-06-06T12:13:36+00:00","dateModified":"2025-10-03T08:02:58+00:00","description":"Descubra os servi\u00e7os exclusivos Majestic Manu Mykonos: eventos, experi\u00eancias, conforto premium e atendimento personalizado de villa de luxo.","breadcrumb":{"@id":"https:\/\/mmvilla.com\/pt-br\/manu-mykonos-villa-servicos-eventos\/#breadcrumb"},"inLanguage":"pt-BR","potentialAction":[{"@type":"ReadAction","target":["https:\/\/mmvilla.com\/pt-br\/manu-mykonos-villa-servicos-eventos\/"]}]},{"@type":"BreadcrumbList","@id":"https:\/\/mmvilla.com\/pt-br\/manu-mykonos-villa-servicos-eventos\/#breadcrumb","itemListElement":[{"@type":"ListItem","position":1,"name":"Home","item":"https:\/\/mmvilla.com\/pt-br\/"},{"@type":"ListItem","position":2,"name":"MANU MYKONOS VILLA Services"}]},{"@type":"WebSite","@id":"https:\/\/mmvilla.com\/#website","url":"https:\/\/mmvilla.com\/","name":"Manu Mykonos Villa","description":"Mykonos Luxury Living, Perfected by Majestic Manu","publisher":{"@id":"https:\/\/mmvilla.com\/#organization"},"alternateName":"MMVILLA","potentialAction":[{"@type":"SearchAction","target":{"@type":"EntryPoint","urlTemplate":"https:\/\/mmvilla.com\/?s={search_term_string}"},"query-input":{"@type":"PropertyValueSpecification","valueRequired":true,"valueName":"search_term_string"}}],"inLanguage":"pt-BR"},{"@type":"Organization","@id":"https:\/\/mmvilla.com\/#organization","name":"QB Villas","url":"https:\/\/mmvilla.com\/","logo":{"@type":"ImageObject","inLanguage":"pt-BR","@id":"https:\/\/mmvilla.com\/#\/schema\/logo\/image\/","url":"https:\/\/mmvilla.com\/wp-content\/uploads\/2018\/12\/QUALITY-BRAND-LOGO-KEM-QBVILLAS.png","contentUrl":"https:\/\/mmvilla.com\/wp-content\/uploads\/2018\/12\/QUALITY-BRAND-LOGO-KEM-QBVILLAS.png","width":487,"height":500,"caption":"QB Villas"},"image":{"@id":"https:\/\/mmvilla.com\/#\/schema\/logo\/image\/"},"sameAs":["https:\/\/www.facebook.com\/p\/Quality-Brand-Villas-100039678235957\/","https:\/\/www.instagram.com\/qualitybrandvillas\/","https:\/\/www.linkedin.com\/company\/quality-brand-villas"]}]}},"_links":{"self":[{"href":"https:\/\/mmvilla.com\/pt-br\/wp-json\/wp\/v2\/pages\/11521","targetHints":{"allow":["GET"]}}],"collection":[{"href":"https:\/\/mmvilla.com\/pt-br\/wp-json\/wp\/v2\/pages"}],"about":[{"href":"https:\/\/mmvilla.com\/pt-br\/wp-json\/wp\/v2\/types\/page"}],"author":[{"embeddable":true,"href":"https:\/\/mmvilla.com\/pt-br\/wp-json\/wp\/v2\/users\/2"}],"replies":[{"embeddable":true,"href":"https:\/\/mmvilla.com\/pt-br\/wp-json\/wp\/v2\/comments?post=11521"}],"version-history":[{"count":7,"href":"https:\/\/mmvilla.com\/pt-br\/wp-json\/wp\/v2\/pages\/11521\/revisions"}],"predecessor-version":[{"id":13630,"href":"https:\/\/mmvilla.com\/pt-br\/wp-json\/wp\/v2\/pages\/11521\/revisions\/13630"}],"wp:attachment":[{"href":"https:\/\/mmvilla.com\/pt-br\/wp-json\/wp\/v2\/media?parent=11521"}],"curies":[{"name":"wp","href":"https:\/\/api.w.org\/{rel}","templated":true}]}}