{"id":11522,"date":"2024-10-21T21:00:29","date_gmt":"2024-10-21T18:00:29","guid":{"rendered":"https:\/\/mmvilla.com\/manu-mykonos-villa-chef-service\/"},"modified":"2025-10-03T20:50:43","modified_gmt":"2025-10-03T17:50:43","slug":"manu-mykonos-villa-servicos-de-chef-privado-catering","status":"publish","type":"page","link":"https:\/\/mmvilla.com\/pt-br\/manu-mykonos-villa-servicos-de-chef-privado-catering\/","title":{"rendered":"MANU MYKONOS VILLA chef service"},"content":{"rendered":"<p>[vc_row full_width=&#8221;stretch_row&#8221; gap=&#8221;&#8221; content_placement=&#8221;top&#8221; parallax=&#8221;content-moving&#8221; parallax_image=&#8221;3027&#8243; overlay_color=&#8221;rgba(0,0,0,0.6)&#8221; text_color=&#8221;#ffffff&#8221; css=&#8221;.vc_custom_1729536645979{padding-top: 240px !important;padding-bottom: 240px !important;}&#8221;][vc_column width=&#8221;1\/4&#8243;][\/vc_column][vc_column width=&#8221;3\/4&#8243;]<div class=\"heading-with-separator text-center id_169d4dabc0c65b1790592895   \"><div class=\"header-content\">\n\t\t\t<p class=\"h-subheading\">ENTRE NA \u00daLTIMA TEND\u00caNCIA DE F\u00c9RIAS<\/p>\n\t\t\t<h2 class=\"heading  heading-decorator-4\" style=\"; letter-spacing: 0px; \">Servi\u00e7os de Chef Privado &amp; Catering<\/h2><\/div><\/div><div class=\"custom-styles\" data-styles=\".id_169d4dabc0c65b1790592895 .heading-decorator-1:before, .id_169d4dabc0c65b1790592895 .heading-decorator-1:after { border-color: }\"><\/div>[\/vc_column][\/vc_row][vc_row full_width=&#8221;stretch_row_content&#8221; gap=&#8221;&#8221; parallax_image=&#8221;8266&#8243; css=&#8221;.vc_custom_1729536757775{padding-top: 80px !important;padding-bottom: 80px !important;}&#8221;][vc_column width=&#8221;1\/12&#8243;][\/vc_column][vc_column width=&#8221;1\/3&#8243;][vc_column_text]<\/p>\n<h5>EM COLABORA\u00c7\u00c3O COM A QUALITY BRAND VILLAS<\/h5>\n<p>[\/vc_column_text][vc_single_image image=&#8221;8966&#8243; img_size=&#8221;150 x 150&#8243; onclick=&#8221;custom_link&#8221; img_link_target=&#8221;_blank&#8221; link=&#8221;http:\/\/qbvillas.com&#8221;][\/vc_column][vc_column width=&#8221;1\/12&#8243;][\/vc_column][vc_column width=&#8221;1\/2&#8243;][vc_column_text]<\/p>\n<h5>CHEF PESSOAL E EQUIPE DE SERVI\u00c7O NA VILLA<br data-start=\"41\" data-end=\"44\" \/>EM COLABORA\u00c7\u00c3O COM A QUALITY BRAND VILLAS<\/h5>\n<p>[\/vc_column_text][vc_column_text]<\/p>\n<p data-start=\"0\" data-end=\"37\"><strong>ENTRE NA \u00daLTIMA TEND\u00caNCIA DE F\u00c9RIAS<\/strong><\/p>\n<p data-start=\"39\" data-end=\"265\" data-is-last-node=\"\" data-is-only-node=\"\">Servi\u00e7o de coquet\u00e9is e bebidas, culin\u00e1ria local e internacional, almo\u00e7o \u00e0 beira da piscina, bolos especiais, pacotes de refei\u00e7\u00f5es com caf\u00e9 da manh\u00e3, almo\u00e7o e jantar, al\u00e9m de aulas e demonstra\u00e7\u00f5es de culin\u00e1ria na pr\u00f3pria villa.<\/p>\n<p>[\/vc_column_text][\/vc_column][\/vc_row][vc_row full_width=&#8221;stretch_row_content_no_spaces&#8221; gap=&#8221;&#8221; equal_height=&#8221;yes&#8221; content_placement=&#8221;middle&#8221; parallax_image=&#8221;8296&#8243; css=&#8221;.vc_custom_1729529859940{padding-top: 0px !important;padding-bottom: 0px !important;}&#8221;][vc_column parallax_image=&#8221;8266&#8243; width=&#8221;1\/3&#8243; css=&#8221;.vc_custom_1729533743331{background-color: #f5f5f5 !important;}&#8221; el_class=&#8221;z-index-up&#8221;][vc_empty_space height=&#8221;120px&#8221; height2=&#8221;0&#8243; css=&#8221;.vc_custom_1545314682944{padding-right: 40px !important;padding-left: 40px !important;}&#8221;]<div class=\"heading-with-separator text-center id_169d4dabc0c6d6702253530  vc_custom_1759513363579  offset-right-lg\"><div class=\"header-content\">\n\t\t\t<p class=\"h-subheading\"><\/p>\n\t\t\t<h3 class=\"heading  heading-decorator-1\" style=\"; letter-spacing: 0px; \">S\u00d3 CONFORTO, SEM LIMPEZA DEPOIS<i><\/h3><\/div><\/div><div class=\"custom-styles\" data-styles=\".id_169d4dabc0c6d6702253530 .heading-decorator-1:before, .id_169d4dabc0c6d6702253530 .heading-decorator-1:after { border-color: #000000}\"><\/div>[vc_single_image image=&#8221;13706&#8243; img_size=&#8221;705 x 321&#8243; alignment=&#8221;center&#8221; el_class=&#8221;vc_hidden-md vc_hidden-lg&#8221;][vc_column_text css=&#8221;.vc_custom_1759513393349{padding-right: 40px !important;padding-bottom: 60px !important;padding-left: 40px !important;background-color: #ffffff !important;}&#8221; el_class=&#8221;offset-right-lg&#8221;]<\/i><\/p>\n<h6 data-start=\"0\" data-end=\"45\">UMA EXPERI\u00caNCIA DIVINA COM SEU CHEF PESSOAL<\/h6>\n<p data-start=\"47\" data-end=\"263\" data-is-last-node=\"\" data-is-only-node=\"\">O chef criar\u00e1 o menu junto com voc\u00ea, oferecendo inspira\u00e7\u00e3o e sugest\u00f5es.<br data-start=\"118\" data-end=\"121\" \/>Se desejar um churrasco em fam\u00edlia, um brunch com champanhe ou uma festa de sushi, nossa equipe garantir\u00e1 que tudo seja <strong data-start=\"241\" data-end=\"262\">al\u00e9m da perfei\u00e7\u00e3o<\/strong>.<\/p>\n<p>[\/vc_column_text][vc_empty_space height=&#8221;120px&#8221; height2=&#8221;0&#8243;][\/vc_column][vc_column parallax=&#8221;content-moving&#8221; parallax_image=&#8221;3070&#8243; width=&#8221;2\/3&#8243; css=&#8221;.vc_custom_1729533048510{background-position: center !important;background-repeat: no-repeat !important;background-size: cover !important;}&#8221; el_class=&#8221;vc_hidden-xs vc_hidden-sm&#8221;][\/vc_column][\/vc_row][vc_row full_width=&#8221;stretch_row_content_no_spaces&#8221; gap=&#8221;&#8221; equal_height=&#8221;yes&#8221; content_placement=&#8221;middle&#8221;][vc_column parallax=&#8221;content-moving&#8221; parallax_image=&#8221;3027&#8243; width=&#8221;2\/3&#8243; css=&#8221;.vc_custom_1729533547222{background-position: center !important;background-repeat: no-repeat !important;background-size: cover !important;}&#8221; el_class=&#8221;vc_hidden-xs vc_hidden-sm&#8221;][\/vc_column][vc_column parallax_image=&#8221;8266&#8243; width=&#8221;1\/3&#8243; css=&#8221;.vc_custom_1729533764586{background-color: #f5f5f5 !important;}&#8221;][vc_empty_space height=&#8221;120px&#8221; height2=&#8221;0&#8243; css=&#8221;.vc_custom_1545314682944{padding-right: 40px !important;padding-left: 40px !important;}&#8221;]<div class=\"heading-with-separator text-center id_169d4dabc0c7001137167907  vc_custom_1759513457287  offset-left-lg\"><div class=\"header-content\">\n\t\t\t<p class=\"h-subheading\"><\/p>\n\t\t\t<h3 class=\"heading  heading-decorator-1\" style=\"; letter-spacing: 0px; \">CELEBRA\u00c7\u00d5ES E EVENTOS PRIVADOS<\/h3><\/div><\/div><div class=\"custom-styles\" data-styles=\".id_169d4dabc0c7001137167907 .heading-decorator-1:before, .id_169d4dabc0c7001137167907 .heading-decorator-1:after { border-color: #000000}\"><\/div>[vc_single_image image=&#8221;13691&#8243; img_size=&#8221;705 x 321&#8243; alignment=&#8221;center&#8221; el_class=&#8221;vc_hidden-md vc_hidden-lg&#8221;][vc_column_text css=&#8221;.vc_custom_1759513494445{padding-right: 40px !important;padding-bottom: 60px !important;padding-left: 40px !important;background-color: #ffffff !important;}&#8221; el_class=&#8221;offset-left-lg&#8221;]<\/p>\n<h6 data-start=\"0\" data-end=\"45\">EXPERIMENTE SERVI\u00c7OS DE CHEF PERSONALIZADOS<\/h6>\n<p data-start=\"47\" data-end=\"418\" data-is-last-node=\"\" data-is-only-node=\"\">Bolos personalizados \u2013 Decora\u00e7\u00e3o da villa \u2013 Montagem especial da mesa \u2013 Champanhe gelado \u00e0 espera.<br data-start=\"145\" data-end=\"148\" \/>O chef criar\u00e1 o menu junto com voc\u00ea, oferecendo inspira\u00e7\u00e3o e sugest\u00f5es.<br data-start=\"219\" data-end=\"222\" \/>Trabalharemos em todos os detalhes para que cada momento das suas f\u00e9rias seja agrad\u00e1vel e sem preocupa\u00e7\u00f5es.<br data-start=\"329\" data-end=\"332\" \/>Desfrute do conforto e dos servi\u00e7os de chef personalizados na intimidade da sua villa.<\/p>\n<p>[\/vc_column_text][vc_empty_space height=&#8221;120px&#8221; height2=&#8221;0&#8243;][\/vc_column][\/vc_row][vc_row full_width=&#8221;stretch_row_content_no_spaces&#8221; gap=&#8221;&#8221; equal_height=&#8221;yes&#8221; content_placement=&#8221;middle&#8221;][vc_column parallax_image=&#8221;8266&#8243; width=&#8221;1\/3&#8243; css=&#8221;.vc_custom_1729533784537{background-color: #f5f5f5 !important;}&#8221; el_class=&#8221;z-index-up&#8221;][vc_empty_space height=&#8221;120px&#8221; height2=&#8221;0&#8243; css=&#8221;.vc_custom_1545314682944{padding-right: 40px !important;padding-left: 40px !important;}&#8221;]<div class=\"heading-with-separator text-center id_169d4dabc0c7221851140632  vc_custom_1759513522243  offset-right-lg\"><div class=\"header-content\">\n\t\t\t<p class=\"h-subheading\"><\/p>\n\t\t\t<h3 class=\"heading  heading-decorator-1\" style=\"; letter-spacing: 0px; \">F\u00c9RIAS 5 ESTRELAS<br \/>\n&amp; GASTRONOMIA DENTRO DE CASA!<\/h3><\/div><\/div><div class=\"custom-styles\" data-styles=\".id_169d4dabc0c7221851140632 .heading-decorator-1:before, .id_169d4dabc0c7221851140632 .heading-decorator-1:after { border-color: #000000}\"><\/div>[vc_single_image image=&#8221;13698&#8243; img_size=&#8221;705 x 321&#8243; alignment=&#8221;center&#8221; el_class=&#8221;vc_hidden-md vc_hidden-lg&#8221;][vc_column_text css=&#8221;.vc_custom_1759513552129{padding-right: 40px !important;padding-bottom: 60px !important;padding-left: 40px !important;background-color: #ffffff !important;}&#8221; el_class=&#8221;offset-right-lg&#8221;]<\/p>\n<h6 data-start=\"0\" data-end=\"48\">SIMPLES E PERSONALIZADO PARA SUAS NECESSIDADES<\/h6>\n<p data-start=\"50\" data-end=\"328\" data-is-last-node=\"\" data-is-only-node=\"\">Trabalhamos com uma variedade de servi\u00e7os de catering que priorizam comida fresca, saborosa e um servi\u00e7o com \u00f3timo custo-benef\u00edcio.<br data-start=\"181\" data-end=\"184\" \/>Dispomos de menus pr\u00e9-definidos para voc\u00ea escolher ou, se preferir, voc\u00ea pode criar um menu t\u00e3o elegante, casual ou extravagante quanto desejar.<\/p>\n<p>[\/vc_column_text][vc_empty_space height=&#8221;120px&#8221; height2=&#8221;0&#8243;][\/vc_column][vc_column parallax=&#8221;content-moving&#8221; parallax_image=&#8221;3028&#8243; width=&#8221;2\/3&#8243; css=&#8221;.vc_custom_1729533586213{background-position: center !important;background-repeat: no-repeat !important;background-size: cover !important;}&#8221; el_class=&#8221;vc_hidden-xs vc_hidden-sm&#8221;][\/vc_column][\/vc_row]<\/p>","protected":false},"excerpt":{"rendered":"<p>[vc_row full_width=&#8221;stretch_row&#8221; gap=&#8221;&#8221; content_placement=&#8221;top&#8221; parallax=&#8221;content-moving&#8221; parallax_image=&#8221;3027&#8243; overlay_color=&#8221;rgba(0,0,0,0.6)&#8221; text_color=&#8221;#ffffff&#8221; css=&#8221;.vc_custom_1729536645979{padding-top: 240px !important;padding-bottom: 240px !important;}&#8221;][vc_column width=&#8221;1\/4&#8243;][\/vc_column][vc_column width=&#8221;3\/4&#8243;][\/vc_column][\/vc_row][vc_row full_width=&#8221;stretch_row_content&#8221; gap=&#8221;&#8221; parallax_image=&#8221;8266&#8243; css=&#8221;.vc_custom_1729536757775{padding-top: 80px !important;padding-bottom: 80px !important;}&#8221;][vc_column width=&#8221;1\/12&#8243;][\/vc_column][vc_column width=&#8221;1\/3&#8243;][vc_column_text] EM COLABORA\u00c7\u00c3O COM A QUALITY BRAND VILLAS [\/vc_column_text][vc_single_image image=&#8221;8966&#8243; img_size=&#8221;150 x 150&#8243; onclick=&#8221;custom_link&#8221; img_link_target=&#8221;_blank&#8221; link=&#8221;http:\/\/qbvillas.com&#8221;][\/vc_column][vc_column width=&#8221;1\/12&#8243;][\/vc_column][vc_column width=&#8221;1\/2&#8243;][vc_column_text] CHEF PESSOAL E EQUIPE DE SERVI\u00c7O NA VILLAEM COLABORA\u00c7\u00c3O COM A QUALITY BRAND[&#8230;] <a href=\"https:\/\/mmvilla.com\/pt-br\/manu-mykonos-villa-servicos-de-chef-privado-catering\/\" class=\"more-link\">Continue reading<\/a><\/p>\n","protected":false},"author":2,"featured_media":0,"parent":0,"menu_order":0,"comment_status":"closed","ping_status":"closed","template":"","meta":{"footnotes":""},"class_list":["post-11522","page","type-page","status-publish","hentry"],"yoast_head":"<!-- This site is optimized with the Yoast SEO Premium plugin v23.5 (Yoast SEO v25.7) - https:\/\/yoast.com\/wordpress\/plugins\/seo\/ -->\n<title>Servi\u00e7o de Chef Privado \u2013 Mykonos Majestic Manu<\/title>\n<meta name=\"description\" content=\"Desfrute do chef privado na Majestic Manu Mykonos: gastronomia personalizada em sua villa com vista mar, conforto e charme exclusivo.\" \/>\n<meta name=\"robots\" content=\"index, follow, max-snippet:-1, max-image-preview:large, max-video-preview:-1\" \/>\n<link rel=\"canonical\" href=\"https:\/\/mmvilla.com\/pt-br\/manu-mykonos-villa-servicos-de-chef-privado-catering\/\" \/>\n<meta property=\"og:locale\" content=\"pt_BR\" \/>\n<meta property=\"og:type\" content=\"article\" \/>\n<meta property=\"og:title\" content=\"MANU MYKONOS VILLA chef service\" \/>\n<meta property=\"og:description\" content=\"Desfrute do chef privado na Majestic Manu Mykonos: gastronomia personalizada em sua villa com vista mar, conforto e charme exclusivo.\" \/>\n<meta property=\"og:url\" content=\"https:\/\/mmvilla.com\/pt-br\/manu-mykonos-villa-servicos-de-chef-privado-catering\/\" \/>\n<meta property=\"og:site_name\" content=\"Majestic Manu Mykonos \u2013 Private Villa, Premium Suites &amp; More\" \/>\n<meta property=\"article:publisher\" content=\"https:\/\/www.facebook.com\/p\/Quality-Brand-Villas-100039678235957\/\" \/>\n<meta property=\"article:modified_time\" content=\"2025-10-03T17:50:43+00:00\" \/>\n<meta name=\"twitter:card\" content=\"summary_large_image\" \/>\n<meta name=\"twitter:label1\" content=\"Est. tempo de leitura\" \/>\n\t<meta name=\"twitter:data1\" content=\"3 minutos\" \/>\n<script type=\"application\/ld+json\" class=\"yoast-schema-graph\">{\"@context\":\"https:\/\/schema.org\",\"@graph\":[{\"@type\":\"WebPage\",\"@id\":\"https:\/\/mmvilla.com\/pt-br\/manu-mykonos-villa-servicos-de-chef-privado-catering\/\",\"url\":\"https:\/\/mmvilla.com\/pt-br\/manu-mykonos-villa-servicos-de-chef-privado-catering\/\",\"name\":\"Servi\u00e7o de Chef Privado \u2013 Mykonos Majestic Manu\",\"isPartOf\":{\"@id\":\"https:\/\/mmvilla.com\/#website\"},\"datePublished\":\"2024-10-21T18:00:29+00:00\",\"dateModified\":\"2025-10-03T17:50:43+00:00\",\"description\":\"Desfrute do chef privado na Majestic Manu Mykonos: gastronomia personalizada em sua villa com vista mar, conforto e charme exclusivo.\",\"breadcrumb\":{\"@id\":\"https:\/\/mmvilla.com\/pt-br\/manu-mykonos-villa-servicos-de-chef-privado-catering\/#breadcrumb\"},\"inLanguage\":\"pt-BR\",\"potentialAction\":[{\"@type\":\"ReadAction\",\"target\":[\"https:\/\/mmvilla.com\/pt-br\/manu-mykonos-villa-servicos-de-chef-privado-catering\/\"]}]},{\"@type\":\"BreadcrumbList\",\"@id\":\"https:\/\/mmvilla.com\/pt-br\/manu-mykonos-villa-servicos-de-chef-privado-catering\/#breadcrumb\",\"itemListElement\":[{\"@type\":\"ListItem\",\"position\":1,\"name\":\"Home\",\"item\":\"https:\/\/mmvilla.com\/pt-br\/\"},{\"@type\":\"ListItem\",\"position\":2,\"name\":\"MANU MYKONOS VILLA chef service\"}]},{\"@type\":\"WebSite\",\"@id\":\"https:\/\/mmvilla.com\/#website\",\"url\":\"https:\/\/mmvilla.com\/\",\"name\":\"Manu Mykonos Villa\",\"description\":\"Mykonos Luxury Living, Perfected by Majestic Manu\",\"publisher\":{\"@id\":\"https:\/\/mmvilla.com\/#organization\"},\"alternateName\":\"MMVILLA\",\"potentialAction\":[{\"@type\":\"SearchAction\",\"target\":{\"@type\":\"EntryPoint\",\"urlTemplate\":\"https:\/\/mmvilla.com\/?s={search_term_string}\"},\"query-input\":{\"@type\":\"PropertyValueSpecification\",\"valueRequired\":true,\"valueName\":\"search_term_string\"}}],\"inLanguage\":\"pt-BR\"},{\"@type\":\"Organization\",\"@id\":\"https:\/\/mmvilla.com\/#organization\",\"name\":\"QB Villas\",\"url\":\"https:\/\/mmvilla.com\/\",\"logo\":{\"@type\":\"ImageObject\",\"inLanguage\":\"pt-BR\",\"@id\":\"https:\/\/mmvilla.com\/#\/schema\/logo\/image\/\",\"url\":\"https:\/\/mmvilla.com\/wp-content\/uploads\/2018\/12\/QUALITY-BRAND-LOGO-KEM-QBVILLAS.png\",\"contentUrl\":\"https:\/\/mmvilla.com\/wp-content\/uploads\/2018\/12\/QUALITY-BRAND-LOGO-KEM-QBVILLAS.png\",\"width\":487,\"height\":500,\"caption\":\"QB Villas\"},\"image\":{\"@id\":\"https:\/\/mmvilla.com\/#\/schema\/logo\/image\/\"},\"sameAs\":[\"https:\/\/www.facebook.com\/p\/Quality-Brand-Villas-100039678235957\/\",\"https:\/\/www.instagram.com\/qualitybrandvillas\/\",\"https:\/\/www.linkedin.com\/company\/quality-brand-villas\"]}]}<\/script>\n<!-- \/ Yoast SEO Premium plugin. -->","yoast_head_json":{"title":"Servi\u00e7o de Chef Privado \u2013 Mykonos Majestic Manu","description":"Desfrute do chef privado na Majestic Manu Mykonos: gastronomia personalizada em sua villa com vista mar, conforto e charme exclusivo.","robots":{"index":"index","follow":"follow","max-snippet":"max-snippet:-1","max-image-preview":"max-image-preview:large","max-video-preview":"max-video-preview:-1"},"canonical":"https:\/\/mmvilla.com\/pt-br\/manu-mykonos-villa-servicos-de-chef-privado-catering\/","og_locale":"pt_BR","og_type":"article","og_title":"MANU MYKONOS VILLA chef service","og_description":"Desfrute do chef privado na Majestic Manu Mykonos: gastronomia personalizada em sua villa com vista mar, conforto e charme exclusivo.","og_url":"https:\/\/mmvilla.com\/pt-br\/manu-mykonos-villa-servicos-de-chef-privado-catering\/","og_site_name":"Majestic Manu Mykonos \u2013 Private Villa, Premium Suites &amp; More","article_publisher":"https:\/\/www.facebook.com\/p\/Quality-Brand-Villas-100039678235957\/","article_modified_time":"2025-10-03T17:50:43+00:00","twitter_card":"summary_large_image","twitter_misc":{"Est. tempo de leitura":"3 minutos"},"schema":{"@context":"https:\/\/schema.org","@graph":[{"@type":"WebPage","@id":"https:\/\/mmvilla.com\/pt-br\/manu-mykonos-villa-servicos-de-chef-privado-catering\/","url":"https:\/\/mmvilla.com\/pt-br\/manu-mykonos-villa-servicos-de-chef-privado-catering\/","name":"Servi\u00e7o de Chef Privado \u2013 Mykonos Majestic Manu","isPartOf":{"@id":"https:\/\/mmvilla.com\/#website"},"datePublished":"2024-10-21T18:00:29+00:00","dateModified":"2025-10-03T17:50:43+00:00","description":"Desfrute do chef privado na Majestic Manu Mykonos: gastronomia personalizada em sua villa com vista mar, conforto e charme exclusivo.","breadcrumb":{"@id":"https:\/\/mmvilla.com\/pt-br\/manu-mykonos-villa-servicos-de-chef-privado-catering\/#breadcrumb"},"inLanguage":"pt-BR","potentialAction":[{"@type":"ReadAction","target":["https:\/\/mmvilla.com\/pt-br\/manu-mykonos-villa-servicos-de-chef-privado-catering\/"]}]},{"@type":"BreadcrumbList","@id":"https:\/\/mmvilla.com\/pt-br\/manu-mykonos-villa-servicos-de-chef-privado-catering\/#breadcrumb","itemListElement":[{"@type":"ListItem","position":1,"name":"Home","item":"https:\/\/mmvilla.com\/pt-br\/"},{"@type":"ListItem","position":2,"name":"MANU MYKONOS VILLA chef service"}]},{"@type":"WebSite","@id":"https:\/\/mmvilla.com\/#website","url":"https:\/\/mmvilla.com\/","name":"Manu Mykonos Villa","description":"Mykonos Luxury Living, Perfected by Majestic Manu","publisher":{"@id":"https:\/\/mmvilla.com\/#organization"},"alternateName":"MMVILLA","potentialAction":[{"@type":"SearchAction","target":{"@type":"EntryPoint","urlTemplate":"https:\/\/mmvilla.com\/?s={search_term_string}"},"query-input":{"@type":"PropertyValueSpecification","valueRequired":true,"valueName":"search_term_string"}}],"inLanguage":"pt-BR"},{"@type":"Organization","@id":"https:\/\/mmvilla.com\/#organization","name":"QB Villas","url":"https:\/\/mmvilla.com\/","logo":{"@type":"ImageObject","inLanguage":"pt-BR","@id":"https:\/\/mmvilla.com\/#\/schema\/logo\/image\/","url":"https:\/\/mmvilla.com\/wp-content\/uploads\/2018\/12\/QUALITY-BRAND-LOGO-KEM-QBVILLAS.png","contentUrl":"https:\/\/mmvilla.com\/wp-content\/uploads\/2018\/12\/QUALITY-BRAND-LOGO-KEM-QBVILLAS.png","width":487,"height":500,"caption":"QB Villas"},"image":{"@id":"https:\/\/mmvilla.com\/#\/schema\/logo\/image\/"},"sameAs":["https:\/\/www.facebook.com\/p\/Quality-Brand-Villas-100039678235957\/","https:\/\/www.instagram.com\/qualitybrandvillas\/","https:\/\/www.linkedin.com\/company\/quality-brand-villas"]}]}},"_links":{"self":[{"href":"https:\/\/mmvilla.com\/pt-br\/wp-json\/wp\/v2\/pages\/11522","targetHints":{"allow":["GET"]}}],"collection":[{"href":"https:\/\/mmvilla.com\/pt-br\/wp-json\/wp\/v2\/pages"}],"about":[{"href":"https:\/\/mmvilla.com\/pt-br\/wp-json\/wp\/v2\/types\/page"}],"author":[{"embeddable":true,"href":"https:\/\/mmvilla.com\/pt-br\/wp-json\/wp\/v2\/users\/2"}],"replies":[{"embeddable":true,"href":"https:\/\/mmvilla.com\/pt-br\/wp-json\/wp\/v2\/comments?post=11522"}],"version-history":[{"count":7,"href":"https:\/\/mmvilla.com\/pt-br\/wp-json\/wp\/v2\/pages\/11522\/revisions"}],"predecessor-version":[{"id":13730,"href":"https:\/\/mmvilla.com\/pt-br\/wp-json\/wp\/v2\/pages\/11522\/revisions\/13730"}],"wp:attachment":[{"href":"https:\/\/mmvilla.com\/pt-br\/wp-json\/wp\/v2\/media?parent=11522"}],"curies":[{"name":"wp","href":"https:\/\/api.w.org\/{rel}","templated":true}]}}