{"id":11527,"date":"2018-12-20T12:29:33","date_gmt":"2018-12-20T12:29:33","guid":{"rendered":"https:\/\/mmvilla.com\/manu-mykonos-villa-yachts-jets-chauffeurs-cars\/"},"modified":"2025-10-03T22:50:36","modified_gmt":"2025-10-03T19:50:36","slug":"manu-mykonos-villa-iates-jatos-motoristas-carros","status":"publish","type":"page","link":"https:\/\/mmvilla.com\/pt-br\/manu-mykonos-villa-iates-jatos-motoristas-carros\/","title":{"rendered":"MANU MYKONOS VILLA YACHTS &#038; JETS, CHAUFFEURS &#038; CARS"},"content":{"rendered":"<p>[vc_row full_width=&#8221;stretch_row_content&#8221; gap=&#8221;&#8221; parallax_image=&#8221;3100&#8243; overlay_color=&#8221;rgba(0,0,0,0.6)&#8221; text_color=&#8221;#ffffff&#8221; css=&#8221;.vc_custom_1729535882715{padding-top: 240px !important;padding-bottom: 240px !important;}&#8221;][vc_column width=&#8221;1\/4&#8243;][\/vc_column][vc_column width=&#8221;3\/4&#8243;]<div class=\"heading-with-separator text-center id_169d4efee8229130984413   \"><div class=\"header-content\">\n\t\t\t<p class=\"h-subheading\">Luxo sem compromisso<\/p>\n\t\t\t<h2 class=\"heading  heading-decorator-4\" style=\"; letter-spacing: 0px; \">IATES &amp; JATOS, MOTORISTAS &amp; CARROS<\/h2><\/div><\/div><div class=\"custom-styles\" data-styles=\".id_169d4efee8229130984413 .heading-decorator-1:before, .id_169d4efee8229130984413 .heading-decorator-1:after { border-color: }\"><\/div>[\/vc_column][\/vc_row][vc_row full_width=&#8221;stretch_row_content&#8221; gap=&#8221;&#8221; parallax_image=&#8221;9016&#8243; css=&#8221;.vc_custom_1729667949779{padding-top: 80px !important;padding-bottom: 80px !important;}&#8221;][vc_column width=&#8221;1\/12&#8243;][\/vc_column][vc_column width=&#8221;1\/3&#8243;][vc_column_text]<\/p>\n<h5>EM COLABORA\u00c7\u00c3O COM A QUALITY BRAND VILLAS<\/h5>\n<p>[\/vc_column_text][vc_single_image image=&#8221;8966&#8243; img_size=&#8221;150 x 150&#8243; onclick=&#8221;custom_link&#8221; img_link_target=&#8221;_blank&#8221; link=&#8221;http:\/\/qbvillas.com&#8221;][\/vc_column][vc_column width=&#8221;1\/12&#8243;][\/vc_column][vc_column width=&#8221;1\/2&#8243;][vc_column_text]<\/p>\n<h5 data-start=\"0\" data-end=\"245\">NO CENTRO DE TUDO O QUE FAZEMOS EST\u00c1 O CONCEITO DE <strong data-start=\"51\" data-end=\"77\">\u201cLUXO SEM COMPROMISSO\u201d<\/strong><\/h5>\n<h5 data-start=\"0\" data-end=\"245\">Projetados para simplificar e aprimorar sua experi\u00eancia de f\u00e9rias, atendemos \u00e0s suas exig\u00eancias com uma ampla variedade de op\u00e7\u00f5es excepcionais de transporte privado.<\/h5>\n<p data-start=\"247\" data-end=\"419\" data-is-last-node=\"\" data-is-only-node=\"\">De iates de luxo e fretamento de jatos a aluguel de carros, motoristas particulares e servi\u00e7os de limusine executiva, oferecemos apenas o mais alto n\u00edvel de luxo e servi\u00e7o.<\/p>\n<p>[\/vc_column_text][\/vc_column][\/vc_row][vc_row full_width=&#8221;stretch_row_content_no_spaces&#8221; gap=&#8221;&#8221; equal_height=&#8221;yes&#8221; content_placement=&#8221;middle&#8221; css=&#8221;.vc_custom_1661963609592{padding-top: 0px !important;padding-bottom: 0px !important;}&#8221;][vc_column parallax_image=&#8221;9016&#8243; width=&#8221;1\/3&#8243; css=&#8221;.vc_custom_1729667933920{background-color: #f5f5f5 !important;}&#8221; el_class=&#8221;z-index-up&#8221;][vc_empty_space height=&#8221;120px&#8221; height2=&#8221;0&#8243; css=&#8221;.vc_custom_1545314682944{padding-right: 40px !important;padding-left: 40px !important;}&#8221;]<div class=\"heading-with-separator text-center id_169d4efee82314836342233  vc_custom_1758171875829  offset-right-lg\"><div class=\"header-content\">\n\t\t\t<p class=\"h-subheading\">AMPLA VARIEDADE DE CARROS<\/p>\n\t\t\t<h3 class=\"heading  heading-decorator-1\" style=\"; letter-spacing: 0px; \">Tenha o carro<br \/>\nque voc\u00ea deseja<\/h3><\/div><\/div><div class=\"custom-styles\" data-styles=\".id_169d4efee82314836342233 .heading-decorator-1:before, .id_169d4efee82314836342233 .heading-decorator-1:after { border-color: #000000}\"><\/div>[vc_single_image image=&#8221;7804&#8243; img_size=&#8221;full&#8221; alignment=&#8221;center&#8221; el_class=&#8221;vc_hidden-md vc_hidden-lg&#8221; css=&#8221;.vc_custom_1711651438693{margin-bottom: 0px !important;}&#8221;][vc_column_text css=&#8221;.vc_custom_1758171934418{margin-bottom: 0px !important;padding-right: 60px !important;padding-bottom: 60px !important;padding-left: 60px !important;background-color: #ffffff !important;}&#8221; el_class=&#8221;offset-right-lg&#8221;]<\/p>\n<h5 data-start=\"0\" data-end=\"98\">Uma ampla variedade de modelos, tamanhos e cores de carros est\u00e1 \u00e0 disposi\u00e7\u00e3o de nossos h\u00f3spedes.<\/h5>\n<p data-start=\"100\" data-end=\"218\" data-is-last-node=\"\" data-is-only-node=\"\">Nossos h\u00f3spedes podem solicitar o carro de sua prefer\u00eancia, e n\u00f3s cuidaremos da entrega diretamente no local desejado.<\/p>\n<p>[\/vc_column_text][vc_empty_space height=&#8221;120px&#8221; height2=&#8221;0&#8243;][\/vc_column][vc_column parallax=&#8221;content-moving&#8221; parallax_image=&#8221;4780&#8243; width=&#8221;2\/3&#8243; css=&#8221;.vc_custom_1636662198947{background-position: center !important;background-repeat: no-repeat !important;background-size: cover !important;}&#8221; el_class=&#8221;vc_hidden-xs vc_hidden-sm&#8221;][\/vc_column][\/vc_row][vc_row full_width=&#8221;stretch_row_content_no_spaces&#8221; gap=&#8221;&#8221; equal_height=&#8221;yes&#8221; content_placement=&#8221;middle&#8221;][vc_column parallax=&#8221;content-moving&#8221; parallax_image=&#8221;3103&#8243; width=&#8221;2\/3&#8243; css=&#8221;.vc_custom_1632297241140{background-position: center !important;background-repeat: no-repeat !important;background-size: cover !important;}&#8221; el_class=&#8221;vc_hidden-xs vc_hidden-sm&#8221;][\/vc_column][vc_column parallax_image=&#8221;9016&#8243; width=&#8221;1\/3&#8243; css=&#8221;.vc_custom_1729667965409{background-color: #f5f5f5 !important;}&#8221;][vc_empty_space height=&#8221;120px&#8221; height2=&#8221;0&#8243; css=&#8221;.vc_custom_1545314682944{padding-right: 40px !important;padding-left: 40px !important;}&#8221;]<div class=\"heading-with-separator text-center id_169d4efee8233d1905197038  vc_custom_1758172027027  offset-left-lg\"><div class=\"header-content\">\n\t\t\t<p class=\"h-subheading\">TUDO O QUE VOC\u00ca PRECISA FAZER \u00c9 RELAXAR<\/p>\n\t\t\t<h3 class=\"heading  heading-decorator-1\" style=\"; letter-spacing: 0px; \">Relaxe e aproveite o passeio<\/h3><\/div><\/div><div class=\"custom-styles\" data-styles=\".id_169d4efee8233d1905197038 .heading-decorator-1:before, .id_169d4efee8233d1905197038 .heading-decorator-1:after { border-color: #000000}\"><\/div>[vc_single_image image=&#8221;7807&#8243; img_size=&#8221;full&#8221; alignment=&#8221;center&#8221; el_class=&#8221;vc_hidden-md vc_hidden-lg&#8221; css=&#8221;.vc_custom_1711651521670{margin-bottom: 0px !important;}&#8221;][vc_column_text css=&#8221;.vc_custom_1758172140771{margin-bottom: 0px !important;padding-right: 60px !important;padding-bottom: 60px !important;padding-left: 60px !important;background-color: #ffffff !important;}&#8221; el_class=&#8221;offset-left-lg&#8221;]<\/p>\n<h5 data-start=\"0\" data-end=\"160\">Uma cole\u00e7\u00e3o de luxo com modelos recentes e ve\u00edculos repletos de comodidades, incluindo carros esportivos, SUVs, convers\u00edveis, crossovers, h\u00edbridos e minivans.<\/h5>\n<p data-start=\"162\" data-end=\"244\" data-is-last-node=\"\" data-is-only-node=\"\">Tudo o que voc\u00ea precisa fazer \u00e9 nos dizer o que deseja, e n\u00f3s cuidaremos do resto!<\/p>\n<p>[\/vc_column_text][vc_empty_space height=&#8221;120px&#8221; height2=&#8221;0&#8243;][\/vc_column][\/vc_row][vc_row full_width=&#8221;stretch_row_content_no_spaces&#8221; gap=&#8221;&#8221; equal_height=&#8221;yes&#8221; content_placement=&#8221;middle&#8221;][vc_column parallax_image=&#8221;9016&#8243; width=&#8221;1\/3&#8243; css=&#8221;.vc_custom_1729667986462{background-color: #f5f5f5 !important;}&#8221; el_class=&#8221;z-index-up&#8221;][vc_empty_space height=&#8221;120px&#8221; height2=&#8221;0&#8243; css=&#8221;.vc_custom_1545314682944{padding-right: 40px !important;padding-left: 40px !important;}&#8221;]<div class=\"heading-with-separator text-center id_169d4efee8235c656545792  vc_custom_1758172228345  offset-right-lg\"><div class=\"header-content\">\n\t\t\t<p class=\"h-subheading\">ESTILIZE SUA F\u00c9RIAS<\/p>\n\t\t\t<h3 class=\"heading  heading-decorator-1\" style=\"; letter-spacing: 0px; \">Uma experi\u00eancia oce\u00e2nica de luxo<\/h3><\/div><\/div><div class=\"custom-styles\" data-styles=\".id_169d4efee8235c656545792 .heading-decorator-1:before, .id_169d4efee8235c656545792 .heading-decorator-1:after { border-color: #000000}\"><\/div>[vc_single_image image=&#8221;7810&#8243; img_size=&#8221;full&#8221; alignment=&#8221;center&#8221; el_class=&#8221;vc_hidden-md vc_hidden-lg&#8221; css=&#8221;.vc_custom_1711651614771{margin-bottom: 0px !important;}&#8221;][vc_column_text css=&#8221;.vc_custom_1758172293813{margin-bottom: 0px !important;padding-right: 60px !important;padding-bottom: 60px !important;padding-left: 60px !important;background-color: #ffffff !important;}&#8221; el_class=&#8221;offset-right-lg&#8221;]<\/p>\n<h5 data-start=\"0\" data-end=\"102\">Com muitas ilhas a apenas algumas horas de dist\u00e2ncia, suas oportunidades de navega\u00e7\u00e3o s\u00e3o infinitas.<\/h5>\n<p data-start=\"104\" data-end=\"356\" data-is-last-node=\"\" data-is-only-node=\"\">Assim, seja para um cruzeiro de lazer de meio dia ou dia inteiro, um charter de iate de v\u00e1rios dias para explorar diferentes ilhas, ou um incr\u00edvel local flutuante para eventos, faremos com que voc\u00ea desfrute rapidamente do aroma inebriante do ar do mar.<\/p>\n<p>[\/vc_column_text][vc_empty_space height=&#8221;120px&#8221; height2=&#8221;0&#8243;][\/vc_column][vc_column parallax=&#8221;content-moving&#8221; parallax_image=&#8221;3105&#8243; width=&#8221;2\/3&#8243; css=&#8221;.vc_custom_1632298342858{background-position: center !important;background-repeat: no-repeat !important;background-size: cover !important;}&#8221; el_class=&#8221;vc_hidden-xs vc_hidden-sm&#8221;][\/vc_column][\/vc_row][vc_row full_width=&#8221;stretch_row_content_no_spaces&#8221; gap=&#8221;&#8221; equal_height=&#8221;yes&#8221; content_placement=&#8221;middle&#8221; css=&#8221;.vc_custom_1729668095257{margin-top: 0px !important;margin-bottom: 0px !important;padding-top: 0px !important;padding-bottom: 0px !important;}&#8221;][vc_column parallax=&#8221;content-moving&#8221; parallax_image=&#8221;3108&#8243; width=&#8221;2\/3&#8243; css=&#8221;.vc_custom_1632298646136{background-position: center !important;background-repeat: no-repeat !important;background-size: cover !important;}&#8221; el_class=&#8221;vc_hidden-xs vc_hidden-sm&#8221;][\/vc_column][vc_column parallax_image=&#8221;9016&#8243; width=&#8221;1\/3&#8243; css=&#8221;.vc_custom_1729668084746{background-color: #f5f5f5 !important;}&#8221;][vc_empty_space height=&#8221;120px&#8221; height2=&#8221;0&#8243; css=&#8221;.vc_custom_1545314682944{padding-right: 40px !important;padding-left: 40px !important;}&#8221;]<div class=\"heading-with-separator text-center id_169d4efee823781475325600  vc_custom_1758172407324  offset-left-lg\"><div class=\"header-content\">\n\t\t\t<p class=\"h-subheading\">A COMBINA\u00c7\u00c3O PERFEITA DE DESEMPENHO E VELOCIDADE<\/p>\n\t\t\t<h3 class=\"heading  heading-decorator-1\" style=\"; letter-spacing: 0px; \">Uma cole\u00e7\u00e3o impressionante<\/h3><\/div><\/div><div class=\"custom-styles\" data-styles=\".id_169d4efee823781475325600 .heading-decorator-1:before, .id_169d4efee823781475325600 .heading-decorator-1:after { border-color: #000000}\"><\/div>[vc_single_image image=&#8221;7814&#8243; img_size=&#8221;full&#8221; alignment=&#8221;center&#8221; el_class=&#8221;vc_hidden-md vc_hidden-lg&#8221; css=&#8221;.vc_custom_1711651774138{margin-bottom: 0px !important;}&#8221;][vc_column_text css=&#8221;.vc_custom_1758172481535{margin-bottom: 0px !important;padding-right: 60px !important;padding-bottom: 60px !important;padding-left: 60px !important;background-color: #ffffff !important;}&#8221; el_class=&#8221;offset-left-lg&#8221;]<\/p>\n<h5 data-start=\"0\" data-end=\"122\">Luxuoso, privativo, conveniente, sem estresse e, acima de tudo, garantindo que voc\u00ea chegue sempre relaxado e revigorado.<\/h5>\n<p data-start=\"124\" data-end=\"334\" data-is-last-node=\"\" data-is-only-node=\"\">Combinado com nossos servi\u00e7os personalizados a bordo e limusine de cortesia, tanto para ida quanto para volta do aeroporto, fretar um jato de luxo \u00e9 a experi\u00eancia definitiva de viagem perfeita de porta a porta.<\/p>\n<p>[\/vc_column_text][vc_empty_space height=&#8221;120px&#8221; height2=&#8221;0&#8243;][\/vc_column][\/vc_row]<\/p>","protected":false},"excerpt":{"rendered":"<p>[vc_row full_width=&#8221;stretch_row_content&#8221; gap=&#8221;&#8221; parallax_image=&#8221;3100&#8243; overlay_color=&#8221;rgba(0,0,0,0.6)&#8221; text_color=&#8221;#ffffff&#8221; css=&#8221;.vc_custom_1729535882715{padding-top: 240px !important;padding-bottom: 240px !important;}&#8221;][vc_column width=&#8221;1\/4&#8243;][\/vc_column][vc_column width=&#8221;3\/4&#8243;][\/vc_column][\/vc_row][vc_row full_width=&#8221;stretch_row_content&#8221; gap=&#8221;&#8221; parallax_image=&#8221;9016&#8243; css=&#8221;.vc_custom_1729667949779{padding-top: 80px !important;padding-bottom: 80px !important;}&#8221;][vc_column width=&#8221;1\/12&#8243;][\/vc_column][vc_column width=&#8221;1\/3&#8243;][vc_column_text] EM COLABORA\u00c7\u00c3O COM A QUALITY BRAND VILLAS [\/vc_column_text][vc_single_image image=&#8221;8966&#8243; img_size=&#8221;150 x 150&#8243; onclick=&#8221;custom_link&#8221; img_link_target=&#8221;_blank&#8221; link=&#8221;http:\/\/qbvillas.com&#8221;][\/vc_column][vc_column width=&#8221;1\/12&#8243;][\/vc_column][vc_column width=&#8221;1\/2&#8243;][vc_column_text] NO CENTRO DE TUDO O QUE FAZEMOS EST\u00c1 O CONCEITO DE \u201cLUXO SEM COMPROMISSO\u201d Projetados[&#8230;] <a href=\"https:\/\/mmvilla.com\/pt-br\/manu-mykonos-villa-iates-jatos-motoristas-carros\/\" class=\"more-link\">Continue reading<\/a><\/p>\n","protected":false},"author":1,"featured_media":0,"parent":0,"menu_order":0,"comment_status":"closed","ping_status":"closed","template":"","meta":{"footnotes":""},"class_list":["post-11527","page","type-page","status-publish","hentry"],"yoast_head":"<!-- This site is optimized with the Yoast SEO Premium plugin v23.5 (Yoast SEO v25.7) - https:\/\/yoast.com\/wordpress\/plugins\/seo\/ -->\n<title>Jets, Iates &amp; Transporte \u2013 Majestic Manu Mykonos<\/title>\n<meta name=\"description\" content=\"Viva o luxo com servi\u00e7os de iate, jatos &amp; chauffeur da Majestic Manu Mykonos: transporte exclusivo com estilo para sua villa de praia.\" \/>\n<meta name=\"robots\" content=\"index, follow, max-snippet:-1, max-image-preview:large, max-video-preview:-1\" \/>\n<link rel=\"canonical\" href=\"https:\/\/mmvilla.com\/pt-br\/manu-mykonos-villa-iates-jatos-motoristas-carros\/\" \/>\n<meta property=\"og:locale\" content=\"pt_BR\" \/>\n<meta property=\"og:type\" content=\"article\" \/>\n<meta property=\"og:title\" content=\"MANU MYKONOS VILLA YACHTS &amp; JETS, CHAUFFEURS &amp; CARS\" \/>\n<meta property=\"og:description\" content=\"Viva o luxo com servi\u00e7os de iate, jatos &amp; chauffeur da Majestic Manu Mykonos: transporte exclusivo com estilo para sua villa de praia.\" \/>\n<meta property=\"og:url\" content=\"https:\/\/mmvilla.com\/pt-br\/manu-mykonos-villa-iates-jatos-motoristas-carros\/\" \/>\n<meta property=\"og:site_name\" content=\"Majestic Manu Mykonos \u2013 Private Villa, Premium Suites &amp; More\" \/>\n<meta property=\"article:publisher\" content=\"https:\/\/www.facebook.com\/p\/Quality-Brand-Villas-100039678235957\/\" \/>\n<meta property=\"article:modified_time\" content=\"2025-10-03T19:50:36+00:00\" \/>\n<meta name=\"twitter:card\" content=\"summary_large_image\" \/>\n<meta name=\"twitter:label1\" content=\"Est. tempo de leitura\" \/>\n\t<meta name=\"twitter:data1\" content=\"3 minutos\" \/>\n<script type=\"application\/ld+json\" class=\"yoast-schema-graph\">{\"@context\":\"https:\/\/schema.org\",\"@graph\":[{\"@type\":\"WebPage\",\"@id\":\"https:\/\/mmvilla.com\/pt-br\/manu-mykonos-villa-iates-jatos-motoristas-carros\/\",\"url\":\"https:\/\/mmvilla.com\/pt-br\/manu-mykonos-villa-iates-jatos-motoristas-carros\/\",\"name\":\"Jets, Iates & Transporte \u2013 Majestic Manu Mykonos\",\"isPartOf\":{\"@id\":\"https:\/\/mmvilla.com\/#website\"},\"datePublished\":\"2018-12-20T12:29:33+00:00\",\"dateModified\":\"2025-10-03T19:50:36+00:00\",\"description\":\"Viva o luxo com servi\u00e7os de iate, jatos & chauffeur da Majestic Manu Mykonos: transporte exclusivo com estilo para sua villa de praia.\",\"breadcrumb\":{\"@id\":\"https:\/\/mmvilla.com\/pt-br\/manu-mykonos-villa-iates-jatos-motoristas-carros\/#breadcrumb\"},\"inLanguage\":\"pt-BR\",\"potentialAction\":[{\"@type\":\"ReadAction\",\"target\":[\"https:\/\/mmvilla.com\/pt-br\/manu-mykonos-villa-iates-jatos-motoristas-carros\/\"]}]},{\"@type\":\"BreadcrumbList\",\"@id\":\"https:\/\/mmvilla.com\/pt-br\/manu-mykonos-villa-iates-jatos-motoristas-carros\/#breadcrumb\",\"itemListElement\":[{\"@type\":\"ListItem\",\"position\":1,\"name\":\"Home\",\"item\":\"https:\/\/mmvilla.com\/pt-br\/\"},{\"@type\":\"ListItem\",\"position\":2,\"name\":\"MANU MYKONOS VILLA YACHTS &#038; JETS, CHAUFFEURS &#038; CARS\"}]},{\"@type\":\"WebSite\",\"@id\":\"https:\/\/mmvilla.com\/#website\",\"url\":\"https:\/\/mmvilla.com\/\",\"name\":\"Manu Mykonos Villa\",\"description\":\"Mykonos Luxury Living, Perfected by Majestic Manu\",\"publisher\":{\"@id\":\"https:\/\/mmvilla.com\/#organization\"},\"alternateName\":\"MMVILLA\",\"potentialAction\":[{\"@type\":\"SearchAction\",\"target\":{\"@type\":\"EntryPoint\",\"urlTemplate\":\"https:\/\/mmvilla.com\/?s={search_term_string}\"},\"query-input\":{\"@type\":\"PropertyValueSpecification\",\"valueRequired\":true,\"valueName\":\"search_term_string\"}}],\"inLanguage\":\"pt-BR\"},{\"@type\":\"Organization\",\"@id\":\"https:\/\/mmvilla.com\/#organization\",\"name\":\"QB Villas\",\"url\":\"https:\/\/mmvilla.com\/\",\"logo\":{\"@type\":\"ImageObject\",\"inLanguage\":\"pt-BR\",\"@id\":\"https:\/\/mmvilla.com\/#\/schema\/logo\/image\/\",\"url\":\"https:\/\/mmvilla.com\/wp-content\/uploads\/2018\/12\/QUALITY-BRAND-LOGO-KEM-QBVILLAS.png\",\"contentUrl\":\"https:\/\/mmvilla.com\/wp-content\/uploads\/2018\/12\/QUALITY-BRAND-LOGO-KEM-QBVILLAS.png\",\"width\":487,\"height\":500,\"caption\":\"QB Villas\"},\"image\":{\"@id\":\"https:\/\/mmvilla.com\/#\/schema\/logo\/image\/\"},\"sameAs\":[\"https:\/\/www.facebook.com\/p\/Quality-Brand-Villas-100039678235957\/\",\"https:\/\/www.instagram.com\/qualitybrandvillas\/\",\"https:\/\/www.linkedin.com\/company\/quality-brand-villas\"]}]}<\/script>\n<!-- \/ Yoast SEO Premium plugin. -->","yoast_head_json":{"title":"Jets, Iates & Transporte \u2013 Majestic Manu Mykonos","description":"Viva o luxo com servi\u00e7os de iate, jatos & chauffeur da Majestic Manu Mykonos: transporte exclusivo com estilo para sua villa de praia.","robots":{"index":"index","follow":"follow","max-snippet":"max-snippet:-1","max-image-preview":"max-image-preview:large","max-video-preview":"max-video-preview:-1"},"canonical":"https:\/\/mmvilla.com\/pt-br\/manu-mykonos-villa-iates-jatos-motoristas-carros\/","og_locale":"pt_BR","og_type":"article","og_title":"MANU MYKONOS VILLA YACHTS & JETS, CHAUFFEURS & CARS","og_description":"Viva o luxo com servi\u00e7os de iate, jatos & chauffeur da Majestic Manu Mykonos: transporte exclusivo com estilo para sua villa de praia.","og_url":"https:\/\/mmvilla.com\/pt-br\/manu-mykonos-villa-iates-jatos-motoristas-carros\/","og_site_name":"Majestic Manu Mykonos \u2013 Private Villa, Premium Suites &amp; More","article_publisher":"https:\/\/www.facebook.com\/p\/Quality-Brand-Villas-100039678235957\/","article_modified_time":"2025-10-03T19:50:36+00:00","twitter_card":"summary_large_image","twitter_misc":{"Est. tempo de leitura":"3 minutos"},"schema":{"@context":"https:\/\/schema.org","@graph":[{"@type":"WebPage","@id":"https:\/\/mmvilla.com\/pt-br\/manu-mykonos-villa-iates-jatos-motoristas-carros\/","url":"https:\/\/mmvilla.com\/pt-br\/manu-mykonos-villa-iates-jatos-motoristas-carros\/","name":"Jets, Iates & Transporte \u2013 Majestic Manu Mykonos","isPartOf":{"@id":"https:\/\/mmvilla.com\/#website"},"datePublished":"2018-12-20T12:29:33+00:00","dateModified":"2025-10-03T19:50:36+00:00","description":"Viva o luxo com servi\u00e7os de iate, jatos & chauffeur da Majestic Manu Mykonos: transporte exclusivo com estilo para sua villa de praia.","breadcrumb":{"@id":"https:\/\/mmvilla.com\/pt-br\/manu-mykonos-villa-iates-jatos-motoristas-carros\/#breadcrumb"},"inLanguage":"pt-BR","potentialAction":[{"@type":"ReadAction","target":["https:\/\/mmvilla.com\/pt-br\/manu-mykonos-villa-iates-jatos-motoristas-carros\/"]}]},{"@type":"BreadcrumbList","@id":"https:\/\/mmvilla.com\/pt-br\/manu-mykonos-villa-iates-jatos-motoristas-carros\/#breadcrumb","itemListElement":[{"@type":"ListItem","position":1,"name":"Home","item":"https:\/\/mmvilla.com\/pt-br\/"},{"@type":"ListItem","position":2,"name":"MANU MYKONOS VILLA YACHTS &#038; JETS, CHAUFFEURS &#038; CARS"}]},{"@type":"WebSite","@id":"https:\/\/mmvilla.com\/#website","url":"https:\/\/mmvilla.com\/","name":"Manu Mykonos Villa","description":"Mykonos Luxury Living, Perfected by Majestic Manu","publisher":{"@id":"https:\/\/mmvilla.com\/#organization"},"alternateName":"MMVILLA","potentialAction":[{"@type":"SearchAction","target":{"@type":"EntryPoint","urlTemplate":"https:\/\/mmvilla.com\/?s={search_term_string}"},"query-input":{"@type":"PropertyValueSpecification","valueRequired":true,"valueName":"search_term_string"}}],"inLanguage":"pt-BR"},{"@type":"Organization","@id":"https:\/\/mmvilla.com\/#organization","name":"QB Villas","url":"https:\/\/mmvilla.com\/","logo":{"@type":"ImageObject","inLanguage":"pt-BR","@id":"https:\/\/mmvilla.com\/#\/schema\/logo\/image\/","url":"https:\/\/mmvilla.com\/wp-content\/uploads\/2018\/12\/QUALITY-BRAND-LOGO-KEM-QBVILLAS.png","contentUrl":"https:\/\/mmvilla.com\/wp-content\/uploads\/2018\/12\/QUALITY-BRAND-LOGO-KEM-QBVILLAS.png","width":487,"height":500,"caption":"QB Villas"},"image":{"@id":"https:\/\/mmvilla.com\/#\/schema\/logo\/image\/"},"sameAs":["https:\/\/www.facebook.com\/p\/Quality-Brand-Villas-100039678235957\/","https:\/\/www.instagram.com\/qualitybrandvillas\/","https:\/\/www.linkedin.com\/company\/quality-brand-villas"]}]}},"_links":{"self":[{"href":"https:\/\/mmvilla.com\/pt-br\/wp-json\/wp\/v2\/pages\/11527","targetHints":{"allow":["GET"]}}],"collection":[{"href":"https:\/\/mmvilla.com\/pt-br\/wp-json\/wp\/v2\/pages"}],"about":[{"href":"https:\/\/mmvilla.com\/pt-br\/wp-json\/wp\/v2\/types\/page"}],"author":[{"embeddable":true,"href":"https:\/\/mmvilla.com\/pt-br\/wp-json\/wp\/v2\/users\/1"}],"replies":[{"embeddable":true,"href":"https:\/\/mmvilla.com\/pt-br\/wp-json\/wp\/v2\/comments?post=11527"}],"version-history":[{"count":4,"href":"https:\/\/mmvilla.com\/pt-br\/wp-json\/wp\/v2\/pages\/11527\/revisions"}],"predecessor-version":[{"id":13789,"href":"https:\/\/mmvilla.com\/pt-br\/wp-json\/wp\/v2\/pages\/11527\/revisions\/13789"}],"wp:attachment":[{"href":"https:\/\/mmvilla.com\/pt-br\/wp-json\/wp\/v2\/media?parent=11527"}],"curies":[{"name":"wp","href":"https:\/\/api.w.org\/{rel}","templated":true}]}}