{"id":11532,"date":"2018-12-17T13:52:42","date_gmt":"2018-12-17T13:52:42","guid":{"rendered":"https:\/\/mmvilla.com\/manu-mykonos-villa-contact\/"},"modified":"2025-10-10T16:53:19","modified_gmt":"2025-10-10T13:53:19","slug":"manu-mykonos-villa-contato","status":"publish","type":"page","link":"https:\/\/mmvilla.com\/pt-br\/manu-mykonos-villa-contato\/","title":{"rendered":"MANU MYKONOS VILLA Contact"},"content":{"rendered":"<p>[vc_row gap=&#8221;&#8221; css=&#8221;.vc_custom_1760103571753{padding-top: 160px !important;}&#8221;][vc_column]<div class=\"heading-with-separator text-center id_169d4bec42c013113783371   \"><div class=\"header-content\">\n\t\t\t<p class=\"h-subheading\"><\/p>\n\t\t\t<h3 class=\"heading  \" style=\"color: #000000; letter-spacing: 0px; \">Planeie a sua estadia perfeita em Mykonos<\/h3><\/div><\/div><div class=\"custom-styles\" data-styles=\".id_169d4bec42c013113783371 .heading-decorator-1:before, .id_169d4bec42c013113783371 .heading-decorator-1:after { border-color: }\"><\/div><div class=\"heading-with-separator text-center id_169d4bec42c07f90103197   \"><div class=\"header-content\">\n\t\t\t<p class=\"h-subheading\"><\/p>\n\t\t\t<h6 class=\"heading  \" style=\"color: #000000; letter-spacing: 0px; \">Para reservas, ofertas exclusivas ou servi\u00e7os personalizados, entre em contacto connosco atrav\u00e9s do formul\u00e1rio abaixo ou utilize os contactos dispon\u00edveis no final da p\u00e1gina.<br \/>\nRespondemos a todos os pedidos no prazo de 24 horas \u2014 para assuntos urgentes, a forma mais r\u00e1pida de nos contactar \u00e9 pelo WhatsApp.<\/h6><\/div><\/div><div class=\"custom-styles\" data-styles=\".id_169d4bec42c07f90103197 .heading-decorator-1:before, .id_169d4bec42c07f90103197 .heading-decorator-1:after { border-color: }\"><\/div>[vc_empty_space height2=&#8221;0px&#8221;][\/vc_column][\/vc_row][vc_row full_width=&#8221;stretch_row&#8221; gap=&#8221;&#8221; equal_height=&#8221;yes&#8221; content_placement=&#8221;middle&#8221;][vc_column css=&#8221;.vc_custom_1746866000932{padding-top: 0px !important;}&#8221;][vc_raw_html]JTNDc2NyaXB0JTIwc3JjJTNEJTIyaHR0cHMlM0ElMkYlMkZzdGF0aWMuZWxmc2lnaHQuY29tJTJGcGxhdGZvcm0lMkZwbGF0Zm9ybS5qcyUyMiUyMGRhdGEtdXNlLXNlcnZpY2UtY29yZSUyMGRlZmVyJTNFJTNDJTJGc2NyaXB0JTNFJTBBJTNDZGl2JTIwY2xhc3MlM0QlMjJlbGZzaWdodC1hcHAtYjBiYzEyNmYtOTU3Mi00NGMzLTlkOTctOTZiM2Y5NTIzNTVjJTIyJTIwZGF0YS1lbGZzaWdodC1hcHAtbGF6eSUzRSUzQyUyRmRpdiUzRQ==[\/vc_raw_html][\/vc_column][\/vc_row][vc_row gap=&#8221;&#8221; css=&#8221;.vc_custom_1760103611953{padding-bottom: 40px !important;}&#8221;][vc_column][vc_empty_space height=&#8221;20px&#8221; height2=&#8221;0px&#8221;]<div class=\"heading-with-separator text-center id_169d4bec42c09f2022181969   \"><div class=\"header-content\">\n\t\t\t<p class=\"h-subheading\"><\/p>\n\t\t\t<h5 class=\"heading  \" style=\"color: #000000; letter-spacing: 0px; \">Ao reservar diretamente no nosso site oficial, garante a melhor tarifa dispon\u00edvel e um servi\u00e7o verdadeiramente personalizado.<\/h5><\/div><\/div><div class=\"custom-styles\" data-styles=\".id_169d4bec42c09f2022181969 .heading-decorator-1:before, .id_169d4bec42c09f2022181969 .heading-decorator-1:after { border-color: }\"><\/div>[vc_empty_space height=&#8221;20px&#8221;]<div class=\"btn-wrapper text-center id_169d4bec42c0c1433677502   icon-left \" ><a href=\"https:\/\/mmvilla.com\/pt-br\/manu-mykonos-villa-reservar-online\/\" target='_blank' class=\"btn btn-lg btn-dark btn-outline\" data-btn-text=\"Reserve a sua estadia\">Reserve a sua estadia<\/a><\/div>[vc_empty_space height=&#8221;20px&#8221; height2=&#8221;0px&#8221;][\/vc_column][\/vc_row]<\/p>","protected":false},"excerpt":{"rendered":"<p>[vc_row gap=&#8221;&#8221; css=&#8221;.vc_custom_1760103571753{padding-top: 160px !important;}&#8221;][vc_column][vc_empty_space height2=&#8221;0px&#8221;][\/vc_column][\/vc_row][vc_row full_width=&#8221;stretch_row&#8221; gap=&#8221;&#8221; equal_height=&#8221;yes&#8221; content_placement=&#8221;middle&#8221;][vc_column css=&#8221;.vc_custom_1746866000932{padding-top: 0px !important;}&#8221;][vc_raw_html]JTNDc2NyaXB0JTIwc3JjJTNEJTIyaHR0cHMlM0ElMkYlMkZzdGF0aWMuZWxmc2lnaHQuY29tJTJGcGxhdGZvcm0lMkZwbGF0Zm9ybS5qcyUyMiUyMGRhdGEtdXNlLXNlcnZpY2UtY29yZSUyMGRlZmVyJTNFJTNDJTJGc2NyaXB0JTNFJTBBJTNDZGl2JTIwY2xhc3MlM0QlMjJlbGZzaWdodC1hcHAtYjBiYzEyNmYtOTU3Mi00NGMzLTlkOTctOTZiM2Y5NTIzNTVjJTIyJTIwZGF0YS1lbGZzaWdodC1hcHAtbGF6eSUzRSUzQyUyRmRpdiUzRQ==[\/vc_raw_html][\/vc_column][\/vc_row][vc_row gap=&#8221;&#8221; css=&#8221;.vc_custom_1760103611953{padding-bottom: 40px !important;}&#8221;][vc_column][vc_empty_space height=&#8221;20px&#8221; height2=&#8221;0px&#8221;][vc_empty_space height=&#8221;20px&#8221;][vc_empty_space height=&#8221;20px&#8221; height2=&#8221;0px&#8221;][\/vc_column][\/vc_row]<\/p>\n","protected":false},"author":2,"featured_media":0,"parent":0,"menu_order":0,"comment_status":"closed","ping_status":"closed","template":"","meta":{"footnotes":""},"class_list":["post-11532","page","type-page","status-publish","hentry"],"yoast_head":"<!-- This site is optimized with the Yoast SEO Premium plugin v23.5 (Yoast SEO v25.7) - https:\/\/yoast.com\/wordpress\/plugins\/seo\/ -->\n<title>Contato \u2013 Majestic Manu Mykonos Villa<\/title>\n<meta name=\"description\" content=\"Fale conosco: reservas, d\u00favidas ou informa\u00e7\u00e3o personalizada para sua estadia de luxo na Majestic Manu Mykonos.\" \/>\n<meta name=\"robots\" content=\"index, follow, max-snippet:-1, max-image-preview:large, max-video-preview:-1\" \/>\n<link rel=\"canonical\" href=\"https:\/\/mmvilla.com\/pt-br\/manu-mykonos-villa-contato\/\" \/>\n<meta property=\"og:locale\" content=\"pt_BR\" \/>\n<meta property=\"og:type\" content=\"article\" \/>\n<meta property=\"og:title\" content=\"MANU MYKONOS VILLA Contact\" \/>\n<meta property=\"og:description\" content=\"Fale conosco: reservas, d\u00favidas ou informa\u00e7\u00e3o personalizada para sua estadia de luxo na Majestic Manu Mykonos.\" \/>\n<meta property=\"og:url\" content=\"https:\/\/mmvilla.com\/pt-br\/manu-mykonos-villa-contato\/\" \/>\n<meta property=\"og:site_name\" content=\"Majestic Manu Mykonos \u2013 Private Villa, Premium Suites &amp; More\" \/>\n<meta property=\"article:publisher\" content=\"https:\/\/www.facebook.com\/p\/Quality-Brand-Villas-100039678235957\/\" \/>\n<meta property=\"article:modified_time\" content=\"2025-10-10T13:53:19+00:00\" \/>\n<meta name=\"twitter:card\" content=\"summary_large_image\" \/>\n<meta name=\"twitter:label1\" content=\"Est. tempo de leitura\" \/>\n\t<meta name=\"twitter:data1\" content=\"1 minuto\" \/>\n<script type=\"application\/ld+json\" class=\"yoast-schema-graph\">{\"@context\":\"https:\/\/schema.org\",\"@graph\":[{\"@type\":\"WebPage\",\"@id\":\"https:\/\/mmvilla.com\/pt-br\/manu-mykonos-villa-contato\/\",\"url\":\"https:\/\/mmvilla.com\/pt-br\/manu-mykonos-villa-contato\/\",\"name\":\"Contato \u2013 Majestic Manu Mykonos Villa\",\"isPartOf\":{\"@id\":\"https:\/\/mmvilla.com\/#website\"},\"datePublished\":\"2018-12-17T13:52:42+00:00\",\"dateModified\":\"2025-10-10T13:53:19+00:00\",\"description\":\"Fale conosco: reservas, d\u00favidas ou informa\u00e7\u00e3o personalizada para sua estadia de luxo na Majestic Manu Mykonos.\",\"breadcrumb\":{\"@id\":\"https:\/\/mmvilla.com\/pt-br\/manu-mykonos-villa-contato\/#breadcrumb\"},\"inLanguage\":\"pt-BR\",\"potentialAction\":[{\"@type\":\"ReadAction\",\"target\":[\"https:\/\/mmvilla.com\/pt-br\/manu-mykonos-villa-contato\/\"]}]},{\"@type\":\"BreadcrumbList\",\"@id\":\"https:\/\/mmvilla.com\/pt-br\/manu-mykonos-villa-contato\/#breadcrumb\",\"itemListElement\":[{\"@type\":\"ListItem\",\"position\":1,\"name\":\"Home\",\"item\":\"https:\/\/mmvilla.com\/pt-br\/\"},{\"@type\":\"ListItem\",\"position\":2,\"name\":\"MANU MYKONOS VILLA Contact\"}]},{\"@type\":\"WebSite\",\"@id\":\"https:\/\/mmvilla.com\/#website\",\"url\":\"https:\/\/mmvilla.com\/\",\"name\":\"Manu Mykonos Villa\",\"description\":\"Mykonos Luxury Living, Perfected by Majestic Manu\",\"publisher\":{\"@id\":\"https:\/\/mmvilla.com\/#organization\"},\"alternateName\":\"MMVILLA\",\"potentialAction\":[{\"@type\":\"SearchAction\",\"target\":{\"@type\":\"EntryPoint\",\"urlTemplate\":\"https:\/\/mmvilla.com\/?s={search_term_string}\"},\"query-input\":{\"@type\":\"PropertyValueSpecification\",\"valueRequired\":true,\"valueName\":\"search_term_string\"}}],\"inLanguage\":\"pt-BR\"},{\"@type\":\"Organization\",\"@id\":\"https:\/\/mmvilla.com\/#organization\",\"name\":\"QB Villas\",\"url\":\"https:\/\/mmvilla.com\/\",\"logo\":{\"@type\":\"ImageObject\",\"inLanguage\":\"pt-BR\",\"@id\":\"https:\/\/mmvilla.com\/#\/schema\/logo\/image\/\",\"url\":\"https:\/\/mmvilla.com\/wp-content\/uploads\/2018\/12\/QUALITY-BRAND-LOGO-KEM-QBVILLAS.png\",\"contentUrl\":\"https:\/\/mmvilla.com\/wp-content\/uploads\/2018\/12\/QUALITY-BRAND-LOGO-KEM-QBVILLAS.png\",\"width\":487,\"height\":500,\"caption\":\"QB Villas\"},\"image\":{\"@id\":\"https:\/\/mmvilla.com\/#\/schema\/logo\/image\/\"},\"sameAs\":[\"https:\/\/www.facebook.com\/p\/Quality-Brand-Villas-100039678235957\/\",\"https:\/\/www.instagram.com\/qualitybrandvillas\/\",\"https:\/\/www.linkedin.com\/company\/quality-brand-villas\"]}]}<\/script>\n<!-- \/ Yoast SEO Premium plugin. -->","yoast_head_json":{"title":"Contato \u2013 Majestic Manu Mykonos Villa","description":"Fale conosco: reservas, d\u00favidas ou informa\u00e7\u00e3o personalizada para sua estadia de luxo na Majestic Manu Mykonos.","robots":{"index":"index","follow":"follow","max-snippet":"max-snippet:-1","max-image-preview":"max-image-preview:large","max-video-preview":"max-video-preview:-1"},"canonical":"https:\/\/mmvilla.com\/pt-br\/manu-mykonos-villa-contato\/","og_locale":"pt_BR","og_type":"article","og_title":"MANU MYKONOS VILLA Contact","og_description":"Fale conosco: reservas, d\u00favidas ou informa\u00e7\u00e3o personalizada para sua estadia de luxo na Majestic Manu Mykonos.","og_url":"https:\/\/mmvilla.com\/pt-br\/manu-mykonos-villa-contato\/","og_site_name":"Majestic Manu Mykonos \u2013 Private Villa, Premium Suites &amp; More","article_publisher":"https:\/\/www.facebook.com\/p\/Quality-Brand-Villas-100039678235957\/","article_modified_time":"2025-10-10T13:53:19+00:00","twitter_card":"summary_large_image","twitter_misc":{"Est. tempo de leitura":"1 minuto"},"schema":{"@context":"https:\/\/schema.org","@graph":[{"@type":"WebPage","@id":"https:\/\/mmvilla.com\/pt-br\/manu-mykonos-villa-contato\/","url":"https:\/\/mmvilla.com\/pt-br\/manu-mykonos-villa-contato\/","name":"Contato \u2013 Majestic Manu Mykonos Villa","isPartOf":{"@id":"https:\/\/mmvilla.com\/#website"},"datePublished":"2018-12-17T13:52:42+00:00","dateModified":"2025-10-10T13:53:19+00:00","description":"Fale conosco: reservas, d\u00favidas ou informa\u00e7\u00e3o personalizada para sua estadia de luxo na Majestic Manu Mykonos.","breadcrumb":{"@id":"https:\/\/mmvilla.com\/pt-br\/manu-mykonos-villa-contato\/#breadcrumb"},"inLanguage":"pt-BR","potentialAction":[{"@type":"ReadAction","target":["https:\/\/mmvilla.com\/pt-br\/manu-mykonos-villa-contato\/"]}]},{"@type":"BreadcrumbList","@id":"https:\/\/mmvilla.com\/pt-br\/manu-mykonos-villa-contato\/#breadcrumb","itemListElement":[{"@type":"ListItem","position":1,"name":"Home","item":"https:\/\/mmvilla.com\/pt-br\/"},{"@type":"ListItem","position":2,"name":"MANU MYKONOS VILLA Contact"}]},{"@type":"WebSite","@id":"https:\/\/mmvilla.com\/#website","url":"https:\/\/mmvilla.com\/","name":"Manu Mykonos Villa","description":"Mykonos Luxury Living, Perfected by Majestic Manu","publisher":{"@id":"https:\/\/mmvilla.com\/#organization"},"alternateName":"MMVILLA","potentialAction":[{"@type":"SearchAction","target":{"@type":"EntryPoint","urlTemplate":"https:\/\/mmvilla.com\/?s={search_term_string}"},"query-input":{"@type":"PropertyValueSpecification","valueRequired":true,"valueName":"search_term_string"}}],"inLanguage":"pt-BR"},{"@type":"Organization","@id":"https:\/\/mmvilla.com\/#organization","name":"QB Villas","url":"https:\/\/mmvilla.com\/","logo":{"@type":"ImageObject","inLanguage":"pt-BR","@id":"https:\/\/mmvilla.com\/#\/schema\/logo\/image\/","url":"https:\/\/mmvilla.com\/wp-content\/uploads\/2018\/12\/QUALITY-BRAND-LOGO-KEM-QBVILLAS.png","contentUrl":"https:\/\/mmvilla.com\/wp-content\/uploads\/2018\/12\/QUALITY-BRAND-LOGO-KEM-QBVILLAS.png","width":487,"height":500,"caption":"QB Villas"},"image":{"@id":"https:\/\/mmvilla.com\/#\/schema\/logo\/image\/"},"sameAs":["https:\/\/www.facebook.com\/p\/Quality-Brand-Villas-100039678235957\/","https:\/\/www.instagram.com\/qualitybrandvillas\/","https:\/\/www.linkedin.com\/company\/quality-brand-villas"]}]}},"_links":{"self":[{"href":"https:\/\/mmvilla.com\/pt-br\/wp-json\/wp\/v2\/pages\/11532","targetHints":{"allow":["GET"]}}],"collection":[{"href":"https:\/\/mmvilla.com\/pt-br\/wp-json\/wp\/v2\/pages"}],"about":[{"href":"https:\/\/mmvilla.com\/pt-br\/wp-json\/wp\/v2\/types\/page"}],"author":[{"embeddable":true,"href":"https:\/\/mmvilla.com\/pt-br\/wp-json\/wp\/v2\/users\/2"}],"replies":[{"embeddable":true,"href":"https:\/\/mmvilla.com\/pt-br\/wp-json\/wp\/v2\/comments?post=11532"}],"version-history":[{"count":8,"href":"https:\/\/mmvilla.com\/pt-br\/wp-json\/wp\/v2\/pages\/11532\/revisions"}],"predecessor-version":[{"id":14884,"href":"https:\/\/mmvilla.com\/pt-br\/wp-json\/wp\/v2\/pages\/11532\/revisions\/14884"}],"wp:attachment":[{"href":"https:\/\/mmvilla.com\/pt-br\/wp-json\/wp\/v2\/media?parent=11532"}],"curies":[{"name":"wp","href":"https:\/\/api.w.org\/{rel}","templated":true}]}}