{"id":11879,"date":"2023-11-06T09:14:49","date_gmt":"2023-11-06T07:14:49","guid":{"rendered":"https:\/\/mmvilla.com\/manu-mykonos-villa-privacy-policy\/"},"modified":"2025-09-24T23:13:44","modified_gmt":"2025-09-24T20:13:44","slug":"manu-mykonos-villa-privacidade-politica","status":"publish","type":"page","link":"https:\/\/mmvilla.com\/pt-br\/manu-mykonos-villa-privacidade-politica\/","title":{"rendered":"MANU MYKONOS VILLA Privacy Policy"},"content":{"rendered":"<p>[vc_row][vc_column][vc_empty_space height=&#8221;124px&#8221;][\/vc_column][\/vc_row][vc_row][vc_column][vc_column_text]<\/p>\n<h3 data-start=\"0\" data-end=\"29\">Pol\u00edtica de Privacidade<\/h3>\n<h4 data-start=\"31\" data-end=\"77\">Informa\u00e7\u00f5es sobre nossa empresa e sites<\/h4>\n<p data-start=\"78\" data-end=\"446\">Este site <strong data-start=\"88\" data-end=\"107\"><a class=\"decorated-link\" href=\"http:\/\/www.mmvilla.com\" target=\"_new\" rel=\"noopener\" data-start=\"90\" data-end=\"105\">www.mmvilla.com<\/a><\/strong> \u00e9 de propriedade da <strong data-start=\"128\" data-end=\"150\">Luxury Resorts Ltd<\/strong>.<br data-start=\"151\" data-end=\"154\" \/>Esta Pol\u00edtica de Privacidade descreve as pr\u00e1ticas de prote\u00e7\u00e3o de dados, as op\u00e7\u00f5es que voc\u00ea tem em rela\u00e7\u00e3o \u00e0 coleta das suas informa\u00e7\u00f5es online, como elas s\u00e3o usadas e os direitos que voc\u00ea possui se o uso do site estiver sujeito ao <strong data-start=\"385\" data-end=\"443\">Regulamento Geral de Prote\u00e7\u00e3o de Dados (RGPD) 2016\/679<\/strong>.<\/p>\n<p data-start=\"448\" data-end=\"765\">Recomendamos que voc\u00ea leia atentamente esta Pol\u00edtica de Privacidade e a consulte periodicamente para estar ciente de eventuais atualiza\u00e7\u00f5es.<br data-start=\"588\" data-end=\"591\" \/>Podemos alterar esta pol\u00edtica a qualquer momento, publicando as novas condi\u00e7\u00f5es neste site. As altera\u00e7\u00f5es entrar\u00e3o em vigor na data indicada, salvo disposi\u00e7\u00e3o em contr\u00e1rio.<\/p>\n<hr data-start=\"767\" data-end=\"770\" \/>\n<h3 data-start=\"772\" data-end=\"827\">Sites abrangidos por esta Pol\u00edtica de Privacidade<\/h3>\n<p data-start=\"828\" data-end=\"1276\">Esta Pol\u00edtica se aplica a todos os sites e dom\u00ednios da nossa empresa, incluindo sites regionais ou espec\u00edficos de cada pa\u00eds (coletivamente, os \u00abSites\u00bb).<br data-start=\"980\" data-end=\"983\" \/>Nossos Sites podem conter links para sites de terceiros para sua conveni\u00eancia e informa\u00e7\u00e3o. Se voc\u00ea acessar esses links, sair\u00e1 dos nossos Sites.<br data-start=\"1127\" data-end=\"1130\" \/>N\u00e3o controlamos esses sites nem suas pr\u00e1ticas de privacidade e n\u00e3o somos respons\u00e1veis pelo conte\u00fado ou pelo uso de dados pessoais por terceiros.<\/p>\n<hr data-start=\"1278\" data-end=\"1281\" \/>\n<h3 data-start=\"1283\" data-end=\"1325\">Tipos de informa\u00e7\u00f5es coletadas e uso<\/h3>\n<p data-start=\"1326\" data-end=\"1469\">Por <strong data-start=\"1330\" data-end=\"1350\">\u00abdados pessoais\u00bb<\/strong> entende-se qualquer informa\u00e7\u00e3o que permita identificar uma pessoa.<br data-start=\"1417\" data-end=\"1420\" \/>Coletamos essas informa\u00e7\u00f5es de diversas formas:<\/p>\n<ul data-start=\"1470\" data-end=\"1791\">\n<li data-start=\"1470\" data-end=\"1553\">\n<p data-start=\"1472\" data-end=\"1553\">Durante o registro (nome, endere\u00e7o, telefone, e-mail, nome de usu\u00e1rio e senha).<\/p>\n<\/li>\n<li data-start=\"1554\" data-end=\"1678\">\n<p data-start=\"1556\" data-end=\"1678\">Ao fazer pedidos de produtos ou servi\u00e7os (dados de contato e informa\u00e7\u00f5es financeiras, como n\u00famero de cart\u00e3o de cr\u00e9dito).<\/p>\n<\/li>\n<li data-start=\"1679\" data-end=\"1791\">\n<p data-start=\"1681\" data-end=\"1791\">Por meio da coleta autom\u00e1tica de dados t\u00e9cnicos (tipo de navegador, endere\u00e7o IP, sistema operacional, etc.).<\/p>\n<\/li>\n<\/ul>\n<p data-start=\"1793\" data-end=\"1829\">Utilizamos essas informa\u00e7\u00f5es para:<\/p>\n<ul data-start=\"1830\" data-end=\"2127\">\n<li data-start=\"1830\" data-end=\"1881\">\n<p data-start=\"1832\" data-end=\"1881\">Gerenciar sua conta e fornecer nossos servi\u00e7os.<\/p>\n<\/li>\n<li data-start=\"1882\" data-end=\"1994\">\n<p data-start=\"1884\" data-end=\"1994\">Processar pedidos e pagamentos (os dados financeiros s\u00e3o usados apenas para cobran\u00e7a e preven\u00e7\u00e3o de fraude).<\/p>\n<\/li>\n<li data-start=\"1995\" data-end=\"2069\">\n<p data-start=\"1997\" data-end=\"2069\">Enviar ofertas ou informa\u00e7\u00f5es comerciais (mediante seu consentimento).<\/p>\n<\/li>\n<li data-start=\"2070\" data-end=\"2127\">\n<p data-start=\"2072\" data-end=\"2127\">Analisar o uso do site para melhorar nossos servi\u00e7os.<\/p>\n<\/li>\n<\/ul>\n<p data-start=\"2129\" data-end=\"2284\">Podemos ser obrigados a compartilhar dados pessoais para atender a exig\u00eancias legais (como ordens judiciais) ou para proteger nossos direitos e sistemas.<\/p>\n<hr data-start=\"2286\" data-end=\"2289\" \/>\n<h3 data-start=\"2291\" data-end=\"2309\">Comunica\u00e7\u00f5es<\/h3>\n<p data-start=\"2310\" data-end=\"2337\">Ap\u00f3s o registro, podemos:<\/p>\n<ul data-start=\"2338\" data-end=\"2649\">\n<li data-start=\"2338\" data-end=\"2374\">\n<p data-start=\"2340\" data-end=\"2374\">Enviar um e-mail de boas-vindas.<\/p>\n<\/li>\n<li data-start=\"2375\" data-end=\"2432\">\n<p data-start=\"2377\" data-end=\"2432\">Responder \u00e0s suas solicita\u00e7\u00f5es e gerenciar sua conta.<\/p>\n<\/li>\n<li data-start=\"2433\" data-end=\"2649\">\n<p data-start=\"2435\" data-end=\"2649\">Enviar informa\u00e7\u00f5es sobre produtos, servi\u00e7os, promo\u00e7\u00f5es ou boletins informativos (salvo se voc\u00ea se opuser).<br data-start=\"2541\" data-end=\"2544\" \/>Voc\u00ea pode cancelar a inscri\u00e7\u00e3o a qualquer momento seguindo as instru\u00e7\u00f5es inclu\u00eddas em cada comunica\u00e7\u00e3o.<\/p>\n<\/li>\n<\/ul>\n<hr data-start=\"2651\" data-end=\"2654\" \/>\n<h3 data-start=\"2656\" data-end=\"2725\">Compartilhamento de informa\u00e7\u00f5es e transfer\u00eancias internacionais<\/h3>\n<p data-start=\"2726\" data-end=\"3172\">Contamos com <strong data-start=\"2739\" data-end=\"2781\">fornecedores de servi\u00e7os terceirizados<\/strong> e <strong data-start=\"2784\" data-end=\"2806\">empresas afiliadas<\/strong> para oferecer nossos servi\u00e7os.<br data-start=\"2837\" data-end=\"2840\" \/>Seus dados podem ser transferidos para outros pa\u00edses (inclusive fora do EEE e Canad\u00e1, como os Estados Unidos) para fins de armazenamento, gest\u00e3o interna ou consolida\u00e7\u00e3o.<br data-start=\"3009\" data-end=\"3012\" \/>Exigimos que todos os destinat\u00e1rios protejam seus dados de acordo com altos padr\u00f5es de seguran\u00e7a, ainda que as informa\u00e7\u00f5es permane\u00e7am sujeitas \u00e0s leis locais.<\/p>\n<hr data-start=\"3174\" data-end=\"3177\" \/>\n<h3 data-start=\"3179\" data-end=\"3204\">Coment\u00e1rios e m\u00eddia<\/h3>\n<ul data-start=\"3205\" data-end=\"3620\">\n<li data-start=\"3205\" data-end=\"3344\">\n<p data-start=\"3207\" data-end=\"3344\">Se voc\u00ea deixar um coment\u00e1rio, coletaremos os dados do formul\u00e1rio, seu endere\u00e7o IP e as informa\u00e7\u00f5es do navegador para preven\u00e7\u00e3o de spam.<\/p>\n<\/li>\n<li data-start=\"3345\" data-end=\"3433\">\n<p data-start=\"3347\" data-end=\"3433\">Sua foto de perfil (se houver) ficar\u00e1 vis\u00edvel publicamente junto com seu coment\u00e1rio.<\/p>\n<\/li>\n<li data-start=\"3434\" data-end=\"3502\">\n<p data-start=\"3436\" data-end=\"3502\">Os coment\u00e1rios e seus metadados s\u00e3o armazenados indefinidamente.<\/p>\n<\/li>\n<li data-start=\"3503\" data-end=\"3620\">\n<p data-start=\"3505\" data-end=\"3620\">Evite enviar imagens com dados de localiza\u00e7\u00e3o (EXIF GPS), pois outros visitantes podem extrair essas informa\u00e7\u00f5es.<\/p>\n<\/li>\n<\/ul>\n<hr data-start=\"3622\" data-end=\"3625\" \/>\n<h3 data-start=\"3627\" data-end=\"3671\">Cookies e outros rastreadores digitais<\/h3>\n<p data-start=\"3672\" data-end=\"3724\">Utilizamos <strong data-start=\"3683\" data-end=\"3694\">cookies<\/strong> e outros rastreadores para:<\/p>\n<ul data-start=\"3725\" data-end=\"3884\">\n<li data-start=\"3725\" data-end=\"3777\">\n<p data-start=\"3727\" data-end=\"3777\">Identificar os usu\u00e1rios e facilitar a navega\u00e7\u00e3o.<\/p>\n<\/li>\n<li data-start=\"3778\" data-end=\"3856\">\n<p data-start=\"3780\" data-end=\"3856\">Memorizar prefer\u00eancias (por exemplo, dados de login e op\u00e7\u00f5es de exibi\u00e7\u00e3o).<\/p>\n<\/li>\n<li data-start=\"3857\" data-end=\"3884\">\n<p data-start=\"3859\" data-end=\"3884\">Analisar o uso do site.<\/p>\n<\/li>\n<\/ul>\n<p data-start=\"3886\" data-end=\"4019\">Voc\u00ea pode desativar os cookies nas configura\u00e7\u00f5es do seu navegador, mas algumas funcionalidades do site podem n\u00e3o estar dispon\u00edveis.<\/p>\n<hr data-start=\"4021\" data-end=\"4024\" \/>\n<h3 data-start=\"4026\" data-end=\"4068\">Conte\u00fado incorporado de outros sites<\/h3>\n<p data-start=\"4069\" data-end=\"4270\">Os artigos do site podem incluir conte\u00fado incorporado (v\u00eddeos, imagens, artigos etc.). Esses sites podem coletar dados, usar cookies e monitorar suas intera\u00e7\u00f5es como se voc\u00ea os visitasse diretamente.<\/p>\n<hr data-start=\"4272\" data-end=\"4275\" \/>\n<h3 data-start=\"4277\" data-end=\"4305\">Privacidade de menores<\/h3>\n<p data-start=\"4306\" data-end=\"4411\">N\u00e3o coletamos intencionalmente dados de <strong data-start=\"4346\" data-end=\"4368\">menores de 13 anos<\/strong> nem direcionamos nossos servi\u00e7os a eles.<\/p>\n<hr data-start=\"4413\" data-end=\"4416\" \/>\n<h3 data-start=\"4418\" data-end=\"4437\">Seus direitos<\/h3>\n<p data-start=\"4438\" data-end=\"4509\">De acordo com o RGPD e outras leis aplic\u00e1veis, voc\u00ea tem o direito de:<\/p>\n<ul data-start=\"4510\" data-end=\"4777\">\n<li data-start=\"4510\" data-end=\"4558\">\n<p data-start=\"4512\" data-end=\"4558\">Solicitar uma c\u00f3pia dos seus dados pessoais.<\/p>\n<\/li>\n<li data-start=\"4559\" data-end=\"4635\">\n<p data-start=\"4561\" data-end=\"4635\">Pedir a corre\u00e7\u00e3o, exclus\u00e3o ou limita\u00e7\u00e3o do processamento dos seus dados.<\/p>\n<\/li>\n<li data-start=\"4636\" data-end=\"4708\">\n<p data-start=\"4638\" data-end=\"4708\">Opor-se ao uso dos seus dados, especialmente para fins de marketing.<\/p>\n<\/li>\n<li data-start=\"4709\" data-end=\"4777\">\n<p data-start=\"4711\" data-end=\"4777\">Solicitar a portabilidade dos seus dados para outro controlador.<\/p>\n<\/li>\n<\/ul>\n<p data-start=\"4779\" data-end=\"5004\">Esses direitos podem ser limitados quando houver obriga\u00e7\u00f5es legais de reten\u00e7\u00e3o ou para proteger os direitos de terceiros.<br data-start=\"4900\" data-end=\"4903\" \/>Em caso de d\u00favidas ou reclama\u00e7\u00f5es, voc\u00ea pode contatar a autoridade de prote\u00e7\u00e3o de dados competente.<\/p>\n<hr data-start=\"5006\" data-end=\"5009\" \/>\n<h3 data-start=\"5011\" data-end=\"5036\">Seguran\u00e7a dos dados<\/h3>\n<p data-start=\"5037\" data-end=\"5347\">Aplicamos padr\u00f5es de seguran\u00e7a reconhecidos para proteger seus dados durante a transmiss\u00e3o (por exemplo, criptografia SSL) e durante o armazenamento.<br data-start=\"5186\" data-end=\"5189\" \/>Mantemos seus dados apenas pelo tempo necess\u00e1rio para fornecer os servi\u00e7os ou cumprir obriga\u00e7\u00f5es legais (por exemplo, 10 anos para informa\u00e7\u00f5es financeiras).<\/p>\n<hr data-start=\"5349\" data-end=\"5352\" \/>\n<h3 data-start=\"5354\" data-end=\"5381\">Transi\u00e7\u00f5es comerciais<\/h3>\n<p data-start=\"5382\" data-end=\"5497\">Em caso de fus\u00e3o, aquisi\u00e7\u00e3o ou venda de ativos, seus dados pessoais poder\u00e3o ser transferidos junto com a empresa.<\/p>\n<hr data-start=\"5499\" data-end=\"5502\" \/>\n<h3 data-start=\"5504\" data-end=\"5528\">Termos e condi\u00e7\u00f5es<\/h3>\n<p data-start=\"5529\" data-end=\"5720\">Toda visita aos nossos Sites est\u00e1 sujeita a esta Pol\u00edtica de Privacidade e \u00e0s nossas <strong data-start=\"5614\" data-end=\"5638\">Condi\u00e7\u00f5es de Reserva<\/strong>, que incluem limita\u00e7\u00f5es de responsabilidade e formas de resolu\u00e7\u00e3o de conflitos.<\/p>\n<hr data-start=\"5722\" data-end=\"5725\" \/>\n<h3 data-start=\"5727\" data-end=\"5740\">Contato<\/h3>\n<p data-start=\"5741\" data-end=\"5915\" data-is-last-node=\"\" data-is-only-node=\"\">Para qualquer d\u00favida relacionada aos seus dados pessoais, voc\u00ea pode entrar em contato conosco:<br data-start=\"5835\" data-end=\"5838\" \/><strong data-start=\"5838\" data-end=\"5860\">Luxury Resorts Ltd<\/strong><br data-start=\"5860\" data-end=\"5863\" \/><strong data-start=\"5866\" data-end=\"5889\"><a class=\"decorated-link cursor-pointer\" rel=\"noopener\" data-start=\"5868\" data-end=\"5887\">contact@mmvilla.com<\/a><\/strong><br data-start=\"5889\" data-end=\"5892\" \/><strong data-start=\"5895\" data-end=\"5913\">+30 2108986000<\/strong><\/p>\n<h3><span style=\"font-size: 16px;\">[\/vc_column_text][\/vc_column][\/vc_row][vc_row][vc_column][vc_empty_space height=&#8221;64px&#8221;][\/vc_column][\/vc_row]<\/span><\/h3>","protected":false},"excerpt":{"rendered":"<p>[vc_row][vc_column][vc_empty_space height=&#8221;124px&#8221;][\/vc_column][\/vc_row][vc_row][vc_column][vc_column_text] Pol\u00edtica de Privacidade Informa\u00e7\u00f5es sobre nossa empresa e sites Este site www.mmvilla.com \u00e9 de propriedade da Luxury Resorts Ltd.Esta Pol\u00edtica de Privacidade descreve as pr\u00e1ticas de prote\u00e7\u00e3o de dados, as op\u00e7\u00f5es que voc\u00ea tem em rela\u00e7\u00e3o \u00e0 coleta das suas informa\u00e7\u00f5es online, como elas s\u00e3o usadas e os direitos que voc\u00ea possui se[&#8230;] <a href=\"https:\/\/mmvilla.com\/pt-br\/manu-mykonos-villa-privacidade-politica\/\" class=\"more-link\">Continue reading<\/a><\/p>\n","protected":false},"author":6,"featured_media":0,"parent":0,"menu_order":0,"comment_status":"closed","ping_status":"closed","template":"","meta":{"footnotes":""},"class_list":["post-11879","page","type-page","status-publish","hentry"],"yoast_head":"<!-- This site is optimized with the Yoast SEO Premium plugin v23.5 (Yoast SEO v25.7) - https:\/\/yoast.com\/wordpress\/plugins\/seo\/ -->\n<title>Privacidade Manu Mykonos Villa \u2013 Pol\u00edtica<\/title>\n<meta name=\"description\" content=\"Privacidade Manu Mykonos Villa: saiba como coletamos, usamos &amp; protegemos seus dados segundo o RGPD. Cookies, direitos e seguran\u00e7a explicados.\" \/>\n<meta name=\"robots\" content=\"index, follow, max-snippet:-1, max-image-preview:large, max-video-preview:-1\" \/>\n<link rel=\"canonical\" href=\"https:\/\/mmvilla.com\/pt-br\/manu-mykonos-villa-privacidade-politica\/\" \/>\n<meta property=\"og:locale\" content=\"pt_BR\" \/>\n<meta property=\"og:type\" content=\"article\" \/>\n<meta property=\"og:title\" content=\"MANU MYKONOS VILLA Privacy Policy\" \/>\n<meta property=\"og:description\" content=\"Privacidade Manu Mykonos Villa: saiba como coletamos, usamos &amp; protegemos seus dados segundo o RGPD. Cookies, direitos e seguran\u00e7a explicados.\" \/>\n<meta property=\"og:url\" content=\"https:\/\/mmvilla.com\/pt-br\/manu-mykonos-villa-privacidade-politica\/\" \/>\n<meta property=\"og:site_name\" content=\"Majestic Manu Mykonos \u2013 Private Villa, Premium Suites &amp; More\" \/>\n<meta property=\"article:publisher\" content=\"https:\/\/www.facebook.com\/p\/Quality-Brand-Villas-100039678235957\/\" \/>\n<meta property=\"article:modified_time\" content=\"2025-09-24T20:13:44+00:00\" \/>\n<meta name=\"twitter:card\" content=\"summary_large_image\" \/>\n<meta name=\"twitter:label1\" content=\"Est. tempo de leitura\" \/>\n\t<meta name=\"twitter:data1\" content=\"4 minutos\" \/>\n<script type=\"application\/ld+json\" class=\"yoast-schema-graph\">{\"@context\":\"https:\/\/schema.org\",\"@graph\":[{\"@type\":\"WebPage\",\"@id\":\"https:\/\/mmvilla.com\/pt-br\/manu-mykonos-villa-privacidade-politica\/\",\"url\":\"https:\/\/mmvilla.com\/pt-br\/manu-mykonos-villa-privacidade-politica\/\",\"name\":\"Privacidade Manu Mykonos Villa \u2013 Pol\u00edtica\",\"isPartOf\":{\"@id\":\"https:\/\/mmvilla.com\/#website\"},\"datePublished\":\"2023-11-06T07:14:49+00:00\",\"dateModified\":\"2025-09-24T20:13:44+00:00\",\"description\":\"Privacidade Manu Mykonos Villa: saiba como coletamos, usamos & protegemos seus dados segundo o RGPD. Cookies, direitos e seguran\u00e7a explicados.\",\"breadcrumb\":{\"@id\":\"https:\/\/mmvilla.com\/pt-br\/manu-mykonos-villa-privacidade-politica\/#breadcrumb\"},\"inLanguage\":\"pt-BR\",\"potentialAction\":[{\"@type\":\"ReadAction\",\"target\":[\"https:\/\/mmvilla.com\/pt-br\/manu-mykonos-villa-privacidade-politica\/\"]}]},{\"@type\":\"BreadcrumbList\",\"@id\":\"https:\/\/mmvilla.com\/pt-br\/manu-mykonos-villa-privacidade-politica\/#breadcrumb\",\"itemListElement\":[{\"@type\":\"ListItem\",\"position\":1,\"name\":\"Home\",\"item\":\"https:\/\/mmvilla.com\/pt-br\/\"},{\"@type\":\"ListItem\",\"position\":2,\"name\":\"MANU MYKONOS VILLA Privacy Policy\"}]},{\"@type\":\"WebSite\",\"@id\":\"https:\/\/mmvilla.com\/#website\",\"url\":\"https:\/\/mmvilla.com\/\",\"name\":\"Manu Mykonos Villa\",\"description\":\"Mykonos Luxury Living, Perfected by Majestic Manu\",\"publisher\":{\"@id\":\"https:\/\/mmvilla.com\/#organization\"},\"alternateName\":\"MMVILLA\",\"potentialAction\":[{\"@type\":\"SearchAction\",\"target\":{\"@type\":\"EntryPoint\",\"urlTemplate\":\"https:\/\/mmvilla.com\/?s={search_term_string}\"},\"query-input\":{\"@type\":\"PropertyValueSpecification\",\"valueRequired\":true,\"valueName\":\"search_term_string\"}}],\"inLanguage\":\"pt-BR\"},{\"@type\":\"Organization\",\"@id\":\"https:\/\/mmvilla.com\/#organization\",\"name\":\"QB Villas\",\"url\":\"https:\/\/mmvilla.com\/\",\"logo\":{\"@type\":\"ImageObject\",\"inLanguage\":\"pt-BR\",\"@id\":\"https:\/\/mmvilla.com\/#\/schema\/logo\/image\/\",\"url\":\"https:\/\/mmvilla.com\/wp-content\/uploads\/2018\/12\/QUALITY-BRAND-LOGO-KEM-QBVILLAS.png\",\"contentUrl\":\"https:\/\/mmvilla.com\/wp-content\/uploads\/2018\/12\/QUALITY-BRAND-LOGO-KEM-QBVILLAS.png\",\"width\":487,\"height\":500,\"caption\":\"QB Villas\"},\"image\":{\"@id\":\"https:\/\/mmvilla.com\/#\/schema\/logo\/image\/\"},\"sameAs\":[\"https:\/\/www.facebook.com\/p\/Quality-Brand-Villas-100039678235957\/\",\"https:\/\/www.instagram.com\/qualitybrandvillas\/\",\"https:\/\/www.linkedin.com\/company\/quality-brand-villas\"]}]}<\/script>\n<!-- \/ Yoast SEO Premium plugin. -->","yoast_head_json":{"title":"Privacidade Manu Mykonos Villa \u2013 Pol\u00edtica","description":"Privacidade Manu Mykonos Villa: saiba como coletamos, usamos & protegemos seus dados segundo o RGPD. Cookies, direitos e seguran\u00e7a explicados.","robots":{"index":"index","follow":"follow","max-snippet":"max-snippet:-1","max-image-preview":"max-image-preview:large","max-video-preview":"max-video-preview:-1"},"canonical":"https:\/\/mmvilla.com\/pt-br\/manu-mykonos-villa-privacidade-politica\/","og_locale":"pt_BR","og_type":"article","og_title":"MANU MYKONOS VILLA Privacy Policy","og_description":"Privacidade Manu Mykonos Villa: saiba como coletamos, usamos & protegemos seus dados segundo o RGPD. Cookies, direitos e seguran\u00e7a explicados.","og_url":"https:\/\/mmvilla.com\/pt-br\/manu-mykonos-villa-privacidade-politica\/","og_site_name":"Majestic Manu Mykonos \u2013 Private Villa, Premium Suites &amp; More","article_publisher":"https:\/\/www.facebook.com\/p\/Quality-Brand-Villas-100039678235957\/","article_modified_time":"2025-09-24T20:13:44+00:00","twitter_card":"summary_large_image","twitter_misc":{"Est. tempo de leitura":"4 minutos"},"schema":{"@context":"https:\/\/schema.org","@graph":[{"@type":"WebPage","@id":"https:\/\/mmvilla.com\/pt-br\/manu-mykonos-villa-privacidade-politica\/","url":"https:\/\/mmvilla.com\/pt-br\/manu-mykonos-villa-privacidade-politica\/","name":"Privacidade Manu Mykonos Villa \u2013 Pol\u00edtica","isPartOf":{"@id":"https:\/\/mmvilla.com\/#website"},"datePublished":"2023-11-06T07:14:49+00:00","dateModified":"2025-09-24T20:13:44+00:00","description":"Privacidade Manu Mykonos Villa: saiba como coletamos, usamos & protegemos seus dados segundo o RGPD. Cookies, direitos e seguran\u00e7a explicados.","breadcrumb":{"@id":"https:\/\/mmvilla.com\/pt-br\/manu-mykonos-villa-privacidade-politica\/#breadcrumb"},"inLanguage":"pt-BR","potentialAction":[{"@type":"ReadAction","target":["https:\/\/mmvilla.com\/pt-br\/manu-mykonos-villa-privacidade-politica\/"]}]},{"@type":"BreadcrumbList","@id":"https:\/\/mmvilla.com\/pt-br\/manu-mykonos-villa-privacidade-politica\/#breadcrumb","itemListElement":[{"@type":"ListItem","position":1,"name":"Home","item":"https:\/\/mmvilla.com\/pt-br\/"},{"@type":"ListItem","position":2,"name":"MANU MYKONOS VILLA Privacy Policy"}]},{"@type":"WebSite","@id":"https:\/\/mmvilla.com\/#website","url":"https:\/\/mmvilla.com\/","name":"Manu Mykonos Villa","description":"Mykonos Luxury Living, Perfected by Majestic Manu","publisher":{"@id":"https:\/\/mmvilla.com\/#organization"},"alternateName":"MMVILLA","potentialAction":[{"@type":"SearchAction","target":{"@type":"EntryPoint","urlTemplate":"https:\/\/mmvilla.com\/?s={search_term_string}"},"query-input":{"@type":"PropertyValueSpecification","valueRequired":true,"valueName":"search_term_string"}}],"inLanguage":"pt-BR"},{"@type":"Organization","@id":"https:\/\/mmvilla.com\/#organization","name":"QB Villas","url":"https:\/\/mmvilla.com\/","logo":{"@type":"ImageObject","inLanguage":"pt-BR","@id":"https:\/\/mmvilla.com\/#\/schema\/logo\/image\/","url":"https:\/\/mmvilla.com\/wp-content\/uploads\/2018\/12\/QUALITY-BRAND-LOGO-KEM-QBVILLAS.png","contentUrl":"https:\/\/mmvilla.com\/wp-content\/uploads\/2018\/12\/QUALITY-BRAND-LOGO-KEM-QBVILLAS.png","width":487,"height":500,"caption":"QB Villas"},"image":{"@id":"https:\/\/mmvilla.com\/#\/schema\/logo\/image\/"},"sameAs":["https:\/\/www.facebook.com\/p\/Quality-Brand-Villas-100039678235957\/","https:\/\/www.instagram.com\/qualitybrandvillas\/","https:\/\/www.linkedin.com\/company\/quality-brand-villas"]}]}},"_links":{"self":[{"href":"https:\/\/mmvilla.com\/pt-br\/wp-json\/wp\/v2\/pages\/11879","targetHints":{"allow":["GET"]}}],"collection":[{"href":"https:\/\/mmvilla.com\/pt-br\/wp-json\/wp\/v2\/pages"}],"about":[{"href":"https:\/\/mmvilla.com\/pt-br\/wp-json\/wp\/v2\/types\/page"}],"author":[{"embeddable":true,"href":"https:\/\/mmvilla.com\/pt-br\/wp-json\/wp\/v2\/users\/6"}],"replies":[{"embeddable":true,"href":"https:\/\/mmvilla.com\/pt-br\/wp-json\/wp\/v2\/comments?post=11879"}],"version-history":[{"count":4,"href":"https:\/\/mmvilla.com\/pt-br\/wp-json\/wp\/v2\/pages\/11879\/revisions"}],"predecessor-version":[{"id":11914,"href":"https:\/\/mmvilla.com\/pt-br\/wp-json\/wp\/v2\/pages\/11879\/revisions\/11914"}],"wp:attachment":[{"href":"https:\/\/mmvilla.com\/pt-br\/wp-json\/wp\/v2\/media?parent=11879"}],"curies":[{"name":"wp","href":"https:\/\/api.w.org\/{rel}","templated":true}]}}